{"id":59982,"date":"2025-07-03T14:46:07","date_gmt":"2025-07-03T13:46:07","guid":{"rendered":"https:\/\/www.greenpeace.org\/belgium\/?page_id=59982"},"modified":"2026-02-17T17:45:44","modified_gmt":"2026-02-17T16:45:44","slug":"notre-travail-dinvestigation","status":"publish","type":"page","link":"https:\/\/www.greenpeace.org\/belgium\/fr\/campagnes\/notre-travail-dinvestigation\/","title":{"rendered":"Notre travail d\u2019investigation"},"content":{"rendered":"\n\n<div class=\"wp-block-group is-layout-flow wp-block-group-is-layout-flow\">\n\n<div class=\"wp-block-group alignfull is-layout-flow wp-block-group-is-layout-flow\">\n<div class=\"wp-block-group container is-layout-flow wp-block-group-is-layout-flow\">\n<div class=\"wp-block-media-text alignfull has-media-on-the-right is-stacked-on-mobile is-pattern-p4-page-header is-style-parallax\"><div class=\"wp-block-media-text__content\">\n<div class=\"wp-block-group is-layout-flow wp-block-group-is-layout-flow\">\n<h1 class=\"wp-block-heading\">Notre travail d\u2019investigation<\/h1>\n<\/div>\n\n\n\n<p style=\"font-size:1.25rem\">Notre mission : <mark style=\"background-color:#66cc00\" class=\"has-inline-color\">exposer au grand jour ce que les industries destructrices veulent nous cacher<\/mark>, sortir les squelettes du placard.<\/p>\n\n\n\n<div class=\"wp-block-buttons is-layout-flex wp-block-buttons-is-layout-flex\">\n<div class=\"wp-block-button is-style-cta\"><a class=\"wp-block-button__link wp-element-button\" href=\"https:\/\/donate.greenpeace.be\/soutenez-notre-travail-dinvestigation-greenpeace\/\">Soutenez-nous<\/a><\/div>\n<\/div>\n<\/div><figure class=\"wp-block-media-text__media\"><img loading=\"lazy\" decoding=\"async\" width=\"1024\" height=\"683\" src=\"https:\/\/www.greenpeace.org\/static\/planet4-belgium-stateless\/2025\/06\/ee5ef212-investigation-work-1024x683.jpg\" alt=\"Photo qui illustre notre travail d\u2019investigation en mer.\n\" sizes=\"auto, (min-width: 601px) 50vw, 100vw\" srcset=\"https:\/\/www.greenpeace.org\/static\/planet4-belgium-stateless\/2025\/06\/ee5ef212-investigation-work.jpg 1200w, https:\/\/www.greenpeace.org\/static\/planet4-belgium-stateless\/2025\/06\/ee5ef212-investigation-work-300x200.jpg 300w, https:\/\/www.greenpeace.org\/static\/planet4-belgium-stateless\/2025\/06\/ee5ef212-investigation-work-1024x683.jpg 1024w, https:\/\/www.greenpeace.org\/static\/planet4-belgium-stateless\/2025\/06\/ee5ef212-investigation-work-768x512.jpg 768w, https:\/\/www.greenpeace.org\/static\/planet4-belgium-stateless\/2025\/06\/ee5ef212-investigation-work-510x340.jpg 510w\" class=\"wp-image-59985 size-full\"\/><\/figure><\/div>\n<\/div>\n<\/div>\n\n\n\n\n<div style=\"height:38px\" aria-hidden=\"true\" class=\"wp-block-spacer\"><\/div>\n\n\n\n<figure class=\"wp-block-video\"><video autoplay controls loop muted src=\"https:\/\/www.greenpeace.org\/static\/planet4-belgium-stateless\/2025\/06\/6c99abee-le-travail-dinvestigation-des-expert\u00b7es-greenpeace.mp4\"><\/video><\/figure>\n\n\n\n<div style=\"height:64px\" aria-hidden=\"true\" class=\"wp-block-spacer\"><\/div>\n\n\n\n\n<div class=\"wp-block-media-text is-stacked-on-mobile\"><figure class=\"wp-block-media-text__media\"><img loading=\"lazy\" decoding=\"async\" width=\"1024\" height=\"683\" src=\"https:\/\/www.greenpeace.org\/static\/planet4-belgium-stateless\/2025\/06\/98c0dae5-investigation-2-1024x683.jpg\" alt=\"\" sizes=\"auto, (min-width: 1600px) calc((1320px - 24px) \/ 2),(min-width: 1200px) calc((1140px - 24px) \/ 2),(min-width: 992px) calc((960px - 24px) \/ 2),(min-width: 768px) calc((720px - 24px) \/ 2),(min-width: 601px) calc((540px - 24px) \/ 2),(min-width: 577px) calc((540px - 24px) \/ 1), calc(100vw - 24px)\" srcset=\"https:\/\/www.greenpeace.org\/static\/planet4-belgium-stateless\/2025\/06\/98c0dae5-investigation-2.jpg 1200w, https:\/\/www.greenpeace.org\/static\/planet4-belgium-stateless\/2025\/06\/98c0dae5-investigation-2-300x200.jpg 300w, https:\/\/www.greenpeace.org\/static\/planet4-belgium-stateless\/2025\/06\/98c0dae5-investigation-2-1024x683.jpg 1024w, https:\/\/www.greenpeace.org\/static\/planet4-belgium-stateless\/2025\/06\/98c0dae5-investigation-2-768x512.jpg 768w, https:\/\/www.greenpeace.org\/static\/planet4-belgium-stateless\/2025\/06\/98c0dae5-investigation-2-510x340.jpg 510w\" class=\"wp-image-59988 size-full\"\/><\/figure><div class=\"wp-block-media-text__content\">\n<h2 class=\"wp-block-heading\">Que faisons-nous ?<\/h2>\n\n\n\n<p>Les membres de la cellule Investigations chez Greenpeace forment une \u00e9quipe de <mark style=\"background-color:#66cc00\" class=\"has-inline-color\">lanceur\u00b7ses d\u2019alerte<\/mark>. Ils et elles gardent un \u0153il ouvert pour traquer les criminels du climat, tenir les entreprises responsables de leurs activit\u00e9s destructrices, exposer leurs r\u00e9seaux et confronter leurs complices. Ils et elles r\u00e9v\u00e8lent les march\u00e9s douteux et les pratiques non \u00e9thiques, et mettent au jour la mainmise des entreprises sur des domaines d\u2019int\u00e9r\u00eat commun qui nous concernent et nous affectent toutes et tous.<\/p>\n\n\n\n<div class=\"wp-block-buttons is-layout-flex wp-block-buttons-is-layout-flex\"><\/div>\n<\/div><\/div>\n\n\n\n\n\n<div class=\"wp-block-media-text has-media-on-the-right is-stacked-on-mobile\"><div class=\"wp-block-media-text__content\">\n<h2 class=\"wp-block-heading\">Les investigations dans nos campagnes<\/h2>\n\n\n\n<p>L\u2019\u00e9quipe Investigation travaille main dans la main avec les \u00e9quipes de campagne. Elle les <mark style=\"background-color:#66cc00\" class=\"has-inline-color\">informe<\/mark>, les <mark style=\"background-color:#66cc00\" class=\"has-inline-color\">guide<\/mark> et les <mark style=\"background-color:#66cc00\" class=\"has-inline-color\">nourrit<\/mark> en permanence avec des informations. Ce qu\u2019elle met \u00e0 jour, nos charg\u00e9\u00b7es de campagne le d\u00e9posent sur le bureau des responsables politiques, pour les forcer \u00e0 nous sortir des crises climatique et de biodiversit\u00e9 en s\u2019attaquant aux racines de celles-ci.&nbsp;<\/p>\n\n\n\n<div class=\"wp-block-buttons is-layout-flex wp-block-buttons-is-layout-flex\"><\/div>\n<\/div><figure class=\"wp-block-media-text__media\"><img loading=\"lazy\" decoding=\"async\" width=\"1024\" height=\"683\" src=\"https:\/\/www.greenpeace.org\/static\/planet4-belgium-stateless\/2025\/06\/e4aa9b1d-save-the-oceans-6-1024x683.jpg\" alt=\"\" sizes=\"auto, (min-width: 1600px) calc((1320px - 24px) \/ 2),(min-width: 1200px) calc((1140px - 24px) \/ 2),(min-width: 992px) calc((960px - 24px) \/ 2),(min-width: 768px) calc((720px - 24px) \/ 2),(min-width: 601px) calc((540px - 24px) \/ 2),(min-width: 577px) calc((540px - 24px) \/ 1), calc(100vw - 24px)\" srcset=\"https:\/\/www.greenpeace.org\/static\/planet4-belgium-stateless\/2025\/06\/e4aa9b1d-save-the-oceans-6-scaled.jpg 2560w, https:\/\/www.greenpeace.org\/static\/planet4-belgium-stateless\/2025\/06\/e4aa9b1d-save-the-oceans-6-300x200.jpg 300w, https:\/\/www.greenpeace.org\/static\/planet4-belgium-stateless\/2025\/06\/e4aa9b1d-save-the-oceans-6-1024x683.jpg 1024w, https:\/\/www.greenpeace.org\/static\/planet4-belgium-stateless\/2025\/06\/e4aa9b1d-save-the-oceans-6-768x512.jpg 768w, https:\/\/www.greenpeace.org\/static\/planet4-belgium-stateless\/2025\/06\/e4aa9b1d-save-the-oceans-6-1536x1025.jpg 1536w, https:\/\/www.greenpeace.org\/static\/planet4-belgium-stateless\/2025\/06\/e4aa9b1d-save-the-oceans-6-2048x1366.jpg 2048w, https:\/\/www.greenpeace.org\/static\/planet4-belgium-stateless\/2025\/06\/e4aa9b1d-save-the-oceans-6-510x340.jpg 510w\" class=\"wp-image-59998 size-full\"\/><\/figure><\/div>\n\n\n\n<div style=\"height:64px\" aria-hidden=\"true\" class=\"wp-block-spacer\"><\/div>\n\n<\/div>\n\n\n<div class=\"wp-block-planet4-blocks-carousel-header\"><div data-hydrate=\"planet4-blocks\/carousel-header\" data-attributes=\"{&quot;carousel_autoplay&quot;:true,&quot;slides&quot;:[{&quot;image&quot;:61107,&quot;focal_points&quot;:{&quot;x&quot;:0.44,&quot;y&quot;:0.17},&quot;header&quot;:&quot;The LNG Trap:&lt;br&gt;Europe\u2019s Fossil Gas Dependence on Russia&lt;br&gt;and the United States&quot;,&quot;description&quot;:&quot;D\u00e9couvrez notre travail d&#x27;investigation pour notre campagne contre les \u00e9nergies fossiles.&quot;,&quot;link_text&quot;:&quot;Acc\u00e9der au rapport&quot;,&quot;link_url&quot;:&quot;https:\/\/www.greenpeace.org\/belgium\/fr\/blog\/61198\/la-belgique-plaque-tournante-du-gaz-de-trump-et-poutine\/&quot;,&quot;link_url_new_tab&quot;:false,&quot;image_url&quot;:&quot;https:\/\/www.greenpeace.org\/static\/planet4-belgium-stateless\/2025\/09\/ba83b204-gp0stoy6a-scaled.jpg&quot;,&quot;image_srcset&quot;:&quot;https:\/\/www.greenpeace.org\/static\/planet4-belgium-stateless\/2025\/09\/ba83b204-gp0stoy6a-150x150.jpg 150w,https:\/\/www.greenpeace.org\/static\/planet4-belgium-stateless\/2025\/09\/ba83b204-gp0stoy6a-300x200.jpg 300w,https:\/\/www.greenpeace.org\/static\/planet4-belgium-stateless\/2025\/09\/ba83b204-gp0stoy6a-1024x683.jpg 1024w,https:\/\/www.greenpeace.org\/static\/planet4-belgium-stateless\/2025\/09\/ba83b204-gp0stoy6a-scaled.jpg 2560w&quot;},{&quot;image&quot;:61109,&quot;focal_points&quot;:{&quot;x&quot;:0.68,&quot;y&quot;:0.91},&quot;header&quot;:&quot;Exploitation des fonds marins : l&#x27;influence de la soci\u00e9t\u00e9 belge GSR&quot;,&quot;description&quot;:&quot;D\u00e9couvrir le travail d&#x27;investigation dans notre campagne oc\u00e9an&quot;,&quot;link_text&quot;:&quot;Acc\u00e9der \u00e0 l&#x27;enqu\u00eate&quot;,&quot;link_url&quot;:&quot;https:\/\/www.greenpeace.org\/belgium\/fr\/campagnes\/notre-travail-dinvestigation\/investigations-ocean\/&quot;,&quot;link_url_new_tab&quot;:false,&quot;image_url&quot;:&quot;https:\/\/www.greenpeace.org\/static\/planet4-belgium-stateless\/2025\/09\/b8b800b9-gp1sv1yy_pressmedia-2500px.jpg&quot;,&quot;image_srcset&quot;:&quot;https:\/\/www.greenpeace.org\/static\/planet4-belgium-stateless\/2025\/09\/b8b800b9-gp1sv1yy_pressmedia-2500px-150x150.jpg 150w,https:\/\/www.greenpeace.org\/static\/planet4-belgium-stateless\/2025\/09\/b8b800b9-gp1sv1yy_pressmedia-2500px-300x188.jpg 300w,https:\/\/www.greenpeace.org\/static\/planet4-belgium-stateless\/2025\/09\/b8b800b9-gp1sv1yy_pressmedia-2500px-1024x643.jpg 1024w,https:\/\/www.greenpeace.org\/static\/planet4-belgium-stateless\/2025\/09\/b8b800b9-gp1sv1yy_pressmedia-2500px.jpg 2500w&quot;}],&quot;currentImageIndex&quot;:1}\"><section class=\"block block-header alignfull carousel-header \"><div class=\"carousel-wrapper-header\"><div class=\"carousel-inner\" role=\"listbox\"><div class=\"carousel-item active\"><div class=\"carousel-item-mask\"><div class=\"background-holder\"><img decoding=\"async\" src=\"https:\/\/www.greenpeace.org\/static\/planet4-belgium-stateless\/2025\/09\/ba83b204-gp0stoy6a-scaled.jpg\" style=\"object-position:44% 17%\" srcSet=\"https:\/\/www.greenpeace.org\/static\/planet4-belgium-stateless\/2025\/09\/ba83b204-gp0stoy6a-150x150.jpg 150w,https:\/\/www.greenpeace.org\/static\/planet4-belgium-stateless\/2025\/09\/ba83b204-gp0stoy6a-300x200.jpg 300w,https:\/\/www.greenpeace.org\/static\/planet4-belgium-stateless\/2025\/09\/ba83b204-gp0stoy6a-1024x683.jpg 1024w,https:\/\/www.greenpeace.org\/static\/planet4-belgium-stateless\/2025\/09\/ba83b204-gp0stoy6a-scaled.jpg 2560w\"\/><\/div><div class=\"carousel-caption\"><div class=\"caption-overlay\"><\/div><div class=\"container main-header\"><div class=\"carousel-captions-wrapper\"><h2>The LNG Trap:Europe\u2019s Fossil Gas Dependence on Russiaand the United States<\/h2><p>D\u00e9couvrez notre travail d&rsquo;investigation pour notre campagne contre les \u00e9nergies fossiles.<\/p><\/div><div class=\"col-xs-12 col-sm-8 col-md-4 action-button\"><a href=\"https:\/\/www.greenpeace.org\/belgium\/fr\/blog\/61198\/la-belgique-plaque-tournante-du-gaz-de-trump-et-poutine\/\" class=\"btn btn-primary\" data-ga-category=\"Carousel Header\" data-ga-action=\"Call to Action\"><span>Acc\u00e9der au rapport<\/span><\/a><\/div><\/div><\/div><\/div><\/div><div class=\"carousel-item \"><div class=\"carousel-item-mask\"><div class=\"background-holder\"><img decoding=\"async\" src=\"https:\/\/www.greenpeace.org\/static\/planet4-belgium-stateless\/2025\/09\/ba83b204-gp0stoy6a-scaled.jpg\" style=\"object-position:44% 17%\" srcSet=\"https:\/\/www.greenpeace.org\/static\/planet4-belgium-stateless\/2025\/09\/ba83b204-gp0stoy6a-150x150.jpg 150w,https:\/\/www.greenpeace.org\/static\/planet4-belgium-stateless\/2025\/09\/ba83b204-gp0stoy6a-300x200.jpg 300w,https:\/\/www.greenpeace.org\/static\/planet4-belgium-stateless\/2025\/09\/ba83b204-gp0stoy6a-1024x683.jpg 1024w,https:\/\/www.greenpeace.org\/static\/planet4-belgium-stateless\/2025\/09\/ba83b204-gp0stoy6a-scaled.jpg 2560w\"\/><\/div><div class=\"carousel-caption\"><div class=\"caption-overlay\"><\/div><div class=\"container main-header\"><div class=\"carousel-captions-wrapper\"><h2>Exploitation des fonds marins : l&#x27;influence de la soci\u00e9t\u00e9 belge GSR<\/h2><p>D\u00e9couvrir le travail d&rsquo;investigation dans notre campagne oc\u00e9an<\/p><\/div><div class=\"col-xs-12 col-sm-8 col-md-4 action-button\"><a href=\"https:\/\/www.greenpeace.org\/belgium\/fr\/campagnes\/notre-travail-dinvestigation\/investigations-ocean\/\" class=\"btn btn-primary\" data-ga-category=\"Carousel Header\" data-ga-action=\"Call to Action\"><span>Acc\u00e9der \u00e0 l&#x27;enqu\u00eate<\/span><\/a><\/div><\/div><\/div><\/div><\/div><button class=\"carousel-control-prev\"><span class=\"carousel-control-prev-icon\" aria-hidden=\"true\"><i><\/i><\/span><span class=\"visually-hidden\">Previous<\/span><\/button><button class=\"carousel-control-next\"><span class=\"carousel-control-next-icon\" aria-hidden=\"true\"><i><\/i><\/span><span class=\"visually-hidden\">Next<\/span><\/button><div class=\"carousel-indicators-wrapper\"><div class=\"container\"><ol class=\"carousel-indicators\"><li class=\"active\" role=\"presentation\"><\/li><li class=\"\" role=\"presentation\"><\/li><\/ol><\/div><\/div><\/div><\/div><\/section><\/div><\/div>\n\n<div style=\"height:30px\" aria-hidden=\"true\" class=\"wp-block-spacer\"><\/div>\n\n<div class=\"wp-block-group is-layout-constrained wp-block-group-is-layout-constrained\">\n<section class=\"block accordion-block wp-block-planet4-blocks-accordion is-style-light\"><header><h2 class=\"page-section-header\">Nos \u00e9quipes, notre force!<\/h2><\/header><p class=\"page-section-description\">Nous sommes un r\u00e9seau international d\u2019investigateur\u00b7rices r\u00e9partis dans diff\u00e9rents bureaux \u00e0 travers le monde.<\/p><div class=\"accordion-content\"><div class=\"accordion-headline\" name=\"Organisation internationale\">Organisation internationale<\/div><div class=\"panel panel-hidden\"><p class=\"accordion-text\">Nous sommes organis\u00e9s \u00e0 l\u2019\u00e9chelle mondiale pour affronter les enjeux plan\u00e9taires et les industries destructrices pr\u00e9sentes sur tous les continents. Notre \u00e9quipe comprend des cartographes, des analystes de donn\u00e9es, des analystes financiers, des enqu\u00eateurs de terrain et des sp\u00e9cialistes de l\u2019Open Source Intelligence soit l\u2019information accessible \u00e0 tous\u00b7tes et non classifi\u00e9e.\u00a0<\/p><\/div><\/div><div class=\"accordion-content\"><div class=\"accordion-headline\" name=\"Notre unit\u00e9 scientifique\">Notre unit\u00e9 scientifique<\/div><div class=\"panel panel-hidden\"><p class=\"accordion-text\">Nous avons \u00e9galement une unit\u00e9 scientifique \u00e0 Exeter, au Royaume-Uni, <strong>\u00e0 la pointe de la recherche scientifique<\/strong> dans les domaines que nous traitons. Des \u00e9quipes technologiques nous fournissent des drones, des radios, des capteurs et d\u2019autres outils que nous pr\u00e9f\u00e9rons garder discrets. Nous avons acc\u00e8s aux meilleures bases de donn\u00e9es pour suivre les navires et les cargaisons, surveiller les importations, les exportations, les accords, les actifs, les acquisitions, les membres des conseils d\u2019administration, les actionnaires et tout ce que nos adversaires aimeraient garder cach\u00e9.<\/p><\/div><\/div><\/section>\n<\/div>\n\n<div style=\"height:30px\" aria-hidden=\"true\" class=\"wp-block-spacer\"><\/div>\n\n<h2 class=\"wp-block-heading\"><mark style=\"background-color:#66cc00\" class=\"has-inline-color\">Impossible d\u2019avoir acc\u00e8s \u00e0 l\u2019information sans investigation. Impossible de poursuivre nos investigations sans vos dons.<\/mark><\/h2>\n\n<p><\/p>\n\n<div class=\"wp-block-buttons is-layout-flex wp-block-buttons-is-layout-flex\">\n<div class=\"wp-block-button\"><a class=\"wp-block-button__link wp-element-button\" href=\"https:\/\/act.greenpeace.org\/page\/173519\/donate\/1?locale=fr-BE\">Je fais un don<\/a><\/div>\n<\/div>\n\n<div style=\"height:27px\" aria-hidden=\"true\" class=\"wp-block-spacer\"><\/div>\n","protected":false},"excerpt":{"rendered":"<p>Impossible d\u2019avoir acc\u00e8s \u00e0 l\u2019information sans investigation. Impossible de poursuivre nos investigations sans vos dons.<\/p>\n","protected":false},"author":109,"featured_media":59988,"parent":53854,"menu_order":0,"comment_status":"closed","ping_status":"closed","template":"","meta":{"ep_exclude_from_search":false,"p4_hide_page_title_checkbox":"on","p4_title":"","p4_subtitle":"","p4_description":"","background_image_id":"","background_image":"","p4_button_title":"","p4_button_link":"","p4_button_link_checkbox":"","p4_og_title":"Notre travail d\u2019investigation","p4_og_description":"Notre mission : exposer au grand jour ce que les industries destructrices veulent nous cacher, sortir les squelettes du placard.","p4_og_image":"","p4_og_image_id":"","p4_seo_canonical_url":"","p4_campaign_name":"","p4_local_project":"","p4_basket_name":"","p4_department":"","footnotes":""},"categories":[168],"tags":[],"class_list":["post-59982","page","type-page","status-publish","has-post-thumbnail","hentry","category-campagnes"],"_links":{"self":[{"href":"https:\/\/www.greenpeace.org\/belgium\/fr\/wp-json\/wp\/v2\/pages\/59982","targetHints":{"allow":["GET"]}}],"collection":[{"href":"https:\/\/www.greenpeace.org\/belgium\/fr\/wp-json\/wp\/v2\/pages"}],"about":[{"href":"https:\/\/www.greenpeace.org\/belgium\/fr\/wp-json\/wp\/v2\/types\/page"}],"author":[{"embeddable":true,"href":"https:\/\/www.greenpeace.org\/belgium\/fr\/wp-json\/wp\/v2\/users\/109"}],"replies":[{"embeddable":true,"href":"https:\/\/www.greenpeace.org\/belgium\/fr\/wp-json\/wp\/v2\/comments?post=59982"}],"version-history":[{"count":19,"href":"https:\/\/www.greenpeace.org\/belgium\/fr\/wp-json\/wp\/v2\/pages\/59982\/revisions"}],"predecessor-version":[{"id":62033,"href":"https:\/\/www.greenpeace.org\/belgium\/fr\/wp-json\/wp\/v2\/pages\/59982\/revisions\/62033"}],"up":[{"embeddable":true,"href":"https:\/\/www.greenpeace.org\/belgium\/fr\/wp-json\/wp\/v2\/pages\/53854"}],"wp:featuredmedia":[{"embeddable":true,"href":"https:\/\/www.greenpeace.org\/belgium\/fr\/wp-json\/wp\/v2\/media\/59988"}],"wp:attachment":[{"href":"https:\/\/www.greenpeace.org\/belgium\/fr\/wp-json\/wp\/v2\/media?parent=59982"}],"wp:term":[{"taxonomy":"category","embeddable":true,"href":"https:\/\/www.greenpeace.org\/belgium\/fr\/wp-json\/wp\/v2\/categories?post=59982"},{"taxonomy":"post_tag","embeddable":true,"href":"https:\/\/www.greenpeace.org\/belgium\/fr\/wp-json\/wp\/v2\/tags?post=59982"}],"curies":[{"name":"wp","href":"https:\/\/api.w.org\/{rel}","templated":true}]}}