{"id":61103,"date":"2025-09-30T08:41:04","date_gmt":"2025-09-30T07:41:04","guid":{"rendered":"https:\/\/www.greenpeace.org\/belgium\/?page_id=61103"},"modified":"2025-09-30T09:35:31","modified_gmt":"2025-09-30T08:35:31","slug":"investigations-ocean","status":"publish","type":"page","link":"https:\/\/www.greenpeace.org\/belgium\/fr\/campagnes\/notre-travail-dinvestigation\/investigations-ocean\/","title":{"rendered":"Investigations &#8211; ocean"},"content":{"rendered":"\n<div class=\"wp-block-group is-layout-constrained wp-block-group-is-layout-constrained\">\n<div style=\"height:23px\" aria-hidden=\"true\" class=\"wp-block-spacer\"><\/div>\n\n\n\n<h2 class=\"wp-block-heading alignfull has-text-align-left\" style=\"margin-right:var(--wp--preset--spacing--80);margin-left:var(--wp--preset--spacing--80)\"><mark style=\"background-color:rgba(0, 0, 0, 0)\" class=\"has-inline-color has-grey-900-color\">Le travail d\u2019investigation dans notre campagne Oc\u00e9an<\/mark><\/h2>\n\n\n\n<div style=\"height:23px\" aria-hidden=\"true\" class=\"wp-block-spacer\"><\/div>\n\n\n\n<p><mark style=\"background-color:rgba(0, 0, 0, 0)\" class=\"has-inline-color has-grey-900-color\">Notre travail se concentre actuellement sur notre campagne contre l\u2019exploitation mini\u00e8re en eaux profondes. <\/mark><mark style=\"background-color:#66cc00\" class=\"has-inline-color has-grey-900-color\">Notre objectif : faire en sorte que la Belgique assume pleinement son r\u00f4le de leader en mati\u00e8re de protection des oc\u00e9ans<\/mark><mark style=\"background-color:rgba(0, 0, 0, 0)\" class=\"has-inline-color has-grey-900-color\">. Nous veillons en particulier \u00e0 ce que notre pays ne se laisse pas influencer par la soci\u00e9t\u00e9 belge GSR. Cette entreprise, officiellement parrain\u00e9e par la Belgique, et une pionni\u00e8re dans l&rsquo;industrie d&rsquo;exploitation des fonds marins, qui consiste \u00e0 extraire des minerais du fond des oc\u00e9ans, avec des impacts colossaux et d\u00e9sastreux sur l&rsquo;environnement. GSR pousse \u00e0 l&rsquo;adoption la plus rapide possible d&rsquo;un nouveau r\u00e8glement international, le &lsquo;code minier&rsquo;, qui lui permette de lancer ces activit\u00e9s, toujours en phase d&rsquo;essai aujourd&rsquo;hui.<\/mark><\/p>\n\n\n\n<p><strong>Voici ce que nous avons fait ces derniers mois<\/strong>:<\/p>\n\n\n\n<figure class=\"wp-block-image aligncenter size-large\"><a href=\"https:\/\/www.greenpeace.org\/belgium\/fr\/blog\/60352\/une-societe-belge-sapprete-a-devaliser-les-oceans-partie-1\/\"><img loading=\"lazy\" decoding=\"async\" width=\"546\" height=\"1024\" src=\"https:\/\/www.greenpeace.org\/static\/planet4-belgium-stateless\/2025\/07\/f7c5de67-timing-dsm-investigation-546x1024.png\" title=\"Ligne du temps repr\u00e9sentant le travail d&#039;investigation pour notre campagne oc\u00e9an entre 2024 et 2025\" alt=\"Ligne du temps repr\u00e9sentant le travail d'investigation pour notre campagne oc\u00e9an entre 2024 et 2025\" class=\"wp-image-60457\" srcset=\"https:\/\/www.greenpeace.org\/static\/planet4-belgium-stateless\/2025\/07\/f7c5de67-timing-dsm-investigation-546x1024.png 546w, https:\/\/www.greenpeace.org\/static\/planet4-belgium-stateless\/2025\/07\/f7c5de67-timing-dsm-investigation-160x300.png 160w, https:\/\/www.greenpeace.org\/static\/planet4-belgium-stateless\/2025\/07\/f7c5de67-timing-dsm-investigation-181x340.png 181w, https:\/\/www.greenpeace.org\/static\/planet4-belgium-stateless\/2025\/07\/f7c5de67-timing-dsm-investigation.png 716w\" sizes=\"auto, (max-width: 546px) 100vw, 546px\" \/><\/a><\/figure>\n\n\n\n<div class=\"wp-block-cover is-light\"><span aria-hidden=\"true\" class=\"wp-block-cover__background has-white-background-color has-background-dim-30 has-background-dim\"><\/span><div class=\"wp-block-cover__inner-container is-layout-flow wp-block-cover-is-layout-flow\">\n<h2 class=\"wp-block-heading\">Pourquoi tous les pays s\u2019arrachent le fond des oc\u00e9ans ?<\/h2>\n\n\n\n<figure class=\"wp-block-embed is-type-video is-provider-youtube wp-block-embed-youtube wp-embed-aspect-16-9 wp-has-aspect-ratio\"><div class=\"wp-block-embed__wrapper\">\n<iframe loading=\"lazy\" title=\"La guerre des fonds marins expliqu\u00e9e | LIMIT #enquete\" width=\"500\" height=\"281\" src=\"https:\/\/www.youtube.com\/embed\/Lh31iPiA__Y?feature=oembed\" frameborder=\"0\" allow=\"accelerometer; autoplay; clipboard-write; encrypted-media; gyroscope; picture-in-picture; web-share\" referrerpolicy=\"strict-origin-when-cross-origin\" allowfullscreen><\/iframe>\n<\/div><\/figure>\n<\/div><\/div>\n\n\n\n<div class=\"wp-block-query posts-list p4-query-loop is-custom-layout-list is-layout-flow wp-block-query-is-layout-flow\">\n<div class=\"wp-block-group is-content-justification-space-between is-layout-flex wp-container-core-group-is-layout-3d213aab wp-block-group-is-layout-flex\">\n<h2 class=\"wp-block-heading\"><mark style=\"background-color:rgba(0, 0, 0, 0)\" class=\"has-inline-color has-grey-900-color\">En savoir plus sur notre travail d&rsquo;investigations dans la campagne Oc\u00e9an<\/mark><\/h2>\n<\/div>\n\n\n\n<p class=\"has-small-font-size\" style=\"margin-top:24px;margin-bottom:36px\"><\/p>\n\n\n<ul class=\"wp-block-post-template is-layout-flow wp-block-post-template-is-layout-flow\"><li class=\"wp-block-post post-60352 post type-post status-publish format-standard has-post-thumbnail hentry category-actualites p4-page-type-actualites-blog\">\n\n<div class=\"wp-block-columns is-layout-flex wp-container-core-columns-is-layout-9d6595d7 wp-block-columns-is-layout-flex\"><figure class=\"wp-block-post-featured-image\"><a href=\"https:\/\/www.greenpeace.org\/belgium\/fr\/actualites-blog\/60352\/une-societe-belge-sapprete-a-devaliser-les-oceans-partie-1\/\" target=\"_self\"  ><img loading=\"lazy\" decoding=\"async\" width=\"1200\" height=\"695\" src=\"https:\/\/www.greenpeace.org\/static\/planet4-belgium-stateless\/2025\/06\/2ef1bfb3-gp04pw5_medium-res-1200px.jpg\" class=\"attachment-post-thumbnail size-post-thumbnail wp-post-image wp-stateless-item\" alt=\"Une soci\u00e9t\u00e9 belge s\u2019appr\u00eate \u00e0 d\u00e9valiser les oc\u00e9ans (partie 1)\" style=\"object-fit:cover;\" srcset=\"https:\/\/www.greenpeace.org\/static\/planet4-belgium-stateless\/2025\/06\/2ef1bfb3-gp04pw5_medium-res-1200px.jpg 1200w, https:\/\/www.greenpeace.org\/static\/planet4-belgium-stateless\/2025\/06\/2ef1bfb3-gp04pw5_medium-res-1200px-300x174.jpg 300w, https:\/\/www.greenpeace.org\/static\/planet4-belgium-stateless\/2025\/06\/2ef1bfb3-gp04pw5_medium-res-1200px-1024x593.jpg 1024w, https:\/\/www.greenpeace.org\/static\/planet4-belgium-stateless\/2025\/06\/2ef1bfb3-gp04pw5_medium-res-1200px-768x445.jpg 768w, https:\/\/www.greenpeace.org\/static\/planet4-belgium-stateless\/2025\/06\/2ef1bfb3-gp04pw5_medium-res-1200px-510x295.jpg 510w\" sizes=\"auto, (max-width: 1200px) 100vw, 1200px\" data-image-size=\"post-thumbnail\" data-stateless-media-bucket=\"planet4-belgium-stateless\" data-stateless-media-name=\"2025\/06\/2ef1bfb3-gp04pw5_medium-res-1200px.jpg\" \/><\/a><\/figure>\n\n\n<div class=\"wp-block-group is-layout-flow wp-block-group-is-layout-flow\">\n<div class=\"wp-block-group is-layout-flex wp-block-group-is-layout-flex\"><div class=\"wp-block-post-terms\"><a href=\"https:\/\/www.greenpeace.org\/belgium\/fr\/category\/a-la-une\/actualites\/\">Actualit\u00e9s<\/a><\/div>\n\n<\/div>\n\n\n<h3 class=\"wp-block-post-title\"><a href=\"https:\/\/www.greenpeace.org\/belgium\/fr\/actualites-blog\/60352\/une-societe-belge-sapprete-a-devaliser-les-oceans-partie-1\/\" target=\"_self\" >Une soci\u00e9t\u00e9 belge s\u2019appr\u00eate \u00e0 d\u00e9valiser les oc\u00e9ans (partie 1)<\/a><\/h3>\n\n<div class=\"wp-block-post-excerpt\"><p class=\"wp-block-post-excerpt__excerpt\">Qu\u2019est-ce que l\u2019exploitation mini\u00e8re en eaux profondes ? Quel est le rapport entre la Belgique et une partie de l\u2019oc\u00e9an Pacifique ? Quels sont les enjeux ? Plongez en plein coeur de ce sujet, dans notre premier article d\u2019investigation sur l\u2019exploitation mini\u00e8re en eaux profondes. <\/p><\/div>\n\n\n<div class=\"wp-block-group posts-list-meta is-layout-flow wp-block-group-is-layout-flow\"><span class='article-list-item-author'>Greenpeace Belgium<\/span>\n\n<div class=\"wp-block-post-date\"><time datetime=\"2025-07-03T14:18:10+01:00\">3 juillet 2025<\/time><\/div><\/div>\n<\/div>\n<\/div>\n\n<\/li><li class=\"wp-block-post post-60523 post type-post status-publish format-standard has-post-thumbnail hentry category-actualites tag-investigation p4-page-type-actualites-blog\">\n\n<div class=\"wp-block-columns is-layout-flex wp-container-core-columns-is-layout-9d6595d7 wp-block-columns-is-layout-flex\"><figure class=\"wp-block-post-featured-image\"><a href=\"https:\/\/www.greenpeace.org\/belgium\/fr\/actualites-blog\/60523\/une-societe-belge-sapprete-a-devaliser-les-oceans-2e-partie\/\" target=\"_self\"  ><img loading=\"lazy\" decoding=\"async\" width=\"800\" height=\"533\" src=\"https:\/\/www.greenpeace.org\/static\/planet4-belgium-stateless\/2023\/12\/7b290f2c-gp0stwmhd_low_res.jpg\" class=\"attachment-post-thumbnail size-post-thumbnail wp-post-image wp-stateless-item\" alt=\"Une soci\u00e9t\u00e9 belge s\u2019appr\u00eate \u00e0 d\u00e9valiser les oc\u00e9ans \u2013 2e partie\" style=\"object-fit:cover;\" srcset=\"https:\/\/www.greenpeace.org\/static\/planet4-belgium-stateless\/2023\/12\/7b290f2c-gp0stwmhd_low_res.jpg 800w, https:\/\/www.greenpeace.org\/static\/planet4-belgium-stateless\/2023\/12\/7b290f2c-gp0stwmhd_low_res-300x200.jpg 300w, https:\/\/www.greenpeace.org\/static\/planet4-belgium-stateless\/2023\/12\/7b290f2c-gp0stwmhd_low_res-768x512.jpg 768w, https:\/\/www.greenpeace.org\/static\/planet4-belgium-stateless\/2023\/12\/7b290f2c-gp0stwmhd_low_res-510x340.jpg 510w\" sizes=\"auto, (max-width: 800px) 100vw, 800px\" data-image-size=\"post-thumbnail\" data-stateless-media-bucket=\"planet4-belgium-stateless\" data-stateless-media-name=\"2023\/12\/7b290f2c-gp0stwmhd_low_res.jpg\" \/><\/a><\/figure>\n\n\n<div class=\"wp-block-group is-layout-flow wp-block-group-is-layout-flow\">\n<div class=\"wp-block-group is-layout-flex wp-block-group-is-layout-flex\"><div class=\"wp-block-post-terms\"><a href=\"https:\/\/www.greenpeace.org\/belgium\/fr\/category\/a-la-une\/actualites\/\">Actualit\u00e9s<\/a><\/div>\n\n<div class=\"taxonomy-post_tag wp-block-post-terms\"><a href=\"https:\/\/www.greenpeace.org\/belgium\/fr\/tag\/investigation\/\" rel=\"tag\">Investigation<\/a><\/div><\/div>\n\n\n<h3 class=\"wp-block-post-title\"><a href=\"https:\/\/www.greenpeace.org\/belgium\/fr\/actualites-blog\/60523\/une-societe-belge-sapprete-a-devaliser-les-oceans-2e-partie\/\" target=\"_self\" >Une soci\u00e9t\u00e9 belge s\u2019appr\u00eate \u00e0 d\u00e9valiser les oc\u00e9ans \u2013 2e partie<\/a><\/h3>\n\n<div class=\"wp-block-post-excerpt\"><p class=\"wp-block-post-excerpt__excerpt\">Comment influencer une r\u00e9union des Nations Unies et donner le feu vert au grand pillage des oc\u00e9ans. <\/p><\/div>\n\n\n<div class=\"wp-block-group posts-list-meta is-layout-flow wp-block-group-is-layout-flow\"><span class='article-list-item-author'>C\u00e9line Pr\u00e9aux<\/span>\n\n<div class=\"wp-block-post-date\"><time datetime=\"2025-07-11T14:52:19+01:00\">11 juillet 2025<\/time><\/div><\/div>\n<\/div>\n<\/div>\n\n<\/li><li class=\"wp-block-post post-60766 post type-post status-publish format-standard has-post-thumbnail hentry category-actualites tag-investigation p4-page-type-actualites-blog\">\n\n<div class=\"wp-block-columns is-layout-flex wp-container-core-columns-is-layout-9d6595d7 wp-block-columns-is-layout-flex\"><figure class=\"wp-block-post-featured-image\"><a href=\"https:\/\/www.greenpeace.org\/belgium\/fr\/actualites-blog\/60766\/lexploitation-miniere-en-eaux-profondes-nouveau-far-west-des-industriels\/\" target=\"_self\"  ><img loading=\"lazy\" decoding=\"async\" width=\"800\" height=\"528\" src=\"https:\/\/www.greenpeace.org\/static\/planet4-belgium-stateless\/2025\/07\/86f05c89-gp0stutf8_low-res-800px.jpg\" class=\"attachment-post-thumbnail size-post-thumbnail wp-post-image wp-stateless-item\" alt=\"L\u2019exploitation mini\u00e8re en eaux profondes\u00a0: nouveau Far West des industriels\" style=\"object-fit:cover;\" srcset=\"https:\/\/www.greenpeace.org\/static\/planet4-belgium-stateless\/2025\/07\/86f05c89-gp0stutf8_low-res-800px.jpg 800w, https:\/\/www.greenpeace.org\/static\/planet4-belgium-stateless\/2025\/07\/86f05c89-gp0stutf8_low-res-800px-300x198.jpg 300w, https:\/\/www.greenpeace.org\/static\/planet4-belgium-stateless\/2025\/07\/86f05c89-gp0stutf8_low-res-800px-768x507.jpg 768w, https:\/\/www.greenpeace.org\/static\/planet4-belgium-stateless\/2025\/07\/86f05c89-gp0stutf8_low-res-800px-510x337.jpg 510w\" sizes=\"auto, (max-width: 800px) 100vw, 800px\" data-image-size=\"post-thumbnail\" data-stateless-media-bucket=\"planet4-belgium-stateless\" data-stateless-media-name=\"2025\/07\/86f05c89-gp0stutf8_low-res-800px.jpg\" \/><\/a><\/figure>\n\n\n<div class=\"wp-block-group is-layout-flow wp-block-group-is-layout-flow\">\n<div class=\"wp-block-group is-layout-flex wp-block-group-is-layout-flex\"><div class=\"wp-block-post-terms\"><a href=\"https:\/\/www.greenpeace.org\/belgium\/fr\/category\/a-la-une\/actualites\/\">Actualit\u00e9s<\/a><\/div>\n\n<div class=\"taxonomy-post_tag wp-block-post-terms\"><a href=\"https:\/\/www.greenpeace.org\/belgium\/fr\/tag\/investigation\/\" rel=\"tag\">Investigation<\/a><\/div><\/div>\n\n\n<h3 class=\"wp-block-post-title\"><a href=\"https:\/\/www.greenpeace.org\/belgium\/fr\/actualites-blog\/60766\/lexploitation-miniere-en-eaux-profondes-nouveau-far-west-des-industriels\/\" target=\"_self\" >L\u2019exploitation mini\u00e8re en eaux profondes\u00a0: nouveau Far West des industriels<\/a><\/h3>\n\n<div class=\"wp-block-post-excerpt\"><p class=\"wp-block-post-excerpt__excerpt\">C\u2019est le dernier jour des n\u00e9gociations \u00e0 l\u2019Autorit\u00e9 internationale des fonds marins (ISA) \u00e0 Kingston, en Jama\u00efque. Dehors, le soleil brille sur les plages de sable blanc et le bleu azur de la mer. Mais \u00e0 l\u2019int\u00e9rieur, la r\u00e9alit\u00e9 de de ce sommet est tout autre\u00a0: fatigue, tension et silence assourdissant entre les d\u00e9clarations solennelles&hellip; <\/p><\/div>\n\n\n<div class=\"wp-block-group posts-list-meta is-layout-flow wp-block-group-is-layout-flow\"><span class='article-list-item-author'>Greenpeace Belgium<\/span>\n\n<div class=\"wp-block-post-date\"><time datetime=\"2025-07-29T15:24:58+01:00\">29 juillet 2025<\/time><\/div><\/div>\n<\/div>\n<\/div>\n\n<\/li><\/ul>\n\n\n<div class=\"wp-block-buttons carousel-controls is-horizontal is-content-justification-space-between is-nowrap is-layout-flex wp-container-core-buttons-is-layout-044bd602 wp-block-buttons-is-layout-flex\">\n<div class=\"wp-block-button carousel-control-prev\"><button type=\"button\" class=\"wp-block-button__link wp-element-button\">Prev<\/button><\/div>\n\n\n\n<div class=\"wp-block-button carousel-control-next\"><button type=\"button\" class=\"wp-block-button__link wp-element-button\">Next<\/button><\/div>\n<\/div>\n<\/div>\n<\/div>\n\n<div style=\"height:27px\" aria-hidden=\"true\" class=\"wp-block-spacer\"><\/div>\n<div data-render=\"planet4-blocks\/happypoint\" data-attributes=\"{&quot;attributes&quot;:{&quot;override_default_content&quot;:true,&quot;opacity&quot;:30,&quot;local_content_provider&quot;:&quot;none&quot;}}\"><\/div>","protected":false},"excerpt":{"rendered":"<p>Le travail d\u2019investigation dans notre campagne Oc\u00e9an Notre travail se concentre actuellement sur notre campagne contre l\u2019exploitation mini\u00e8re en eaux profondes. Notre objectif : faire en sorte que la Belgique assume pleinement son r\u00f4le de leader en mati\u00e8re de protection des oc\u00e9ans. Nous veillons en particulier \u00e0 ce que notre pays ne se laisse pas [&hellip;]<\/p>\n","protected":false},"author":111,"featured_media":60457,"parent":59982,"menu_order":0,"comment_status":"closed","ping_status":"closed","template":"","meta":{"ep_exclude_from_search":false,"p4_hide_page_title_checkbox":"on","p4_title":"","p4_subtitle":"","p4_description":"","background_image_id":"","background_image":"","p4_button_title":"","p4_button_link":"","p4_button_link_checkbox":"","p4_og_title":"Notre travail d\u2019investigation","p4_og_description":"Notre mission : exposer au grand jour ce que les industries destructrices veulent nous cacher, sortir les squelettes du placard.","p4_og_image":"","p4_og_image_id":"","p4_seo_canonical_url":"","p4_campaign_name":"","p4_local_project":"","p4_basket_name":"","p4_department":"","footnotes":""},"categories":[168],"tags":[],"class_list":["post-61103","page","type-page","status-publish","has-post-thumbnail","hentry","category-campagnes"],"_links":{"self":[{"href":"https:\/\/www.greenpeace.org\/belgium\/fr\/wp-json\/wp\/v2\/pages\/61103","targetHints":{"allow":["GET"]}}],"collection":[{"href":"https:\/\/www.greenpeace.org\/belgium\/fr\/wp-json\/wp\/v2\/pages"}],"about":[{"href":"https:\/\/www.greenpeace.org\/belgium\/fr\/wp-json\/wp\/v2\/types\/page"}],"author":[{"embeddable":true,"href":"https:\/\/www.greenpeace.org\/belgium\/fr\/wp-json\/wp\/v2\/users\/111"}],"replies":[{"embeddable":true,"href":"https:\/\/www.greenpeace.org\/belgium\/fr\/wp-json\/wp\/v2\/comments?post=61103"}],"version-history":[{"count":9,"href":"https:\/\/www.greenpeace.org\/belgium\/fr\/wp-json\/wp\/v2\/pages\/61103\/revisions"}],"predecessor-version":[{"id":61242,"href":"https:\/\/www.greenpeace.org\/belgium\/fr\/wp-json\/wp\/v2\/pages\/61103\/revisions\/61242"}],"up":[{"embeddable":true,"href":"https:\/\/www.greenpeace.org\/belgium\/fr\/wp-json\/wp\/v2\/pages\/59982"}],"wp:featuredmedia":[{"embeddable":true,"href":"https:\/\/www.greenpeace.org\/belgium\/fr\/wp-json\/wp\/v2\/media\/60457"}],"wp:attachment":[{"href":"https:\/\/www.greenpeace.org\/belgium\/fr\/wp-json\/wp\/v2\/media?parent=61103"}],"wp:term":[{"taxonomy":"category","embeddable":true,"href":"https:\/\/www.greenpeace.org\/belgium\/fr\/wp-json\/wp\/v2\/categories?post=61103"},{"taxonomy":"post_tag","embeddable":true,"href":"https:\/\/www.greenpeace.org\/belgium\/fr\/wp-json\/wp\/v2\/tags?post=61103"}],"curies":[{"name":"wp","href":"https:\/\/api.w.org\/{rel}","templated":true}]}}