{"id":61248,"date":"2025-09-30T13:54:32","date_gmt":"2025-09-30T12:54:32","guid":{"rendered":"https:\/\/www.greenpeace.org\/belgium\/?page_id=61248"},"modified":"2025-10-07T14:20:09","modified_gmt":"2025-10-07T13:20:09","slug":"action-blocage-zeebrugge","status":"publish","type":"page","link":"https:\/\/www.greenpeace.org\/belgium\/fr\/action-blocage-zeebrugge\/","title":{"rendered":"Action Blocage Zeebrugge"},"content":{"rendered":"\n<div class=\"wp-block-planet4-blocks-carousel-header\"><div data-hydrate=\"planet4-blocks\/carousel-header\" data-attributes=\"{&quot;carousel_autoplay&quot;:false,&quot;slides&quot;:[{&quot;image&quot;:61282,&quot;focal_points&quot;:[],&quot;header&quot;:&quot;Blocage contre le gaz fossile de Poutine et Trump&quot;,&quot;description&quot;:&quot;Plus de 70 activistes de 17 pays ont bloqu\u00e9 le terminal GNL de Zeebrugge pendant 29 heures pour d\u00e9noncer l\u2019absurde d\u00e9pendance de l\u2019Europe au gaz fossile.&quot;,&quot;link_text&quot;:&quot;Je soutiens cette action&quot;,&quot;link_url&quot;:&quot;https:\/\/act.greenpeace.org\/page\/168460\/donate\/1?locale=fr-BE&quot;,&quot;link_url_new_tab&quot;:true,&quot;image_url&quot;:&quot;https:\/\/www.greenpeace.org\/static\/planet4-belgium-stateless\/2025\/10\/ded37fdc-gp0su6y84.jpg&quot;,&quot;image_srcset&quot;:&quot;\\n  https:\/\/www.greenpeace.org\/static\/planet4-belgium-stateless\/2025\/10\/ded37fdc-gp0su6y84-150x150.jpg 150w,\\n  https:\/\/www.greenpeace.org\/static\/planet4-belgium-stateless\/2025\/10\/ded37fdc-gp0su6y84-768x512.jpg 768w,\\n  https:\/\/www.greenpeace.org\/static\/planet4-belgium-stateless\/2025\/10\/ded37fdc-gp0su6y84-300x200.jpg 300w,\\n  https:\/\/www.greenpeace.org\/static\/planet4-belgium-stateless\/2025\/10\/ded37fdc-gp0su6y84-1024x683.jpg 1024w,\\n  https:\/\/www.greenpeace.org\/static\/planet4-belgium-stateless\/2025\/10\/ded37fdc-gp0su6y84.jpg 1200w,\\n  &quot;}],&quot;currentImageIndex&quot;:0}\"><section class=\"block block-header alignfull carousel-header \"><div class=\"carousel-wrapper-header\"><div class=\"carousel-inner\" role=\"listbox\"><div class=\"carousel-item active\"><div class=\"carousel-item-mask\"><div class=\"background-holder\"><img decoding=\"async\" src=\"https:\/\/www.greenpeace.org\/static\/planet4-belgium-stateless\/2025\/10\/ded37fdc-gp0su6y84.jpg\" style=\"object-position:50% 50%\" srcSet=\"\n  https:\/\/www.greenpeace.org\/static\/planet4-belgium-stateless\/2025\/10\/ded37fdc-gp0su6y84-150x150.jpg 150w,\n  https:\/\/www.greenpeace.org\/static\/planet4-belgium-stateless\/2025\/10\/ded37fdc-gp0su6y84-768x512.jpg 768w,\n  https:\/\/www.greenpeace.org\/static\/planet4-belgium-stateless\/2025\/10\/ded37fdc-gp0su6y84-300x200.jpg 300w,\n  https:\/\/www.greenpeace.org\/static\/planet4-belgium-stateless\/2025\/10\/ded37fdc-gp0su6y84-1024x683.jpg 1024w,\n  https:\/\/www.greenpeace.org\/static\/planet4-belgium-stateless\/2025\/10\/ded37fdc-gp0su6y84.jpg 1200w,\n  \"\/><\/div><div class=\"carousel-caption\"><div class=\"caption-overlay\"><\/div><div class=\"container main-header\"><div class=\"carousel-captions-wrapper\"><h2>Blocage contre le gaz fossile de Poutine et Trump<\/h2><p>Plus de 70 activistes de 17 pays ont bloqu\u00e9 le terminal GNL de Zeebrugge pendant 29 heures pour d\u00e9noncer l\u2019absurde d\u00e9pendance de l\u2019Europe au gaz fossile.<\/p><\/div><div class=\"col-xs-12 col-sm-8 col-md-4 action-button\"><a href=\"https:\/\/act.greenpeace.org\/page\/168460\/donate\/1?locale=fr-BE\" class=\"btn btn-primary\" data-ga-category=\"Carousel Header\" data-ga-action=\"Call to Action\" rel=\"noreferrer noopener\" target=\"_blank\"><span>Je soutiens cette action<\/span><\/a><\/div><\/div><\/div><\/div><\/div><\/div><\/div><\/section><\/div><\/div>\n\n<h2 class=\"wp-block-heading\" id=\"aftermovie\">29 heures. 17 pays. Plus de 70 activistes.<\/h2>\n\n<p>Les militants de Greenpeace ont bloqu\u00e9 l&rsquo;immense terminal m\u00e9thanier de Zeebrugge afin d&rsquo;envoyer un message clair : les Europ\u00e9ens n&rsquo;acceptent plus cette d\u00e9pendance au gaz fossile, qu&rsquo;il provienne de Russie, des \u00c9tats-Unis ou d&rsquo;ailleurs.<\/p>\n\n<figure class=\"wp-block-embed is-type-video is-provider-youtube wp-block-embed-youtube wp-embed-aspect-16-9 wp-has-aspect-ratio\"><div class=\"wp-block-embed__wrapper\">\n<iframe loading=\"lazy\" title=\"29 hours. 17 countries. More than 70 activists. #StopFossilGas\" width=\"500\" height=\"281\" src=\"https:\/\/www.youtube.com\/embed\/4sNtX32Fxkc?feature=oembed\" frameborder=\"0\" allow=\"accelerometer; autoplay; clipboard-write; encrypted-media; gyroscope; picture-in-picture; web-share\" referrerpolicy=\"strict-origin-when-cross-origin\" allowfullscreen><\/iframe>\n<\/div><\/figure>\n\n<div style=\"height:100px\" aria-hidden=\"true\" class=\"wp-block-spacer\"><\/div>\n\n\n<div class=\"wp-block-media-text is-stacked-on-mobile is-image-fill-element\"><figure class=\"wp-block-media-text__media\"><img loading=\"lazy\" decoding=\"async\" width=\"1200\" height=\"800\" src=\"https:\/\/www.greenpeace.org\/static\/planet4-belgium-stateless\/2025\/10\/e8ab3316-gp0su6y74.jpg\" alt=\"Blockade against Putin\u2019s and Trump\u2019s Gas at the Zeebrugge Terminal in Belgium. \u00a9 Eric De Mildt \/ Greenpeace\" sizes=\"auto, (min-width: 1600px) calc((1320px - 24px) \/ 2),(min-width: 1200px) calc((1140px - 24px) \/ 2),(min-width: 992px) calc((960px - 24px) \/ 2),(min-width: 768px) calc((720px - 24px) \/ 2),(min-width: 601px) calc((540px - 24px) \/ 2),(min-width: 577px) calc((540px - 24px) \/ 1), calc(100vw - 24px)\" srcset=\"https:\/\/www.greenpeace.org\/static\/planet4-belgium-stateless\/2025\/10\/e8ab3316-gp0su6y74.jpg 1200w, https:\/\/www.greenpeace.org\/static\/planet4-belgium-stateless\/2025\/10\/e8ab3316-gp0su6y74-300x200.jpg 300w, https:\/\/www.greenpeace.org\/static\/planet4-belgium-stateless\/2025\/10\/e8ab3316-gp0su6y74-1024x683.jpg 1024w, https:\/\/www.greenpeace.org\/static\/planet4-belgium-stateless\/2025\/10\/e8ab3316-gp0su6y74-768x512.jpg 768w, https:\/\/www.greenpeace.org\/static\/planet4-belgium-stateless\/2025\/10\/e8ab3316-gp0su6y74-510x340.jpg 510w\" class=\"wp-image-61289 size-full\" style=\"object-position:27% 48%\"\/><\/figure><div class=\"wp-block-media-text__content\">\n<h2 class=\"wp-block-heading\">Zeebrugge : un blocage pour la transition \u00e9nerg\u00e9tique<\/h2>\n\n\n\n<p>Le terminal de Zeebrugge est la porte d\u2019entr\u00e9e principale du gaz russe en Europe. Greenpeace l\u2019a bloqu\u00e9 pour alerter : importer du gaz russe ou am\u00e9ricain, c\u2019est prolonger la d\u00e9pendance et financer la guerre. L\u2019urgence est de rompre ces contrats et d\u2019investir massivement dans les \u00e9nergies renouvelables. <\/p>\n\n\n\n<div class=\"wp-block-buttons is-content-justification-space-between is-layout-flex wp-container-core-buttons-is-layout-3d213aab wp-block-buttons-is-layout-flex\">\n<div class=\"wp-block-button\"><a class=\"wp-block-button__link has-grey-900-color has-action-yellow-background-color has-text-color has-background has-link-color wp-element-button\" href=\"https:\/\/www.greenpeace.org\/belgium\/fr\/a-la-une\/?tag=zeebrugge\">En savoir plus<\/a><\/div>\n<\/div>\n<\/div><\/div>\n\n\n\n<div class=\"wp-block-media-text has-media-on-the-right is-stacked-on-mobile is-image-fill-element\" style=\"grid-template-columns:auto 45%\"><div class=\"wp-block-media-text__content\">\n<h2 class=\"wp-block-heading\">Gaz russe et am\u00e9ricain : le rapport Greenpeace sur les enjeux de Zeebrugge<\/h2>\n\n\n\n<p>Greenpeace d\u00e9voile que, entre 2022 et 2024, plus de 40 milliards de dollars ont financ\u00e9 la guerre en Ukraine via les importations de gaz russe. Pire : l\u2019UE d\u00e9pense davantage pour le gaz que pour l\u2019aide humanitaire. Notre rapport d\u00e9montre que la seule voie possible est la sortie totale du gaz fossile et la transition vers une \u00e9nergie propre et locale.<\/p>\n\n\n\n<div class=\"wp-block-buttons is-layout-flex wp-block-buttons-is-layout-flex\">\n<div class=\"wp-block-button is-style-cta\"><a class=\"wp-block-button__link has-grey-900-color has-action-yellow-background-color has-text-color has-background has-link-color wp-element-button\" href=\"https:\/\/www.greenpeace.org\/belgium\/fr\/blog\/61198\/la-belgique-plaque-tournante-du-gaz-de-trump-et-poutine\/\">En savoir plus<\/a><\/div>\n<\/div>\n<\/div><figure class=\"wp-block-media-text__media\"><img loading=\"lazy\" decoding=\"async\" width=\"1024\" height=\"683\" src=\"https:\/\/www.greenpeace.org\/static\/planet4-belgium-stateless\/2025\/10\/7101148e-gp0su6xom-1024x683.jpg\" alt=\"Blockade against Putin\u2019s and Trump\u2019s Gas at the Zeebrugge Terminal in Belgium. \u00a9 Eric De Mildt \/ Greenpeace\" sizes=\"auto, (min-width: 1600px) calc((1320px - 24px) \/ 2.2222),(min-width: 1200px) calc((1140px - 24px) \/ 2.2222),(min-width: 992px) calc((960px - 24px) \/ 2.2222),(min-width: 768px) calc((720px - 24px) \/ 2.2222),(min-width: 601px) calc((540px - 24px) \/ 2.2222),(min-width: 577px) calc((540px - 24px) \/ 1), calc(100vw - 24px)\" srcset=\"https:\/\/www.greenpeace.org\/static\/planet4-belgium-stateless\/2025\/10\/7101148e-gp0su6xom.jpg 1200w, https:\/\/www.greenpeace.org\/static\/planet4-belgium-stateless\/2025\/10\/7101148e-gp0su6xom-300x200.jpg 300w, https:\/\/www.greenpeace.org\/static\/planet4-belgium-stateless\/2025\/10\/7101148e-gp0su6xom-1024x683.jpg 1024w, https:\/\/www.greenpeace.org\/static\/planet4-belgium-stateless\/2025\/10\/7101148e-gp0su6xom-768x512.jpg 768w, https:\/\/www.greenpeace.org\/static\/planet4-belgium-stateless\/2025\/10\/7101148e-gp0su6xom-510x340.jpg 510w\" class=\"wp-image-61285 size-full\" style=\"object-position:64% 55%\"\/><\/figure><\/div>\n\n\t\t\t<section\n\t\t\tclass=\"boxout  \"\n\t\t\t\n\t\t>\n\t\t\t<a\n\t\t\t\tdata-ga-category=\"Take Action Boxout\"\n\t\t\t\tdata-ga-action=\"Image\"\n\t\t\t\tdata-ga-label=\"n\/a\"\n\t\t\t\tclass=\"cover-card-overlay\"\n\t\t\t\thref=\"https:\/\/act.greenpeace.org\/page\/168460\/donate\/1?locale=fr-BE\" \n\t\t\t><\/a>\n\t\t\t\t\t\t\t<img\n\t\t\t\t\t\tsrc=\"https:\/\/www.greenpeace.org\/static\/planet4-belgium-stateless\/2025\/10\/6a2c1c87-gp0su6y73-1024x683.jpg\"\n\t\t\t\t\t\tsrcset=\"https:\/\/www.greenpeace.org\/static\/planet4-belgium-stateless\/2025\/10\/6a2c1c87-gp0su6y73-300x200.jpg 300w, https:\/\/www.greenpeace.org\/static\/planet4-belgium-stateless\/2025\/10\/6a2c1c87-gp0su6y73-1024x683.jpg 1024w, https:\/\/www.greenpeace.org\/static\/planet4-belgium-stateless\/2025\/10\/6a2c1c87-gp0su6y73-768x512.jpg 768w, https:\/\/www.greenpeace.org\/static\/planet4-belgium-stateless\/2025\/10\/6a2c1c87-gp0su6y73-510x340.jpg 510w, https:\/\/www.greenpeace.org\/static\/planet4-belgium-stateless\/2025\/10\/6a2c1c87-gp0su6y73.jpg 1200w\"\n\t\t\t\t\t\tsizes=\"(min-width: 1000px) 358px, (min-width: 780px) 313px, 88px\"\n\t\t\t\t\t\talt=\"Blockade against Putin\u2019s and Trump\u2019s Gas at the Zeebrugge Terminal in Belgium. \u00a9 Eric De Mildt \/ Greenpeace\" title=\"Blockade against Putin\u2019s and Trump\u2019s Gas at the Zeebrugge Terminal in Belgium. \u00a9 Eric De Mildt \/ Greenpeace\"\n\t\t\t\t\/>\n            \t\t\t<div class=\"boxout-content\">\n\t\t\t\t\t\t\t\t\t<a\n\t\t\t\t\t\tclass=\"boxout-heading large\"\n\t\t\t\t\t\tdata-ga-category=\"Take Action Boxout\"\n\t\t\t\t\t\tdata-ga-action=\"Title\"\n\t\t\t\t\t\tdata-ga-label=\"n\/a\"\n\t\t\t\t\t\thref=\"https:\/\/act.greenpeace.org\/page\/168460\/donate\/1?locale=fr-BE\"\n\t\t\t\t\t\t\n\t\t\t\t\t>\n\t\t\t\t\t\tSoutenez la lutte pour un avenir \u00e9nerg\u00e9tique libre\n\t\t\t\t\t<\/a>\n\t\t\t\t\t\t\t\t\t\t\t\t\t<p class=\"boxout-excerpt\">Votre don finance cette lutte, notre pr\u00e9sence sur le terrain et notre capacit\u00e9 \u00e0 imposer un changement \u00e9nerg\u00e9tique global. <\/p>\n\t\t\t\t                                    <a\n                        class=\"btn btn-primary\"\n                        data-ga-category=\"Take Action Boxout\"\n                        data-ga-action=\"Call to Action\"\n                        data-ga-label=\"n\/a\"\n                        href=\"https:\/\/act.greenpeace.org\/page\/168460\/donate\/1?locale=fr-BE\"\n                        \n                    >\n                        Faire un don\n                    <\/a>\n                \t\t\t<\/div>\n\t\t\t\t\t<\/section>\n\t\n<p><\/p>\n","protected":false},"excerpt":{"rendered":"<p>29 heures. 17 pays. Plus de 70 activistes. Les militants de Greenpeace ont bloqu\u00e9 l&rsquo;immense terminal m\u00e9thanier de Zeebrugge afin d&rsquo;envoyer un message clair : les Europ\u00e9ens n&rsquo;acceptent plus cette d\u00e9pendance au gaz fossile, qu&rsquo;il provienne de Russie, des \u00c9tats-Unis ou d&rsquo;ailleurs.<\/p>\n","protected":false},"author":112,"featured_media":61250,"parent":0,"menu_order":0,"comment_status":"closed","ping_status":"closed","template":"","meta":{"ep_exclude_from_search":false,"p4_hide_page_title_checkbox":"on","p4_title":"","p4_subtitle":"","p4_description":"","background_image_id":"","background_image":"","p4_button_title":"","p4_button_link":"","p4_button_link_checkbox":"","p4_og_title":"","p4_og_description":"","p4_og_image":"","p4_og_image_id":"","p4_seo_canonical_url":"","p4_campaign_name":"","p4_local_project":"","p4_basket_name":"","p4_department":"","footnotes":""},"categories":[],"tags":[],"class_list":["post-61248","page","type-page","status-publish","has-post-thumbnail","hentry"],"_links":{"self":[{"href":"https:\/\/www.greenpeace.org\/belgium\/fr\/wp-json\/wp\/v2\/pages\/61248","targetHints":{"allow":["GET"]}}],"collection":[{"href":"https:\/\/www.greenpeace.org\/belgium\/fr\/wp-json\/wp\/v2\/pages"}],"about":[{"href":"https:\/\/www.greenpeace.org\/belgium\/fr\/wp-json\/wp\/v2\/types\/page"}],"author":[{"embeddable":true,"href":"https:\/\/www.greenpeace.org\/belgium\/fr\/wp-json\/wp\/v2\/users\/112"}],"replies":[{"embeddable":true,"href":"https:\/\/www.greenpeace.org\/belgium\/fr\/wp-json\/wp\/v2\/comments?post=61248"}],"version-history":[{"count":15,"href":"https:\/\/www.greenpeace.org\/belgium\/fr\/wp-json\/wp\/v2\/pages\/61248\/revisions"}],"predecessor-version":[{"id":61359,"href":"https:\/\/www.greenpeace.org\/belgium\/fr\/wp-json\/wp\/v2\/pages\/61248\/revisions\/61359"}],"wp:featuredmedia":[{"embeddable":true,"href":"https:\/\/www.greenpeace.org\/belgium\/fr\/wp-json\/wp\/v2\/media\/61250"}],"wp:attachment":[{"href":"https:\/\/www.greenpeace.org\/belgium\/fr\/wp-json\/wp\/v2\/media?parent=61248"}],"wp:term":[{"taxonomy":"category","embeddable":true,"href":"https:\/\/www.greenpeace.org\/belgium\/fr\/wp-json\/wp\/v2\/categories?post=61248"},{"taxonomy":"post_tag","embeddable":true,"href":"https:\/\/www.greenpeace.org\/belgium\/fr\/wp-json\/wp\/v2\/tags?post=61248"}],"curies":[{"name":"wp","href":"https:\/\/api.w.org\/{rel}","templated":true}]}}