{"id":56350,"date":"2024-03-13T11:22:48","date_gmt":"2024-03-13T10:22:48","guid":{"rendered":"https:\/\/www.greenpeace.org\/belgium\/?page_id=56350"},"modified":"2025-07-02T08:37:07","modified_gmt":"2025-07-02T07:37:07","slug":"the-farmer-case-nl","status":"publish","type":"page","link":"https:\/\/www.greenpeace.org\/belgium\/nl\/the-farmer-case-nl\/","title":{"rendered":"The Farmer Case"},"content":{"rendered":"\n<div class=\"wp-block-media-text alignwide has-media-on-the-right is-stacked-on-mobile\" style=\"grid-template-columns:auto 27%\"><div class=\"wp-block-media-text__content\">\n<p>Ce 13 mars 2024, Hugues Falys, agriculteur-paysan de la province de Hainaut, assigne en justice TotalEnergies devant le tribunal de l\u2019entreprise de Tournai, pour sa responsabilit\u00e9 dans le d\u00e9r\u00e8glement climatique. <\/p>\n\n\n\n<p>Les \u00e9v\u00e9nements climatiques extr\u00eames qui ont frapp\u00e9 sa ferme ces derni\u00e8res ann\u00e9es lui ont caus\u00e9 des dommages importants, notamment des pertes de rendements. <\/p>\n\n\n\n<p>Trois ONG, FIAN, Greenpeace et la Ligue des droits humains se joignent \u00e0 cette action en justice. Il s\u2019agit de la premi\u00e8re \u00ab action climat \u00bb visant une entreprise multinationale en Belgique.<\/p>\n\n\n\n<p>\u00a0<\/p>\n<\/div><figure class=\"wp-block-media-text__media\"><img loading=\"lazy\" decoding=\"async\" width=\"1024\" height=\"1024\" src=\"https:\/\/www.greenpeace.org\/static\/planet4-belgium-stateless\/2024\/03\/f78047c1-ig-vdmort-1024x1024-1.png\" alt=\"\" sizes=\"auto, (min-width: 1600px) calc((1320px - 24px) \/ 3.7037),(min-width: 1200px) calc((1140px - 24px) \/ 3.7037),(min-width: 992px) calc((960px - 24px) \/ 3.7037),(min-width: 768px) calc((720px - 24px) \/ 3.7037),(min-width: 601px) calc((540px - 24px) \/ 3.7037),(min-width: 577px) calc((540px - 24px) \/ 1), calc(100vw - 24px)\" srcset=\"https:\/\/www.greenpeace.org\/static\/planet4-belgium-stateless\/2024\/03\/f78047c1-ig-vdmort-1024x1024-1.png 1024w, https:\/\/www.greenpeace.org\/static\/planet4-belgium-stateless\/2024\/03\/f78047c1-ig-vdmort-1024x1024-1-300x300.png 300w, https:\/\/www.greenpeace.org\/static\/planet4-belgium-stateless\/2024\/03\/f78047c1-ig-vdmort-1024x1024-1-150x150.png 150w, https:\/\/www.greenpeace.org\/static\/planet4-belgium-stateless\/2024\/03\/f78047c1-ig-vdmort-1024x1024-1-768x768.png 768w, https:\/\/www.greenpeace.org\/static\/planet4-belgium-stateless\/2024\/03\/f78047c1-ig-vdmort-1024x1024-1-340x340.png 340w\" class=\"wp-image-56409 size-full\"\/><\/figure><\/div>\n\n<h2 class=\"wp-block-heading\"><strong>Soutenir Hugues<\/strong><\/h2>\n\n<p><strong>Hugues a besoin de votre soutien dans son action contre TotalEnergies\u00a0<\/strong><\/p>\n\n<div class=\"wp-block-columns has-white-background-color has-background is-layout-flex wp-container-core-columns-is-layout-9d6595d7 wp-block-columns-is-layout-flex\">\n<div class=\"wp-block-column has-white-background-color has-background is-layout-flow wp-block-column-is-layout-flow\">\n<p><strong>Devenez partisan\u00b7e<\/strong><\/p>\n\n\n\n<figure class=\"wp-block-image size-large is-resized is-style-rounded-180\"><img loading=\"lazy\" decoding=\"async\" width=\"1024\" height=\"576\" src=\"https:\/\/www.greenpeace.org\/static\/planet4-belgium-stateless\/2024\/03\/e100ddf8-3840-2160-max-1024x576.jpg\" alt=\"\" class=\"wp-image-56418\" style=\"\" srcset=\"https:\/\/www.greenpeace.org\/static\/planet4-belgium-stateless\/2024\/03\/e100ddf8-3840-2160-max-1024x576.jpg 1024w, https:\/\/www.greenpeace.org\/static\/planet4-belgium-stateless\/2024\/03\/e100ddf8-3840-2160-max-300x169.jpg 300w, https:\/\/www.greenpeace.org\/static\/planet4-belgium-stateless\/2024\/03\/e100ddf8-3840-2160-max-768x432.jpg 768w, https:\/\/www.greenpeace.org\/static\/planet4-belgium-stateless\/2024\/03\/e100ddf8-3840-2160-max-1536x864.jpg 1536w, https:\/\/www.greenpeace.org\/static\/planet4-belgium-stateless\/2024\/03\/e100ddf8-3840-2160-max-2048x1152.jpg 2048w, https:\/\/www.greenpeace.org\/static\/planet4-belgium-stateless\/2024\/03\/e100ddf8-3840-2160-max-510x287.jpg 510w\" sizes=\"auto, (max-width: 1024px) 100vw, 1024px\" \/><\/figure>\n\n\n\n<p>En ajoutant votre nom, vous soutenez un paysan qui demande justice face \u00e0 un g\u00e9ant des \u00e9nergies fossiles. Les entreprises qui contribuent au d\u00e9r\u00e8glement climatique et qui ne respectent pas les droits humains doivent rendre des comptes. Vous rejoignez une cause juste et n\u00e9cessaire car Hugues n\u2019est bien s\u00fbr pas le seul \u00e0 souffrir du d\u00e9r\u00e8glement climatique. <\/p>\n\n\n\n<div class=\"wp-block-buttons is-layout-flex wp-block-buttons-is-layout-flex\">\n<div class=\"wp-block-button is-style-cta\"><a class=\"wp-block-button__link wp-element-button\" href=\"https:\/\/act.greenpeace.org\/page\/145918\/petition\/1?locale=fr-BE\">J&#8217;ajoute mon nom<\/a><\/div>\n<\/div>\n<\/div>\n\n\n\n<div class=\"wp-block-column has-white-background-color has-background is-layout-flow wp-block-column-is-layout-flow\">\n<p><strong>Participez \u00e0 notre crowdfunding<\/strong><\/p>\n\n\n\n<figure class=\"wp-block-image size-large is-resized is-style-rounded-180\"><img loading=\"lazy\" decoding=\"async\" width=\"1024\" height=\"576\" src=\"https:\/\/www.greenpeace.org\/static\/planet4-belgium-stateless\/2024\/03\/6cab12b0-3840-2160-max-1024x576.png\" alt=\"\" class=\"wp-image-56420\" style=\"\" srcset=\"https:\/\/www.greenpeace.org\/static\/planet4-belgium-stateless\/2024\/03\/6cab12b0-3840-2160-max-1024x576.png 1024w, https:\/\/www.greenpeace.org\/static\/planet4-belgium-stateless\/2024\/03\/6cab12b0-3840-2160-max-300x169.png 300w, https:\/\/www.greenpeace.org\/static\/planet4-belgium-stateless\/2024\/03\/6cab12b0-3840-2160-max-768x432.png 768w, https:\/\/www.greenpeace.org\/static\/planet4-belgium-stateless\/2024\/03\/6cab12b0-3840-2160-max-1536x864.png 1536w, https:\/\/www.greenpeace.org\/static\/planet4-belgium-stateless\/2024\/03\/6cab12b0-3840-2160-max-2048x1152.png 2048w, https:\/\/www.greenpeace.org\/static\/planet4-belgium-stateless\/2024\/03\/6cab12b0-3840-2160-max-510x287.png 510w\" sizes=\"auto, (max-width: 1024px) 100vw, 1024px\" \/><\/figure>\n\n\n\n<p>La justice est un moyen puissant pour contraindre les multinationales \u00e0 faire face \u00e0 leurs responsabilit\u00e9s. Mais les proc\u00e9dures judiciaires sont \u00e9galement longues et co\u00fbteuses. Chaque euro compte et contribue \u00e0 faire avancer la lutte climatique et le respect de notre environnement et des droits humains. Ensemble, nous obtiendrons justice !<\/p>\n\n\n\n<div class=\"wp-block-buttons is-layout-flex wp-block-buttons-is-layout-flex\">\n<div class=\"wp-block-button is-style-cta\"><a class=\"wp-block-button__link wp-element-button\" href=\"https:\/\/act.greenpeace.org\/page\/145488\/donate\/1?locale=fr-BE\">Je fais un don<\/a><\/div>\n<\/div>\n<\/div>\n<\/div>\n\n<div style=\"height:51px\" aria-hidden=\"true\" class=\"wp-block-spacer\"><\/div>\n\n<p><strong>Votre soutien financier est pr\u00e9cieux pour Hugues et les associations<\/strong>. Aidez-nous \u00e0 atteindre notre objectif de 50.000 euros !<\/p>\n\n<ol class=\"wp-block-list\">\n<li> \u2714 Pr\u00e9paration et introduction de l\u2019action en justice: <strong>10.000 euros<\/strong> \u2714<br\/>En atteignant ce premier objectif, nous pourrons couvrir les frais qui ont d\u00e9j\u00e0 \u00e9t\u00e9 engag\u00e9s pour introduire cette action en justice, notamment : les frais d&#8217;huissier, les frais de proc\u00e9dures judiciaires et les frais d&#8217;avocat\u00b7es pour la r\u00e9daction de la citation. Cinq avocates du cabinet Progress Lawyers Network ont travaill\u00e9 d&#8217;arrache-pied, \u00e0 prix r\u00e9duits, pour introduire ce dossier. Sans elles, rien n&#8217;aurait \u00e9t\u00e9 possible. Nous les remercions d\u00e9j\u00e0 pour leur travail. Pr\u00e9paration et introduction de l\u2019action en justice: <strong>10.000 euros<\/strong> <br\/>En atteignant ce premier objectif, nous pourrons couvrir les frais qui ont d\u00e9j\u00e0 \u00e9t\u00e9 engag\u00e9s pour introduire cette action en justice, notamment : les frais d&#8217;huissier, les frais de proc\u00e9dures judiciaires et les frais d&#8217;avocat\u00b7es pour la r\u00e9daction de la citation. Cinq avocates du cabinet Progress Lawyers Network ont travaill\u00e9 d&#8217;arrache-pied, \u00e0 prix r\u00e9duits, pour introduire ce dossier. Sans elles, rien n&#8217;aurait \u00e9t\u00e9 possible. Nous les remercions d\u00e9j\u00e0 pour leur travail.<\/li>\n\n\n\n<li>Plaidoiries et frais juridiques : <strong>25.000 euros<\/strong><br\/>Atteindre cette deuxi\u00e8me \u00e9tape nous permettra de couvrir les frais des avocat\u00b7es pour 6 mois suppl\u00e9mentaires. C&#8217;est indispensable pour les prochaines \u00e9tapes de la proc\u00e9dure judiciaire, qui comprennent notamment l&#8217;\u00e9change des conclusions (c&#8217;est-\u00e0-dire l&#8217;\u00e9change des argumentaires entre avocat\u00b7es) et les plaidoiries devant le tribunal.<\/li>\n\n\n\n<li>Davantage de visibilit\u00e9 et des actions : <strong>40.000 euros<\/strong><br\/>Parvenir \u00e0 cette troisi\u00e8me \u00e9tape signifie que nous pourrons couvrir un an des frais des avocat\u00b7es et intensifier nos actions. Cela permettrait \u00e9galement de couvrir certains frais engag\u00e9s par les trois associations pour augmenter la visibilit\u00e9 de cette action en justice, ainsi que la mise en \u0153uvre d&#8217;actions pour sensibiliser le grand public, en Belgique et au-del\u00e0 : vid\u00e9os, site web, organisations d\u2019\u00e9v\u00e9nements d\u2019information et de sensibilisation, etc.<\/li>\n\n\n\n<li><strong>Objectif : 50.000 euros<\/strong><br\/>Avec cette quatri\u00e8me \u00e9tape, nous pourrons couvrir tous les frais des avocat\u00b7es. Nous pourrons \u00e9galement recourir \u00e0 certaines expertises de scientifiques et de sp\u00e9cialistes du climat. Et nous pourrons \u00e9tendre nos actions de campagne et de sensibilisation autour du cas pour lutter contre l\u2019impunit\u00e9 des multinationales des \u00e9nergies fossiles.<\/li>\n<\/ol>\n\n<div class=\"wp-block-buttons is-content-justification-center is-layout-flex wp-container-core-buttons-is-layout-16018d1d wp-block-buttons-is-layout-flex\">\n<div class=\"wp-block-button is-style-cta\"><a class=\"wp-block-button__link wp-element-button\" href=\"https:\/\/act.greenpeace.org\/page\/145488\/donate\/1?locale=fr-BE\">Je fais un don<\/a><\/div>\n<\/div>\n\n<div style=\"height:69px\" aria-hidden=\"true\" class=\"wp-block-spacer\"><\/div>\n\n<div class=\"wp-block-columns is-layout-flex wp-container-core-columns-is-layout-9d6595d7 wp-block-columns-is-layout-flex\">\n<div class=\"wp-block-column is-layout-flow wp-block-column-is-layout-flow\">\n<figure class=\"wp-block-image size-large\"><img loading=\"lazy\" decoding=\"async\" width=\"1024\" height=\"682\" src=\"https:\/\/www.greenpeace.org\/static\/planet4-belgium-stateless\/2024\/03\/c0ed7e88-27879-1024x682.jpg\" alt=\"\" class=\"wp-image-56452\" srcset=\"https:\/\/www.greenpeace.org\/static\/planet4-belgium-stateless\/2024\/03\/c0ed7e88-27879-1024x682.jpg 1024w, https:\/\/www.greenpeace.org\/static\/planet4-belgium-stateless\/2024\/03\/c0ed7e88-27879-300x200.jpg 300w, https:\/\/www.greenpeace.org\/static\/planet4-belgium-stateless\/2024\/03\/c0ed7e88-27879-768x512.jpg 768w, https:\/\/www.greenpeace.org\/static\/planet4-belgium-stateless\/2024\/03\/c0ed7e88-27879-1536x1023.jpg 1536w, https:\/\/www.greenpeace.org\/static\/planet4-belgium-stateless\/2024\/03\/c0ed7e88-27879-510x340.jpg 510w, https:\/\/www.greenpeace.org\/static\/planet4-belgium-stateless\/2024\/03\/c0ed7e88-27879.jpg 2048w\" sizes=\"auto, (max-width: 1024px) 100vw, 1024px\" \/><figcaption><div class=\"credit icon-left\"> \u00a9 The Farmer Case \/ Tim Dirven<\/div><\/figcaption><\/figure>\n<\/div>\n\n\n\n<div class=\"wp-block-column is-layout-flow wp-block-column-is-layout-flow\">\n<h3 class=\"wp-block-heading\">Pourquoi cette action contre TotalEnergies ?<\/h3>\n\n\n\n<p>Les entreprises du charbon, du p\u00e9trole et du gaz sont de loin les principales responsables du d\u00e9r\u00e8glement climatique, puisque les combustions fossiles sont responsables de plus de 75 % des \u00e9missions de gaz \u00e0 effet de serre. <\/p>\n\n\n\n<p>Ces entreprises \u00e9chappent trop souvent \u00e0 leur responsabilit\u00e9 et \u00e0 toutes contraintes en mati\u00e8re climatique. Quant aux \u00c9tats, ils peinent \u00e0 adopter des l\u00e9gislations suffisamment fortes qui puissent prot\u00e9ger efficacement l\u2019environnement, le climat, la sant\u00e9 publique.\u00a0<\/p>\n\n\n\n<p>Qui en paie le prix ? Hugues, les agriculteur\u00b7rices, nous tou\u00b7tes, ici en Belgique et ailleurs.\u00a0\u00a0<\/p>\n<\/div>\n<\/div>\n\n<div style=\"height:45px\" aria-hidden=\"true\" class=\"wp-block-spacer\"><\/div>\n\n<div class=\"wp-block-columns is-layout-flex wp-container-core-columns-is-layout-9d6595d7 wp-block-columns-is-layout-flex\">\n<div class=\"wp-block-column is-layout-flow wp-block-column-is-layout-flow\" style=\"flex-basis:66.66%\">\n<h3 class=\"wp-block-heading\">Qui est Hugues ?<\/h3>\n\n\n\n<p>Hugues Falys est un paysan-agriculteur du Hainaut. Il y cultive depuis 1993 des c\u00e9r\u00e9ales, des prot\u00e9agineux, des l\u00e9gumes, des fraises et il \u00e9l\u00e8ve une centaine de vaches de race charolaise pour la production de viande bio. Comme la majorit\u00e9 des agriculteur\u00b7rices, Hugues subit les cons\u00e9quences du d\u00e9r\u00e8glement climatique : vagues de chaleur, s\u00e9cheresses, pr\u00e9cipitations extr\u00eames.<\/p>\n\n\n\n<p>Cons\u00e9quences ? Des cultures et prairies endommag\u00e9es voire improductives, des pertes financi\u00e8res importantes, des animaux souffrant de stress thermique ainsi qu\u2019un surcro\u00eet de travail et un stress important li\u00e9 \u00e0 l\u2019impr\u00e9visibilit\u00e9 croissante du climat et donc de l\u2019organisation du travail.<\/p>\n<\/div>\n\n\n\n<div class=\"wp-block-column is-layout-flow wp-block-column-is-layout-flow\" style=\"flex-basis:33.33%\">\n<figure class=\"wp-block-embed is-type-video is-provider-youtube wp-block-embed-youtube wp-embed-aspect-16-9 wp-has-aspect-ratio\"><div class=\"wp-block-embed__wrapper\">\n<lite-youtube style=\"background-image: url('https:\/\/i.ytimg.com\/vi\/ZQVXOOkPNH4\/hqdefault.jpg');\" videoid=\"ZQVXOOkPNH4\" params=\"rel=0\"><\/lite-youtube>\n<\/div><\/figure>\n<\/div>\n<\/div>\n\n<div style=\"height:45px\" aria-hidden=\"true\" class=\"wp-block-spacer\"><\/div>\n<div data-render=\"planet4-blocks\/happypoint\" data-attributes=\"{&quot;attributes&quot;:{&quot;focus_image&quot;:&quot;55.00000000000001% 41%&quot;,&quot;opacity&quot;:100,&quot;iframe_url&quot;:&quot;&quot;,&quot;id&quot;:53578,&quot;embed_code&quot;:&quot;&quot;,&quot;override_default_content&quot;:true,&quot;local_content_provider&quot;:&quot;iframe_url&quot;}}\"><\/div>","protected":false},"excerpt":{"rendered":"<p>Hugues heeft jouw hulp nodig in de rechtszaak tegen TotalEnergies.<\/p>\n","protected":false},"author":105,"featured_media":56404,"parent":0,"menu_order":0,"comment_status":"closed","ping_status":"closed","template":"","meta":{"ep_exclude_from_search":false,"p4_hide_page_title_checkbox":"","p4_title":"","p4_subtitle":"","p4_description":"","background_image_id":"","background_image":"","p4_button_title":"","p4_button_link":"","p4_button_link_checkbox":"","p4_og_title":"","p4_og_description":"","p4_og_image":"","p4_og_image_id":"","p4_seo_canonical_url":"","p4_campaign_name":"not set","p4_local_project":"not set","p4_basket_name":"not set","p4_department":"","footnotes":""},"categories":[212],"tags":[87],"class_list":["post-56350","page","type-page","status-publish","has-post-thumbnail","hentry","category-petities","tag-energie-nl"],"_links":{"self":[{"href":"https:\/\/www.greenpeace.org\/belgium\/nl\/wp-json\/wp\/v2\/pages\/56350","targetHints":{"allow":["GET"]}}],"collection":[{"href":"https:\/\/www.greenpeace.org\/belgium\/nl\/wp-json\/wp\/v2\/pages"}],"about":[{"href":"https:\/\/www.greenpeace.org\/belgium\/nl\/wp-json\/wp\/v2\/types\/page"}],"author":[{"embeddable":true,"href":"https:\/\/www.greenpeace.org\/belgium\/nl\/wp-json\/wp\/v2\/users\/105"}],"replies":[{"embeddable":true,"href":"https:\/\/www.greenpeace.org\/belgium\/nl\/wp-json\/wp\/v2\/comments?post=56350"}],"version-history":[{"count":20,"href":"https:\/\/www.greenpeace.org\/belgium\/nl\/wp-json\/wp\/v2\/pages\/56350\/revisions"}],"predecessor-version":[{"id":60439,"href":"https:\/\/www.greenpeace.org\/belgium\/nl\/wp-json\/wp\/v2\/pages\/56350\/revisions\/60439"}],"wp:featuredmedia":[{"embeddable":true,"href":"https:\/\/www.greenpeace.org\/belgium\/nl\/wp-json\/wp\/v2\/media\/56404"}],"wp:attachment":[{"href":"https:\/\/www.greenpeace.org\/belgium\/nl\/wp-json\/wp\/v2\/media?parent=56350"}],"wp:term":[{"taxonomy":"category","embeddable":true,"href":"https:\/\/www.greenpeace.org\/belgium\/nl\/wp-json\/wp\/v2\/categories?post=56350"},{"taxonomy":"post_tag","embeddable":true,"href":"https:\/\/www.greenpeace.org\/belgium\/nl\/wp-json\/wp\/v2\/tags?post=56350"}],"curies":[{"name":"wp","href":"https:\/\/api.w.org\/{rel}","templated":true}]}}