{"id":230,"date":"2018-05-14T12:33:35","date_gmt":"2018-05-14T15:33:35","guid":{"rendered":"https:\/\/k8s.p4.greenpeace.org\/defaultcontent\/?page_id=230"},"modified":"2025-09-30T17:49:54","modified_gmt":"2025-09-30T20:49:54","slug":"imprensa","status":"publish","type":"page","link":"https:\/\/www.greenpeace.org\/brasil\/noticias-e-historias\/imprensa\/","title":{"rendered":"Imprensa"},"content":{"rendered":"\n<style>\n            .donate-card {\n                width: 100vw;\n                display: none;\n                background-color: #fff;\n                margin-top: 60px;\n            }\n            #card-close {\n                margin-right: 5px;\n            }\n\n            @media (max-width: 767px) {\n                \/* Styles for mobile devices *\/\n                .donate-card {\n                    display: block;\n                    \/* Show the card on mobile devices *\/\n                }\n\n                #nav-mobile {\n                    \/* Hide the mobile menu by default *\/\n                    display: none;\n                }\n\n                #nav-mobile.show {\n                    display: flex;\n                    \/* Show the mobile menu when \"show\" class is added *\/\n                }\n            }\n\n            .donate-card-body {\n                display: flex;\n                justify-content: space-between;\n            }\n\n            .donate-card-text {\n                font-size: 16px;\n                margin: 0;\n                padding: 2em !important;\n                font-family: Roboto;\n                color: #000;\n            }\n\n            .donate-btn-group {\n                display: flex;\n                align-items: center;\n            }\n\n            .donate-btn {\n                margin-right: 10px;\n            }\n\n            .donate-close-button {\n                background-color: transparent;\n                border: none;\n                cursor: pointer;\n                font-size: 10px;\n               \/\/ margin-right: 15px;\n                padding-right: 0;\n              \/\/  margin-left: 10px;\n                padding-bottom: 85px;\n                color: #000;\n            }\n\n            #gpbr-mobile-donate-button-mvp {\n                min-width: 137px;\n            }\n            @media (max-width: 991px) {\n                .with-mobile-tabs~:not(.page-header)+.page-content {\n                    padding-top: 0px !important;\n                }\n\n                 .page-content.no-page-title {\n                    padding-top: 0px !important;\n                }\n            }\n            @media screen and (min-device-width: 360px) and (max-device-width: 740px) {\n                 .donate-card-text {\n                    padding: 1.1em;\n                 }\n \n                    \n       } \n        \n\n\n\n        <\/style>\n        <script>\n            document.addEventListener(\"DOMContentLoaded\", function () {\n                var closeButton = document.querySelector(\".donate-close-button\");\n                var donateCard = document.querySelector(\".donate-card\");\n                var navMobile = document.querySelector(\"#nav-mobile\");\n\n                closeButton.addEventListener(\"click\", function () {\n                    donateCard.style.display = \"none\"; \/\/ Hide the entire donate card\n                    navMobile.classList.add(\"show\"); \/\/ Show the mobile menu\n\n                    \/\/ Store the state in local storage\n                    localStorage.setItem(\"donateCardVisible\", \"false\");\n                });\n\n                \/\/ Retrieve the state from local storage\n                var donateCardVisible = localStorage.getItem(\"donateCardVisible\");\n                if (donateCardVisible === \"true\") {\n                    donateCard.style.display = \"block\"; \/\/ Show the donate card\n                }\n            });\n        <\/script>\n        <div class=\"donate-card alignfull\">\n            <div class=\"donate-card-body gpbr-remove-external-link\">\n                <div>\n                    <p class=\"donate-card-text\">O meio ambiente precisa de <b>voc\u00ea<\/b>.<\/p>\n                <\/div>\n                <div class=\"donate-btn-group\">\n                    <a href=\"https:\/\/doe.greenpeace.com.br\/a?cc=701Pm000018T4RYIA0&#038;entrypoint=botao_mobile_card\" target=\"_blank\" id=\"gpbr-mobile-donate-button-mvp\" data-ga-category=\"Donation Card\" data-ga-action=\"Donate\" data-ga-label=\"donate_mobile\" aria=\"bot\u00e3o para fazer doa\u00e7\u00e3o ao Greenpeace\" class=\"btn-donate btn\" rel=\"follow\">Doe agora<\/a>\n                    <a id=\"card-close\" class=\"donate-close-button\" data-ga-category=\"Donation Card\" data-ga-action=\"Close menu\" data-ga-label=\"donate_mobile\" aria-label=\"Fechar mensagem de doa\u00e7\u00e3o\">\u2715<\/a>\n                <\/div>\n            <\/div>\n        <\/div>\n\n<div class=\"wp-block-media-text alignfull has-media-on-the-right is-stacked-on-mobile gpbr-has-grey-background gpbr-mobile-centered-text-and-title gpbr-not-clickable-image\" style=\"grid-template-columns:auto 49%\"><div class=\"wp-block-media-text__content\">\n<div class=\"wp-block-columns is-layout-flex wp-container-core-columns-is-layout-9d6595d7 wp-block-columns-is-layout-flex\">\n<div class=\"wp-block-column mobile-hidden is-layout-flow wp-block-column-is-layout-flow\" style=\"flex-basis:100px\"><\/div>\n\n\n\n<div class=\"wp-block-column is-layout-flow wp-block-column-is-layout-flow\" style=\"flex-basis:80%\">\n<div style=\"height:35px\" aria-hidden=\"true\" class=\"wp-block-spacer\"><\/div>\n\n\n\n<h1 class=\"wp-block-heading has-text-align-right\" style=\"font-size:46px\"><strong>Imprensa<\/strong><\/h1>\n\n\n\n<p class=\"has-text-align-right\" style=\"font-size:19px\">Esta se\u00e7\u00e3o \u00e9 dedicada a jornalistas e profissionais de comunica\u00e7\u00e3o. Aqui voc\u00ea encontra nossos \u00faltimos press releases, imagens, v\u00eddeos e os contatos para conversar com nossa equipe de imprensa.<\/p>\n\n\n\n<div style=\"height:18px\" aria-hidden=\"true\" class=\"wp-block-spacer\"><\/div>\n\n\n\n<div class=\"wp-block-buttons is-content-justification-right is-layout-flex wp-container-core-buttons-is-layout-765c4724 wp-block-buttons-is-layout-flex\">\n<div class=\"wp-block-button alignright is-style-cta\"><a class=\"wp-block-button__link wp-element-button\" href=\"mailto:imprensa.br@greenpeace.org\" target=\"_blank\" rel=\"noreferrer noopener\">Envie um e-mail<\/a><\/div>\n<\/div>\n<\/div>\n<\/div>\n<\/div><figure class=\"wp-block-media-text__media\"><img loading=\"lazy\" decoding=\"async\" width=\"1024\" height=\"684\" src=\"https:\/\/www.greenpeace.org\/static\/planet4-brasil-stateless\/2023\/06\/192521a5-dsc7034_cprt_reduced-1024x684.jpeg\" alt=\"\" sizes=\"auto, (min-width: 601px) 49vw, 100vw\" srcset=\"https:\/\/www.greenpeace.org\/static\/planet4-brasil-stateless\/2023\/06\/192521a5-dsc7034_cprt_reduced.jpeg 1400w, https:\/\/www.greenpeace.org\/static\/planet4-brasil-stateless\/2023\/06\/192521a5-dsc7034_cprt_reduced-300x200.jpeg 300w, https:\/\/www.greenpeace.org\/static\/planet4-brasil-stateless\/2023\/06\/192521a5-dsc7034_cprt_reduced-1024x684.jpeg 1024w, https:\/\/www.greenpeace.org\/static\/planet4-brasil-stateless\/2023\/06\/192521a5-dsc7034_cprt_reduced-768x513.jpeg 768w, https:\/\/www.greenpeace.org\/static\/planet4-brasil-stateless\/2023\/06\/192521a5-dsc7034_cprt_reduced-510x340.jpeg 510w\" class=\"wp-image-47016 size-full\"\/><\/figure><\/div>\n\n<div class=\"wp-block-query posts-list p4-query-loop is-custom-layout-list is-layout-flow wp-block-query-is-layout-flow\">\n<div class=\"wp-block-group is-content-justification-space-between is-layout-flex wp-container-core-group-is-layout-3d213aab wp-block-group-is-layout-flex\">\n<h2 class=\"wp-block-heading\">Press releases<\/h2>\n\n\n<li class=\" wp-block-navigation-item see-all-link wp-block-navigation-link\"><a class=\"wp-block-navigation-item__content\"  href=\"http:\/\/www.greenpeace.org\/brasil\/noticias-e-historias\/?post-type=imprensa\"><span class=\"wp-block-navigation-item__label\">See all stories<\/span><\/a><\/li><\/div>\n\n\n\n<p style=\"margin-top:24px;margin-bottom:36px\"><\/p>\n\n\n\n\n<ul class=\"wp-block-post-template is-layout-flow wp-block-post-template-is-layout-flow\"><li class=\"wp-block-post post-62949 post type-post status-publish format-standard has-post-thumbnail hentry category-eventos-extremos category-justica-climatica tag-cidades tag-justica-climatica p4-page-type-imprensa\">\n\n<div class=\"wp-block-columns is-layout-flex wp-container-core-columns-is-layout-9d6595d7 wp-block-columns-is-layout-flex\"><figure class=\"wp-block-post-featured-image\"><a href=\"https:\/\/www.greenpeace.org\/brasil\/imprensa\/greenpeace-brasil-alerta-que-pais-tem-politicas-publicas-climaticas-insuficientes-para-evitar-desastres-nos-municipios-como-os-de-minas-gerais\/\" target=\"_self\"  ><img loading=\"lazy\" decoding=\"async\" width=\"1200\" height=\"800\" src=\"https:\/\/www.greenpeace.org\/static\/planet4-brasil-stateless\/2026\/03\/e68dea62-gp1swuv9_medium-res-1200px.jpg\" class=\"attachment-post-thumbnail size-post-thumbnail wp-post-image wp-stateless-item\" alt=\"Greenpeace Brasil alerta que pa\u00eds tem pol\u00edticas p\u00fablicas clim\u00e1ticas insuficientes para evitar desastres nos munic\u00edpios, como os de Minas Gerais\" style=\"object-fit:cover;\" srcset=\"https:\/\/www.greenpeace.org\/static\/planet4-brasil-stateless\/2026\/03\/e68dea62-gp1swuv9_medium-res-1200px.jpg 1200w, https:\/\/www.greenpeace.org\/static\/planet4-brasil-stateless\/2026\/03\/e68dea62-gp1swuv9_medium-res-1200px-300x200.jpg 300w, https:\/\/www.greenpeace.org\/static\/planet4-brasil-stateless\/2026\/03\/e68dea62-gp1swuv9_medium-res-1200px-1024x683.jpg 1024w, https:\/\/www.greenpeace.org\/static\/planet4-brasil-stateless\/2026\/03\/e68dea62-gp1swuv9_medium-res-1200px-768x512.jpg 768w, https:\/\/www.greenpeace.org\/static\/planet4-brasil-stateless\/2026\/03\/e68dea62-gp1swuv9_medium-res-1200px-510x340.jpg 510w\" sizes=\"auto, (max-width: 1200px) 100vw, 1200px\" data-image-size=\"post-thumbnail\" data-stateless-media-bucket=\"planet4-brasil-stateless\" data-stateless-media-name=\"2026\/03\/e68dea62-gp1swuv9_medium-res-1200px.jpg\" \/><\/a><\/figure>\n\n\n<div class=\"wp-block-group is-layout-flow wp-block-group-is-layout-flow\">\n<div class=\"wp-block-group is-layout-flex wp-block-group-is-layout-flex\"><div class=\"wp-block-post-terms\"><a href=\"https:\/\/www.greenpeace.org\/brasil\/categoria\/justica-climatica\/eventos-extremos\/\">Eventos extremos<\/a><\/div>\n\n<div class=\"taxonomy-post_tag wp-block-post-terms\"><a href=\"https:\/\/www.greenpeace.org\/brasil\/tag\/cidades\/\" rel=\"tag\">Cidades<\/a><span class=\"wp-block-post-terms__separator\"> <\/span><a href=\"https:\/\/www.greenpeace.org\/brasil\/tag\/justica-climatica\/\" rel=\"tag\">Justi\u00e7a Clim\u00e1tica<\/a><\/div><\/div>\n\n\n<h3 class=\"wp-block-post-title\"><a href=\"https:\/\/www.greenpeace.org\/brasil\/imprensa\/greenpeace-brasil-alerta-que-pais-tem-politicas-publicas-climaticas-insuficientes-para-evitar-desastres-nos-municipios-como-os-de-minas-gerais\/\" target=\"_self\" >Greenpeace Brasil alerta que pa\u00eds tem pol\u00edticas p\u00fablicas clim\u00e1ticas insuficientes para evitar desastres nos munic\u00edpios, como os de Minas Gerais<\/a><\/h3>\n\n<div class=\"wp-block-post-excerpt\"><p class=\"wp-block-post-excerpt__excerpt\">Estudo tamb\u00e9m indica que atividade pode causar impactos irrevers\u00edveis em ecossistemas marinhos pouco conhecidos <\/p><\/div>\n\n\n<div class=\"wp-block-group posts-list-meta is-layout-flow wp-block-group-is-layout-flow\"><span class='article-list-item-author'><a href='https:\/\/www.greenpeace.org\/brasil\/author\/vini\/'>Vinicius Oliveira<\/a><\/span>\n\n<div class=\"wp-block-post-date\"><time datetime=\"2026-02-26T10:09:49-03:00\">26 de fevereiro de 2026<\/time><\/div><\/div>\n<\/div>\n<\/div>\n\n<\/li><li class=\"wp-block-post post-62957 post type-post status-publish format-standard has-post-thumbnail hentry category-oceanos tag-oceanos p4-page-type-imprensa\">\n\n<div class=\"wp-block-columns is-layout-flex wp-container-core-columns-is-layout-9d6595d7 wp-block-columns-is-layout-flex\"><figure class=\"wp-block-post-featured-image\"><a href=\"https:\/\/www.greenpeace.org\/brasil\/imprensa\/momento-historico-tratado-global-dos-oceanos-entra-em-vigor\/\" target=\"_self\"  ><img loading=\"lazy\" decoding=\"async\" width=\"1200\" height=\"800\" src=\"https:\/\/www.greenpeace.org\/static\/planet4-brasil-stateless\/2026\/03\/fedb7692-gp0stqhc4_medium-res-1200px.jpg\" class=\"attachment-post-thumbnail size-post-thumbnail wp-post-image wp-stateless-item\" alt=\"Momento hist\u00f3rico: Tratado Global dos Oceanos entra em vigor\" style=\"object-fit:cover;\" srcset=\"https:\/\/www.greenpeace.org\/static\/planet4-brasil-stateless\/2026\/03\/fedb7692-gp0stqhc4_medium-res-1200px.jpg 1200w, https:\/\/www.greenpeace.org\/static\/planet4-brasil-stateless\/2026\/03\/fedb7692-gp0stqhc4_medium-res-1200px-300x200.jpg 300w, https:\/\/www.greenpeace.org\/static\/planet4-brasil-stateless\/2026\/03\/fedb7692-gp0stqhc4_medium-res-1200px-1024x683.jpg 1024w, https:\/\/www.greenpeace.org\/static\/planet4-brasil-stateless\/2026\/03\/fedb7692-gp0stqhc4_medium-res-1200px-768x512.jpg 768w, https:\/\/www.greenpeace.org\/static\/planet4-brasil-stateless\/2026\/03\/fedb7692-gp0stqhc4_medium-res-1200px-510x340.jpg 510w\" sizes=\"auto, (max-width: 1200px) 100vw, 1200px\" data-image-size=\"post-thumbnail\" data-stateless-media-bucket=\"planet4-brasil-stateless\" data-stateless-media-name=\"2026\/03\/fedb7692-gp0stqhc4_medium-res-1200px.jpg\" \/><\/a><\/figure>\n\n\n<div class=\"wp-block-group is-layout-flow wp-block-group-is-layout-flow\">\n<div class=\"wp-block-group is-layout-flex wp-block-group-is-layout-flex\"><div class=\"wp-block-post-terms\"><a href=\"https:\/\/www.greenpeace.org\/brasil\/categoria\/oceanos\/\">Oceanos<\/a><\/div>\n\n<div class=\"taxonomy-post_tag wp-block-post-terms\"><a href=\"https:\/\/www.greenpeace.org\/brasil\/tag\/oceanos\/\" rel=\"tag\">Oceanos<\/a><\/div><\/div>\n\n\n<h3 class=\"wp-block-post-title\"><a href=\"https:\/\/www.greenpeace.org\/brasil\/imprensa\/momento-historico-tratado-global-dos-oceanos-entra-em-vigor\/\" target=\"_self\" >Momento hist\u00f3rico: Tratado Global dos Oceanos entra em vigor<\/a><\/h3>\n\n<div class=\"wp-block-post-excerpt\"><p class=\"wp-block-post-excerpt__excerpt\">Reconhecido como um marco da diplomacia cient\u00edfica negociado ao longo de 20 anos, Tratado \u00e9 o primeiro marco legal internacional para a conserva\u00e7\u00e3o da biodiversidade no alto-mar <\/p><\/div>\n\n\n<div class=\"wp-block-group posts-list-meta is-layout-flow wp-block-group-is-layout-flow\"><span class='article-list-item-author'><a href='https:\/\/www.greenpeace.org\/brasil\/author\/gpbrasil\/'>Greenpeace Brasil<\/a><\/span>\n\n<div class=\"wp-block-post-date\"><time datetime=\"2026-02-17T10:55:15-03:00\">17 de fevereiro de 2026<\/time><\/div><\/div>\n<\/div>\n<\/div>\n\n<\/li><li class=\"wp-block-post post-62627 post type-post status-publish format-standard has-post-thumbnail hentry category-amazonia tag-desmatamento p4-page-type-imprensa\">\n\n<div class=\"wp-block-columns is-layout-flex wp-container-core-columns-is-layout-9d6595d7 wp-block-columns-is-layout-flex\"><figure class=\"wp-block-post-featured-image\"><a href=\"https:\/\/www.greenpeace.org\/brasil\/imprensa\/brasil-pode-registrar-menor-taxa-de-desmatamento-da-serie-historica-na-amazonia-mas-atual-cenario-de-retrocessos-ambientais-preocupa\/\" target=\"_self\"  ><img loading=\"lazy\" decoding=\"async\" width=\"1200\" height=\"800\" src=\"https:\/\/www.greenpeace.org\/static\/planet4-brasil-stateless\/2026\/02\/fcd6762b-gp0su6mte_medium-res-1200px.jpg\" class=\"attachment-post-thumbnail size-post-thumbnail wp-post-image wp-stateless-item\" alt=\"Brasil pode registrar menor taxa de desmatamento da s\u00e9rie hist\u00f3rica na Amaz\u00f4nia, mas atual cen\u00e1rio de retrocessos ambientais preocupa\" style=\"object-fit:cover;\" srcset=\"https:\/\/www.greenpeace.org\/static\/planet4-brasil-stateless\/2026\/02\/fcd6762b-gp0su6mte_medium-res-1200px.jpg 1200w, https:\/\/www.greenpeace.org\/static\/planet4-brasil-stateless\/2026\/02\/fcd6762b-gp0su6mte_medium-res-1200px-300x200.jpg 300w, https:\/\/www.greenpeace.org\/static\/planet4-brasil-stateless\/2026\/02\/fcd6762b-gp0su6mte_medium-res-1200px-1024x683.jpg 1024w, https:\/\/www.greenpeace.org\/static\/planet4-brasil-stateless\/2026\/02\/fcd6762b-gp0su6mte_medium-res-1200px-768x512.jpg 768w, https:\/\/www.greenpeace.org\/static\/planet4-brasil-stateless\/2026\/02\/fcd6762b-gp0su6mte_medium-res-1200px-510x340.jpg 510w\" sizes=\"auto, (max-width: 1200px) 100vw, 1200px\" data-image-size=\"post-thumbnail\" data-stateless-media-bucket=\"planet4-brasil-stateless\" data-stateless-media-name=\"2026\/02\/fcd6762b-gp0su6mte_medium-res-1200px.jpg\" \/><\/a><\/figure>\n\n\n<div class=\"wp-block-group is-layout-flow wp-block-group-is-layout-flow\">\n<div class=\"wp-block-group is-layout-flex wp-block-group-is-layout-flex\"><div class=\"wp-block-post-terms\"><a href=\"https:\/\/www.greenpeace.org\/brasil\/categoria\/amazonia\/\">Amaz\u00f4nia<\/a><\/div>\n\n<div class=\"taxonomy-post_tag wp-block-post-terms\"><a href=\"https:\/\/www.greenpeace.org\/brasil\/tag\/desmatamento\/\" rel=\"tag\">Desmatamento<\/a><\/div><\/div>\n\n\n<h3 class=\"wp-block-post-title\"><a href=\"https:\/\/www.greenpeace.org\/brasil\/imprensa\/brasil-pode-registrar-menor-taxa-de-desmatamento-da-serie-historica-na-amazonia-mas-atual-cenario-de-retrocessos-ambientais-preocupa\/\" target=\"_self\" >Brasil pode registrar menor taxa de desmatamento da s\u00e9rie hist\u00f3rica na Amaz\u00f4nia, mas atual cen\u00e1rio de retrocessos ambientais preocupa<\/a><\/h3>\n\n<div class=\"wp-block-post-excerpt\"><p class=\"wp-block-post-excerpt__excerpt\">Greenpeace Brasil alerta que press\u00f5es do agroneg\u00f3cio sobre a Morat\u00f3ria da Soja e o Plano Clima, assim como cortes or\u00e7ament\u00e1rios para a \u00e1rea ambiental e ataques no Congresso Nacional podem&hellip; <\/p><\/div>\n\n\n<div class=\"wp-block-group posts-list-meta is-layout-flow wp-block-group-is-layout-flow\"><span class='article-list-item-author'><a href='https:\/\/www.greenpeace.org\/brasil\/author\/laismodelli\/'>La\u00eds Modelli<\/a><\/span>\n\n<div class=\"wp-block-post-date\"><time datetime=\"2026-02-12T13:59:58-03:00\">12 de fevereiro de 2026<\/time><\/div><\/div>\n<\/div>\n<\/div>\n\n<\/li><\/ul>\n\n\n<div class=\"wp-block-buttons carousel-controls is-horizontal is-content-justification-space-between is-nowrap is-layout-flex wp-container-core-buttons-is-layout-044bd602 wp-block-buttons-is-layout-flex\">\n<div class=\"wp-block-button carousel-control-prev\"><button type=\"button\" class=\"wp-block-button__link wp-element-button\">Anterior<\/button><\/div>\n\n\n\n<div class=\"wp-block-button carousel-control-next\"><button type=\"button\" class=\"wp-block-button__link wp-element-button\">Seguinte<\/button><\/div>\n<\/div>\n\n\n<li class=\" wp-block-navigation-item see-all-link wp-block-navigation-link\"><a class=\"wp-block-navigation-item__content\"  href=\"http:\/\/www.greenpeace.org\/brasil\/noticias-e-historias\/?post-type=imprensa\"><span class=\"wp-block-navigation-item__label\">See all stories<\/span><\/a><\/li><\/div>\n<div data-render=\"planet4-blocks\/columns\" data-attributes=\"{&quot;attributes&quot;:{&quot;columns&quot;:[{&quot;title&quot;:&quot;Quer receber os nossos press releases?&quot;,&quot;description&quot;:&quot;Envie um email para imprensa.br@greenpeace.org solicitando a inclus\\u00e3o dos seus contatos em nosso mailing de jornalistas&quot;,&quot;cta_text&quot;:&quot;Enviar e-mail&quot;,&quot;cta_link&quot;:&quot;mailto:imprensa.br@greenpeace.org&quot;,&quot;link_new_tab&quot;:false},{&quot;title&quot;:&quot;Conhe\\u00e7a a nossa biblioteca de imagens&quot;,&quot;description&quot;:&quot;Encontre fotos e v\\u00eddeos certos dentro de nossa extensa biblioteca. Se quiser licenciar ou precisa de ajuda para encontrar qualquer imagem, entre em contato com nossa equipe.&quot;,&quot;cta_text&quot;:&quot;Explore j\\u00e1&quot;,&quot;cta_link&quot;:&quot;http:\\\/\\\/media.greenpeace.org&quot;,&quot;link_new_tab&quot;:false}],&quot;className&quot;:&quot;is-style-no_image&quot;,&quot;columns_block_style&quot;:&quot;no_image&quot;}}\"><\/div>\n<p>N\u00e3o se esque\u00e7a de marcar os nossos emails como confi\u00e1veis, para que eles n\u00e3o caiam na sua caixa de spam. <\/p>\n\n<h3 class=\"wp-block-heading\">Contato:<\/h3>\n\n<p><strong>Ag\u00eancia Galo<\/strong><br>E-mail: <a href=\"mailto:imprensa.br@greenpeace.org\">imprensa.br@greenpeace.org<\/a><br>Tales Rocha: <a href=\"tel:+5511988701089\">11 98870-1089<\/a><br>Thiago Rebou\u00e7as: <a href=\"tel:+5511985623094\" data-type=\"tel\" data-id=\"tel:+5511985623094\">11 98562-3094<\/a><\/p>\n\n<p><br>Para outras informa\u00e7\u00f5es, acesse a p\u00e1gina&nbsp;<a href=\"https:\/\/www.greenpeace.org\/brasil\/fale-conosco\/\">Fale Conosco.<\/a><\/p>\n\n<p><\/p>\n","protected":false},"excerpt":{"rendered":"<p>Esta se\u00e7\u00e3o \u00e9 dedicada aos jornalistas e profissionais de comunica\u00e7\u00e3o. Aqui voc\u00ea encontra nossos \u00faltimos\u00a0press releases, imagens, v\u00eddeos e os contatos para conversar com nossa equipe de comunica\u00e7\u00e3o.<\/p>\n","protected":false},"author":28,"featured_media":2487,"parent":38697,"menu_order":0,"comment_status":"closed","ping_status":"closed","template":"","meta":{"ep_exclude_from_search":false,"p4_hide_page_title_checkbox":"on","p4_title":"","p4_subtitle":"","p4_description":"","background_image_id":"","background_image":"","p4_button_title":"","p4_button_link":"","p4_button_link_checkbox":"","p4_og_title":"","p4_og_description":"","p4_og_image":"","p4_og_image_id":"","p4_seo_canonical_url":"","p4_campaign_name":"not set","p4_local_project":"not set","p4_basket_name":"not set","p4_department":"","footnotes":""},"categories":[5],"tags":[],"class_list":["post-230","page","type-page","status-publish","has-post-thumbnail","hentry","category-greenpeace"],"_links":{"self":[{"href":"https:\/\/www.greenpeace.org\/brasil\/wp-json\/wp\/v2\/pages\/230","targetHints":{"allow":["GET"]}}],"collection":[{"href":"https:\/\/www.greenpeace.org\/brasil\/wp-json\/wp\/v2\/pages"}],"about":[{"href":"https:\/\/www.greenpeace.org\/brasil\/wp-json\/wp\/v2\/types\/page"}],"author":[{"embeddable":true,"href":"https:\/\/www.greenpeace.org\/brasil\/wp-json\/wp\/v2\/users\/28"}],"replies":[{"embeddable":true,"href":"https:\/\/www.greenpeace.org\/brasil\/wp-json\/wp\/v2\/comments?post=230"}],"version-history":[{"count":19,"href":"https:\/\/www.greenpeace.org\/brasil\/wp-json\/wp\/v2\/pages\/230\/revisions"}],"predecessor-version":[{"id":60190,"href":"https:\/\/www.greenpeace.org\/brasil\/wp-json\/wp\/v2\/pages\/230\/revisions\/60190"}],"up":[{"embeddable":true,"href":"https:\/\/www.greenpeace.org\/brasil\/wp-json\/wp\/v2\/pages\/38697"}],"wp:featuredmedia":[{"embeddable":true,"href":"https:\/\/www.greenpeace.org\/brasil\/wp-json\/wp\/v2\/media\/2487"}],"wp:attachment":[{"href":"https:\/\/www.greenpeace.org\/brasil\/wp-json\/wp\/v2\/media?parent=230"}],"wp:term":[{"taxonomy":"category","embeddable":true,"href":"https:\/\/www.greenpeace.org\/brasil\/wp-json\/wp\/v2\/categories?post=230"},{"taxonomy":"post_tag","embeddable":true,"href":"https:\/\/www.greenpeace.org\/brasil\/wp-json\/wp\/v2\/tags?post=230"}],"curies":[{"name":"wp","href":"https:\/\/api.w.org\/{rel}","templated":true}]}}