{"id":238,"date":"2018-05-14T12:47:19","date_gmt":"2018-05-14T12:47:19","guid":{"rendered":"https:\/\/k8s.p4.greenpeace.org\/defaultcontent\/?page_id=238"},"modified":"2025-06-23T11:37:26","modified_gmt":"2025-06-23T14:37:26","slug":"direitos-autorais","status":"publish","type":"page","link":"https:\/\/www.greenpeace.org\/brasil\/direitos-autorais\/","title":{"rendered":"Direitos Autorais"},"content":{"rendered":"\n                \n                <div class=\"wp-block-group alignfull is-layout-flow wp-block-group-is-layout-flow\">\n                \n                <div class=\"wp-block-group container is-layout-flow wp-block-group-is-layout-flow\">\n                \n                <div class=\"wp-block-media-text alignfull has-media-on-the-right is-stacked-on-mobile is-pattern-p4-page-header is-style-parallax\">\n\n                <div class=\"wp-block-media-text__content\">\n                    <div class=\"wp-block-group is-layout-flow wp-block-group-is-layout-flow\">\n                    \n                        <h1 class=\"wp-block-heading has-white-background-color has-background\">\n                            Direitos autorais\n                        <\/h1>\n                    <\/div>\n                \n\n                \n                        <p style=\"font-size:1.25rem\">\n                            O Greenpeace Brasil incentiva a reprodu\u00e7\u00e3o e distribui\u00e7\u00e3o de nossos\r\nmateriais, produtos eletr\u00f4nicos e\/ou servi\u00e7os, incluindo nosso nome e logotipo.\r\n\r\nNo entanto, existem limites para esses usos e \u00e9 importante conhecer as\r\nseguintes regras.\n                        <\/p>\n                    \n\n                \n\n                <\/div>\n                <figure class=\"wp-block-media-text__media\">\n                    <img loading=\"lazy\" decoding=\"async\" width=\"1024\" height=\"683\"\n                        src=\"https:\/\/www.greenpeace.org\/static\/planet4-brasil-stateless\/2018\/05\/63675cec-preparing-the-22planet-earth-first22-hot-air-balloon-in-hamburg.jpg\"\n                        alt=\"\"\n                        sizes=\"auto, (min-width: 601px) 50vw, 100vw\" srcset=\"https:\/\/www.greenpeace.org\/static\/planet4-brasil-stateless\/2018\/05\/63675cec-preparing-the-22planet-earth-first22-hot-air-balloon-in-hamburg.jpg 1024w, https:\/\/www.greenpeace.org\/static\/planet4-brasil-stateless\/2018\/05\/63675cec-preparing-the-22planet-earth-first22-hot-air-balloon-in-hamburg-300x200.jpg 300w, https:\/\/www.greenpeace.org\/static\/planet4-brasil-stateless\/2018\/05\/63675cec-preparing-the-22planet-earth-first22-hot-air-balloon-in-hamburg-768x512.jpg 768w, https:\/\/www.greenpeace.org\/static\/planet4-brasil-stateless\/2018\/05\/63675cec-preparing-the-22planet-earth-first22-hot-air-balloon-in-hamburg-510x340.jpg 510w\" class=\"wp-image-66 size-full\"\n                    \/>\n                <\/figure>\n                <\/div>\n                \n                <\/div>\n                \n                <\/div>\n                \n                <p>                Nossos materiais hospedados no dom\u00ednio <strong>greenpeace.org\/brasil<\/strong> s\u00e3o gratuitos para uso pessoal ou educacional. Se voc\u00ea quiser capturar imagens de tela para serem usadas em um livro educacional, ou se quiser reproduzir um artigo em seu boletim informativo comunit\u00e1rio, n\u00e3o h\u00e1 a necessidade de pedir permiss\u00e3o \u2013 desde que voc\u00ea cumpra algumas condi\u00e7\u00f5es b\u00e1sicas.<\/p>\n<p>Proibimos expressamente o uso de qualquer material do Greenpeace que apare\u00e7a neste site e\/ou o nome e logotipo do Greenpeace, para:<\/p>\n<ul>\n<li><strong>ganho pessoal ou corporativo<\/strong>, exceto por permiss\u00e3o expressa, conforme indicado abaixo;<\/li>\n<li><strong>propaganda pol\u00edtica partid\u00e1ria<\/strong> ou a sugest\u00e3o de endosso ou apoio do Greenpeace a qualquer candidato a cargo p\u00fablico;<\/li>\n<li>qualquer sugest\u00e3o de endosso do Greenpeace a um <strong>produto<\/strong> ou pol\u00edtica em que tal endosso n\u00e3o tenha sido explicitamente feito pelo pr\u00f3prio Greenpeace;<\/li>\n<li>qualquer sugest\u00e3o de endosso do Greenpeace a, ou conex\u00e3o com, websites que o Greenpeace, a seu exclusivo crit\u00e9rio, considere de natureza ilegal ou censur\u00e1vel, incluindo conte\u00fado obsceno, violento e intolerante ou que possa denegrir a outrem ou que contenha material de cunho sexual;<\/li>\n<li>qualquer representa\u00e7\u00e3o falsa de si como um escrit\u00f3rio, funcion\u00e1rio, agente ou porta-voz oficial do Greenpeace, ou qualquer representa\u00e7\u00e3o falsa de que voc\u00ea esteja arrecadando fundos ou doa\u00e7\u00f5es para o Greenpeace.<\/li>\n<\/ul>\n<h4>Links para o nosso site<\/h4>\n<p>Adoramos quando voc\u00ea se conecta conosco e ajuda a divulgar nossas campanhas a favor do meio ambiente. Voc\u00ea n\u00e3o precisa de permiss\u00e3o para fazer isso. Convidamos voc\u00ea a acessar nosso site principal ou qualquer uma das \u00e1reas de interesse que encontrar l\u00e1 e compartilhar o nosso conte\u00fado.<\/p>\n<h4>O logotipo do Greenpeace<\/h4>\n<p>O nome \u201cGreenpeace\u201d, incluindo o logotipo do Greenpeace, \u00e9 uma marca registrada internacionalmente pertencente ao Stichting Greenpeace Council (Conselho Gestor do Greenpeace Internacional). O uso da marca \u00e9 concedido sob as seguintes condi\u00e7\u00f5es:<\/p>\n<ul>\n<li>ser\u00e1 puramente para fins referenciais e n\u00e3o comerciais;<\/li>\n<li>voc\u00ea n\u00e3o pode usar o nome e\/ou logotipo de qualquer forma que indique ou crie a impress\u00e3o de que o Greenpeace endossa, aprova, patrocina ou \u00e9 afiliado a quaisquer produtos, servi\u00e7os ou mercadorias dispon\u00edveis no seu website;<\/li>\n<li>banners com o nome e\/ou logotipo s\u00f3 podem ser usados \u200b\u200bcom o prop\u00f3sito de serem vinculados ao site do Greenpeace conforme designado no link, e esses links devem sempre ser links ativos;<\/li>\n<li>o nome e\/ou logotipo n\u00e3o podem ser combinados com quaisquer outros elementos gr\u00e1ficos; nem podem ser alterados de qualquer forma, incluindo fonte, design, arranjo, cores ou elementos; nem podem ser animados, transformados ou distorcidos em perspectiva ou apar\u00eancia;<\/li>\n<li>o nome e\/ou logotipo n\u00e3o podem aparecer com mais destaque do que o nome do site em que foram inseridos;<\/li>\n<li>para fins educacionais ou materiais did\u00e1ticos, a utiliza\u00e7\u00e3o do logo do Greenpeace \u00e9 permitida, desde que acompanhada por um texto explicativo sobre a organiza\u00e7\u00e3o.<\/li>\n<\/ul>\n<p>Se voc\u00ea usar o logotipo em um site, por favor inclua o texto \u201cMarca Registrada do <strong>Stichting Greenpeace Council<\/strong>\u201d na tag alternativa.<\/p>\n<p>A marca registrada continua sendo de propriedade exclusiva do <strong>Greenpeace<br \/>\nInternacional<\/strong> e, ao us\u00e1-la, voc\u00ea concorda que n\u00e3o dever\u00e1, de forma alguma, registrar ou tentar registrar a marca ou contestar tal registro.<\/p>\n<h4>Artigos e Textos<\/h4>\n<p>Artigos e textos produzidos pelo Greenpeace Brasil s\u00e3o gratuitos para uso pessoal ou educacional. Por favor, inclua uma nota dizendo: \u201cFonte: Greenpeace (https:\/\/www.greenpeace.org\/brasil)\u201d e reproduza qualquer informa\u00e7\u00e3o de assinatura ou copyright (direito de reprodu\u00e7\u00e3o) fornecida no original.<\/p>\n<p>Os artigos e textos de fontes de terceiros permanecem como propriedade intelectual e direitos autorais dessas fontes de terceiros, e a permiss\u00e3o para uso deve ser solicitada \u00e0s fontes originais.<\/p>\n<h4>Fotos<\/h4>\n<p>Quando as informa\u00e7\u00f5es de direitos autorais n\u00e3o estiverem presentes, seja em uma legenda ou gravadas na foto, a atribui\u00e7\u00e3o pode ser encontrada inspecionando a imagem, clicando com o bot\u00e3o direito do mouse na imagem e selecionando \u201cInspecionar\u201d ou \u201cExibir Informa\u00e7\u00f5es\u201d.<\/p>\n<p>\u00a9 = Todos os direitos reservados \u00e0(s) pessoa(s) ou entidades nomeadas.<\/p>\n<p>Qualquer outro uso das imagens (como para ganho pessoal ou corporativo) requer permiss\u00e3o da Biblioteca de M\u00eddia do Greenpeace Internacional. O uso comercial de qualquer imagem do Greenpeace sem permiss\u00e3o constitui uma viola\u00e7\u00e3o de direitos autorais e pode infringir outros direitos.<\/p>\n<p>As imagens noticiosas de qualidade de reprodu\u00e7\u00e3o (ou de qualidade Press Media, com tamanho de 2.500px no lado maior) distribu\u00eddas pelo Greenpeace a jornalistas e ag\u00eancias devem ser usadas dentro de catorze dias, e o arquivamento e\/ou revenda dessas imagens \u00e9 estritamente proibido. Ap\u00f3s catorze dias, <a href=\"https:\/\/www.greenpeace.org\/brasil\/imprensa\/\">entre em contato conosco<\/a> para obter o licenciamento.<\/p>\n<h4>V\u00eddeo<\/h4>\n<p>O uso de v\u00eddeo est\u00e1 sujeito \u00e0s mesmas condi\u00e7\u00f5es que os fotos acima. No entanto, \u00e9 necess\u00e1rio compreender que nem todos os nossos v\u00eddeos est\u00e3o dispon\u00edveis para download.<\/p>\n<h4>An\u00fancios publicit\u00e1rios<\/h4>\n<p>A utiliza\u00e7\u00e3o de an\u00fancios publicit\u00e1rios j\u00e1 veiculados em meio digital ou impresso \u00e9 livre para uso pessoal, educativo ou em materiais did\u00e1ticos, desde que citado o cr\u00e9dito ao Greenpeace e \u00e0 ag\u00eancia de publicidade criadora do conte\u00fado. As pe\u00e7as <a href=\"https:\/\/www.greenpeace.org\/brasil\/imprensa\/divulgue-o-greenpeace\/\">podem ser acessadas aqui<\/a>.<\/p>\n","protected":false},"excerpt":{"rendered":"<p>O Greenpeace Brasil incentiva a reprodu\u00e7\u00e3o e distribui\u00e7\u00e3o de nossos materiais, por\u00e9m com alguns limites de usos. Confira as regras b\u00e1sicas. <\/p>\n","protected":false},"author":28,"featured_media":3005,"parent":0,"menu_order":0,"comment_status":"closed","ping_status":"closed","template":"page-templates\/evergreen.php","meta":{"ep_exclude_from_search":false,"p4_hide_page_title_checkbox":"on","p4_title":"","p4_subtitle":"","p4_description":"","background_image_id":"","background_image":"","p4_button_title":"","p4_button_link":"","p4_button_link_checkbox":"","p4_og_title":"","p4_og_description":"","p4_og_image":"","p4_og_image_id":"","p4_seo_canonical_url":"","p4_campaign_name":"","p4_local_project":"","p4_basket_name":"","p4_department":"","footnotes":""},"categories":[5],"tags":[],"class_list":["post-238","page","type-page","status-publish","has-post-thumbnail","hentry","category-greenpeace"],"_links":{"self":[{"href":"https:\/\/www.greenpeace.org\/brasil\/wp-json\/wp\/v2\/pages\/238","targetHints":{"allow":["GET"]}}],"collection":[{"href":"https:\/\/www.greenpeace.org\/brasil\/wp-json\/wp\/v2\/pages"}],"about":[{"href":"https:\/\/www.greenpeace.org\/brasil\/wp-json\/wp\/v2\/types\/page"}],"author":[{"embeddable":true,"href":"https:\/\/www.greenpeace.org\/brasil\/wp-json\/wp\/v2\/users\/28"}],"replies":[{"embeddable":true,"href":"https:\/\/www.greenpeace.org\/brasil\/wp-json\/wp\/v2\/comments?post=238"}],"version-history":[{"count":9,"href":"https:\/\/www.greenpeace.org\/brasil\/wp-json\/wp\/v2\/pages\/238\/revisions"}],"predecessor-version":[{"id":57916,"href":"https:\/\/www.greenpeace.org\/brasil\/wp-json\/wp\/v2\/pages\/238\/revisions\/57916"}],"wp:featuredmedia":[{"embeddable":true,"href":"https:\/\/www.greenpeace.org\/brasil\/wp-json\/wp\/v2\/media\/3005"}],"wp:attachment":[{"href":"https:\/\/www.greenpeace.org\/brasil\/wp-json\/wp\/v2\/media?parent=238"}],"wp:term":[{"taxonomy":"category","embeddable":true,"href":"https:\/\/www.greenpeace.org\/brasil\/wp-json\/wp\/v2\/categories?post=238"},{"taxonomy":"post_tag","embeddable":true,"href":"https:\/\/www.greenpeace.org\/brasil\/wp-json\/wp\/v2\/tags?post=238"}],"curies":[{"name":"wp","href":"https:\/\/api.w.org\/{rel}","templated":true}]}}