{"id":240,"date":"2018-05-14T12:50:41","date_gmt":"2018-05-14T12:50:41","guid":{"rendered":"https:\/\/k8s.p4.greenpeace.org\/defaultcontent\/?page_id=240"},"modified":"2025-06-23T11:37:22","modified_gmt":"2025-06-23T14:37:22","slug":"politica-de-comunidade","status":"publish","type":"page","link":"https:\/\/www.greenpeace.org\/brasil\/politica-de-comunidade\/","title":{"rendered":"Pol\u00edtica de Comunidade"},"content":{"rendered":"\n                \n                <div class=\"wp-block-group alignfull is-layout-flow wp-block-group-is-layout-flow\">\n                \n                <div class=\"wp-block-group container is-layout-flow wp-block-group-is-layout-flow\">\n                \n                <div class=\"wp-block-media-text alignfull has-media-on-the-right is-stacked-on-mobile is-pattern-p4-page-header is-style-parallax\">\n\n                <div class=\"wp-block-media-text__content\">\n                    <div class=\"wp-block-group is-layout-flow wp-block-group-is-layout-flow\">\n                    \n                        <h1 class=\"wp-block-heading has-white-background-color has-background\">\n                            Pol\u00edtica de Comunidade\n                        <\/h1>\n                    <\/div>\n                \n\n                \n                        <p style=\"font-size:1.25rem\">\n                            <span style=\"font-weight: 400\">Acreditamos que todos merecem uma chance de expressar suas opini\u00f5es para que possamos encontrar um terreno comum para o di\u00e1logo. Buscamos uma maneira de nos comprometermos com isso e que permita a todos n\u00f3s avan\u00e7ar em dire\u00e7\u00e3o a um futuro melhor.<\/span>\r\n\r\n<span style=\"font-weight: 400\">No Greenpeace batalhamos para criar um mundo mais verde e pac\u00edfico e uma ferramenta muito importante neste processo \u00e9 o estabelecimento de uma comunica\u00e7\u00e3o <strong>simples, aberta e honesta<\/strong>.<\/span>\n                        <\/p>\n                    \n\n                \n\n                <\/div>\n                <figure class=\"wp-block-media-text__media\">\n                    <img loading=\"lazy\" decoding=\"async\" width=\"1200\" height=\"800\"\n                        src=\"https:\/\/www.greenpeace.org\/static\/planet4-brasil-stateless\/2018\/07\/4528ae08-gp0sts0nj_medium_res_with_credit_line.jpg\"\n                        alt=\"\"\n                        sizes=\"auto, (min-width: 601px) 50vw, 100vw\" srcset=\"https:\/\/www.greenpeace.org\/static\/planet4-brasil-stateless\/2018\/07\/4528ae08-gp0sts0nj_medium_res_with_credit_line.jpg 1200w, https:\/\/www.greenpeace.org\/static\/planet4-brasil-stateless\/2018\/07\/4528ae08-gp0sts0nj_medium_res_with_credit_line-300x200.jpg 300w, https:\/\/www.greenpeace.org\/static\/planet4-brasil-stateless\/2018\/07\/4528ae08-gp0sts0nj_medium_res_with_credit_line-768x512.jpg 768w, https:\/\/www.greenpeace.org\/static\/planet4-brasil-stateless\/2018\/07\/4528ae08-gp0sts0nj_medium_res_with_credit_line-1024x683.jpg 1024w, https:\/\/www.greenpeace.org\/static\/planet4-brasil-stateless\/2018\/07\/4528ae08-gp0sts0nj_medium_res_with_credit_line-510x340.jpg 510w\" class=\"wp-image-449 size-full\"\n                    \/>\n                <\/figure>\n                <\/div>\n                \n                <\/div>\n                \n                <\/div>\n                \n                \n<h3 class=\"wp-block-heading\"><strong>Conhe\u00e7a as regras para coment\u00e1rios<\/strong><\/h3>\n\n<p>Acreditamos que todos merecem uma chance de expressar suas opini\u00f5es para que possamos ter um di\u00e1logo. Buscamos uma maneira que permita a todos n\u00f3s avan\u00e7ar em dire\u00e7\u00e3o a um futuro melhor.<\/p>\n\n<p>No Greenpeace batalhamos para criar um mundo mais verde e pac\u00edfico e uma ferramenta muito importante neste processo \u00e9 o estabelecimento de uma comunica\u00e7\u00e3o simples, aberta e honesta. Juntos, vamos criar um ambiente em que voc\u00ea, nossa comunidade, saiba que sua voz ser\u00e1 escutada &#8211; onde voc\u00ea se sente confort\u00e1vel, intelectualmente estimulado e apoiado &#8211; \u00e9 fundamental para cultivar uma comunidade orientada para o impacto, onde ajudamos uns aos outros a crescer como porta-vozes exponenciais e mudar o mundo.<\/p>\n\n<p>\u00c9 por isso que a se\u00e7\u00e3o de coment\u00e1rios, tanto do nosso site quanto nos nossos perfis em redes sociais, e isso inclui todos aqueles postando em nome do Greenpeace, \u00e9 um espa\u00e7o importante e seguro para que todos n\u00f3s, inclusive aqueles que n\u00e3o compartilham nossa vis\u00e3o, possam conversar e trocar ideias uns com os outros.<\/p>\n\n<p>N\u00f3s incentivamos o debate e as discuss\u00f5es pois acreditamos que muitas vezes surgem da\u00ed as melhores ideias. N\u00f3s amamos ver pessoas defendendo apaixonadamente o que acreditam e terem a oportunidade de ouvirem novas ideias e novas formas de encarar um problema. No entanto, n\u00f3s acreditamos firmemente que esses di\u00e1logos t\u00eam de ser honestos e respeitosos para serem produtivos.<\/p>\n\n<p><strong>Veja como voc\u00ea pode dar o seu melhor como membro da nossa comunidade:<\/strong><\/p>\n\n<ol class=\"wp-block-list\"><li>Fale a verdade. N\u00e3o ser\u00e3o aceitos coment\u00e1rios que disputam fatos estabelecidos, como a exist\u00eancia das mudan\u00e7as clim\u00e1ticas.<\/li><li>Seja honesto com rela\u00e7\u00e3o a quem voc\u00ea \u00e9 e por que voc\u00ea est\u00e1 aqui. Se voc\u00ea representa os interesses de governos ou empresas, se voc\u00ea est\u00e1 sendo pago pelas vis\u00f5es que est\u00e1 expressando ou existe um conflito de interesse, voc\u00ea pode contribuir para as conversas. No entanto, por favor, deixe claro que este \u00e9 o caso, para que as demais pessoas comentando tenham acesso ao contexto por tr\u00e1s do que est\u00e1 sendo dito.<\/li><li>Seja civilizado e respeitoso no que voc\u00ea diz. Se voc\u00ea n\u00e3o gostaria que algo fosse dito para voc\u00ea, n\u00e3o diga para outra pessoa. Isso significa que nenhum tipo de discrimina\u00e7\u00e3o, ataque pessoal, linguagem inadequada, declara\u00e7\u00f5es difamat\u00f3rias e incita\u00e7\u00f5es \u00e0 viol\u00eancia ser\u00e3o permitidos.&nbsp;<\/li><li>Permita a todos a chance de participar \u2013 n\u00f3s poderemos remover postagens se voc\u00ea multiplicar desnecessariamente os posts, um ap\u00f3s o outro, para n\u00e3o sobrecarregar as conversas.<\/li><li>Mantenha o foco no assunto que est\u00e1 sendo discutido. Isso facilita que outras pessoas se envolvam na conversa.<\/li><li>Converse, n\u00e3o venda. Esse \u00e9 um espa\u00e7o para debater temas importantes, ent\u00e3o por favor, evite atividades comerciais ou promo\u00e7\u00f5es em massa. N\u00f3s temos uma pol\u00edtica de toler\u00e2ncia zero com <em>spam<\/em>.<\/li><li>Identifique e ajude a resolver problemas: ofere\u00e7a uma ideia, inicie um di\u00e1logo que acolha abordagens variadas. Assuma a melhor inten\u00e7\u00e3o, ou\u00e7a as pessoas, ofere\u00e7a uma m\u00e3o amiga. Fa\u00e7a uma conex\u00e3o. Compartilhe conselhos, habilidades e recursos.<\/li><\/ol>\n\n<p><strong>Comportamentos inaceit\u00e1veis:<\/strong><\/p>\n\n<p>Os comportamentos a seguir n\u00e3o t\u00eam lugar em nossa Comunidade:<\/p>\n\n<ol class=\"wp-block-list\"><li>Racismo, sexismo, misoginia, ass\u00e9dio de qualquer tipo, discrimina\u00e7\u00e3o com base em ra\u00e7a, g\u00eanero, orienta\u00e7\u00e3o sexual, religi\u00e3o ou qualquer outra caracter\u00edstica de identifica\u00e7\u00e3o;<\/li><li>Di\u00e1logo abusivo, amea\u00e7as verbais ou instigar conflitos entre nossos seguidores;<\/li><li>Uso indevido de informa\u00e7\u00f5es do Greenpeace, membros ou outras informa\u00e7\u00f5es propriet\u00e1rias da organiza\u00e7\u00e3o;<\/li><li>Uso indevido do nome Greenpeace Brasil&nbsp; (Retratar-se como um representante da organiza\u00e7\u00e3o, enganar outras pessoas sobre seu relacionamento com o Greenpeace ou apresentar suas pr\u00f3prias opini\u00f5es ou iniciativas como sendo do Greenpeace sem consentimento expresso por escrito)&nbsp;<\/li><\/ol>\n\n<p><strong><em>Observa\u00e7\u00e3o:<\/em><\/strong><em> Todos os embaixadores de nossas campanhas s\u00e3o escolhidos de acordo com diversos crit\u00e9rios pautados pela \u00e9tica e responsabilidade socioambiental, incluindo o amor pelo planeta. Qualquer comportamento inadequado que desrespeite a natureza e todas as formas de vida que nela habitam, nos comprometemos a acompanhar o caso a caso para que, possamos agir de acordo com nossos valores, e evitar que isso se repita. \u00c9 importante destacar que somos uma ONG e, portanto, nenhuma personalidade recebe recursos financeiros para apoiar as nossas campanhas!&nbsp;<\/em><\/p>\n\n<p>N\u00f3s acreditamos que a liberdade de express\u00e3o e a troca livre de ideias s\u00e3o extremamente importantes, e por isso defendemos ativamente esses valores. Isso significa que se identificarmos que voc\u00ea est\u00e1 aqui simplesmente para <em>trollar <\/em>ou n\u00e3o est\u00e1 sendo verdadeiro sobre seus interesses neste espa\u00e7o, n\u00f3s tomaremos medidas para proteger o esp\u00edrito desta comunidade.<\/p>\n\n<p>Esses passos podem incluir apagar o seu coment\u00e1rio, editar seu coment\u00e1rio para remover conte\u00fado promocional, o fechamento de t\u00f3picos e at\u00e9 o banimento de contas. N\u00f3s tamb\u00e9m podemos desligar a se\u00e7\u00e3o de coment\u00e1rios de algum post espec\u00edfico ou de todo o site, caso acreditemos que existe um ataque orquestrado sendo realizado.<\/p>\n\n<p>Para viola\u00e7\u00f5es graves de nossas Diretrizes da comunidade, sinta-se \u00e0 vontade para relatar incidentes preocupantes anonimamente ou com informa\u00e7\u00f5es de contato para acompanhamento. <a href=\"https:\/\/docs.google.com\/forms\/d\/e\/1FAIpQLScUI39lTpSm_4Ahw9YLz63GjWqNjaI1u-GNAGDo0iQIDMZKIg\/viewform\">Clique aqui para acessar o formul\u00e1rio.<\/a><\/p>\n\n<p>N\u00f3s buscamos assegurar que todo o conte\u00fado em nosso site seja acurado e consistente com nossas vis\u00f5es e valores. No entanto, o conte\u00fado e os coment\u00e1rios realizados por membros da comunidade s\u00e3o escritos por pessoas comuns como voc\u00ea. N\u00f3s esperamos que voc\u00ea entenda que eles n\u00e3o necessariamente representam as vis\u00f5es do Greenpeace Internacional ou dos escrit\u00f3rios do Greenpeace de qualquer pa\u00eds ou regi\u00e3o. Se voc\u00ea est\u00e1 buscando a palavra oficial do Greenpeace Internacional, por favor confira nossos <em>press releases<\/em>, publica\u00e7\u00f5es e p\u00e1ginas de assuntos<\/p>\n","protected":false},"excerpt":{"rendered":"<p>No Greenpeace batalhamos para criar um mundo mais verde e pac\u00edfico e uma ferramenta muito importante neste processo \u00e9 o estabelecimento de uma comunica\u00e7\u00e3o simples, aberta e honesta.<\/p>\n","protected":false},"author":28,"featured_media":3023,"parent":0,"menu_order":0,"comment_status":"closed","ping_status":"closed","template":"page-templates\/evergreen.php","meta":{"ep_exclude_from_search":false,"p4_hide_page_title_checkbox":"on","p4_title":"","p4_subtitle":"","p4_description":"","background_image_id":"","background_image":"","p4_button_title":"","p4_button_link":"","p4_button_link_checkbox":"","p4_og_title":"","p4_og_description":"","p4_og_image":"","p4_og_image_id":"","p4_seo_canonical_url":"","p4_campaign_name":"not set","p4_local_project":"not set","p4_basket_name":"not set","p4_department":"","footnotes":""},"categories":[5],"tags":[],"class_list":["post-240","page","type-page","status-publish","has-post-thumbnail","hentry","category-greenpeace"],"_links":{"self":[{"href":"https:\/\/www.greenpeace.org\/brasil\/wp-json\/wp\/v2\/pages\/240","targetHints":{"allow":["GET"]}}],"collection":[{"href":"https:\/\/www.greenpeace.org\/brasil\/wp-json\/wp\/v2\/pages"}],"about":[{"href":"https:\/\/www.greenpeace.org\/brasil\/wp-json\/wp\/v2\/types\/page"}],"author":[{"embeddable":true,"href":"https:\/\/www.greenpeace.org\/brasil\/wp-json\/wp\/v2\/users\/28"}],"replies":[{"embeddable":true,"href":"https:\/\/www.greenpeace.org\/brasil\/wp-json\/wp\/v2\/comments?post=240"}],"version-history":[{"count":11,"href":"https:\/\/www.greenpeace.org\/brasil\/wp-json\/wp\/v2\/pages\/240\/revisions"}],"predecessor-version":[{"id":57915,"href":"https:\/\/www.greenpeace.org\/brasil\/wp-json\/wp\/v2\/pages\/240\/revisions\/57915"}],"wp:featuredmedia":[{"embeddable":true,"href":"https:\/\/www.greenpeace.org\/brasil\/wp-json\/wp\/v2\/media\/3023"}],"wp:attachment":[{"href":"https:\/\/www.greenpeace.org\/brasil\/wp-json\/wp\/v2\/media?parent=240"}],"wp:term":[{"taxonomy":"category","embeddable":true,"href":"https:\/\/www.greenpeace.org\/brasil\/wp-json\/wp\/v2\/categories?post=240"},{"taxonomy":"post_tag","embeddable":true,"href":"https:\/\/www.greenpeace.org\/brasil\/wp-json\/wp\/v2\/tags?post=240"}],"curies":[{"name":"wp","href":"https:\/\/api.w.org\/{rel}","templated":true}]}}