{"id":2485,"date":"2018-07-19T13:50:15","date_gmt":"2018-07-19T13:50:15","guid":{"rendered":"https:\/\/www.greenpeace.org\/brasil\/?page_id=2485"},"modified":"2025-06-23T11:37:19","modified_gmt":"2025-06-23T14:37:19","slug":"divulgue-o-greenpeace","status":"publish","type":"page","link":"https:\/\/www.greenpeace.org\/brasil\/divulgue-o-greenpeace\/","title":{"rendered":"Divulgue o Greenpeace"},"content":{"rendered":"\n                    <div class=\"wp-block-group is-vertical is-layout-flex wp-container-core-group-is-layout-8cf370e7 wp-block-group-is-layout-flex\">\n                    \n                                <p>Este espa\u00e7o \u00e9 dedicado aos ve\u00edculos de comunica\u00e7\u00e3o, canais do YouTube ou novas m\u00eddias que desejam apoiar o Greenpeace e veicular nossas campanhas publicit\u00e1rias nos seus meios, ampliando seu alcance entre a popula\u00e7\u00e3o.\r\n\r\nO uso deste material \u00e9 gratuito e agradecemos a todos que nos apoiaram e fizeram quest\u00e3o de divulgar nossas campanhas em seus ve\u00edculos de comunica\u00e7\u00e3o. Somos imensamente gratos pelo apoio.<\/p>\n                            \n\n                    \n                    <\/div>\n                    <div data-render=\"planet4-blocks\/columns\" data-attributes=\"{&quot;attributes&quot;:{&quot;columns_block_style&quot;:&quot;icons&quot;,&quot;columns&quot;:[{&quot;attachment&quot;:&quot;https:\\\/\\\/www.greenpeace.org\\\/static\\\/planet4-brasil-stateless\\\/2018\\\/07\\\/video-camera-1-150x150.png&quot;,&quot;title&quot;:&quot;V\\u00eddeos publicit\\u00e1rios&quot;,&quot;description&quot;:&quot;Arquivos de v\\u00eddeo em alta resolu\\u00e7\\u00e3o para divulga\\u00e7\\u00e3o na TV ou em canais do YouTube.&quot;,&quot;cta_text&quot;:&quot;Acesse os materiais&quot;,&quot;cta_link&quot;:&quot;https:\\\/\\\/www.greenpeace.org\\\/brasil\\\/imprensa\\\/divulgue-o-greenpeace\\\/videos-publicitarios\\\/&quot;,&quot;attachment_srcset&quot;:&quot;https:\\\/\\\/www.greenpeace.org\\\/static\\\/planet4-brasil-stateless\\\/2018\\\/07\\\/video-camera-1-150x150.png 150w, https:\\\/\\\/www.greenpeace.org\\\/static\\\/planet4-brasil-stateless\\\/2018\\\/07\\\/video-camera-1.png 256w&quot;},{&quot;attachment&quot;:&quot;https:\\\/\\\/www.greenpeace.org\\\/static\\\/planet4-brasil-stateless\\\/2018\\\/07\\\/newspaper-1-150x150.png&quot;,&quot;title&quot;:&quot;M\\u00eddia impressa&quot;,&quot;description&quot;:&quot;Arquivos voltados para publica\\u00e7\\u00e3o em revistas e jornais.&quot;,&quot;cta_text&quot;:&quot;Acesse os materiais&quot;,&quot;cta_link&quot;:&quot;https:\\\/\\\/www.greenpeace.org\\\/brasil\\\/imprensa\\\/divulgue-o-greenpeace\\\/midia-impressa\\\/&quot;,&quot;attachment_srcset&quot;:&quot;https:\\\/\\\/www.greenpeace.org\\\/static\\\/planet4-brasil-stateless\\\/2018\\\/07\\\/newspaper-1-150x150.png 150w, https:\\\/\\\/www.greenpeace.org\\\/static\\\/planet4-brasil-stateless\\\/2018\\\/07\\\/newspaper-1.png 256w&quot;},{&quot;attachment&quot;:&quot;https:\\\/\\\/www.greenpeace.org\\\/static\\\/planet4-brasil-stateless\\\/2018\\\/07\\\/icon-1-150x150.png&quot;,&quot;title&quot;:&quot;Spots de \\u00e1udio&quot;,&quot;description&quot;:&quot;Pe\\u00e7as para uso em r\\u00e1dios ou podcasts.&quot;,&quot;cta_text&quot;:&quot;Acesse os materiais&quot;,&quot;cta_link&quot;:&quot;https:\\\/\\\/www.greenpeace.org\\\/brasil\\\/imprensa\\\/divulgue-o-greenpeace\\\/spots-de-audio&quot;,&quot;attachment_srcset&quot;:&quot;https:\\\/\\\/www.greenpeace.org\\\/static\\\/planet4-brasil-stateless\\\/2018\\\/07\\\/icon-1-150x150.png 150w, https:\\\/\\\/www.greenpeace.org\\\/static\\\/planet4-brasil-stateless\\\/2018\\\/07\\\/icon-1.png 256w&quot;}]}}\"><\/div><div data-render=\"planet4-blocks\/happypoint\" data-attributes=\"{&quot;attributes&quot;:{&quot;focus_image&quot;:&quot;0% 0%&quot;,&quot;mailing_list_iframe&quot;:true,&quot;opacity&quot;:30,&quot;iframe_url&quot;:&quot;&quot;,&quot;embed_code&quot;:&quot;&quot;,&quot;override_default_content&quot;:&quot;false&quot;,&quot;local_content_provider&quot;:&quot;none&quot;}}\"><\/div>","protected":false},"excerpt":{"rendered":"<p>Este espa\u00e7o \u00e9 dedicado aos ve\u00edculos de comunica\u00e7\u00e3o, canais do YouTube ou novas m\u00eddias que desejam apoiar o Greenpeace e veicular nossas campanhas publicit\u00e1rias nos seus meios, ampliando seu alcance entre a popula\u00e7\u00e3o.<\/p>\n","protected":false},"author":28,"featured_media":2413,"parent":0,"menu_order":0,"comment_status":"closed","ping_status":"closed","template":"","meta":{"ep_exclude_from_search":false,"p4_hide_page_title_checkbox":"","p4_title":"","p4_subtitle":"","p4_description":"","background_image_id":"","background_image":"","p4_button_title":"","p4_button_link":"","p4_button_link_checkbox":"","p4_og_title":"","p4_og_description":"","p4_og_image":"","p4_og_image_id":"","p4_seo_canonical_url":"","p4_campaign_name":"","p4_local_project":"","p4_basket_name":"","p4_department":"","footnotes":""},"categories":[5],"tags":[13],"class_list":["post-2485","page","type-page","status-publish","has-post-thumbnail","hentry","category-greenpeace","tag-greenpeace"],"_links":{"self":[{"href":"https:\/\/www.greenpeace.org\/brasil\/wp-json\/wp\/v2\/pages\/2485","targetHints":{"allow":["GET"]}}],"collection":[{"href":"https:\/\/www.greenpeace.org\/brasil\/wp-json\/wp\/v2\/pages"}],"about":[{"href":"https:\/\/www.greenpeace.org\/brasil\/wp-json\/wp\/v2\/types\/page"}],"author":[{"embeddable":true,"href":"https:\/\/www.greenpeace.org\/brasil\/wp-json\/wp\/v2\/users\/28"}],"replies":[{"embeddable":true,"href":"https:\/\/www.greenpeace.org\/brasil\/wp-json\/wp\/v2\/comments?post=2485"}],"version-history":[{"count":20,"href":"https:\/\/www.greenpeace.org\/brasil\/wp-json\/wp\/v2\/pages\/2485\/revisions"}],"predecessor-version":[{"id":57908,"href":"https:\/\/www.greenpeace.org\/brasil\/wp-json\/wp\/v2\/pages\/2485\/revisions\/57908"}],"wp:featuredmedia":[{"embeddable":true,"href":"https:\/\/www.greenpeace.org\/brasil\/wp-json\/wp\/v2\/media\/2413"}],"wp:attachment":[{"href":"https:\/\/www.greenpeace.org\/brasil\/wp-json\/wp\/v2\/media?parent=2485"}],"wp:term":[{"taxonomy":"category","embeddable":true,"href":"https:\/\/www.greenpeace.org\/brasil\/wp-json\/wp\/v2\/categories?post=2485"},{"taxonomy":"post_tag","embeddable":true,"href":"https:\/\/www.greenpeace.org\/brasil\/wp-json\/wp\/v2\/tags?post=2485"}],"curies":[{"name":"wp","href":"https:\/\/api.w.org\/{rel}","templated":true}]}}