{"id":25188,"date":"2020-07-15T19:09:26","date_gmt":"2020-07-15T22:09:26","guid":{"rendered":"https:\/\/www.greenpeace.org\/brasil\/?page_id=25188"},"modified":"2020-08-11T18:32:06","modified_gmt":"2020-08-11T21:32:06","slug":"mulheres-indigenas-em-defesa-da-vida-do-artesanato-as-mascaras-de-protecao","status":"publish","type":"page","link":"https:\/\/www.greenpeace.org\/brasil\/florestas\/mulheres-indigenas-em-defesa-da-vida-do-artesanato-as-mascaras-de-protecao\/","title":{"rendered":"Mulheres ind\u00edgenas em defesa da vida: do artesanato \u00e0s m\u00e1scaras de prote\u00e7\u00e3o"},"content":{"rendered":"<style> .page-header-title { display:none; } h1 {font-size: 2.8rem; } h2 { font-size:1.8rem; } <\/style>\n\n<h1 class=\"has-text-align-center txt70p wp-block-heading\">Mulheres em defesa da vida: do artesanato \u00e0s m\u00e1scaras de prote\u00e7\u00e3o<\/h1>\n\n<h2 class=\"has-grey-800-color has-text-color has-text-align-center txt70p wp-block-heading\">Em S\u00e3o Gabriel da Cachoeira (AM), ind\u00edgenas trocam a confec\u00e7\u00e3o de artesanato pela produ\u00e7\u00e3o de m\u00e1scaras para distribui\u00e7\u00e3o entre os povos do Alto Rio Negro<\/h2>\n\n<p class=\"has-normal-font-size txt70p\"><em>Por Luana Lila<\/em><br><strong>17 de julho de 2020<\/strong><\/p>\n<div data-render=\"planet4-blocks\/happypoint\" data-attributes=\"{&quot;attributes&quot;:{&quot;focus_image&quot;:&quot;50% 40%&quot;,&quot;opacity&quot;:100,&quot;id&quot;:25192,&quot;iframe_url&quot;:&quot;&quot;,&quot;embed_code&quot;:&quot;&quot;,&quot;override_default_content&quot;:&quot;false&quot;,&quot;local_content_provider&quot;:&quot;none&quot;}}\"><\/div>\n<p class=\"has-text-color has-text-align-center has-grey-600-color txt70p\"><span style=\"display:block; font-size: 1rem; margin-top: -0.5rem; font-family: Roboto,sans-serif\">Mulheres est\u00e3o  produzindo m\u00e1scaras para evitar a propaga\u00e7\u00e3o da Covid-19 entre os povos ind\u00edgenas, em S\u00e3o Gabriel da Cachoeira, no Amazonas \u00a9 Christian Braga \/ Greenpeace<\/span><\/p>\n\n<p class=\"txt70p\">Desde que a Covid-19 chegou a S\u00e3o Gabriel da Cachoeira (AM), na fronteira com a Col\u00f4mbia e a Venezuela, muitas lideran\u00e7as ind\u00edgenas est\u00e3o trabalhando na linha de frente para <a href=\"https:\/\/www.greenpeace.org\/brasil\/florestas\/evitando-o-fim-do-mundo-como-a-cidade-mais-indigena-do-brasil-esta-enfrentando-a-covid-19\/\">impedir que a situa\u00e7\u00e3o se agrave<\/a> trazendo consequ\u00eancias devastadoras para os 23 povos ind\u00edgenas da regi\u00e3o. <\/p>\n\n<p class=\"txt70p\">Entre as pessoas que deixaram o cotidiano de lado para ajudar a salvar vidas, Eliz\u00e2ngela da Silva, do povo Bar\u00e9, e Janete Alves, do povo Desana \u2013 ambas coordenadoras do <a href=\"https:\/\/foirn.org.br\/mulheres\/\">Departamento de Mulheres<\/a> da Federa\u00e7\u00e3o das Organiza\u00e7\u00f5es Ind\u00edgenas do Rio Negro (Foirn) \u2013 lideram uma iniciativa na qual mulheres que antes se dedicavam \u00e0 produ\u00e7\u00e3o de artesanato, como bolsas, brincos, colares e objetos de decora\u00e7\u00e3o, passaram a produzir o mais novo artigo de uso essencial durante a pandemia: m\u00e1scaras de prote\u00e7\u00e3o.<\/p>\n\n<p class=\"txt70p\">\u201cA gente viu na televis\u00e3o que todo mundo usava m\u00e1scara para prevenir [da doen\u00e7a] e aqui est\u00e1vamos preocupadas em como combater para n\u00e3o pegar esse v\u00edrus\u201d, conta Janete. \u201cFizemos uma campanha que come\u00e7ou para arrecadar kits de higiene e com o passar dos dias foi evoluindo\u201d, explica ela.<\/p>\n\n<p class=\"txt70p\">Para dar in\u00edcio \u00e0 produ\u00e7\u00e3o, primeiro elas identificaram as artes\u00e3s que j\u00e1 sabiam costurar e as convidaram para o projeto. Depois, usaram como modelo m\u00e1scaras de tecido que tinham recebido das<a href=\"https:\/\/www.socioambiental.org\/pt-br\/noticias-socioambientais\/covid-19-chega-a-sao-gabriel-da-cachoeira-no-alto-rio-negro\"> mulheres do povo ind\u00edgena Sater\u00e9-Maw\u00e9<\/a>. Mas ainda faltava conseguir recursos para comprar m\u00e1quinas de costura e material, al\u00e9m de uma ajuda de custo para as costureiras \u2013 cada uma recebe R$ 600 mensais e um kit de higiene. <\/p>\n\n<p class=\"txt70p\">Mais tarde, com a ajuda de um sobrinho, encontraram na internet tutoriais de diversos tipos de m\u00e1scaras para usar, sempre seguindo as recomenda\u00e7\u00f5es da Organiza\u00e7\u00e3o Mundial da Sa\u00fade (OMS). At\u00e9 hoje, aproximadamente 16 mil m\u00e1scaras j\u00e1 foram produzidas e entregues para todos os territ\u00f3rios ind\u00edgenas da regi\u00e3o. <\/p>\n\n<p class=\"txt70p\">Os recursos foram arrecadados a partir de doa\u00e7\u00f5es da campanha \u201c<a rel=\"noreferrer noopener\" href=\"https:\/\/noscuidamos.foirn.org.br\/\" target=\"_blank\">Rio Negro, N\u00f3s Cuidamos<\/a>\u201d, coordenada por Eliz\u00e2ngela e Janete, com assessoria do <a href=\"https:\/\/www.socioambiental.org\/pt-br\/noticias-socioambientais\/rio-negro-combate-covid-19-com-cooperacao-entre-autoridades-e-sociedade-civil\">Instituto Socioambiental (ISA)<\/a>. As m\u00e1quinas de costura chegaram pelo projeto <a href=\"https:\/\/www.greenpeace.org\/brasil\/blog\/asas-da-emergencia-ja-transportou-mais-de-17-toneladas-de-ajuda-emergencial-para-povos-indigenas-na-amazonia\/\">Asas da Emerg\u00eancia<\/a>, do Greenpeace, que est\u00e1 transportando itens de ajuda emergencial para diversas regi\u00f5es da Amaz\u00f4nia.<\/p>\n\n<p class=\"txt70p\">Na casa de Eliz\u00e2ngela, na periferia da cidade, as m\u00e1quinas de costura est\u00e3o dividindo espa\u00e7o com o artesanato que antes elas produziam. Um porta \u00e1lcool em gel de palha pendurado na parede est\u00e1 entre os itens que marcam o &#8220;novo normal&#8221; em tempos de pandemia. <\/p>\n\n<p class=\"txt70p\">Maria Martins, do povo Baniwa, de 72 anos, foi uma das artes\u00e3s chamadas para trabalhar na confec\u00e7\u00e3o. Tia de Eliz\u00e2ngela, ela conta que, apesar de nunca ter imaginado precisar usar m\u00e1scaras, ficou contente por participar. Outro ponto que a encheu de orgulho foi ver a iniciativa de solidariedade das jovens mulheres.<\/p>\n<div data-render=\"planet4-blocks\/gallery\" data-attributes=\"{&quot;attributes&quot;:{&quot;multiple_image&quot;:&quot;25197,25198,25199,25207&quot;,&quot;image_data&quot;:[{&quot;url&quot;:&quot;https:\\\/\\\/www.greenpeace.org\\\/static\\\/planet4-brasil-stateless\\\/2020\\\/07\\\/8d99c61d-gp1su1mr.jpg&quot;,&quot;focalPoint&quot;:{&quot;x&quot;:0.5,&quot;y&quot;:0.5},&quot;id&quot;:25197},{&quot;url&quot;:&quot;https:\\\/\\\/www.greenpeace.org\\\/static\\\/planet4-brasil-stateless\\\/2020\\\/07\\\/2d7f8229-gp1su1ml.jpg&quot;,&quot;focalPoint&quot;:{&quot;x&quot;:0.5,&quot;y&quot;:0.5},&quot;id&quot;:25198},{&quot;url&quot;:&quot;https:\\\/\\\/www.greenpeace.org\\\/static\\\/planet4-brasil-stateless\\\/2020\\\/07\\\/b5ffa3af-gp1su1mo.jpg&quot;,&quot;focalPoint&quot;:{&quot;x&quot;:0.5,&quot;y&quot;:0.5},&quot;id&quot;:25199},{&quot;url&quot;:&quot;https:\\\/\\\/www.greenpeace.org\\\/static\\\/planet4-brasil-stateless\\\/2020\\\/07\\\/eab35e8c-gp1su1mn.jpg&quot;,&quot;focalPoint&quot;:{&quot;x&quot;:0.5,&quot;y&quot;:0.5},&quot;id&quot;:25207}],&quot;gallery_block_style&quot;:0,&quot;gallery_block_title&quot;:&quot;&quot;,&quot;gallery_block_description&quot;:&quot;&quot;,&quot;gallery_block_focus_points&quot;:&quot;&quot;,&quot;images&quot;:[{&quot;image_src&quot;:&quot;https:\\\/\\\/www.greenpeace.org\\\/static\\\/planet4-brasil-stateless\\\/2020\\\/07\\\/8d99c61d-gp1su1mr.jpg&quot;,&quot;image_srcset&quot;:&quot;https:\\\/\\\/www.greenpeace.org\\\/static\\\/planet4-brasil-stateless\\\/2020\\\/07\\\/8d99c61d-gp1su1mr.jpg 1200w, https:\\\/\\\/www.greenpeace.org\\\/static\\\/planet4-brasil-stateless\\\/2020\\\/07\\\/8d99c61d-gp1su1mr-300x200.jpg 300w, https:\\\/\\\/www.greenpeace.org\\\/static\\\/planet4-brasil-stateless\\\/2020\\\/07\\\/8d99c61d-gp1su1mr-1024x684.jpg 1024w, https:\\\/\\\/www.greenpeace.org\\\/static\\\/planet4-brasil-stateless\\\/2020\\\/07\\\/8d99c61d-gp1su1mr-768x513.jpg 768w, https:\\\/\\\/www.greenpeace.org\\\/static\\\/planet4-brasil-stateless\\\/2020\\\/07\\\/8d99c61d-gp1su1mr-510x340.jpg 510w&quot;,&quot;image_sizes&quot;:false,&quot;alt_text&quot;:&quot;Mulheres Ind\\u00edgenas Produzem M\\u00e1scaras no Amazonas. \\u00a9 Christian Braga \\\/ Greenpeace&quot;,&quot;caption&quot;:&quot;Mulheres produzem m\\u00e1scaras para evitar a propaga\\u00e7\\u00e3o da Covid-19 entre os povos ind\\u00edgenas da regi\\u00e3o do Alto Rio Negro, em S\\u00e3o Gabriel da Cachoeira, no Amazonas&quot;,&quot;focus_image&quot;:&quot;&quot;,&quot;credits&quot;:&quot;\\u00a9 Christian Braga \\\/ Greenpeace&quot;},{&quot;image_src&quot;:&quot;https:\\\/\\\/www.greenpeace.org\\\/static\\\/planet4-brasil-stateless\\\/2020\\\/07\\\/2d7f8229-gp1su1ml.jpg&quot;,&quot;image_srcset&quot;:&quot;https:\\\/\\\/www.greenpeace.org\\\/static\\\/planet4-brasil-stateless\\\/2020\\\/07\\\/2d7f8229-gp1su1ml.jpg 1200w, https:\\\/\\\/www.greenpeace.org\\\/static\\\/planet4-brasil-stateless\\\/2020\\\/07\\\/2d7f8229-gp1su1ml-300x200.jpg 300w, https:\\\/\\\/www.greenpeace.org\\\/static\\\/planet4-brasil-stateless\\\/2020\\\/07\\\/2d7f8229-gp1su1ml-1024x684.jpg 1024w, https:\\\/\\\/www.greenpeace.org\\\/static\\\/planet4-brasil-stateless\\\/2020\\\/07\\\/2d7f8229-gp1su1ml-768x513.jpg 768w, https:\\\/\\\/www.greenpeace.org\\\/static\\\/planet4-brasil-stateless\\\/2020\\\/07\\\/2d7f8229-gp1su1ml-510x340.jpg 510w&quot;,&quot;image_sizes&quot;:false,&quot;alt_text&quot;:&quot;Mulheres Ind\\u00edgenas Produzem M\\u00e1scaras no Amazonas. \\u00a9 Christian Braga \\\/ Greenpeace&quot;,&quot;caption&quot;:&quot;Mulheres produzem m\\u00e1scaras para evitar a propaga\\u00e7\\u00e3o da Covid-19 entre os povos ind\\u00edgenas da regi\\u00e3o do Alto Rio Negro, em S\\u00e3o Gabriel da Cachoeira, no Amazonas&quot;,&quot;focus_image&quot;:&quot;&quot;,&quot;credits&quot;:&quot;\\u00a9 Christian Braga \\\/ Greenpeace&quot;},{&quot;image_src&quot;:&quot;https:\\\/\\\/www.greenpeace.org\\\/static\\\/planet4-brasil-stateless\\\/2020\\\/07\\\/b5ffa3af-gp1su1mo.jpg&quot;,&quot;image_srcset&quot;:&quot;https:\\\/\\\/www.greenpeace.org\\\/static\\\/planet4-brasil-stateless\\\/2020\\\/07\\\/b5ffa3af-gp1su1mo.jpg 1200w, https:\\\/\\\/www.greenpeace.org\\\/static\\\/planet4-brasil-stateless\\\/2020\\\/07\\\/b5ffa3af-gp1su1mo-300x200.jpg 300w, https:\\\/\\\/www.greenpeace.org\\\/static\\\/planet4-brasil-stateless\\\/2020\\\/07\\\/b5ffa3af-gp1su1mo-1024x684.jpg 1024w, https:\\\/\\\/www.greenpeace.org\\\/static\\\/planet4-brasil-stateless\\\/2020\\\/07\\\/b5ffa3af-gp1su1mo-768x513.jpg 768w, https:\\\/\\\/www.greenpeace.org\\\/static\\\/planet4-brasil-stateless\\\/2020\\\/07\\\/b5ffa3af-gp1su1mo-510x340.jpg 510w&quot;,&quot;image_sizes&quot;:false,&quot;alt_text&quot;:&quot;Mulheres Ind\\u00edgenas Produzem M\\u00e1scaras no Amazonas. \\u00a9 Christian Braga \\\/ Greenpeace&quot;,&quot;caption&quot;:&quot;Mulheres produzem m\\u00e1scaras para evitar a propaga\\u00e7\\u00e3o da Covid-19 entre os povos ind\\u00edgenas da regi\\u00e3o do Alto Rio Negro, em S\\u00e3o Gabriel da Cachoeira, no Amazonas&quot;,&quot;focus_image&quot;:&quot;&quot;,&quot;credits&quot;:&quot;\\u00a9 Christian Braga \\\/ Greenpeace&quot;},{&quot;image_src&quot;:&quot;https:\\\/\\\/www.greenpeace.org\\\/static\\\/planet4-brasil-stateless\\\/2020\\\/07\\\/eab35e8c-gp1su1mn.jpg&quot;,&quot;image_srcset&quot;:&quot;https:\\\/\\\/www.greenpeace.org\\\/static\\\/planet4-brasil-stateless\\\/2020\\\/07\\\/eab35e8c-gp1su1mn.jpg 1200w, https:\\\/\\\/www.greenpeace.org\\\/static\\\/planet4-brasil-stateless\\\/2020\\\/07\\\/eab35e8c-gp1su1mn-300x213.jpg 300w, https:\\\/\\\/www.greenpeace.org\\\/static\\\/planet4-brasil-stateless\\\/2020\\\/07\\\/eab35e8c-gp1su1mn-1024x726.jpg 1024w, https:\\\/\\\/www.greenpeace.org\\\/static\\\/planet4-brasil-stateless\\\/2020\\\/07\\\/eab35e8c-gp1su1mn-768x545.jpg 768w, https:\\\/\\\/www.greenpeace.org\\\/static\\\/planet4-brasil-stateless\\\/2020\\\/07\\\/eab35e8c-gp1su1mn-479x340.jpg 479w&quot;,&quot;image_sizes&quot;:false,&quot;alt_text&quot;:&quot;Mulheres Ind\\u00edgenas Produzem M\\u00e1scaras no Amazonas. \\u00a9 Christian Braga \\\/ Greenpeace&quot;,&quot;caption&quot;:&quot;Mulheres ind\\u00edgenas produzem m\\u00e1scaras para evitar a propaga\\u00e7\\u00e3o da Covid-19 entre os povos ind\\u00edgenas da regi\\u00e3o do Alto Rio Negro, em S\\u00e3o Gabriel da Cachoeira, no Amazonas.&quot;,&quot;focus_image&quot;:&quot;&quot;,&quot;credits&quot;:&quot;\\u00a9 Christian Braga \\\/ Greenpeace&quot;}]}}\"><\/div>\n<p class=\"txt70p\"><\/p>\n\n<h3 class=\"txt70p wp-block-heading\"><strong>Conhecimento e sabedoria a servi\u00e7o da vida<\/strong><br><strong>&nbsp;<\/strong><\/h3>\n\n<p class=\"txt70p\">A satisfa\u00e7\u00e3o de poder ajudar emociona Eliz\u00e2ngela e Janete. Por\u00e9m, o medo com o cont\u00e1gio persiste. Ambas t\u00eam tr\u00eas filhos cada uma e, por estarem na linha de frente, convivem com a preocupa\u00e7\u00e3o de levar o v\u00edrus para casa. No momento, tanto elas como suas fam\u00edlias j\u00e1 foram infectadas, mas felizmente todos se recuperaram tomando os ch\u00e1s preparados com ervas medicinais. Elas dizem que os &#8220;rem\u00e9dios caseiros&#8221; t\u00eam sido essenciais para vencer a doen\u00e7a.<\/p>\n\n<p class=\"txt70p\">\u201cMinha maior preocupa\u00e7\u00e3o \u00e9 perder os nossos parentes, n\u00e3o somente da minha regi\u00e3o, mas de todo o Rio Negro\u201d, afirma Janete, cuja filha mais nova tem 10 meses. \u201cA gente perdeu v\u00e1rias lideran\u00e7as e eles s\u00e3o nossos livros, eles contam hist\u00f3ria e essa hist\u00f3ria \u00e9 um benzimento\u201d, diz ela. <\/p>\n<div data-render=\"planet4-blocks\/happypoint\" data-attributes=\"{&quot;attributes&quot;:{&quot;focus_image&quot;:&quot;50% 50%&quot;,&quot;opacity&quot;:100,&quot;id&quot;:25201,&quot;iframe_url&quot;:&quot;&quot;,&quot;embed_code&quot;:&quot;&quot;,&quot;override_default_content&quot;:&quot;false&quot;,&quot;local_content_provider&quot;:&quot;none&quot;}}\"><\/div>\n<p class=\"has-text-color has-text-align-center has-grey-600-color txt70p\"><span style=\"display:block; font-size: 1rem; margin-top: -0.5rem; font-family: Roboto,sans-serif\">Janete Alves, do povo Desana, acompanha voo do Greenpeace para a entrega das m\u00e1scaras e de materiais de higiene e prote\u00e7\u00e3o em comunidade do Alto Rio Negro \u00a9 Christian Braga \/ Greenpeace<\/span><\/p>\n\n<p class=\"txt70p\">A apreens\u00e3o de Janete reflete um incidente que ela viveu. Durante a entrega de cestas b\u00e1sicas para uma fam\u00edlia, ela se deparou com o vel\u00f3rio de um ind\u00edgena conhecido que tinha sido levado para tratamento na capital. \u201cEle faleceu em Manaus, cremaram e conseguiram trazer ele de volta, mas n\u00e3o como ele foi. A gente pensou que estavam velando um corpo, mas era uma caixinha&#8230; A gente ficou muito sentido. Nosso parente foi assim e voltou numa caixinha. Isso para n\u00f3s n\u00e3o \u00e9 real\u201d, lamenta ela.<\/p>\n\n<p class=\"txt70p\">Mesmo com todas as adversidades, elas continuam seu trabalho com coragem e confian\u00e7a. \u201cSomos muito batalhadoras e guerreiras. Apesar de tudo o que est\u00e1 acontecendo, estamos lutando para salvar vidas. N\u00e3o vamos desistir\u201d, diz Eliz\u00e2ngela.<\/p>\n\n<p class=\"txt70p\">Janete concorda: \u201ca esperan\u00e7a que a gente tem \u00e9 de usar nosso conhecimento e sabedoria, valorizar nossa cultura [&#8230;] Perder nossos parentes d\u00f3i e n\u00e3o se despedir deles \u00e9 ainda pior. A gente est\u00e1 lutando para n\u00e3o acontecer mais\u201d, afirma ela, secando as l\u00e1grimas.<\/p>\n\n<p><\/p>\n\n<a href=\"https:\/\/todospelaamazonia.org.br\"><h3 class=\"has-text-align-center wp-block-heading\" style=\"background-color:#d54d18; color:#fae9bd; padding:1rem; width:100%; margin: 5rem 0 3rem; display:block;\">Fa\u00e7a parte do movimento <strong>TODOS PELA AMAZ\u00d4NIA<\/strong>!<\/h3><\/a>\n","protected":false},"excerpt":{"rendered":"<p>Em S\u00e3o Gabriel da Cachoeira, no Amazonas, mulheres ind\u00edgenas trocaram a confec\u00e7\u00e3o de artesanato pela produ\u00e7\u00e3o de m\u00e1scaras para serem distribu\u00eddas entre os povos do Alto Rio Negro<\/p>\n","protected":false},"author":18,"featured_media":25192,"parent":9626,"menu_order":0,"comment_status":"closed","ping_status":"closed","template":"","meta":{"ep_exclude_from_search":false,"p4_hide_page_title_checkbox":"","p4_title":"","p4_subtitle":"","p4_description":"","background_image_id":"","background_image":"","p4_button_title":"","p4_button_link":"","p4_button_link_checkbox":"","p4_og_title":"","p4_og_description":"","p4_og_image":"","p4_og_image_id":"","p4_seo_canonical_url":"","p4_campaign_name":"Covid-19 Response","p4_local_project":"not set","p4_basket_name":"not set","p4_department":"","footnotes":""},"categories":[3],"tags":[8,22],"class_list":["post-25188","page","type-page","status-publish","has-post-thumbnail","hentry","category-proteja-a-natureza","tag-resista","tag-florestas"],"_links":{"self":[{"href":"https:\/\/www.greenpeace.org\/brasil\/wp-json\/wp\/v2\/pages\/25188","targetHints":{"allow":["GET"]}}],"collection":[{"href":"https:\/\/www.greenpeace.org\/brasil\/wp-json\/wp\/v2\/pages"}],"about":[{"href":"https:\/\/www.greenpeace.org\/brasil\/wp-json\/wp\/v2\/types\/page"}],"author":[{"embeddable":true,"href":"https:\/\/www.greenpeace.org\/brasil\/wp-json\/wp\/v2\/users\/18"}],"replies":[{"embeddable":true,"href":"https:\/\/www.greenpeace.org\/brasil\/wp-json\/wp\/v2\/comments?post=25188"}],"version-history":[{"count":20,"href":"https:\/\/www.greenpeace.org\/brasil\/wp-json\/wp\/v2\/pages\/25188\/revisions"}],"predecessor-version":[{"id":25865,"href":"https:\/\/www.greenpeace.org\/brasil\/wp-json\/wp\/v2\/pages\/25188\/revisions\/25865"}],"up":[{"embeddable":true,"href":"https:\/\/www.greenpeace.org\/brasil\/wp-json\/wp\/v2\/pages\/9626"}],"wp:featuredmedia":[{"embeddable":true,"href":"https:\/\/www.greenpeace.org\/brasil\/wp-json\/wp\/v2\/media\/25192"}],"wp:attachment":[{"href":"https:\/\/www.greenpeace.org\/brasil\/wp-json\/wp\/v2\/media?parent=25188"}],"wp:term":[{"taxonomy":"category","embeddable":true,"href":"https:\/\/www.greenpeace.org\/brasil\/wp-json\/wp\/v2\/categories?post=25188"},{"taxonomy":"post_tag","embeddable":true,"href":"https:\/\/www.greenpeace.org\/brasil\/wp-json\/wp\/v2\/tags?post=25188"}],"curies":[{"name":"wp","href":"https:\/\/api.w.org\/{rel}","templated":true}]}}