{"id":25243,"date":"2020-07-19T03:00:00","date_gmt":"2020-07-19T06:00:00","guid":{"rendered":"https:\/\/www.greenpeace.org\/brasil\/?page_id=25243"},"modified":"2025-07-02T04:32:58","modified_gmt":"2025-07-02T07:32:58","slug":"alice-braga-de-onde-vem-sua-comida","status":"publish","type":"page","link":"https:\/\/www.greenpeace.org\/brasil\/alice-braga-de-onde-vem-sua-comida\/","title":{"rendered":"De onde vem sua comida? Saiba agora!"},"content":{"rendered":"<p><style> .page-header-title { display:none; } h1 {font-size: 4rem; } h2 { font-size:1.8rem; } <\/style><\/p>\n\n<figure class=\"wp-block-image aligncenter size-large is-resized caption-style-blue-overlay caption-alignment-center\"><img loading=\"lazy\" decoding=\"async\" width=\"1024\" height=\"307\" src=\"https:\/\/www.greenpeace.org\/static\/planet4-brasil-stateless\/2020\/07\/871416c9-countdown\u2014title\u2014voc\u00ea-sabe-de-onde-vem-a-sua-comida-01-1024x307.png\" alt=\"Voc\u00ea sabe de onde vem sua comida?\" class=\"wp-image-25380\" style=\"width:884px;height:265px\" srcset=\"https:\/\/www.greenpeace.org\/static\/planet4-brasil-stateless\/2020\/07\/871416c9-countdown\u2014title\u2014voc\u00ea-sabe-de-onde-vem-a-sua-comida-01-1024x307.png 1024w, https:\/\/www.greenpeace.org\/static\/planet4-brasil-stateless\/2020\/07\/871416c9-countdown\u2014title\u2014voc\u00ea-sabe-de-onde-vem-a-sua-comida-01-300x90.png 300w, https:\/\/www.greenpeace.org\/static\/planet4-brasil-stateless\/2020\/07\/871416c9-countdown\u2014title\u2014voc\u00ea-sabe-de-onde-vem-a-sua-comida-01-768x230.png 768w, https:\/\/www.greenpeace.org\/static\/planet4-brasil-stateless\/2020\/07\/871416c9-countdown\u2014title\u2014voc\u00ea-sabe-de-onde-vem-a-sua-comida-01-510x153.png 510w, https:\/\/www.greenpeace.org\/static\/planet4-brasil-stateless\/2020\/07\/871416c9-countdown\u2014title\u2014voc\u00ea-sabe-de-onde-vem-a-sua-comida-01.png 1500w\" sizes=\"auto, (max-width: 1024px) 100vw, 1024px\" \/><\/figure>\n\n<figure class=\"wp-block-image aligncenter size-large caption-style-blue-overlay caption-alignment-center\"><img loading=\"lazy\" decoding=\"async\" width=\"1024\" height=\"183\" src=\"https:\/\/www.greenpeace.org\/static\/planet4-brasil-stateless\/2020\/07\/a6e96915-icons-1024x183.png\" alt=\"\" class=\"wp-image-25384\" srcset=\"https:\/\/www.greenpeace.org\/static\/planet4-brasil-stateless\/2020\/07\/a6e96915-icons-1024x183.png 1024w, https:\/\/www.greenpeace.org\/static\/planet4-brasil-stateless\/2020\/07\/a6e96915-icons-300x54.png 300w, https:\/\/www.greenpeace.org\/static\/planet4-brasil-stateless\/2020\/07\/a6e96915-icons-768x138.png 768w, https:\/\/www.greenpeace.org\/static\/planet4-brasil-stateless\/2020\/07\/a6e96915-icons-510x91.png 510w, https:\/\/www.greenpeace.org\/static\/planet4-brasil-stateless\/2020\/07\/a6e96915-icons.png 1256w\" sizes=\"auto, (max-width: 1024px) 100vw, 1024px\" \/><\/figure>\n\n<p class=\"has-text-align-center txt70p has-large-font-size\"><strong>O sistema atual est\u00e1 completamente fora de controle.<br> <\/strong><br><strong>Mas ele n\u00e3o \u00e9 inevit\u00e1vel. Chegou a hora de mudar isso.<\/strong><\/p>\n\n<p class=\"has-text-align-center txt70p\">Nessa s\u00e9rie de v\u00eddeos, a atriz e produtora brasileira Alice Braga nos leva a uma jornada por dentro do sistema da agricultura industrial e mostra a conex\u00e3o entre a comida que chega \u00e0 nossa mesa, a crise clim\u00e1tica e a destrui\u00e7\u00e3o de florestas em todo o planeta. E como n\u00f3s, cidad\u00e3os, podemos mudar essa hist\u00f3ria.<\/p>\n\n<figure class=\"wp-block-image size-full caption-style-medium caption-alignment-center\"><img decoding=\"async\" src=\"https:\/\/www.greenpeace.org\/static\/planet4-brasil-stateless\/2020\/07\/549b1e38-contagem-regressiva-destruicao-videos.png\" alt=\"V\u00eddeos\" class=\"wp-image-25227\"\/><\/figure>\n\n<figure class=\"wp-block-embed is-type-video is-provider-youtube wp-block-embed-youtube wp-embed-aspect-16-9 wp-has-aspect-ratio\"><div class=\"wp-block-embed__wrapper\">\n<iframe loading=\"lazy\" title=\"Epis\u00f3dio 1: Voc\u00ea sabe de onde vem a sua comida? (1\/3)\" width=\"500\" height=\"281\" src=\"https:\/\/www.youtube.com\/embed\/AELP19ocg38?list=PLgypAGt9KjpAPT1jneZKS9aw4LagwBjn6\" frameborder=\"0\" allow=\"accelerometer; autoplay; clipboard-write; encrypted-media; gyroscope; picture-in-picture; web-share\" referrerpolicy=\"strict-origin-when-cross-origin\" allowfullscreen><\/iframe>\n<\/div><\/figure>\n\n<figure class=\"wp-block-embed is-type-video is-provider-youtube wp-block-embed-youtube wp-embed-aspect-16-9 wp-has-aspect-ratio\"><div class=\"wp-block-embed__wrapper\">\n<iframe loading=\"lazy\" title=\"Epis\u00f3dio 2: D\u00e1 para mudar um sistema quebrado? (2\/3)\" width=\"500\" height=\"281\" src=\"https:\/\/www.youtube.com\/embed\/VmuhQ3Wiqlk?list=PLgypAGt9KjpAPT1jneZKS9aw4LagwBjn6\" frameborder=\"0\" allow=\"accelerometer; autoplay; clipboard-write; encrypted-media; gyroscope; picture-in-picture; web-share\" referrerpolicy=\"strict-origin-when-cross-origin\" allowfullscreen><\/iframe>\n<\/div><\/figure>\n\n<figure class=\"wp-block-embed is-type-video is-provider-youtube wp-block-embed-youtube wp-embed-aspect-16-9 wp-has-aspect-ratio\"><div class=\"wp-block-embed__wrapper\">\n<iframe loading=\"lazy\" title=\"Epis\u00f3dio 3: Construindo o novo normal (3\/3)\" width=\"500\" height=\"281\" src=\"https:\/\/www.youtube.com\/embed\/gzDw0uVJa3M?list=PLgypAGt9KjpAPT1jneZKS9aw4LagwBjn6\" frameborder=\"0\" allow=\"accelerometer; autoplay; clipboard-write; encrypted-media; gyroscope; picture-in-picture; web-share\" referrerpolicy=\"strict-origin-when-cross-origin\" allowfullscreen><\/iframe>\n<\/div><\/figure>\n\n<p>&nbsp;<\/p>\n\n<figure class=\"wp-block-image aligncenter size-full caption-style-medium caption-alignment-center\"><img decoding=\"async\" src=\"https:\/\/www.greenpeace.org\/static\/planet4-brasil-stateless\/2020\/07\/7b435a4f-contagem-regressiva-destruicao.png\" alt=\"Contagem regressiva para a destrui\u00e7\u00e3o\" class=\"wp-image-25220\"\/><\/figure>\n\n<p class=\"txt70p\"><strong>Estamos correndo contra o tempo. <\/strong>Ondas de calor, enchentes, furac\u00f5es, secas e queimadas est\u00e3o acontecendo em todo o planeta. Um milh\u00e3o de esp\u00e9cies est\u00e3o em risco de extin\u00e7\u00e3o. Mesmo assim, a produ\u00e7\u00e3o industrial de commodities, como \u00f3leo de palma, soja, carne e latic\u00ednios, segue destruindo nossas florestas e amea\u00e7ando povos ind\u00edgenas e comunidades locais, levando nosso planeta \u00e0 beira do colapso. Se quisermos ter uma chance de futuro, isso tem que mudar.<\/p>\n\n<p class=\"has-text-align-center txt70p\"><img loading=\"lazy\" decoding=\"async\" width=\"1254\" height=\"792\" class=\"wp-image-25222\" style=\"width: px;\" src=\"https:\/\/www.greenpeace.org\/static\/planet4-brasil-stateless\/2020\/07\/82cb7c0c-countdown-to-destruction-earth1.png\" alt=\"\" srcset=\"https:\/\/www.greenpeace.org\/static\/planet4-brasil-stateless\/2020\/07\/82cb7c0c-countdown-to-destruction-earth1.png 1254w, https:\/\/www.greenpeace.org\/static\/planet4-brasil-stateless\/2020\/07\/82cb7c0c-countdown-to-destruction-earth1-300x189.png 300w, https:\/\/www.greenpeace.org\/static\/planet4-brasil-stateless\/2020\/07\/82cb7c0c-countdown-to-destruction-earth1-1024x647.png 1024w, https:\/\/www.greenpeace.org\/static\/planet4-brasil-stateless\/2020\/07\/82cb7c0c-countdown-to-destruction-earth1-768x485.png 768w, https:\/\/www.greenpeace.org\/static\/planet4-brasil-stateless\/2020\/07\/82cb7c0c-countdown-to-destruction-earth1-510x322.png 510w\" sizes=\"auto, (max-width: 1254px) 100vw, 1254px\" \/><\/p>\n\n<p class=\"txt70p\">Sempre nos disseram que \u00e9 \u201cassim que as coisas s\u00e3o\u201d e que esse sistema funciona. Que \u00e9 assim que a comida chega no nosso prato e que isso \u00e9 \u201cnormal\u201d. Mas esse sistema doente n\u00e3o \u00e9 inevit\u00e1vel. Ele foi planejado. O que significa que podemos projetar um sistema melhor, Sempre nos disseram que \u00e9 assim que a comida chega no nosso prato e que isso \u00e9 \u201cnormal\u201d. Que \u00e9 \u201cassim que as coisas s\u00e3o\u201d. Que esse sistema funciona. Mas esse sistema de produ\u00e7\u00e3o fora de controle, que alimenta o desmatamento e a crise clim\u00e1tica, <strong>n\u00e3o \u00e9 inevit\u00e1vel: ele foi planejado.<\/strong><\/p>\n\n<p class=\"txt70p\">O que significa que podemos projetar um sistema mais justo, em que todos n\u00f3s temos acesso a alimentos saud\u00e1veis e sem veneno. Um sistema em que as florestas n\u00e3o sejam destru\u00eddas e comunidades expulsas para dar lugar a grandes monoculturas e pastos.<\/p>\n\n<p class=\"has-text-align-center txt70p\"><img loading=\"lazy\" decoding=\"async\" width=\"1400\" height=\"1235\" class=\"wp-image-25223\" style=\"width: px;\" src=\"https:\/\/www.greenpeace.org\/static\/planet4-brasil-stateless\/2020\/07\/2ddca166-countdown-to-destruction-img2.png\" alt=\"\" srcset=\"https:\/\/www.greenpeace.org\/static\/planet4-brasil-stateless\/2020\/07\/2ddca166-countdown-to-destruction-img2.png 1400w, https:\/\/www.greenpeace.org\/static\/planet4-brasil-stateless\/2020\/07\/2ddca166-countdown-to-destruction-img2-300x265.png 300w, https:\/\/www.greenpeace.org\/static\/planet4-brasil-stateless\/2020\/07\/2ddca166-countdown-to-destruction-img2-1024x903.png 1024w, https:\/\/www.greenpeace.org\/static\/planet4-brasil-stateless\/2020\/07\/2ddca166-countdown-to-destruction-img2-768x677.png 768w, https:\/\/www.greenpeace.org\/static\/planet4-brasil-stateless\/2020\/07\/2ddca166-countdown-to-destruction-img2-385x340.png 385w\" sizes=\"auto, (max-width: 1400px) 100vw, 1400px\" \/><\/p>\n\n<p class=\"txt70p\">Se tem algo que a pandemia da Covid-19 nos mostrou \u00e9 que o sistema que existe hoje \u2013 pol\u00edtico, econ\u00f4mico e social \u2013 <strong>n\u00e3o foi projetado para beneficiar os bilh\u00f5es de pessoas do planeta, mas sim alguns poucos<\/strong>. Chegou a hora de virar esse jogo. Ou todos ganham, ou todos perderemos.&nbsp;<\/p>\n\n<figure class=\"wp-block-image size-full caption-style-blue-overlay caption-alignment-center\"><img decoding=\"async\" src=\"https:\/\/www.greenpeace.org\/static\/planet4-brasil-stateless\/2020\/07\/7ccafe8e-contagem-regressiva-destruicao-abaixo-assinado.png\" alt=\"Abaixo assinado\" class=\"wp-image-25224\"\/><\/figure>\n\n<p class=\"txt70p\">Exigimos que nossos governos parem de colocar o lucro de alguns acima da vida de todos n\u00f3s, e que as empresas forne\u00e7am comida saud\u00e1vel, de boa qualidade e acess\u00edvel. Para todos.<\/p>\n\n<h3 class=\"wp-block-heading has-text-align-center txt70p\"><strong>N\u00e3o podemos voltar ao \u201cnormal\u201d,<\/strong><br><strong>pois o \u201cnormal\u201d \u00e9 o que estava errado o tempo todo.<\/strong><\/h3>\n\n<p class=\"has-text-align-center txt70p\">Juntos, podemos mudar essa est\u00f3ria!<\/p>\n\n<p class=\"has-text-align-center txt70p\"><a href=\"https:\/\/todospelaamazonia.org.br\"><img decoding=\"async\" class=\"wp-image-25225\" style=\"width: px;\" src=\"https:\/\/www.greenpeace.org\/static\/planet4-brasil-stateless\/2020\/07\/ddec0290-faca-parte-do-movimento-todos-pela-amazonia.png\" alt=\"Fa\u00e7a parte do movimento Todos Pela Amaz\u00f4nia\"><\/a><\/p>\n","protected":false},"excerpt":{"rendered":"<p>Veja de onde vem sua comida e como suas escolhas impactam o planeta. Saiba a import\u00e2ncia de uma alimenta\u00e7\u00e3o sustent\u00e1vel e como voc\u00ea pode fazer a diferen\u00e7a.<\/p>\n","protected":false},"author":44,"featured_media":25437,"parent":0,"menu_order":0,"comment_status":"closed","ping_status":"closed","template":"","meta":{"ep_exclude_from_search":false,"p4_hide_page_title_checkbox":"","p4_title":"","p4_subtitle":"","p4_description":"","background_image_id":"","background_image":"","p4_button_title":"","p4_button_link":"","p4_button_link_checkbox":"","p4_og_title":"De onde vem sua comida? Saiba agora!","p4_og_description":"Veja de onde vem sua comida e como suas escolhas impactam o planeta. Saiba a import\u00e2ncia de uma alimenta\u00e7\u00e3o sustent\u00e1vel e como voc\u00ea pode fazer a diferen\u00e7a.","p4_og_image":"","p4_og_image_id":"","p4_seo_canonical_url":"","p4_campaign_name":"not set","p4_local_project":"not set","p4_basket_name":"not set","p4_department":"","footnotes":""},"categories":[3],"tags":[22],"class_list":["post-25243","page","type-page","status-publish","has-post-thumbnail","hentry","category-proteja-a-natureza","tag-florestas"],"_links":{"self":[{"href":"https:\/\/www.greenpeace.org\/brasil\/wp-json\/wp\/v2\/pages\/25243","targetHints":{"allow":["GET"]}}],"collection":[{"href":"https:\/\/www.greenpeace.org\/brasil\/wp-json\/wp\/v2\/pages"}],"about":[{"href":"https:\/\/www.greenpeace.org\/brasil\/wp-json\/wp\/v2\/types\/page"}],"author":[{"embeddable":true,"href":"https:\/\/www.greenpeace.org\/brasil\/wp-json\/wp\/v2\/users\/44"}],"replies":[{"embeddable":true,"href":"https:\/\/www.greenpeace.org\/brasil\/wp-json\/wp\/v2\/comments?post=25243"}],"version-history":[{"count":19,"href":"https:\/\/www.greenpeace.org\/brasil\/wp-json\/wp\/v2\/pages\/25243\/revisions"}],"predecessor-version":[{"id":58709,"href":"https:\/\/www.greenpeace.org\/brasil\/wp-json\/wp\/v2\/pages\/25243\/revisions\/58709"}],"wp:featuredmedia":[{"embeddable":true,"href":"https:\/\/www.greenpeace.org\/brasil\/wp-json\/wp\/v2\/media\/25437"}],"wp:attachment":[{"href":"https:\/\/www.greenpeace.org\/brasil\/wp-json\/wp\/v2\/media?parent=25243"}],"wp:term":[{"taxonomy":"category","embeddable":true,"href":"https:\/\/www.greenpeace.org\/brasil\/wp-json\/wp\/v2\/categories?post=25243"},{"taxonomy":"post_tag","embeddable":true,"href":"https:\/\/www.greenpeace.org\/brasil\/wp-json\/wp\/v2\/tags?post=25243"}],"curies":[{"name":"wp","href":"https:\/\/api.w.org\/{rel}","templated":true}]}}