{"id":25379,"date":"2020-07-19T22:00:00","date_gmt":"2020-07-20T01:00:00","guid":{"rendered":"https:\/\/www.greenpeace.org\/brasil\/?page_id=25379"},"modified":"2025-07-25T12:32:26","modified_gmt":"2025-07-25T15:32:26","slug":"velho-conhecido-do-desmatamento-ilegal-volta-a-cena-na-amazonia","status":"publish","type":"page","link":"https:\/\/www.greenpeace.org\/brasil\/florestas\/velho-conhecido-do-desmatamento-ilegal-volta-a-cena-na-amazonia\/","title":{"rendered":"Velho conhecido do desmatamento ilegal volta \u00e0 cena na Amaz\u00f4nia"},"content":{"rendered":"<style>body,html { background-color:#fae9bd; } .page-header-title { display:none; } h2 { font-size:1.8rem; } .skewed-overlay { display:none !important;} .page-header { padding-bottom:0; } .wp-video { width:70% !important; height: auto !important; margin:0 15% 2rem !important; display:inline-block; } #mep_0 { width:100% !important; height:auto; } @media (max-width: 800px) { .view-nomobile { display: none !important; } .view-mobile { display: inherit !important; } } @media (min-width: 801px) { .view-nomobile { display: inherit !important; } .view-mobile { display: none !important; } }<\/style>\n\n<h1 class=\"has-text-align-center wp-block-heading\" style=\"width:80%; font-size:2.5rem; text-transform:uppercase; background-color:#492d20; color:#fae9bd; padding:2rem; width:100%; margin: 5rem 0 3rem; display:block;\">Velho conhecido do desmatamento ilegal volta \u00e0 cena na Amaz\u00f4nia<\/h1>\n\n<h2 class=\"has-genoa-color has-text-color has-text-align-center txt80p wp-block-heading\" style=\"color:#492d20;\">Um dos maiores pecuaristas do Par\u00e1, conhecido como Maranhense, dribla a lei para sair impune  da destrui\u00e7\u00e3o da floresta<\/h2>\n\n<p class=\"txt70p\">A destrui\u00e7\u00e3o da Amaz\u00f4nia \u00e9 motivada por muitos fatores, mas um dos principais combust\u00edveis que mant\u00e9m a m\u00e1quina do desmatamento funcionando \u00e9 a impunidade, que permite que desmatadores encontrem espa\u00e7o e mecanismos para continuar lucrando, custe o que custar.<\/p>\n\n<p class=\"txt70p\">Nesta nova den\u00fancia, que faz parte da s\u00e9rie que o Greenpeace Brasil vem publicando sobre os<a href=\"http:\/\/todospelaamazonia.org.br\"> crimes cometidos no ch\u00e3o da floresta<\/a>, \u00e9 poss\u00edvel ver como a fragilidade de um sistema de registro de propriedades em \u00e1reas rurais tem sido usada como brecha para invasores da floresta, entre eles alguns j\u00e1 velhos conhecidos da justi\u00e7a, driblarem a lei.<\/p>\n\n<figure class=\"wp-block-image size-full caption-style-medium caption-alignment-center\"><img loading=\"lazy\" decoding=\"async\" width=\"1200\" height=\"800\" src=\"https:\/\/www.greenpeace.org\/static\/planet4-brasil-stateless\/2020\/07\/c4aba5cb-gp1su5ki.jpg\" title=\"Monitoramento de Desmatamento e Queimadas na Amaz\u00f4nia em Julho de 2020 - Caso \u201cMaranhense\u201d. \u00a9 Christian Braga \/ Greenpeace\" alt=\"Monitoramento de Desmatamento e Queimadas na Amaz\u00f4nia em Julho de 2020 - Caso \u201cMaranhense\u201d. \u00a9 Christian Braga \/ Greenpeace\" class=\"wp-image-25461\" srcset=\"https:\/\/www.greenpeace.org\/static\/planet4-brasil-stateless\/2020\/07\/c4aba5cb-gp1su5ki.jpg 1200w, https:\/\/www.greenpeace.org\/static\/planet4-brasil-stateless\/2020\/07\/c4aba5cb-gp1su5ki-300x200.jpg 300w, https:\/\/www.greenpeace.org\/static\/planet4-brasil-stateless\/2020\/07\/c4aba5cb-gp1su5ki-1024x683.jpg 1024w, https:\/\/www.greenpeace.org\/static\/planet4-brasil-stateless\/2020\/07\/c4aba5cb-gp1su5ki-768x512.jpg 768w, https:\/\/www.greenpeace.org\/static\/planet4-brasil-stateless\/2020\/07\/c4aba5cb-gp1su5ki-510x340.jpg 510w\" sizes=\"auto, (max-width: 1200px) 100vw, 1200px\" \/><figcaption class=\"wp-element-caption\">\u201cMaranhense\u201d \u00e9 um dos maiores pecuaristas do Par\u00e1 e acumula R$ 45 milh\u00f5es em multas por danos ambientais.<div class=\"credit icon-left\"> \u00a9 Christian Braga \/ Greenpeace<\/div><\/figcaption><\/figure>\n\n<figure class=\"wp-block-image size-full caption-style-blue-overlay caption-alignment-center view-nomobile\"><br><br><img decoding=\"async\" src=\"https:\/\/www.greenpeace.org\/static\/planet4-brasil-stateless\/2020\/07\/f0709716-caso-fazenda-tiborna-titulo.png\" title=\"Caso Parque Ricardo Franco\" alt=\"Caso Fazenda Tiborna\" class=\"wp-image-24101\"\/><\/figure>\n\n<figure class=\"wp-block-image size-full caption-style-blue-overlay caption-alignment-center view-mobile\"><img decoding=\"async\" src=\"https:\/\/www.greenpeace.org\/static\/planet4-brasil-stateless\/2020\/07\/759a2f38-caso-fazenda-tiborna-titulo-m.png\" alt=\"Caso Fazenda Tiborna\" class=\"wp-image-24100\"\/><\/figure>\n\n<h4 class=\"wp-block-heading has-text-align-center txt60p\">Segundo dados do DETER, do Instituto Nacional de Pesquisas Espaciais (Inpe), entre agosto de 2019 e maio de 2020, os alertas apontam para um desmatamento de mais de 6 mil quil\u00f4metros quadrados, 80% maior do que o registrado no mesmo per\u00edodo do ano passado.<br><br><\/h4>\n\n<p class=\"txt70p\">Entre 01 de Agosto de 2019 e 25 de Junho de 2020, os antigos limites da Fazenda Tiborna registraram<strong> 5.369 hectares de Desmatamento dentro da \u00c1rea de Prote\u00e7\u00e3o Ambiental (APA) Triunfo do Xingu, no Par\u00e1. Foi o segundo maior desmatamento da Amaz\u00f4nia no per\u00edodo.<\/strong> \u00c9 nessa mesma regi\u00e3o que um velho conhecido do Greenpeace, que j\u00e1 foi alvo da Organiza\u00e7\u00e3o em uma<a href=\"https:\/\/greenpeace.org.br\/amazonia\/pdf\/para_estadodeconflito.pdf\"> investiga\u00e7\u00e3o sobre a explora\u00e7\u00e3o ilegal<\/a> e predat\u00f3ria de madeira, volta \u00e0 cena. Seu nome \u00e9 Ant\u00f4nio Lucena Barros, mais conhecido como \u201cMaranhense\u201d.<\/p>\n\n<div class=\"wp-block-image caption-style-medium caption-alignment-center view-nomobile\"><figure class=\"aligncenter size-full\"><img decoding=\"async\" src=\"https:\/\/www.greenpeace.org\/static\/planet4-brasil-stateless\/2020\/07\/19423cc7-caso-fazenda-tiborna-titulo-onde-esta.png\" alt=\"Onde est\u00e1 a Fazenda Tiborna\" class=\"wp-image-24245\"  style=\"width:76%; margin:0 12%;\" \/><\/figure><\/div>\n\n<div class=\"wp-block-image caption-style-medium caption-alignment-center view-mobile\"><figure class=\"aligncenter size-full view-mobile\"><img decoding=\"async\" src=\"https:\/\/www.greenpeace.org\/static\/planet4-brasil-stateless\/2020\/07\/4968eb09-caso-fazenda-tiborna-titulo-onde-esta-m.png\" alt=\"Onde est\u00e1 a Fazenda Tiborna\" class=\"wp-image-24244\"\/><\/figure><\/div>\n\n<p class=\"txt70p\">\u201cMaranhense\u201d \u00e9 um dos maiores pecuaristas do Par\u00e1 e vende gado para outros pecuaristas e para grandes frigor\u00edficos, dentre os quais a gigante global de prote\u00edna animal, JBS. Ele \u00e9 propriet\u00e1rio da Fazenda Tiborna (PA), situada justamente na APA Triunfo do Xingu. Depois de ter sua fazenda multada em mais de R$ 3 milh\u00f5es e embargada por desmatamento, em setembro do ano passado, ele alterou no Cadastro Ambiental Rural (CAR) o registro dos limites dessa propriedade. De 58 mil hectares, a Fazenda Tiborna passou a ter 7 mil hectares. Parte significativa da antiga delimita\u00e7\u00e3o acabou \u201cdesaparecendo\u201d e foi fatiada em v\u00e1rios pol\u00edgonos com nomes de propriet\u00e1rios diferentes.&nbsp;<\/p>\n\n<p class=\"txt70p\">Valendo-se de cen\u00e1rio pol\u00edtico favor\u00e1vel a quem deseja explorar ilegalmente a floresta com a certeza da impunidade, \u201cMaranhense\u201d simplesmente terceirizou a responsabilidade do embargo e da multa do IBAMA da antiga Fazenda Tiborna para a Fazenda Mata Verde, atualmente sob o dom\u00ednio de Ronaldo Barreira dos Santos. E apesar da multa, que nunca foi paga, continuar no nome de Ant\u00f4nio Lucena Barros, a \u00e1rea embargada agora est\u00e1 na fazenda de outra pessoa.&nbsp;&nbsp;<\/p>\n\n<p class=\"txt70p\">N\u00e3o por acaso, foi exatamente neste peda\u00e7o de terra do qual Maranhense escolheu \u201cabrir m\u00e3o\u201d no novo Cadastro Ambiental Rural que, poucos meses depois, surgiu o desmatamento de <strong>5.369<\/strong>hectares. Quando o assunto \u00e9 desmatamento ilegal, a carteira de contraven\u00e7\u00f5es de \u201cMaranhense\u201d j\u00e1 acumula multas aplicadas pelo Ibama que chegam a R$ 45 milh\u00f5es. Isso mostra que n\u00e3o estamos diante de um amador na \u201carte\u201d de desmatar a floresta.<\/p>\n\n<div class=\"wp-block-image  caption-style-blue-overlay caption-alignment-center view-nomobile\"><figure class=\"aligncenter size-full\"><img decoding=\"async\" src=\"https:\/\/www.greenpeace.org\/static\/planet4-brasil-stateless\/2020\/07\/49f90313-04-desktiborna.png\" title=\"\u00c1reas desmatadas Parque Ricardo Franco\" alt=\"Novos desmatamentos velhos conhecidos\" class=\"wp-image-24097\" style=\"width:76%; margin:0 12%;\" \/><\/figure><\/div>\n\n<div class=\"wp-block-image caption-style-blue-overlay caption-alignment-center view-mobile\"><figure class=\"aligncenter size-full view-mobile\"><img decoding=\"async\" src=\"https:\/\/www.greenpeace.org\/static\/planet4-brasil-stateless\/2020\/07\/d4f53379-04-mobitiborna.png\" alt=\"Novos desmatamentos velhos conhecidos\" class=\"wp-image-24096\"\/><\/figure><\/div>\n\n<div class=\"wp-block-image  caption-style-blue-overlay caption-alignment-center view-nomobile\"><figure class=\"aligncenter size-full\"><img decoding=\"async\" src=\"https:\/\/www.greenpeace.org\/static\/planet4-brasil-stateless\/2020\/07\/693d6a94-gif-desktiborna.gif\" title=\"\u00c1reas desmatadas Parque Ricardo Franco\" alt=\"Novos desmatamentos velhos conhecidos\" class=\"wp-image-24097\" style=\"width:76%; margin:0 12%;\" \/><\/figure><\/div>\n\n<div class=\"wp-block-image caption-style-blue-overlay caption-alignment-center view-mobile\"><figure class=\"aligncenter size-full view-mobile\"><img decoding=\"async\" src=\"https:\/\/www.greenpeace.org\/static\/planet4-brasil-stateless\/2020\/07\/a5158cc8-gif-mobitiborna.gif\" alt=\"Novos desmatamentos velhos conhecidos\" class=\"wp-image-24096\"\/><\/figure><\/div>\n\n<h3 class=\"wp-block-heading txt70p\"><br>Maiores frigor\u00edficos do Brasil recebem carne de origem incerta<br><br><\/h3>\n\n<p class=\"txt70p\">A Fazenda Tiborna, que at\u00e9 setembro do ano passado era uma propriedade embargada por desmatamento ilegal, comercializou gado entre janeiro de 2018 e fevereiro de 2020 com 29 estabelecimentos diferentes. Entre eles, a Fazenda Nuvem Branca II, que tamb\u00e9m \u00e9 de propriedade de Maranhense e abastece diretamente o Frigor\u00edfico JBS, em Reden\u00e7\u00e3o, no Par\u00e1.&nbsp;&nbsp;&nbsp;<\/p>\n\n<p class=\"txt70p\">N\u00e3o \u00e9 poss\u00edvel afirmar que os bois que sa\u00edram da fazenda Tiborna s\u00e3o os mesmos que foram abatidos pela JBS. Entretanto, sem o controle total da cadeia de fornecedores, h\u00e1 grande chance de haver uma contamina\u00e7\u00e3o por desmatamento no abastecimento de carne desse frigor\u00edfico.&nbsp; Essa pr\u00e1tica, na qual o invasor da floresta tenta apagar da cadeia de produ\u00e7\u00e3o a conex\u00e3o entre o boi e a floresta desmatada, \u00e9&nbsp; chamada de<strong> lavagem ou esquentamento de gado<\/strong>. Ela acontece quando um produtor tem uma fazenda com embargo ambiental ou outra irregularidade e se vale de fazenda de uma terceira pessoa ou dele pr\u00f3prio que n\u00e3o tenha irregularidades para repassar seu gado aos frigor\u00edficos.<\/p>\n\n<p class=\"txt70p\">Como se \u201climpa\u201d esse rastro obscuro? O animal passa durante sua vida, do nascimento \u00e0 engorda, em uma ou mais fazendas embargadas ou com outras irregularidades, que no caso do Maranhense \u00e9 a Fazenda Tiborna, e depois \u00e9 transferido para uma fazenda \u201cficha limpa\u201d, a Nuvem Branca II, que tamb\u00e9m \u00e9 de sua propriedade, mas que n\u00e3o possui restri\u00e7\u00f5es para vender animais para frigor\u00edficos comprometidos em eliminar o desmatamento da cadeia produtiva.<\/p>\n\n<p><\/p>\n\n<figure class=\"wp-block-image size-large  caption-style-blue-overlay caption-alignment-center view-nomobile\"><img decoding=\"async\" src=\"https:\/\/www.greenpeace.org\/static\/planet4-brasil-stateless\/2020\/07\/12c1799b-caso-fazenda-tiborna-titulo-como-funciona.png\" title=\"Como funciona a lavagem de gado\" alt=\"Como funciona o caminho sujo da venda de gado\" class=\"wp-image-24093\" style=\"width:76%; margin:0 12%;\" \/><\/figure>\n\n<figure class=\"wp-block-image size-large caption-style-blue-overlay caption-alignment-center view-mobile\"><img decoding=\"async\" src=\"https:\/\/www.greenpeace.org\/static\/planet4-brasil-stateless\/2020\/07\/791c7056-caso-fazenda-tiborna-titulo-como-funciona-m.png\" alt=\"Como funciona o caminho sujo da venda de gado\" class=\"wp-image-24092\"\/><\/figure>\n\n<p class=\"txt70p\">Independente de onde estamos, ainda \u00e9 dif\u00edcil ter certeza de que ao comprarmos uma carne que ela vai ser livre de desmatamento. Praticamente nenhum frigor\u00edfico ou supermercado que compra gado e\/ou derivados da Amaz\u00f4nia pode garantir a seus clientes que essas compras sejam totalmente livres de desmatamento e outras irregularidades &#8211; como a invas\u00e3o de \u00e1reas protegidas e conflitos por terra, por exemplo.&nbsp;<\/p>\n\n<p class=\"txt70p\">O caso de \u201cMaranhense\u201d, dentre tantos outros que v\u00eam sendo denunciados, revela que lavagem de gado n\u00e3o \u00e9 apenas uma vulnerabilidade pontual de uma ou outra empresa. Contamina a credibilidade comercial de um setor inteiro.&nbsp;<\/p>\n\n<figure class=\"wp-block-image size-full caption-style-medium caption-alignment-center\"><img loading=\"lazy\" decoding=\"async\" width=\"1200\" height=\"800\" src=\"https:\/\/www.greenpeace.org\/static\/planet4-brasil-stateless\/2020\/07\/dad8d9bf-gp1su5kl.jpg\" title=\"Monitoramento de Desmatamento e Queimadas na Amaz\u00f4nia em Julho de 2020 - Caso \u201cMaranhense\u201d. \u00a9 Christian Braga \/ Greenpeace\" alt=\"Monitoramento de Desmatamento e Queimadas na Amaz\u00f4nia em Julho de 2020 - Caso \u201cMaranhense\u201d. \u00a9 Christian Braga \/ Greenpeace\" class=\"wp-image-25464\" srcset=\"https:\/\/www.greenpeace.org\/static\/planet4-brasil-stateless\/2020\/07\/dad8d9bf-gp1su5kl.jpg 1200w, https:\/\/www.greenpeace.org\/static\/planet4-brasil-stateless\/2020\/07\/dad8d9bf-gp1su5kl-300x200.jpg 300w, https:\/\/www.greenpeace.org\/static\/planet4-brasil-stateless\/2020\/07\/dad8d9bf-gp1su5kl-1024x683.jpg 1024w, https:\/\/www.greenpeace.org\/static\/planet4-brasil-stateless\/2020\/07\/dad8d9bf-gp1su5kl-768x512.jpg 768w, https:\/\/www.greenpeace.org\/static\/planet4-brasil-stateless\/2020\/07\/dad8d9bf-gp1su5kl-510x340.jpg 510w\" sizes=\"auto, (max-width: 1200px) 100vw, 1200px\" \/><figcaption><div class=\"credit icon-left\"> \u00a9 Christian Braga \/ Greenpeace<\/div><\/figcaption><\/figure>\n\n<p class=\"txt70p\">Por mais que os governos n\u00e3o estejam colaborando para que o setor avance no controle e transpar\u00eancia nos elos da cadeia de produ\u00e7\u00e3o de animais e nem atenda \u00e0s demandas globais de produtos n\u00e3o vinculados a problemas socioambientais, as empresas n\u00e3o podem se esquivar de sua responsabilidade. N\u00e3o podemos esquecer que diante da conjuntura pol\u00edtica atual, casos como o de \u201cMaranhense\u201d s\u00f3 tendem aumentar.&nbsp;<\/p>\n\n<p class=\"txt70p\">\u201cEste governo abriu m\u00e3o do seu papel de proteger a Amaz\u00f4nia para incentivar o desmatamento. E assim acabam boicotando a economia do pa\u00eds porque muitos mercados relutam em estar vinculados a produtos tingidos com a destrui\u00e7\u00e3o florestal. N\u00e3o h\u00e1 mais espa\u00e7o para passar a boiada. O mundo todo est\u00e1 de olho. E o Greenpeace seguir\u00e1 incans\u00e1vel na exposi\u00e7\u00e3o e cobran\u00e7a de medidas para proteger a floresta e os povos que cuidam dela\u201d, diz R\u00f4mulo Batista, da campanha de Amaz\u00f4nia do Greenpeace Brasil.<\/p>\n\n<p class=\"txt70p has-grey-900-color has-x-dark-blue-background-color has-text-color has-background\"><strong>\u201cMaranhense\u201d, uma rela\u00e7\u00e3o de longa data com a destrui\u00e7\u00e3o<\/strong><br><br>Ant\u00f4nio Lucena Barros come\u00e7ou a fazer fortuna no Par\u00e1 quando a fam\u00edlia investiu na extra\u00e7\u00e3o ilegal de mogno nas terras dos ind\u00edgenas Kayap\u00f3, no Sul do estado, em 1998. Na \u00e9poca, \u201cMaranhense\u201d teve de responder pelos v\u00e1rios crimes que cometeu, do desmatamento ilegal em terras ind\u00edgenas \u00e0 exposi\u00e7\u00e3o de trabalhadores a condi\u00e7\u00f5es degradantes e an\u00e1logas ao trabalho escravo.<br><br>Com o fim da \u201cera do Mogno\u201d, \u00e9poca conhecida pela retirada criminosa da madeira que virou s\u00edmbolo da atividade florestal predat\u00f3ria e da fiscaliza\u00e7\u00e3o corrupta no Par\u00e1, o fazendeiro transferiu seu interesse para a atividade pecu\u00e1ria.<\/p>\n\n<figure class=\"wp-block-image size-full caption-style-medium caption-alignment-center\"><img loading=\"lazy\" decoding=\"async\" width=\"1200\" height=\"800\" src=\"https:\/\/www.greenpeace.org\/static\/planet4-brasil-stateless\/2020\/07\/36f60201-gp1su5kj.jpg\" title=\"Monitoramento de Desmatamento e Queimadas na Amaz\u00f4nia em Julho de 2020 - Caso \u201cMaranhense\u201d. \u00a9 Christian Braga \/ Greenpeace\" alt=\"Monitoramento de Desmatamento e Queimadas na Amaz\u00f4nia em Julho de 2020 - Caso \u201cMaranhense\u201d. \u00a9 Christian Braga \/ Greenpeace\" class=\"wp-image-25465\" srcset=\"https:\/\/www.greenpeace.org\/static\/planet4-brasil-stateless\/2020\/07\/36f60201-gp1su5kj.jpg 1200w, https:\/\/www.greenpeace.org\/static\/planet4-brasil-stateless\/2020\/07\/36f60201-gp1su5kj-300x200.jpg 300w, https:\/\/www.greenpeace.org\/static\/planet4-brasil-stateless\/2020\/07\/36f60201-gp1su5kj-1024x683.jpg 1024w, https:\/\/www.greenpeace.org\/static\/planet4-brasil-stateless\/2020\/07\/36f60201-gp1su5kj-768x512.jpg 768w, https:\/\/www.greenpeace.org\/static\/planet4-brasil-stateless\/2020\/07\/36f60201-gp1su5kj-510x340.jpg 510w\" sizes=\"auto, (max-width: 1200px) 100vw, 1200px\" \/><figcaption><div class=\"credit icon-left\"> \u00a9 Christian Braga \/ Greenpeace<\/div><\/figcaption><\/figure>\n\n<p class=\"txt70p has-inch-worm-color has-green-background-color has-text-color has-background\"><strong>APA Triunfo do Xingu<\/strong><br><br>A \u00c1rea de Prote\u00e7\u00e3o Ambiental (APA) Triunfo do Xingu est\u00e1 localizada nos munic\u00edpios de S\u00e3o F\u00e9lix do Xingu e Altamira, no Par\u00e1.&nbsp; \u00c9 uma das maiores Unidades de Conserva\u00e7\u00e3o (UCs) que fazem parte da Terra do Meio, um mosaico de terras protegidas com grandes blocos cont\u00ednuos de floresta prim\u00e1ria.&nbsp;<br><br>Criada em 2006 para garantir a conserva\u00e7\u00e3o da biodiversidade, dos recursos naturais,&nbsp; melhoria da qualidade de vida da popula\u00e7\u00e3o local e a conten\u00e7\u00e3o do desmatamento, a UC de 1,6 milh\u00e3o de hectares vem sofrendo com a\u00e7\u00f5es de explora\u00e7\u00e3o ilegal de madeira, grilagem de terra e desmatamento.<br><br>Em 2019, o desmatamento dentro da Unidade teve aumento de 30%, segundo dados do Prodes, na compara\u00e7\u00e3o com 2018. Foi a UC que registrou o maior incremento do desmatamento at\u00e9 2019, segundo os dados do Terra Brasilis e, de acordo com o Deter, no primeiro semestre de 2020, j\u00e1 foram identificados alertas de desmatamento em 18.214 hectares.<\/p>\n\n<p><strong><em>Nota de atualiza\u00e7\u00e3o:<\/em><br><\/strong><br><em>Conforme informa\u00e7\u00e3o recebida do Sr. Ant\u00f4nio Lucena Barros em 8 de julho de 2025, os autos de infra\u00e7\u00e3o e embargos do IBAMA (ZZW9VZUQ; 70XR6Y5L; D5T3NBW4; 9202213-E; 9123046-E.), que juntos correspondiam a 4.062,575<\/em> <em>hectares de desmatamento, foram anulados por decis\u00e3o judicial de primeira inst\u00e2ncia da Justi\u00e7a Federal do Par\u00e1, em 25 de abril de 2024. O Processo n\u00ba 1002849-25.2022.4.01.3901 est\u00e1 pendente de decis\u00e3o do Tribunal Regional Federal da 1\u00aa Regi\u00e3o (TRF1) do recurso de apela\u00e7\u00e3o interposto pelo IBAMA requerendo a reforma da decis\u00e3o de primeira inst\u00e2ncia.<\/em><\/p>\n\n<a href=\"https:\/\/todospelaamazonia.org.br\"><h3 class=\"has-text-align-center wp-block-heading\" style=\"background-color:#d54d18; color:#fae9bd; padding:1rem; width:100%; margin: 5rem 0 3rem; display:block;\">Fa\u00e7a parte do movimento <strong>TODOS PELA AMAZ\u00d4NIA<\/strong>!<\/h3><\/a>\n","protected":false},"excerpt":{"rendered":"<p>\u00c1reas protegidas da Amaz\u00f4nia est\u00e3o sendo invadidas, o que coloca esp\u00e9cies da fauna e flora do Brasil em risco de extin\u00e7\u00e3o<\/p>\n","protected":false},"author":44,"featured_media":25401,"parent":9626,"menu_order":0,"comment_status":"closed","ping_status":"closed","template":"","meta":{"ep_exclude_from_search":false,"p4_hide_page_title_checkbox":"","p4_title":"","p4_subtitle":"","p4_description":"","background_image_id":"","background_image":"","p4_button_title":"","p4_button_link":"","p4_button_link_checkbox":"","p4_og_title":"","p4_og_description":"","p4_og_image":"","p4_og_image_id":"","p4_seo_canonical_url":"","p4_campaign_name":"not set","p4_local_project":"not set","p4_basket_name":"not set","p4_department":"","footnotes":""},"categories":[3],"tags":[22,26],"class_list":["post-25379","page","type-page","status-publish","has-post-thumbnail","hentry","category-proteja-a-natureza","tag-florestas","tag-biodiversidade"],"_links":{"self":[{"href":"https:\/\/www.greenpeace.org\/brasil\/wp-json\/wp\/v2\/pages\/25379","targetHints":{"allow":["GET"]}}],"collection":[{"href":"https:\/\/www.greenpeace.org\/brasil\/wp-json\/wp\/v2\/pages"}],"about":[{"href":"https:\/\/www.greenpeace.org\/brasil\/wp-json\/wp\/v2\/types\/page"}],"author":[{"embeddable":true,"href":"https:\/\/www.greenpeace.org\/brasil\/wp-json\/wp\/v2\/users\/44"}],"replies":[{"embeddable":true,"href":"https:\/\/www.greenpeace.org\/brasil\/wp-json\/wp\/v2\/comments?post=25379"}],"version-history":[{"count":17,"href":"https:\/\/www.greenpeace.org\/brasil\/wp-json\/wp\/v2\/pages\/25379\/revisions"}],"predecessor-version":[{"id":59012,"href":"https:\/\/www.greenpeace.org\/brasil\/wp-json\/wp\/v2\/pages\/25379\/revisions\/59012"}],"up":[{"embeddable":true,"href":"https:\/\/www.greenpeace.org\/brasil\/wp-json\/wp\/v2\/pages\/9626"}],"wp:featuredmedia":[{"embeddable":true,"href":"https:\/\/www.greenpeace.org\/brasil\/wp-json\/wp\/v2\/media\/25401"}],"wp:attachment":[{"href":"https:\/\/www.greenpeace.org\/brasil\/wp-json\/wp\/v2\/media?parent=25379"}],"wp:term":[{"taxonomy":"category","embeddable":true,"href":"https:\/\/www.greenpeace.org\/brasil\/wp-json\/wp\/v2\/categories?post=25379"},{"taxonomy":"post_tag","embeddable":true,"href":"https:\/\/www.greenpeace.org\/brasil\/wp-json\/wp\/v2\/tags?post=25379"}],"curies":[{"name":"wp","href":"https:\/\/api.w.org\/{rel}","templated":true}]}}