{"id":25756,"date":"2020-08-09T09:00:00","date_gmt":"2020-08-09T12:00:00","guid":{"rendered":"https:\/\/www.greenpeace.org\/brasil\/?page_id=25756"},"modified":"2020-08-09T09:10:27","modified_gmt":"2020-08-09T12:10:27","slug":"arandu-temos-muito-o-que-aprender-com-a-sabedoria-indigena","status":"publish","type":"page","link":"https:\/\/www.greenpeace.org\/brasil\/florestas\/arandu-temos-muito-o-que-aprender-com-a-sabedoria-indigena\/","title":{"rendered":"Arandu: temos muito o que aprender com a sabedoria ind\u00edgena"},"content":{"rendered":"<style> .page-header-title { display:none; } h1 {font-size: 2.8rem; } h2 { font-size:1.8rem; } <\/style>\n\n<h1 class=\"has-text-align-center txt70p wp-block-heading\">Arandu: temos muito o que aprender com a sabedoria ind\u00edgena<\/h1>\n\n<h2 class=\"has-grey-800-color has-text-color has-text-align-center txt70p wp-block-heading\">Lideran\u00e7as ind\u00edgenas protagonizam v\u00eddeos que explicitam a coer\u00eancia e a profundidade de seus modos de vida, al\u00e9m de provocar reflex\u00f5es sobre as sociedades n\u00e3o ind\u00edgenas e suas contradi\u00e7\u00f5es<\/h2>\n\n<p class=\"has-normal-font-size txt70p\"><em>Por Patr\u00edcia Bonilha<\/em><br><strong>09 de agosto de 2020<\/strong><\/p>\n<div data-render=\"planet4-blocks\/happypoint\" data-attributes=\"{&quot;attributes&quot;:{&quot;focus_image&quot;:&quot;50% 40%&quot;,&quot;opacity&quot;:100,&quot;id&quot;:25759,&quot;iframe_url&quot;:&quot;&quot;,&quot;embed_code&quot;:&quot;&quot;,&quot;override_default_content&quot;:&quot;false&quot;,&quot;local_content_provider&quot;:&quot;none&quot;}}\"><\/div>\n<p class=\"has-text-color has-text-align-center has-grey-600-color txt70p\"><span style=\"display:block; font-size: 1rem; margin-top: -0.5rem; font-family: Roboto,sans-serif\">O atual contexto de pandemia que o mundo enfrenta hoje nos estimula, mais do que nunca, a ter uma atitude \u201carandu\u201d \u2013 ou seja, \u201cobservar, ouvir, contemplar, entender\u201d \u2013 diante dos conhecimentos ancestrais dos povos origin\u00e1rios desse continente \u00a9 Rog\u00e9rio Assis \/ Greenpeace <\/span><\/p>\n\n<p class=\"txt70p\">Para os povos Kaiow\u00e1 e Guarani, alguns significados para o termo <em>arandu<\/em> s\u00e3o \u201couvir o tempo\u201d, \u201cvivenciar\u201d, \u201cconhecer com a experi\u00eancia de vida, na rela\u00e7\u00e3o intr\u00ednseca com o ambiente\u201d, \u201centendimento\u201d, \u201cconhecimento\u201d. Em uma palavra, esses vastos conceitos talvez poderiam ser sintetizados como \u201csabedoria\u201d. Com essa inspira\u00e7\u00e3o, uma s\u00e9rie de 12 curtas-metragens produzidos pelo Greenpeace sobre as plurais realidades ind\u00edgenas recebeu esse nome: Arandu. Com um minuto de dura\u00e7\u00e3o cada, os v\u00eddeos amplificam as reflex\u00f5es de oito importantes lideran\u00e7as dos povos Krikati, Bar\u00e9, Guajajara, Cano\u00e9, Kassup\u00e1 e Macuxi, que vivem e resistem secularmente na Amaz\u00f4nia brasileira.&nbsp;<\/p>\n\n<p class=\"txt70p\">O prop\u00f3sito para a produ\u00e7\u00e3o dessa s\u00e9rie foi o de <strong>aproximar os n\u00e3o ind\u00edgenas do caleidosc\u00f3pio dos modos de vida ancestrais, cosmovis\u00f5es, espiritualidades e concep\u00e7\u00f5es vivenciadas pelas sociedades que j\u00e1 viviam aqui antes da chegada dos colonizadores<\/strong>. Com 305 povos ind\u00edgenas, falantes de pelo menos 274 l\u00ednguas, o Brasil \u00e9 um dos pa\u00edses com maior riqueza \u00e9tnica do mundo. H\u00e1 ainda o registro de 115 grupos de <a href=\"https:\/\/www.greenpeace.org\/brasil\/blog\/como-o-covid-19-impacta-os-indigenas-isolados\/\">povos que vivem em isolamento volunt\u00e1rio<\/a> \u2013 um deles no Cerrado e 114 na Amaz\u00f4nia Legal.&nbsp;<\/p>\n\n<p class=\"txt70p\"><strong>A cultura de cada povo ind\u00edgena \u00e9 singular<\/strong> e \u00e9 um grave equ\u00edvoco conceber ou se referir a elas como se fossem uma coisa s\u00f3. Essa homogeneiza\u00e7\u00e3o \u00e9, em si, o oposto da pluralidade que caracteriza a pr\u00f3pria exist\u00eancia dos ind\u00edgenas no Brasil, em diversos aspectos.&nbsp;<br><br><\/p>\n\n<div class=\"slider\">\n<div><iframe loading=\"lazy\" src=\"https:\/\/www.youtube.com\/embed\/KyRiRETzzEw\" allow=\"accelerometer; autoplay; encrypted-media; gyroscope; picture-in-picture\" allowfullscreen=\"\" width=\"560\" height=\"315\" frameborder=\"0\"><\/iframe><\/div>\n<div><iframe loading=\"lazy\" src=\"https:\/\/www.youtube.com\/embed\/gH_G7ORVmi8\" allow=\"accelerometer; autoplay; encrypted-media; gyroscope; picture-in-picture\" allowfullscreen=\"\" width=\"560\" height=\"315\" frameborder=\"0\"><\/iframe><\/div>\n<div><iframe loading=\"lazy\" src=\"https:\/\/www.youtube.com\/embed\/Rn61vD1Y7ow\" allow=\"accelerometer; autoplay; encrypted-media; gyroscope; picture-in-picture\" allowfullscreen=\"\" width=\"560\" height=\"315\" frameborder=\"0\"><\/iframe><\/div>\n<div><iframe loading=\"lazy\" src=\"https:\/\/www.youtube.com\/embed\/hoii4VBXO94\" allow=\"accelerometer; autoplay; encrypted-media; gyroscope; picture-in-picture\" allowfullscreen=\"\" width=\"560\" height=\"315\" frameborder=\"0\"><\/iframe><\/div>\n<\/div>\n\n<p class=\"txt70p\"><br>Dito isso, se tem algo que \u00e9 comum a eles \u00e9 <strong>a perspectiva de que a vida \u00e9 intr\u00ednseca \u00e0 natureza<\/strong>. Em v\u00e1rios depoimentos nos v\u00eddeos, essa compreens\u00e3o \u00e9 expl\u00edcita: a terra \u00e9 m\u00e3e; os rios e toda a natureza s\u00e3o sagrados e t\u00eam seus Encantados (esp\u00edritos protetores); a preserva\u00e7\u00e3o da floresta \u00e9 essencial, porque significa a garantia da continuidade da vida neste planeta. Assim, defender o territ\u00f3rio da sua destrui\u00e7\u00e3o e depreda\u00e7\u00e3o \u00e9 respeitar a pr\u00f3pria identidade, al\u00e9m de ser uma miss\u00e3o de vida.<\/p>\n\n<p class=\"txt70p\">Desse ponto de vista, <strong>ci\u00eancia e conhecimento ind\u00edgena est\u00e3o conectados<\/strong>: precisamos de solo saud\u00e1vel e \u00e1gua para a produ\u00e7\u00e3o de alimentos e, portanto, para garantir a continuidade da nossa esp\u00e9cie; para isso, precisamos da floresta em p\u00e9, que \u00e9 fundamental para a manuten\u00e7\u00e3o do equil\u00edbrio clim\u00e1tico e do pr\u00f3prio planeta; assim, \u00e9 essencial proteger a natureza. Cientes disso, os ind\u00edgenas colocam suas pr\u00f3prias vidas em risco para assegurar a continuidade da esp\u00e9cie humana e dos outros seres (f\u00edsicos e espirituais).&nbsp;<\/p>\n\n<p class=\"txt70p\">Por mais que essas reflex\u00f5es pare\u00e7am \u00f3bvias, sabemos que a gan\u00e2ncia, o ego\u00edsmo e o individualismo t\u00eam levado nossas sociedades a in\u00fameras crises (ambiental, social, clim\u00e1tica, econ\u00f4mica, dentre outras). E por mais que muitos de n\u00f3s, ativistas de causas humanit\u00e1rias e ambientais, por exemplo, compreendamos racionalmente essa l\u00f3gica, os ind\u00edgenas as vivenciam diariamente, as sentem e incorporam. Por isso <strong>s\u00e3o refer\u00eancias para apontar outros caminhos para nossas sociedades<\/strong>. Ao observarmos seus modos de vida seculares, e como eles se sustentaram ao longo dos tempos, torna-se dif\u00edcil contestar suas verdades.<br><br><\/p>\n\n<div class=\"slider\">\n<div><iframe loading=\"lazy\" src=\"https:\/\/www.youtube.com\/embed\/Koioglh66bU\" allow=\"accelerometer; autoplay; encrypted-media; gyroscope; picture-in-picture\" allowfullscreen=\"\" width=\"560\" height=\"315\" frameborder=\"0\"><\/iframe><\/div>\n<div><iframe loading=\"lazy\" src=\"https:\/\/www.youtube.com\/embed\/jZ-Ffc0ianM\" allow=\"accelerometer; autoplay; encrypted-media; gyroscope; picture-in-picture\" allowfullscreen=\"\" width=\"560\" height=\"315\" frameborder=\"0\"><\/iframe><\/div>\n<div><iframe loading=\"lazy\" src=\"https:\/\/www.youtube.com\/embed\/PMUEtvy3fB4\" allow=\"accelerometer; autoplay; encrypted-media; gyroscope; picture-in-picture\" allowfullscreen=\"\" width=\"560\" height=\"315\" frameborder=\"0\"><\/iframe><\/div>\n<div><iframe loading=\"lazy\" src=\"https:\/\/www.youtube.com\/embed\/WvnEQWhcBuE\" allow=\"accelerometer; autoplay; encrypted-media; gyroscope; picture-in-picture\" allowfullscreen=\"\" width=\"560\" height=\"315\" frameborder=\"0\"><\/iframe><\/div>\n<\/div>\n\n<h3 class=\"txt70p wp-block-heading\"><br><br><strong>O olhar deles sobre n\u00f3s<\/strong><br><br><\/h3>\n\n<p class=\"txt70p\">Nesse sentido, as falas ind\u00edgenas reveladas nos v\u00eddeos da s\u00e9rie <em>Arandu<\/em> tamb\u00e9m provocam reflex\u00f5es e cr\u00edticas sobre o modo como os n\u00e3o ind\u00edgenas vivem, acumulam bens, consomem excessivamente, optam pelo individual em detrimento do coletivo e colocam o lucro acima da vida. Como consequ\u00eancia, as lideran\u00e7as relatam o que testemunham em seus territ\u00f3rios: o grave aumento do desmatamento, da contamina\u00e7\u00e3o dos rios e das queimadas das florestas; invas\u00f5es e roubos dos bens comuns (\u00e1gua, biodiversidade, madeira, terra, etc); e a amplia\u00e7\u00e3o dos conflitos e das viol\u00eancias.&nbsp;&nbsp;<\/p>\n\n<p class=\"txt70p\">O atual contexto de pandemia que o mundo enfrenta hoje e as m\u00faltiplas crises nos estimulam, mais do que nunca, a ter uma atitude \u201carandu\u201d \u2013 ou seja, observar, ouvir, contemplar e aprender com os entendimentos tradicionais dos povos origin\u00e1rios desse continente. Al\u00e9m de nos possibilitar conhecer melhor a nossa pr\u00f3pria hist\u00f3ria e, portanto, n\u00f3s mesmos, tamb\u00e9m nos permite estabelecermos uma outra rela\u00e7\u00e3o com as pessoas, a vida, a natureza e o planeta como um todo. <strong>Ainda h\u00e1 tempo para honrarmos nossa ancestralidade e as futuras gera\u00e7\u00f5es<\/strong>.&nbsp;<\/p>\n\n<p class=\"txt70p\">E aqui cabe um conselho de Nara Bar\u00e9, do \u201cpovo das \u00e1guas\u201d, coordenadora da Coordena\u00e7\u00e3o das Organiza\u00e7\u00f5es Ind\u00edgenas da Amaz\u00f4nia Brasileira (Coiab), registrado no d\u00e9cimo epis\u00f3dio de <em>Arandu<\/em>: \u201c<strong>Voc\u00eas precisam ter uma mentalidade e uma viv\u00eancia de comunidade, como a gente.&nbsp; Se preocupar com o outro, se preocupar com o coletivo. O que acontece, minimamente, aqui [floresta amaz\u00f4nica] tem um efeito muito maior para voc\u00eas, nas suas casas, onde voc\u00eas est\u00e3o. Ent\u00e3o, cuidar da Amaz\u00f4nia n\u00e3o \u00e9 s\u00f3 cuidar para n\u00f3s. \u00c9 cuidar para todos!<\/strong>&#8220;.<\/p>\n\n<style>@import url(\"https:\/\/greenpeace.org.br\/assets\/bxslider\/jquery.bxslider.css\"); @media (min-width: 768px) { p#intro { width:60%; } .page-header { padding-bottom: 40px; } .wp-image-8127 { margin-top:-4rem; } .carousel-wrap { } } .carousel-wrap .carousel-item img { height: auto !important; } iframe div.jx-slider { color:#bc926d; } body.brown-bg { background: #ece1e1; } .brown-bg .page-header-background::after { background:none; } #impactos .columns-block.block-style-no_image h3 { font-size: 1.8rem; } #impactos .columns-block.block-style-no_image p { font-size: 1rem; width: 90%; } #impactos .columns-block.block-style-no_image p b { font-size: 1.4rem; } #impactos .col-md-6.col-lg.column-wrap img { margin-bottom:2rem; } .columns-block { margin-bottom: 0; } #mensagens h3 { display:none; } #mensagens .columns-block.block-style-no_image .column-wrap { padding-bottom: 10px; margin-bottom:10px; } #mensagens { margin-bottom:50px; }  #mensagens h2 { font-size:2.25rem; } div.page-template img { max-width: none; } .slider-instagram div.slide-insta { width:auto !important; margin-right: 1rem; }  .juxtapose { width:100% !mportant; height:832px !important; } <\/style>\n\n<script src=\"https:\/\/ajax.googleapis.com\/ajax\/libs\/jquery\/3.1.1\/jquery.min.js\"><\/script><script src=\"https:\/\/greenpeace.org.br\/assets\/bxslider\/jquery.bxslider.min.js\"><\/script><script type=\"text\/javascript\" src=\"https:\/\/greenpeace.org.br\/assets\/js\/jquery.fitvids.js\"><\/script><script type=\"text\/javascript\" src=\"https:\/\/greenpeace.org.br\/assets\/js\/jquery.colorbox.js\"><\/script><script type=\"text\/javascript\">jQuery(function($){ $(document).ready(function(){ $(\".inline\").colorbox({inline:true, width:\"80%\", height:\"90%\" }); }); }); $(document).ready(function(){ $('.slider').bxSlider({ infiniteLoop: false, hideControlOnEnd: true, pager: false, video: true }); });<\/script>\n\n<div class=\"slider\">\n<div><iframe loading=\"lazy\" src=\"https:\/\/www.youtube.com\/embed\/XyljVoYEgpA\" allow=\"accelerometer; autoplay; encrypted-media; gyroscope; picture-in-picture\" allowfullscreen=\"\" width=\"560\" height=\"315\" frameborder=\"0\"><\/iframe><\/div>\n<div><iframe loading=\"lazy\" src=\"https:\/\/www.youtube.com\/embed\/Ck4hzI7BZ5s\" allow=\"accelerometer; autoplay; encrypted-media; gyroscope; picture-in-picture\" allowfullscreen=\"\" width=\"560\" height=\"315\" frameborder=\"0\"><\/iframe><\/div>\n<div><iframe loading=\"lazy\" src=\"https:\/\/www.youtube.com\/embed\/zzv4SnJ59aE\" allow=\"accelerometer; autoplay; encrypted-media; gyroscope; picture-in-picture\" allowfullscreen=\"\" width=\"560\" height=\"315\" frameborder=\"0\"><\/iframe><\/div>\n<div><iframe loading=\"lazy\" src=\"https:\/\/www.youtube.com\/embed\/Di4jqosfQvY\" allow=\"accelerometer; autoplay; encrypted-media; gyroscope; picture-in-picture\" allowfullscreen=\"\" width=\"560\" height=\"315\" frameborder=\"0\"><\/iframe><\/div>\n<\/div>\n\n<a href=\"https:\/\/todospelaamazonia.org.br\"><h3 class=\"has-text-align-center wp-block-heading\" style=\"background-color:#d54d18; color:#fae9bd; padding:1rem; width:100%; margin: 5rem 0 3rem; display:block;\">Fa\u00e7a parte do movimento <strong>TODOS PELA AMAZ\u00d4NIA<\/strong>!<\/h3><\/a>\n","protected":false},"excerpt":{"rendered":"<p>Lideran\u00e7as ind\u00edgenas protagonizam v\u00eddeos que explicitam a coer\u00eancia e a profundidade de seus modos de vida, al\u00e9m de provocar reflex\u00f5es sobre as sociedades n\u00e3o ind\u00edgenas e suas contradi\u00e7\u00f5es <\/p>\n","protected":false},"author":44,"featured_media":25759,"parent":9626,"menu_order":0,"comment_status":"closed","ping_status":"closed","template":"","meta":{"ep_exclude_from_search":false,"p4_hide_page_title_checkbox":"","p4_title":"","p4_subtitle":"","p4_description":"","background_image_id":"","background_image":"","p4_button_title":"","p4_button_link":"","p4_button_link_checkbox":"","p4_og_title":"","p4_og_description":"","p4_og_image":"","p4_og_image_id":"","p4_seo_canonical_url":"","p4_campaign_name":"Covid-19 Response","p4_local_project":"not set","p4_basket_name":"not set","p4_department":"","footnotes":""},"categories":[3],"tags":[8,22],"class_list":["post-25756","page","type-page","status-publish","has-post-thumbnail","hentry","category-proteja-a-natureza","tag-resista","tag-florestas"],"_links":{"self":[{"href":"https:\/\/www.greenpeace.org\/brasil\/wp-json\/wp\/v2\/pages\/25756","targetHints":{"allow":["GET"]}}],"collection":[{"href":"https:\/\/www.greenpeace.org\/brasil\/wp-json\/wp\/v2\/pages"}],"about":[{"href":"https:\/\/www.greenpeace.org\/brasil\/wp-json\/wp\/v2\/types\/page"}],"author":[{"embeddable":true,"href":"https:\/\/www.greenpeace.org\/brasil\/wp-json\/wp\/v2\/users\/44"}],"replies":[{"embeddable":true,"href":"https:\/\/www.greenpeace.org\/brasil\/wp-json\/wp\/v2\/comments?post=25756"}],"version-history":[{"count":16,"href":"https:\/\/www.greenpeace.org\/brasil\/wp-json\/wp\/v2\/pages\/25756\/revisions"}],"predecessor-version":[{"id":25803,"href":"https:\/\/www.greenpeace.org\/brasil\/wp-json\/wp\/v2\/pages\/25756\/revisions\/25803"}],"up":[{"embeddable":true,"href":"https:\/\/www.greenpeace.org\/brasil\/wp-json\/wp\/v2\/pages\/9626"}],"wp:featuredmedia":[{"embeddable":true,"href":"https:\/\/www.greenpeace.org\/brasil\/wp-json\/wp\/v2\/media\/25759"}],"wp:attachment":[{"href":"https:\/\/www.greenpeace.org\/brasil\/wp-json\/wp\/v2\/media?parent=25756"}],"wp:term":[{"taxonomy":"category","embeddable":true,"href":"https:\/\/www.greenpeace.org\/brasil\/wp-json\/wp\/v2\/categories?post=25756"},{"taxonomy":"post_tag","embeddable":true,"href":"https:\/\/www.greenpeace.org\/brasil\/wp-json\/wp\/v2\/tags?post=25756"}],"curies":[{"name":"wp","href":"https:\/\/api.w.org\/{rel}","templated":true}]}}