{"id":25815,"date":"2020-08-10T14:10:06","date_gmt":"2020-08-10T17:10:06","guid":{"rendered":"https:\/\/www.greenpeace.org\/brasil\/?page_id=25815"},"modified":"2020-08-10T14:27:06","modified_gmt":"2020-08-10T17:27:06","slug":"dia-do-fogo-completa-um-ano-com-legado-de-impunidade","status":"publish","type":"page","link":"https:\/\/www.greenpeace.org\/brasil\/florestas\/dia-do-fogo-completa-um-ano-com-legado-de-impunidade\/","title":{"rendered":"Dia do Fogo completa um ano, com legado de impunidade"},"content":{"rendered":"<style>body,html { background-color:#fbd2d2; } .page-header-title { display:none; } h2 { font-size:1.8rem; } .skewed-overlay { display:none !important;} .page-header { padding-bottom:0; } .wp-video { width:70% !important; height: auto !important; margin:0 15% 2rem !important; display:inline-block; } #mep_0 { width:100% !important; height:auto; } @media (max-width: 800px) { .view-nomobile { display: none !important; } .view-mobile { display: inherit !important; } } @media (min-width: 801px) { .view-nomobile { display: inherit !important; } .view-mobile { display: none !important; } }<\/style>\n\n<h1 class=\"has-text-align-center wp-block-heading\" style=\"width:80%; font-size:2.5rem; text-transform:uppercase; background-color:#e81f21; color:#fae9bd; padding:2rem; width:100%; margin: 5rem 0 3rem; display:block;\">Dia do Fogo completa um ano,<br>com legado de impunidade<\/h1>\n\n<h2 class=\"has-genoa-color has-text-color has-text-align-center txt80p wp-block-heading\" style=\"color:#e81f21;\">\u00c1reas que queimaram em 2019, na a\u00e7\u00e3o coordenada de fazendeiros e desmatadores, est\u00e3o hoje destru\u00eddas e algumas ocupadas por gado, mostrando que no Brasil o crime compensa<\/h2>\n\n<p class=\"txt70p\">Em agosto de 2019, enquanto a Amaz\u00f4nia enfrentava n\u00fameros recordes de queimadas, um grupo de fazendeiros do Par\u00e1 decidiu organizar uma manifesta\u00e7\u00e3o criminosa em apoio \u00e0s pol\u00edticas de desmonte ambiental do Brasil: o Dia do Fogo. E os n\u00fameros, que j\u00e1 eram ruins, chegaram a n\u00edveis estratosf\u00e9ricos naquele m\u00eas.<\/p>\n\n<p class=\"txt70p\">Nesta nova den\u00fancia, mostramos que, um ano depois desta a\u00e7\u00e3o coordenada, a impunidade reina absoluta e as \u00e1reas que foram queimadas no ano passado j\u00e1 se encontram com desmatamento consolidado e gado, muito gado. O caso refor\u00e7a a liga\u00e7\u00e3o \u00edntima entre o fogo na Amaz\u00f4nia e o ciclo do desmatamento, onde o objetivo principal \u00e9 sempre a mudan\u00e7a do uso do solo e a destrui\u00e7\u00e3o da floresta.<\/p>\n\n<figure class=\"wp-block-image size-full caption-style-blue-overlay caption-alignment-center view-nomobile\"><br><br><img loading=\"lazy\" decoding=\"async\" width=\"1024\" height=\"244\" src=\"https:\/\/www.greenpeace.org\/static\/planet4-brasil-stateless\/2020\/08\/cd18ed3d-dia-do-fogo-o-que-foi-titulo-1024x244.png\" title=\"Caso Parque Ricardo Franco\" alt=\"O que foi o Dia do Fogo\" class=\"wp-image-25809\" srcset=\"https:\/\/www.greenpeace.org\/static\/planet4-brasil-stateless\/2020\/08\/cd18ed3d-dia-do-fogo-o-que-foi-titulo-1024x244.png 1024w, https:\/\/www.greenpeace.org\/static\/planet4-brasil-stateless\/2020\/08\/cd18ed3d-dia-do-fogo-o-que-foi-titulo-300x72.png 300w, https:\/\/www.greenpeace.org\/static\/planet4-brasil-stateless\/2020\/08\/cd18ed3d-dia-do-fogo-o-que-foi-titulo-768x183.png 768w, https:\/\/www.greenpeace.org\/static\/planet4-brasil-stateless\/2020\/08\/cd18ed3d-dia-do-fogo-o-que-foi-titulo-1536x366.png 1536w, https:\/\/www.greenpeace.org\/static\/planet4-brasil-stateless\/2020\/08\/cd18ed3d-dia-do-fogo-o-que-foi-titulo-510x122.png 510w, https:\/\/www.greenpeace.org\/static\/planet4-brasil-stateless\/2020\/08\/cd18ed3d-dia-do-fogo-o-que-foi-titulo.png 1681w\" sizes=\"auto, (max-width: 1024px) 100vw, 1024px\" \/><\/figure>\n\n<figure class=\"wp-block-image size-full  caption-style-blue-overlay caption-alignment-center view-mobile\"><img loading=\"lazy\" decoding=\"async\" width=\"761\" height=\"401\" src=\"https:\/\/www.greenpeace.org\/static\/planet4-brasil-stateless\/2020\/08\/f7d18fdf-dia-do-fogo-o-que-foi-titulo-m.png\" alt=\"O que foi o Dia do Fogo\" class=\"wp-image-25808\" srcset=\"https:\/\/www.greenpeace.org\/static\/planet4-brasil-stateless\/2020\/08\/f7d18fdf-dia-do-fogo-o-que-foi-titulo-m.png 761w, https:\/\/www.greenpeace.org\/static\/planet4-brasil-stateless\/2020\/08\/f7d18fdf-dia-do-fogo-o-que-foi-titulo-m-300x158.png 300w, https:\/\/www.greenpeace.org\/static\/planet4-brasil-stateless\/2020\/08\/f7d18fdf-dia-do-fogo-o-que-foi-titulo-m-510x269.png 510w\" sizes=\"auto, (max-width: 761px) 100vw, 761px\" \/><\/figure>\n\n<h4 class=\"has-text-align-center txt60p wp-block-heading\">Mesmo sendo poss\u00edvel identificar um grande n\u00famero de respons\u00e1veis, apenas 5% dos envolvidos na queima de florestas tiveram \u00e1reas embargadas, outros continuam produzindo a pleno vapor<br><br><\/h4>\n\n<p class=\"txt70p\">Durante os dias 10 e 11 de agosto de 2019, aconteceu no Par\u00e1 o que ficou conhecido como \u201cDia do Fogo\u201d, quando produtores rurais da regi\u00e3o se mobilizaram para atear fogo na Amaz\u00f4nia. Apenas nesses dois dias, o Instituto Nacional de Pesquisas Espaciais (INPE) detectou 1.457 focos de calor no estado, um aumento de 1.923% no mesmo intervalo, quando comparado ao ano anterior. Enquanto no dia 9 de agosto foram detectados 101 focos na regi\u00e3o, no dia 10 esse n\u00famero pulou para 715, um aumento de 707% de um dia para o outro.<\/p>\n\n<div class=\"wp-block-image caption-style-medium caption-alignment-center view-nomobile\"><figure class=\"aligncenter size-full\"><img decoding=\"async\" src=\"https:\/\/www.greenpeace.org\/static\/planet4-brasil-stateless\/2020\/08\/beaec0f2-dia-do-fogo-onde-aconteceu.png\" alt=\"Onde aconteceu o Dia do Fogo\" class=\"wp-image-25811\"  style=\"width:76%; margin:0 12%;\" \/><\/figure><\/div>\n\n<div class=\"wp-block-image caption-style-medium caption-alignment-center\"><figure class=\"aligncenter size-full view-mobile\"><img decoding=\"async\" src=\"https:\/\/www.greenpeace.org\/static\/planet4-brasil-stateless\/2020\/08\/a97f6a03-dia-do-fogo-onde-aconteceu-m.png\" alt=\"Onde aconteceu o Dia do Fogo\" class=\"wp-image-25812\"\/><\/figure><\/div>\n\n<p class=\"txt70p\">\u201cMesmo com o \u201cDia do Fogo\u201d sendo amplamente noticiado na imprensa do mundo inteiro, pouco foi feito para punir os culpados. Das 207 propriedades que registraram queima em floresta nesses dois dias, apenas 5% foram autuadas. O governo manteve seus olhos voltados para outro lugar, mostrando, mais uma vez, que quem comete crimes ambientais sai impune\u201d, afirma R\u00f4mulo Batista, porta-voz da campanha de Amaz\u00f4nia do Greenpeace Brasil.<\/p>\n\n<p class=\"txt70p\">Como resultado, agosto de 2019 fechou com o maior n\u00famero de focos de calor registrados na Amaz\u00f4nia para o m\u00eas desde 2010.<\/p>\n\n<p class=\"txt70p\">Somente os munic\u00edpios de Novo Progresso, Itaituba, Altamira, S\u00e3o F\u00e9lix do Xingu \u2014 que tamb\u00e9m figuraram entre os 10 munic\u00edpios mais desmatados em 2019 \u2014, al\u00e9m de Jacareacanga e Trair\u00e3o, foram respons\u00e1veis por 79% dos focos detectados no Par\u00e1 em agosto do ano passado.<\/p>\n\n<p class=\"txt70p\">Nesses dois dias, 53 focos de calor atingiram Terras Ind\u00edgenas e 534 incidiram em Unidades de Conserva\u00e7\u00e3o. Al\u00e9m disso, 580 focos de calor, o que representa 39,8% do total, foram registrados em \u00e1rea de floresta e cerca de 32,8% em \u00e1reas desmatadas, sobretudo no ano refer\u00eancia do PRODES de 2019.&nbsp;<\/p>\n\n<p class=\"txt70p\">\u201cOs inc\u00eandios na floresta amaz\u00f4nica n\u00e3o s\u00e3o resultado de um fen\u00f4meno natural, mas da a\u00e7\u00e3o humana. Os dados s\u00f3 refor\u00e7am que o fogo \u00e9 uma das principais ferramentas utilizadas para o desmatamento, especialmente por grileiros e pecuaristas, que o usam para limpar \u00e1reas para uso na agropecu\u00e1ria ou especula\u00e7\u00e3o\u201d, comenta Batista.<\/p>\n\n<div class=\"wp-block-image  caption-style-blue-overlay caption-alignment-center view-nomobile\"><figure class=\"aligncenter size-full\"><img decoding=\"async\" src=\"https:\/\/www.greenpeace.org\/static\/planet4-brasil-stateless\/2020\/08\/b003f777-dia-do-fogo-o-que-foi.png\" title=\"\u00c1reas desmatadas Parque Ricardo Franco\" alt=\"O que foi o Dia do Fogo\" class=\"wp-image-24097\" style=\"width:76%; margin:0 12%;\" \/><\/figure><\/div>\n\n<div class=\"wp-block-image caption-style-blue-overlay caption-alignment-center view-mobile\"><figure class=\"aligncenter size-full\"><img decoding=\"async\" src=\"https:\/\/www.greenpeace.org\/static\/planet4-brasil-stateless\/2020\/08\/7a064365-dia-do-fogo-o-que-foi-m.png\" alt=\"O que foi o Dia do Fogo\" class=\"wp-image-24096\"\/><\/figure><\/div>\n\n<p class=\"txt70p\">Ainda em agosto do ano passado, o Minist\u00e9rio P\u00fablico Federal <a href=\"http:\/\/www.mpf.mp.br\/pa\/sala-de-imprensa\/noticias-pa\/mpf-apura-aumento-no-desmatamento-e-nas-queimadas-na-floresta-amazonica-em-investigacoes-em-santarem-itaituba-altamira-e-belem\" target=\"_blank\" rel=\"noreferrer noopener\">(MPF) no Par\u00e1 instaurou uma investiga\u00e7\u00e3o para apurar a diminui\u00e7\u00e3o no n\u00famero de fiscaliza\u00e7\u00f5es ambientais<\/a> na regi\u00e3o e a aus\u00eancia da Pol\u00edcia Militar do estado no apoio \u00e0s equipes de fiscaliza\u00e7\u00e3o.&nbsp;<\/p>\n\n<p class=\"txt70p\">Um ano depois desta a\u00e7\u00e3o, o Greenpeace esteve em campo para checar o que aconteceu com os locais que apresentaram focos de queimadas no \u201cDia do Fogo\u201d. O que encontramos foram \u00e1reas j\u00e1 completamente desmatadas, outras ainda em fase de desmatamento &#8211; que podem queimar novamente este ano &#8211; e outras j\u00e1 convertidas em pasto, com atividade pecu\u00e1ria dentro.<\/p>\n\n<p>&nbsp;<\/p>\n<div data-render=\"planet4-blocks\/gallery\" data-attributes=\"{&quot;attributes&quot;:{&quot;multiple_image&quot;:&quot;25836,25832,25837,25838,25839&quot;,&quot;image_data&quot;:[{&quot;url&quot;:&quot;https:\\\/\\\/www.greenpeace.org\\\/static\\\/planet4-brasil-stateless\\\/2020\\\/08\\\/7d4ae5e4-gp1su7yg.jpg&quot;,&quot;focalPoint&quot;:{&quot;x&quot;:0.5,&quot;y&quot;:0.5},&quot;id&quot;:25836},{&quot;url&quot;:&quot;https:\\\/\\\/www.greenpeace.org\\\/static\\\/planet4-brasil-stateless\\\/2020\\\/08\\\/1bec2139-gp1su7yi.jpg&quot;,&quot;focalPoint&quot;:{&quot;x&quot;:0.5,&quot;y&quot;:0.5},&quot;id&quot;:25832},{&quot;url&quot;:&quot;https:\\\/\\\/www.greenpeace.org\\\/static\\\/planet4-brasil-stateless\\\/2020\\\/08\\\/afd73121-gp1su7xm.jpg&quot;,&quot;focalPoint&quot;:{&quot;x&quot;:0.5,&quot;y&quot;:0.5},&quot;id&quot;:25837},{&quot;url&quot;:&quot;https:\\\/\\\/www.greenpeace.org\\\/static\\\/planet4-brasil-stateless\\\/2020\\\/08\\\/e62ad1bd-gp1su7xw.jpg&quot;,&quot;focalPoint&quot;:{&quot;x&quot;:0.5,&quot;y&quot;:0.5},&quot;id&quot;:25838},{&quot;url&quot;:&quot;https:\\\/\\\/www.greenpeace.org\\\/static\\\/planet4-brasil-stateless\\\/2020\\\/08\\\/88e64ebc-gp1su7yf.jpg&quot;,&quot;focalPoint&quot;:{&quot;x&quot;:0.5,&quot;y&quot;:0.5},&quot;id&quot;:25839}],&quot;gallery_block_style&quot;:0,&quot;gallery_block_title&quot;:&quot;&quot;,&quot;gallery_block_description&quot;:&quot;&quot;,&quot;gallery_block_focus_points&quot;:&quot;&quot;,&quot;images&quot;:[{&quot;image_src&quot;:&quot;https:\\\/\\\/www.greenpeace.org\\\/static\\\/planet4-brasil-stateless\\\/2020\\\/08\\\/7d4ae5e4-gp1su7yg.jpg&quot;,&quot;image_srcset&quot;:&quot;https:\\\/\\\/www.greenpeace.org\\\/static\\\/planet4-brasil-stateless\\\/2020\\\/08\\\/7d4ae5e4-gp1su7yg.jpg 1200w, https:\\\/\\\/www.greenpeace.org\\\/static\\\/planet4-brasil-stateless\\\/2020\\\/08\\\/7d4ae5e4-gp1su7yg-300x200.jpg 300w, https:\\\/\\\/www.greenpeace.org\\\/static\\\/planet4-brasil-stateless\\\/2020\\\/08\\\/7d4ae5e4-gp1su7yg-1024x684.jpg 1024w, https:\\\/\\\/www.greenpeace.org\\\/static\\\/planet4-brasil-stateless\\\/2020\\\/08\\\/7d4ae5e4-gp1su7yg-768x513.jpg 768w, https:\\\/\\\/www.greenpeace.org\\\/static\\\/planet4-brasil-stateless\\\/2020\\\/08\\\/7d4ae5e4-gp1su7yg-510x340.jpg 510w&quot;,&quot;image_sizes&quot;:false,&quot;alt_text&quot;:&quot;Um Ano Ap\\u00f3s o \\u201cDia do Fogo\\u201d na Amaz\\u00f4nia. \\u00a9 Christian Braga \\\/ Greenpeace&quot;,&quot;caption&quot;:&quot;\\u00c1rea com registro de desmatamento pelo Prodes 2019, no munic\\u00edpio de Novo Progresso (PA).\\r\\nNo dia 10 de agosto de 2019, fazendeiros do entorno da BR-163 realizaram o \\u201cDia de Fogo\\u201d, uma s\\u00e9rie de queimadas criminosas. A a\\u00e7\\u00e3o coordenada fez o n\\u00famero de focos de calor aumentar 300% de um dia para o outro na principal cidade da regi\\u00e3o, Novo Progresso (PA). Um ano depois, o Greenpeace sobrevoou a regi\\u00e3o para registrar o que aconteceu com as \\u00e1reas depois da a\\u00e7\\u00e3o. Em boa parte delas, a floresta foi substitu\\u00edda por pasto e bois.&quot;,&quot;focus_image&quot;:&quot;&quot;,&quot;credits&quot;:&quot;\\u00a9 Christian Braga \\\/ Greenpeace&quot;},{&quot;image_src&quot;:&quot;https:\\\/\\\/www.greenpeace.org\\\/static\\\/planet4-brasil-stateless\\\/2020\\\/08\\\/1bec2139-gp1su7yi.jpg&quot;,&quot;image_srcset&quot;:&quot;https:\\\/\\\/www.greenpeace.org\\\/static\\\/planet4-brasil-stateless\\\/2020\\\/08\\\/1bec2139-gp1su7yi.jpg 1200w, https:\\\/\\\/www.greenpeace.org\\\/static\\\/planet4-brasil-stateless\\\/2020\\\/08\\\/1bec2139-gp1su7yi-300x200.jpg 300w, https:\\\/\\\/www.greenpeace.org\\\/static\\\/planet4-brasil-stateless\\\/2020\\\/08\\\/1bec2139-gp1su7yi-1024x684.jpg 1024w, https:\\\/\\\/www.greenpeace.org\\\/static\\\/planet4-brasil-stateless\\\/2020\\\/08\\\/1bec2139-gp1su7yi-768x513.jpg 768w, https:\\\/\\\/www.greenpeace.org\\\/static\\\/planet4-brasil-stateless\\\/2020\\\/08\\\/1bec2139-gp1su7yi-510x340.jpg 510w&quot;,&quot;image_sizes&quot;:false,&quot;alt_text&quot;:&quot;Um Ano Ap\\u00f3s o \\u201cDia do Fogo\\u201d na Amaz\\u00f4nia \\u00a9 Christian Braga \\\/ Greenpeace&quot;,&quot;caption&quot;:&quot;\\u00c1rea com registro de desmatamento pelo Prodes 2019, no munic\\u00edpio de Novo Progresso (PA).\\r\\nNo dia 10 de agosto de 2019, fazendeiros do entorno da BR-163 realizaram o \\u201cDia de Fogo\\u201d, uma s\\u00e9rie de queimadas criminosas. A a\\u00e7\\u00e3o coordenada fez o n\\u00famero de focos de calor aumentar 300% de um dia para o outro na principal cidade da regi\\u00e3o, Novo Progresso (PA). Um ano depois, o Greenpeace sobrevoou a regi\\u00e3o para registrar o que aconteceu com as \\u00e1reas depois da a\\u00e7\\u00e3o. Em boa parte delas, a floresta foi substitu\\u00edda por pasto e bois.\\r\\n&quot;,&quot;focus_image&quot;:&quot;&quot;,&quot;credits&quot;:&quot;\\u00a9 Christian Braga \\\/ Greenpeace&quot;},{&quot;image_src&quot;:&quot;https:\\\/\\\/www.greenpeace.org\\\/static\\\/planet4-brasil-stateless\\\/2020\\\/08\\\/afd73121-gp1su7xm.jpg&quot;,&quot;image_srcset&quot;:&quot;https:\\\/\\\/www.greenpeace.org\\\/static\\\/planet4-brasil-stateless\\\/2020\\\/08\\\/afd73121-gp1su7xm.jpg 1200w, https:\\\/\\\/www.greenpeace.org\\\/static\\\/planet4-brasil-stateless\\\/2020\\\/08\\\/afd73121-gp1su7xm-300x200.jpg 300w, https:\\\/\\\/www.greenpeace.org\\\/static\\\/planet4-brasil-stateless\\\/2020\\\/08\\\/afd73121-gp1su7xm-1024x683.jpg 1024w, https:\\\/\\\/www.greenpeace.org\\\/static\\\/planet4-brasil-stateless\\\/2020\\\/08\\\/afd73121-gp1su7xm-768x512.jpg 768w, https:\\\/\\\/www.greenpeace.org\\\/static\\\/planet4-brasil-stateless\\\/2020\\\/08\\\/afd73121-gp1su7xm-510x340.jpg 510w&quot;,&quot;image_sizes&quot;:false,&quot;alt_text&quot;:&quot;Um Ano Ap\\u00f3s o \\u201cDia do Fogo\\u201d na Amaz\\u00f4nia. \\u00a9 Christian Braga \\\/ Greenpeace&quot;,&quot;caption&quot;:&quot;\\u00c1rea com pol\\u00edgonos de desmatamento recente registrados pelo Deter, no munic\\u00edpio de Altamira (PA).\\r\\nNo dia 10 de agosto de 2019, fazendeiros do entorno da BR-163 realizaram o \\u201cDia de Fogo\\u201d, uma s\\u00e9rie de queimadas criminosas. A a\\u00e7\\u00e3o coordenada fez o n\\u00famero de focos de calor aumentar 300% de um dia para o outro na principal cidade da regi\\u00e3o, Novo Progresso (PA). Um ano depois, o Greenpeace sobrevoou a regi\\u00e3o para registrar o que aconteceu com as \\u00e1reas depois da a\\u00e7\\u00e3o. Em boa parte delas, a floresta foi substitu\\u00edda por pasto e bois.&quot;,&quot;focus_image&quot;:&quot;&quot;,&quot;credits&quot;:&quot;\\u00a9 Christian Braga \\\/ Greenpeace&quot;},{&quot;image_src&quot;:&quot;https:\\\/\\\/www.greenpeace.org\\\/static\\\/planet4-brasil-stateless\\\/2020\\\/08\\\/e62ad1bd-gp1su7xw.jpg&quot;,&quot;image_srcset&quot;:&quot;https:\\\/\\\/www.greenpeace.org\\\/static\\\/planet4-brasil-stateless\\\/2020\\\/08\\\/e62ad1bd-gp1su7xw.jpg 1200w, https:\\\/\\\/www.greenpeace.org\\\/static\\\/planet4-brasil-stateless\\\/2020\\\/08\\\/e62ad1bd-gp1su7xw-300x200.jpg 300w, https:\\\/\\\/www.greenpeace.org\\\/static\\\/planet4-brasil-stateless\\\/2020\\\/08\\\/e62ad1bd-gp1su7xw-1024x683.jpg 1024w, https:\\\/\\\/www.greenpeace.org\\\/static\\\/planet4-brasil-stateless\\\/2020\\\/08\\\/e62ad1bd-gp1su7xw-768x512.jpg 768w, https:\\\/\\\/www.greenpeace.org\\\/static\\\/planet4-brasil-stateless\\\/2020\\\/08\\\/e62ad1bd-gp1su7xw-510x340.jpg 510w&quot;,&quot;image_sizes&quot;:false,&quot;alt_text&quot;:&quot;Um Ano Ap\\u00f3s o \\u201cDia do Fogo\\u201d na Amaz\\u00f4nia. \\u00a9 Christian Braga \\\/ Greenpeace&quot;,&quot;caption&quot;:&quot;\\u00c1rea com pol\\u00edgonos de desmatamento recente detectados pelo Deter, o maior com 6 mil hectares, no munic\\u00edpio de Altamira (PA).   \\r\\nNo dia 10 de agosto de 2019, fazendeiros do entorno da BR-163 realizaram o \\u201cDia de Fogo\\u201d, uma s\\u00e9rie de queimadas criminosas. A a\\u00e7\\u00e3o coordenada fez o n\\u00famero de focos de calor aumentar 300% de um dia para o outro na principal cidade da regi\\u00e3o, Novo Progresso (PA). Um ano depois, o Greenpeace sobrevoou a regi\\u00e3o para registrar o que aconteceu com as \\u00e1reas depois da a\\u00e7\\u00e3o. Em boa parte delas, a floresta foi substitu\\u00edda por pasto e bois.&quot;,&quot;focus_image&quot;:&quot;&quot;,&quot;credits&quot;:&quot;\\u00a9 Christian Braga \\\/ Greenpeace&quot;},{&quot;image_src&quot;:&quot;https:\\\/\\\/www.greenpeace.org\\\/static\\\/planet4-brasil-stateless\\\/2020\\\/08\\\/88e64ebc-gp1su7yf.jpg&quot;,&quot;image_srcset&quot;:&quot;https:\\\/\\\/www.greenpeace.org\\\/static\\\/planet4-brasil-stateless\\\/2020\\\/08\\\/88e64ebc-gp1su7yf.jpg 1200w, https:\\\/\\\/www.greenpeace.org\\\/static\\\/planet4-brasil-stateless\\\/2020\\\/08\\\/88e64ebc-gp1su7yf-300x200.jpg 300w, https:\\\/\\\/www.greenpeace.org\\\/static\\\/planet4-brasil-stateless\\\/2020\\\/08\\\/88e64ebc-gp1su7yf-1024x684.jpg 1024w, https:\\\/\\\/www.greenpeace.org\\\/static\\\/planet4-brasil-stateless\\\/2020\\\/08\\\/88e64ebc-gp1su7yf-768x513.jpg 768w, https:\\\/\\\/www.greenpeace.org\\\/static\\\/planet4-brasil-stateless\\\/2020\\\/08\\\/88e64ebc-gp1su7yf-510x340.jpg 510w&quot;,&quot;image_sizes&quot;:false,&quot;alt_text&quot;:&quot;Um Ano Ap\\u00f3s o \\u201cDia do Fogo\\u201d na Amaz\\u00f4nia. \\u00a9 Christian Braga \\\/ Greenpeace&quot;,&quot;caption&quot;:&quot;\\u00c1rea com desmatamento recente detectado pelo Deter e embargo, no munic\\u00edpio de Itaituba (PA).\\r\\nNo dia 10 de agosto de 2019, fazendeiros do entorno da BR-163 realizaram o \\u201cDia de Fogo\\u201d, uma s\\u00e9rie de queimadas criminosas. A a\\u00e7\\u00e3o coordenada fez o n\\u00famero de focos de calor aumentar 300% de um dia para o outro na principal cidade da regi\\u00e3o, Novo Progresso (PA). Um ano depois, o Greenpeace sobrevoou a regi\\u00e3o para registrar o que aconteceu com as \\u00e1reas depois da a\\u00e7\\u00e3o. Em boa parte delas, a floresta foi substitu\\u00edda por pasto e bois.&quot;,&quot;focus_image&quot;:&quot;&quot;,&quot;credits&quot;:&quot;\\u00a9 Christian Braga \\\/ Greenpeace&quot;}]}}\"><\/div>\n<p>&nbsp;<\/p>\n\n<h3 class=\"has-text-align-center wp-block-heading\" style=\"background-color:#E81F21; color:#fae9bd; padding:1rem; width:80%; margin: 5rem 10% 2rem; display:block;\">Nome, RG e impunidade<\/h3>\n\n<p class=\"txt70p\">Ao analisar os Cadastros Ambientais Rurais (CAR) dos munic\u00edpios de Novo Progresso, S\u00e3o F\u00e9lix do Xingu, Itaituba, Altamira, Jacareacanga e Trair\u00e3o, cuja \u00faltima atualiza\u00e7\u00e3o se refere a fevereiro de 2020, o Greenpeace Brasil identificou que quase metade dos focos de calor ocorridos no Dia do Fogo (49,96%) aconteceram dentro de propriedades rurais cadastradas no sistema fundi\u00e1rio do Par\u00e1.&nbsp;<\/p>\n\n<p class=\"txt70p\">Ou seja, as identidades dos propriet\u00e1rios destes 478 im\u00f3veis que tiveram focos de calor no dia a\u00e7\u00e3o podem ser consultadas pelo sistema p\u00fablico da Secretaria de Estado de Meio Ambiente e Sustentabilidade do Par\u00e1 (Semas\/PA).&nbsp;<\/p>\n\n<p class=\"txt70p\">Destes im\u00f3veis, 99,37% j\u00e1 apresentavam tra\u00e7os de pastagem mapeados e classificados pelo MapBiomas em 2018, o que indica que o \u201cDia do Fogo\u201d contou com a participa\u00e7\u00e3o maci\u00e7a de pecuaristas da regi\u00e3o. Pelo menos 66 deles j\u00e1 possu\u00edam embargos por crimes ambientais anteriores, e reincidiram no delito.<\/p>\n\n<figure class=\"wp-block-image size-large  caption-style-blue-overlay caption-alignment-center view-nomobile\"><img decoding=\"async\" src=\"https:\/\/www.greenpeace.org\/static\/planet4-brasil-stateless\/2020\/08\/ca6c64db-dia-do-fogo-por-que-amazonia-queima.png\" title=\"Como funciona a lavagem de gado\" alt=\"Por que a Amaz\u00f4nia queima?\" class=\"wp-image-24093\" style=\"width:76%; margin:0 12%;\" \/><\/figure>\n\n<figure class=\"wp-block-image size-large caption-style-blue-overlay caption-alignment-center view-mobile\"><img decoding=\"async\" src=\"https:\/\/www.greenpeace.org\/static\/planet4-brasil-stateless\/2020\/08\/7dd99361-dia-do-fogo-por-que-amazonia-queima-m.png\" alt=\"Por que a Amaz\u00f4nia queima?\" class=\"wp-image-24092\"\/><\/figure>\n\n<p class=\"txt70p\">\u201cMesmo sendo poss\u00edvel fazer a identifica\u00e7\u00e3o, o governo tomou poucas medidas sobre o que aconteceu. Al\u00e9m disso, vem fechando os olhos para o que estamos vivendo agora com recordes de alertas de desmatamento e dois meses seguidos de queimadas alarmantes. Em vez de combater essa destrui\u00e7\u00e3o da floresta, o que vemos desde o in\u00edcio desse governo \u00e9 a vontade de reduzir a prote\u00e7\u00e3o ambiental e a cumplicidade com aqueles que destroem a maior floresta ambiental do mundo\u201d, completa R\u00f4mulo.<\/p>\n\n<div class=\"wp-block-image caption-style-blue-overlay caption-alignment-center view-nomobile\"><figure class=\"aligncenter size-full\"><img decoding=\"async\" src=\"https:\/\/www.greenpeace.org\/static\/planet4-brasil-stateless\/2020\/08\/4cc913d2-dia-do-fogo-fogo-usado-ilegalmente-tres-formas.png\" alt=\"\" class=\"wp-image-24099\" style=\"width:76%; margin:0 12%;\" \/><\/figure><\/div>\n\n<figure class=\"wp-block-image size-large caption-style-blue-overlay caption-alignment-center view-mobile\"><img decoding=\"async\" src=\"https:\/\/www.greenpeace.org\/static\/planet4-brasil-stateless\/2020\/08\/10e165b5-dia-do-fogo-fogo-usado-ilegalmente-tres-formas-m.png\" alt=\"Por que a Amaz\u00f4nia queima?\" class=\"wp-image-24092\"\/><\/figure>\n\n<a href=\"https:\/\/todospelaamazonia.org.br\"><h3 class=\"has-text-align-center wp-block-heading\" style=\"background-color:#d54d18; color:#fae9bd; padding:1rem; width:100%; margin: 5rem 0 3rem; display:block;\">Fa\u00e7a parte do movimento <strong>TODOS PELA AMAZ\u00d4NIA<\/strong>!<\/h3><\/a>\n","protected":false},"excerpt":{"rendered":"<p>\u00c1reas que queimaram em 2019, na a\u00e7\u00e3o coordenada de fazendeiros e desmatadores, est\u00e3o hoje destru\u00eddas e algumas ocupadas por gado, mostrando que no Brasil o crime compensa<\/p>\n","protected":false},"author":44,"featured_media":25832,"parent":9626,"menu_order":0,"comment_status":"closed","ping_status":"closed","template":"","meta":{"ep_exclude_from_search":false,"p4_hide_page_title_checkbox":"","p4_title":"","p4_subtitle":"","p4_description":"","background_image_id":"","background_image":"","p4_button_title":"","p4_button_link":"","p4_button_link_checkbox":"","p4_og_title":"","p4_og_description":"","p4_og_image":"","p4_og_image_id":"","p4_seo_canonical_url":"","p4_campaign_name":"not set","p4_local_project":"not set","p4_basket_name":"not set","p4_department":"","footnotes":""},"categories":[3],"tags":[22],"class_list":["post-25815","page","type-page","status-publish","has-post-thumbnail","hentry","category-proteja-a-natureza","tag-florestas"],"_links":{"self":[{"href":"https:\/\/www.greenpeace.org\/brasil\/wp-json\/wp\/v2\/pages\/25815","targetHints":{"allow":["GET"]}}],"collection":[{"href":"https:\/\/www.greenpeace.org\/brasil\/wp-json\/wp\/v2\/pages"}],"about":[{"href":"https:\/\/www.greenpeace.org\/brasil\/wp-json\/wp\/v2\/types\/page"}],"author":[{"embeddable":true,"href":"https:\/\/www.greenpeace.org\/brasil\/wp-json\/wp\/v2\/users\/44"}],"replies":[{"embeddable":true,"href":"https:\/\/www.greenpeace.org\/brasil\/wp-json\/wp\/v2\/comments?post=25815"}],"version-history":[{"count":18,"href":"https:\/\/www.greenpeace.org\/brasil\/wp-json\/wp\/v2\/pages\/25815\/revisions"}],"predecessor-version":[{"id":53968,"href":"https:\/\/www.greenpeace.org\/brasil\/wp-json\/wp\/v2\/pages\/25815\/revisions\/53968"}],"up":[{"embeddable":true,"href":"https:\/\/www.greenpeace.org\/brasil\/wp-json\/wp\/v2\/pages\/9626"}],"wp:featuredmedia":[{"embeddable":true,"href":"https:\/\/www.greenpeace.org\/brasil\/wp-json\/wp\/v2\/media\/25832"}],"wp:attachment":[{"href":"https:\/\/www.greenpeace.org\/brasil\/wp-json\/wp\/v2\/media?parent=25815"}],"wp:term":[{"taxonomy":"category","embeddable":true,"href":"https:\/\/www.greenpeace.org\/brasil\/wp-json\/wp\/v2\/categories?post=25815"},{"taxonomy":"post_tag","embeddable":true,"href":"https:\/\/www.greenpeace.org\/brasil\/wp-json\/wp\/v2\/tags?post=25815"}],"curies":[{"name":"wp","href":"https:\/\/api.w.org\/{rel}","templated":true}]}}