{"id":27653,"date":"2020-10-16T12:51:08","date_gmt":"2020-10-16T15:51:08","guid":{"rendered":"https:\/\/www.greenpeace.org\/brasil\/?page_id=27653"},"modified":"2025-09-23T06:46:10","modified_gmt":"2025-09-23T09:46:10","slug":"promocao-do-debate-democratico","status":"publish","type":"page","link":"https:\/\/www.greenpeace.org\/brasil\/promocao-do-debate-democratico\/","title":{"rendered":"Promo\u00e7\u00e3o do debate democr\u00e1tico"},"content":{"rendered":"\n                    <div class=\"wp-block-group is-vertical is-layout-flex wp-container-core-group-is-layout-8cf370e7 wp-block-group-is-layout-flex\">\n                    \n\n                    \n                    <\/div>\n                    \n<p class=\"has-background has-grey-200-background-color\">As elei\u00e7\u00f5es municipais v\u00e3o acontecer em novembro e o Greenpeace Brasil est\u00e1 contribuindo para a promo\u00e7\u00e3o do debate democr\u00e1tico, realizando discuss\u00f5es sobre a import\u00e2ncia do voto e da participa\u00e7\u00e3o social na constru\u00e7\u00e3o do mundo que queremos: justo, diverso e em equil\u00edbrio com o meio ambiente. Tais discuss\u00f5es, assim como as elei\u00e7\u00f5es municipais, se fazem ainda mais importantes no contexto atual do Brasil e da pandemia, que escancarou e agravou a desigualdade social.<\/p>\n\n<p class=\"has-background has-grey-200-background-color\">Por isso, o Greenpeace Brasil e o <a rel=\"noreferrer noopener\" href=\"https:\/\/www.politize.com.br\/\" target=\"_blank\">Politize!<\/a> fizeram uma parceria para a realiza\u00e7\u00e3o de oficinas de forma\u00e7\u00e3o e divulga\u00e7\u00e3o de assuntos-chaves para uma sociedade democr\u00e1tica, abordando tem\u00e1ticas como: o funcionamento das elei\u00e7\u00f5es municipais, como voc\u00ea pode atuar na sua cidade e a import\u00e2ncia do debate, dando \u00eanfase \u00e0 quest\u00e3o da diversidade e inclus\u00e3o social na pol\u00edtica.<\/p>\n\n<div class=\"wp-block-image  caption-style-medium caption-alignment-center\"><figure class=\"aligncenter size-full\"><img loading=\"lazy\" decoding=\"async\" width=\"2500\" height=\"1667\" src=\"https:\/\/www.greenpeace.org\/static\/planet4-brasil-stateless\/2018\/07\/GP0STRB73_PressMedia.jpg\" alt=\"\" class=\"wp-image-2420\" srcset=\"https:\/\/www.greenpeace.org\/static\/planet4-brasil-stateless\/2018\/07\/GP0STRB73_PressMedia.jpg 2500w, https:\/\/www.greenpeace.org\/static\/planet4-brasil-stateless\/2018\/07\/GP0STRB73_PressMedia-300x200.jpg 300w, https:\/\/www.greenpeace.org\/static\/planet4-brasil-stateless\/2018\/07\/GP0STRB73_PressMedia-768x512.jpg 768w, https:\/\/www.greenpeace.org\/static\/planet4-brasil-stateless\/2018\/07\/GP0STRB73_PressMedia-1024x683.jpg 1024w, https:\/\/www.greenpeace.org\/static\/planet4-brasil-stateless\/2018\/07\/GP0STRB73_PressMedia-2048x1366.jpg 2048w, https:\/\/www.greenpeace.org\/static\/planet4-brasil-stateless\/2018\/07\/GP0STRB73_PressMedia-510x340.jpg 510w\" sizes=\"auto, (max-width: 2500px) 100vw, 2500px\" \/><\/figure><\/div>\n\n<p>As oficinas foram feitas com os volunt\u00e1rios do Greenpeace Brasil ao longo do m\u00eas de outubro e disponibilizamos todo o material aqui para todos os interessados.&nbsp;<\/p>\n\n<div class=\"wp-block-buttons aligncenter is-layout-flex wp-block-buttons-is-layout-flex\">\n<div class=\"wp-block-button\"><a class=\"wp-block-button__link has-text-color has-background\" href=\"https:\/\/greenpeace.org\/brasil\/oficinas-politize\/\" style=\"background-color:#f36d3a;color:#ffffff\"><strong>Assista as oficinas aqui<\/strong><\/a><\/div>\n<\/div>\n\n<p>Quer conhecer mais causas pelas quais voc\u00ea pode lutar? Tamb\u00e9m fizemos uma parceria com a M\u00eddia Ninja e criamos o <a href=\"https:\/\/potenciascoletivas.org.br\" target=\"_blank\" rel=\"noreferrer noopener\">Pot\u00eancias Coletivas<\/a>. A iniciativa oferece aul\u00f5es com conte\u00fados relacionados a alguns dos principais temas do momento: uma reconstru\u00e7\u00e3o econ\u00f4mica justa no p\u00f3s-pandemia, alimenta\u00e7\u00e3o, racismo ambiental e o poder transformador das mulheres nas suas comunidades.<\/p>\n\n<p>&nbsp;<\/p>\n<div data-render=\"planet4-blocks\/columns\" data-attributes=\"{&quot;attributes&quot;:{&quot;columns_block_style&quot;:&quot;tasks&quot;,&quot;columns_title&quot;:&quot;O que voc\\u00ea pode fazer&quot;,&quot;columns&quot;:[{&quot;title&quot;:&quot;Participe&quot;,&quot;description&quot;:&quot;Assista as oficinas realizadas pelo Politize! para capacita\\u00e7\\u00e3o e forma\\u00e7\\u00e3o pol\\u00edtica e baixe os materiais&quot;,&quot;cta_text&quot;:&quot;Assista&quot;,&quot;cta_link&quot;:&quot;https:\\\/\\\/www.greenpeace.org\\\/brasil\\\/oficinas-politize\\\/&quot;,&quot;link_new_tab&quot;:false},{&quot;title&quot;:&quot;Informe-se&quot;,&quot;description&quot;:&quot;Nossos aul\\u00f5es do Pot\\u00eancias Coletivas trazem assuntos sobre direitos humanos, meio ambiente e economia&quot;,&quot;cta_text&quot;:&quot;Acompanhe!&quot;,&quot;cta_link&quot;:&quot;https:\\\/\\\/www.youtube.com\\\/playlist?list=PLgypAGt9KjpC57qyHAVyjkhGV1yUpCvfQ&quot;,&quot;link_new_tab&quot;:true},{&quot;title&quot;:&quot;Crie sua pr\\u00f3pria campanha&quot;,&quot;description&quot;:&quot;Em nossa plataforma O Bugio, voc\\u00ea usa sua voz para mudar o mundo a partir da sua cidade&quot;,&quot;cta_text&quot;:&quot;Acesse&quot;,&quot;cta_link&quot;:&quot;https:\\\/\\\/www.obugio.org.br&quot;,&quot;link_new_tab&quot;:true},{&quot;title&quot;:&quot;Conhe\\u00e7a nossas campanhas &quot;,&quot;description&quot;:&quot;Saiba mais sobre nossas \\u00e1reas de atua\\u00e7\\u00e3o e se engaje com a gente&quot;,&quot;cta_text&quot;:&quot;Conhe\\u00e7a&quot;,&quot;cta_link&quot;:&quot;https:\\\/\\\/www.greenpeace.org\\\/brasil\\\/explore\\\/&quot;,&quot;link_new_tab&quot;:false}]}}\"><\/div>\n<p>&nbsp;<\/p>\n\n    <div class=\"wp-block-query posts-list p4-query-loop is-custom-layout-list is-layout-flow wp-block-query-is-layout-flow\">\n        <div class=\"wp-block-group is-content-justification-space-between is-layout-flex wp-container-core-group-is-layout-3d213aab wp-block-group-is-layout-flex\"><h2 class=\"wp-block-heading\">Conte\u00fado relacionado<\/h2>\n        <li class=\" wp-block-navigation-item see-all-link wp-block-navigation-link\"><a class=\"wp-block-navigation-item__content\"  href=\"http:\/\/www.greenpeace.org\/brasil\/noticias-e-historias\/\"><span class=\"wp-block-navigation-item__label\">See all stories<\/span><\/a><\/li>\n        \n        <\/div>\n        \n\n    <p style=\"margin-top: 24px; margin-bottom: 36px;\"><\/p>\n\n    \n\n    <ul class=\"wp-block-post-template is-layout-flow wp-block-post-template-is-layout-flow\"><li class=\"wp-block-post post-63543 post type-post status-publish format-standard has-post-thumbnail hentry category-cop30 tag-energia p4-page-type-imprensa\">\n            \n<div class=\"wp-block-columns is-layout-flex wp-container-core-columns-is-layout-9d6595d7 wp-block-columns-is-layout-flex\"><figure class=\"wp-block-post-featured-image\"><a href=\"https:\/\/www.greenpeace.org\/brasil\/imprensa\/conferencia-de-santa-marta-e-marco-importante-para-transicao-energetica-global-mas-paises-precisam-implementar-acoes\/\" target=\"_self\"  ><img loading=\"lazy\" decoding=\"async\" width=\"1200\" height=\"675\" src=\"https:\/\/www.greenpeace.org\/static\/planet4-brasil-stateless\/2026\/04\/0aa6625a-gp0su8ri7_medium-res-1200px.jpg\" class=\"attachment-post-thumbnail size-post-thumbnail wp-post-image wp-stateless-item\" alt=\"Confer\u00eancia de Santa Marta \u00e9 marco importante para transi\u00e7\u00e3o energ\u00e9tica global, mas pa\u00edses precisam implementar a\u00e7\u00f5es\" style=\"object-fit:cover;\" srcset=\"https:\/\/www.greenpeace.org\/static\/planet4-brasil-stateless\/2026\/04\/0aa6625a-gp0su8ri7_medium-res-1200px.jpg 1200w, https:\/\/www.greenpeace.org\/static\/planet4-brasil-stateless\/2026\/04\/0aa6625a-gp0su8ri7_medium-res-1200px-300x169.jpg 300w, https:\/\/www.greenpeace.org\/static\/planet4-brasil-stateless\/2026\/04\/0aa6625a-gp0su8ri7_medium-res-1200px-1024x576.jpg 1024w, https:\/\/www.greenpeace.org\/static\/planet4-brasil-stateless\/2026\/04\/0aa6625a-gp0su8ri7_medium-res-1200px-768x432.jpg 768w, https:\/\/www.greenpeace.org\/static\/planet4-brasil-stateless\/2026\/04\/0aa6625a-gp0su8ri7_medium-res-1200px-510x287.jpg 510w\" sizes=\"auto, (max-width: 1200px) 100vw, 1200px\" data-image-size=\"post-thumbnail\" data-stateless-media-bucket=\"planet4-brasil-stateless\" data-stateless-media-name=\"2026\/04\/0aa6625a-gp0su8ri7_medium-res-1200px.jpg\" \/><\/a><\/figure>\n\n        <div class=\"wp-block-group is-layout-flow wp-block-group-is-layout-flow\">\n                <div class=\"wp-block-group is-layout-flex wp-block-group-is-layout-flex\"><div class=\"wp-block-post-terms\"><a href=\"https:\/\/www.greenpeace.org\/brasil\/categoria\/cop30\/\">COP30<\/a><\/div>\n                <div class=\"taxonomy-post_tag wp-block-post-terms\"><a href=\"https:\/\/www.greenpeace.org\/brasil\/tag\/energia\/\" rel=\"tag\">Energia<\/a><\/div>\n                \n                <\/div>\n                \n        <h3 class=\"wp-block-post-title\"><a href=\"https:\/\/www.greenpeace.org\/brasil\/imprensa\/conferencia-de-santa-marta-e-marco-importante-para-transicao-energetica-global-mas-paises-precisam-implementar-acoes\/\" target=\"_self\" >Confer\u00eancia de Santa Marta \u00e9 marco importante para transi\u00e7\u00e3o energ\u00e9tica global, mas pa\u00edses precisam implementar a\u00e7\u00f5es<\/a><\/h3>\n        <div class=\"wp-block-post-excerpt\"><p class=\"wp-block-post-excerpt__excerpt\">Evento trouxe sopro de esperan\u00e7a em um contexto global aquecido n\u00e3o somente em termos de temperatura, mas tamb\u00e9m em termos de conflitos globais que escancaram o custo social e pol\u00edtico&hellip; <\/p><\/div>\n        \n        <div class=\"wp-block-group posts-list-meta is-layout-flow wp-block-group-is-layout-flow\"><span class='article-list-item-author'><a href='https:\/\/www.greenpeace.org\/brasil\/author\/laismodelli\/'>La\u00eds Modelli<\/a><\/span>\n        <div class=\"wp-block-post-date\"><time datetime=\"2026-04-30T10:45:33-03:00\">30 de abril de 2026<\/time><\/div>\n        \n        <\/div>\n        <\/div>\n        <\/div>\n\n            <\/li><li class=\"wp-block-post post-63510 post type-post status-publish format-standard has-post-thumbnail hentry category-greenpeace category-transforme-a-sociedade p4-page-type-blog\">\n            \n<div class=\"wp-block-columns is-layout-flex wp-container-core-columns-is-layout-9d6595d7 wp-block-columns-is-layout-flex\"><figure class=\"wp-block-post-featured-image\"><a href=\"https:\/\/www.greenpeace.org\/brasil\/blog\/paises-discutem-fim-dos-fosseis-em-meio-a-maior-crise-do-petroleo\/\" target=\"_self\"  ><img loading=\"lazy\" decoding=\"async\" width=\"1200\" height=\"800\" src=\"https:\/\/www.greenpeace.org\/static\/planet4-brasil-stateless\/2026\/04\/9fc47c58-gp0su8qyz.jpg\" class=\"attachment-post-thumbnail size-post-thumbnail wp-post-image wp-stateless-item\" alt=\"Pa\u00edses discutem fim dos f\u00f3sseis em meio \u00e0 maior crise do petr\u00f3leo\" style=\"object-fit:cover;\" srcset=\"https:\/\/www.greenpeace.org\/static\/planet4-brasil-stateless\/2026\/04\/9fc47c58-gp0su8qyz.jpg 1200w, https:\/\/www.greenpeace.org\/static\/planet4-brasil-stateless\/2026\/04\/9fc47c58-gp0su8qyz-300x200.jpg 300w, https:\/\/www.greenpeace.org\/static\/planet4-brasil-stateless\/2026\/04\/9fc47c58-gp0su8qyz-1024x683.jpg 1024w, https:\/\/www.greenpeace.org\/static\/planet4-brasil-stateless\/2026\/04\/9fc47c58-gp0su8qyz-768x512.jpg 768w, https:\/\/www.greenpeace.org\/static\/planet4-brasil-stateless\/2026\/04\/9fc47c58-gp0su8qyz-510x340.jpg 510w\" sizes=\"auto, (max-width: 1200px) 100vw, 1200px\" data-image-size=\"post-thumbnail\" data-stateless-media-bucket=\"planet4-brasil-stateless\" data-stateless-media-name=\"2026\/04\/9fc47c58-gp0su8qyz.jpg\" \/><\/a><\/figure>\n\n        <div class=\"wp-block-group is-layout-flow wp-block-group-is-layout-flow\">\n                <div class=\"wp-block-group is-layout-flex wp-block-group-is-layout-flex\"><div class=\"wp-block-post-terms\"><a href=\"https:\/\/www.greenpeace.org\/brasil\/categoria\/greenpeace\/\">Greenpeace<\/a><\/div>\n                \n                \n                <\/div>\n                \n        <h3 class=\"wp-block-post-title\"><a href=\"https:\/\/www.greenpeace.org\/brasil\/blog\/paises-discutem-fim-dos-fosseis-em-meio-a-maior-crise-do-petroleo\/\" target=\"_self\" >Pa\u00edses discutem fim dos f\u00f3sseis em meio \u00e0 maior crise do petr\u00f3leo<\/a><\/h3>\n        <div class=\"wp-block-post-excerpt\"><p class=\"wp-block-post-excerpt__excerpt\">No rastro da guerra no Oriente M\u00e9dio, a Confer\u00eancia de Santa Marta busca caminhos para uma transi\u00e7\u00e3o energ\u00e9tica global e justa\u00a0 <\/p><\/div>\n        \n        <div class=\"wp-block-group posts-list-meta is-layout-flow wp-block-group-is-layout-flow\"><span class='article-list-item-author'><a href='https:\/\/www.greenpeace.org\/brasil\/author\/andcruz\/'>Andressa Santa Cruz<\/a><\/span>\n        <div class=\"wp-block-post-date\"><time datetime=\"2026-04-30T08:30:00-03:00\">30 de abril de 2026<\/time><\/div>\n        \n        <\/div>\n        <\/div>\n        <\/div>\n\n            <\/li><li class=\"wp-block-post post-63492 post type-post status-publish format-standard has-post-thumbnail hentry category-cop30 tag-energia tag-greenpeace p4-page-type-imprensa\">\n            \n<div class=\"wp-block-columns is-layout-flex wp-container-core-columns-is-layout-9d6595d7 wp-block-columns-is-layout-flex\"><figure class=\"wp-block-post-featured-image\"><a href=\"https:\/\/www.greenpeace.org\/brasil\/imprensa\/greenpeace-reage-a-plenaria-de-abertura-do-segmento-de-alto-nivel-da-1a-conferencia-da-transicao-para-longe-dos-combustiveis-fosseis\/\" target=\"_self\"  ><img loading=\"lazy\" decoding=\"async\" width=\"1200\" height=\"900\" src=\"https:\/\/www.greenpeace.org\/static\/planet4-brasil-stateless\/2026\/04\/51a6c57e-gp0su8riq_medium-res-1200px.jpg\" class=\"attachment-post-thumbnail size-post-thumbnail wp-post-image wp-stateless-item\" alt=\"Greenpeace reage \u00e0 plen\u00e1ria de abertura do segmento de alto n\u00edvel da 1\u00aa Confer\u00eancia da Transi\u00e7\u00e3o Para Longe dos Combust\u00edveis F\u00f3sseis\" style=\"object-fit:cover;\" srcset=\"https:\/\/www.greenpeace.org\/static\/planet4-brasil-stateless\/2026\/04\/51a6c57e-gp0su8riq_medium-res-1200px.jpg 1200w, https:\/\/www.greenpeace.org\/static\/planet4-brasil-stateless\/2026\/04\/51a6c57e-gp0su8riq_medium-res-1200px-300x225.jpg 300w, https:\/\/www.greenpeace.org\/static\/planet4-brasil-stateless\/2026\/04\/51a6c57e-gp0su8riq_medium-res-1200px-1024x768.jpg 1024w, https:\/\/www.greenpeace.org\/static\/planet4-brasil-stateless\/2026\/04\/51a6c57e-gp0su8riq_medium-res-1200px-768x576.jpg 768w, https:\/\/www.greenpeace.org\/static\/planet4-brasil-stateless\/2026\/04\/51a6c57e-gp0su8riq_medium-res-1200px-453x340.jpg 453w\" sizes=\"auto, (max-width: 1200px) 100vw, 1200px\" data-image-size=\"post-thumbnail\" data-stateless-media-bucket=\"planet4-brasil-stateless\" data-stateless-media-name=\"2026\/04\/51a6c57e-gp0su8riq_medium-res-1200px.jpg\" \/><\/a><\/figure>\n\n        <div class=\"wp-block-group is-layout-flow wp-block-group-is-layout-flow\">\n                <div class=\"wp-block-group is-layout-flex wp-block-group-is-layout-flex\"><div class=\"wp-block-post-terms\"><a href=\"https:\/\/www.greenpeace.org\/brasil\/categoria\/cop30\/\">COP30<\/a><\/div>\n                <div class=\"taxonomy-post_tag wp-block-post-terms\"><a href=\"https:\/\/www.greenpeace.org\/brasil\/tag\/energia\/\" rel=\"tag\">Energia<\/a><span class=\"wp-block-post-terms__separator\"> <\/span><a href=\"https:\/\/www.greenpeace.org\/brasil\/tag\/greenpeace\/\" rel=\"tag\">Greenpeace<\/a><\/div>\n                \n                <\/div>\n                \n        <h3 class=\"wp-block-post-title\"><a href=\"https:\/\/www.greenpeace.org\/brasil\/imprensa\/greenpeace-reage-a-plenaria-de-abertura-do-segmento-de-alto-nivel-da-1a-conferencia-da-transicao-para-longe-dos-combustiveis-fosseis\/\" target=\"_self\" >Greenpeace reage \u00e0 plen\u00e1ria de abertura do segmento de alto n\u00edvel da 1\u00aa Confer\u00eancia da Transi\u00e7\u00e3o Para Longe dos Combust\u00edveis F\u00f3sseis<\/a><\/h3>\n        <div class=\"wp-block-post-excerpt\"><p class=\"wp-block-post-excerpt__excerpt\">Governos de cerca de 56 pa\u00edses est\u00e3o reunidos em Santa Marta discutindo os caminhos para a transi\u00e7\u00e3o energ\u00e9tica justa <\/p><\/div>\n        \n        <div class=\"wp-block-group posts-list-meta is-layout-flow wp-block-group-is-layout-flow\"><span class='article-list-item-author'><a href='https:\/\/www.greenpeace.org\/brasil\/author\/laismodelli\/'>La\u00eds Modelli<\/a><\/span>\n        <div class=\"wp-block-post-date\"><time datetime=\"2026-04-28T16:45:35-03:00\">28 de abril de 2026<\/time><\/div>\n        \n        <\/div>\n        <\/div>\n        <\/div>\n\n            <\/li><\/ul>\n\n    \n<div class=\"wp-block-buttons carousel-controls is-horizontal is-content-justification-space-between is-nowrap is-layout-flex wp-container-core-buttons-is-layout-044bd602 wp-block-buttons-is-layout-flex\">\n            <div class=\"wp-block-button carousel-control-prev\"><button type=\"button\" class=\"wp-block-button__link wp-element-button\">Anterior<\/button><\/div>\n        \n\n            <div class=\"wp-block-button carousel-control-next\"><button type=\"button\" class=\"wp-block-button__link wp-element-button\">Seguinte<\/button><\/div>\n        <\/div>\n\n\n    <li class=\" wp-block-navigation-item see-all-link wp-block-navigation-link\"><a class=\"wp-block-navigation-item__content\"  href=\"http:\/\/www.greenpeace.org\/brasil\/noticias-e-historias\/\"><span class=\"wp-block-navigation-item__label\">See all stories<\/span><\/a><\/li><\/div>\n    \n<p>&nbsp;<\/p>\n<div data-render=\"planet4-blocks\/happypoint\" data-attributes=\"{&quot;attributes&quot;:{&quot;focus_image&quot;:&quot;50% 50%&quot;,&quot;opacity&quot;:40,&quot;mailing_list_iframe&quot;:true,&quot;iframe_url&quot;:&quot;https:\\\/\\\/www.greenpeace.org.br\\\/hubfs\\\/p4\\\/p4_form.html&quot;,&quot;id&quot;:2045,&quot;override_default_content&quot;:false,&quot;local_content_provider&quot;:&quot;none&quot;}}\"><\/div>","protected":false},"excerpt":{"rendered":"<p>As elei\u00e7\u00f5es municipais v\u00e3o acontecer em novembro e o Greenpeace Brasil est\u00e1 contribuindo para a promo\u00e7\u00e3o do debate democr\u00e1tico, realizando discuss\u00f5es sobre a import\u00e2ncia do voto e da participa\u00e7\u00e3o social na constru\u00e7\u00e3o do mundo que queremos: justo, diverso e em equil\u00edbrio com o meio ambiente. Tais discuss\u00f5es, assim como as elei\u00e7\u00f5es municipais, se fazem ainda [&hellip;]<\/p>\n","protected":false},"author":44,"featured_media":27717,"parent":0,"menu_order":0,"comment_status":"closed","ping_status":"closed","template":"","meta":{"ep_exclude_from_search":false,"p4_hide_page_title_checkbox":"","p4_title":"","p4_subtitle":"","p4_description":"","background_image_id":"","background_image":"","p4_button_title":"","p4_button_link":"","p4_button_link_checkbox":"","p4_og_title":"","p4_og_description":"","p4_og_image":"","p4_og_image_id":"","p4_seo_canonical_url":"","p4_campaign_name":"not set","p4_local_project":"not set","p4_basket_name":"not set","p4_department":"","footnotes":""},"categories":[2],"tags":[25],"class_list":["post-27653","page","type-page","status-publish","has-post-thumbnail","hentry","category-transforme-a-sociedade","tag-relatorios-anuais"],"_links":{"self":[{"href":"https:\/\/www.greenpeace.org\/brasil\/wp-json\/wp\/v2\/pages\/27653","targetHints":{"allow":["GET"]}}],"collection":[{"href":"https:\/\/www.greenpeace.org\/brasil\/wp-json\/wp\/v2\/pages"}],"about":[{"href":"https:\/\/www.greenpeace.org\/brasil\/wp-json\/wp\/v2\/types\/page"}],"author":[{"embeddable":true,"href":"https:\/\/www.greenpeace.org\/brasil\/wp-json\/wp\/v2\/users\/44"}],"replies":[{"embeddable":true,"href":"https:\/\/www.greenpeace.org\/brasil\/wp-json\/wp\/v2\/comments?post=27653"}],"version-history":[{"count":20,"href":"https:\/\/www.greenpeace.org\/brasil\/wp-json\/wp\/v2\/pages\/27653\/revisions"}],"predecessor-version":[{"id":59857,"href":"https:\/\/www.greenpeace.org\/brasil\/wp-json\/wp\/v2\/pages\/27653\/revisions\/59857"}],"wp:featuredmedia":[{"embeddable":true,"href":"https:\/\/www.greenpeace.org\/brasil\/wp-json\/wp\/v2\/media\/27717"}],"wp:attachment":[{"href":"https:\/\/www.greenpeace.org\/brasil\/wp-json\/wp\/v2\/media?parent=27653"}],"wp:term":[{"taxonomy":"category","embeddable":true,"href":"https:\/\/www.greenpeace.org\/brasil\/wp-json\/wp\/v2\/categories?post=27653"},{"taxonomy":"post_tag","embeddable":true,"href":"https:\/\/www.greenpeace.org\/brasil\/wp-json\/wp\/v2\/tags?post=27653"}],"curies":[{"name":"wp","href":"https:\/\/api.w.org\/{rel}","templated":true}]}}