{"id":27728,"date":"2020-10-16T11:54:14","date_gmt":"2020-10-16T14:54:14","guid":{"rendered":"https:\/\/www.greenpeace.org\/brasil\/?page_id=27728"},"modified":"2025-07-02T04:31:35","modified_gmt":"2025-07-02T07:31:35","slug":"oficinas-politize","status":"publish","type":"page","link":"https:\/\/www.greenpeace.org\/brasil\/oficinas-politize\/","title":{"rendered":"Oficinas Politize!"},"content":{"rendered":"\n<h2 class=\"has-allports-color has-text-color wp-block-heading\">Oficinas realizadas pelo Politize! para capacita\u00e7\u00e3o e forma\u00e7\u00e3o para atua\u00e7\u00e3o pol\u00edtica<\/h2>\n\n<h4 class=\"has-orange-hover-color has-text-color wp-block-heading\"><br>Acesse abaixo os materiais e os v\u00eddeos. Ou acesse no site do <a href=\"https:\/\/www.politize.com.br\/ensine\" target=\"_blank\" rel=\"noreferrer noopener\">Politize!<\/a><\/h4>\n\n<p>&nbsp;<\/p>\n\n<h3 class=\"wp-block-heading\"><strong>Conhecimento Pol\u00edtico: Compreendendo as Elei\u00e7\u00f5es 2020<\/strong><\/h3>\n\n<p>Aprenda sobre a estrutura pol\u00edtica, as responsabilidades dos candidatos, como identificar aqueles que est\u00e3o pr\u00f3ximos das pautas que voc\u00ea defende e a import\u00e2ncia do voto em busca das mudan\u00e7as locais necess\u00e1rias.<\/p>\n\n<figure class=\"wp-block-embed-youtube wp-block-embed is-type-video is-provider-youtube wp-embed-aspect-16-9 wp-has-aspect-ratio\"><div class=\"wp-block-embed__wrapper\">\n<lite-youtube style=\"background-image: url('https:\/\/i.ytimg.com\/vi\/xUghIyKRHMM\/hqdefault.jpg');\" videoid=\"xUghIyKRHMM\" params=\"rel=0\"><\/lite-youtube>\n<\/div><\/figure>\n\n<div class=\"wp-block-buttons aligncenter is-layout-flex wp-block-buttons-is-layout-flex\">\n<div class=\"wp-block-button\"><a class=\"wp-block-button__link has-text-color has-background\" href=\"https:\/\/downloads.greenpeace.org.br\/promocao-do-debate-democratico\/\" style=\"background-color:#f36d3a;color:#ffffff\" target=\"_blank\" rel=\"noreferrer noopener\"><strong>Baixar apresenta\u00e7\u00e3o desta oficina<\/strong><\/a><\/div>\n<\/div>\n\n<p>&nbsp;<\/p>\n\n<h3 class=\"wp-block-heading\"><strong>Empatia Cidad\u00e3: Compreendendo e identificando os desafios da nossa comunidade<\/strong><\/h3>\n\n<p>Identifique as mudan\u00e7as locais, onde buscar informa\u00e7\u00f5es e como pensar em Pol\u00edticas P\u00fablicas de forma emp\u00e1tica, ou seja, quem s\u00e3o as pessoas afetadas e qual seria a melhor solu\u00e7\u00e3o proposta.<\/p>\n\n<figure class=\"wp-block-embed-youtube wp-block-embed is-type-video is-provider-youtube wp-embed-aspect-16-9 wp-has-aspect-ratio\"><div class=\"wp-block-embed__wrapper\">\n<lite-youtube style=\"background-image: url('https:\/\/i.ytimg.com\/vi\/s_y48IgIdMc\/hqdefault.jpg');\" videoid=\"s_y48IgIdMc\" params=\"rel=0\"><\/lite-youtube>\n<\/div><\/figure>\n\n<div class=\"wp-block-buttons aligncenter is-layout-flex wp-block-buttons-is-layout-flex\">\n<div class=\"wp-block-button\"><a class=\"wp-block-button__link has-text-color has-background\" href=\"https:\/\/downloads.greenpeace.org.br\/promocao-do-debate-democratico\/\" style=\"background-color:#f36d3a;color:#ffffff\" target=\"_blank\" rel=\"noreferrer noopener\"><strong>Baixar apresenta\u00e7\u00e3o desta oficina<\/strong><\/a><\/div>\n<\/div>\n\n<p>&nbsp;<\/p>\n\n<h3 class=\"wp-block-heading\"><strong>Protagonismo Comunit\u00e1rio<\/strong><\/h3>\n\n<p>Se voc\u00ea \u00e9 inquieto com as problem\u00e1ticas locais da sua cidade e v\u00ea a necessidade de agir localmente, descubra como as campanhas locais ganham forma e mobilizam pessoas que pressionam para que as mudan\u00e7as de fato aconte\u00e7am.<\/p>\n\n<figure class=\"wp-block-embed-youtube wp-block-embed is-type-video is-provider-youtube wp-embed-aspect-16-9 wp-has-aspect-ratio\"><div class=\"wp-block-embed__wrapper\">\n<lite-youtube style=\"background-image: url('https:\/\/i.ytimg.com\/vi\/eV4C8hDWPS0\/hqdefault.jpg');\" videoid=\"eV4C8hDWPS0\" params=\"rel=0\"><\/lite-youtube>\n<\/div><\/figure>\n\n<div class=\"wp-block-buttons aligncenter is-layout-flex wp-block-buttons-is-layout-flex\">\n<div class=\"wp-block-button\"><a class=\"wp-block-button__link has-text-color has-background\" href=\"https:\/\/downloads.greenpeace.org.br\/promocao-do-debate-democratico\/\" style=\"background-color:#f36d3a;color:#ffffff\" target=\"_blank\" rel=\"noreferrer noopener\"><strong>Baixar apresenta\u00e7\u00e3o desta oficina<\/strong><\/a><\/div>\n<\/div>\n\n<p>&nbsp;<\/p>\n\n<h3 class=\"wp-block-heading\"><strong>Canvas de Pol\u00edticas P\u00fablicas<\/strong><\/h3>\n\n<p>Vamos pensar em campanhas locais com um CANVAS de Pol\u00edticas P\u00fablicas. A ferramenta busca empoderar a sociedade no desenvolvimento de pol\u00edticas p\u00fablicas locais a partir da identifica\u00e7\u00e3o das demandas.<\/p>\n\n<figure class=\"wp-block-embed-youtube wp-block-embed is-type-video is-provider-youtube wp-embed-aspect-16-9 wp-has-aspect-ratio\"><div class=\"wp-block-embed__wrapper\">\n<lite-youtube style=\"background-image: url('https:\/\/i.ytimg.com\/vi\/eI0wktMg64g\/hqdefault.jpg');\" videoid=\"eI0wktMg64g\" params=\"rel=0\"><\/lite-youtube>\n<\/div><\/figure>\n\n<div class=\"wp-block-buttons aligncenter is-layout-flex wp-block-buttons-is-layout-flex\">\n<div class=\"wp-block-button\"><a class=\"wp-block-button__link has-text-color has-background\" href=\"https:\/\/downloads.greenpeace.org.br\/promocao-do-debate-democratico\/\" style=\"background-color:#f36d3a;color:#ffffff\" target=\"_blank\" rel=\"noreferrer noopener\"><strong>Baixar apresenta\u00e7\u00e3o desta oficina<\/strong><\/a><\/div>\n<\/div>\n\n<p>&nbsp;<\/p>\n\n<p>&nbsp;<\/p>\n","protected":false},"excerpt":{"rendered":"<p>Oficinas realizadas pelo Politize! para capacita\u00e7\u00e3o e forma\u00e7\u00e3o para atua\u00e7\u00e3o pol\u00edtica<\/p>\n","protected":false},"author":44,"featured_media":27748,"parent":0,"menu_order":0,"comment_status":"closed","ping_status":"closed","template":"","meta":{"ep_exclude_from_search":false,"p4_hide_page_title_checkbox":"","p4_title":"","p4_subtitle":"","p4_description":"","background_image_id":"","background_image":"","p4_button_title":"","p4_button_link":"","p4_button_link_checkbox":"","p4_og_title":"","p4_og_description":"","p4_og_image":"","p4_og_image_id":"","p4_seo_canonical_url":"","p4_campaign_name":"not set","p4_local_project":"not set","p4_basket_name":"not set","p4_department":"","footnotes":""},"categories":[2],"tags":[23],"class_list":["post-27728","page","type-page","status-publish","has-post-thumbnail","hentry","category-transforme-a-sociedade","tag-mobilizacao"],"_links":{"self":[{"href":"https:\/\/www.greenpeace.org\/brasil\/wp-json\/wp\/v2\/pages\/27728","targetHints":{"allow":["GET"]}}],"collection":[{"href":"https:\/\/www.greenpeace.org\/brasil\/wp-json\/wp\/v2\/pages"}],"about":[{"href":"https:\/\/www.greenpeace.org\/brasil\/wp-json\/wp\/v2\/types\/page"}],"author":[{"embeddable":true,"href":"https:\/\/www.greenpeace.org\/brasil\/wp-json\/wp\/v2\/users\/44"}],"replies":[{"embeddable":true,"href":"https:\/\/www.greenpeace.org\/brasil\/wp-json\/wp\/v2\/comments?post=27728"}],"version-history":[{"count":20,"href":"https:\/\/www.greenpeace.org\/brasil\/wp-json\/wp\/v2\/pages\/27728\/revisions"}],"predecessor-version":[{"id":58682,"href":"https:\/\/www.greenpeace.org\/brasil\/wp-json\/wp\/v2\/pages\/27728\/revisions\/58682"}],"wp:featuredmedia":[{"embeddable":true,"href":"https:\/\/www.greenpeace.org\/brasil\/wp-json\/wp\/v2\/media\/27748"}],"wp:attachment":[{"href":"https:\/\/www.greenpeace.org\/brasil\/wp-json\/wp\/v2\/media?parent=27728"}],"wp:term":[{"taxonomy":"category","embeddable":true,"href":"https:\/\/www.greenpeace.org\/brasil\/wp-json\/wp\/v2\/categories?post=27728"},{"taxonomy":"post_tag","embeddable":true,"href":"https:\/\/www.greenpeace.org\/brasil\/wp-json\/wp\/v2\/tags?post=27728"}],"curies":[{"name":"wp","href":"https:\/\/api.w.org\/{rel}","templated":true}]}}