{"id":27933,"date":"2020-10-21T15:38:52","date_gmt":"2020-10-21T18:38:52","guid":{"rendered":"https:\/\/www.greenpeace.org\/brasil\/?page_id=27933"},"modified":"2021-04-29T18:52:08","modified_gmt":"2021-04-29T21:52:08","slug":"coisas-que-voce-pode-fazer-pela-amazonia","status":"publish","type":"page","link":"https:\/\/www.greenpeace.org\/brasil\/florestas\/coisas-que-voce-pode-fazer-pela-amazonia\/","title":{"rendered":"Brasil Em Chamas: 7 coisas que voc\u00ea pode fazer pela Amaz\u00f4nia"},"content":{"rendered":"\n<style>@import url(\"https:\/\/greenpeace.org.br\/assets\/bxslider\/jquery.bxslider.css\");<\/style>\n\n<script src=\"https:\/\/ajax.googleapis.com\/ajax\/libs\/jquery\/3.1.1\/jquery.min.js\"><\/script><script src=\"https:\/\/greenpeace.org.br\/assets\/bxslider\/jquery.bxslider.min.js\"><\/script><script type=\"text\/javascript\" src=\"https:\/\/greenpeace.org.br\/assets\/js\/jquery.fitvids.js\"><\/script><script type=\"text\/javascript\" src=\"https:\/\/greenpeace.org.br\/assets\/js\/jquery.colorbox.js\"><\/script><script type=\"text\/javascript\">jQuery(function($){ $(document).ready(function(){ $(\".inline\").colorbox({inline:true, width:\"80%\", height:\"90%\" }); }); }); $(document).ready(function(){ $('.slider').bxSlider({ infiniteLoop: false, hideControlOnEnd: true, pager: false, video: false }); });<\/script>\n<p><style>.skewed-overlay { display:none !important;} html, body { background: #F6EBDB; } .page-header-title { display:none; } h1 {font-size: 2.8rem; } h2 { font-size:1.8rem; } .bloco-titulo { background-color: #1A6429; color: #FEEB9D; padding: 2rem; text-transform:uppercase; } .bloco-titulo2 { background-color: #BAD0BF; color: #FEEB9D; padding: 2rem 1.5rem; text-transform:uppercase; } .bloco-titulo2 strong { color: #1A6429; } .slider div { text-align:center; } .slider div img { width:60px !important; height:60px !important; float:right; } .slider div p { width:70%; margin:0 12.5%; font-size:1rem; } .slider div a { width:60px !important; height:60px !important; float:right; background:#1da1f2 url(https:\/\/www.greenpeace.org.br\/hubfs\/Campanhas\/Tapajos\/keep_tapajos_alive\/logo-twitter.svg) no-repeat 50% 50%; background-size: 80% 80%; display:block; margin: 0 0 0 1rem } .happy-point-block-wrap .happy-point { padding-top:0 !important; background: #F6EBDB;} .happy-point-block-wrap .happy-point iframe { height:600px !important; } #happy-point { height:700px !important; } .iframe_form { width:70%; height:48rem; margin: 0 15%;}  @media (max-width: 768px) { .iframe_form { width:90%; height:50rem; margin: 0 5%;} }<\/style><\/p>\n\n<div class=\"wp-block-image caption-style-medium caption-alignment-center\"><figure class=\"aligncenter size-large is-resized\"><img loading=\"lazy\" decoding=\"async\" src=\"https:\/\/www.greenpeace.org\/static\/planet4-brasil-stateless\/2020\/09\/80f0f3f9-todos-pela-amazonia.png\" alt=\"\" class=\"wp-image-26651\" width=\"309\" height=\"155\" srcset=\"https:\/\/www.greenpeace.org\/static\/planet4-brasil-stateless\/2020\/09\/80f0f3f9-todos-pela-amazonia.png 618w, https:\/\/www.greenpeace.org\/static\/planet4-brasil-stateless\/2020\/09\/80f0f3f9-todos-pela-amazonia-300x150.png 300w, https:\/\/www.greenpeace.org\/static\/planet4-brasil-stateless\/2020\/09\/80f0f3f9-todos-pela-amazonia-510x255.png 510w\" sizes=\"auto, (max-width: 309px) 100vw, 309px\" \/><\/figure><\/div>\n\n<h1 class=\"has-text-align-center bloco-titulo has-grey-800-color has-text-color wp-block-heading\">Brasil Em Chamas:<br>7 coisas que voc\u00ea pode fazer pela Amaz\u00f4nia<\/h1>\n\n<p class=\"txt70p\">A Amaz\u00f4nia \u00e9 um bioma \u00fanico no mundo e que tem 60% de sua extens\u00e3o no Brasil. N\u00f3s brasileiros somos muito sortudos por sermos os protetores desta fonte de \u00e1gua e vida. <strong>Mas verdade seja dita: precisamos fazer mais para proteg\u00ea-la. <\/strong><\/p>\n\n<p class=\"txt70p\">Por isso, pessoas do mundo inteiro unem suas vozes para mostrar o quanto a floresta \u00e9 importante para suas vidas. <strong>Proteger a Amaz\u00f4nia \u00e9 proteger nosso futuro! Veja algumas maneiras de mostrar seu apoio ao movimento Todos Pela Amaz\u00f4nia:<\/strong><\/p>\n<div data-render=\"planet4-blocks\/happypoint\" data-attributes=\"{&quot;attributes&quot;:{&quot;focus_image&quot;:&quot;50% 40%&quot;,&quot;opacity&quot;:100,&quot;id&quot;:24753,&quot;override_default_content&quot;:false,&quot;local_content_provider&quot;:&quot;none&quot;}}\"><\/div>\n<p class=\"has-text-align-center txt70p has-grey-800-color has-text-color\"><span style=\"display:block; font-size: 1rem; margin-top: -0.5rem; font-family: Roboto,sans-serif\">\u00a9 Todd Southgate \/ Greenpeace<\/span><br><br><\/p>\n\n<p class=\"has-drop-cap has-text-align-left bloco-titulo2 has-medium-font-size\"><strong>1 Assinar a peti\u00e7\u00e3o #TodosPelaAmaz\u00f4nia<\/strong><\/p>\n\n<p class=\"txt70p\">A Amaz\u00f4nia \u00e9 o cora\u00e7\u00e3o pulsante do nosso planeta, que regula o sistema clim\u00e1tico global e espalha chuva para outras regi\u00f5es do pa\u00eds. Mas a floresta est\u00e1 amea\u00e7ada por um projeto de governo que vem privilegiando o lucro de empresas e criminosos, ao inv\u00e9s do bem estar de todos. Assine a peti\u00e7\u00e3o, receba nossas den\u00fancias e nossos chamados para a\u00e7\u00e3o. <strong>Precisamos estar alertas e unidos para agir!&nbsp;<\/strong><\/p>\n\n<iframe src=\"https:\/\/www.greenpeace.org.br\/hubfs\/p4\/p4_gda_2020_form.html\" class=\"iframe_form\" scrolling=\"no\" frameborder=\"no\"><\/iframe>\n\n<p>&nbsp;<\/p>\n\n<p class=\"has-drop-cap has-text-align-left bloco-titulo2 has-medium-font-size\"><strong>2 Se manifestar no Twitter ou WhatsApp<\/strong><\/p>\n\n<p class=\"txt70p\">Aquele sentimento de \u201ceu n\u00e3o aguento mais tanta loucura\u201d est\u00e1 preso no peito e precisamos solt\u00e1-lo. Envie uma mensagem para os governantes do nosso pa\u00eds mostrando que voc\u00ea se importa com a Amaz\u00f4nia e exigindo que sua prote\u00e7\u00e3o seja uma prioridade absoluta. <strong>Chega de desmonte! Chega de fechar os olhos!<\/strong><br><br>Ao se manifestar no Twitter, Facebook ou WhatsApp, use a hashtag <strong>#BrasilemChamas<\/strong> para fazermos volume a essa voz em defesa da floresta.<\/p>\n\n<p class=\"has-text-align-center\"><a class=\"fbc-has-badge fbc-UID_11\" href=\"https:\/\/www.facebook.com\/sharer\/sharer.php?u=http:\/\/www.greenpeace.org.br\/todos-pela-amazonia?utm_source=facebook%26utm_medium=social%26utm_campaign=florestas%26utm_content=en_share_website\" target=\"_blank\" rel=\"noopener noreferrer\"><img decoding=\"async\" src=\"https:\/\/www.greenpeace.org.br\/hubfs\/Campanhas\/Tapajos\/keep_tapajos_alive\/logo-facebook.svg\" style=\"width:60px; height:auto; background:#3b5998; padding: 6px;\"><\/a> &nbsp; <a href=\"https:\/\/share.greenpeace.org.br\/whatsapp\/43fcec410a\" target=\"_blank\" rel=\"noopener noreferrer\"><img decoding=\"async\" src=\"https:\/\/www.greenpeace.org.br\/hubfs\/Campanhas\/Tapajos\/keep_tapajos_alive\/logo-whatsapp.svg\" style=\"width:60px; height:auto; background:#25d366; padding: 6px;\"><\/a><br><br><\/p>\n\n<div class=\"slider\">\n<div><p><a href=\"https:\/\/twitter.com\/intent\/tweet?text=Quando%20o%20governo%20%40jairbolsonaro%20vai%20entender%20que%20sem%20Amaz%C3%B4nia%20n%C3%A3o%20tem%20futuro,%20nem%20desenvolvimento?%20Com%20sua%20pol%C3%ADtica%20antiambiental,%20presidente,%20o%20desmatamento%20e%20queimadas%20batem%20recordes%20e%20a%20imagem%20do%20pa%C3%ADs%20queima%20junto%20%23TodosPelaAmaz%C3%B4nia%20https%3A\/\/act.gp\/2Dvr6wJ\" target=\"_blank\" rel=\"noopener noreferrer\">&nbsp;<\/a>Quando o governo @jairbolsonaro vai entender que sem Amaz\u00f4nia n\u00e3o tem futuro, nem desenvolvimento? Com sua pol\u00edtica antiambiental, presidente, o desmatamento e queimadas batem recordes e a imagem do pa\u00eds queima junto #TodosPelaAmaz\u00f4nia https:\/\/act.gp\/2Dvr6wJ<\/div>\n<div><p><a href=\"https:\/\/twitter.com\/intent\/tweet?text=.%40jairbolsonaro%20est%C3%A1%20entregando%20a%20Amaz%C3%B4nia,%20patrim%C3%B4nio%20de%20todos%20os%20brasileiros,%20para%20criminosos.%20N%C3%B3s,%20brasileiros%20queremos%20a%20floresta%20em%20p%C3%A9.%20%23TodosPelaAmaz%C3%B4nia%20https%3A\/\/act.gp\/2Dvr6wJ\" target=\"_blank\" rel=\"noopener noreferrer\">&nbsp;<\/a>.@jairbolsonaro est\u00e1 entregando a Amaz\u00f4nia, patrim\u00f4nio de todos os brasileiros, para criminosos. N\u00f3s, brasileiros queremos a floresta em p\u00e9. #TodosPelaAmaz\u00f4nia https:\/\/act.gp\/2Dvr6wJ<\/div>\n<div><p><a href=\"https:\/\/twitter.com\/intent\/tweet?text=.%40jairbolsonaro,%20o%20pa%C3%ADs%20que%20eu%20quero%20%C3%A9%20um%20Brasil%20que%20protege%20a%20Amaz%C3%B4nia.%20N%C3%A3o%20h%C3%A1%20desenvolvimento%20poss%C3%ADvel%20sem%20natureza.%20Pare%20de%20destruir%20a%20Amaz%C3%B4nia.%20%23TodospelaAmaz%C3%B4nia%20https%3A\/\/act.gp\/2Dvr6wJ\" target=\"_blank\" rel=\"noopener noreferrer\">&nbsp;<\/a>.@jairbolsonaro, o pa\u00eds que eu quero \u00e9 um Brasil que protege a Amaz\u00f4nia. N\u00e3o h\u00e1 desenvolvimento poss\u00edvel sem natureza. Pare de destruir a Amaz\u00f4nia. #TodospelaAmaz\u00f4nia https:\/\/act.gp\/2Dvr6wJ<\/div>\n<div><p><a href=\"https:\/\/twitter.com\/intent\/tweet?text=Em%20agosto%20de%202020%20a%20Amaz%C3%B4nia%20queimou%20tanto%20quanto%20em%202019.%20O%20cora%C3%A7%C3%A3o%20do%20nosso%20planeta%20est%C3%A1%20amea%C3%A7ado%20pelo%20plano%20do%20governo%20%40jairbolsonaro%20N%C3%A3o%20podemos%20deixar%20isso%20acontecer!%20%23TodosPelaAmaz%C3%B4nia%20https%3A\/\/act.gp\/2Dvr6wJ\" target=\"_blank\" rel=\"noopener noreferrer\">&nbsp;<\/a>Em agosto de 2020 a Amaz\u00f4nia queimou tanto quanto em 2019. O cora\u00e7\u00e3o do nosso planeta est\u00e1 amea\u00e7ado pelo plano do governo @jairbolsonaro N\u00e3o podemos deixar isso acontecer! #TodosPelaAmaz\u00f4nia https:\/\/act.gp\/2Dvr6wJ <\/div>\n<div><p><a href=\"https:\/\/twitter.com\/intent\/tweet?text=Os%20dados%20dos%20sat%C3%A9lites%20mostram%20quem%20%C3%A9%20o%20verdadeiro%20c%C3%A2ncer%20da%20floresta.%20%40jairbolsonaro%20pode%20tentar,%20mas%20n%C3%A3o%20conseguir%C3%A1%20matar%20a%20nossa%20esperan%C3%A7a%20e%20nossa%20luta%20em%20defesa%20da%20vida%20e%20da%20floresta%20em%20p%C3%A9%20%20%23TodosPelaAmaz%C3%B4nia%20https%3A\/\/act.gp\/2Dvr6wJ\" target=\"_blank\" rel=\"noopener noreferrer\">&nbsp;<\/a>Os dados dos sat\u00e9lites mostram quem \u00e9 o verdadeiro c\u00e2ncer da floresta. @jairbolsonaro pode tentar, mas n\u00e3o conseguir\u00e1 matar a nossa esperan\u00e7a e nossa luta em defesa da vida e da floresta em p\u00e9  #TodosPelaAmaz\u00f4nia https:\/\/act.gp\/2Dvr6wJ<\/div>\n<div><p><a href=\"https:\/\/twitter.com\/intent\/tweet?text=Negar%20ou%20diminuir%20o%20problema%20das%20queimadas%20na%20Amaz%C3%B4nia,%20%40jairbolsonaro,%20n%C3%A3o%20far%C3%A1%20as%20queimadas%20desaparecerem.%20Agosto%20registrou%20tantas%20queimadas%20como%20em%202019.%20Parem%20de%20destruir%20a%20Amaz%C3%B4nia!%20%23TodosPelaAmaz%C3%B4nia%20https%3A\/\/act.gp\/2Dvr6wJ\" target=\"_blank\" rel=\"noopener noreferrer\">&nbsp;<\/a>Negar ou diminuir o problema das queimadas na Amaz\u00f4nia, @jairbolsonaro, n\u00e3o far\u00e1 as queimadas desaparecerem. Agosto registrou tantas queimadas como em 2019. Parem de destruir a Amaz\u00f4nia! #TodosPelaAmaz\u00f4nia https:\/\/act.gp\/2Dvr6wJ<\/div>\n<div><p><a href=\"https:\/\/twitter.com\/intent\/tweet?text=O%20fogo%20na%20floresta%20%C3%A9%20uma%20amea%C3%A7a%20%C3%A0%20vida%20e%20ao%20futuro%20de%20todos%20n%C3%B3s,%20e%20seu%20governo%20%40jairbolsonaro%20segue%20incentivando%20e%20permitindo%20que%20isso%20aconte%C3%A7a%20em%20larga%20escala.%20Por%20isso%20sigo%20defendendo%20sua%20conserva%C3%A7%C3%A3o%20%23TodosPelaAmaz%C3%B4nia%20https%3A\/\/act.gp\/2Dvr6wJ\" target=\"_blank\" rel=\"noopener noreferrer\">&nbsp;<\/a>O fogo na floresta \u00e9 uma amea\u00e7a \u00e0 vida e ao futuro de todos n\u00f3s, e seu governo @jairbolsonaro segue incentivando e permitindo que isso aconte\u00e7a em larga escala. Por isso sigo defendendo sua conserva\u00e7\u00e3o #TodosPelaAmaz\u00f4nia https:\/\/act.gp\/2Dvr6wJ<\/div>\n<div><p><a href=\"https:\/\/twitter.com\/intent\/tweet?text=O%20brasileiro%20sempre%20sentiu%20orgulho%20da%20Amaz%C3%B4nia.%20Mas,%20com%20%40jairbolsonaro%20no%20poder,%20o%20sentimento%20%C3%A9%20de%20tristeza,%20indigna%C3%A7%C3%A3o%20e%20vergonha.%20Um%20absurdo!%20Queremos%20a%20floresta%20em%20p%C3%A9!%20%23TodosPelaAmaz%C3%B4nia%20https%3A\/\/act.gp\/2Dvr6wJ\" target=\"_blank\" rel=\"noopener noreferrer\">&nbsp;<\/a>O brasileiro sempre sentiu orgulho da Amaz\u00f4nia. Mas, com @jairbolsonaro no poder, o sentimento \u00e9 de tristeza, indigna\u00e7\u00e3o e vergonha. Um absurdo! Queremos a floresta em p\u00e9! #TodosPelaAmaz\u00f4nia https:\/\/act.gp\/2Dvr6wJ<\/div>\n<\/div>\n\n<p class=\"has-text-align-center\"><br><a href=\"https:\/\/downloads.greenpeace.org.br\/tem-um-monstro-na-minha-cozinha\/\" target=\"_blank\" rel=\"noreferrer noopener\"><img loading=\"lazy\" decoding=\"async\" width=\"150\" height=\"81\" class=\"wp-image-27949\" style=\"width: 150px;\" src=\"https:\/\/www.greenpeace.org\/static\/planet4-brasil-stateless\/2020\/10\/e64e3b34-monstro-na-cozinha.png\" alt=\"\" srcset=\"https:\/\/www.greenpeace.org\/static\/planet4-brasil-stateless\/2020\/10\/e64e3b34-monstro-na-cozinha.png 1998w, https:\/\/www.greenpeace.org\/static\/planet4-brasil-stateless\/2020\/10\/e64e3b34-monstro-na-cozinha-300x162.png 300w, https:\/\/www.greenpeace.org\/static\/planet4-brasil-stateless\/2020\/10\/e64e3b34-monstro-na-cozinha-1024x554.png 1024w, https:\/\/www.greenpeace.org\/static\/planet4-brasil-stateless\/2020\/10\/e64e3b34-monstro-na-cozinha-768x415.png 768w, https:\/\/www.greenpeace.org\/static\/planet4-brasil-stateless\/2020\/10\/e64e3b34-monstro-na-cozinha-1536x830.png 1536w, https:\/\/www.greenpeace.org\/static\/planet4-brasil-stateless\/2020\/10\/e64e3b34-monstro-na-cozinha-510x276.png 510w\" sizes=\"auto, (max-width: 150px) 100vw, 150px\" \/><\/a> <strong> <a rel=\"noreferrer noopener\" href=\"https:\/\/downloads.greenpeace.org.br\/tem-um-monstro-na-minha-cozinha\/\" target=\"_blank\">Baixe aqui<\/a> v\u00eddeos e outros materiais para compartilhar<\/strong><\/p>\n\n<p>&nbsp;<\/p>\n\n<p class=\"has-drop-cap has-text-align-left bloco-titulo2 has-medium-font-size\"><strong>3 Se juntar ao desafio do TikTok<\/strong><\/p>\n\n<p class=\"txt70p\">Para termos um movimento enorme em torno da prote\u00e7\u00e3o da Amaz\u00f4nia, \u00e9 preciso que toda a sociedade entenda o que est\u00e1 havendo e que possamos nos conectar, pois juntos somos mais fortes. <strong>Ajude a espalhar o apoio \u00e0 floresta!<\/strong><br><br><strong>Junte-se a n\u00f3s no desafio do TikTok<\/strong>! Publique um v\u00eddeo\/foto da sua receita vegetariana\/vegana preferida usando a hashtag <strong>#MenosCarneMaisFloresta<\/strong> e marcando o perfil do <strong>@greenpeacebrasil<\/strong>. Bora mostrar para o mundo um prato mais gostoso, sem rastros de destrui\u00e7\u00e3o e agir juntos para diminuir o impacto da ind\u00fastria que mais desmata nossas florestas?<\/p>\n\n<blockquote class=\"tiktok-embed\" cite=\"https:\/\/www.tiktok.com\/@greenpeacebrasil\/video\/6886434436963912962\" data-video-id=\"6886434436963912962\" style=\"max-width: 605px;min-width: 325px;\"> <section> <a target=\"_blank\" title=\"@greenpeacebrasil\" href=\"https:\/\/www.tiktok.com\/@greenpeacebrasil\" rel=\"noopener noreferrer\">@greenpeacebrasil<\/a> <p>Compartilhe receitas sem carne marcando o @greenpeacebrasil + <a title=\"menoscarnemaisfloresta\" target=\"_blank\" href=\"https:\/\/www.tiktok.com\/tag\/menoscarnemaisfloresta\" rel=\"noopener noreferrer\">##menoscarnemaisfloresta<\/a> @giuliacosta9 <\/p> <a target=\"_blank\" title=\"\u266c som original - Greenpeace Brasil\" href=\"https:\/\/www.tiktok.com\/music\/som-original-6886434457851579138\" rel=\"noopener noreferrer\">\u266c som original &#8211; Greenpeace Brasil<\/a> <\/section> <\/blockquote> <script async=\"\" src=\"https:\/\/www.tiktok.com\/embed.js\"><\/script>\n\n<p>&nbsp;<\/p>\n\n<p class=\"has-drop-cap has-text-align-left bloco-titulo2 has-medium-font-size\"><strong>4 Compartilhar hist\u00f3rias<\/strong><\/p>\n\n<p class=\"txt70p\">O acesso \u00e0 informa\u00e7\u00e3o j\u00e1 est\u00e1 mais f\u00e1cil em boa parte do Brasil, mas muitas pessoas ainda n\u00e3o t\u00eam acesso a fontes confi\u00e1veis e acess\u00edveis, especialmente em uma sociedade contaminada pelas fake news. Por isso, levar informa\u00e7\u00e3o para quem voc\u00ea conhece pode ser transformador.&nbsp; <strong>Compartilhe v\u00eddeos, textos, estudos, FATOS e ajude a combater a desinforma\u00e7\u00e3o e engajar mais gente nesse movimento para proteger a Amaz\u00f4nia.<\/strong><br><br><\/p>\n\n<figure class=\"wp-block-embed is-type-video is-provider-youtube wp-block-embed-youtube wp-embed-aspect-4-3 wp-has-aspect-ratio\"><div class=\"wp-block-embed__wrapper\">\n<lite-youtube style=\"background-image: url('https:\/\/i.ytimg.com\/vi\/0bRfBhogQKQ\/hqdefault.jpg');\" videoid=\"0bRfBhogQKQ\" params=\"rel=0\"><\/lite-youtube>\n<\/div><\/figure>\n\n<p>&nbsp;<\/p>\n\n<p class=\"has-drop-cap has-text-align-left bloco-titulo2 has-medium-font-size\"><strong>5 Diminuir o consumo de carne<\/strong><\/p>\n\n<p class=\"txt70p\">O v\u00eddeo \u201cTem um monstro na minha cozinha\u201d nos faz despertar para o fato de como a ind\u00fastria da carne est\u00e1 devorando florestas como a Amaz\u00f4nia e como esse sistema de produ\u00e7\u00e3o est\u00e1 diretamente conectado com o alimento a que temos acesso nas prateleiras dos supermercados.&nbsp;<\/p>\n\n<figure class=\"wp-block-embed is-type-video is-provider-youtube wp-block-embed-youtube wp-embed-aspect-16-9 wp-has-aspect-ratio\"><div class=\"wp-block-embed__wrapper\">\nhttps:\/\/www.youtube.com\/playlist?list=PLgypAGt9KjpCwaAN-cDx1DAfV_8bs6-aU\n<\/div><\/figure>\n\n<p class=\"txt70p\">A atividade pecu\u00e1ria \u00e9 a principal respons\u00e1vel pelo desmatamento na Amaz\u00f4nia. Estudos indicam que 80% da destrui\u00e7\u00e3o da cobertura florestal do bioma \u00e9 consequ\u00eancia da produ\u00e7\u00e3o de gado. E s\u00e3o justamente essas propriedades com atividade pecu\u00e1ria as principais respons\u00e1veis pelo fogo que vem transformando a floresta em pasto.&nbsp;<\/p>\n\n<p class=\"txt70p\">Al\u00e9m de colocar em risco a rica biodiversidade, esse sistema de produ\u00e7\u00e3o \u00e9 um dos que mais contribui para o aumento das emiss\u00f5es de gases de efeito estufa no Brasil. Um sistema que alimenta a emerg\u00eancia clim\u00e1tica e destr\u00f3i a variedade de vida no planeta que faz poss\u00edvel a nossa exist\u00eancia.&nbsp;<\/p>\n\n<p class=\"txt70p\">Assim como o personagem do v\u00eddeo, repense essa escolha. N\u00e3o \u00e9 apenas a sua casa que est\u00e1 sendo invadida ou a da on\u00e7a que se refugia na cozinha, \u00e9 a nossa casa comum, o planeta, que est\u00e1 sendo tomado por um sistema baseado na destrui\u00e7\u00e3o.&nbsp;<\/p>\n\n<p>&nbsp;<\/p>\n\n<p class=\"has-drop-cap bloco-titulo2\"><strong>6 Ser volunt\u00e1rio(a) do Greenpeace<\/strong><\/p>\n\n<p class=\"txt70p\">Voc\u00ea pode ir al\u00e9m e experimentar novas formas de se manifestar pela prote\u00e7\u00e3o da Amaz\u00f4nia. Ao se tornar um volunt\u00e1rio ou volunt\u00e1ria, voc\u00ea se conecta com pessoas com interesses comuns, produz eventos, campanhas, atividades na internet e nas ruas (quando isso se tornar poss\u00edvel novamente), troca fotos e v\u00eddeos, conta hist\u00f3rias e divulga a\u00e7\u00f5es com o objetivo tamb\u00e9m de abrir di\u00e1logo com outras pessoas convidando-as para que olhem de maneira cr\u00edtica para nossa realidade e se tornem agentes transformadores da sociedade.&nbsp;<\/p>\n\n<p class=\"txt70p\">Para fazer parte da nossa rede de voluntariado \u00e9 s\u00f3 entrar no <a href=\"https:\/\/conexaoverde.greenpeace.org.br\/\" target=\"_blank\" rel=\"noreferrer noopener\"><strong>Conex\u00e3o Verde<\/strong><\/a>, realizar o treinamento de boas-vindas, se conectar com outros ativistas ao redor do Brasil e participar das discuss\u00f5es e mobiliza\u00e7\u00f5es. \u00c9 s\u00f3 come\u00e7ar! <\/p>\n\n<p>&nbsp;<\/p>\n\n<p class=\"has-drop-cap bloco-titulo2\"><strong>7 Tornar-se um doador do Greenpeace<\/strong><\/p>\n\n<p class=\"txt70p\">Depois de entender como o monstro do desmatamento \u00e9 perigoso para todos, al\u00e9m das atitudes acima, voc\u00ea tamb\u00e9m pode contribuir financeiramente para a continuidade do trabalho do Greenpeace! Estamos h\u00e1 mais de 20 anos atuando pela prote\u00e7\u00e3o da Amaz\u00f4nia e sua biodiversidade.&nbsp;<\/p>\n\n<p class=\"txt70p\">Ao se tornar um doador do Greenpeace, voc\u00ea nos ajuda na continuidade do nosso trabalho de pesquisa, investiga\u00e7\u00e3o e den\u00fancia de crimes ambientais, al\u00e9m de apoiar nossa busca por um mundo mais verde, justo e pac\u00edfico.<\/p>\n\n<p class=\"txt70p\">Somos uma organiza\u00e7\u00e3o independente <strong>e n\u00e3o aceitamos nenhum dinheiro de empresas, partidos pol\u00edticos ou de governos<\/strong>. Aceitamos contribui\u00e7\u00f5es apenas de pessoas f\u00edsicas como voc\u00ea.<\/p>\n\n<div class=\"wp-block-buttons aligncenter is-layout-flex wp-block-buttons-is-layout-flex\">\n<div class=\"wp-block-button is-style-cta\"><a class=\"wp-block-button__link has-text-color has-background\" href=\"https:\/\/doe.greenpeace.org.br\/salve-a-amazonia\/p?appeal=18901&amp;entrypoint=blog_7coisaspelaamazonia\" style=\"background-color:#f36d3a;color:#ffffff\" target=\"_blank\" rel=\"noreferrer noopener\"><strong>Fa\u00e7a parte do nosso time de doadores. Clique aqui!<\/strong><\/a><\/div>\n<\/div>\n\n<p><\/p>\n\n<h3 class=\"has-text-align-center wp-block-heading\"><br>V<strong>ivemos uma crise ambiental sem precedentes na Amaz\u00f4nia e \u00e9 preciso agir<\/strong>!<br><br><\/h3>\n\n<p class=\"txt70p\">O momento demanda a\u00e7\u00f5es emergenciais &#8211; incluindo uma morat\u00f3ria do desmatamento, o fortalecimento dos \u00f3rg\u00e3os de controle, como Ibama e ICMBio, e a cria\u00e7\u00e3o de \u00e1reas protegidas &#8211; al\u00e9m de muita press\u00e3o da sociedade. A Amaz\u00f4nia \u00e9 vital para a manuten\u00e7\u00e3o da vida no planeta e por isso, <strong>a sua mobiliza\u00e7\u00e3o \u00e9 fundamental para garantir sua prote\u00e7\u00e3o<\/strong>.<br><br><\/p>\n\n<h3 class=\"has-text-align-center bloco-titulo wp-block-heading\"><strong>N\u00e3o h\u00e1 mais tempo a perder, desmatamento zero j\u00e1!<\/strong><\/h3>\n\n<script>$(document).ready(function () {\n    $('#hs-form-iframe-0').on('load', function() {\n        $(\"#hs-form-iframe-0\").contents().find(\"hs-form-required\").css(\"display\", \"none\");\n    }); \n});\n<\/script>\n\n<p><\/p>\n\n<a href=\"https:\/\/todospelaamazonia.org.br\"><h3 class=\"has-text-align-center wp-block-heading\" style=\"background-color:#d54d18; color:#fae9bd; padding:1rem; width:100%; margin: 5rem 0 3rem; display:block;\">Fa\u00e7a parte do movimento <strong>TODOS PELA AMAZ\u00d4NIA<\/strong>!<\/h3><\/a>\n","protected":false},"excerpt":{"rendered":"<p>A Amaz\u00f4nia \u00e9 um bioma \u00fanico no mundo e que tem 60% de sua extens\u00e3o no Brasil. N\u00f3s brasileiros somos muito sortudos por sermos os protetores desta fonte de \u00e1gua e vida. Mas verdade seja dita: precisamos fazer mais para proteg\u00ea-la.<\/p>\n","protected":false},"author":44,"featured_media":26824,"parent":9626,"menu_order":0,"comment_status":"closed","ping_status":"closed","template":"","meta":{"ep_exclude_from_search":false,"p4_hide_page_title_checkbox":"","p4_title":"","p4_subtitle":"","p4_description":"","background_image_id":"","background_image":"","p4_button_title":"","p4_button_link":"","p4_button_link_checkbox":"","p4_og_title":"","p4_og_description":"","p4_og_image":"","p4_og_image_id":"","p4_seo_canonical_url":"","p4_campaign_name":"not set","p4_local_project":"not set","p4_basket_name":"not set","p4_department":"","footnotes":""},"categories":[3],"tags":[22],"class_list":["post-27933","page","type-page","status-publish","has-post-thumbnail","hentry","category-proteja-a-natureza","tag-florestas"],"_links":{"self":[{"href":"https:\/\/www.greenpeace.org\/brasil\/wp-json\/wp\/v2\/pages\/27933","targetHints":{"allow":["GET"]}}],"collection":[{"href":"https:\/\/www.greenpeace.org\/brasil\/wp-json\/wp\/v2\/pages"}],"about":[{"href":"https:\/\/www.greenpeace.org\/brasil\/wp-json\/wp\/v2\/types\/page"}],"author":[{"embeddable":true,"href":"https:\/\/www.greenpeace.org\/brasil\/wp-json\/wp\/v2\/users\/44"}],"replies":[{"embeddable":true,"href":"https:\/\/www.greenpeace.org\/brasil\/wp-json\/wp\/v2\/comments?post=27933"}],"version-history":[{"count":20,"href":"https:\/\/www.greenpeace.org\/brasil\/wp-json\/wp\/v2\/pages\/27933\/revisions"}],"predecessor-version":[{"id":27942,"href":"https:\/\/www.greenpeace.org\/brasil\/wp-json\/wp\/v2\/pages\/27933\/revisions\/27942"}],"up":[{"embeddable":true,"href":"https:\/\/www.greenpeace.org\/brasil\/wp-json\/wp\/v2\/pages\/9626"}],"wp:featuredmedia":[{"embeddable":true,"href":"https:\/\/www.greenpeace.org\/brasil\/wp-json\/wp\/v2\/media\/26824"}],"wp:attachment":[{"href":"https:\/\/www.greenpeace.org\/brasil\/wp-json\/wp\/v2\/media?parent=27933"}],"wp:term":[{"taxonomy":"category","embeddable":true,"href":"https:\/\/www.greenpeace.org\/brasil\/wp-json\/wp\/v2\/categories?post=27933"},{"taxonomy":"post_tag","embeddable":true,"href":"https:\/\/www.greenpeace.org\/brasil\/wp-json\/wp\/v2\/tags?post=27933"}],"curies":[{"name":"wp","href":"https:\/\/api.w.org\/{rel}","templated":true}]}}