{"id":2903,"date":"2018-07-23T10:33:06","date_gmt":"2018-07-23T13:33:06","guid":{"rendered":"https:\/\/www.greenpeace.org\/brasil\/?page_id=2903"},"modified":"2025-06-23T11:37:18","modified_gmt":"2025-06-23T14:37:18","slug":"perguntas-frequentes","status":"publish","type":"page","link":"https:\/\/www.greenpeace.org\/brasil\/fale-conosco\/perguntas-frequentes\/","title":{"rendered":"Perguntas Frequentes"},"content":{"rendered":"\n                \n                <div class=\"wp-block-group alignfull is-layout-flow wp-block-group-is-layout-flow\">\n                \n                <div class=\"wp-block-group container is-layout-flow wp-block-group-is-layout-flow\">\n                \n                <div class=\"wp-block-media-text alignfull has-media-on-the-right is-stacked-on-mobile is-pattern-p4-page-header is-style-parallax\">\n\n                <div class=\"wp-block-media-text__content\">\n                    <div class=\"wp-block-group is-layout-flow wp-block-group-is-layout-flow\">\n                    \n                        <h1 class=\"wp-block-heading has-white-background-color has-background\">\n                            Tire suas d\u00favidas\n                        <\/h1>\n                    <\/div>\n                \n\n                \n\n                \n\n                <\/div>\n                <figure class=\"wp-block-media-text__media\">\n                    <img loading=\"lazy\" decoding=\"async\" width=\"1920\" height=\"1080\"\n                        src=\"https:\/\/www.greenpeace.org\/static\/planet4-brasil-stateless\/2018\/07\/ACTION_VOLUNTEER_Right_Style.jpg\"\n                        alt=\"\"\n                        sizes=\"auto, (min-width: 601px) 50vw, 100vw\" srcset=\"https:\/\/www.greenpeace.org\/static\/planet4-brasil-stateless\/2018\/07\/ACTION_VOLUNTEER_Right_Style.jpg 1920w, https:\/\/www.greenpeace.org\/static\/planet4-brasil-stateless\/2018\/07\/ACTION_VOLUNTEER_Right_Style-300x169.jpg 300w, https:\/\/www.greenpeace.org\/static\/planet4-brasil-stateless\/2018\/07\/ACTION_VOLUNTEER_Right_Style-768x432.jpg 768w, https:\/\/www.greenpeace.org\/static\/planet4-brasil-stateless\/2018\/07\/ACTION_VOLUNTEER_Right_Style-1024x576.jpg 1024w, https:\/\/www.greenpeace.org\/static\/planet4-brasil-stateless\/2018\/07\/ACTION_VOLUNTEER_Right_Style-510x287.jpg 510w\" class=\"wp-image-3230 size-full\"\n                    \/>\n                <\/figure>\n                <\/div>\n                \n                <\/div>\n                \n                <\/div>\n                \n                <div data-render=\"planet4-blocks\/columns\" data-attributes=\"{&quot;attributes&quot;:{&quot;columns_block_style&quot;:&quot;tasks&quot;,&quot;columns_title&quot;:&quot;Quero participar de outras formas. Como fa\\u00e7o?&quot;,&quot;columns_description&quot;:&quot;Existem v\\u00e1rias formas de ajudar o Greenpeace. Se voc\\u00ea quer participar ainda mais das campanhas do Greenpeace, n\\u00e3o perca tempo:&quot;,&quot;columns&quot;:[{&quot;description&quot;:&quot;Siga o Greenpeace nas redes sociais e compartilhe nossas campanhas.&quot;,&quot;title&quot;:&quot;Conecte-se&quot;,&quot;cta_text&quot;:&quot;Curta nossa p\\u00e1gina&quot;,&quot;cta_link&quot;:&quot;https:\\\/\\\/www.facebook.com\\\/GreenpeaceBrasil&quot;,&quot;link_new_tab&quot;:true},{&quot;description&quot;:&quot;Voc\\u00ea pode nos ajudar com seu talento e for\\u00e7a de vontade, oferecendo seu tempo para transmitir nossa mensagem.&quot;,&quot;title&quot;:&quot;Seja um volunt\\u00e1rio&quot;,&quot;cta_text&quot;:&quot;Entre para o time&quot;,&quot;cta_link&quot;:&quot;https:\\\/\\\/www.greenpeace.org\\\/brasil\\\/como-ajudar\\\/faca-parte-do-voluntariado\\\/&quot;},{&quot;title&quot;:&quot;Siga nosso canal no WhatsApp&quot;,&quot;description&quot;:&quot;Siga nosso canal no WhatsApp e fique por dentro de nossas a\\u00e7\\u00f5es ao redor do pa\\u00eds. Junte-se a n\\u00f3s na luta pela prote\\u00e7\\u00e3o do meio ambiente!&quot;,&quot;cta_text&quot;:&quot;Participe j\\u00e1&quot;,&quot;cta_link&quot;:&quot;https:\\\/\\\/www.whatsapp.com\\\/channel\\\/0029VaBPpFN6RGJNFdUUJ01q&quot;,&quot;link_new_tab&quot;:true}],&quot;className&quot;:&quot;is-style-tasks&quot;}}\"><\/div><h2>Perguntas e respostas:<\/h2>\n<h3>\u2022 Por que os doadores do Greenpeace s\u00e3o t\u00e3o importantes?<\/h3>\n<div id=\"r1\">\n<p>Desde seu in\u00edcio, o Greenpeace escolheu ser uma organiza\u00e7\u00e3o independente. Para tanto, definiu que n\u00e3o aceitaria dinheiro de empresas, governos ou partidos pol\u00edticos. S\u00f3 receberia, como faz at\u00e9 hoje, dinheiro de pessoas como voc\u00ea. Essa decis\u00e3o fechou nosso acesso a um volume consider\u00e1vel de fontes de financiamento. Por outro lado, garantiu uma atua\u00e7\u00e3o completamente independente em favor da prote\u00e7\u00e3o ambiental. Por isso o apoio de cada pessoa \u00e9 t\u00e3o importante. Aqui, chamamos de doadores as pessoas que apoiam financeiramente a organiza\u00e7\u00e3o.\u00a0Pessoas que acreditam que podem fazer diferente, que querem dar voz ao grito de esperan\u00e7a por um mundo melhor. No mundo todo j\u00e1 somamos mais de 3 milh\u00f5es, mas os desafios s\u00e3o ainda muito grandes.\u00a0E voc\u00ea? Ainda n\u00e3o faz parte desse time?\u00a0<a href=\"http:\/\/doe.greenpeace.org.br\/?appeal=18757&amp;entrypoint=p4_faq_text\">Junte-se a n\u00f3s.<\/a><\/p>\n<\/div>\n<h3>\u2022 Meu material de doador chegou danificado ou n\u00e3o chegou.<\/h3>\n<div id=\"r2\">\n<p>Por favor, entre em contato com o canal de relacionamento do Greenpeace pelo e-mail relacionamento@greenpeace.org e descreva qual material voc\u00ea n\u00e3o recebeu para que n\u00f3s o reenviaremos. \u00c9 fundamental enviar tamb\u00e9m seu endere\u00e7o completo atualizado e os dados de contato.<\/p>\n<\/div>\n<h3>\u2022 Como atualizar meus dados de cadastro?<\/h3>\n<div id=\"r3\">\n<p>Para atualizar seus dados banc\u00e1rios, ligue para <a href=\"tel:0800-789-2510\">0800-789-2510<\/a>\u00a0 de segunda a sexta-feira das 9h \u00e0s 19h, ou escreva para: relacionamento@greenpeace.org<\/p>\n<\/div>\n<h3>\u2022 Como cancelar minha doa\u00e7\u00e3o?<\/h3>\n<div id=\"r4\">\n<p>O doador pode realizar o cancelamento da doa\u00e7\u00e3o a qualquer momento e por qualquer motivo. Para isso uma solicita\u00e7\u00e3o deve ser feita \u00e0 \u00c1rea de Relacionamento no telefone <a href=\"tel:0800-789-2510\">0800-789-2510<\/a> de segunda a sexta-feira das 9h \u00e0s 19h.<\/p>\n<\/div>\n<h3>\u2022 Quero fazer uma den\u00fancia para o Greenpeace.<\/h3>\n<div id=\"r5\">\n<p><span style=\"font-weight: 400;\">O Greenpeace Brasil, como parte da sociedade civil, n\u00e3o tem poder direto de fiscaliza\u00e7\u00e3o ou mesmo de puni\u00e7\u00e3o. Para ajud\u00e1-lo a encaminhar a sua den\u00fancia, disponibilizamos uma lista dos \u00f3rg\u00e3os p\u00fablicos respons\u00e1veis por receber e fiscalizar informa\u00e7\u00f5es recebidas de agress\u00f5es contra o meio ambiente. <\/span><a href=\"https:\/\/www.greenpeace.org\/brasil\/faca-uma-denuncia-ambiental\/\"><span style=\"font-weight: 400;\">Acesse aqui.\u00a0<\/span><\/a><\/p>\n<\/div>\n<h3>\u2022 Tem outras d\u00favidas, sugest\u00f5es e\/ou cr\u00edticas?<\/h3>\n<div id=\"r6\">\n<p>Constru\u00edmos o Greenpeace com voc\u00ea! Todo tipo de sugest\u00e3o \u00e9 bem-vinda e ser\u00e1 analisada. E caso tenha alguma cr\u00edtica importante para o nosso desenvolvimento, tamb\u00e9m fale para n\u00f3s em \u00a0<a href=\"mailto:relacionamento@greenpeace.org\">relacionamento@greenpeace.org<\/a>.<\/p>\n<\/div>\n\n<div style=\"height:100px\" aria-hidden=\"true\" class=\"wp-block-spacer\"><\/div>\n<div data-render=\"planet4-blocks\/happypoint\" data-attributes=\"{&quot;attributes&quot;:{&quot;focus_image&quot;:&quot;0% 0%&quot;,&quot;iframe_url&quot;:&quot;https:\\\/\\\/www.greenpeace.org.br\\\/hubfs\\\/p4\\\/p4_form.html&quot;,&quot;override_default_content&quot;:true,&quot;local_content_provider&quot;:&quot;iframe_url&quot;,&quot;opacity&quot;:30}}\"><\/div>\n<style>\n  .page-header-background img {\n    opacity: 0.3;\n  }\n<\/style>\n","protected":false},"excerpt":{"rendered":"<p>Descubra respostas para perguntas frequentes sobre o Greenpeace. Saiba sobre nosso trabalho, como se envolver e contribuir para um planeta melhor.<\/p>\n","protected":false},"author":28,"featured_media":3230,"parent":38739,"menu_order":0,"comment_status":"closed","ping_status":"closed","template":"","meta":{"ep_exclude_from_search":false,"p4_hide_page_title_checkbox":"on","p4_title":"","p4_subtitle":"","p4_description":"","background_image_id":"","background_image":"","p4_button_title":"","p4_button_link":"","p4_button_link_checkbox":"","p4_og_title":"","p4_og_description":"Descubra respostas para perguntas frequentes sobre o Greenpeace. Saiba sobre nosso trabalho, como se envolver e contribuir para um planeta melhor.","p4_og_image":"","p4_og_image_id":"","p4_seo_canonical_url":"","p4_campaign_name":"not set","p4_local_project":"not set","p4_basket_name":"not set","p4_department":"","footnotes":""},"categories":[5],"tags":[13],"class_list":["post-2903","page","type-page","status-publish","has-post-thumbnail","hentry","category-greenpeace","tag-greenpeace"],"_links":{"self":[{"href":"https:\/\/www.greenpeace.org\/brasil\/wp-json\/wp\/v2\/pages\/2903","targetHints":{"allow":["GET"]}}],"collection":[{"href":"https:\/\/www.greenpeace.org\/brasil\/wp-json\/wp\/v2\/pages"}],"about":[{"href":"https:\/\/www.greenpeace.org\/brasil\/wp-json\/wp\/v2\/types\/page"}],"author":[{"embeddable":true,"href":"https:\/\/www.greenpeace.org\/brasil\/wp-json\/wp\/v2\/users\/28"}],"replies":[{"embeddable":true,"href":"https:\/\/www.greenpeace.org\/brasil\/wp-json\/wp\/v2\/comments?post=2903"}],"version-history":[{"count":20,"href":"https:\/\/www.greenpeace.org\/brasil\/wp-json\/wp\/v2\/pages\/2903\/revisions"}],"predecessor-version":[{"id":57907,"href":"https:\/\/www.greenpeace.org\/brasil\/wp-json\/wp\/v2\/pages\/2903\/revisions\/57907"}],"up":[{"embeddable":true,"href":"https:\/\/www.greenpeace.org\/brasil\/wp-json\/wp\/v2\/pages\/38739"}],"wp:featuredmedia":[{"embeddable":true,"href":"https:\/\/www.greenpeace.org\/brasil\/wp-json\/wp\/v2\/media\/3230"}],"wp:attachment":[{"href":"https:\/\/www.greenpeace.org\/brasil\/wp-json\/wp\/v2\/media?parent=2903"}],"wp:term":[{"taxonomy":"category","embeddable":true,"href":"https:\/\/www.greenpeace.org\/brasil\/wp-json\/wp\/v2\/categories?post=2903"},{"taxonomy":"post_tag","embeddable":true,"href":"https:\/\/www.greenpeace.org\/brasil\/wp-json\/wp\/v2\/tags?post=2903"}],"curies":[{"name":"wp","href":"https:\/\/api.w.org\/{rel}","templated":true}]}}