{"id":29106,"date":"2021-01-13T09:49:09","date_gmt":"2021-01-13T12:49:09","guid":{"rendered":"https:\/\/www.greenpeace.org\/brasil\/?page_id=29106"},"modified":"2021-01-13T10:25:37","modified_gmt":"2021-01-13T13:25:37","slug":"destroybras-o-jogo-da-destruicao-do-governo-bolsonaro","status":"publish","type":"page","link":"https:\/\/www.greenpeace.org\/brasil\/destroybras-o-jogo-da-destruicao-do-governo-bolsonaro\/","title":{"rendered":"Destroybras, o jogo da destrui\u00e7\u00e3o do governo Bolsonaro"},"content":{"rendered":"\n<p><style> .page-header-title { display:none; } h1 {font-size: 4rem; } h2 { font-size:1.8rem; } <\/style><\/p>\n\n<figure class=\"wp-block-image size-large  caption-style-medium caption-alignment-center\"><img loading=\"lazy\" decoding=\"async\" width=\"1501\" height=\"501\" src=\"https:\/\/www.greenpeace.org\/static\/planet4-brasil-stateless\/b1f548d4-titulo-destroybras-p4.png\" alt=\"\" class=\"wp-image-29110\"\/><\/figure>\n\n<h2 class=\"has-text-align-center wp-block-heading\">O governo federal tem feito o papel de vil\u00e3o ambiental em seus dois anos de mandato. Precisamos virar esse jogo.&nbsp;&nbsp;<\/h2>\n\n<p class=\"has-text-align-center\">Nessa s\u00e9rie de v\u00eddeos, mostramos como o governo Bolsonaro tem avan\u00e7ado muitas casas no tabuleiro antiambiental, jogando sujo contra as florestas, o clima global e a popula\u00e7\u00e3o e economia brasileiras. Quando a imagem do pa\u00eds fica manchada com desmatamento, queimadas e outros crimes contra o meio ambiente, todos n\u00f3s perdemos.&nbsp;<\/p>\n\n<div class=\"wp-block-image  caption-style-medium caption-alignment-center\"><figure class=\"aligncenter size-large\"><img loading=\"lazy\" decoding=\"async\" width=\"1857\" height=\"130\" src=\"https:\/\/www.greenpeace.org\/static\/planet4-brasil-stateless\/c31f0bd1-separador-videos-destroybras.png\" alt=\"\" class=\"wp-image-29114\"\/><\/figure><\/div>\n\n<figure class=\"wp-block-embed-youtube wp-block-embed is-type-video is-provider-youtube wp-embed-aspect-16-9 wp-has-aspect-ratio\"><div class=\"wp-block-embed__wrapper\">\n<lite-youtube style=\"background-image: url('https:\/\/i.ytimg.com\/vi\/dG2wUmTs6bk\/hqdefault.jpg');\" videoid=\"dG2wUmTs6bk\" params=\"rel=0\"><\/lite-youtube>\n<\/div><\/figure>\n\n<figure class=\"wp-block-embed-youtube wp-block-embed is-type-video is-provider-youtube wp-embed-aspect-16-9 wp-has-aspect-ratio\"><div class=\"wp-block-embed__wrapper\">\n<lite-youtube style=\"background-image: url('https:\/\/i.ytimg.com\/vi\/im3frfAvb2s\/hqdefault.jpg');\" videoid=\"im3frfAvb2s\" params=\"rel=0\"><\/lite-youtube>\n<\/div><\/figure>\n\n<figure class=\"wp-block-embed-youtube wp-block-embed is-type-video is-provider-youtube wp-embed-aspect-16-9 wp-has-aspect-ratio\"><div class=\"wp-block-embed__wrapper\">\n<lite-youtube style=\"background-image: url('https:\/\/i.ytimg.com\/vi\/GWHccG330XY\/hqdefault.jpg');\" videoid=\"GWHccG330XY\" params=\"rel=0\"><\/lite-youtube>\n<\/div><\/figure>\n\n<figure class=\"wp-block-embed-youtube wp-block-embed is-type-video is-provider-youtube wp-embed-aspect-16-9 wp-has-aspect-ratio\"><div class=\"wp-block-embed__wrapper\">\n<lite-youtube style=\"background-image: url('https:\/\/i.ytimg.com\/vi\/YYOR5Zv8b3I\/hqdefault.jpg');\" videoid=\"YYOR5Zv8b3I\" params=\"rel=0\"><\/lite-youtube>\n<\/div><\/figure>\n\n<p>O governo Bolsonaro completa dois anos e, infelizmente, n\u00e3o temos nada a comemorar. Em dois anos, retrocedemos d\u00e9cadas e o Brasil se tornou l\u00edder em desmatamento, queimadas criminosas, nega\u00e7\u00e3o da ci\u00eancia e desrespeito ao meio ambiente e aos direitos humanos.&nbsp;<\/p>\n\n<p>O meio ambiente est\u00e1 sob ataque no pa\u00eds e os \u00fanicos que t\u00eam algo a celebrar s\u00e3o desmatadores, invasores de terras, garimpeiros e madeireiros ilegais. <strong>Estamos diante de um governo que escolheu estar ao lado dos criminosos, ignorando a import\u00e2ncia de conservar as florestas e a rica biodiversidade do pa\u00eds<\/strong>.<\/p>\n\n<p>A pol\u00edtica de \u201cpassar boiadas\u201d tem jogado por terra d\u00e9cadas de esfor\u00e7os no combate ao desmatamento, colocado em risco a sa\u00fade da popula\u00e7\u00e3o e pode trazer grandes preju\u00edzos econ\u00f4micos e de imagem ao Brasil. Cada vez mais, consumidores do mundo inteiro rejeitam produtos manchados com a destrui\u00e7\u00e3o ambiental.<\/p>\n\n<div class=\"wp-block-image  caption-style-medium caption-alignment-center\"><figure class=\"aligncenter size-large\"><img loading=\"lazy\" decoding=\"async\" width=\"401\" height=\"400\" src=\"https:\/\/www.greenpeace.org\/static\/planet4-brasil-stateless\/685d345d-logo-destroybras-elementos.png\" alt=\"\" class=\"wp-image-29141\"\/><\/figure><\/div>\n\n<p><strong>N\u00e3o h\u00e1 mais tempo e vidas a perder. <\/strong>O projeto de destrui\u00e7\u00e3o do governo Bolsonaro precisa ser interrompido imediatamente. Para que o Brasil deixe de ser visto como um vil\u00e3o ambiental, precisamos de atitudes concretas que garantam a prote\u00e7\u00e3o de todas as formas de vida.\u00a0<\/p>\n\n<p>Bolsonaro n\u00e3o ganhou um cheque em branco da sociedade brasileira para destruir nossas riquezas naturais. Ele e sua equipe devem governar para o bem de toda a popula\u00e7\u00e3o, e n\u00e3o apenas de acordo com seus interesses ou grupos aliados.&nbsp;<\/p>\n\n<p>Baixe o tabuleiro completo do Destroybras:<\/p>\n\n<figure class=\"wp-block-image size-large  caption-style-medium caption-alignment-center\"><a href=\"https:\/\/www.greenpeace.org\/static\/planet4-brasil-stateless\/efc9d7c1-destroybras-poster.pdf\"><img loading=\"lazy\" decoding=\"async\" width=\"3000\" height=\"2555\" src=\"https:\/\/www.greenpeace.org\/static\/planet4-brasil-stateless\/22418a55-destroybras-poster.png\" alt=\"\" class=\"wp-image-29130\"\/><\/a><\/figure>\n\n<div class=\"wp-block-image  caption-style-medium caption-alignment-center\"><figure class=\"aligncenter size-large\"><img loading=\"lazy\" decoding=\"async\" width=\"1857\" height=\"130\" src=\"https:\/\/www.greenpeace.org\/static\/planet4-brasil-stateless\/6af50d3f-separador-abaixo-assinado-destroybras.png\" alt=\"\" class=\"wp-image-29117\"\/><\/figure><\/div>\n\n<h2 class=\"has-text-align-center wp-block-heading\">Ajude a virar esse jogo. Compartilhe os v\u00eddeos e pressione por mudan\u00e7as j\u00e1!&nbsp;<\/h2>\n\n<p class=\"has-text-align-center\">Voc\u00ea tamb\u00e9m pode somar sua voz participando de abaixo-assinados:<\/p>\n\n<p class=\"has-text-align-center\"><a href=\"https:\/\/www.greenpeace.org.br\/todos-pela-amazonia\">Todos Pela Amaz\u00f4nia<\/a>: A Amaz\u00f4nia precisa de voc\u00ea.&nbsp;Agora mais do que nunca. E para cada voz que se erguer, milhares de outras se somar\u00e3o at\u00e9 nos transformarmos em uma ampla rede de prote\u00e7\u00e3o ao redor da floresta e seus povos. <\/p>\n\n<p class=\"has-text-align-center\"><a href=\"http:\/\/florestasemcortes.org.br\/\">Floresta Sem Cortes<\/a>: Pe\u00e7a ao Congresso para agir pela prote\u00e7\u00e3o dos biomas brasileiros. Os parlamentares devem aprovar um or\u00e7amento que garanta os recursos necess\u00e1rios para protegermos nossas florestas.<\/p>\n\n<div class=\"wp-block-image  caption-style-medium caption-alignment-center\"><figure class=\"aligncenter size-large\"><img loading=\"lazy\" decoding=\"async\" width=\"1857\" height=\"130\" src=\"https:\/\/www.greenpeace.org\/static\/planet4-brasil-stateless\/6011f8be-separador-saiba-mais-destroybras.png\" alt=\"\" class=\"wp-image-29115\"\/><\/figure><\/div>\n\n<p>Clique nos links abaixo para entender melhor a pol\u00edtica do governo federal que joga contra o meio ambiente:<\/p>\n\n<ul class=\"wp-block-list\"><li><a href=\"https:\/\/www.greenpeace.org\/brasil\/blog\/muita-propaganda-para-pouca-acao\/\">Muita propaganda para pouca a\u00e7\u00e3o<\/a>;<\/li><li><a href=\"https:\/\/www.greenpeace.org\/brasil\/blog\/maquiagem-verde\/\">Maquiagem verde<\/a>;<\/li><li><a href=\"https:\/\/www.greenpeace.org\/brasil\/blog\/enquanto-amazonia-pantanal-e-cerrado-pegam-fogo-salles-insiste-em-passar-boiada\/\">Enquanto Amaz\u00f4nia, Pantanal e Cerrado pegam fogo, Salles insiste em passar boiada<\/a>;<\/li><li><a href=\"https:\/\/www.greenpeace.org\/brasil\/blog\/sem-conversa-pra-boi-dormir-o-que-ricardo-salles-quer-e-a-destruicao-ambiental\/\">Sem conversa pra boi dormir: o que Ricardo Salles quer \u00e9 a destrui\u00e7\u00e3o ambiental<\/a>;<\/li><li><a href=\"https:\/\/www.sinaldefumaca.com\/\">Sinal de Fuma\u00e7a<\/a>.<\/li><\/ul>\n","protected":false},"excerpt":{"rendered":"<p>O governo federal tem feito o papel de vil\u00e3o ambiental em seus dois anos de mandato. Precisamos virar esse jogo.  <\/p>\n","protected":false},"author":102,"featured_media":29143,"parent":0,"menu_order":0,"comment_status":"closed","ping_status":"closed","template":"","meta":{"ep_exclude_from_search":false,"p4_hide_page_title_checkbox":"","p4_title":"","p4_subtitle":"","p4_description":"","background_image_id":"","background_image":"","p4_button_title":"","p4_button_link":"","p4_button_link_checkbox":"","p4_og_title":"","p4_og_description":"","p4_og_image":"","p4_og_image_id":"","p4_seo_canonical_url":"","p4_campaign_name":"not set","p4_local_project":"not set","p4_basket_name":"not set","p4_department":"","footnotes":""},"categories":[2],"tags":[22],"class_list":["post-29106","page","type-page","status-publish","has-post-thumbnail","hentry","category-transforme-a-sociedade","tag-florestas"],"_links":{"self":[{"href":"https:\/\/www.greenpeace.org\/brasil\/wp-json\/wp\/v2\/pages\/29106","targetHints":{"allow":["GET"]}}],"collection":[{"href":"https:\/\/www.greenpeace.org\/brasil\/wp-json\/wp\/v2\/pages"}],"about":[{"href":"https:\/\/www.greenpeace.org\/brasil\/wp-json\/wp\/v2\/types\/page"}],"author":[{"embeddable":true,"href":"https:\/\/www.greenpeace.org\/brasil\/wp-json\/wp\/v2\/users\/102"}],"replies":[{"embeddable":true,"href":"https:\/\/www.greenpeace.org\/brasil\/wp-json\/wp\/v2\/comments?post=29106"}],"version-history":[{"count":20,"href":"https:\/\/www.greenpeace.org\/brasil\/wp-json\/wp\/v2\/pages\/29106\/revisions"}],"predecessor-version":[{"id":29122,"href":"https:\/\/www.greenpeace.org\/brasil\/wp-json\/wp\/v2\/pages\/29106\/revisions\/29122"}],"wp:featuredmedia":[{"embeddable":true,"href":"https:\/\/www.greenpeace.org\/brasil\/wp-json\/wp\/v2\/media\/29143"}],"wp:attachment":[{"href":"https:\/\/www.greenpeace.org\/brasil\/wp-json\/wp\/v2\/media?parent=29106"}],"wp:term":[{"taxonomy":"category","embeddable":true,"href":"https:\/\/www.greenpeace.org\/brasil\/wp-json\/wp\/v2\/categories?post=29106"},{"taxonomy":"post_tag","embeddable":true,"href":"https:\/\/www.greenpeace.org\/brasil\/wp-json\/wp\/v2\/tags?post=29106"}],"curies":[{"name":"wp","href":"https:\/\/api.w.org\/{rel}","templated":true}]}}