{"id":3476,"date":"2018-07-25T17:32:15","date_gmt":"2018-07-25T20:32:15","guid":{"rendered":"https:\/\/www.greenpeace.org\/brasil\/?page_id=3476"},"modified":"2025-07-02T04:36:39","modified_gmt":"2025-07-02T07:36:39","slug":"faca-uma-denuncia-ambiental","status":"publish","type":"page","link":"https:\/\/www.greenpeace.org\/brasil\/faca-uma-denuncia-ambiental\/","title":{"rendered":"Fa\u00e7a uma den\u00fancia ambiental"},"content":{"rendered":"\n<div class=\"wp-block-media-text alignfull has-media-on-the-right is-stacked-on-mobile gpbr-mobile-centered-text-and-title force-no-lightbox\" style=\"grid-template-columns:auto 49%\"><div class=\"wp-block-media-text__content\">\n<div class=\"wp-block-columns is-layout-flex wp-container-core-columns-is-layout-9d6595d7 wp-block-columns-is-layout-flex\">\n<div class=\"wp-block-column mobile-hidden is-layout-flow wp-block-column-is-layout-flow\" style=\"flex-basis:100px\"><\/div>\n\n\n\n<div class=\"wp-block-column is-layout-flow wp-block-column-is-layout-flow\" style=\"flex-basis:80%\">\n<div style=\"height:35px\" aria-hidden=\"true\" class=\"wp-block-spacer\"><\/div>\n\n\n\n<h1 class=\"wp-block-heading has-text-align-left\" style=\"font-size:50px\"><strong>Fa\u00e7a uma den\u00fancia ambiental<\/strong><\/h1>\n\n\n\n<p>Como parte da sociedade civil, o Greenpeace n\u00e3o pode receber den\u00fancias. Este \u00e9 um papel dos \u00f3rg\u00e3os p\u00fablicos que recebem e fiscalizam as informa\u00e7\u00f5es recebidas de agress\u00f5es contra o meio ambiente.&nbsp;<\/p>\n\n\n\n<p>Acesse abaixo uma lista dos principais \u00f3rg\u00e3os p\u00fablicos de fiscaliza\u00e7\u00e3o ambiental.&nbsp;<\/p>\n<\/div>\n<\/div>\n<\/div><figure class=\"wp-block-media-text__media\"><img loading=\"lazy\" decoding=\"async\" width=\"800\" height=\"533\" src=\"https:\/\/www.greenpeace.org\/static\/planet4-brasil-stateless\/2022\/04\/727d9b81-gp0sts0o9_web_size.jpg\" alt=\"\" sizes=\"auto, (min-width: 601px) 49vw, 100vw\" srcset=\"https:\/\/www.greenpeace.org\/static\/planet4-brasil-stateless\/2022\/04\/727d9b81-gp0sts0o9_web_size.jpg 800w, https:\/\/www.greenpeace.org\/static\/planet4-brasil-stateless\/2022\/04\/727d9b81-gp0sts0o9_web_size-300x200.jpg 300w, https:\/\/www.greenpeace.org\/static\/planet4-brasil-stateless\/2022\/04\/727d9b81-gp0sts0o9_web_size-768x512.jpg 768w, https:\/\/www.greenpeace.org\/static\/planet4-brasil-stateless\/2022\/04\/727d9b81-gp0sts0o9_web_size-510x340.jpg 510w\" class=\"wp-image-39140 size-full\"\/><\/figure><\/div>\n\n\n<h2 class=\"wp-block-heading\">Animais silvestres<\/h2>\n\n\n\n<h3 class=\"wp-block-heading\">Ca\u00e7a, pesca, com\u00e9rcio ilegal e cativeiro de animais silvestres:<\/h3>\n\n\n\n<ul class=\"wp-block-list\">\n<li><strong>Ibama: <\/strong>den\u00fancias pela Linha Verde (0800 618080), na sede em Bras\u00edlia ou na superintend\u00eancia do Estado;<\/li>\n\n\n\n<li><strong>\u00d3rg\u00e3o estadual do meio ambiente:<\/strong> procure a regional mais pr\u00f3xima;<\/li>\n\n\n\n<li><strong>Pol\u00edcia Civil:<\/strong> fa\u00e7a a den\u00fancia pelo telefone 147;<\/li>\n\n\n\n<li><strong>Pol\u00edcia Militar:<\/strong> as den\u00fancias podem ser feitas pelo telefone 190;<\/li>\n\n\n\n<li><strong>Pol\u00edcia Militar (Florestal e de Mananciais):<\/strong> 0800 132060, (11) 3354-2927\/2800\/2928\/2229\/2926.<\/li>\n<\/ul>\n\n\n\n<h3 class=\"wp-block-heading\">2. Tr\u00e1fico de animais silvestres<\/h3>\n\n\n\n<ul class=\"wp-block-list\">\n<li><strong>Ibama: <\/strong>den\u00fancias pela Linha Verde (0800 618080), na sede em Bras\u00edlia ou na superintend\u00eancia do Estado;<\/li>\n\n\n\n<li><strong>Jardim Zool\u00f3gico: <\/strong>procure a regional mais pr\u00f3xima;<\/li>\n\n\n\n<li><strong>Pol\u00edcia Florestal e de Mananciais:<\/strong> fa\u00e7a a den\u00fancia pelo telefone 190;<\/li>\n\n\n\n<li><strong>Prote\u00e7\u00e3o Animal Mundial:<\/strong> www.protecaoanimalmundial.org.br.<\/li>\n<\/ul>\n\n\n\n<h2 class=\"wp-block-heading\">Animais dom\u00e9sticos<\/h2>\n\n\n\n<ul class=\"wp-block-list\">\n<li><strong>Aila (Alian\u00e7a Internacional dos Animais): Tel.: <\/strong>(11) 3749-0800\/9996 \/ Site: www.aila.org.br;<\/li>\n\n\n\n<li><strong>APASFA (Associa\u00e7\u00e3o Protetora de Animais S\u00e3o Francisco de Assis):<\/strong> Tel.: (11) 6955-4352 \/ Site: www.apasfa.org;<\/li>\n\n\n\n<li><strong>Arca Brasil (Associa\u00e7\u00e3o Humanit\u00e1ria de Prote\u00e7\u00e3o e Bem-estar Animal):<\/strong> E-mail: <a href=\"mailto:arcabr@arcabrasil.org.br\">arcabr@arcabrasil.org.br<\/a> \/ Site: <a href=\"http:\/\/www.arcabrasil.org.br\">www.arcabrasil.org.br<\/a>;<\/li>\n\n\n\n<li><strong>SOS Fauna:<\/strong> Tel.: (11) 6161-7310 \/ Site: <a href=\"http:\/\/www.sosfauna.org\">www.sosfauna.org<\/a>;<\/li>\n\n\n\n<li><strong>Suipa (Sociedade Uni\u00e3o Internacional Protetora dos Animais): <\/strong>Tel.: (21) 2501-1529 \/ Site: <a href=\"http:\/\/www.suipa.org.br\">www.suipa.org.br<\/a>;<\/li>\n\n\n\n<li><strong>Uipa (Uni\u00e3o Internacional Protetora dos Animais): <\/strong>Tel.: (11) 3313-1475 \/ Site: www.uipasp.org.br;<\/li>\n\n\n\n<li><strong>WSPA (Sociedade Mundial de Prote\u00e7\u00e3o dos Animais): <\/strong>Tel.: (21) 3820-8200 \/ Site: <a href=\"http:\/\/www.wspabrasil.org\">www.wspabrasil.org<\/a>.<\/li>\n<\/ul>\n\n\n\n<h2 class=\"wp-block-heading\">Vegeta\u00e7\u00e3o (\u00c1reas agr\u00edcolas ou nativas)&nbsp;<\/h2>\n\n\n\n<h3 class=\"wp-block-heading\">1. Den\u00fancia e d\u00favidas sobre desmatamentos:<\/h3>\n\n\n\n<ul class=\"wp-block-list\">\n<li><strong>Ibama:<\/strong> den\u00fancias pela Linha Verde (0800 618080), na sede em Bras\u00edlia ou na superintend\u00eancia do Estado;<\/li>\n\n\n\n<li><strong>\u00d3rg\u00e3o estadual do meio ambiente:<\/strong> procure a regional mais pr\u00f3xima.<\/li>\n<\/ul>\n\n\n\n<h3 class=\"wp-block-heading\">2. Den\u00fancia de inc\u00eandio e queimadas<\/h3>\n\n\n\n<ul class=\"wp-block-list\">\n<li><strong>Ibama: <\/strong>den\u00fancias pela Linha Verde (0800 618080), na sede em Bras\u00edlia ou na superintend\u00eancia do Estado;<\/li>\n\n\n\n<li><strong>\u00d3rg\u00e3o estadual do meio ambiente: <\/strong>procure a regional mais pr\u00f3xima;<\/li>\n\n\n\n<li><strong>Corpo de Bombeiros:<\/strong> ligue 193;<\/li>\n\n\n\n<li><strong>Pol\u00edcia Civil:<\/strong> ligue 147.<\/li>\n<\/ul>\n\n\n\n<h2 class=\"wp-block-heading\">Pesqueiros<\/h2>\n\n\n\n<ul class=\"wp-block-list\">\n<li><strong>Instituto de Pesca: <\/strong>Obten\u00e7\u00e3o de licen\u00e7a para pr\u00e1tica de pesca profissional e industrial. Telefones: (11) 3871-7530 e 3871-7569; fax (11) 3872-5035; e-mail: antoniosimoes@sp.gov.br; site www.pesca.sp.gov.br;<\/li>\n\n\n\n<li><strong>Minist\u00e9rio da Agricultura e do Abastecimento:<\/strong> O telefone gratuito \u00e9 0800 7041995; tamb\u00e9m pode ser contatado pelo telefone (61) 3218-2401 ou no site www.agricultura.gov.br.<\/li>\n<\/ul>\n\n\n\n<h2 class=\"wp-block-heading\">Estradas<\/h2>\n\n\n\n<p>Informa\u00e7\u00f5es sobre a situa\u00e7\u00e3o nas estradas ou den\u00fancias de irregularidades ao longo das rodovias, como o ac\u00famulo de lixo e queimadas.<\/p>\n\n\n\n<ul class=\"wp-block-list\">\n<li><strong>Dersa (Desenvolvimento Rodovi\u00e1rio S\/A):<\/strong> Os telefones s\u00e3o (11) 3702-8131\/8132\/8133 e o site, www.dersa.sp.gov.br;<\/li>\n\n\n\n<li><strong>DNIT (Departamento Nacional de Infraestrutura de Transportes):<\/strong> O telefone gratuito \u00e9 0800 611535 e o site, www.dnit.gov.br;<\/li>\n\n\n\n<li><strong>Ecovias:<\/strong> O telefone gratuito \u00e9 0800 197878 e o site, www.ecovias.com.br;<\/li>\n\n\n\n<li><strong>Autoban:<\/strong> O telefone gratuito \u00e9 0800 0555550 e o site www.autoban.com.br;<\/li>\n\n\n\n<li><strong>Pol\u00edcia Rodovi\u00e1ria Estadual de S\u00e3o Paulo:<\/strong> Informa\u00e7\u00f5es podem ser obtidas em <a href=\"http:\/\/www.polmil.sp.gov.br\/unidades\/cprv\/\">www.polmil.sp.gov.br\/unidades\/cprv\/<\/a>;<\/li>\n\n\n\n<li><strong>Pol\u00edcia Rodovi\u00e1ria Federal:<\/strong> www.dprf.gov.br.<\/li>\n<\/ul>\n\n\n\n<h2 class=\"wp-block-heading\">Preserva\u00e7\u00e3o \/ Destrui\u00e7\u00e3o de morros<\/h2>\n\n\n\n<ul class=\"wp-block-list\">\n<li><strong>Pol\u00edcia Florestal e de Mananciais:<\/strong> ligue para 190;<\/li>\n\n\n\n<li><strong>\u00d3rg\u00e3o estadual do Meio Ambiente:<\/strong> procure a regional mais pr\u00f3xima;<\/li>\n\n\n\n<li><strong>Secretarias Estaduais de Habita\u00e7\u00e3o\/prefeituras:<\/strong> entre em contato diretamente com a prefeitura de seu munic\u00edpio residente.<\/li>\n<\/ul>\n\n\n\n<h2 class=\"wp-block-heading\">Patrim\u00f4nio hist\u00f3rico-cultural (inclui \u00e1reas naturais tombadas)<\/h2>\n\n\n\n<ul class=\"wp-block-list\">\n<li><strong>Instituto do Patrim\u00f4nio Hist\u00f3rico:<\/strong> (92) 3633-2822; www.iphan.gov.br;<\/li>\n\n\n\n<li><strong>Secretaria Estadual de Cultura:<\/strong> entre em contato diretamente o \u00f3rg\u00e3o de seu Estado residente;<\/li>\n\n\n\n<li><strong>\u00d3rg\u00e3o estadual de ambiente:<\/strong> entre em contato diretamente o \u00f3rg\u00e3o de seu Estado residente;<\/li>\n\n\n\n<li><strong>Conselho Estadual de Patrim\u00f4nio Hist\u00f3rico, Art\u00edstico e Arqueol\u00f3gico: <\/strong>entre em contato diretamente o \u00f3rg\u00e3o de seu Estado residente;<\/li>\n\n\n\n<li><strong>Prefeitura:<\/strong> entre em contato diretamente com a prefeitura de seu munic\u00edpio residente.<\/li>\n<\/ul>\n\n\n\n<h2 class=\"wp-block-heading\">Problemas urbanos<\/h2>\n\n\n\n<h3 class=\"wp-block-heading\">1. \u00c1rvores: d\u00favidas ou den\u00fancias sobre corte e poda em \u00e1rea urbana<\/h3>\n\n\n\n<ul class=\"wp-block-list\">\n<li><strong>Prefeitura:<\/strong> entre em contato diretamente com a prefeitura de seu munic\u00edpio residente;<\/li>\n\n\n\n<li><strong>\u00d3rg\u00e3o estadual de ambiente:<\/strong> entre em contato diretamente o \u00f3rg\u00e3o de seu Estado residente.<\/li>\n<\/ul>\n\n\n\n<h3 class=\"wp-block-heading\">2. Loteamentos irregulares na aprova\u00e7\u00e3o e instala\u00e7\u00e3o<\/h3>\n\n\n\n<ul class=\"wp-block-list\">\n<li><strong>Secretaria da Habita\u00e7\u00e3o do Estado ou do munic\u00edpio, \u00f3rg\u00e3o estadual do ambiente e prefeituras: <\/strong>entre em contato diretamente com a unidade mais pr\u00f3xima de seu munic\u00edpio residente;<\/li>\n\n\n\n<li><strong>Cetesb (Companhia de Tecnologia de Saneamento Ambiental de S\u00e3o Paulo): <\/strong>0800 113560, www.cetesb.sp.gov.br.<\/li>\n<\/ul>\n\n\n\n<h2 class=\"wp-block-heading\">Casos de calamidades<\/h2>\n\n\n\n<p>Inunda\u00e7\u00f5es, deslizamentos de encostas, desabamentos de resid\u00eancias e outros acidentes<\/p>\n\n\n\n<ul class=\"wp-block-list\">\n<li><strong>Coordenadoria Estadual da Defesa Civil: <\/strong>ligue para 199;<\/li>\n\n\n\n<li><strong>Secretaria do Ambiente: <\/strong>entre em contato diretamente o \u00f3rg\u00e3o de seu Estado residente;<\/li>\n\n\n\n<li><strong>Corpo de Bombeiros:<\/strong> ligue para 193.<\/li>\n<\/ul>\n\n\n\n<h2 class=\"wp-block-heading\">Minera\u00e7\u00e3o (Extra\u00e7\u00e3o de ouro, areia e pedras)<\/h2>\n\n\n\n<h3 class=\"wp-block-heading\">1. Problemas de polui\u00e7\u00e3o ou desmatamentos causados por minera\u00e7\u00e3o<\/h3>\n\n\n\n<ul class=\"wp-block-list\">\n<li><strong>\u00d3rg\u00e3o estadual ou municipal de meio ambiente:<\/strong> Entre em contato diretamente o \u00f3rg\u00e3o de seu munic\u00edpio residente;<\/li>\n\n\n\n<li><strong>Pol\u00edcia Militar (Mananciais):<\/strong> ligue 190;<\/li>\n\n\n\n<li><strong>Ibama:<\/strong> den\u00fancias pela Linha Verde (0800 618080), na sede em Bras\u00edlia ou na superintend\u00eancia do Estado.<\/li>\n<\/ul>\n\n\n\n<h3 class=\"wp-block-heading\">2. Problemas e informa\u00e7\u00f5es sobre autoriza\u00e7\u00e3o e controle de minera\u00e7\u00e3o<\/h3>\n\n\n\n<p>DMME (delegacias do Minist\u00e9rio de Minas e Energia): para contatar a unidade em cada Estado, clique http:\/\/www.dnpm.gov.br e selecione a superintend\u00eancia.<\/p>\n\n\n\n<h2 class=\"wp-block-heading\">Lixo nuclear e outros tipos de contamina\u00e7\u00e3o radioativa<\/h2>\n\n\n\n<ul class=\"wp-block-list\">\n<li><strong>CNEN (Comiss\u00e3o Nacional de Energia Nuclear):<\/strong> respons\u00e1vel pela fiscaliza\u00e7\u00e3o e controle do setor: www.cnen.gov.br\/acnen\/faleconosco.asp;<\/li>\n\n\n\n<li><strong>Curadoria do Meio Ambiente:<\/strong> procure a regional mais pr\u00f3xima.<\/li>\n<\/ul>\n\n\n\n<h2 class=\"wp-block-heading\">Reciclagem<\/h2>\n\n\n\n<p><strong>Instituto Recicle Milh\u00f5es de Vidas<\/strong><\/p>\n\n\n\n<p>Tel.: (11) 5549-9807<\/p>\n\n\n\n<p><strong>Cempre (Compromisso Empresarial para Reciclagem)<\/strong><\/p>\n\n\n\n<p>Tel: (11) 3889-8564\/7806<\/p>\n\n\n\n<p>Site: www.cempre.org.br<\/p>\n\n\n\n<p><strong>Recicloteca<\/strong><\/p>\n\n\n\n<p>Tel.: (21) 2551-6215\/2552-6393<\/p>\n\n\n\n<p>Site: www.recicloteca.org.br<\/p>\n\n\n\n<h2 class=\"wp-block-heading\">Agricultura org\u00e2nica<\/h2>\n\n\n\n<p><strong>Associa\u00e7\u00e3o de Agricultura Org\u00e2nica<\/strong><\/p>\n\n\n\n<p>Avenida Francisco Matarazzo, 455<\/p>\n\n\n\n<p>Tel.: (11) 3875-2625<\/p>\n\n\n\n<p>Site: www.aao.org.br<\/p>\n\n\n\n<h2 class=\"wp-block-heading\">Demais \u00f3rg\u00e3os importantes<\/h2>\n\n\n\n<p><strong>MMA \u2013 Minist\u00e9rio Meio Ambiente, dos Recursos H\u00eddricos e da Amaz\u00f4nia Legal<\/strong><\/p>\n\n\n\n<p>Esplanada dos Minist\u00e9rios<\/p>\n\n\n\n<p>Bloco B do 5\u00ba ao 9\u00ba andar<\/p>\n\n\n\n<p>Bras\u00edlia\/DF CEP 70068-900<\/p>\n\n\n\n<p>Site: www.mma.gov.br<\/p>\n\n\n\n<p><strong>Conselho Nacional de Recursos H\u00eddricos<\/strong><\/p>\n\n\n\n<p>SEPN 505 \u2013 Lote 2 \u2013 Ed. Marie Prendi Cruz<\/p>\n\n\n\n<p>1\u00ba andar \u2013 sala 108<\/p>\n\n\n\n<p>(acesso pela W2 Norte)<\/p>\n\n\n\n<p>Bras\u00edlia\/DF CEP 70730-542<\/p>\n\n\n\n<p>Tel.: (61) 2028-2075\/2076<\/p>\n\n\n\n<p>E-mail: sec.executiva@cnrh-srh.gov.br<\/p>\n\n\n\n<p>Site: <a href=\"https:\/\/www.gov.br\/mdr\/pt-br\/assuntos\/seguranca-hidrica\/cnrh\/cnrh\/conselho-nacional-de-recursos-hidricos-2013-cnrh\" target=\"_blank\" rel=\"noreferrer noopener nofollow\">www.gov.br\/mdr\/pt-br\/assuntos\/seguranca-hidrica\/cnrh\/cnrh\/conselho-nacional-de-recursos-hidricos-2013-cnrh<\/a><\/p>\n\n\n\n<p><strong>Ag\u00eancia Nacional de \u00c1guas (ANA)<\/strong><\/p>\n\n\n\n<p>Setor Policial, \u00e1rea 5, quadra 3, blocos B e L<\/p>\n\n\n\n<p>Bras\u00edlia\/DF CEP 70610-200<\/p>\n\n\n\n<p>Tel: (61) 2109-5400\/2109-5252<\/p>\n\n\n\n<p>Disque Sa\u00fade: 0800 611997<\/p>\n\n\n\n<p>Site: www.ana.gov.br<\/p>\n\n\n\n<p><strong>Minist\u00e9rio P\u00fablico Federal<\/strong><\/p>\n\n\n\n<p>SAF \u2013 Sul, quadra 4, conjunto C<\/p>\n\n\n\n<p>Bras\u00edlia\/DF \u2013 CEP 70050-900<\/p>\n\n\n\n<p>Tel.: (61) 3031-5100<\/p>\n\n\n\n<p>Site: www.mpf.mp.br<\/p>\n\n\n\n<p><strong>Procuradoria Regional da Rep\u00fablica 1\u00aa Regi\u00e3o<\/strong><\/p>\n\n\n\n<p>SAS quadra 5, bloco E, lote 08<\/p>\n\n\n\n<p>Bras\u00edlia-DF CEP 70070-911<\/p>\n\n\n\n<p>Tel.: (61) 3317-4500<\/p>\n\n\n\n<p>Site: www.mpf.mp.br\/regiao1<\/p>\n\n\n\n<p><strong>Procuradoria Regional da Rep\u00fablica 2\u00aa Regi\u00e3o<\/strong><\/p>\n\n\n\n<p>Rua Uruguaiana, 174, 14\u00ba andar, Centro<\/p>\n\n\n\n<p>Rio de Janeiro\/RJ CEP 20050-900<\/p>\n\n\n\n<p>Tel.: (21) 2211-0700<\/p>\n\n\n\n<p>E-mail: denuncias@prrj.mpf.gov.br<\/p>\n\n\n\n<p>Site: www.mpf.mp.br\/regiao2<\/p>\n\n\n\n<p><strong>Procuradoria Regional da Rep\u00fablica 3\u00aa Regi\u00e3o<\/strong><\/p>\n\n\n\n<p>Rua Peixoto Gomide, 1038, Cerqueira C\u00e9sar<\/p>\n\n\n\n<p>S\u00e3o Paulo\/SP CEP 01409-000<\/p>\n\n\n\n<p>Tel.: (11) 3281-8800<\/p>\n\n\n\n<p>Site: www.mpf.mp.br\/regiao3<\/p>\n\n\n\n<p><strong>Procuradoria Regional da Rep\u00fablica 4\u00aa Regi\u00e3o<\/strong><\/p>\n\n\n\n<p>Rua Sete de Setembro, 1133, Centro<\/p>\n\n\n\n<p>Porto Alegre\/RS CEP 90010-191<\/p>\n\n\n\n<p>Tel.: (51) 3225-2311<\/p>\n\n\n\n<p>Site: www.mpf.mp.br\/regiao4<\/p>\n\n\n\n<p>Procuradoria Regional da Rep\u00fablica 5\u00aa Regi\u00e3o<\/p>\n\n\n\n<p>Pra\u00e7a Visconde de Mau\u00e1, s\/n\u00ba, Ed. Rosa III, Santo Ant\u00f4nio<\/p>\n\n\n\n<p>Recife\/PE CEP 50020-100<\/p>\n\n\n\n<p>Tel.: (81) 2125-7300<\/p>\n\n\n\n<p>Site: <a href=\"http:\/\/www.mpf.mp.br\/regiao5\">www.mpf.mp.br\/regiao5<\/a><\/p>\n\n\n\n<h2 class=\"wp-block-heading\">Ibama (Instituto Brasileiro do Meio Ambiente e dos Recursos Naturais Renov\u00e1veis)<\/h2>\n\n\n\n<p>\u00c9 o principal \u00f3rg\u00e3o do governo federal para fiscaliza\u00e7\u00e3o e controle ambiental. Sugest\u00f5es, reclama\u00e7\u00f5es, pedidos de informa\u00e7\u00f5es e den\u00fancias sobre agress\u00f5es ao ambiente (ca\u00e7a e com\u00e9rcio ilegal de animais; polui\u00e7\u00e3o do ar, da \u00e1gua ou do solo) podem ser feitas pela Linha Verde (0800-618080), um servi\u00e7o da Ouvidoria do Ibama que recebe qualquer den\u00fancia ou pelo site do governo federal: acesse aqui.<\/p>\n\n\n\n<p>Ap\u00f3s o encaminhamento da den\u00fancia para atendimento, a unidade respons\u00e1vel tem um prazo de at\u00e9 30 dias para se manifestar.<\/p>\n\n\n\n<h2 class=\"wp-block-heading\">\u00d3rg\u00e3o estadual de ambiente (secretarias, diretorias ou departamentos \u2013 pesquisa por Estado)<\/h2>\n\n\n\n<p>Atende a casos de polui\u00e7\u00e3o sonora, do ar, ca\u00e7a e com\u00e9rcio ilegal de animais silvestres e derrubada de \u00e1rvores. Entrar em contato com as regionais mais pr\u00f3ximas.<\/p>\n\n\n\n<h2 class=\"wp-block-heading\">Procuradorias do ambiente e de defesa do consumidor<\/h2>\n\n\n\n<p>Podem promover inqu\u00e9ritos e a\u00e7\u00f5es judiciais a partir de den\u00fancias de danos ao ambiente, ao patrim\u00f4nio p\u00fablico e ao consumidor, sem custo para o cidad\u00e3o. Procurar a unidade mais pr\u00f3xima.<\/p>\n\n\n\n<h2 class=\"wp-block-heading\">Pol\u00edcia<\/h2>\n\n\n\n<p>A agress\u00e3o ambiental \u00e9 crime. Tanto a Pol\u00edcia Civil, quanto a Pol\u00edcia Florestal e de Mananciais, que faz parte da Pol\u00edcia Militar, podem autuar, aplicar multas, embargar obras e apreender materiais utilizados durante uma infra\u00e7\u00e3o ambiental. Telefones gratuitos: Pol\u00edcia Civil (147) e Pol\u00edcia Militar (190).<\/p>\n\n\n\n<h2 class=\"wp-block-heading\">\u00d3rg\u00e3os de defesa do consumidor<\/h2>\n\n\n\n<p>Procon e Decon t\u00eam poder de fiscaliza\u00e7\u00e3o e puni\u00e7\u00e3o no caso de les\u00f5es ao consumidor por fornecimento ou servi\u00e7o (exemplo: contamina\u00e7\u00e3o da \u00e1gua das torneiras, devido \u00e0 polui\u00e7\u00e3o ambiental). Contate o \u00f3rg\u00e3o da sua regi\u00e3o.<\/p>\n\n\n\n<h2 class=\"wp-block-heading\">Poder Legislativo (Senado, C\u00e2mara dos Deputados, Assembl\u00e9ias Legislativas e C\u00e2maras de Vereadores)<\/h2>\n\n\n\n<p>Em caso de infra\u00e7\u00f5es de mais repercuss\u00e3o, sobretudo quando relacionadas ou dependem de uma pol\u00edtica p\u00fablica, pode agir promovendo debates p\u00fablicos ou solicitando requerimento de informa\u00e7\u00f5es aos respons\u00e1veis, entre outras medidas. Contatar a Comiss\u00e3o de Meio Ambiente e de Defesa do Consumidor, quando existir, ou o parlamentar mais sens\u00edvel \u00e0 quest\u00e3o.<\/p>\n\n\n\n<h2 class=\"wp-block-heading\">Conselhos de Meio Ambiente<\/h2>\n\n\n\n<p>O Conselho Nacional de Meio Ambiente, Conselho Estadual de Meio Ambiente ou Conselho Municipal de Meio Ambiente re\u00fanem representantes do setor p\u00fablico e da sociedade civil. Para infra\u00e7\u00f5es de maior repercuss\u00e3o, podem exigir a\u00e7\u00f5es efetivas por parte dos \u00f3rg\u00e3os de ambiente.<\/p>\n\n\n\n<h2 class=\"wp-block-heading\">CNEN (Comiss\u00e3o Nacional de Energia Nuclear)<\/h2>\n\n\n\n<p>\u00c9 respons\u00e1vel por todas as atividades nucleares no pa\u00eds, inclusive o controle e a fiscaliza\u00e7\u00e3o de den\u00fancias sobre lixo nuclear e outros tipos de contamina\u00e7\u00e3o radioativa: www.cnen.gov.br.<\/p>\n\n\n\n<h2 class=\"wp-block-heading\">Prefeituras<\/h2>\n\n\n\n<p>Agem em casos de polui\u00e7\u00e3o sonora, lixo, constru\u00e7\u00f5es clandestinas em \u00e1reas de preserva\u00e7\u00e3o ambiental, pra\u00e7as ou jardins mal-conservados, extra\u00e7\u00e3o irregular de argila e areia e demais problemas no \u00e2mbito municipal. Caso n\u00e3o haja \u00f3rg\u00e3o municipal competente, contate o gabinete da prefeitura.<\/p>\n\n","protected":false},"excerpt":{"rendered":"<p>Denuncie crimes ambientais! Fa\u00e7a uma den\u00fancia ambiental e contribua para a prote\u00e7\u00e3o do meio ambiente. Participe do Greenpeace na defesa da natureza.<\/p>\n","protected":false},"author":28,"featured_media":3529,"parent":0,"menu_order":0,"comment_status":"closed","ping_status":"closed","template":"","meta":{"ep_exclude_from_search":false,"p4_hide_page_title_checkbox":"on","p4_title":"","p4_subtitle":"","p4_description":"","background_image_id":"","background_image":"","p4_button_title":"","p4_button_link":"","p4_button_link_checkbox":"","p4_og_title":"","p4_og_description":"","p4_og_image":"","p4_og_image_id":"","p4_seo_canonical_url":"","p4_campaign_name":"not set","p4_local_project":"not set","p4_basket_name":"not set","p4_department":"","footnotes":""},"categories":[3,2],"tags":[23],"class_list":["post-3476","page","type-page","status-publish","has-post-thumbnail","hentry","category-proteja-a-natureza","category-transforme-a-sociedade","tag-mobilizacao"],"_links":{"self":[{"href":"https:\/\/www.greenpeace.org\/brasil\/wp-json\/wp\/v2\/pages\/3476","targetHints":{"allow":["GET"]}}],"collection":[{"href":"https:\/\/www.greenpeace.org\/brasil\/wp-json\/wp\/v2\/pages"}],"about":[{"href":"https:\/\/www.greenpeace.org\/brasil\/wp-json\/wp\/v2\/types\/page"}],"author":[{"embeddable":true,"href":"https:\/\/www.greenpeace.org\/brasil\/wp-json\/wp\/v2\/users\/28"}],"replies":[{"embeddable":true,"href":"https:\/\/www.greenpeace.org\/brasil\/wp-json\/wp\/v2\/comments?post=3476"}],"version-history":[{"count":20,"href":"https:\/\/www.greenpeace.org\/brasil\/wp-json\/wp\/v2\/pages\/3476\/revisions"}],"predecessor-version":[{"id":58777,"href":"https:\/\/www.greenpeace.org\/brasil\/wp-json\/wp\/v2\/pages\/3476\/revisions\/58777"}],"wp:featuredmedia":[{"embeddable":true,"href":"https:\/\/www.greenpeace.org\/brasil\/wp-json\/wp\/v2\/media\/3529"}],"wp:attachment":[{"href":"https:\/\/www.greenpeace.org\/brasil\/wp-json\/wp\/v2\/media?parent=3476"}],"wp:term":[{"taxonomy":"category","embeddable":true,"href":"https:\/\/www.greenpeace.org\/brasil\/wp-json\/wp\/v2\/categories?post=3476"},{"taxonomy":"post_tag","embeddable":true,"href":"https:\/\/www.greenpeace.org\/brasil\/wp-json\/wp\/v2\/tags?post=3476"}],"curies":[{"name":"wp","href":"https:\/\/api.w.org\/{rel}","templated":true}]}}