{"id":36350,"date":"2022-03-31T17:16:39","date_gmt":"2022-03-31T20:16:39","guid":{"rendered":"https:\/\/www.greenpeace.org\/brasil\/?page_id=36350"},"modified":"2024-05-24T15:10:00","modified_gmt":"2024-05-24T18:10:00","slug":"conheca-a-biodiversidade-da-amazonia-atraves-do-olhar-de-cientistas","status":"publish","type":"page","link":"https:\/\/www.greenpeace.org\/brasil\/conheca-a-biodiversidade-da-amazonia-atraves-do-olhar-de-cientistas\/","title":{"rendered":"Conhe\u00e7a a biodiversidade da Amaz\u00f4nia atrav\u00e9s do olhar de cientistas"},"content":{"rendered":"\n<h1 class=\"has-text-align-center wp-block-heading\">Conhe\u00e7a a biodiversidade da Amaz\u00f4nia atrav\u00e9s do olhar de cientistas<\/h1>\n\n<style>body,html { background-color:#fae9bd; } .page-header-title { display:none; } h2 { font-size:1.8rem; } .skewed-overlay { display:none !important;} .page-header { padding-bottom:0; } .wp-video { width:70% !important; height: auto !important; margin:0 15% 2rem !important; display:inline-block; } #mep_0 { width:100% !important; height:auto; } @media (max-width: 800px) { .view-nomobile { display: none !important; } .view-mobile { display: inherit !important; } } @media (min-width: 801px) { .view-nomobile { display: inherit !important; } .view-mobile { display: none !important; } }<\/style>\n\n<h2 class=\"txt80p wp-block-heading\"><em>Conhecer a biodiversidade da Amaz\u00f4nia \u00e9 a miss\u00e3o destes 22 pesquisadores, os primeiros bolsistas do Programa Tatiana de Carvalho de Pesquisa e Conserva\u00e7\u00e3o da Amaz\u00f4nia, do Greenpeace<\/em><\/h2>\n\n<p class=\"txt80p\">A Amaz\u00f4nia abriga cerca de 15% da biodiversidade terrestre. Mas apesar de ser a maior floresta tropical do mundo, os investimentos e esfor\u00e7os para conhecer e proteger sua biodiversidade est\u00e3o entre os menores do mundo.<\/p>\n\n<p class=\"txt80p\">Foi por isso que, em 2020, um m\u00eas antes de o mundo parar devido a <a href=\"https:\/\/storymaps.arcgis.com\/stories\/ffe6f2a58bcf45af91ff648601d5e1cd\/\">pandemia<\/a> de Covid-19, lan\u00e7amos o&nbsp; <a href=\"https:\/\/www.greenpeace.org\/brasil\/protegendo-o-desconhecido\/\">Programa Tatiana de Carvalho de Pesquisa e Conserva\u00e7\u00e3o da Amaz\u00f4nia<\/a>, um projeto idealizado para incentivar e apoiar pesquisadores no estudo sobre novas esp\u00e9cies da biodiversidade amaz\u00f4nica.<\/p>\n\n<p class=\"txt80p\">Os \u00faltimos dois anos foram intensos e dif\u00edceis, mas nossos 22 bolsistas superaram os desafios e seguiram fazendo ci\u00eancia no Brasil. Temos muito orgulho de apoiar a pesquisa da biodiversidade e queremos que voc\u00ea se orgulhe tamb\u00e9m, conhe\u00e7a quem faz a ci\u00eancia e inspire-se.<\/p>\n\n<div style=\"height:64px\" aria-hidden=\"true\" class=\"wp-block-spacer\"><\/div>\n\n<h2 class=\"has-text-align-center has-large-font-size wp-block-heading\">Conhe\u00e7a os Pesquisadores<\/h2>\n\n<div class=\"wp-block-buttons is-content-justification-center is-layout-flex wp-container-core-buttons-is-layout-16018d1d wp-block-buttons-is-layout-flex\">\n<div class=\"wp-block-button is-style-secondary\"><a class=\"wp-block-button__link\" href=\"\/brasil\/conheca-a-biodiversidade-da-amazonia-atraves-do-olhar-de-cientistas\/botanica\/\">Bot\u00e2nica<\/a><\/div>\n\n\n\n<div class=\"wp-block-button is-style-secondary\"><a class=\"wp-block-button__link\" href=\"\/brasil\/conheca-a-biodiversidade-da-amazonia-atraves-do-olhar-de-cientistas\/vertebrados\/\">Vertebrados<\/a><\/div>\n\n\n\n<div class=\"wp-block-button is-style-secondary\"><a class=\"wp-block-button__link\" href=\"\/brasil\/conheca-a-biodiversidade-da-amazonia-atraves-do-olhar-de-cientistas\/invertebrados\/\">Invertebrados<\/a><\/div>\n<\/div>\n\n<div style=\"height:56px\" aria-hidden=\"true\" class=\"wp-block-spacer\"><\/div>\n","protected":false},"excerpt":{"rendered":"<p>Conhe\u00e7a a biodiversidade da Amaz\u00f4nia atrav\u00e9s do olhar de cientistas Conhecer a biodiversidade da Amaz\u00f4nia \u00e9 a miss\u00e3o destes 22 pesquisadores, os primeiros bolsistas do Programa Tatiana de Carvalho de Pesquisa e Conserva\u00e7\u00e3o da Amaz\u00f4nia, do Greenpeace A Amaz\u00f4nia abriga cerca de 15% da biodiversidade terrestre. Mas apesar de ser a maior floresta tropical do [&hellip;]<\/p>\n","protected":false},"author":102,"featured_media":36889,"parent":0,"menu_order":0,"comment_status":"closed","ping_status":"closed","template":"","meta":{"ep_exclude_from_search":false,"p4_hide_page_title_checkbox":"","p4_title":"","p4_subtitle":"","p4_description":"","background_image_id":"","background_image":"","p4_button_title":"","p4_button_link":"","p4_button_link_checkbox":"","p4_og_title":"","p4_og_description":"","p4_og_image":"","p4_og_image_id":"","p4_seo_canonical_url":"","p4_campaign_name":"not set","p4_local_project":"not set","p4_basket_name":"not set","p4_department":"","footnotes":""},"categories":[3],"tags":[],"class_list":["post-36350","page","type-page","status-publish","has-post-thumbnail","hentry","category-proteja-a-natureza"],"_links":{"self":[{"href":"https:\/\/www.greenpeace.org\/brasil\/wp-json\/wp\/v2\/pages\/36350","targetHints":{"allow":["GET"]}}],"collection":[{"href":"https:\/\/www.greenpeace.org\/brasil\/wp-json\/wp\/v2\/pages"}],"about":[{"href":"https:\/\/www.greenpeace.org\/brasil\/wp-json\/wp\/v2\/types\/page"}],"author":[{"embeddable":true,"href":"https:\/\/www.greenpeace.org\/brasil\/wp-json\/wp\/v2\/users\/102"}],"replies":[{"embeddable":true,"href":"https:\/\/www.greenpeace.org\/brasil\/wp-json\/wp\/v2\/comments?post=36350"}],"version-history":[{"count":20,"href":"https:\/\/www.greenpeace.org\/brasil\/wp-json\/wp\/v2\/pages\/36350\/revisions"}],"predecessor-version":[{"id":52962,"href":"https:\/\/www.greenpeace.org\/brasil\/wp-json\/wp\/v2\/pages\/36350\/revisions\/52962"}],"wp:featuredmedia":[{"embeddable":true,"href":"https:\/\/www.greenpeace.org\/brasil\/wp-json\/wp\/v2\/media\/36889"}],"wp:attachment":[{"href":"https:\/\/www.greenpeace.org\/brasil\/wp-json\/wp\/v2\/media?parent=36350"}],"wp:term":[{"taxonomy":"category","embeddable":true,"href":"https:\/\/www.greenpeace.org\/brasil\/wp-json\/wp\/v2\/categories?post=36350"},{"taxonomy":"post_tag","embeddable":true,"href":"https:\/\/www.greenpeace.org\/brasil\/wp-json\/wp\/v2\/tags?post=36350"}],"curies":[{"name":"wp","href":"https:\/\/api.w.org\/{rel}","templated":true}]}}