{"id":36729,"date":"2022-04-04T14:57:06","date_gmt":"2022-04-04T17:57:06","guid":{"rendered":"https:\/\/www.greenpeace.org\/brasil\/?page_id=36729"},"modified":"2022-04-11T15:48:43","modified_gmt":"2022-04-11T18:48:43","slug":"botanica","status":"publish","type":"page","link":"https:\/\/www.greenpeace.org\/brasil\/conheca-a-biodiversidade-da-amazonia-atraves-do-olhar-de-cientistas\/botanica\/","title":{"rendered":"Bot\u00e2nica"},"content":{"rendered":"\n<style>body,html { background-color:#fae9bd; } .page-header-title { display:none; } h2 { font-size:1.8rem; } .skewed-overlay { display:none !important;} .page-header { padding-bottom:0; } .wp-video { width:70% !important; height: auto !important; margin:0 15% 2rem !important; display:inline-block; } #mep_0 { width:100% !important; height:auto; } .social-links-colored-background { background-color: #f36b35; } .social-links-colored-background a { color:#000 } @media (max-width: 800px) { .view-nomobile { display: none !important; } .view-mobile { display: inherit !important; } } @media (min-width: 801px) { .view-nomobile { display: inherit !important; } .view-mobile { display: none !important; } }<\/style>\n\n<h1 class=\"has-text-align-center wp-block-heading\">Conhe\u00e7a a biodiversidade da Amaz\u00f4nia atrav\u00e9s do olhar de cientistas<\/h1>\n\n<h2 class=\"has-text-align-center wp-block-heading\">Pesquisadores de Bot\u00e2nica<\/h2>\n\n<div class=\"wp-block-columns is-layout-flex wp-container-core-columns-is-layout-9d6595d7 wp-block-columns-is-layout-flex\">\n<div class=\"wp-block-column is-layout-flow wp-block-column-is-layout-flow\">\n<figure class=\"wp-block-image size-large\"><img loading=\"lazy\" decoding=\"async\" width=\"819\" height=\"1024\" src=\"https:\/\/www.greenpeace.org\/static\/planet4-brasil-stateless\/2022\/03\/d6f5131e-gp_ficha_clebiana-819x1024.png\" alt=\"\" class=\"wp-image-36643\" srcset=\"https:\/\/www.greenpeace.org\/static\/planet4-brasil-stateless\/2022\/03\/d6f5131e-gp_ficha_clebiana-819x1024.png 819w, https:\/\/www.greenpeace.org\/static\/planet4-brasil-stateless\/2022\/03\/d6f5131e-gp_ficha_clebiana-240x300.png 240w, https:\/\/www.greenpeace.org\/static\/planet4-brasil-stateless\/2022\/03\/d6f5131e-gp_ficha_clebiana-768x960.png 768w, https:\/\/www.greenpeace.org\/static\/planet4-brasil-stateless\/2022\/03\/d6f5131e-gp_ficha_clebiana-272x340.png 272w, https:\/\/www.greenpeace.org\/static\/planet4-brasil-stateless\/2022\/03\/d6f5131e-gp_ficha_clebiana.png 1080w\" sizes=\"auto, (max-width: 819px) 100vw, 819px\" \/><\/figure>\n\n\n\n<p style=\"font-size:18px\"><strong>Sobre mim:&nbsp;<\/strong><\/p>\n\n\n\n<p style=\"font-size:18px\">Trabalho com taxonomia da fam\u00edlia Cyperaceae desde a gradua\u00e7\u00e3o. Entretanto, esta \u00e9 uma fam\u00edlia pouco estudada, principalmente na Amaz\u00f4nia. Cyperaceae s\u00e3o plantas herb\u00e1ceas, que possuem import\u00e2ncia econ\u00f4mica e ecol\u00f3gica, al\u00e9m de compor fitofisionomias de campo aberto, como campinas e campinaranas, dentre outras. No mestrado, estudei a fam\u00edlia nos campos rupestres da Serra dos Caraj\u00e1s (cangas de Caraj\u00e1s) e foi um verdadeiro presente para minha vida acad\u00eamica, pois descobri 6 novas esp\u00e9cies (4 j\u00e1 publicadas e 2 em processo de publica\u00e7\u00e3o). E no doutorado, n\u00e3o podia ser diferente, continuei me aprofundando nos estudos com a fam\u00edlia.<\/p>\n\n\n\n<p style=\"font-size:18px\">A principal motiva\u00e7\u00e3o \u00e9 a minha paix\u00e3o pela ci\u00eancia, pelas minhas pesquisas e saber que a cada artigo publicado, com foco na conserva\u00e7\u00e3o para uma \u00c1rea de Prote\u00e7\u00e3o (AP&#8217;s), estou ajudando na preserva\u00e7\u00e3o e lutando, com as minhas armas, contra o desmatamento e queimadas desenfreados que assolam nosso pa\u00eds. Isso aconteceu com o Projeto Caraj\u00e1s, que participei ativamente com v\u00e1rias publica\u00e7\u00f5es, o que contribuiu para a cria\u00e7\u00e3o, em 2017, do Parque Nacional dos Campos Ferruginosos. Mais uma \u00c1rea de Prote\u00e7\u00e3o para uma regi\u00e3o t\u00e3o amea\u00e7ada que \u00e9 a Serra dos Caraj\u00e1s.<\/p>\n\n\n\n<p style=\"font-size:18px\"><strong>Lattes: <\/strong><a href=\"https:\/\/lattes.cnpq.br\/9607157882268117\" target=\"_blank\" rel=\"noreferrer noopener\">https:\/\/lattes.cnpq.br\/9607157882268117<\/a><\/p>\n\n\n\n<p style=\"font-size:18px\"><strong>Me siga nas redes sociais:&nbsp;<\/strong><\/p>\n\n\n\n<p class=\"social-links-colored-background\" style=\"font-size:18px\">Instagram: <a href=\"https:\/\/instagram.com\/clebiananunes\" target=\"_blank\" rel=\"noreferrer noopener\">@clebiananunes<\/a><\/p>\n\n\n\n<p class=\"social-links-colored-background\" style=\"font-size:18px\">Twitter: <a href=\"https:\/\/twitter.com\/Clebiana18\" target=\"_blank\" rel=\"noreferrer noopener\">@Clebiana18<\/a>&nbsp;<\/p>\n\n\n\n<p class=\"social-links-colored-background\" style=\"font-size:18px\">Facebook: <a href=\"https:\/\/www.facebook.com\/clebiana.nunes\" data-type=\"URL\" data-id=\"https:\/\/www.facebook.com\/clebiana.nunes\" target=\"_blank\" rel=\"noreferrer noopener\">Clebiana Nunes<\/a><\/p>\n\n\n\n<div style=\"height:45px\" aria-hidden=\"true\" class=\"wp-block-spacer\"><\/div>\n\n\n\n<figure class=\"wp-block-image size-large\"><img loading=\"lazy\" decoding=\"async\" width=\"819\" height=\"1024\" src=\"https:\/\/www.greenpeace.org\/static\/planet4-brasil-stateless\/2022\/03\/b86cd591-gp_ficha_mayara-819x1024.png\" alt=\"\" class=\"wp-image-36647\" srcset=\"https:\/\/www.greenpeace.org\/static\/planet4-brasil-stateless\/2022\/03\/b86cd591-gp_ficha_mayara-819x1024.png 819w, https:\/\/www.greenpeace.org\/static\/planet4-brasil-stateless\/2022\/03\/b86cd591-gp_ficha_mayara-240x300.png 240w, https:\/\/www.greenpeace.org\/static\/planet4-brasil-stateless\/2022\/03\/b86cd591-gp_ficha_mayara-768x960.png 768w, https:\/\/www.greenpeace.org\/static\/planet4-brasil-stateless\/2022\/03\/b86cd591-gp_ficha_mayara-272x340.png 272w, https:\/\/www.greenpeace.org\/static\/planet4-brasil-stateless\/2022\/03\/b86cd591-gp_ficha_mayara.png 1080w\" sizes=\"auto, (max-width: 819px) 100vw, 819px\" \/><\/figure>\n\n\n\n<p><strong>Sobre mim:&nbsp;<\/strong><\/p>\n\n\n\n<p style=\"font-size:18px\">Estudar a flora em um dos pa\u00edses mais biodiversos do planeta j\u00e1 \u00e9 por si s\u00f3 motivador, \u00e9 muito instigante conhecer o quanto as plantas s\u00e3o adaptadas, a fun\u00e7\u00e3o de suas caracter\u00edsticas e intera\u00e7\u00e3o com outras esp\u00e9cies. No presente per\u00edodo em que a ci\u00eancia j\u00e1 nos possibilitou entender que destruir ambientes naturais gera impactos indiretos e diretos na qualidade de vida da pr\u00f3pria humanidade e que continuar desmatando poder\u00e1 nos trazer consequ\u00eancias irrevers\u00edveis, \u00e9 urgente investigar a diversidade das plantas e sua import\u00e2ncia em determinados ecossistemas.&nbsp; \u00c9 da natureza da esp\u00e9cie humana criar hip\u00f3teses e investigar, muito j\u00e1 foi conquistado atrav\u00e9s da pesquisa e fazer ci\u00eancia em um pa\u00eds com muita pobreza e desigualdades contribui para desenvolver melhores condi\u00e7\u00f5es de vida.&nbsp;<\/p>\n\n\n\n<p style=\"font-size:18px\">Eu trabalho com sistem\u00e1tica vegetal desde 2008, me interesso pelas plantas, pois elas nos oferecem qualidade no ar, clima, \u00e1gua, alimenta\u00e7\u00e3o, medicamentos e bem-estar. Desta forma conhecer e entender as rela\u00e7\u00f5es evolutivas da flora possibilita descobertas futuras de novas utilidades, proporciona a sua valoriza\u00e7\u00e3o e consequentemente sua conserva\u00e7\u00e3o, t\u00e3o necess\u00e1ria em uma \u00e9poca em que a perda da biodiversidade amea\u00e7a constantemente o planeta.<\/p>\n\n\n\n<p style=\"font-size:18px\">Dentro da sistem\u00e1tica vegetal e biogeografia eu escolhi trabalhar no doutorado com um g\u00eanero de trepadeiras lenhosas chamado Maripa (Convolvulaceae, fam\u00edlia da batata-doce), com distribui\u00e7\u00e3o quase restrita na Amaz\u00f4nia, pois apresentam padr\u00f5es de distribui\u00e7\u00e3o interessantes e lindas flores de potencial ornamental, por\u00e9m muito pouco estudadas e amostradas. Plantas trepadeiras apresentam grande diversidade nas florestas tropicais, no entanto \u00e9 um dos grupos menos conhecidos, sendo que as trepadeiras lenhosas ainda s\u00e3o dif\u00edceis de serem amostras por muitas vezes atingirem grandes alturas no interior das florestas. Al\u00e9m disso, eu objetivei contribuir com a ci\u00eancia na Amaz\u00f4nia que \u00e9 um ecossistema muito importante para a manuten\u00e7\u00e3o do clima global, onde as pesquisas sobre a biodiversidade ainda s\u00e3o escassas diante de tamanha extens\u00e3o e riquezas naturais e culturais.&nbsp;<\/p>\n\n\n\n<p style=\"font-size:18px\"><strong>Lattes:<\/strong> <a href=\"https:\/\/lattes.cnpq.br\/2621010139044999\" target=\"_blank\" rel=\"noreferrer noopener\">https:\/\/lattes.cnpq.br\/2621010139044999<\/a><\/p>\n\n\n\n<p style=\"font-size:18px\"><strong>Me siga nas redes sociais:&nbsp;<\/strong><\/p>\n\n\n\n<p class=\"social-links-colored-background\" style=\"font-size:18px\">Instagram: <a href=\"https:\/\/instagram.com\/pastorepaesmay\" target=\"_blank\" rel=\"noreferrer noopener\">https:\/\/instagram.com\/pastorepaesmay<\/a><\/p>\n\n\n\n<p class=\"social-links-colored-background\" style=\"font-size:18px\">Research Gate: <a rel=\"noreferrer noopener\" href=\"https:\/\/www.researchgate.net\/profile\/Mayara-Pastore\" target=\"_blank\">https:\/\/www.researchgate.net\/profile\/Mayara-Pastore<\/a><\/p>\n<\/div>\n\n\n\n<div class=\"wp-block-column is-layout-flow wp-block-column-is-layout-flow\">\n<figure class=\"wp-block-image size-large\"><img loading=\"lazy\" decoding=\"async\" width=\"819\" height=\"1024\" src=\"https:\/\/www.greenpeace.org\/static\/planet4-brasil-stateless\/2022\/03\/f4627556-gp_ficha_beatriz-819x1024.png\" alt=\"\" class=\"wp-image-36641\" srcset=\"https:\/\/www.greenpeace.org\/static\/planet4-brasil-stateless\/2022\/03\/f4627556-gp_ficha_beatriz-819x1024.png 819w, https:\/\/www.greenpeace.org\/static\/planet4-brasil-stateless\/2022\/03\/f4627556-gp_ficha_beatriz-240x300.png 240w, https:\/\/www.greenpeace.org\/static\/planet4-brasil-stateless\/2022\/03\/f4627556-gp_ficha_beatriz-768x960.png 768w, https:\/\/www.greenpeace.org\/static\/planet4-brasil-stateless\/2022\/03\/f4627556-gp_ficha_beatriz-272x340.png 272w, https:\/\/www.greenpeace.org\/static\/planet4-brasil-stateless\/2022\/03\/f4627556-gp_ficha_beatriz.png 1080w\" sizes=\"auto, (max-width: 819px) 100vw, 819px\" \/><\/figure>\n\n\n\n<p><strong>Sobre mim:&nbsp;<\/strong><\/p>\n\n\n\n<p style=\"font-size:18px\">O a\u00e7a\u00ed \u00e9 uma planta muito distribu\u00edda na Amaz\u00f4nia e possui uma import\u00e2ncia econ\u00f4mica e cultural na regi\u00e3o, o que torna a esp\u00e9cie um excelente substrato para a pesquisa de fungos conidiais, os quais ainda se tem poucos trabalhos realizados na Amaz\u00f4nia. A principal raz\u00e3o para a pesquisa \u00e9 incrementar o conhecimento acerca dos fungos conidiais amaz\u00f4nicos.<\/p>\n\n\n\n<p style=\"font-size:18px\">Busco trazer mais aten\u00e7\u00e3o para a pesquisa brasileira e com isso, mais incentivo do governo. Al\u00e9m de mostrar para outros pa\u00edses que mesmo com a falta de est\u00edmulo, a nossa ci\u00eancia n\u00e3o para e \u00e9 feita com muita qualidade, apesar de tudo.<\/p>\n\n\n\n<p style=\"font-size:16px\"><strong>Lattes: <\/strong><a href=\"http:\/\/lattes.cnpq.br\/4284145846990554\" target=\"_blank\" rel=\"noreferrer noopener\">https:\/\/lattes.cnpq.br\/4284145846990554<\/a><\/p>\n\n\n\n<p style=\"font-size:18px\"><strong>Me siga nas redes sociais:&nbsp;<\/strong><\/p>\n\n\n\n<p class=\"social-links-colored-background\" style=\"font-size:18px\">Instagram: <a rel=\"noreferrer noopener\" href=\"https:\/\/instagram.com\/beatriz_vaalente\" data-type=\"URL\" data-id=\"https:\/\/instagram.com\/beatriz_vaalente\" target=\"_blank\">@beatriz_vaalente<\/a><\/p>\n\n\n\n<p class=\"social-links-colored-background\" style=\"font-size:18px\">Linkedin: <a href=\"https:\/\/www.linkedin.com\/in\/beatriz-valente-miglio-06\/\" data-type=\"URL\" data-id=\"https:\/\/www.linkedin.com\/in\/beatriz-valente-miglio-06\/\" target=\"_blank\" rel=\"noreferrer noopener\">Beatriz Valente Miglio<\/a><\/p>\n\n\n\n<div style=\"height:35px\" aria-hidden=\"true\" class=\"wp-block-spacer\"><\/div>\n\n\n\n<figure class=\"wp-block-image size-large\"><img loading=\"lazy\" decoding=\"async\" width=\"819\" height=\"1024\" src=\"https:\/\/www.greenpeace.org\/static\/planet4-brasil-stateless\/2022\/03\/e9a51d32-gp_ficha_priscila-819x1024.png\" alt=\"\" class=\"wp-image-36644\" srcset=\"https:\/\/www.greenpeace.org\/static\/planet4-brasil-stateless\/2022\/03\/e9a51d32-gp_ficha_priscila-819x1024.png 819w, https:\/\/www.greenpeace.org\/static\/planet4-brasil-stateless\/2022\/03\/e9a51d32-gp_ficha_priscila-240x300.png 240w, https:\/\/www.greenpeace.org\/static\/planet4-brasil-stateless\/2022\/03\/e9a51d32-gp_ficha_priscila-768x960.png 768w, https:\/\/www.greenpeace.org\/static\/planet4-brasil-stateless\/2022\/03\/e9a51d32-gp_ficha_priscila-272x340.png 272w, https:\/\/www.greenpeace.org\/static\/planet4-brasil-stateless\/2022\/03\/e9a51d32-gp_ficha_priscila.png 1080w\" sizes=\"auto, (max-width: 819px) 100vw, 819px\" \/><\/figure>\n\n\n\n<p style=\"font-size:18px\"><strong>Sobre mim:&nbsp;<\/strong><\/p>\n\n\n\n<p style=\"font-size:18px\">H\u00e1 onze anos cheguei na Amaz\u00f4nia para fazer meu mestrado. N\u00e3o tinha no\u00e7\u00e3o da dimens\u00e3o desse bioma e nem das diversas possibilidades de pesquisa na qual poderia desenvolver meu projeto. Por sorte acabei me encaminhando para o laborat\u00f3rio de ecologia vegetal coordenado pela Dra. Fl\u00e1via Costa. Na \u00e9poca tive a oportunidade de trabalhar em uma \u00e1rea in\u00f3spita da floresta Amaz\u00f4nica pouco conhecida, o Interfl\u00favio Purus-Madeira, onde realizei um levantamento flor\u00edstico de \u00e1rvores em 22 hectares.Durante todo o processo de coleta e identifica\u00e7\u00e3o das amostras bot\u00e2nica contei com a ajuda de auxiliares de campo que me ensinaram muito sobre a diversidade dessa floresta.&nbsp;<\/p>\n\n\n\n<p style=\"font-size:18px\">Dentre as esp\u00e9cies de \u00e1rvores que mais me fascinaram naquele momento foram as da fam\u00edlia Lecythidaceae, fam\u00edlia da castanha do Brasil, que sempre se mostrava imponente nas matas e muitas vezes resistentes ao desmatamento e seguindo firme em meio a pastos e queimadas. Enquanto identificava o material bot\u00e2nico coletado algumas d\u00favidas come\u00e7aram a surgir em rela\u00e7\u00e3o a delimita\u00e7\u00e3o de esp\u00e9cies, como algumas esp\u00e9cies eram t\u00e3o parecidas e tamb\u00e9m surgiu a curiosidade de saber quais caminhos levaram a Amaz\u00f4nia a ter a maior biodiversidade do planeta.&nbsp;<\/p>\n\n\n\n<p style=\"font-size:18px\">A partir de ent\u00e3o fiquei intrigada e comecei a estudar mais sobre a esp\u00e9cie e descobri que as florestas tropicais possuem complexos de esp\u00e9cies escondidas dentro de uma \u00fanica nomenclatura de esp\u00e9cie, ou seja, temos muita diversidade ainda escondida nesses complexos. Ent\u00e3o decidi entrar no doutorado para tentar desvendar essa esp\u00e9cie que \u00e9 a mais abundante em toda bacia Amaz\u00f4nica e me apaixonei mais ainda pela fam\u00edlia Lecythidaceae.&nbsp;&nbsp;&nbsp;&nbsp;&nbsp;&nbsp;&nbsp;<\/p>\n\n\n\n<p style=\"font-size:18px\"><strong>Lattes:<\/strong> <a href=\"https:\/\/lattes.cnpq.br\/7765128988310467\" target=\"_blank\" rel=\"noreferrer noopener\">https:\/\/lattes.cnpq.br\/7765128988310467<\/a><\/p>\n<\/div>\n\n\n\n<div class=\"wp-block-column is-layout-flow wp-block-column-is-layout-flow\">\n<figure class=\"wp-block-image size-large\"><img loading=\"lazy\" decoding=\"async\" width=\"819\" height=\"1024\" src=\"https:\/\/www.greenpeace.org\/static\/planet4-brasil-stateless\/2022\/03\/b3c0ae94-gp_ficha_fabiana-819x1024.png\" alt=\"\" class=\"wp-image-36642\" srcset=\"https:\/\/www.greenpeace.org\/static\/planet4-brasil-stateless\/2022\/03\/b3c0ae94-gp_ficha_fabiana-819x1024.png 819w, https:\/\/www.greenpeace.org\/static\/planet4-brasil-stateless\/2022\/03\/b3c0ae94-gp_ficha_fabiana-240x300.png 240w, https:\/\/www.greenpeace.org\/static\/planet4-brasil-stateless\/2022\/03\/b3c0ae94-gp_ficha_fabiana-768x960.png 768w, https:\/\/www.greenpeace.org\/static\/planet4-brasil-stateless\/2022\/03\/b3c0ae94-gp_ficha_fabiana-272x340.png 272w, https:\/\/www.greenpeace.org\/static\/planet4-brasil-stateless\/2022\/03\/b3c0ae94-gp_ficha_fabiana.png 1080w\" sizes=\"auto, (max-width: 819px) 100vw, 819px\" \/><\/figure>\n\n\n\n<p style=\"font-size:18px\"><strong>Sobre mim:&nbsp;<\/strong><\/p>\n\n\n\n<p style=\"font-size:18px\">Decidi seguir este foco em minha pesquisa, porque os fungos liquenizados apresentam diversas \u00e1reas de an\u00e1lise: s\u00e3o indicadores ambientais, indicadores da qualidade do ar, produzem subst\u00e2ncias com atividade biol\u00f3gica para as mais diferentes \u00e1reas, s\u00e3o cosmopolitas, s\u00e3o pioneiros nos processos de sucess\u00e3o ecol\u00f3gica, entre outros.<\/p>\n\n\n\n<p style=\"font-size:18px\">Alguns dos maiores desafios para fazer ci\u00eancia hoje s\u00e3o a falta de apoio financeiro e o atual \u201cnegacionismo\u201d cient\u00edfico. Mas tudo o que j\u00e1 foi constru\u00eddo e conquistado a partir da Ci\u00eancia me motiva a continuar pesquisando.&nbsp;&nbsp;<\/p>\n\n\n\n<p style=\"font-size:18px\"><strong>Lattes:<\/strong> <a href=\"https:\/\/lattes.cnpq.br\/9791088462136817\" target=\"_blank\" rel=\"noreferrer noopener\">https:\/\/lattes.cnpq.br\/9791088462136817<\/a><\/p>\n\n\n\n<p style=\"font-size:18px\"><strong>Me siga nas redes sociais:<\/strong><\/p>\n\n\n\n<p class=\"social-links-colored-background\" style=\"font-size:18px\">Facebook: <a href=\"https:\/\/www.facebook.com\/fabiana.ciecoski\" target=\"_blank\" rel=\"noreferrer noopener\">https:\/\/www.facebook.com\/fabiana.ciecoski<\/a>;<\/p>\n\n\n\n<p class=\"social-links-colored-background\" style=\"font-size:18px\">Instagram: <a href=\"https:\/\/instagram.com\/fabianaciecoski7\" target=\"_blank\" rel=\"noreferrer noopener\">@fabianaciecoski7<\/a><\/p>\n\n\n\n<p class=\"social-links-colored-background\" style=\"font-size:18px\">Twitter: <a href=\"https:\/\/twitter.com\/FCiecoski\" target=\"_blank\" rel=\"noreferrer noopener\">@FCiecoski<\/a><\/p>\n\n\n\n<div style=\"height:52px\" aria-hidden=\"true\" class=\"wp-block-spacer\"><\/div>\n\n\n\n<figure class=\"wp-block-image size-large\"><img loading=\"lazy\" decoding=\"async\" width=\"819\" height=\"1024\" src=\"https:\/\/www.greenpeace.org\/static\/planet4-brasil-stateless\/2022\/03\/8b792482-gp_ficha_cassiane-819x1024.png\" alt=\"\" class=\"wp-image-36645\" srcset=\"https:\/\/www.greenpeace.org\/static\/planet4-brasil-stateless\/2022\/03\/8b792482-gp_ficha_cassiane-819x1024.png 819w, https:\/\/www.greenpeace.org\/static\/planet4-brasil-stateless\/2022\/03\/8b792482-gp_ficha_cassiane-240x300.png 240w, https:\/\/www.greenpeace.org\/static\/planet4-brasil-stateless\/2022\/03\/8b792482-gp_ficha_cassiane-768x960.png 768w, https:\/\/www.greenpeace.org\/static\/planet4-brasil-stateless\/2022\/03\/8b792482-gp_ficha_cassiane-272x340.png 272w, https:\/\/www.greenpeace.org\/static\/planet4-brasil-stateless\/2022\/03\/8b792482-gp_ficha_cassiane.png 1080w\" sizes=\"auto, (max-width: 819px) 100vw, 819px\" \/><\/figure>\n\n\n\n<p><strong>Sobre mim:&nbsp;<\/strong><\/p>\n\n\n\n<p style=\"font-size:18px\">Sou apaixonada por bot\u00e2nica desde o ensino m\u00e9dio, onde em uma escola p\u00fablica do estado de Rond\u00f4nia, uma professora de biologia me inspirou com a proposta e realiza\u00e7\u00e3o de uma feira de plantas medicinais. A partir desse momento o meu encantamento pelas plantas come\u00e7ou, aos poucos fui buscando conhecimento e me encantei pelo fato de saber que o Brasil \u00e9 o pa\u00eds mais diverso do mundo, com muitas esp\u00e9cies de plantas em seus ricos biomas. Portanto, essa \u00e9 minha maior motiva\u00e7\u00e3o: morar em um Pa\u00eds que abriga o maior n\u00famero de plantas e pensar que talvez em um dia, eu possa motivar um aluno na mesma rede p\u00fablica, onde o acesso a tecnologias ainda \u00e9 escasso, a querer ser pesquisador, da mesma forma que eu fui motivada.<\/p>\n\n\n\n<p style=\"font-size:18px\">A Amaz\u00f4nia Maranhense \u00e9 uma \u00e1rea que sofre constantemente com a perda de seus habitats naturais. S\u00e3o parcos os estudos com as esp\u00e9cies vegetais nesta \u00e1rea, e os desafios encontrados na conserva\u00e7\u00e3o dessa \u00e1rea que abriga cerca de 26% da biodiversidade da Amaz\u00f4nia s\u00e3o in\u00fameros. Por toda essa relev\u00e2ncia, decidi realizar estudos flor\u00edsticos e taxon\u00f4micos nesta regi\u00e3o. Outra grande motiva\u00e7\u00e3o \u00e9 o fato que trabalhos deste cunho podem subsidiar a\u00e7\u00f5es de conserva\u00e7\u00e3o, manejo e recupera\u00e7\u00e3o desses locais.&nbsp;<\/p>\n\n\n\n<p style=\"font-size:18px\"><strong>Lattes: <\/strong><a rel=\"noreferrer noopener\" href=\"https:\/\/lattes.cnpq.br\/0030428408042353\" target=\"_blank\">https:\/\/lattes.cnpq.br\/0030428408042353<\/a><\/p>\n\n\n\n<p><strong>Me siga nas redes sociais:<\/strong><\/p>\n\n\n\n<p class=\"social-links-colored-background\" style=\"font-size:18px\">Linkedin: <a href=\"https:\/\/www.linkedin.com\/in\/cassiane-barroso-dos-anjos-17972916b\/\" target=\"_blank\" rel=\"noreferrer noopener\">https:\/\/www.linkedin.com\/in\/cassiane-barroso-dos-anjos-17972916b\/<\/a><\/p>\n<\/div>\n<\/div>\n\n<div class=\"wp-block-buttons is-content-justification-center is-layout-flex wp-container-core-buttons-is-layout-16018d1d wp-block-buttons-is-layout-flex\">\n<div class=\"wp-block-button is-style-secondary\"><a class=\"wp-block-button__link\" href=\"\/brasil\/conheca-a-biodiversidade-da-amazonia-atraves-do-olhar-de-cientistas\">P\u00e1gina anterior<\/a><\/div>\n<\/div>\n\n<p><\/p>\n","protected":false},"excerpt":{"rendered":"<p>Conhe\u00e7a a biodiversidade da Amaz\u00f4nia atrav\u00e9s do olhar de cientistas Pesquisadores de Bot\u00e2nica<\/p>\n","protected":false},"author":102,"featured_media":0,"parent":36350,"menu_order":0,"comment_status":"closed","ping_status":"closed","template":"","meta":{"ep_exclude_from_search":false,"p4_hide_page_title_checkbox":"","p4_title":"","p4_subtitle":"","p4_description":"","background_image_id":"","background_image":"","p4_button_title":"","p4_button_link":"","p4_button_link_checkbox":"","p4_og_title":"","p4_og_description":"","p4_og_image":"","p4_og_image_id":"","p4_seo_canonical_url":"","p4_campaign_name":"not set","p4_local_project":"not set","p4_basket_name":"not set","p4_department":"","footnotes":""},"categories":[3],"tags":[],"class_list":["post-36729","page","type-page","status-publish","hentry","category-proteja-a-natureza"],"_links":{"self":[{"href":"https:\/\/www.greenpeace.org\/brasil\/wp-json\/wp\/v2\/pages\/36729","targetHints":{"allow":["GET"]}}],"collection":[{"href":"https:\/\/www.greenpeace.org\/brasil\/wp-json\/wp\/v2\/pages"}],"about":[{"href":"https:\/\/www.greenpeace.org\/brasil\/wp-json\/wp\/v2\/types\/page"}],"author":[{"embeddable":true,"href":"https:\/\/www.greenpeace.org\/brasil\/wp-json\/wp\/v2\/users\/102"}],"replies":[{"embeddable":true,"href":"https:\/\/www.greenpeace.org\/brasil\/wp-json\/wp\/v2\/comments?post=36729"}],"version-history":[{"count":15,"href":"https:\/\/www.greenpeace.org\/brasil\/wp-json\/wp\/v2\/pages\/36729\/revisions"}],"predecessor-version":[{"id":36779,"href":"https:\/\/www.greenpeace.org\/brasil\/wp-json\/wp\/v2\/pages\/36729\/revisions\/36779"}],"up":[{"embeddable":true,"href":"https:\/\/www.greenpeace.org\/brasil\/wp-json\/wp\/v2\/pages\/36350"}],"wp:attachment":[{"href":"https:\/\/www.greenpeace.org\/brasil\/wp-json\/wp\/v2\/media?parent=36729"}],"wp:term":[{"taxonomy":"category","embeddable":true,"href":"https:\/\/www.greenpeace.org\/brasil\/wp-json\/wp\/v2\/categories?post=36729"},{"taxonomy":"post_tag","embeddable":true,"href":"https:\/\/www.greenpeace.org\/brasil\/wp-json\/wp\/v2\/tags?post=36729"}],"curies":[{"name":"wp","href":"https:\/\/api.w.org\/{rel}","templated":true}]}}