{"id":36745,"date":"2022-04-04T14:49:33","date_gmt":"2022-04-04T17:49:33","guid":{"rendered":"https:\/\/www.greenpeace.org\/brasil\/?page_id=36745"},"modified":"2022-04-11T15:48:44","modified_gmt":"2022-04-11T18:48:44","slug":"vertebrados","status":"publish","type":"page","link":"https:\/\/www.greenpeace.org\/brasil\/conheca-a-biodiversidade-da-amazonia-atraves-do-olhar-de-cientistas\/vertebrados\/","title":{"rendered":"Vertebrados"},"content":{"rendered":"\n<style>body,html { background-color:#fae9bd; } body p { font-size: 18px; } .page-header-title { display:none; } h2 { font-size:1.8rem; } .skewed-overlay { display:none !important;} .page-header { padding-bottom:0; } .wp-video { width:70% !important; height: auto !important; margin:0 15% 2rem !important; display:inline-block; } #mep_0 { width:100% !important; height:auto; } .social-links-colored-background { background-color: #f36b35; } .social-links-colored-background a { color:#000 } @media (max-width: 800px) { .view-nomobile { display: none !important; } .view-mobile { display: inherit !important; } } @media (min-width: 801px) { .view-nomobile { display: inherit !important; } .view-mobile { display: none !important; } }<\/style>\n\n<h1 class=\"has-text-align-center wp-block-heading\">Conhe\u00e7a a biodiversidade da Amaz\u00f4nia atrav\u00e9s do olhar de cientistas<\/h1>\n\n<h2 class=\"has-text-align-center wp-block-heading\">Pesquisadores de Vertebrados<\/h2>\n\n<div class=\"wp-block-columns is-layout-flex wp-container-core-columns-is-layout-9d6595d7 wp-block-columns-is-layout-flex\">\n<div class=\"wp-block-column is-layout-flow wp-block-column-is-layout-flow\">\n<figure class=\"wp-block-image size-large\"><img loading=\"lazy\" decoding=\"async\" width=\"819\" height=\"1024\" src=\"https:\/\/www.greenpeace.org\/static\/planet4-brasil-stateless\/2022\/03\/3ae3e0ae-gp_ficha_alexander-819x1024.png\" alt=\"\" class=\"wp-image-36637\" srcset=\"https:\/\/www.greenpeace.org\/static\/planet4-brasil-stateless\/2022\/03\/3ae3e0ae-gp_ficha_alexander-819x1024.png 819w, https:\/\/www.greenpeace.org\/static\/planet4-brasil-stateless\/2022\/03\/3ae3e0ae-gp_ficha_alexander-240x300.png 240w, https:\/\/www.greenpeace.org\/static\/planet4-brasil-stateless\/2022\/03\/3ae3e0ae-gp_ficha_alexander-768x960.png 768w, https:\/\/www.greenpeace.org\/static\/planet4-brasil-stateless\/2022\/03\/3ae3e0ae-gp_ficha_alexander-272x340.png 272w, https:\/\/www.greenpeace.org\/static\/planet4-brasil-stateless\/2022\/03\/3ae3e0ae-gp_ficha_alexander.png 1080w\" sizes=\"auto, (max-width: 819px) 100vw, 819px\" \/><\/figure>\n\n\n\n<p><strong>Sobre mim:&nbsp;<\/strong><\/p>\n\n\n\n<p>Sempre digo que nasci bi\u00f3logo, desde crian\u00e7a, nunca pensei em outra profiss\u00e3o. No meio do caminho para a formaliza\u00e7\u00e3o da profiss\u00e3o (em busca do diploma mesmo) eu esbarrei em um apaixonante grupo de pequenos animais: os anf\u00edbios (que compreendem aos sapos, r\u00e3s, pererecas, salamandras e cec\u00edlias). Olhar atentamente as esp\u00e9cies, observar suas caracter\u00edsticas, tanto morfol\u00f3gicas quanto ecol\u00f3gicas, sempre me gerou muito fasc\u00ednio.&nbsp;<\/p>\n\n\n\n<p>Eu nasci no estado do Esp\u00edrito Santo e conclu\u00ed a gradua\u00e7\u00e3o e o mestrado por l\u00e1. Por\u00e9m, meu cora\u00e7\u00e3o sempre me dizia que eu precisava &#8220;viver a Amaz\u00f4nia&#8221;. E quando se \u00e9 bi\u00f3logo, a Amaz\u00f4nia \u00e9 um sonho. Quando se \u00e9 um bi\u00f3logo que estuda sapos, esse sonho se multiplica por mil, porque \u00e9 na Amaz\u00f4nia que os anf\u00edbios mais coloridos e enigm\u00e1ticos surgem.<\/p>\n\n\n\n<p>E foi assim que juntei dois sonhos: (1) estudar e buscar por novas esp\u00e9cies de anf\u00edbios e (2) &#8220;viver a Amaz\u00f4nia&#8221;. Vi no INPA a oportunidade de estar em uma institui\u00e7\u00e3o de prest\u00edgio internacional e ser orientado (e acompanhar o trabalho) pela maior especialista de anf\u00edbios amaz\u00f4nicos.&nbsp;<\/p>\n\n\n\n<p>Hoje, associo ecologia e evolu\u00e7\u00e3o para entender como esp\u00e9cies t\u00e3o parecidas se diversificaram, quais s\u00e3o as diferen\u00e7as entre elas e, de certa forma, junto argumentos para apresentar as novas esp\u00e9cies \u00e0 ci\u00eancia e a sociedade.<\/p>\n\n\n\n<p>A pesquisa, apesar de n\u00e3o ser valorizada como merece, \u00e9 o que move um cientista curioso. A busca incessante, o desvendar de fen\u00f4menos, o entendimento de padr\u00f5es. Tudo isso poderia ser citado por qualquer pesquisador no mundo. Nada \u00e9 mais puro e alegre do que ver um coro de sapos em uma noite de chuva. Eu estudo os anf\u00edbios por eles e para eles. Luto para me manter na pesquisa, tentando gerar dados que sirvam de subs\u00eddios para que a\u00e7\u00f5es de preserva\u00e7\u00e3o aconte\u00e7am, para os anf\u00edbios e para a floresta (como a Amaz\u00f4nia, nesse caso).<\/p>\n\n\n\n<p><strong>Lattes:<\/strong> <a href=\"https:\/\/lattes.cnpq.br\/2328561954462445\" target=\"_blank\" rel=\"noreferrer noopener\">https:\/\/lattes.cnpq.br\/2328561954462445<\/a><\/p>\n<\/div>\n\n\n\n<div class=\"wp-block-column is-layout-flow wp-block-column-is-layout-flow\">\n<figure class=\"wp-block-image size-large\"><img loading=\"lazy\" decoding=\"async\" width=\"819\" height=\"1024\" src=\"https:\/\/www.greenpeace.org\/static\/planet4-brasil-stateless\/2022\/03\/3052d31b-gp_ficha_isaac-819x1024.png\" alt=\"\" class=\"wp-image-36638\" srcset=\"https:\/\/www.greenpeace.org\/static\/planet4-brasil-stateless\/2022\/03\/3052d31b-gp_ficha_isaac-819x1024.png 819w, https:\/\/www.greenpeace.org\/static\/planet4-brasil-stateless\/2022\/03\/3052d31b-gp_ficha_isaac-240x300.png 240w, https:\/\/www.greenpeace.org\/static\/planet4-brasil-stateless\/2022\/03\/3052d31b-gp_ficha_isaac-768x960.png 768w, https:\/\/www.greenpeace.org\/static\/planet4-brasil-stateless\/2022\/03\/3052d31b-gp_ficha_isaac-272x340.png 272w, https:\/\/www.greenpeace.org\/static\/planet4-brasil-stateless\/2022\/03\/3052d31b-gp_ficha_isaac.png 1080w\" sizes=\"auto, (max-width: 819px) 100vw, 819px\" \/><\/figure>\n\n\n\n<p><strong>Sobre mim:&nbsp;<\/strong><\/p>\n\n\n\n<p style=\"font-size:18px\">Eu fa\u00e7o pesquisa porque acredito que devemos nos empenhar para conhecer a real diversidade das esp\u00e9cies, bem como a sua \u00e1rea de vida, acredito que devemos mostrar o qu\u00e3o importante \u00e9 lutar para preservar as esp\u00e9cies.<\/p>\n\n\n\n<p style=\"font-size:18px\">O que me motiva \u00e9 o amor pela vida e pelo conhecimento, acredito que os trabalhos feitos agora v\u00e3o ajudar na preserva\u00e7\u00e3o das esp\u00e9cies no futuro, tamb\u00e9m acredito que isso vai agregar no conhecimento das futuras gera\u00e7\u00f5es.<\/p>\n\n\n\n<p style=\"font-size:18px\">Mas para muitos estudantes faltam recursos para que possam se manter, (aluguel, comida, etc), e a incerteza da manuten\u00e7\u00e3o das bolsas (muitos estudantes que inicialmente conseguiram bolsas t\u00eam elas cortadas), \u00e9 o que desestimula muitos a continuar na \u00e1rea da pesquisa.<\/p>\n\n\n\n<p style=\"font-size:18px\"><strong>Lattes:<\/strong> <a href=\"https:\/\/lattes.cnpq.br\/5342432989691425\" target=\"_blank\" rel=\"noreferrer noopener\">https:\/\/lattes.cnpq.br\/5342432989691425<\/a><\/p>\n\n\n\n<div style=\"height:50px\" aria-hidden=\"true\" class=\"wp-block-spacer\"><\/div>\n\n\n\n<figure class=\"wp-block-image size-large\"><img loading=\"lazy\" decoding=\"async\" width=\"819\" height=\"1024\" src=\"https:\/\/www.greenpeace.org\/static\/planet4-brasil-stateless\/2022\/03\/80b621de-gp_ficha_pamela-819x1024.png\" alt=\"\" class=\"wp-image-36640\" srcset=\"https:\/\/www.greenpeace.org\/static\/planet4-brasil-stateless\/2022\/03\/80b621de-gp_ficha_pamela-819x1024.png 819w, https:\/\/www.greenpeace.org\/static\/planet4-brasil-stateless\/2022\/03\/80b621de-gp_ficha_pamela-240x300.png 240w, https:\/\/www.greenpeace.org\/static\/planet4-brasil-stateless\/2022\/03\/80b621de-gp_ficha_pamela-768x960.png 768w, https:\/\/www.greenpeace.org\/static\/planet4-brasil-stateless\/2022\/03\/80b621de-gp_ficha_pamela-272x340.png 272w, https:\/\/www.greenpeace.org\/static\/planet4-brasil-stateless\/2022\/03\/80b621de-gp_ficha_pamela.png 1080w\" sizes=\"auto, (max-width: 819px) 100vw, 819px\" \/><\/figure>\n\n\n\n<p>No Peru temos muitas esp\u00e9cies que podem ser consideradas &#8220;fantasmas&#8221; porque s\u00e3o conhecidas apenas pelo hol\u00f3tipo ou menos de cinco amostras em cole\u00e7\u00f5es cient\u00edficas. Uma dessas esp\u00e9cies \u00e9 o roedor Mesomys leniceps, esta esp\u00e9cie foi coletada em 1926 e posteriormente n\u00e3o temos mais informa\u00e7\u00f5es sobre ela. Essa falta de informa\u00e7\u00e3o me motiva a iniciar esta investiga\u00e7\u00e3o.&nbsp;<\/p>\n\n\n\n<p>Bem, sou peruana e aqui temos poucos recursos para pesquisa b\u00e1sica e, para mim, o Brasil foi a porta que me permitiu continuar com meus objetivos de cientista. No tempo que eu estive no Brasil, vi que pouco a pouco o desafio vai agora no mesmo caminho que no Peru: basicamente o corte de bolsas e financiamento de projetos que viabilizem a forma\u00e7\u00e3o acad\u00eamica.&nbsp;<\/p>\n\n\n\n<p>O Brasil tem uma biodiversidade incr\u00edvel, muitas esp\u00e9cies ainda n\u00e3o descritas e muitos lugares que ainda n\u00e3o foram amostrados, essa \u00e9 minha principal motiva\u00e7\u00e3o para pesquisar n\u00e3o s\u00f3 no Brasil, mas tamb\u00e9m no Peru.&nbsp;<\/p>\n\n\n\n<p><strong>Lattes:&nbsp;<\/strong><\/p>\n\n\n\n<p><strong>Me siga nas redes sociais:&nbsp;<\/strong><\/p>\n\n\n\n<p class=\"social-links-colored-background\">Twitter: <a href=\"https:\/\/twitter.com\/psvbio\" data-type=\"URL\" data-id=\"https:\/\/twitter.com\/psvbio\">twitter.com\/psvbio<\/a><\/p>\n<\/div>\n\n\n\n<div class=\"wp-block-column is-layout-flow wp-block-column-is-layout-flow\">\n<figure class=\"wp-block-image size-large\"><img loading=\"lazy\" decoding=\"async\" width=\"819\" height=\"1024\" src=\"https:\/\/www.greenpeace.org\/static\/planet4-brasil-stateless\/2022\/03\/4cd9e44d-gp_ficha_natalia-819x1024.png\" alt=\"\" class=\"wp-image-36639\" srcset=\"https:\/\/www.greenpeace.org\/static\/planet4-brasil-stateless\/2022\/03\/4cd9e44d-gp_ficha_natalia-819x1024.png 819w, https:\/\/www.greenpeace.org\/static\/planet4-brasil-stateless\/2022\/03\/4cd9e44d-gp_ficha_natalia-240x300.png 240w, https:\/\/www.greenpeace.org\/static\/planet4-brasil-stateless\/2022\/03\/4cd9e44d-gp_ficha_natalia-768x960.png 768w, https:\/\/www.greenpeace.org\/static\/planet4-brasil-stateless\/2022\/03\/4cd9e44d-gp_ficha_natalia-272x340.png 272w, https:\/\/www.greenpeace.org\/static\/planet4-brasil-stateless\/2022\/03\/4cd9e44d-gp_ficha_natalia.png 1080w\" sizes=\"auto, (max-width: 819px) 100vw, 819px\" \/><\/figure>\n\n\n\n<p><strong>Sobre mim:&nbsp;<\/strong><\/p>\n\n\n\n<p>Na atualidade, considerando o cen\u00e1rio, qualquer pesquisador \u00e9 movido pelo amor que tem \u00e0 ci\u00eancia. Esta com certeza \u00e9 uma das minhas principais motiva\u00e7\u00f5es.&nbsp;<\/p>\n\n\n\n<p>Estamos vivendo tempos em que a ci\u00eancia est\u00e1 passando por um processo gradual de desvaloriza\u00e7\u00e3o e desmonte. Sem d\u00favida, penso que estamos vivendo um per\u00edodo de retrocesso com agravante do cen\u00e1rio de pandemia, dificultando ainda mais o trabalho do pesquisador.<\/p>\n\n\n\n<p>O g\u00eanero Anableps (&#8220;Tralhoto&#8221;), que \u00e9 o foco da minha pesquisa, \u00e9 uma figura marcante do cotidiano nos estu\u00e1rios amaz\u00f4nicos mas, ao mesmo tempo, pouco estudado da perspectiva da sistem\u00e1tica integrativa. Ent\u00e3o ao escolher esse tema, busco dar mais um passo para o conhecimento da diversidade desse g\u00eanero t\u00e3o famoso e emblem\u00e1tico.&nbsp;&nbsp;&nbsp;&nbsp;<\/p>\n\n\n\n<div style=\"height:43px\" aria-hidden=\"true\" class=\"wp-block-spacer\"><\/div>\n\n\n\n<p><strong>Lattes: <\/strong><a href=\"https:\/\/lattes.cnpq.br\/0373750485264451\" target=\"_blank\" rel=\"noreferrer noopener\">https:\/\/lattes.cnpq.br\/0373750485264451<\/a><\/p>\n\n\n\n<p><strong>Me siga nas redes sociais:&nbsp;<\/strong><\/p>\n\n\n\n<p class=\"social-links-colored-background\">Instagram: <a href=\"https:\/\/instagram.com\/natalia.lameira\" target=\"_blank\" rel=\"noreferrer noopener\">@natalia.lameira<\/a><\/p>\n\n\n\n<p class=\"social-links-colored-background\">Facebook: <a href=\"https:\/\/www.facebook.com\/natalia.lameira\" data-type=\"URL\" data-id=\"https:\/\/www.facebook.com\/natalia.lameira\" target=\"_blank\" rel=\"noreferrer noopener\">Natalia Lameira&nbsp;<\/a><\/p>\n<\/div>\n<\/div>\n\n<div class=\"wp-block-buttons is-content-justification-center is-layout-flex wp-container-core-buttons-is-layout-16018d1d wp-block-buttons-is-layout-flex\">\n<div class=\"wp-block-button is-style-secondary\"><a class=\"wp-block-button__link\" href=\"\/brasil\/conheca-a-biodiversidade-da-amazonia-atraves-do-olhar-de-cientistas\">P\u00e1gina anterior<\/a><\/div>\n<\/div>\n\n<p><\/p>\n","protected":false},"excerpt":{"rendered":"<p>Conhe\u00e7a a biodiversidade da Amaz\u00f4nia atrav\u00e9s do olhar de cientistas Pesquisadores de Vertebrados<\/p>\n","protected":false},"author":102,"featured_media":0,"parent":36350,"menu_order":0,"comment_status":"closed","ping_status":"closed","template":"","meta":{"ep_exclude_from_search":false,"p4_hide_page_title_checkbox":"","p4_title":"","p4_subtitle":"","p4_description":"","background_image_id":"","background_image":"","p4_button_title":"","p4_button_link":"","p4_button_link_checkbox":"","p4_og_title":"","p4_og_description":"","p4_og_image":"","p4_og_image_id":"","p4_seo_canonical_url":"","p4_campaign_name":"not set","p4_local_project":"not set","p4_basket_name":"not set","p4_department":"","footnotes":""},"categories":[3],"tags":[],"class_list":["post-36745","page","type-page","status-publish","hentry","category-proteja-a-natureza"],"_links":{"self":[{"href":"https:\/\/www.greenpeace.org\/brasil\/wp-json\/wp\/v2\/pages\/36745","targetHints":{"allow":["GET"]}}],"collection":[{"href":"https:\/\/www.greenpeace.org\/brasil\/wp-json\/wp\/v2\/pages"}],"about":[{"href":"https:\/\/www.greenpeace.org\/brasil\/wp-json\/wp\/v2\/types\/page"}],"author":[{"embeddable":true,"href":"https:\/\/www.greenpeace.org\/brasil\/wp-json\/wp\/v2\/users\/102"}],"replies":[{"embeddable":true,"href":"https:\/\/www.greenpeace.org\/brasil\/wp-json\/wp\/v2\/comments?post=36745"}],"version-history":[{"count":4,"href":"https:\/\/www.greenpeace.org\/brasil\/wp-json\/wp\/v2\/pages\/36745\/revisions"}],"predecessor-version":[{"id":36787,"href":"https:\/\/www.greenpeace.org\/brasil\/wp-json\/wp\/v2\/pages\/36745\/revisions\/36787"}],"up":[{"embeddable":true,"href":"https:\/\/www.greenpeace.org\/brasil\/wp-json\/wp\/v2\/pages\/36350"}],"wp:attachment":[{"href":"https:\/\/www.greenpeace.org\/brasil\/wp-json\/wp\/v2\/media?parent=36745"}],"wp:term":[{"taxonomy":"category","embeddable":true,"href":"https:\/\/www.greenpeace.org\/brasil\/wp-json\/wp\/v2\/categories?post=36745"},{"taxonomy":"post_tag","embeddable":true,"href":"https:\/\/www.greenpeace.org\/brasil\/wp-json\/wp\/v2\/tags?post=36745"}],"curies":[{"name":"wp","href":"https:\/\/api.w.org\/{rel}","templated":true}]}}