{"id":38739,"date":"2018-07-05T00:34:13","date_gmt":"2018-07-05T03:34:13","guid":{"rendered":"https:\/\/www.greenpeace.org\/brasil\/?page_id=317"},"modified":"2025-09-30T17:31:35","modified_gmt":"2025-09-30T20:31:35","slug":"fale-conosco","status":"publish","type":"page","link":"https:\/\/www.greenpeace.org\/brasil\/fale-conosco\/","title":{"rendered":"Fale conosco"},"content":{"rendered":"\n<style>\n            .donate-card {\n                width: 100vw;\n                display: none;\n                background-color: #fff;\n                margin-top: 60px;\n            }\n            #card-close {\n                margin-right: 5px;\n            }\n\n            @media (max-width: 767px) {\n                \/* Styles for mobile devices *\/\n                .donate-card {\n                    display: block;\n                    \/* Show the card on mobile devices *\/\n                }\n\n                #nav-mobile {\n                    \/* Hide the mobile menu by default *\/\n                    display: none;\n                }\n\n                #nav-mobile.show {\n                    display: flex;\n                    \/* Show the mobile menu when \"show\" class is added *\/\n                }\n            }\n\n            .donate-card-body {\n                display: flex;\n                justify-content: space-between;\n            }\n\n            .donate-card-text {\n                font-size: 16px;\n                margin: 0;\n                padding: 2em !important;\n                font-family: Roboto;\n                color: #000;\n            }\n\n            .donate-btn-group {\n                display: flex;\n                align-items: center;\n            }\n\n            .donate-btn {\n                margin-right: 10px;\n            }\n\n            .donate-close-button {\n                background-color: transparent;\n                border: none;\n                cursor: pointer;\n                font-size: 10px;\n               \/\/ margin-right: 15px;\n                padding-right: 0;\n              \/\/  margin-left: 10px;\n                padding-bottom: 85px;\n                color: #000;\n            }\n\n            #gpbr-mobile-donate-button-mvp {\n                min-width: 137px;\n            }\n            @media (max-width: 991px) {\n                .with-mobile-tabs~:not(.page-header)+.page-content {\n                    padding-top: 0px !important;\n                }\n\n                 .page-content.no-page-title {\n                    padding-top: 0px !important;\n                }\n            }\n            @media screen and (min-device-width: 360px) and (max-device-width: 740px) {\n                 .donate-card-text {\n                    padding: 1.1em;\n                 }\n \n                    \n       } \n        \n\n\n\n        <\/style>\n        <script>\n            document.addEventListener(\"DOMContentLoaded\", function () {\n                var closeButton = document.querySelector(\".donate-close-button\");\n                var donateCard = document.querySelector(\".donate-card\");\n                var navMobile = document.querySelector(\"#nav-mobile\");\n\n                closeButton.addEventListener(\"click\", function () {\n                    donateCard.style.display = \"none\"; \/\/ Hide the entire donate card\n                    navMobile.classList.add(\"show\"); \/\/ Show the mobile menu\n\n                    \/\/ Store the state in local storage\n                    localStorage.setItem(\"donateCardVisible\", \"false\");\n                });\n\n                \/\/ Retrieve the state from local storage\n                var donateCardVisible = localStorage.getItem(\"donateCardVisible\");\n                if (donateCardVisible === \"true\") {\n                    donateCard.style.display = \"block\"; \/\/ Show the donate card\n                }\n            });\n        <\/script>\n        <div class=\"donate-card alignfull\">\n            <div class=\"donate-card-body gpbr-remove-external-link\">\n                <div>\n                    <p class=\"donate-card-text\">O meio ambiente precisa de <b>voc\u00ea<\/b>.<\/p>\n                <\/div>\n                <div class=\"donate-btn-group\">\n                    <a href=\"https:\/\/doe.greenpeace.com.br\/a?cc=701Pm000018T4RYIA0&#038;entrypoint=botao_mobile_card\" target=\"_blank\" id=\"gpbr-mobile-donate-button-mvp\" data-ga-category=\"Donation Card\" data-ga-action=\"Donate\" data-ga-label=\"donate_mobile\" aria=\"bot\u00e3o para fazer doa\u00e7\u00e3o ao Greenpeace\" class=\"btn-donate btn\" rel=\"follow\">Doe agora<\/a>\n                    <a id=\"card-close\" class=\"donate-close-button\" data-ga-category=\"Donation Card\" data-ga-action=\"Close menu\" data-ga-label=\"donate_mobile\" aria-label=\"Fechar mensagem de doa\u00e7\u00e3o\">\u2715<\/a>\n                <\/div>\n            <\/div>\n        <\/div>\n\n<div class=\"wp-block-media-text alignfull has-media-on-the-right is-stacked-on-mobile gpbr-has-grey-background gpbr-mobile-centered-text-and-title force-no-lightbox\" style=\"grid-template-columns:auto 46%\"><div class=\"wp-block-media-text__content\">\n<div class=\"wp-block-columns is-layout-flex wp-container-core-columns-is-layout-9d6595d7 wp-block-columns-is-layout-flex\">\n<div class=\"wp-block-column is-layout-flow wp-block-column-is-layout-flow\" style=\"flex-basis:80px\"><\/div>\n\n\n\n<div class=\"wp-block-column is-layout-flow wp-block-column-is-layout-flow\" style=\"flex-basis:80%\">\n<div style=\"height:35px\" aria-hidden=\"true\" class=\"wp-block-spacer\"><\/div>\n\n\n\n<h1 class=\"wp-block-heading has-text-align-right\">Fale conosco<\/h1>\n\n\n\n<p class=\"has-text-align-right\" style=\"font-size:19px\">O di\u00e1logo e o contato s\u00e3o formas de garantir a constru\u00e7\u00e3o coletiva. Todo tipo de sugest\u00e3o e ideia \u00e9 bem-vinda!<\/p>\n\n\n\n<div style=\"height:18px\" aria-hidden=\"true\" class=\"wp-block-spacer\"><\/div>\n\n\n\n<div class=\"wp-block-buttons is-content-justification-right is-layout-flex wp-container-core-buttons-is-layout-765c4724 wp-block-buttons-is-layout-flex\"><\/div>\n<\/div>\n<\/div>\n<\/div><figure class=\"wp-block-media-text__media\"><img loading=\"lazy\" decoding=\"async\" width=\"1000\" height=\"667\" src=\"https:\/\/www.greenpeace.org\/static\/planet4-brasil-stateless\/2022\/05\/ebc8f04a-gp0sttsuw_resized1000_p4.jpg\" alt=\"\" sizes=\"auto, (min-width: 601px) 46vw, 100vw\" srcset=\"https:\/\/www.greenpeace.org\/static\/planet4-brasil-stateless\/2022\/05\/ebc8f04a-gp0sttsuw_resized1000_p4.jpg 1000w, https:\/\/www.greenpeace.org\/static\/planet4-brasil-stateless\/2022\/05\/ebc8f04a-gp0sttsuw_resized1000_p4-300x200.jpg 300w, https:\/\/www.greenpeace.org\/static\/planet4-brasil-stateless\/2022\/05\/ebc8f04a-gp0sttsuw_resized1000_p4-768x512.jpg 768w, https:\/\/www.greenpeace.org\/static\/planet4-brasil-stateless\/2022\/05\/ebc8f04a-gp0sttsuw_resized1000_p4-510x340.jpg 510w\" class=\"wp-image-39932 size-full\"\/><\/figure><\/div>\n\n<div style=\"height:50px\" aria-hidden=\"true\" class=\"wp-block-spacer\"><\/div>\n\n<div class=\"wp-block-media-text alignwide is-stacked-on-mobile gpbr-padding-top-media-text gpbr-mobile-centered-text-and-title force-no-lightbox\"><figure class=\"wp-block-media-text__media\"><img loading=\"lazy\" decoding=\"async\" width=\"1000\" height=\"667\" src=\"https:\/\/www.greenpeace.org\/static\/planet4-brasil-stateless\/2022\/05\/315b1b63-gp1sx1a8_resized1000_p4.jpg\" alt=\"\" sizes=\"auto, (min-width: 1600px) calc((1320px - 24px) \/ 2),(min-width: 1200px) calc((1140px - 24px) \/ 2),(min-width: 992px) calc((960px - 24px) \/ 2),(min-width: 768px) calc((720px - 24px) \/ 2),(min-width: 601px) calc((540px - 24px) \/ 2),(min-width: 577px) calc((540px - 24px) \/ 1), calc(100vw - 24px)\" srcset=\"https:\/\/www.greenpeace.org\/static\/planet4-brasil-stateless\/2022\/05\/315b1b63-gp1sx1a8_resized1000_p4.jpg 1000w, https:\/\/www.greenpeace.org\/static\/planet4-brasil-stateless\/2022\/05\/315b1b63-gp1sx1a8_resized1000_p4-300x200.jpg 300w, https:\/\/www.greenpeace.org\/static\/planet4-brasil-stateless\/2022\/05\/315b1b63-gp1sx1a8_resized1000_p4-768x512.jpg 768w, https:\/\/www.greenpeace.org\/static\/planet4-brasil-stateless\/2022\/05\/315b1b63-gp1sx1a8_resized1000_p4-510x340.jpg 510w\" class=\"wp-image-39933 size-full\"\/><\/figure><div class=\"wp-block-media-text__content\">\n<h2 class=\"wp-block-heading\">Canal exclusivo para doador<\/h2>\n\n\n\n<p><br>Caso queira falar conosco sobre doa\u00e7\u00f5es, brindes ou atualiza\u00e7\u00e3o de dados, entre em contato por meio da nossa central de relacionamento com o doador: 0800 789 2510 (de segunda a sexta-feira das 9h \u00e0s 19h). Ou envie um e-mail para: <a href=\"mailto:relacionamento@greenpeace.org\">relacionamento@greenpeace.org<\/a>.<\/p>\n<\/div><\/div>\n\n<div style=\"height:30px\" aria-hidden=\"true\" class=\"wp-block-spacer\"><\/div>\n\n<div class=\"wp-block-media-text alignwide has-media-on-the-right is-stacked-on-mobile force-no-lightbox gpbr-padding-top-media-text\"><div class=\"wp-block-media-text__content\">\n<h2 class=\"wp-block-heading\">Mobiliza\u00e7\u00e3o e voluntariado<\/h2>\n\n\n\n<p><br>Quer saber como&nbsp; participar de nossas atividades, solicitar apoio de mobiliza\u00e7\u00e3o ou se tornar um volunt\u00e1rio ou volunt\u00e1ria? Acesse a nossa <a href=\"https:\/\/conexaoverde.greenpeace.org.br\/\">plataforma Conex\u00e3o Verde<\/a> ou envie um e-mail para <a href=\"mailto:conexaoverde.br@greenpeace.org\">conexaoverde.br@greenpeace.org<\/a>. Caso queira receber palestras na sua escola, preencha o nosso formul\u00e1rio e conhe\u00e7a o Projeto Escola aqui.<\/p>\n<\/div><figure class=\"wp-block-media-text__media\"><img loading=\"lazy\" decoding=\"async\" width=\"1000\" height=\"667\" src=\"https:\/\/www.greenpeace.org\/static\/planet4-brasil-stateless\/2022\/05\/edc57d03-gp1sx1a5_resized1000_p4.jpg\" alt=\"\" sizes=\"auto, (min-width: 1600px) calc((1320px - 24px) \/ 2),(min-width: 1200px) calc((1140px - 24px) \/ 2),(min-width: 992px) calc((960px - 24px) \/ 2),(min-width: 768px) calc((720px - 24px) \/ 2),(min-width: 601px) calc((540px - 24px) \/ 2),(min-width: 577px) calc((540px - 24px) \/ 1), calc(100vw - 24px)\" srcset=\"https:\/\/www.greenpeace.org\/static\/planet4-brasil-stateless\/2022\/05\/edc57d03-gp1sx1a5_resized1000_p4.jpg 1000w, https:\/\/www.greenpeace.org\/static\/planet4-brasil-stateless\/2022\/05\/edc57d03-gp1sx1a5_resized1000_p4-300x200.jpg 300w, https:\/\/www.greenpeace.org\/static\/planet4-brasil-stateless\/2022\/05\/edc57d03-gp1sx1a5_resized1000_p4-768x512.jpg 768w, https:\/\/www.greenpeace.org\/static\/planet4-brasil-stateless\/2022\/05\/edc57d03-gp1sx1a5_resized1000_p4-510x340.jpg 510w\" class=\"wp-image-39934 size-full\"\/><\/figure><\/div>\n\n<div style=\"height:30px\" aria-hidden=\"true\" class=\"wp-block-spacer\"><\/div>\n\n<div class=\"wp-block-media-text alignwide is-stacked-on-mobile gpbr-padding-top-media-text force-no-lightbox\"><figure class=\"wp-block-media-text__media\"><img loading=\"lazy\" decoding=\"async\" width=\"1000\" height=\"667\" src=\"https:\/\/www.greenpeace.org\/static\/planet4-brasil-stateless\/2022\/05\/de7ca7a3-gp0striau_resized1000_p4.jpg\" alt=\"\" sizes=\"auto, (min-width: 1600px) calc((1320px - 24px) \/ 2),(min-width: 1200px) calc((1140px - 24px) \/ 2),(min-width: 992px) calc((960px - 24px) \/ 2),(min-width: 768px) calc((720px - 24px) \/ 2),(min-width: 601px) calc((540px - 24px) \/ 2),(min-width: 577px) calc((540px - 24px) \/ 1), calc(100vw - 24px)\" srcset=\"https:\/\/www.greenpeace.org\/static\/planet4-brasil-stateless\/2022\/05\/de7ca7a3-gp0striau_resized1000_p4.jpg 1000w, https:\/\/www.greenpeace.org\/static\/planet4-brasil-stateless\/2022\/05\/de7ca7a3-gp0striau_resized1000_p4-300x200.jpg 300w, https:\/\/www.greenpeace.org\/static\/planet4-brasil-stateless\/2022\/05\/de7ca7a3-gp0striau_resized1000_p4-768x512.jpg 768w, https:\/\/www.greenpeace.org\/static\/planet4-brasil-stateless\/2022\/05\/de7ca7a3-gp0striau_resized1000_p4-510x340.jpg 510w\" class=\"wp-image-39935 size-full\"\/><\/figure><div class=\"wp-block-media-text__content\">\n<h2 class=\"wp-block-heading\">Informa\u00e7\u00f5es gerais<\/h2>\n\n\n\n<p><br>N\u00f3s temos uma p\u00e1gina exclusiva sobre <a href=\"https:\/\/www.greenpeace.org\/brasil\/fale-conosco_old\/perguntas-frequentes\/\" data-type=\"URL\" data-id=\"https:\/\/www.greenpeace.org\/brasil\/fale-conosco_old\/perguntas-frequentes\/\" target=\"_blank\" rel=\"noreferrer noopener\">d\u00favidas frequentes<\/a> que pode te ajudar. Para outras informa\u00e7\u00f5es e coment\u00e1rios, escreva um e-mail para <a href=\"mailto:contato.br@greenpeace.org\">contato.br@greenpeace.org<\/a>.<\/p>\n<\/div><\/div>\n\n<div style=\"height:30px\" aria-hidden=\"true\" class=\"wp-block-spacer\"><\/div>\n\n<div class=\"wp-block-media-text alignwide has-media-on-the-right is-stacked-on-mobile gpbr-padding-top-media-text gpbr-mobile-centered-text-and-title force-no-lightbox\"><div class=\"wp-block-media-text__content\">\n<h2 class=\"wp-block-heading\">Como fazer uma den\u00fancia ambiental?<\/h2>\n\n\n\n<p><br>N\u00f3s denunciamos diversas viola\u00e7\u00f5es ao meio ambiente, mas n\u00e3o temos poder de fiscaliza\u00e7\u00e3o. Ao testemunhar agress\u00f5es a animais, cortes de \u00e1rvores, queimadas ilegais, descarte irregular de lixo ou outras pr\u00e1ticas danosas ao meio ambiente, \u00e9 preciso acionar os \u00f3rg\u00e3os competentes. <a href=\"https:\/\/www.greenpeace.org\/brasil\/faca-uma-denuncia-ambiental\/\">Veja aqui como fazer sua den\u00fancia ambiental<\/a>.&nbsp;<\/p>\n<\/div><figure class=\"wp-block-media-text__media\"><img loading=\"lazy\" decoding=\"async\" width=\"1000\" height=\"667\" src=\"https:\/\/www.greenpeace.org\/static\/planet4-brasil-stateless\/2022\/05\/755ec003-gp1sx19p_resized1000_p4.jpg\" alt=\"\" sizes=\"auto, (min-width: 1600px) calc((1320px - 24px) \/ 2),(min-width: 1200px) calc((1140px - 24px) \/ 2),(min-width: 992px) calc((960px - 24px) \/ 2),(min-width: 768px) calc((720px - 24px) \/ 2),(min-width: 601px) calc((540px - 24px) \/ 2),(min-width: 577px) calc((540px - 24px) \/ 1), calc(100vw - 24px)\" srcset=\"https:\/\/www.greenpeace.org\/static\/planet4-brasil-stateless\/2022\/05\/755ec003-gp1sx19p_resized1000_p4.jpg 1000w, https:\/\/www.greenpeace.org\/static\/planet4-brasil-stateless\/2022\/05\/755ec003-gp1sx19p_resized1000_p4-300x200.jpg 300w, https:\/\/www.greenpeace.org\/static\/planet4-brasil-stateless\/2022\/05\/755ec003-gp1sx19p_resized1000_p4-768x512.jpg 768w, https:\/\/www.greenpeace.org\/static\/planet4-brasil-stateless\/2022\/05\/755ec003-gp1sx19p_resized1000_p4-510x340.jpg 510w\" class=\"wp-image-39936 size-full\"\/><\/figure><\/div>\n\n<div class=\"wp-block-media-text alignwide is-stacked-on-mobile gpbr-padding-top-media-text gpbr-mobile-centered-text-and-title force-no-lightbox\"><figure class=\"wp-block-media-text__media\"><img loading=\"lazy\" decoding=\"async\" width=\"1024\" height=\"699\" src=\"https:\/\/www.greenpeace.org\/static\/planet4-brasil-stateless\/2022\/08\/da9ade36-gp0stri3v_reduced-1024x699.jpeg\" alt=\"\" sizes=\"auto, (min-width: 1600px) calc((1320px - 24px) \/ 2),(min-width: 1200px) calc((1140px - 24px) \/ 2),(min-width: 992px) calc((960px - 24px) \/ 2),(min-width: 768px) calc((720px - 24px) \/ 2),(min-width: 601px) calc((540px - 24px) \/ 2),(min-width: 577px) calc((540px - 24px) \/ 1), calc(100vw - 24px)\" srcset=\"https:\/\/www.greenpeace.org\/static\/planet4-brasil-stateless\/2022\/08\/da9ade36-gp0stri3v_reduced.jpeg 1200w, https:\/\/www.greenpeace.org\/static\/planet4-brasil-stateless\/2022\/08\/da9ade36-gp0stri3v_reduced-300x205.jpeg 300w, https:\/\/www.greenpeace.org\/static\/planet4-brasil-stateless\/2022\/08\/da9ade36-gp0stri3v_reduced-1024x699.jpeg 1024w, https:\/\/www.greenpeace.org\/static\/planet4-brasil-stateless\/2022\/08\/da9ade36-gp0stri3v_reduced-768x524.jpeg 768w, https:\/\/www.greenpeace.org\/static\/planet4-brasil-stateless\/2022\/08\/da9ade36-gp0stri3v_reduced-498x340.jpeg 498w\" class=\"wp-image-41936 size-full\"\/><\/figure><div class=\"wp-block-media-text__content\">\n<h2 class=\"wp-block-heading\">Privacidade e dados pessoais<\/h2>\n\n\n\n<p>Caso voc\u00ea tenha qualquer d\u00favida sobre quest\u00f5es envolvendo a privacidade de seus dados pessoais, entre em contato atrav\u00e9s do nosso <em><strong>Service Privacy Desk<\/strong><\/em> no endere\u00e7o de e-mail&nbsp;<a href=\"mailto:gpbr.dpo@greenpeace.org\" target=\"_blank\" rel=\"noreferrer noopener\">gpbr.dpo@greenpeace.org<\/a>&nbsp;e contate nossa Encarregada pelo Tratamento de Dados Pessoais, Liliane Prudente. Em caso de aus\u00eancia, Angela Barbarulo \u00e9 a sua substituta.<\/p>\n<\/div><\/div>\n\n<div class=\"wp-block-media-text alignwide has-media-on-the-right is-stacked-on-mobile gpbr-padding-top-media-text gpbr-mobile-centered-text-and-title force-no-lightbox\"><div class=\"wp-block-media-text__content\">\n<h2 class=\"wp-block-heading\" style=\"font-size:27px\">Sou influenciador\/criador de conte\u00fado e quero fazer parceria com o Greenpeace Brasil, como fa\u00e7o?<\/h2>\n\n\n\n<p><br>Para unir for\u00e7as conosco dentro e fora das redes sociais, entre em contato com a nossa equipe pelo email <strong><a href=\"mailto:infbr@greenpeace.org\" target=\"_blank\" rel=\"noreferrer noopener\">infbr@greenpeace.org<\/a><\/strong>.<\/p>\n<\/div><figure class=\"wp-block-media-text__media\"><img loading=\"lazy\" decoding=\"async\" width=\"1024\" height=\"684\" src=\"https:\/\/www.greenpeace.org\/static\/planet4-brasil-stateless\/2023\/09\/fc30a880-influenciadores_resized-1024x684.jpeg\" alt=\"\" sizes=\"auto, (min-width: 1600px) calc((1320px - 24px) \/ 2),(min-width: 1200px) calc((1140px - 24px) \/ 2),(min-width: 992px) calc((960px - 24px) \/ 2),(min-width: 768px) calc((720px - 24px) \/ 2),(min-width: 601px) calc((540px - 24px) \/ 2),(min-width: 577px) calc((540px - 24px) \/ 1), calc(100vw - 24px)\" srcset=\"https:\/\/www.greenpeace.org\/static\/planet4-brasil-stateless\/2023\/09\/fc30a880-influenciadores_resized.jpeg 1400w, https:\/\/www.greenpeace.org\/static\/planet4-brasil-stateless\/2023\/09\/fc30a880-influenciadores_resized-300x200.jpeg 300w, https:\/\/www.greenpeace.org\/static\/planet4-brasil-stateless\/2023\/09\/fc30a880-influenciadores_resized-1024x684.jpeg 1024w, https:\/\/www.greenpeace.org\/static\/planet4-brasil-stateless\/2023\/09\/fc30a880-influenciadores_resized-768x513.jpeg 768w, https:\/\/www.greenpeace.org\/static\/planet4-brasil-stateless\/2023\/09\/fc30a880-influenciadores_resized-510x340.jpeg 510w\" class=\"wp-image-49125 size-full\"\/><\/figure><\/div>\n\n<div style=\"height:73px\" aria-hidden=\"true\" class=\"wp-block-spacer\"><\/div>\n\n<div style=\"height:61px\" aria-hidden=\"true\" class=\"wp-block-spacer\"><\/div>\n<div data-render=\"planet4-blocks\/happypoint\" data-attributes=\"{&quot;attributes&quot;:{&quot;focus_image&quot;:&quot;50% 50%&quot;,&quot;opacity&quot;:40,&quot;override_default_content&quot;:true,&quot;local_content_provider&quot;:&quot;iframe_url&quot;}}\"><\/div>\n<style type=\"text\/css\">\n\n.latest-news-query-loop img {\n\taspect-ratio: 16 \/ 9;\n}\nhtml a:hover {\n\ttext-decoration: none;\n}\n.gpbr-link-black-color a {\n\tcolor: #000000;\n}\n.gpbr-topics-navigation-title a {\n\tfont-size: 1em;\n}\n.gpbr-topics-navigation-title a:hover {\n\tcolor: #666;\n}\n.gpbr-topics-navigation-title img:hover {\n\topacity: 0.6;\n}\n.gpbr-has-grey-background {\n\tbackground-color: #f5f7f8 ;\n}\n.gpbr-padding-top-media-text {\n\tpadding-top: 2em;\n}\n.gpbr-topics-navigation-title h4 {\n\tfont-size: 1em;\n}\n\n<\/style>\n","protected":false},"excerpt":{"rendered":"<p>Constru\u00edmos o Greenpeace com voc\u00ea! Todo tipo de sugest\u00e3o \u00e9 bem-vinda \ud83d\ude42<\/p>\n","protected":false},"author":102,"featured_media":39635,"parent":0,"menu_order":0,"comment_status":"closed","ping_status":"closed","template":"","meta":{"ep_exclude_from_search":false,"p4_hide_page_title_checkbox":"on","p4_title":"","p4_subtitle":"","p4_description":"","background_image_id":"","background_image":"","p4_button_title":"","p4_button_link":"","p4_button_link_checkbox":"","p4_og_title":"","p4_og_description":"","p4_og_image":"https:\/\/www.greenpeace.org\/static\/planet4-brasil-stateless-develop\/2018\/07\/GP018FO_PressMedia.jpg","p4_og_image_id":"3005","p4_seo_canonical_url":"","p4_campaign_name":"not set","p4_local_project":"not set","p4_basket_name":"not set","p4_department":"","footnotes":""},"categories":[5],"tags":[],"class_list":["post-38739","page","type-page","status-publish","has-post-thumbnail","hentry","category-greenpeace"],"_links":{"self":[{"href":"https:\/\/www.greenpeace.org\/brasil\/wp-json\/wp\/v2\/pages\/38739","targetHints":{"allow":["GET"]}}],"collection":[{"href":"https:\/\/www.greenpeace.org\/brasil\/wp-json\/wp\/v2\/pages"}],"about":[{"href":"https:\/\/www.greenpeace.org\/brasil\/wp-json\/wp\/v2\/types\/page"}],"author":[{"embeddable":true,"href":"https:\/\/www.greenpeace.org\/brasil\/wp-json\/wp\/v2\/users\/102"}],"replies":[{"embeddable":true,"href":"https:\/\/www.greenpeace.org\/brasil\/wp-json\/wp\/v2\/comments?post=38739"}],"version-history":[{"count":19,"href":"https:\/\/www.greenpeace.org\/brasil\/wp-json\/wp\/v2\/pages\/38739\/revisions"}],"predecessor-version":[{"id":60186,"href":"https:\/\/www.greenpeace.org\/brasil\/wp-json\/wp\/v2\/pages\/38739\/revisions\/60186"}],"wp:featuredmedia":[{"embeddable":true,"href":"https:\/\/www.greenpeace.org\/brasil\/wp-json\/wp\/v2\/media\/39635"}],"wp:attachment":[{"href":"https:\/\/www.greenpeace.org\/brasil\/wp-json\/wp\/v2\/media?parent=38739"}],"wp:term":[{"taxonomy":"category","embeddable":true,"href":"https:\/\/www.greenpeace.org\/brasil\/wp-json\/wp\/v2\/categories?post=38739"},{"taxonomy":"post_tag","embeddable":true,"href":"https:\/\/www.greenpeace.org\/brasil\/wp-json\/wp\/v2\/tags?post=38739"}],"curies":[{"name":"wp","href":"https:\/\/api.w.org\/{rel}","templated":true}]}}