{"id":44614,"date":"2023-01-18T17:16:32","date_gmt":"2023-01-18T20:16:32","guid":{"rendered":"https:\/\/www.greenpeace.org\/brasil\/?page_id=44614"},"modified":"2026-02-12T14:42:17","modified_gmt":"2026-02-12T17:42:17","slug":"obrigado","status":"publish","type":"page","link":"https:\/\/www.greenpeace.org\/brasil\/apoie\/manifesto-pela-agroecologia\/obrigado\/","title":{"rendered":"Manifesto pela agroecologia &#8211; Obrigado"},"content":{"rendered":"\n<div style=\"height:43px\" aria-hidden=\"true\" class=\"wp-block-spacer\"><\/div>\n\n<div class=\"wp-block-columns is-layout-flex wp-container-core-columns-is-layout-9d6595d7 wp-block-columns-is-layout-flex\">\n<div class=\"wp-block-column is-layout-flow wp-block-column-is-layout-flow\" style=\"flex-basis:50%\">\n<figure class=\"wp-block-image aligncenter size-large  caption-alignment-center\"><img decoding=\"async\" src=\"https:\/\/www.greenpeace.org\/static\/planet4-brasil-stateless\/2022\/06\/f3b75cdc-gp0stsvak_pressmedia_creditline_reduced.jpeg\" alt=\"\"\/><\/figure>\n<\/div>\n\n\n\n<div class=\"wp-block-column is-layout-flow wp-block-column-is-layout-flow\" style=\"flex-basis:50%\">\n<p>Que bom que voc\u00ea se juntou ao nosso movimento!<br>O seu apoio \u00e9 fundamental para o fortalecimento da Agroecologia.<\/p>\n\n\n\n<p>Juntos, vamos valorizar agricultoras e agricultores que est\u00e3o trabalhando contra a fome e ajudando a colocar alimento saud\u00e1vel e sem veneno, feito em harmonia com a natureza, no prato da popula\u00e7\u00e3o brasileira!<\/p>\n\n\n\n<p>Voc\u00ea pode fortalecer ainda mais o Greenpeace Brasil: fa\u00e7a uma doa\u00e7\u00e3o agora e siga ao nosso lado nessa jornada pela prote\u00e7\u00e3o do meio ambiente!<\/p>\n<p><afrus-form form-id=\"604c776a-b09d-4341-b686-24bc01ac084c\" preview=\"false\"><br \/>\n      <\/afrus-form><br \/>\n      <script type=\"module\" src=\"https:\/\/afrus-frontend-assets.s3.eu-central-1.amazonaws.com\/Widget-prod\/webcomponents.es.js\">\n      <\/script><\/p>\n<\/div>\n<\/div>\n\n<div class=\"wp-block-columns is-layout-flex wp-container-core-columns-is-layout-9d6595d7 wp-block-columns-is-layout-flex\">\n<div class=\"wp-block-column mobile-hidden is-layout-flow wp-block-column-is-layout-flow\" style=\"flex-basis:15%\"><\/div>\n\n\n\n<div class=\"wp-block-column is-layout-flow wp-block-column-is-layout-flow\" style=\"flex-basis:70%\"><\/div>\n\n\n\n<div class=\"wp-block-column mobile-hidden is-layout-flow wp-block-column-is-layout-flow\" style=\"flex-basis:15%\"><\/div>\n<\/div>\n\n<div class=\"wp-block-columns is-layout-flex wp-container-core-columns-is-layout-9d6595d7 wp-block-columns-is-layout-flex\">\n<div class=\"wp-block-column is-layout-flow wp-block-column-is-layout-flow\" style=\"flex-basis:25%\"><\/div>\n\n\n\n<div class=\"wp-block-column gpbr-topics-navigation-title is-layout-flow wp-block-column-is-layout-flow\" style=\"flex-basis:50%\"><\/div>\n\n\n\n<div class=\"wp-block-column is-layout-flow wp-block-column-is-layout-flow\" style=\"flex-basis:25%\"><\/div>\n<\/div>\n","protected":false},"excerpt":{"rendered":"<p>Que bom que voc\u00ea se juntou ao nosso movimento!O seu apoio \u00e9 fundamental para o fortalecimento da Agroecologia. Juntos, vamos valorizar agricultoras e agricultores que est\u00e3o trabalhando contra a fome e ajudando a colocar alimento saud\u00e1vel e sem veneno, feito em harmonia com a natureza, no prato da popula\u00e7\u00e3o brasileira!<\/p>\n","protected":false},"author":102,"featured_media":40725,"parent":40788,"menu_order":0,"comment_status":"closed","ping_status":"closed","template":"","meta":{"ep_exclude_from_search":true,"p4_hide_page_title_checkbox":"on","p4_title":"","p4_subtitle":"","p4_description":"","background_image_id":"","background_image":"","p4_button_title":"","p4_button_link":"","p4_button_link_checkbox":"","p4_og_title":"","p4_og_description":"","p4_og_image":"","p4_og_image_id":"","p4_seo_canonical_url":"","p4_campaign_name":"Protect the Oceans","p4_local_project":"Proteja os Oceanos","p4_basket_name":"Oceans","p4_department":"Programs","footnotes":""},"categories":[],"tags":[],"class_list":["post-44614","page","type-page","status-publish","has-post-thumbnail","hentry"],"_links":{"self":[{"href":"https:\/\/www.greenpeace.org\/brasil\/wp-json\/wp\/v2\/pages\/44614","targetHints":{"allow":["GET"]}}],"collection":[{"href":"https:\/\/www.greenpeace.org\/brasil\/wp-json\/wp\/v2\/pages"}],"about":[{"href":"https:\/\/www.greenpeace.org\/brasil\/wp-json\/wp\/v2\/types\/page"}],"author":[{"embeddable":true,"href":"https:\/\/www.greenpeace.org\/brasil\/wp-json\/wp\/v2\/users\/102"}],"replies":[{"embeddable":true,"href":"https:\/\/www.greenpeace.org\/brasil\/wp-json\/wp\/v2\/comments?post=44614"}],"version-history":[{"count":7,"href":"https:\/\/www.greenpeace.org\/brasil\/wp-json\/wp\/v2\/pages\/44614\/revisions"}],"predecessor-version":[{"id":62639,"href":"https:\/\/www.greenpeace.org\/brasil\/wp-json\/wp\/v2\/pages\/44614\/revisions\/62639"}],"up":[{"embeddable":true,"href":"https:\/\/www.greenpeace.org\/brasil\/wp-json\/wp\/v2\/pages\/40788"}],"wp:featuredmedia":[{"embeddable":true,"href":"https:\/\/www.greenpeace.org\/brasil\/wp-json\/wp\/v2\/media\/40725"}],"wp:attachment":[{"href":"https:\/\/www.greenpeace.org\/brasil\/wp-json\/wp\/v2\/media?parent=44614"}],"wp:term":[{"taxonomy":"category","embeddable":true,"href":"https:\/\/www.greenpeace.org\/brasil\/wp-json\/wp\/v2\/categories?post=44614"},{"taxonomy":"post_tag","embeddable":true,"href":"https:\/\/www.greenpeace.org\/brasil\/wp-json\/wp\/v2\/tags?post=44614"}],"curies":[{"name":"wp","href":"https:\/\/api.w.org\/{rel}","templated":true}]}}