{"id":48742,"date":"2023-08-10T12:43:11","date_gmt":"2023-08-10T15:43:11","guid":{"rendered":"https:\/\/www-dev.greenpeace.org\/brasil\/?page_id=47620"},"modified":"2023-11-09T15:49:21","modified_gmt":"2023-11-09T18:49:21","slug":"agricultura-e-alimentacao","status":"publish","type":"page","link":"https:\/\/www.greenpeace.org\/brasil\/relatorio-anual-2022\/agricultura-e-alimentacao\/","title":{"rendered":"Relat\u00f3rio anual 2022: Agricultura e Alimenta\u00e7\u00e3o"},"content":{"rendered":"\n<div class=\"wp-block-media-text alignfull has-media-on-the-right is-stacked-on-mobile force-no-lightbox has-dark-green-800-background-color has-background\"><div class=\"wp-block-media-text__content\">\n<h1 class=\"wp-block-heading has-white-color has-text-color\">Agricultura e Alimenta\u00e7\u00e3o<\/h1>\n\n\n\n<p class=\"has-white-color has-text-color\"><strong>Agroecologia: a fome tamb\u00e9m \u00e9 um problema ambiental<\/strong><\/p>\n\n\n\n<p class=\"has-white-color has-text-color\">Infelizmente, 2022 foi marcado pelo agravo da fome em todo o Brasil. Enquanto o agroneg\u00f3cio bateu recordes de safras e exporta\u00e7\u00e3o, a maioria das fam\u00edlias brasileiras n\u00e3o teve acesso a uma alimenta\u00e7\u00e3o adequada, com mais de 33 milh\u00f5es de pessoas sem ter o que comer.<\/p>\n<\/div><figure class=\"wp-block-media-text__media\"><img decoding=\"async\" src=\"https:\/\/www.greenpeace.org\/static\/planet4-brasil-stateless-develop\/2023\/08\/c1147184-imagens-site-ra2022-creditos15-1024x768.jpg\" alt=\"\" sizes=\"(min-width: 601px) 50vw, 100vw\" srcset=\"\" class=\"wp-image-47896 size-full\"\/><\/figure><\/div>\n\n<p>Em vez de combater a fome, a bancada ruralista tentou, durante todo o ano, aprovar o Pacote do Veneno (PL 1459\/2022), um projeto de lei que libera mais agrot\u00f3xicos no Brasil, inclusive subst\u00e2ncias cancer\u00edgenas e j\u00e1 proibidas em outros pa\u00edses.&nbsp;<\/p>\n\n<p>Para frear esse retrocesso, ao longo de 2022, o Greenpeace Brasil esteve junto \u00e0s sociedades civil e cient\u00edfica participando das mobiliza\u00e7\u00f5es contra a autoriza\u00e7\u00e3o de mais venenos no pa\u00eds, o que incluiu diversas reuni\u00f5es, atos e atividades, como o Ato Pela Terra, em Bras\u00edlia, e o Caf\u00e9 Agroecol\u00f3gico, no Congresso Nacional.&nbsp;<\/p>\n\n<div class=\"wp-block-media-text alignwide is-stacked-on-mobile force-no-lightbox\"><figure class=\"wp-block-media-text__media\"><img decoding=\"async\" src=\"https:\/\/www.greenpeace.org\/static\/planet4-brasil-stateless-develop\/2023\/08\/4c94a3bf-imagens-site-ra2022-creditos11-1024x768.jpg\" alt=\"\" sizes=\"(min-width: 1600px) calc((1320px - 24px) \/ 2),(min-width: 1200px) calc((1140px - 24px) \/ 2),(min-width: 992px) calc((960px - 24px) \/ 2),(min-width: 768px) calc((720px - 24px) \/ 2),(min-width: 601px) calc((540px - 24px) \/ 2),(min-width: 577px) calc((540px - 24px) \/ 1), calc(100vw - 24px)\" srcset=\"\" class=\"wp-image-47897 size-full\"\/><\/figure><div class=\"wp-block-media-text__content\">\n<p>A ci\u00eancia e a hist\u00f3ria j\u00e1 comprovaram que agrot\u00f3xicos pioram a inseguran\u00e7a e soberania alimentar. A prova disso \u00e9 que, nos \u00faltimos quatro anos, mais de 2 mil agrot\u00f3xicos foram liberados no Brasil \u2013 e mesmo assim o pa\u00eds voltou ao Mapa da Fome.&nbsp;<\/p>\n\n\n\n<p>Isso \u00e9 reflexo do nosso modelo atual de produ\u00e7\u00e3o de alimentos, que prioriza a produ\u00e7\u00e3o em larga escala, com o uso indiscriminado de venenos a favor do lucro de grandes produtores agr\u00edcolas, sem se preocupar com a sa\u00fade da popula\u00e7\u00e3o brasileira e com os impactos ambientais.&nbsp;<\/p>\n<\/div><\/div>\n\n<p>Mas existe sim uma solu\u00e7\u00e3o: a agroecologia, que nada mais \u00e9 do que uma produ\u00e7\u00e3o agr\u00edcola que cultiva alimentos org\u00e2nicos, sem veneno, e que protege a biodiversidade.&nbsp;<\/p>\n\n<p>Al\u00e9m de ser capaz de combater a crise alimentar e a crise clim\u00e1tica de uma s\u00f3 vez, o modelo agroecol\u00f3gico permite rela\u00e7\u00f5es justas de trabalho e maior distribui\u00e7\u00e3o de renda, combatendo a desigualdade social e abrindo novas possibilidades para agricultores e agricultoras familiares espalhados pelo pa\u00eds.&nbsp;<\/p>\n\n<p>Comida sem veneno e saud\u00e1vel na mesa da popula\u00e7\u00e3o brasileira sempre foi e sempre ser\u00e1 uma de nossas principais bandeiras.<\/p>\n\n<div class=\"wp-block-media-text alignwide has-media-on-the-right is-stacked-on-mobile force-no-lightbox has-beige-100-background-color has-background\"><div class=\"wp-block-media-text__content\">\n<blockquote class=\"wp-block-quote has-medium-font-size is-layout-flow wp-block-quote-is-layout-flow\">\n<p class=\"has-medium-font-size\">\u201cPara qualquer regi\u00e3o do pa\u00eds que voc\u00ea olhe, h\u00e1 movimentos populares do campo e da cidade criando redes de solidariedade e de comercializa\u00e7\u00e3o para garantir comida saud\u00e1vel e sem veneno na mesa da popula\u00e7\u00e3o brasileira.\u201d<\/p>\n<cite>Marina Lac\u00f4rte, coordenadora da campanha de Agricultura e Alimenta\u00e7\u00e3o no Greenpeace Brasil.<\/cite><\/blockquote>\n<\/div><figure class=\"wp-block-media-text__media\"><img decoding=\"async\" src=\"https:\/\/www.greenpeace.org\/static\/planet4-brasil-stateless-develop\/2023\/08\/d6d85fad-ilustracoes-site-04-1024x593.png\" alt=\"\" sizes=\"(min-width: 1600px) calc((1320px - 24px) \/ 2),(min-width: 1200px) calc((1140px - 24px) \/ 2),(min-width: 992px) calc((960px - 24px) \/ 2),(min-width: 768px) calc((720px - 24px) \/ 2),(min-width: 601px) calc((540px - 24px) \/ 2),(min-width: 577px) calc((540px - 24px) \/ 1), calc(100vw - 24px)\" srcset=\"\" class=\"wp-image-47751 size-full\"\/><\/figure><\/div>\n\n<div class=\"wp-block-group container is-layout-flow wp-block-group-is-layout-flow\">\n<div style=\"height:24px\" aria-hidden=\"true\" class=\"wp-block-spacer\"><\/div>\n\n\n\n<h3 class=\"wp-block-heading has-text-align-center\" style=\"margin-top:var(--wp--preset--spacing--80)\">Nossas campanhas em 2022<\/h3>\n<\/div>\n\n<div class=\"wp-block-columns is-layout-flex wp-container-core-columns-is-layout-9d6595d7 wp-block-columns-is-layout-flex\">\n<div class=\"wp-block-column is-layout-flow wp-block-column-is-layout-flow\">\n<div class=\"wp-block-group group-stretched-link is-layout-flow wp-block-group-is-layout-flow\">\n<figure class=\"wp-block-image aligncenter size-full is-resized force-no-lightbox force-no-caption is-style-rounded-180\"><img loading=\"lazy\" decoding=\"async\" width=\"207\" height=\"207\" src=\"https:\/\/www.greenpeace.org\/static\/planet4-brasil-stateless\/2023\/11\/44eb9a90-gp1sxnse_web_size_reduced.png\" title=\"Fotografia de \u00e1rvores tirada do ch\u00e3o; \u00e1rvores entre focos de luz solar\" alt=\"Fotografia de \u00e1rvores tirada do ch\u00e3o; \u00e1rvores entre focos de luz solar\" class=\"wp-image-50060\" style=\"width:180px;height:180px\" srcset=\"https:\/\/www.greenpeace.org\/static\/planet4-brasil-stateless\/2023\/11\/44eb9a90-gp1sxnse_web_size_reduced.png 207w, https:\/\/www.greenpeace.org\/static\/planet4-brasil-stateless\/2023\/11\/44eb9a90-gp1sxnse_web_size_reduced-150x150.png 150w\" sizes=\"auto, (max-width: 207px) 100vw, 207px\" \/><figcaption class=\"wp-element-caption\">Forest near the Manicor\u00e9 River, in the southern Amazonas state, in the Amazon, Brazil. People from the communities near the Manicor\u00e9 River are fighting for their land rights to be acknowledged and their forest protected.<\/figcaption><\/figure>\n\n\n\n<h5 class=\"wp-block-heading has-text-align-center is-style-chevron\" style=\"font-size:1rem\"><a href=\"\/brasil\/relatorio-anual-2022\/amazonia-e-biodiversidade\/\" data-type=\"page\" data-id=\"47481\">Amaz\u00f4nia e Biodiversidade<\/a><\/h5>\n\n\n\n<div style=\"height:16px\" aria-hidden=\"true\" class=\"wp-block-spacer\"><\/div>\n<\/div>\n<\/div>\n\n\n\n<div class=\"wp-block-column is-layout-flow wp-block-column-is-layout-flow\">\n<div class=\"wp-block-group group-stretched-link is-layout-flow wp-block-group-is-layout-flow\">\n<figure class=\"wp-block-image aligncenter size-full is-resized force-no-lightbox force-no-caption is-style-rounded-180\"><img loading=\"lazy\" decoding=\"async\" width=\"207\" height=\"207\" src=\"https:\/\/www.greenpeace.org\/static\/planet4-brasil-stateless\/2023\/11\/f15bc900-gp1sxb2j_web_size_reduced.png\" title=\"Foto de uma mulher ind\u00edgena com a m\u00e3o levantada em uma a\u00e7\u00e3o direta n\u00e3o violenta contra o garimpo. Ao fundo temos representa\u00e7\u00f5es de barras de ouro marcadas pelo sangue dos povos origin\u00e1rios.\" alt=\"Foto de uma mulher ind\u00edgena com a m\u00e3o levantada em uma a\u00e7\u00e3o direta n\u00e3o violenta contra o garimpo. Ao fundo temos representa\u00e7\u00f5es de barras de ouro marcadas pelo sangue dos povos origin\u00e1rios.\" class=\"wp-image-50059\" style=\"width:180px;height:180px\" srcset=\"https:\/\/www.greenpeace.org\/static\/planet4-brasil-stateless\/2023\/11\/f15bc900-gp1sxb2j_web_size_reduced.png 207w, https:\/\/www.greenpeace.org\/static\/planet4-brasil-stateless\/2023\/11\/f15bc900-gp1sxb2j_web_size_reduced-150x150.png 150w\" sizes=\"auto, (max-width: 207px) 100vw, 207px\" \/><figcaption class=\"wp-element-caption\">Indigenous leaderships and activists protested in Bras\u00edlia against the Bill 191, that aims to legalize illegal mining in indigenous lands, by marching to ministries buildings full of mud and fake blood, representing the death toll, violence and suffering caused by illegal mining. In front of the Ministry of Mines and Energy, gold bars with the word &#8220;crime&#8221; on them were placed, alongside a giant banner created by the artist Ibraim Nascimento with the aid of Indigenous People from the camp.\n\nThe Free Land Camp is the current home for over 6 thousand Indigenous People from 175 different ethnicities. This is the first camp held in person in two years, due to the Covid-19 pandemic. Held since 2004, the camp demands that Indigenous Lands be demarcated, in addition to the defence of life against the destruction agenda promoted by the Bolsonaro government.<\/figcaption><\/figure>\n\n\n\n<h5 class=\"wp-block-heading has-text-align-center is-style-chevron\" style=\"font-size:1rem\"><a href=\"\/brasil\/relatorio-anual-2022\/povos-indigenas\/\">Povos Ind\u00edgenas<\/a><\/h5>\n\n\n\n<div style=\"height:16px\" aria-hidden=\"true\" class=\"wp-block-spacer\"><\/div>\n<\/div>\n<\/div>\n\n\n\n<div class=\"wp-block-column is-layout-flow wp-block-column-is-layout-flow\">\n<div class=\"wp-block-group group-stretched-link is-layout-flow wp-block-group-is-layout-flow\">\n<figure class=\"wp-block-image aligncenter size-full is-resized force-no-lightbox force-no-caption is-style-rounded-180\"><img loading=\"lazy\" decoding=\"async\" width=\"207\" height=\"207\" src=\"https:\/\/www.greenpeace.org\/static\/planet4-brasil-stateless\/2023\/11\/168171cd-gp1swxmc_web_size_reduced.png\" title=\"Imagem a\u00e9rea de um deslizamento de terra em Petr\u00f3polis, na regi\u00e3o serrana do Rio de Janeiro; Fortes chuvas destru\u00edram casas e afetaram popula\u00e7\u00f5es que j\u00e1 vivem em situa\u00e7\u00e3o de vulnerabilidade.\" alt=\"Imagem a\u00e9rea de um deslizamento de terra em Petr\u00f3polis, na regi\u00e3o serrana do Rio de Janeiro; Fortes chuvas destru\u00edram casas e afetaram popula\u00e7\u00f5es que j\u00e1 vivem em situa\u00e7\u00e3o de vulnerabilidade.\" class=\"wp-image-50063\" style=\"width:180px;height:180px\" srcset=\"https:\/\/www.greenpeace.org\/static\/planet4-brasil-stateless\/2023\/11\/168171cd-gp1swxmc_web_size_reduced.png 207w, https:\/\/www.greenpeace.org\/static\/planet4-brasil-stateless\/2023\/11\/168171cd-gp1swxmc_web_size_reduced-150x150.png 150w\" sizes=\"auto, (max-width: 207px) 100vw, 207px\" \/><figcaption class=\"wp-element-caption\">On February 15th, Petr\u00f3polis, located in the mountains north of Rio de Janeiro, faced its biggest storm since 1932, according to the National Center for Monitoring Natural Disasters (Cemaden) and the National Institute of Meteorology (Inmet). The intense rainfall caused landslides and took the life of over a hundred people, displacing thousands. Petr\u00f3polis is another victim of governmental neglect when facing Climate Crisis, which intensifies extreme events like this.\nBrazilian states must decrete Climate Emergency and set adaptation plans in motion to avoid an even more hostile future, specially to the people most impacted by extreme events.<\/figcaption><\/figure>\n\n\n\n<h5 class=\"wp-block-heading has-text-align-center is-style-chevron\" style=\"font-size:1rem\"><a href=\"\/brasil\/relatorio-anual-2022\/justica-climatica\/\" data-type=\"page\" data-id=\"47613\">Justi\u00e7a Clim\u00e1tica<\/a><\/h5>\n\n\n\n<div style=\"height:16px\" aria-hidden=\"true\" class=\"wp-block-spacer\"><\/div>\n<\/div>\n<\/div>\n\n\n\n<div class=\"wp-block-column is-layout-flow wp-block-column-is-layout-flow\">\n<div class=\"wp-block-group group-stretched-link is-layout-flow wp-block-group-is-layout-flow\">\n<figure class=\"wp-block-image aligncenter size-full is-resized force-no-lightbox force-no-caption is-style-rounded-180\"><a href=\"\/brasil\/relatorio-anual-2022\/agricultura-e-alimentacao\/\"><img loading=\"lazy\" decoding=\"async\" width=\"1000\" height=\"667\" src=\"https:\/\/www.greenpeace.org\/static\/planet4-brasil-stateless\/2022\/05\/cdbb24b8-gp1swwjv_resized1000_p4.jpg\" title=\"Imagem de dois ativistas do Greenpeace no Congresso Nacional vestidos com macac\u00f5es amarelos, simulando roupas de prote\u00e7\u00e3o, segurando um banner denunciando a amea\u00e7a do Pacote do Veneno\" alt=\"\" class=\"wp-image-39830\" style=\"width:180px;height:180px\" srcset=\"https:\/\/www.greenpeace.org\/static\/planet4-brasil-stateless\/2022\/05\/cdbb24b8-gp1swwjv_resized1000_p4.jpg 1000w, https:\/\/www.greenpeace.org\/static\/planet4-brasil-stateless\/2022\/05\/cdbb24b8-gp1swwjv_resized1000_p4-300x200.jpg 300w, https:\/\/www.greenpeace.org\/static\/planet4-brasil-stateless\/2022\/05\/cdbb24b8-gp1swwjv_resized1000_p4-768x512.jpg 768w, https:\/\/www.greenpeace.org\/static\/planet4-brasil-stateless\/2022\/05\/cdbb24b8-gp1swwjv_resized1000_p4-510x340.jpg 510w\" sizes=\"auto, (max-width: 1000px) 100vw, 1000px\" \/><\/a><\/figure>\n\n\n\n<h5 class=\"wp-block-heading has-text-align-center is-style-chevron\" style=\"font-size:1rem\"><a href=\"\/brasil\/relatorio-anual-2022\/agricultura-e-alimentacao\/\" data-type=\"page\" data-id=\"47620\">Agricultura e Alimenta\u00e7\u00e3o<\/a><\/h5>\n\n\n\n<div style=\"height:16px\" aria-hidden=\"true\" class=\"wp-block-spacer\"><\/div>\n<\/div>\n<\/div>\n\n\n\n<div class=\"wp-block-column is-layout-flow wp-block-column-is-layout-flow\">\n<div class=\"wp-block-group group-stretched-link is-layout-flow wp-block-group-is-layout-flow\">\n<figure class=\"wp-block-image aligncenter size-full is-resized force-no-lightbox force-no-caption is-style-rounded-180\"><a href=\"\/brasil\/relatorio-anual-2022\/politicas-publicas\/\"><img loading=\"lazy\" decoding=\"async\" width=\"1000\" height=\"667\" src=\"https:\/\/www.greenpeace.org\/static\/planet4-brasil-stateless\/2022\/05\/7a5ff15e-gp1sx0sx_resize1000_p4.jpg\" title=\"Imagem de uma jovem de cabelos castanhos e \u00f3culos escuros participa do Ato Pela Terra, em Bras\u00edlia. Ela tem o punho direito erguido e, na outra m\u00e3o, segura uma placa verde com a mensagem &quot;Licenciamento ambiental fica&quot;\" alt=\"\" class=\"wp-image-39782\" style=\"width:180px;height:180px\" srcset=\"https:\/\/www.greenpeace.org\/static\/planet4-brasil-stateless\/2022\/05\/7a5ff15e-gp1sx0sx_resize1000_p4.jpg 1000w, https:\/\/www.greenpeace.org\/static\/planet4-brasil-stateless\/2022\/05\/7a5ff15e-gp1sx0sx_resize1000_p4-300x200.jpg 300w, https:\/\/www.greenpeace.org\/static\/planet4-brasil-stateless\/2022\/05\/7a5ff15e-gp1sx0sx_resize1000_p4-768x512.jpg 768w, https:\/\/www.greenpeace.org\/static\/planet4-brasil-stateless\/2022\/05\/7a5ff15e-gp1sx0sx_resize1000_p4-510x340.jpg 510w\" sizes=\"auto, (max-width: 1000px) 100vw, 1000px\" \/><\/a><\/figure>\n\n\n\n<h5 class=\"wp-block-heading has-text-align-center is-style-chevron\" style=\"font-size:1rem\"><a href=\"\/brasil\/relatorio-anual-2022\/politicas-publicas\/\" data-type=\"page\" data-id=\"47627\">Pol\u00edticas P\u00fablicas<\/a><\/h5>\n\n\n\n<div style=\"height:16px\" aria-hidden=\"true\" class=\"wp-block-spacer\"><\/div>\n<\/div>\n<\/div>\n<\/div>\n\n<div class=\"wp-block-buttons is-content-justification-center is-layout-flex wp-container-core-buttons-is-layout-16018d1d wp-block-buttons-is-layout-flex\">\n<div class=\"wp-block-button has-custom-width wp-block-button__width-100 has-custom-font-size is-style-secondary\" style=\"font-size:18px\"><a class=\"wp-block-button__link wp-element-button\" href=\"\/brasil\/relatorio-anual-2022\/\">\u2039 Voltar \u00e0 p\u00e1gina inicial do Relat\u00f3rio Anual 2022<\/a><\/div>\n<\/div>\n\n<div style=\"height:30px\" aria-hidden=\"true\" class=\"wp-block-spacer\"><\/div>\n","protected":false},"excerpt":{"rendered":"<p>Agricultura e Alimenta\u00e7\u00e3o Agroecologia: a fome tamb\u00e9m \u00e9 um problema ambiental Infelizmente, 2022 foi marcado pelo agravo da fome em todo o Brasil. Enquanto o agroneg\u00f3cio bateu recordes de safras e exporta\u00e7\u00e3o, a maioria das fam\u00edlias brasileiras n\u00e3o teve acesso a uma alimenta\u00e7\u00e3o adequada, com mais de 33 milh\u00f5es de pessoas sem ter o que [&hellip;]<\/p>\n","protected":false},"author":102,"featured_media":47868,"parent":48731,"menu_order":0,"comment_status":"closed","ping_status":"closed","template":"","meta":{"ep_exclude_from_search":false,"p4_hide_page_title_checkbox":"on","p4_title":"","p4_subtitle":"","p4_description":"","background_image_id":"","background_image":"","p4_button_title":"","p4_button_link":"","p4_button_link_checkbox":"","p4_og_title":"","p4_og_description":"","p4_og_image":"","p4_og_image_id":"","p4_seo_canonical_url":"","p4_campaign_name":"","p4_local_project":"","p4_basket_name":"","p4_department":"","footnotes":""},"categories":[5],"tags":[65,66],"class_list":["post-48742","page","type-page","status-publish","has-post-thumbnail","hentry","category-greenpeace","tag-relatorio-anual-2022","tag-campanhas-2022"],"_links":{"self":[{"href":"https:\/\/www.greenpeace.org\/brasil\/wp-json\/wp\/v2\/pages\/48742","targetHints":{"allow":["GET"]}}],"collection":[{"href":"https:\/\/www.greenpeace.org\/brasil\/wp-json\/wp\/v2\/pages"}],"about":[{"href":"https:\/\/www.greenpeace.org\/brasil\/wp-json\/wp\/v2\/types\/page"}],"author":[{"embeddable":true,"href":"https:\/\/www.greenpeace.org\/brasil\/wp-json\/wp\/v2\/users\/102"}],"replies":[{"embeddable":true,"href":"https:\/\/www.greenpeace.org\/brasil\/wp-json\/wp\/v2\/comments?post=48742"}],"version-history":[{"count":4,"href":"https:\/\/www.greenpeace.org\/brasil\/wp-json\/wp\/v2\/pages\/48742\/revisions"}],"predecessor-version":[{"id":50098,"href":"https:\/\/www.greenpeace.org\/brasil\/wp-json\/wp\/v2\/pages\/48742\/revisions\/50098"}],"up":[{"embeddable":true,"href":"https:\/\/www.greenpeace.org\/brasil\/wp-json\/wp\/v2\/pages\/48731"}],"wp:featuredmedia":[{"embeddable":true,"href":"https:\/\/www.greenpeace.org\/brasil\/wp-json\/"}],"wp:attachment":[{"href":"https:\/\/www.greenpeace.org\/brasil\/wp-json\/wp\/v2\/media?parent=48742"}],"wp:term":[{"taxonomy":"category","embeddable":true,"href":"https:\/\/www.greenpeace.org\/brasil\/wp-json\/wp\/v2\/categories?post=48742"},{"taxonomy":"post_tag","embeddable":true,"href":"https:\/\/www.greenpeace.org\/brasil\/wp-json\/wp\/v2\/tags?post=48742"}],"curies":[{"name":"wp","href":"https:\/\/api.w.org\/{rel}","templated":true}]}}