{"id":63322,"date":"2026-04-15T13:38:50","date_gmt":"2026-04-15T16:38:50","guid":{"rendered":"https:\/\/www.greenpeace.org\/brasil\/?page_id=63322"},"modified":"2026-04-25T10:18:15","modified_gmt":"2026-04-25T13:18:15","slug":"nossas-conquistas","status":"publish","type":"page","link":"https:\/\/www.greenpeace.org\/brasil\/nossas-conquistas\/","title":{"rendered":"Conquistas Greenpeace Brasil"},"content":{"rendered":"\n<div style=\"height:50px\" aria-hidden=\"true\" class=\"wp-block-spacer\"><\/div>\n\n<div class=\"timeline\">\n  <iframe class=\"timeline-embed alignfull\" src=\"https:\/\/greenpeacebrasil.shorthandstories.com\/5c9a396a-1462-4703-a4c1-0c20b15513ae\/\"><\/iframe>\n<\/div>\n\n<style>\n.timeline {\n  height: 94vh;\n  margin-top: -60px !important;\n}\n\n.timeline-embed {\n  height: 93vh; \/* herda do pai *\/\n  border: none;\n  display: block;\n}\n\n.alignfull {\n  margin-bottom: 0px !important;\n}\n<\/style>\n","protected":false},"excerpt":{"rendered":"<p>Separamos alguns momentos da nossa trajet\u00f3ria que mostram como o ativismo comprometido e independente realmente pode fazer a diferen\u00e7a. Temos diversas conquistas a comemorar, que nos inspiram e que devem ser relembradas. Conhe\u00e7a mais da nossa atua\u00e7\u00e3o!<\/p>\n","protected":false},"author":102,"featured_media":41603,"parent":0,"menu_order":0,"comment_status":"closed","ping_status":"closed","template":"","meta":{"ep_exclude_from_search":false,"p4_hide_page_title_checkbox":"on","p4_title":"","p4_subtitle":"","p4_description":"","background_image_id":"","background_image":"","p4_button_title":"","p4_button_link":"","p4_button_link_checkbox":"","p4_og_title":"","p4_og_description":"","p4_og_image":"","p4_og_image_id":"","p4_seo_canonical_url":"","p4_campaign_name":"not set","p4_local_project":"not set","p4_basket_name":"not set","p4_department":"","footnotes":""},"categories":[5],"tags":[],"class_list":["post-63322","page","type-page","status-publish","has-post-thumbnail","hentry","category-greenpeace"],"_links":{"self":[{"href":"https:\/\/www.greenpeace.org\/brasil\/wp-json\/wp\/v2\/pages\/63322","targetHints":{"allow":["GET"]}}],"collection":[{"href":"https:\/\/www.greenpeace.org\/brasil\/wp-json\/wp\/v2\/pages"}],"about":[{"href":"https:\/\/www.greenpeace.org\/brasil\/wp-json\/wp\/v2\/types\/page"}],"author":[{"embeddable":true,"href":"https:\/\/www.greenpeace.org\/brasil\/wp-json\/wp\/v2\/users\/102"}],"replies":[{"embeddable":true,"href":"https:\/\/www.greenpeace.org\/brasil\/wp-json\/wp\/v2\/comments?post=63322"}],"version-history":[{"count":10,"href":"https:\/\/www.greenpeace.org\/brasil\/wp-json\/wp\/v2\/pages\/63322\/revisions"}],"predecessor-version":[{"id":63462,"href":"https:\/\/www.greenpeace.org\/brasil\/wp-json\/wp\/v2\/pages\/63322\/revisions\/63462"}],"wp:featuredmedia":[{"embeddable":true,"href":"https:\/\/www.greenpeace.org\/brasil\/wp-json\/wp\/v2\/media\/41603"}],"wp:attachment":[{"href":"https:\/\/www.greenpeace.org\/brasil\/wp-json\/wp\/v2\/media?parent=63322"}],"wp:term":[{"taxonomy":"category","embeddable":true,"href":"https:\/\/www.greenpeace.org\/brasil\/wp-json\/wp\/v2\/categories?post=63322"},{"taxonomy":"post_tag","embeddable":true,"href":"https:\/\/www.greenpeace.org\/brasil\/wp-json\/wp\/v2\/tags?post=63322"}],"curies":[{"name":"wp","href":"https:\/\/api.w.org\/{rel}","templated":true}]}}