{"id":18959,"date":"2019-06-18T15:17:46","date_gmt":"2019-06-18T19:17:46","guid":{"rendered":"https:\/\/www.greenpeace.org\/canada\/indigenous\/"},"modified":"2026-05-05T08:17:16","modified_gmt":"2026-05-05T12:17:16","slug":"autochtones","status":"publish","type":"page","link":"https:\/\/www.greenpeace.org\/canada\/fr\/autochtones\/","title":{"rendered":"#Autochtones"},"content":{"rendered":"\n                \n                <div class=\"wp-block-group alignfull is-layout-flow wp-block-group-is-layout-flow\">\n                \n                <div class=\"wp-block-group container is-layout-flow wp-block-group-is-layout-flow\">\n                \n                <div class=\"wp-block-media-text alignfull has-media-on-the-right is-stacked-on-mobile is-pattern-p4-page-header is-style-parallax\">\n\n                <div class=\"wp-block-media-text__content\">\n                    <div class=\"wp-block-group is-layout-flow wp-block-group-is-layout-flow\">\n                    \n                        <h1 class=\"wp-block-heading has-white-background-color has-background\">\n                            #Autochtones\n                        <\/h1>\n                    <\/div>\n                \n\n                \n                        <p style=\"font-size:1.25rem\">\n                            Greenpeace s\u2019engage \u00e0 consulter et collaborer avec les Peuples autochtones du Canada pour s\u2019assurer que ses campagnes et ses prises de position respectent leurs droits traditionnels et leurs trait\u00e9s. Afin de respecter et d\u2019exposer ces engagements, Greenpeace Canada a cr\u00e9\u00e9 et adopt\u00e9 une <a href=\"\/canada\/fr\/politique-de-greenpeace-canada-sur-les-droits-des-peuples-autochtones\/\">Politique sur les droits des Peuples autochtones<\/a>.\n                        <\/p>\n                    \n\n                \n\n                <\/div>\n                <figure class=\"wp-block-media-text__media\">\n                    <img loading=\"lazy\" decoding=\"async\" width=\"1200\" height=\"800\"\n                        src=\"https:\/\/www.greenpeace.org\/static\/planet4-canada-stateless\/2018\/06\/GP0STRN6D.jpg\"\n                        alt=\"\"\n                        sizes=\"auto, (min-width: 601px) 50vw, 100vw\" srcset=\"https:\/\/www.greenpeace.org\/static\/planet4-canada-stateless\/2018\/06\/GP0STRN6D.jpg 1200w, https:\/\/www.greenpeace.org\/static\/planet4-canada-stateless\/2018\/06\/GP0STRN6D-300x200.jpg 300w, https:\/\/www.greenpeace.org\/static\/planet4-canada-stateless\/2018\/06\/GP0STRN6D-768x512.jpg 768w, https:\/\/www.greenpeace.org\/static\/planet4-canada-stateless\/2018\/06\/GP0STRN6D-1024x683.jpg 1024w, https:\/\/www.greenpeace.org\/static\/planet4-canada-stateless\/2018\/06\/GP0STRN6D-510x340.jpg 510w\" class=\"wp-image-1365 size-full\"\n                    \/>\n                <\/figure>\n                <\/div>\n                \n                <\/div>\n                \n                <\/div>\n                \n                \n        <div class=\"wp-block-query actions-list p4-query-loop is-custom-layout-actions-list is-custom-layout-grid is-layout-grid wp-container-core-query-is-layout-29f43435 wp-block-query-is-layout-grid\"><h2 class=\"wp-block-heading\">Ce que vous pouvez faire<\/h2>\n        <p style=\"margin-top: 24px; margin-bottom: 32px;\">Ensemble nous pouvons changer les choses. Passez \u00e0 l&rsquo;action !<\/p>\n        \n        <ul class=\"wp-block-post-template is-layout-flow wp-block-post-template-is-layout-flow\"><li class=\"wp-block-post post-51086 page type-page status-publish has-post-thumbnail hentry category-climat tag-autochtones tag-climat\">\n                <figure class=\"wp-block-post-featured-image\"><img loading=\"lazy\" decoding=\"async\" width=\"2560\" height=\"1707\" src=\"https:\/\/www.greenpeace.org\/static\/planet4-canada-stateless\/2021\/12\/9f4fd1c8-iczt1781-scaled.jpg\" class=\"attachment-post-thumbnail size-post-thumbnail wp-post-image wp-stateless-item\" alt=\"\" style=\"object-fit:cover;\" srcset=\"https:\/\/www.greenpeace.org\/static\/planet4-canada-stateless\/2021\/12\/9f4fd1c8-iczt1781-scaled.jpg 2560w, https:\/\/www.greenpeace.org\/static\/planet4-canada-stateless\/2021\/12\/9f4fd1c8-iczt1781-300x200.jpg 300w, https:\/\/www.greenpeace.org\/static\/planet4-canada-stateless\/2021\/12\/9f4fd1c8-iczt1781-1024x683.jpg 1024w, https:\/\/www.greenpeace.org\/static\/planet4-canada-stateless\/2021\/12\/9f4fd1c8-iczt1781-768x512.jpg 768w, https:\/\/www.greenpeace.org\/static\/planet4-canada-stateless\/2021\/12\/9f4fd1c8-iczt1781-1536x1024.jpg 1536w, https:\/\/www.greenpeace.org\/static\/planet4-canada-stateless\/2021\/12\/9f4fd1c8-iczt1781-2048x1366.jpg 2048w, https:\/\/www.greenpeace.org\/static\/planet4-canada-stateless\/2021\/12\/9f4fd1c8-iczt1781-510x340.jpg 510w\" sizes=\"auto, (max-width: 2560px) 100vw, 2560px\" data-image-size=\"post-thumbnail\" data-stateless-media-bucket=\"planet4-canada-stateless\" data-stateless-media-name=\"2021\/12\/9f4fd1c8-iczt1781-scaled.jpg\" \/><\/figure>\n                \n                <div class=\"wp-block-group group-stretched-link is-layout-flow wp-block-group-is-layout-flow\"><div class=\"wp-block-post-terms\">Climat<\/div>\n                <h3 class=\"wp-block-post-title\"><a data-ga-action=\"Call to Action\" data-ga-category=\"Actions List\" data-ga-label=\"n\/a\" href=\"https:\/\/www.greenpeace.org\/canada\/fr\/agir\/banques-fossiles\/\" target=\"_self\" >Les banques canadiennes doivent cesser de financer les combustibles fossiles<\/a><\/h3>\n                <div class=\"wp-block-post-excerpt\"><p class=\"wp-block-post-excerpt__excerpt\">Les banques canadiennes doivent \u00eatre tenues responsables de leur r\u00f4le dans la violation des droits des Autochtones et de leur contribution au changement climatique. <\/p><\/div><\/div>\n                \n                \n        <div class=\"wp-block-group read-more-nav is-layout-flow wp-block-group-is-layout-flow\"><a data-ga-action=\"Call to Action\" data-ga-category=\"Actions List\" data-ga-label=\"n\/a\" href=\"https:\/\/www.greenpeace.org\/canada\/fr\/agir\/banques-fossiles\/\" class=\"btn btn-primary btn-small\" aria-label=\"Passer \u00e0 l'action\">Passer \u00e0 l&rsquo;action<\/a>\n        \n        \n        <\/div>\n        \n                <\/li><\/ul>\n        \n        <nav class=\"wp-block-group carousel-controls is-layout-flow wp-block-group-is-layout-flow\" aria-label=\"Actions List carousel controls\">\n<div class=\"wp-block-buttons is-horizontal is-content-justification-space-between is-nowrap is-layout-flex wp-container-core-buttons-is-layout-044bd602 wp-block-buttons-is-layout-flex\">\n            <div class=\"wp-block-button carousel-control-prev\"><button type=\"button\" class=\"wp-block-button__link wp-element-button\">Prev<\/button><\/div>\n        \n\n            <div class=\"wp-block-button carousel-control-next\"><button type=\"button\" class=\"wp-block-button__link wp-element-button\">Next<\/button><\/div>\n        <\/div>\n\n        \n        \n        <\/nav>\n        \n        \n<div class=\"wp-block-buttons load-more-actions-container is-content-justification-center is-layout-flex wp-container-core-buttons-is-layout-16018d1d wp-block-buttons-is-layout-flex\">\n                <div class=\"wp-block-button is-style-secondary\"><button type=\"button\" class=\"wp-block-button__link wp-element-button\">Load more<\/button><\/div>\n            \n<\/div>\n<\/div>\n        \n    <div class=\"wp-block-query posts-list p4-query-loop is-custom-layout-list is-layout-flow wp-block-query-is-layout-flow\">\n        <div class=\"wp-block-group is-content-justification-space-between is-layout-flex wp-container-core-group-is-layout-3d213aab wp-block-group-is-layout-flex\"><h2 class=\"wp-block-heading\">Related Articles<\/h2>\n        <li class=\" wp-block-navigation-item see-all-link wp-block-navigation-link\"><a class=\"wp-block-navigation-item__content\"  href=\"http:\/\/www.greenpeace.org\/canada\/en\/news-stories\/?tag=indigenous&#038;post-type=publication\"><span data-ga-category=\"Posts List\" data-ga-action=\"See More Link\" data-ga-label=\"n\/a\" class=\"wp-block-navigation-item__label\">See all stories<\/span><\/a><\/li>\n        \n        <\/div>\n        \n\n    <p style=\"margin-top: 24px; margin-bottom: 36px;\"><\/p>\n\n    \n\n    <ul class=\"wp-block-post-template is-layout-flow wp-block-post-template-is-layout-flow\"><li class=\"wp-block-post post-74158 post type-post status-publish format-standard has-post-thumbnail hentry category-climat category-nature-fr category-notre-travail tag-autochtones tag-climat tag-forets p4-page-type-histoire\">\n            \n<div class=\"wp-block-columns is-layout-flex wp-container-core-columns-is-layout-9d6595d7 wp-block-columns-is-layout-flex\"><figure class=\"wp-block-post-featured-image\"><a href=\"https:\/\/www.greenpeace.org\/canada\/fr\/histoire\/74158\/une-histoire-deau-dincendie-et-de-raison-dagir-visite-en-territoire-nlakapamux-avec-patrick-michell\/\" target=\"_self\"  ><img loading=\"lazy\" decoding=\"async\" data-ga-category=\"Posts List\" data-ga-action=\"Image\" data-ga-label=\"n\/a\" width=\"918\" height=\"632\" src=\"https:\/\/www.greenpeace.org\/static\/planet4-canada-stateless\/2026\/02\/19c579bb-sesg.png\" class=\"attachment-post-thumbnail size-post-thumbnail wp-post-image wp-stateless-item\" alt=\"Une histoire d\u2019eau, d\u2019incendie et de raison d\u2019agir\u00a0: visite en territoire Nlaka&rsquo;pamux avec Patrick Michell\" style=\"object-fit:cover;\" srcset=\"https:\/\/www.greenpeace.org\/static\/planet4-canada-stateless\/2026\/02\/19c579bb-sesg.png 918w, https:\/\/www.greenpeace.org\/static\/planet4-canada-stateless\/2026\/02\/19c579bb-sesg-300x207.png 300w, https:\/\/www.greenpeace.org\/static\/planet4-canada-stateless\/2026\/02\/19c579bb-sesg-768x529.png 768w, https:\/\/www.greenpeace.org\/static\/planet4-canada-stateless\/2026\/02\/19c579bb-sesg-494x340.png 494w\" sizes=\"auto, (max-width: 918px) 100vw, 918px\" data-image-size=\"post-thumbnail\" data-stateless-media-bucket=\"planet4-canada-stateless\" data-stateless-media-name=\"2026\/02\/19c579bb-sesg.png\" \/><\/a><\/figure>\n\n        <div class=\"wp-block-group is-layout-flow wp-block-group-is-layout-flow\">\n                <div class=\"wp-block-group is-layout-flex wp-block-group-is-layout-flex\"><div class=\"wp-block-post-terms\"><a data-ga-category=\"Posts List\" data-ga-action=\"Post Type Tag\" data-ga-label=\"n\/a\" href=\"https:\/\/www.greenpeace.org\/canada\/fr\/category\/notre-travail\/climat\/\">Climat<\/a><\/div>\n                <div class=\"taxonomy-post_tag wp-block-post-terms\"><a data-ga-category=\"Posts List\" data-ga-action=\"Navigation Tag\" data-ga-label=\"n\/a\" href=\"https:\/\/www.greenpeace.org\/canada\/fr\/tag\/autochtones\/\" rel=\"tag\">Autochtones<\/a><span class=\"wp-block-post-terms__separator\"> <\/span><a data-ga-category=\"Posts List\" data-ga-action=\"Navigation Tag\" data-ga-label=\"n\/a\" href=\"https:\/\/www.greenpeace.org\/canada\/fr\/tag\/climat\/\" rel=\"tag\">Climat<\/a><span class=\"wp-block-post-terms__separator\"> <\/span><a data-ga-category=\"Posts List\" data-ga-action=\"Navigation Tag\" data-ga-label=\"n\/a\" href=\"https:\/\/www.greenpeace.org\/canada\/fr\/tag\/forets\/\" rel=\"tag\">For\u00eats<\/a><\/div>\n                \n                <\/div>\n                \n        <h3 class=\"wp-block-post-title\"><a data-ga-category=\"Posts List\" data-ga-action=\"Title\" data-ga-label=\"n\/a\" href=\"https:\/\/www.greenpeace.org\/canada\/fr\/histoire\/74158\/une-histoire-deau-dincendie-et-de-raison-dagir-visite-en-territoire-nlakapamux-avec-patrick-michell\/\" target=\"_self\" >Une histoire d\u2019eau, d\u2019incendie et de raison d\u2019agir\u00a0: visite en territoire Nlaka&rsquo;pamux avec Patrick Michell<\/a><\/h3>\n        <div class=\"wp-block-post-excerpt\"><p class=\"wp-block-post-excerpt__excerpt\">Patrick Michell et Tina Grenier veulent une maison qui r\u00e9siste aux flammes. <\/p><\/div>\n        \n        <div class=\"wp-block-group posts-list-meta is-layout-flow wp-block-group-is-layout-flow\"><span class='article-list-item-author'><a data-ga-category=\"Posts List\" data-ga-action=\"Author\" data-ga-label=\"n\/a\" href='https:\/\/www.greenpeace.org\/canada\/fr\/author\/jfirempo\/'>Jesse Firempong<\/a><\/span>\n        <div class=\"wp-block-post-date\"><time datetime=\"2026-02-10T10:55:50-05:00\">10 f\u00e9vrier 2026<\/time><\/div>\n        \n        <\/div>\n        <\/div>\n        <\/div>\n\n            <\/li><li class=\"wp-block-post post-74208 post type-post status-publish format-standard has-post-thumbnail hentry category-actions-fr category-nature-fr tag-autochtones tag-forets tag-biodiversite p4-page-type-histoire\">\n            \n<div class=\"wp-block-columns is-layout-flex wp-container-core-columns-is-layout-9d6595d7 wp-block-columns-is-layout-flex\"><figure class=\"wp-block-post-featured-image\"><a href=\"https:\/\/www.greenpeace.org\/canada\/fr\/histoire\/74208\/le-cinema-comme-outil-de-lutte-contre-la-deforestation\/\" target=\"_self\"  ><img loading=\"lazy\" decoding=\"async\" data-ga-category=\"Posts List\" data-ga-action=\"Image\" data-ga-label=\"n\/a\" width=\"1600\" height=\"1069\" src=\"https:\/\/www.greenpeace.org\/static\/planet4-canada-stateless\/2026\/02\/3c1a6b00-image.jpeg\" class=\"attachment-post-thumbnail size-post-thumbnail wp-post-image wp-stateless-item\" alt=\"Le cin\u00e9ma comme outil de lutte contre la d\u00e9forestation\" style=\"object-fit:cover;\" srcset=\"https:\/\/www.greenpeace.org\/static\/planet4-canada-stateless\/2026\/02\/3c1a6b00-image.jpeg 1600w, https:\/\/www.greenpeace.org\/static\/planet4-canada-stateless\/2026\/02\/3c1a6b00-image-300x200.jpeg 300w, https:\/\/www.greenpeace.org\/static\/planet4-canada-stateless\/2026\/02\/3c1a6b00-image-1024x684.jpeg 1024w, https:\/\/www.greenpeace.org\/static\/planet4-canada-stateless\/2026\/02\/3c1a6b00-image-768x513.jpeg 768w, https:\/\/www.greenpeace.org\/static\/planet4-canada-stateless\/2026\/02\/3c1a6b00-image-1536x1026.jpeg 1536w, https:\/\/www.greenpeace.org\/static\/planet4-canada-stateless\/2026\/02\/3c1a6b00-image-510x340.jpeg 510w\" sizes=\"auto, (max-width: 1600px) 100vw, 1600px\" data-image-size=\"post-thumbnail\" data-stateless-media-bucket=\"planet4-canada-stateless\" data-stateless-media-name=\"2026\/02\/3c1a6b00-image.jpeg\" \/><\/a><\/figure>\n\n        <div class=\"wp-block-group is-layout-flow wp-block-group-is-layout-flow\">\n                <div class=\"wp-block-group is-layout-flex wp-block-group-is-layout-flex\"><div class=\"wp-block-post-terms\"><a data-ga-category=\"Posts List\" data-ga-action=\"Post Type Tag\" data-ga-label=\"n\/a\" href=\"https:\/\/www.greenpeace.org\/canada\/fr\/category\/actions-fr\/\">Actions<\/a><\/div>\n                <div class=\"taxonomy-post_tag wp-block-post-terms\"><a data-ga-category=\"Posts List\" data-ga-action=\"Navigation Tag\" data-ga-label=\"n\/a\" href=\"https:\/\/www.greenpeace.org\/canada\/fr\/tag\/autochtones\/\" rel=\"tag\">Autochtones<\/a><span class=\"wp-block-post-terms__separator\"> <\/span><a data-ga-category=\"Posts List\" data-ga-action=\"Navigation Tag\" data-ga-label=\"n\/a\" href=\"https:\/\/www.greenpeace.org\/canada\/fr\/tag\/forets\/\" rel=\"tag\">For\u00eats<\/a><span class=\"wp-block-post-terms__separator\"> <\/span><a data-ga-category=\"Posts List\" data-ga-action=\"Navigation Tag\" data-ga-label=\"n\/a\" href=\"https:\/\/www.greenpeace.org\/canada\/fr\/tag\/biodiversite\/\" rel=\"tag\">Biodiversit\u00e9<\/a><\/div>\n                \n                <\/div>\n                \n        <h3 class=\"wp-block-post-title\"><a data-ga-category=\"Posts List\" data-ga-action=\"Title\" data-ga-label=\"n\/a\" href=\"https:\/\/www.greenpeace.org\/canada\/fr\/histoire\/74208\/le-cinema-comme-outil-de-lutte-contre-la-deforestation\/\" target=\"_self\" >Le cin\u00e9ma comme outil de lutte contre la d\u00e9forestation<\/a><\/h3>\n        <div class=\"wp-block-post-excerpt\"><p class=\"wp-block-post-excerpt__excerpt\">Le bureau de Montr\u00e9al de Greenpeace Canada, en collaboration avec Wapikoni Mobile et Amplifier Films, a organis\u00e9 la semaine derni\u00e8re, le 28\u00a0janvier, une projection de film et une discussion sur&hellip; <\/p><\/div>\n        \n        <div class=\"wp-block-group posts-list-meta is-layout-flow wp-block-group-is-layout-flow\"><span class='article-list-item-author'><a data-ga-category=\"Posts List\" data-ga-action=\"Author\" data-ga-label=\"n\/a\" href='https:\/\/www.greenpeace.org\/canada\/fr\/author\/lcolbeck\/'>L\u00e9anne Colbeck<\/a><\/span>\n        <div class=\"wp-block-post-date\"><time datetime=\"2026-02-06T11:07:04-05:00\">6 f\u00e9vrier 2026<\/time><\/div>\n        \n        <\/div>\n        <\/div>\n        <\/div>\n\n            <\/li><li class=\"wp-block-post post-73165 post type-post status-publish format-standard has-post-thumbnail hentry category-climat category-oceans-fr tag-autochtones tag-climat tag-oceans-fr tag-petrole p4-page-type-histoire\">\n            \n<div class=\"wp-block-columns is-layout-flex wp-container-core-columns-is-layout-9d6595d7 wp-block-columns-is-layout-flex\"><figure class=\"wp-block-post-featured-image\"><a href=\"https:\/\/www.greenpeace.org\/canada\/fr\/histoire\/73165\/ce-que-revele-le-plan-de-mark-carney-pour-construire-un-nouvel-oleoduc-entre-lalberta-et-la-colombie-britannique\/\" target=\"_self\"  ><img loading=\"lazy\" decoding=\"async\" data-ga-category=\"Posts List\" data-ga-action=\"Image\" data-ga-label=\"n\/a\" width=\"1798\" height=\"1012\" src=\"https:\/\/www.greenpeace.org\/static\/planet4-canada-stateless\/2025\/12\/31bc6682-unistoten-camp-rcmp-raid-matriarchs-february-2020-899x506@2x.jpg\" class=\"attachment-post-thumbnail size-post-thumbnail wp-post-image wp-stateless-item\" alt=\"Ce que r\u00e9v\u00e8le le plan de Mark Carney pour construire un nouvel ol\u00e9oduc entre l\u2019Alberta et la Colombie-Britannique\" style=\"object-fit:cover;\" srcset=\"https:\/\/www.greenpeace.org\/static\/planet4-canada-stateless\/2025\/12\/31bc6682-unistoten-camp-rcmp-raid-matriarchs-february-2020-899x506@2x.jpg 1798w, https:\/\/www.greenpeace.org\/static\/planet4-canada-stateless\/2025\/12\/31bc6682-unistoten-camp-rcmp-raid-matriarchs-february-2020-899x506@2x-300x169.jpg 300w, https:\/\/www.greenpeace.org\/static\/planet4-canada-stateless\/2025\/12\/31bc6682-unistoten-camp-rcmp-raid-matriarchs-february-2020-899x506@2x-1024x576.jpg 1024w, https:\/\/www.greenpeace.org\/static\/planet4-canada-stateless\/2025\/12\/31bc6682-unistoten-camp-rcmp-raid-matriarchs-february-2020-899x506@2x-768x432.jpg 768w, https:\/\/www.greenpeace.org\/static\/planet4-canada-stateless\/2025\/12\/31bc6682-unistoten-camp-rcmp-raid-matriarchs-february-2020-899x506@2x-1536x865.jpg 1536w, https:\/\/www.greenpeace.org\/static\/planet4-canada-stateless\/2025\/12\/31bc6682-unistoten-camp-rcmp-raid-matriarchs-february-2020-899x506@2x-510x287.jpg 510w\" sizes=\"auto, (max-width: 1798px) 100vw, 1798px\" data-image-size=\"post-thumbnail\" data-stateless-media-bucket=\"planet4-canada-stateless\" data-stateless-media-name=\"2025\/12\/31bc6682-unistoten-camp-rcmp-raid-matriarchs-february-2020-899x506@2x.jpg\" \/><\/a><\/figure>\n\n        <div class=\"wp-block-group is-layout-flow wp-block-group-is-layout-flow\">\n                <div class=\"wp-block-group is-layout-flex wp-block-group-is-layout-flex\"><div class=\"wp-block-post-terms\"><a data-ga-category=\"Posts List\" data-ga-action=\"Post Type Tag\" data-ga-label=\"n\/a\" href=\"https:\/\/www.greenpeace.org\/canada\/fr\/category\/notre-travail\/climat\/\">Climat<\/a><\/div>\n                <div class=\"taxonomy-post_tag wp-block-post-terms\"><a data-ga-category=\"Posts List\" data-ga-action=\"Navigation Tag\" data-ga-label=\"n\/a\" href=\"https:\/\/www.greenpeace.org\/canada\/fr\/tag\/autochtones\/\" rel=\"tag\">Autochtones<\/a><span class=\"wp-block-post-terms__separator\"> <\/span><a data-ga-category=\"Posts List\" data-ga-action=\"Navigation Tag\" data-ga-label=\"n\/a\" href=\"https:\/\/www.greenpeace.org\/canada\/fr\/tag\/climat\/\" rel=\"tag\">Climat<\/a><span class=\"wp-block-post-terms__separator\"> <\/span><a data-ga-category=\"Posts List\" data-ga-action=\"Navigation Tag\" data-ga-label=\"n\/a\" href=\"https:\/\/www.greenpeace.org\/canada\/fr\/tag\/oceans-fr\/\" rel=\"tag\">Oc\u00e9ans<\/a><span class=\"wp-block-post-terms__separator\"> <\/span><a data-ga-category=\"Posts List\" data-ga-action=\"Navigation Tag\" data-ga-label=\"n\/a\" href=\"https:\/\/www.greenpeace.org\/canada\/fr\/tag\/petrole\/\" rel=\"tag\">P\u00e9trole<\/a><\/div>\n                \n                <\/div>\n                \n        <h3 class=\"wp-block-post-title\"><a data-ga-category=\"Posts List\" data-ga-action=\"Title\" data-ga-label=\"n\/a\" href=\"https:\/\/www.greenpeace.org\/canada\/fr\/histoire\/73165\/ce-que-revele-le-plan-de-mark-carney-pour-construire-un-nouvel-oleoduc-entre-lalberta-et-la-colombie-britannique\/\" target=\"_self\" >Ce que r\u00e9v\u00e8le le plan de Mark Carney pour construire un nouvel ol\u00e9oduc entre l\u2019Alberta et la Colombie-Britannique<\/a><\/h3>\n        <div class=\"wp-block-post-excerpt\"><p class=\"wp-block-post-excerpt__excerpt\">Dans ce qui constitue rupture nette des engagements f\u00e9d\u00e9raux en mati\u00e8re de climat et de respect des droits des peuples autochtones, le gouvernement Carney a sign\u00e9 un protocole <\/p><\/div>\n        \n        <div class=\"wp-block-group posts-list-meta is-layout-flow wp-block-group-is-layout-flow\"><span class='article-list-item-author'><a data-ga-category=\"Posts List\" data-ga-action=\"Author\" data-ga-label=\"n\/a\" href='https:\/\/www.greenpeace.org\/canada\/fr\/author\/poumarou\/'>Patou Oumarou<\/a><\/span>\n        <div class=\"wp-block-post-date\"><time datetime=\"2025-12-04T17:45:27-05:00\">4 D\u00e9cembre 2025<\/time><\/div>\n        \n        <\/div>\n        <\/div>\n        <\/div>\n\n            <\/li><\/ul>\n\n    \n<div class=\"wp-block-buttons carousel-controls is-horizontal is-content-justification-space-between is-nowrap is-layout-flex wp-container-core-buttons-is-layout-044bd602 wp-block-buttons-is-layout-flex\">\n            <div class=\"wp-block-button carousel-control-prev\"><button type=\"button\" class=\"wp-block-button__link wp-element-button\">Prev<\/button><\/div>\n        \n\n            <div class=\"wp-block-button carousel-control-next\"><button type=\"button\" class=\"wp-block-button__link wp-element-button\">Next<\/button><\/div>\n        <\/div>\n\n\n    <li class=\" wp-block-navigation-item see-all-link wp-block-navigation-link\"><a class=\"wp-block-navigation-item__content\"  href=\"http:\/\/www.greenpeace.org\/canada\/en\/news-stories\/?tag=indigenous&#038;post-type=publication\"><span data-ga-category=\"Posts List\" data-ga-action=\"See More Link\" data-ga-label=\"n\/a\" class=\"wp-block-navigation-item__label\">See all stories<\/span><\/a><\/li><\/div>\n    ","protected":false},"excerpt":{"rendered":"<p>Greenpeace s\u2019engage \u00e0 consulter et collaborer avec les Peuples autochtones du Canada pour s\u2019assurer que ses campagnes et ses prises de position respectent leurs droits traditionnels et leurs trait\u00e9s. Afin de respecter et d\u2019exposer ces engagements, Greenpeace Canada a cr\u00e9\u00e9 et adopt\u00e9 une Politique sur les droits des Peuples autochtones.<\/p>\n","protected":false},"author":9,"featured_media":5016,"parent":0,"menu_order":0,"comment_status":"closed","ping_status":"closed","template":"","meta":{"ep_exclude_from_search":false,"p4_hide_page_title_checkbox":"on","p4_title":"","p4_subtitle":"","p4_description":"","background_image_id":"","background_image":"","p4_button_title":"","p4_button_link":"","p4_button_link_checkbox":"","p4_og_title":"","p4_og_description":"","p4_og_image":"","p4_og_image_id":"","p4_seo_canonical_url":"","p4_campaign_name":"not set","p4_local_project":"","p4_basket_name":"not set","p4_department":"","footnotes":""},"categories":[],"tags":[],"class_list":["post-18959","page","type-page","status-publish","has-post-thumbnail","hentry"],"_links":{"self":[{"href":"https:\/\/www.greenpeace.org\/canada\/fr\/wp-json\/wp\/v2\/pages\/18959","targetHints":{"allow":["GET"]}}],"collection":[{"href":"https:\/\/www.greenpeace.org\/canada\/fr\/wp-json\/wp\/v2\/pages"}],"about":[{"href":"https:\/\/www.greenpeace.org\/canada\/fr\/wp-json\/wp\/v2\/types\/page"}],"author":[{"embeddable":true,"href":"https:\/\/www.greenpeace.org\/canada\/fr\/wp-json\/wp\/v2\/users\/9"}],"replies":[{"embeddable":true,"href":"https:\/\/www.greenpeace.org\/canada\/fr\/wp-json\/wp\/v2\/comments?post=18959"}],"version-history":[{"count":15,"href":"https:\/\/www.greenpeace.org\/canada\/fr\/wp-json\/wp\/v2\/pages\/18959\/revisions"}],"predecessor-version":[{"id":75114,"href":"https:\/\/www.greenpeace.org\/canada\/fr\/wp-json\/wp\/v2\/pages\/18959\/revisions\/75114"}],"wp:featuredmedia":[{"embeddable":true,"href":"https:\/\/www.greenpeace.org\/canada\/fr\/wp-json\/wp\/v2\/media\/5016"}],"wp:attachment":[{"href":"https:\/\/www.greenpeace.org\/canada\/fr\/wp-json\/wp\/v2\/media?parent=18959"}],"wp:term":[{"taxonomy":"category","embeddable":true,"href":"https:\/\/www.greenpeace.org\/canada\/fr\/wp-json\/wp\/v2\/categories?post=18959"},{"taxonomy":"post_tag","embeddable":true,"href":"https:\/\/www.greenpeace.org\/canada\/fr\/wp-json\/wp\/v2\/tags?post=18959"}],"curies":[{"name":"wp","href":"https:\/\/api.w.org\/{rel}","templated":true}]}}