{"id":2106,"date":"2018-06-21T16:36:28","date_gmt":"2018-06-21T16:36:28","guid":{"rendered":"https:\/\/www.greenpeace.org\/canada\/?page_id=2106"},"modified":"2024-03-26T08:50:40","modified_gmt":"2024-03-26T12:50:40","slug":"designations","status":"publish","type":"page","link":"https:\/\/www.greenpeace.org\/canada\/fr\/designations\/","title":{"rendered":"D\u00e9signations"},"content":{"rendered":"\n                    <div class=\"wp-block-group is-vertical is-layout-flex wp-container-core-group-is-layout-8cf370e7 wp-block-group-is-layout-flex\">\n                    \n\n                    \n                    <\/div>\n                    <p>                Greenpeace forme un r\u00e9seau compos\u00e9 de Greenpeace International et de vingt-six organismes nationaux et r\u00e9gionaux de Greenpeace, tous des entit\u00e9s distinctes et ind\u00e9pendantes.<\/p>\n<p>Le contenu de chaque section de greenpeace.org est publi\u00e9 et g\u00e9r\u00e9 par l\u2019entit\u00e9 qui en est responsable. Par exemple, le contenu \u00e9ditorial des pages dont l\u2019adresse commence par http:\/\/www.greenpeace.org\/canada rel\u00e8ve de Greenpeace Canada. Pour toute question, suggestion ou tout commentaire, veuillez communiquer avec l\u2019entit\u00e9 Greenpeace concern\u00e9e. En r\u00e8gle g\u00e9n\u00e9rale, vous pouvez voir en haut de chaque page la section dans laquelle vous vous trouvez.<\/p>\n<p>Pour des raisons de commodit\u00e9, nous pouvons mentionner \u00ab Greenpeace \u00bb sur ce site Web lorsque nous parlons de Greenpeace Canada ou de l\u2019une des organisations nationales ou r\u00e9gionales de Greenpeace. De plus, pour all\u00e9ger le texte, les termes \u00ab nous \u00bb, \u00ab notre \u00bb et \u00ab nos \u00bb peuvent \u00e9galement \u00eatre utilis\u00e9s pour d\u00e9signer d\u2019autres entit\u00e9s du r\u00e9seau de Greenpeace et leurs personnels, activistes et b\u00e9n\u00e9voles respectifs.<\/p>\n","protected":false},"excerpt":{"rendered":"<p>Greenpeace forme un r\u00e9seau compos\u00e9 de Greenpeace International et de vingt-six organismes nationaux et r\u00e9gionaux de Greenpeace, tous des entit\u00e9s distinctes et ind\u00e9pendantes. Le contenu de chaque section de greenpeace.org est publi\u00e9 et g\u00e9r\u00e9 par l\u2019entit\u00e9 qui en est responsable. Par exemple, le contenu \u00e9ditorial des pages dont l\u2019adresse commence par http:\/\/www.greenpeace.org\/canada rel\u00e8ve de Greenpeace [&hellip;]<\/p>\n","protected":false},"author":7,"featured_media":0,"parent":0,"menu_order":0,"comment_status":"closed","ping_status":"closed","template":"page-templates\/evergreen.php","meta":{"ep_exclude_from_search":false,"p4_hide_page_title_checkbox":"","p4_title":"","p4_subtitle":"","p4_description":"","background_image_id":"","background_image":"","p4_button_title":"","p4_button_link":"","p4_button_link_checkbox":"","p4_og_title":"","p4_og_description":"","p4_og_image":"","p4_og_image_id":"","p4_seo_canonical_url":"","p4_campaign_name":"not set","p4_local_project":"not set","p4_basket_name":"not set","p4_department":"","footnotes":""},"categories":[4],"tags":[],"class_list":["post-2106","page","type-page","status-publish","hentry","category-climate"],"_links":{"self":[{"href":"https:\/\/www.greenpeace.org\/canada\/fr\/wp-json\/wp\/v2\/pages\/2106","targetHints":{"allow":["GET"]}}],"collection":[{"href":"https:\/\/www.greenpeace.org\/canada\/fr\/wp-json\/wp\/v2\/pages"}],"about":[{"href":"https:\/\/www.greenpeace.org\/canada\/fr\/wp-json\/wp\/v2\/types\/page"}],"author":[{"embeddable":true,"href":"https:\/\/www.greenpeace.org\/canada\/fr\/wp-json\/wp\/v2\/users\/7"}],"replies":[{"embeddable":true,"href":"https:\/\/www.greenpeace.org\/canada\/fr\/wp-json\/wp\/v2\/comments?post=2106"}],"version-history":[{"count":3,"href":"https:\/\/www.greenpeace.org\/canada\/fr\/wp-json\/wp\/v2\/pages\/2106\/revisions"}],"predecessor-version":[{"id":64354,"href":"https:\/\/www.greenpeace.org\/canada\/fr\/wp-json\/wp\/v2\/pages\/2106\/revisions\/64354"}],"wp:attachment":[{"href":"https:\/\/www.greenpeace.org\/canada\/fr\/wp-json\/wp\/v2\/media?parent=2106"}],"wp:term":[{"taxonomy":"category","embeddable":true,"href":"https:\/\/www.greenpeace.org\/canada\/fr\/wp-json\/wp\/v2\/categories?post=2106"},{"taxonomy":"post_tag","embeddable":true,"href":"https:\/\/www.greenpeace.org\/canada\/fr\/wp-json\/wp\/v2\/tags?post=2106"}],"curies":[{"name":"wp","href":"https:\/\/api.w.org\/{rel}","templated":true}]}}