{"id":2108,"date":"2018-06-21T16:44:35","date_gmt":"2018-06-21T16:44:35","guid":{"rendered":"https:\/\/www.greenpeace.org\/canada\/?page_id=2108"},"modified":"2025-05-06T10:58:37","modified_gmt":"2025-05-06T14:58:37","slug":"notre-histoire","status":"publish","type":"page","link":"https:\/\/www.greenpeace.org\/canada\/fr\/qui-sommes-nous\/notre-histoire\/","title":{"rendered":"Notre histoire, nos succ\u00e8s"},"content":{"rendered":"\n\n<div class=\"wp-block-group alignfull is-layout-flow wp-block-group-is-layout-flow\">\n<div class=\"wp-block-group container is-layout-flow wp-block-group-is-layout-flow\">\n<div class=\"wp-block-media-text alignfull has-media-on-the-right is-stacked-on-mobile is-pattern-p4-page-header is-style-parallax\"><div class=\"wp-block-media-text__content\">\n<div class=\"wp-block-group is-layout-flow wp-block-group-is-layout-flow\">\n<h1 class=\"wp-block-heading has-white-background-color has-background\">\n                            Notre histoire\n                        <\/h1>\n<\/div>\n\n\n\n<p style=\"font-size:1rem\">En septembre 1971, motiv\u00e9\u00b7es par leur vision d\u2019un monde dans lequel prime le respect de la nature, douze militant\u00b7es prennent la mer \u00e0 bord d\u2019un bateau de p\u00eache depuis Vancouver. Convaincu\u00b7es que quelques individus peuvent changer les choses. Leur mission\u2009? Attirer l\u2019attention sur les essais nucl\u00e9aires am\u00e9ricains au large de l\u2019\u00eele d\u2019Amchitka et tenter de les arr\u00eater.<\/p>\n<\/div><figure class=\"wp-block-media-text__media\"><img loading=\"lazy\" decoding=\"async\" width=\"1200\" height=\"824\" src=\"https:\/\/www.greenpeace.org\/static\/planet4-canada-stateless\/2018\/06\/GP0Z7D.jpg\" alt=\"\" sizes=\"auto, (min-width: 601px) 50vw, 100vw\" srcset=\"https:\/\/www.greenpeace.org\/static\/planet4-canada-stateless\/2018\/06\/GP0Z7D.jpg 1200w, https:\/\/www.greenpeace.org\/static\/planet4-canada-stateless\/2018\/06\/GP0Z7D-300x206.jpg 300w, https:\/\/www.greenpeace.org\/static\/planet4-canada-stateless\/2018\/06\/GP0Z7D-768x527.jpg 768w, https:\/\/www.greenpeace.org\/static\/planet4-canada-stateless\/2018\/06\/GP0Z7D-1024x703.jpg 1024w, https:\/\/www.greenpeace.org\/static\/planet4-canada-stateless\/2018\/06\/GP0Z7D-495x340.jpg 495w\" class=\"wp-image-1339 size-full\"\/><\/figure><\/div>\n\n\n\n<p>Joni Mitchell, Phil Ochs et James Taylor donnent un concert-b\u00e9n\u00e9fice au Pacific Coliseum de Vancouver pour recueillir des fonds pour la mission. Quelque 16 000 personnes y assistent. Encourag\u00e9 par cet accueil chaleureux, l\u2019\u00e9quipage d\u00e9cide de rebaptiser le vieux bateau de p\u00eache \u00e0 bord duquel ils et elles s\u2019appr\u00eatent \u00e0 monter. Mais comme \u00ab Green Peace \u00bb ne rentre pas sur les macarons, ils d\u00e9cident de fusionner les deux mots : Green Peace devient Greenpeace.<\/p>\n\n\n\n<p>En fin de compte, le bateau ne se rendra jamais jusqu\u2019\u00e0 Amchitka et l\u2019essai nucl\u00e9aire finira par avoir lieu. Ce sera cependant le dernier essai am\u00e9ricain dans la r\u00e9gion. L\u2019initiative de ces jeunes visionnaires aura r\u00e9ussi \u00e0 influencer l\u2019opinion publique, et la mission de Greenpeace \u00e0 toucher la population canadienne. Leurs id\u00e9es, diffus\u00e9es dans le monde entier dans les mois suivants, entra\u00eeneront la naissance d\u2019un mouvement plus vaste, beaucoup plus vaste.<\/p>\n\n\n\n<p>Aujourd\u2019hui, Greenpeace est l\u2019organisation environnementale la plus connue au monde. Elle est pr\u00e9sente dans plus de 55 pays et compte des millions d\u2019adh\u00e9rent\u00b7es. Avec le recul, Amchitka n\u2019\u00e9tait en fait que le d\u00e9but de ce qui allait devenir une grande aventure.<\/p>\n\n\n\n<h2 class=\"wp-block-heading has-text-align-center has-beige-100-background-color has-background\">Voici quelques-unes de nos victoires depuis 1971<\/h2>\n\n\n\n<p class=\"has-white-background-color has-background\">1972 : \u00c0 la suite de la premi\u00e8re action de Greenpeace, en 1971, les \u00c9tats-Unis abandonnent le site d\u2019essais nucl\u00e9aires de l\u2019\u00eele d\u2019Amchitka, en Alaska.<\/p>\n\n\n\n<p class=\"has-beige-100-background-color has-background\">1982 : Apr\u00e8s des actions en mer contre des baleiniers industriels, la Commission baleini\u00e8re internationale adopte un moratoire sur la chasse commerciale \u00e0 la baleine.<\/p>\n\n\n\n<p class=\"has-white-background-color has-background\">1991 : \u00c0 la suite des pressions exerc\u00e9es par Greenpeace et par d\u2019autres organisations, les 39 signataires du Trait\u00e9 sur l\u2019Antarctique s\u2019entendent pour interdire toute exploitation mini\u00e8re sur ce continent pour une dur\u00e9e de 50 ans.<\/p>\n\n\n\n<p class=\"has-beige-100-background-color has-background\">2011 : Apr\u00e8s la publication du rapport de Greenpeace intitul\u00e9 <em>Dirty Laundry<\/em> [Linge sale], de grandes marques de v\u00eatements s\u2019engagent \u00e0 mettre un terme aux rejets de produits chimiques dangereux associ\u00e9s \u00e0 la fabrication et \u00e0 l\u2019entretien de leurs produits, et ce, dans les 10 prochaines ann\u00e9es.<\/p>\n\n\n\n<p class=\"has-white-background-color has-background\">2016 : Apr\u00e8s des d\u00e9cennies de campagnee, contre l\u2019exploitation foresti\u00e8re industrielle, Greenpeace r\u00e9ussit \u00e0 obtenir la protection de 85 % de la superficie bois\u00e9e de la for\u00eat pluviale du Grand Ours, en Colombie-Britannique.<\/p>\n\n\n\n<p class=\"has-beige-100-background-color has-background\">2016 : Apr\u00e8s trois ans de d\u00e9marches judiciaires soutenues, les Inuits de Clyde River et Greenpeace Canada r\u00e9ussissent \u00e0 mettre un terme aux d\u00e9tonations sismiques, une m\u00e9thode d\u2019exploration p\u00e9troli\u00e8re dangereuse pour les esp\u00e8ces marines de l\u2019Arctique canadien.<\/p>\n\n\n\n<p class=\"has-white-background-color has-background\">2017 : Apr\u00e8s plus de cinq ans de campagne, Greenpeace parvient, avec l\u2019aide de groupes citoyens, de partenaires et d\u2019autres organisations environnementales, \u00e0 dissuader TransCanada de construire le pipeline de sables bitumineux \u00c9nergie Est.<\/p>\n\n\n\n<p class=\"has-beige-100-background-color has-background\">2019 : Greenpeace Canada apporte un soutien organisationnel et mat\u00e9riel au mouvement de <a href=\"https:\/\/www.greenpeace.org\/canada\/en\/story\/25523\/it-was-historic-7-6-million-strike-for-climate-action\/\">gr\u00e8ve \u00e9tudiante pour le climat<\/a>, qui prend de l&rsquo;ampleur et devient de plus en plus populaire, avec plus de 750 000 personnes mobilis\u00e9es dans tout le Canada.<\/p>\n\n\n\n<p class=\"has-white-background-color has-background\">2020 : L&rsquo;entreprise \u00e0 l&rsquo;origine du projet de mine de sables bitumineux Teck Frontier d\u00e9cide de retirer sa demande le 25 f\u00e9vrier, juste avant le jour de la d\u00e9cision du cabinet f\u00e9d\u00e9ral. Gr\u00e2ce \u00e0 des ann\u00e9es de surveillance, <a href=\"https:\/\/www.greenpeace.org\/canada\/en\/story\/29438\/this-is-big-we-won-the-rejectteck-campaign\/\">Greenpeace et ses alli\u00e9\u00b7es, comme Indigenous Climate Action, ont r\u00e9ussi \u00e0 faire passer ce projet au premier plan de l&rsquo;agenda public et m\u00e9diatique<\/a>, le transformant en test d\u00e9cisif de l&rsquo;engagement du gouvernement Trudeau, nouvellement \u00e9lu, \u00e0 s&rsquo;attaquer \u00e0 la crise climatique.<\/p>\n\n\n\n<p class=\"has-beige-100-background-color has-background\">2021 :&nbsp; Le gouvernement qu\u00e9b\u00e9cois rejette le <a href=\"https:\/\/www.greenpeace.org\/canada\/fr\/histoires\/49306\/immense-victoire-citoyenne-le-projet-gnl-quebec-est-rejete\/\">projet GNL<\/a>, qui pr\u00e9voyait la construction d&rsquo;un nouveau gazoduc acheminant le gaz naturel au Qu\u00e9bec en vue de son exportation par bateau. Greenpeace organise des milliers de sympathisant\u00b7es, m\u00e8ne des actions directes et fait r\u00e9aliser des recherches pour d\u00e9montrer que le projet ne ferait qu&rsquo;acc\u00e9l\u00e9rer les changements climatiques.<\/p>\n\n\n\n<p class=\"has-white-background-color has-background\">2022 : Greenpeace Canada se range aux c\u00f4t\u00e9s des chasseur\u00b7ses inuit\u00b7es contre <a href=\"https:\/\/www.greenpeace.org\/canada\/fr\/histoires\/57133\/une-dose-de-bonnes-nouvelles-pour-la-nouvelle-annee\/\">l&rsquo;expansion de la mine de Baffinland<\/a>, qui mettait en p\u00e9ril l&rsquo;\u00e9cosyst\u00e8me d\u00e9licat de l&rsquo;Arctique et les moyens de subsistance des communaut\u00e9s autochtones. Avec le refus du gouvernement de proc\u00e9der \u00e0 cette expansion, l&rsquo;Arctique et ses habitant\u00b7es sont \u00e0 l&rsquo;abri de cette menace &#8211; une victoire consid\u00e9rable.&nbsp;2023 : Le <a href=\"https:\/\/www.greenpeace.org\/canada\/fr\/communique-de-presse\/63767\/reaction-de-greenpeace-canada-a-la-signature-du-traite-des-nations-unies-sur-les-oceans-par-le-canada\/\">Trait\u00e9 des Nations Unies sur les oc\u00e9ans<\/a> est adopt\u00e9, marquant une \u00e9tape historique. Il ouvre la voie \u00e0 l&rsquo;\u00e9tablissement d&rsquo;un r\u00e9seau de sanctuaires oc\u00e9aniques en haute mer et propose une approche plus durable et plus \u00e9quitable de la gestion des oc\u00e9ans. Greenpeace Canada a fait campagne sur cette initiative mondiale, plaidant pour un trait\u00e9 solide et exhortant le gouvernement f\u00e9d\u00e9ral \u00e0 s&rsquo;engager \u00e0 prot\u00e9ger 30 % des oc\u00e9ans d&rsquo;ici 2030.<\/p>\n\n\n\n<p>Depuis plus de quarante ans, Greenpeace a contribu\u00e9 \u00e0 d\u2019importants changements \u00e0 travers le monde et remport\u00e9 de nombreux succ\u00e8s.<\/p>\n\n\n\n<p>D\u00e9couvrez <a href=\"http:\/\/www.tiki-toki.com\/timeline\/entry\/594418\/Greenpeace\/#vars!date=2049-09-12_19:55:20!\">toutes les victoires et succ\u00e8s depuis 1971<\/a> en anglais sur le site de Greenpeace International.<\/p>\n<\/div>\n<\/div>\n\n\n\n<div class=\"wp-block-group alignfull block has-beige-100-background-color has-background is-layout-flow wp-block-group-is-layout-flow\">\n<div class=\"wp-block-group container is-layout-flow wp-block-group-is-layout-flow\">\n<div style=\"height:30px\" aria-hidden=\"true\" class=\"wp-block-spacer\"><\/div>\n\n\n\n<h4 class=\"wp-block-heading\">Continuez \u00e0 vous informer sur Greenpeace<\/h4>\n\n\n\n\n<div class=\"wp-block-group alignfull block has-beige-100-background-color has-background is-layout-flow wp-block-group-is-layout-flow\">\n<div class=\"wp-block-group container is-layout-flow wp-block-group-is-layout-flow\">\n<div class=\"wp-block-columns is-style-mobile-carousel is-layout-flex wp-container-core-columns-is-layout-9d6595d7 wp-block-columns-is-layout-flex\">\n<div class=\"wp-block-column is-layout-flow wp-block-column-is-layout-flow\">\n<div class=\"wp-block-group group-stretched-link is-layout-flow wp-block-group-is-layout-flow\">\n<figure class=\"wp-block-image aligncenter size-full is-resized is-style-rounded-90 force-no-lightbox force-no-caption mb-0\"><a href=\"https:\/\/www.greenpeace.org\/canada\/fr\/qui-sommes-nous\/\"><img loading=\"lazy\" decoding=\"async\" width=\"512\" height=\"512\" src=\"https:\/\/www.greenpeace.org\/static\/planet4-canada-stateless\/2024\/06\/b60e86b1-about-us.png\" alt=\"\" class=\"wp-image-66260\" srcset=\"https:\/\/www.greenpeace.org\/static\/planet4-canada-stateless\/2024\/06\/b60e86b1-about-us.png 512w, https:\/\/www.greenpeace.org\/static\/planet4-canada-stateless\/2024\/06\/b60e86b1-about-us-300x300.png 300w, https:\/\/www.greenpeace.org\/static\/planet4-canada-stateless\/2024\/06\/b60e86b1-about-us-150x150.png 150w, https:\/\/www.greenpeace.org\/static\/planet4-canada-stateless\/2024\/06\/b60e86b1-about-us-340x340.png 340w\" sizes=\"auto, (max-width: 512px) 100vw, 512px\" \/><\/a><\/figure>\n\n\n\n<div style=\"height:16px\" aria-hidden=\"true\" class=\"wp-block-spacer\"><\/div>\n\n\n\n<h5 class=\"wp-block-heading has-text-align-center\" style=\"font-size:1rem\"><a href=\"https:\/\/www.greenpeace.org\/canada\/fr\/qui-sommes-nous\/\">\u00c0 propos<\/a><\/h5>\n<\/div>\n<\/div>\n\n\n\n<div class=\"wp-block-column is-layout-flow wp-block-column-is-layout-flow\">\n<div class=\"wp-block-group group-stretched-link is-layout-flow wp-block-group-is-layout-flow\">\n<figure class=\"wp-block-image aligncenter size-full is-resized is-style-rounded-90 force-no-lightbox force-no-caption mb-0\"><a href=\"https:\/\/www.greenpeace.org\/canada\/fr\/qui-sommes-nous\/notre-conseil-dadministration\/\"><img loading=\"lazy\" decoding=\"async\" width=\"512\" height=\"512\" src=\"https:\/\/www.greenpeace.org\/static\/planet4-canada-stateless\/2025\/02\/54afc1b0-board-black.png\" alt=\"\" class=\"wp-image-68529\" srcset=\"https:\/\/www.greenpeace.org\/static\/planet4-canada-stateless\/2025\/02\/54afc1b0-board-black.png 512w, https:\/\/www.greenpeace.org\/static\/planet4-canada-stateless\/2025\/02\/54afc1b0-board-black-300x300.png 300w, https:\/\/www.greenpeace.org\/static\/planet4-canada-stateless\/2025\/02\/54afc1b0-board-black-150x150.png 150w, https:\/\/www.greenpeace.org\/static\/planet4-canada-stateless\/2025\/02\/54afc1b0-board-black-340x340.png 340w\" sizes=\"auto, (max-width: 512px) 100vw, 512px\" \/><\/a><\/figure>\n\n\n\n<div style=\"height:16px\" aria-hidden=\"true\" class=\"wp-block-spacer\"><\/div>\n\n\n\n<h5 class=\"wp-block-heading has-text-align-center\" style=\"font-size:1rem\"><a href=\"https:\/\/www.greenpeace.org\/canada\/fr\/qui-sommes-nous\/notre-conseil-dadministration\/\">Notre conseil<\/a><\/h5>\n<\/div>\n<\/div>\n\n\n\n<div class=\"wp-block-column is-layout-flow wp-block-column-is-layout-flow\">\n<div class=\"wp-block-group group-stretched-link is-layout-flow wp-block-group-is-layout-flow\">\n<figure class=\"wp-block-image aligncenter size-full is-resized is-style-rounded-90 force-no-lightbox force-no-caption mb-0\"><a href=\"https:\/\/www.greenpeace.org\/canada\/fr\/qui-sommes-nous\/notre-histoire\/\"><img loading=\"lazy\" decoding=\"async\" width=\"512\" height=\"512\" src=\"https:\/\/www.greenpeace.org\/static\/planet4-canada-stateless\/2024\/06\/607759a3-victories.png\" alt=\"\" class=\"wp-image-66263\" srcset=\"https:\/\/www.greenpeace.org\/static\/planet4-canada-stateless\/2024\/06\/607759a3-victories.png 512w, https:\/\/www.greenpeace.org\/static\/planet4-canada-stateless\/2024\/06\/607759a3-victories-300x300.png 300w, https:\/\/www.greenpeace.org\/static\/planet4-canada-stateless\/2024\/06\/607759a3-victories-150x150.png 150w, https:\/\/www.greenpeace.org\/static\/planet4-canada-stateless\/2024\/06\/607759a3-victories-340x340.png 340w\" sizes=\"auto, (max-width: 512px) 100vw, 512px\" \/><\/a><\/figure>\n\n\n\n<div style=\"height:16px\" aria-hidden=\"true\" class=\"wp-block-spacer\"><\/div>\n\n\n\n<h5 class=\"wp-block-heading has-text-align-center\" style=\"font-size:1rem\"><a href=\"https:\/\/www.greenpeace.org\/canada\/fr\/qui-sommes-nous\/notre-histoire\/\">Nos victoires<\/a><\/h5>\n<\/div>\n<\/div>\n\n\n\n<div class=\"wp-block-column is-layout-flow wp-block-column-is-layout-flow\">\n<div class=\"wp-block-group group-stretched-link is-layout-flow wp-block-group-is-layout-flow\">\n<figure class=\"wp-block-image aligncenter size-full is-resized is-style-rounded-90 force-no-lightbox force-no-caption mb-0\"><a href=\"https:\/\/www.greenpeace.org\/canada\/fr\/qui-sommes-nous\/bateaux\/\"><img loading=\"lazy\" decoding=\"async\" width=\"512\" height=\"512\" src=\"https:\/\/www.greenpeace.org\/static\/planet4-canada-stateless\/2024\/06\/3c2df8c7-ships.png\" alt=\"\" class=\"wp-image-66288\" srcset=\"https:\/\/www.greenpeace.org\/static\/planet4-canada-stateless\/2024\/06\/3c2df8c7-ships.png 512w, https:\/\/www.greenpeace.org\/static\/planet4-canada-stateless\/2024\/06\/3c2df8c7-ships-300x300.png 300w, https:\/\/www.greenpeace.org\/static\/planet4-canada-stateless\/2024\/06\/3c2df8c7-ships-150x150.png 150w, https:\/\/www.greenpeace.org\/static\/planet4-canada-stateless\/2024\/06\/3c2df8c7-ships-340x340.png 340w\" sizes=\"auto, (max-width: 512px) 100vw, 512px\" \/><\/a><\/figure>\n\n\n\n<div style=\"height:16px\" aria-hidden=\"true\" class=\"wp-block-spacer\"><\/div>\n\n\n\n<h5 class=\"wp-block-heading has-text-align-center\" style=\"font-size:1rem\"><a href=\"https:\/\/www.greenpeace.org\/canada\/fr\/qui-sommes-nous\/bateaux\/\">Notre flotte<\/a><\/h5>\n<\/div>\n<\/div>\n\n\n\n<div class=\"wp-block-column is-layout-flow wp-block-column-is-layout-flow\">\n<div class=\"wp-block-group group-stretched-link is-layout-flow wp-block-group-is-layout-flow\">\n<figure class=\"wp-block-image aligncenter size-full is-resized is-style-rounded-90 force-no-lightbox force-no-caption mb-0\"><a href=\"https:\/\/www.greenpeace.org\/canada\/fr\/qui-sommes-nous\/nos-valeurs\/\"><img loading=\"lazy\" decoding=\"async\" width=\"512\" height=\"512\" src=\"https:\/\/www.greenpeace.org\/static\/planet4-canada-stateless\/2024\/06\/498ea947-our-values.png\" alt=\"\" class=\"wp-image-66285\" srcset=\"https:\/\/www.greenpeace.org\/static\/planet4-canada-stateless\/2024\/06\/498ea947-our-values.png 512w, https:\/\/www.greenpeace.org\/static\/planet4-canada-stateless\/2024\/06\/498ea947-our-values-300x300.png 300w, https:\/\/www.greenpeace.org\/static\/planet4-canada-stateless\/2024\/06\/498ea947-our-values-150x150.png 150w, https:\/\/www.greenpeace.org\/static\/planet4-canada-stateless\/2024\/06\/498ea947-our-values-340x340.png 340w\" sizes=\"auto, (max-width: 512px) 100vw, 512px\" \/><\/a><\/figure>\n\n\n\n<div style=\"height:16px\" aria-hidden=\"true\" class=\"wp-block-spacer\"><\/div>\n\n\n\n<h5 class=\"wp-block-heading has-text-align-center\" style=\"font-size:1rem\"><a href=\"https:\/\/www.greenpeace.org\/canada\/fr\/qui-sommes-nous\/nos-valeurs\/\">Nos valeurs<\/a><\/h5>\n<\/div>\n<\/div>\n<\/div>\n<\/div>\n<\/div>\n\n\n\n\n<div class=\"wp-block-columns is-style-mobile-carousel is-layout-flex wp-container-core-columns-is-layout-9d6595d7 wp-block-columns-is-layout-flex\">\n<div class=\"wp-block-column is-layout-flow wp-block-column-is-layout-flow\">\n<div class=\"wp-block-group group-stretched-link is-layout-flow wp-block-group-is-layout-flow\">\n<figure class=\"wp-block-image aligncenter size-full is-resized is-style-rounded-90 force-no-lightbox force-no-caption mb-0\"><a href=\"https:\/\/www.greenpeace.org\/canada\/fr\/emplois\/\"><img loading=\"lazy\" decoding=\"async\" width=\"512\" height=\"512\" src=\"https:\/\/www.greenpeace.org\/static\/planet4-canada-stateless\/2024\/06\/08eeca90-jobs.png\" alt=\"\" class=\"wp-image-66282\" srcset=\"https:\/\/www.greenpeace.org\/static\/planet4-canada-stateless\/2024\/06\/08eeca90-jobs.png 512w, https:\/\/www.greenpeace.org\/static\/planet4-canada-stateless\/2024\/06\/08eeca90-jobs-300x300.png 300w, https:\/\/www.greenpeace.org\/static\/planet4-canada-stateless\/2024\/06\/08eeca90-jobs-150x150.png 150w, https:\/\/www.greenpeace.org\/static\/planet4-canada-stateless\/2024\/06\/08eeca90-jobs-340x340.png 340w\" sizes=\"auto, (max-width: 512px) 100vw, 512px\" \/><\/a><\/figure>\n\n\n\n<div style=\"height:16px\" aria-hidden=\"true\" class=\"wp-block-spacer\"><\/div>\n\n\n\n<h5 class=\"wp-block-heading has-text-align-center\" style=\"font-size:1rem\"><a href=\"https:\/\/www.greenpeace.org\/canada\/fr\/emplois\/\" data-type=\"link\" data-id=\"https:\/\/www.greenpeace.org\/canada\/en\/jobs\/\">Carri\u00e8res<\/a><\/h5>\n<\/div>\n<\/div>\n\n\n\n<div class=\"wp-block-column is-layout-flow wp-block-column-is-layout-flow\">\n<div class=\"wp-block-group group-stretched-link is-layout-flow wp-block-group-is-layout-flow\">\n<figure class=\"wp-block-image aligncenter size-full is-resized is-style-rounded-90 force-no-lightbox force-no-caption mb-0\"><a href=\"https:\/\/www.greenpeace.org\/canada\/fr\/qui-sommes-nous\/fonds-education\/\"><img loading=\"lazy\" decoding=\"async\" width=\"512\" height=\"512\" src=\"https:\/\/www.greenpeace.org\/static\/planet4-canada-stateless\/2024\/06\/8f0ca816-gcef.png\" alt=\"\" class=\"wp-image-66276\" srcset=\"https:\/\/www.greenpeace.org\/static\/planet4-canada-stateless\/2024\/06\/8f0ca816-gcef.png 512w, https:\/\/www.greenpeace.org\/static\/planet4-canada-stateless\/2024\/06\/8f0ca816-gcef-300x300.png 300w, https:\/\/www.greenpeace.org\/static\/planet4-canada-stateless\/2024\/06\/8f0ca816-gcef-150x150.png 150w, https:\/\/www.greenpeace.org\/static\/planet4-canada-stateless\/2024\/06\/8f0ca816-gcef-340x340.png 340w\" sizes=\"auto, (max-width: 512px) 100vw, 512px\" \/><\/a><\/figure>\n\n\n\n<div style=\"height:16px\" aria-hidden=\"true\" class=\"wp-block-spacer\"><\/div>\n\n\n\n<h5 class=\"wp-block-heading has-text-align-center\" style=\"font-size:1rem\"><a href=\"https:\/\/www.greenpeace.org\/canada\/fr\/qui-sommes-nous\/fonds-education\/\">Fonds d&rsquo;\u00e9ducation Greenpeace Canada<\/a><\/h5>\n<\/div>\n<\/div>\n\n\n\n<div class=\"wp-block-column is-layout-flow wp-block-column-is-layout-flow\">\n<div class=\"wp-block-group group-stretched-link is-layout-flow wp-block-group-is-layout-flow\">\n<figure class=\"wp-block-image aligncenter size-full is-resized is-style-rounded-90 force-no-lightbox force-no-caption mb-0\"><a href=\"https:\/\/www.greenpeace.org\/canada\/fr\/qui-sommes-nous\/nos-politiques\/\"><img loading=\"lazy\" decoding=\"async\" width=\"512\" height=\"512\" src=\"https:\/\/www.greenpeace.org\/static\/planet4-canada-stateless\/2024\/06\/06fb9746-policies.png\" alt=\"\" class=\"wp-image-66273\" srcset=\"https:\/\/www.greenpeace.org\/static\/planet4-canada-stateless\/2024\/06\/06fb9746-policies.png 512w, https:\/\/www.greenpeace.org\/static\/planet4-canada-stateless\/2024\/06\/06fb9746-policies-300x300.png 300w, https:\/\/www.greenpeace.org\/static\/planet4-canada-stateless\/2024\/06\/06fb9746-policies-150x150.png 150w, https:\/\/www.greenpeace.org\/static\/planet4-canada-stateless\/2024\/06\/06fb9746-policies-340x340.png 340w\" sizes=\"auto, (max-width: 512px) 100vw, 512px\" \/><\/a><\/figure>\n\n\n\n<div style=\"height:16px\" aria-hidden=\"true\" class=\"wp-block-spacer\"><\/div>\n\n\n\n<h5 class=\"wp-block-heading has-text-align-center\" style=\"font-size:1rem\"><a href=\"https:\/\/www.greenpeace.org\/canada\/fr\/qui-sommes-nous\/nos-politiques\/\">Nos politiques<\/a><\/h5>\n<\/div>\n<\/div>\n\n\n\n<div class=\"wp-block-column is-layout-flow wp-block-column-is-layout-flow\">\n<div class=\"wp-block-group group-stretched-link is-layout-flow wp-block-group-is-layout-flow\">\n<figure class=\"wp-block-image aligncenter size-full is-resized is-style-rounded-90 force-no-lightbox force-no-caption mb-0\"><a href=\"https:\/\/www.greenpeace.org\/canada\/fr\/qui-sommes-nous\/rapport-annuel\/\"><img loading=\"lazy\" decoding=\"async\" width=\"512\" height=\"512\" src=\"https:\/\/www.greenpeace.org\/static\/planet4-canada-stateless\/2024\/06\/c91fd7f2-impact-report.png\" alt=\"\" class=\"wp-image-66270\" srcset=\"https:\/\/www.greenpeace.org\/static\/planet4-canada-stateless\/2024\/06\/c91fd7f2-impact-report.png 512w, https:\/\/www.greenpeace.org\/static\/planet4-canada-stateless\/2024\/06\/c91fd7f2-impact-report-300x300.png 300w, https:\/\/www.greenpeace.org\/static\/planet4-canada-stateless\/2024\/06\/c91fd7f2-impact-report-150x150.png 150w, https:\/\/www.greenpeace.org\/static\/planet4-canada-stateless\/2024\/06\/c91fd7f2-impact-report-340x340.png 340w\" sizes=\"auto, (max-width: 512px) 100vw, 512px\" \/><\/a><\/figure>\n\n\n\n<div style=\"height:16px\" aria-hidden=\"true\" class=\"wp-block-spacer\"><\/div>\n\n\n\n<h5 class=\"wp-block-heading has-text-align-center\" style=\"font-size:1rem\"><a href=\"https:\/\/www.greenpeace.org\/canada\/fr\/qui-sommes-nous\/rapport-annuel\/\">Rapports d&rsquo;impact<\/a><\/h5>\n<\/div>\n<\/div>\n\n\n\n<div class=\"wp-block-column is-layout-flow wp-block-column-is-layout-flow\">\n<div class=\"wp-block-group group-stretched-link is-layout-flow wp-block-group-is-layout-flow\">\n<figure class=\"wp-block-image aligncenter size-full is-resized is-style-rounded-90 force-no-lightbox force-no-caption mb-0\"><a href=\"https:\/\/www.greenpeace.org\/canada\/fr\/qui-sommes-nous\/protesting-peacefully-to-change-the-world\/\"><img loading=\"lazy\" decoding=\"async\" width=\"512\" height=\"512\" src=\"https:\/\/www.greenpeace.org\/static\/planet4-canada-stateless\/2024\/06\/80961011-protest.png\" alt=\"\" class=\"wp-image-66267\" srcset=\"https:\/\/www.greenpeace.org\/static\/planet4-canada-stateless\/2024\/06\/80961011-protest.png 512w, https:\/\/www.greenpeace.org\/static\/planet4-canada-stateless\/2024\/06\/80961011-protest-300x300.png 300w, https:\/\/www.greenpeace.org\/static\/planet4-canada-stateless\/2024\/06\/80961011-protest-150x150.png 150w, https:\/\/www.greenpeace.org\/static\/planet4-canada-stateless\/2024\/06\/80961011-protest-340x340.png 340w\" sizes=\"auto, (max-width: 512px) 100vw, 512px\" \/><\/a><\/figure>\n\n\n\n<div style=\"height:16px\" aria-hidden=\"true\" class=\"wp-block-spacer\"><\/div>\n\n\n\n<h5 class=\"wp-block-heading has-text-align-center\" style=\"font-size:1rem\"><a href=\"https:\/\/www.greenpeace.org\/canada\/fr\/qui-sommes-nous\/protesting-peacefully-to-change-the-world\/\">La d\u00e9sob\u00e9issance civile<\/a><\/h5>\n<\/div>\n<\/div>\n<\/div>\n<\/div>\n<\/div>\n\n","protected":false},"excerpt":{"rendered":"","protected":false},"author":7,"featured_media":9295,"parent":2192,"menu_order":0,"comment_status":"closed","ping_status":"closed","template":"page-templates\/evergreen.php","meta":{"ep_exclude_from_search":false,"p4_hide_page_title_checkbox":"on","p4_title":"","p4_subtitle":"","p4_description":"","background_image_id":"","background_image":"","p4_button_title":"","p4_button_link":"","p4_button_link_checkbox":"","p4_og_title":"","p4_og_description":"","p4_og_image":"","p4_og_image_id":"","p4_seo_canonical_url":"","p4_campaign_name":"","p4_local_project":"","p4_basket_name":"","p4_department":"","footnotes":""},"categories":[],"tags":[],"class_list":["post-2108","page","type-page","status-publish","has-post-thumbnail","hentry"],"_links":{"self":[{"href":"https:\/\/www.greenpeace.org\/canada\/fr\/wp-json\/wp\/v2\/pages\/2108","targetHints":{"allow":["GET"]}}],"collection":[{"href":"https:\/\/www.greenpeace.org\/canada\/fr\/wp-json\/wp\/v2\/pages"}],"about":[{"href":"https:\/\/www.greenpeace.org\/canada\/fr\/wp-json\/wp\/v2\/types\/page"}],"author":[{"embeddable":true,"href":"https:\/\/www.greenpeace.org\/canada\/fr\/wp-json\/wp\/v2\/users\/7"}],"replies":[{"embeddable":true,"href":"https:\/\/www.greenpeace.org\/canada\/fr\/wp-json\/wp\/v2\/comments?post=2108"}],"version-history":[{"count":19,"href":"https:\/\/www.greenpeace.org\/canada\/fr\/wp-json\/wp\/v2\/pages\/2108\/revisions"}],"predecessor-version":[{"id":69909,"href":"https:\/\/www.greenpeace.org\/canada\/fr\/wp-json\/wp\/v2\/pages\/2108\/revisions\/69909"}],"up":[{"embeddable":true,"href":"https:\/\/www.greenpeace.org\/canada\/fr\/wp-json\/wp\/v2\/pages\/2192"}],"wp:featuredmedia":[{"embeddable":true,"href":"https:\/\/www.greenpeace.org\/canada\/fr\/wp-json\/wp\/v2\/media\/9295"}],"wp:attachment":[{"href":"https:\/\/www.greenpeace.org\/canada\/fr\/wp-json\/wp\/v2\/media?parent=2108"}],"wp:term":[{"taxonomy":"category","embeddable":true,"href":"https:\/\/www.greenpeace.org\/canada\/fr\/wp-json\/wp\/v2\/categories?post=2108"},{"taxonomy":"post_tag","embeddable":true,"href":"https:\/\/www.greenpeace.org\/canada\/fr\/wp-json\/wp\/v2\/tags?post=2108"}],"curies":[{"name":"wp","href":"https:\/\/api.w.org\/{rel}","templated":true}]}}