{"id":2111,"date":"2018-06-21T16:59:47","date_gmt":"2018-06-21T16:59:47","guid":{"rendered":"https:\/\/www.greenpeace.org\/canada\/?page_id=2111"},"modified":"2025-05-06T10:59:33","modified_gmt":"2025-05-06T14:59:33","slug":"nos-valeurs","status":"publish","type":"page","link":"https:\/\/www.greenpeace.org\/canada\/fr\/qui-sommes-nous\/nos-valeurs\/","title":{"rendered":"Nos valeurs"},"content":{"rendered":"\n\n<div class=\"wp-block-group alignfull is-layout-flow wp-block-group-is-layout-flow\">\n<div class=\"wp-block-group container is-layout-flow wp-block-group-is-layout-flow\">\n<div class=\"wp-block-media-text alignfull has-media-on-the-right is-stacked-on-mobile is-pattern-p4-page-header is-style-parallax\"><div class=\"wp-block-media-text__content\">\n<div class=\"wp-block-group is-layout-flow wp-block-group-is-layout-flow\">\n<h1 class=\"wp-block-heading has-white-background-color has-background\">\n                            Nos valeurs\n                        <\/h1>\n<\/div>\n\n\n\n<p style=\"font-size:1.25rem\">\n                            Pour la r\u00e9aliser, nous tenons farouchement \u00e0 rester ind\u00e9pendants de tout pouvoir politique et \u00e9conomique et sommes financ\u00e9s exclusivement par nos adh\u00e9rent\u00b7e\u00b7s. Agissant au local et \u00e0 l\u2019international, nous sommes convaincus que notre mouvement de citoyens et de citoyennes engag\u00e9\u00b7e\u00b7s peut changer le monde.\n                        <\/p>\n<\/div><figure class=\"wp-block-media-text__media\"><img loading=\"lazy\" decoding=\"async\" width=\"800\" height=\"533\" src=\"https:\/\/www.greenpeace.org\/static\/planet4-canada-stateless\/2024\/07\/6d639e72-gp0su03kd_low-res-800px.jpg\" alt=\"\" sizes=\"auto, (min-width: 601px) 50vw, 100vw\" srcset=\"https:\/\/www.greenpeace.org\/static\/planet4-canada-stateless\/2024\/07\/6d639e72-gp0su03kd_low-res-800px.jpg 800w, https:\/\/www.greenpeace.org\/static\/planet4-canada-stateless\/2024\/07\/6d639e72-gp0su03kd_low-res-800px-300x200.jpg 300w, https:\/\/www.greenpeace.org\/static\/planet4-canada-stateless\/2024\/07\/6d639e72-gp0su03kd_low-res-800px-768x512.jpg 768w, https:\/\/www.greenpeace.org\/static\/planet4-canada-stateless\/2024\/07\/6d639e72-gp0su03kd_low-res-800px-510x340.jpg 510w\" class=\"wp-image-66486 size-full\"\/><\/figure><\/div>\n<\/div>\n<\/div>\n\n<h3><strong>Notre mission<\/strong><\/h3>\n<p>L\u2019objectif de Greenpeace est de veiller \u00e0 ce que la Terre conserve sa capacit\u00e9 \u00e0 soutenir la vie dans toute sa diversit\u00e9. Par cons\u00e9quent, Greenpeace a recours \u00e0 la confrontation non violente et cr\u00e9ative dans le but de d\u00e9noncer les probl\u00e8mes environnementaux \u00e0 l\u2019\u00e9chelle mondiale et d\u2019exercer des pressions pour la mise en place de solutions.<\/p>\n<h3><strong>Nos valeurs fondamentales<\/strong><\/h3>\n<p><strong>Nous prenons nos responsabilit\u00e9s<\/strong> : Les actions que nous posons sont r\u00e9alis\u00e9es en toute conscience. En d\u2019autres termes, nous en assumons la pleine responsabilit\u00e9.<\/p>\n<p><strong>Nous sommes pacifistes<\/strong> : La non-violence est un de nos principes fondateurs. Par cons\u00e9quent, toute personne qui participe \u00e0 des actions de Greenpeace b\u00e9n\u00e9ficie au pr\u00e9alable d\u2019une formation \u00e0 l\u2019action directe non violente.<\/p>\n<p><strong>Nous sommes ind\u00e9pendants<\/strong> : Depuis sa cr\u00e9ation, Greenpeace Canada est une organisation ind\u00e9pendante des Etats, des pouvoirs politiques et \u00e9conomiques. Notre seule source de financement provient de particuliers et de fondations (sous forme de bourses).<\/p>\n<p><strong>Nous encourageons le changement et la responsabilisation<\/strong> : Si votre gouvernement ou votre entreprise souhaite changer ses pratiques, nous travaillerons avec vous pour vous aider \u00e0 atteindre vos objectifs. A contrario, si vous faites marche arri\u00e8re, nous reprendrons nos activit\u00e9s militantes. Ce qui compte, ce ne sont pas les mots, mais les gestes concrets.<\/p>\n<p><strong>Nous encourageons les solutions<\/strong> : Pointer du doigt n\u2019est pas notre unique m\u00e9thode d\u2019action. Nous faisons de la recherche, \u00e9laborons et faisons la promotion de mesures concr\u00e8tes pour assurer un avenir durable et \u00e9quitable pour toutes et tous.<\/p>\n<p><strong>Nous respectons les droits autochtones<\/strong> : Greenpeace s\u2019est formellement engag\u00e9e \u00e0 consulter et \u00e0 collaborer avec les Peuples autochtones du Canada pour s\u2019assurer que ses campagnes et ses prises de position respectent leurs droits ancestraux et leurs trait\u00e9s. Pour de plus amples renseignements, veuillez consulter <a href=\"\/canada\/fr\/politique-de-greenpeace-canada-sur-les-droits-des-peuples-autochtones\/\">la Politique de Greenpeace Canada en mati\u00e8re de droits autochtones<\/a>.<\/p>\n\n\n<div class=\"wp-block-group alignfull block has-beige-100-background-color has-background is-layout-flow wp-block-group-is-layout-flow\">\n<div class=\"wp-block-group container is-layout-flow wp-block-group-is-layout-flow\">\n<div style=\"height:30px\" aria-hidden=\"true\" class=\"wp-block-spacer\"><\/div>\n\n\n\n<h4 class=\"wp-block-heading\">Continuez \u00e0 vous informer sur Greenpeace<\/h4>\n\n\n\n\n<div class=\"wp-block-group alignfull block has-beige-100-background-color has-background is-layout-flow wp-block-group-is-layout-flow\">\n<div class=\"wp-block-group container is-layout-flow wp-block-group-is-layout-flow\">\n<div class=\"wp-block-columns is-style-mobile-carousel is-layout-flex wp-container-core-columns-is-layout-9d6595d7 wp-block-columns-is-layout-flex\">\n<div class=\"wp-block-column is-layout-flow wp-block-column-is-layout-flow\">\n<div class=\"wp-block-group group-stretched-link is-layout-flow wp-block-group-is-layout-flow\">\n<figure class=\"wp-block-image aligncenter size-full is-resized is-style-rounded-90 force-no-lightbox force-no-caption mb-0\"><a href=\"https:\/\/www.greenpeace.org\/canada\/fr\/qui-sommes-nous\/\"><img loading=\"lazy\" decoding=\"async\" width=\"512\" height=\"512\" src=\"https:\/\/www.greenpeace.org\/static\/planet4-canada-stateless\/2024\/06\/b60e86b1-about-us.png\" alt=\"\" class=\"wp-image-66260\" srcset=\"https:\/\/www.greenpeace.org\/static\/planet4-canada-stateless\/2024\/06\/b60e86b1-about-us.png 512w, https:\/\/www.greenpeace.org\/static\/planet4-canada-stateless\/2024\/06\/b60e86b1-about-us-300x300.png 300w, https:\/\/www.greenpeace.org\/static\/planet4-canada-stateless\/2024\/06\/b60e86b1-about-us-150x150.png 150w, https:\/\/www.greenpeace.org\/static\/planet4-canada-stateless\/2024\/06\/b60e86b1-about-us-340x340.png 340w\" sizes=\"auto, (max-width: 512px) 100vw, 512px\" \/><\/a><\/figure>\n\n\n\n<div style=\"height:16px\" aria-hidden=\"true\" class=\"wp-block-spacer\"><\/div>\n\n\n\n<h5 class=\"wp-block-heading has-text-align-center\" style=\"font-size:1rem\"><a href=\"https:\/\/www.greenpeace.org\/canada\/fr\/qui-sommes-nous\/\">\u00c0 propos<\/a><\/h5>\n<\/div>\n<\/div>\n\n\n\n<div class=\"wp-block-column is-layout-flow wp-block-column-is-layout-flow\">\n<div class=\"wp-block-group group-stretched-link is-layout-flow wp-block-group-is-layout-flow\">\n<figure class=\"wp-block-image aligncenter size-full is-resized is-style-rounded-90 force-no-lightbox force-no-caption mb-0\"><a href=\"https:\/\/www.greenpeace.org\/canada\/fr\/qui-sommes-nous\/notre-conseil-dadministration\/\"><img loading=\"lazy\" decoding=\"async\" width=\"512\" height=\"512\" src=\"https:\/\/www.greenpeace.org\/static\/planet4-canada-stateless\/2025\/02\/54afc1b0-board-black.png\" alt=\"\" class=\"wp-image-68529\" srcset=\"https:\/\/www.greenpeace.org\/static\/planet4-canada-stateless\/2025\/02\/54afc1b0-board-black.png 512w, https:\/\/www.greenpeace.org\/static\/planet4-canada-stateless\/2025\/02\/54afc1b0-board-black-300x300.png 300w, https:\/\/www.greenpeace.org\/static\/planet4-canada-stateless\/2025\/02\/54afc1b0-board-black-150x150.png 150w, https:\/\/www.greenpeace.org\/static\/planet4-canada-stateless\/2025\/02\/54afc1b0-board-black-340x340.png 340w\" sizes=\"auto, (max-width: 512px) 100vw, 512px\" \/><\/a><\/figure>\n\n\n\n<div style=\"height:16px\" aria-hidden=\"true\" class=\"wp-block-spacer\"><\/div>\n\n\n\n<h5 class=\"wp-block-heading has-text-align-center\" style=\"font-size:1rem\"><a href=\"https:\/\/www.greenpeace.org\/canada\/fr\/qui-sommes-nous\/notre-conseil-dadministration\/\">Notre conseil<\/a><\/h5>\n<\/div>\n<\/div>\n\n\n\n<div class=\"wp-block-column is-layout-flow wp-block-column-is-layout-flow\">\n<div class=\"wp-block-group group-stretched-link is-layout-flow wp-block-group-is-layout-flow\">\n<figure class=\"wp-block-image aligncenter size-full is-resized is-style-rounded-90 force-no-lightbox force-no-caption mb-0\"><a href=\"https:\/\/www.greenpeace.org\/canada\/fr\/qui-sommes-nous\/notre-histoire\/\"><img loading=\"lazy\" decoding=\"async\" width=\"512\" height=\"512\" src=\"https:\/\/www.greenpeace.org\/static\/planet4-canada-stateless\/2024\/06\/607759a3-victories.png\" alt=\"\" class=\"wp-image-66263\" srcset=\"https:\/\/www.greenpeace.org\/static\/planet4-canada-stateless\/2024\/06\/607759a3-victories.png 512w, https:\/\/www.greenpeace.org\/static\/planet4-canada-stateless\/2024\/06\/607759a3-victories-300x300.png 300w, https:\/\/www.greenpeace.org\/static\/planet4-canada-stateless\/2024\/06\/607759a3-victories-150x150.png 150w, https:\/\/www.greenpeace.org\/static\/planet4-canada-stateless\/2024\/06\/607759a3-victories-340x340.png 340w\" sizes=\"auto, (max-width: 512px) 100vw, 512px\" \/><\/a><\/figure>\n\n\n\n<div style=\"height:16px\" aria-hidden=\"true\" class=\"wp-block-spacer\"><\/div>\n\n\n\n<h5 class=\"wp-block-heading has-text-align-center\" style=\"font-size:1rem\"><a href=\"https:\/\/www.greenpeace.org\/canada\/fr\/qui-sommes-nous\/notre-histoire\/\">Nos victoires<\/a><\/h5>\n<\/div>\n<\/div>\n\n\n\n<div class=\"wp-block-column is-layout-flow wp-block-column-is-layout-flow\">\n<div class=\"wp-block-group group-stretched-link is-layout-flow wp-block-group-is-layout-flow\">\n<figure class=\"wp-block-image aligncenter size-full is-resized is-style-rounded-90 force-no-lightbox force-no-caption mb-0\"><a href=\"https:\/\/www.greenpeace.org\/canada\/fr\/qui-sommes-nous\/bateaux\/\"><img loading=\"lazy\" decoding=\"async\" width=\"512\" height=\"512\" src=\"https:\/\/www.greenpeace.org\/static\/planet4-canada-stateless\/2024\/06\/3c2df8c7-ships.png\" alt=\"\" class=\"wp-image-66288\" srcset=\"https:\/\/www.greenpeace.org\/static\/planet4-canada-stateless\/2024\/06\/3c2df8c7-ships.png 512w, https:\/\/www.greenpeace.org\/static\/planet4-canada-stateless\/2024\/06\/3c2df8c7-ships-300x300.png 300w, https:\/\/www.greenpeace.org\/static\/planet4-canada-stateless\/2024\/06\/3c2df8c7-ships-150x150.png 150w, https:\/\/www.greenpeace.org\/static\/planet4-canada-stateless\/2024\/06\/3c2df8c7-ships-340x340.png 340w\" sizes=\"auto, (max-width: 512px) 100vw, 512px\" \/><\/a><\/figure>\n\n\n\n<div style=\"height:16px\" aria-hidden=\"true\" class=\"wp-block-spacer\"><\/div>\n\n\n\n<h5 class=\"wp-block-heading has-text-align-center\" style=\"font-size:1rem\"><a href=\"https:\/\/www.greenpeace.org\/canada\/fr\/qui-sommes-nous\/bateaux\/\">Notre flotte<\/a><\/h5>\n<\/div>\n<\/div>\n\n\n\n<div class=\"wp-block-column is-layout-flow wp-block-column-is-layout-flow\">\n<div class=\"wp-block-group group-stretched-link is-layout-flow wp-block-group-is-layout-flow\">\n<figure class=\"wp-block-image aligncenter size-full is-resized is-style-rounded-90 force-no-lightbox force-no-caption mb-0\"><a href=\"https:\/\/www.greenpeace.org\/canada\/fr\/qui-sommes-nous\/nos-valeurs\/\"><img loading=\"lazy\" decoding=\"async\" width=\"512\" height=\"512\" src=\"https:\/\/www.greenpeace.org\/static\/planet4-canada-stateless\/2024\/06\/498ea947-our-values.png\" alt=\"\" class=\"wp-image-66285\" srcset=\"https:\/\/www.greenpeace.org\/static\/planet4-canada-stateless\/2024\/06\/498ea947-our-values.png 512w, https:\/\/www.greenpeace.org\/static\/planet4-canada-stateless\/2024\/06\/498ea947-our-values-300x300.png 300w, https:\/\/www.greenpeace.org\/static\/planet4-canada-stateless\/2024\/06\/498ea947-our-values-150x150.png 150w, https:\/\/www.greenpeace.org\/static\/planet4-canada-stateless\/2024\/06\/498ea947-our-values-340x340.png 340w\" sizes=\"auto, (max-width: 512px) 100vw, 512px\" \/><\/a><\/figure>\n\n\n\n<div style=\"height:16px\" aria-hidden=\"true\" class=\"wp-block-spacer\"><\/div>\n\n\n\n<h5 class=\"wp-block-heading has-text-align-center\" style=\"font-size:1rem\"><a href=\"https:\/\/www.greenpeace.org\/canada\/fr\/qui-sommes-nous\/nos-valeurs\/\">Nos valeurs<\/a><\/h5>\n<\/div>\n<\/div>\n<\/div>\n<\/div>\n<\/div>\n\n\n\n\n<div class=\"wp-block-columns is-style-mobile-carousel is-layout-flex wp-container-core-columns-is-layout-9d6595d7 wp-block-columns-is-layout-flex\">\n<div class=\"wp-block-column is-layout-flow wp-block-column-is-layout-flow\">\n<div class=\"wp-block-group group-stretched-link is-layout-flow wp-block-group-is-layout-flow\">\n<figure class=\"wp-block-image aligncenter size-full is-resized is-style-rounded-90 force-no-lightbox force-no-caption mb-0\"><a href=\"https:\/\/www.greenpeace.org\/canada\/fr\/emplois\/\"><img loading=\"lazy\" decoding=\"async\" width=\"512\" height=\"512\" src=\"https:\/\/www.greenpeace.org\/static\/planet4-canada-stateless\/2024\/06\/08eeca90-jobs.png\" alt=\"\" class=\"wp-image-66282\" srcset=\"https:\/\/www.greenpeace.org\/static\/planet4-canada-stateless\/2024\/06\/08eeca90-jobs.png 512w, https:\/\/www.greenpeace.org\/static\/planet4-canada-stateless\/2024\/06\/08eeca90-jobs-300x300.png 300w, https:\/\/www.greenpeace.org\/static\/planet4-canada-stateless\/2024\/06\/08eeca90-jobs-150x150.png 150w, https:\/\/www.greenpeace.org\/static\/planet4-canada-stateless\/2024\/06\/08eeca90-jobs-340x340.png 340w\" sizes=\"auto, (max-width: 512px) 100vw, 512px\" \/><\/a><\/figure>\n\n\n\n<div style=\"height:16px\" aria-hidden=\"true\" class=\"wp-block-spacer\"><\/div>\n\n\n\n<h5 class=\"wp-block-heading has-text-align-center\" style=\"font-size:1rem\"><a href=\"https:\/\/www.greenpeace.org\/canada\/fr\/emplois\/\" data-type=\"link\" data-id=\"https:\/\/www.greenpeace.org\/canada\/en\/jobs\/\">Carri\u00e8res<\/a><\/h5>\n<\/div>\n<\/div>\n\n\n\n<div class=\"wp-block-column is-layout-flow wp-block-column-is-layout-flow\">\n<div class=\"wp-block-group group-stretched-link is-layout-flow wp-block-group-is-layout-flow\">\n<figure class=\"wp-block-image aligncenter size-full is-resized is-style-rounded-90 force-no-lightbox force-no-caption mb-0\"><a href=\"https:\/\/www.greenpeace.org\/canada\/fr\/qui-sommes-nous\/fonds-education\/\"><img loading=\"lazy\" decoding=\"async\" width=\"512\" height=\"512\" src=\"https:\/\/www.greenpeace.org\/static\/planet4-canada-stateless\/2024\/06\/8f0ca816-gcef.png\" alt=\"\" class=\"wp-image-66276\" srcset=\"https:\/\/www.greenpeace.org\/static\/planet4-canada-stateless\/2024\/06\/8f0ca816-gcef.png 512w, https:\/\/www.greenpeace.org\/static\/planet4-canada-stateless\/2024\/06\/8f0ca816-gcef-300x300.png 300w, https:\/\/www.greenpeace.org\/static\/planet4-canada-stateless\/2024\/06\/8f0ca816-gcef-150x150.png 150w, https:\/\/www.greenpeace.org\/static\/planet4-canada-stateless\/2024\/06\/8f0ca816-gcef-340x340.png 340w\" sizes=\"auto, (max-width: 512px) 100vw, 512px\" \/><\/a><\/figure>\n\n\n\n<div style=\"height:16px\" aria-hidden=\"true\" class=\"wp-block-spacer\"><\/div>\n\n\n\n<h5 class=\"wp-block-heading has-text-align-center\" style=\"font-size:1rem\"><a href=\"https:\/\/www.greenpeace.org\/canada\/fr\/qui-sommes-nous\/fonds-education\/\">Fonds d&rsquo;\u00e9ducation Greenpeace Canada<\/a><\/h5>\n<\/div>\n<\/div>\n\n\n\n<div class=\"wp-block-column is-layout-flow wp-block-column-is-layout-flow\">\n<div class=\"wp-block-group group-stretched-link is-layout-flow wp-block-group-is-layout-flow\">\n<figure class=\"wp-block-image aligncenter size-full is-resized is-style-rounded-90 force-no-lightbox force-no-caption mb-0\"><a href=\"https:\/\/www.greenpeace.org\/canada\/fr\/qui-sommes-nous\/nos-politiques\/\"><img loading=\"lazy\" decoding=\"async\" width=\"512\" height=\"512\" src=\"https:\/\/www.greenpeace.org\/static\/planet4-canada-stateless\/2024\/06\/06fb9746-policies.png\" alt=\"\" class=\"wp-image-66273\" srcset=\"https:\/\/www.greenpeace.org\/static\/planet4-canada-stateless\/2024\/06\/06fb9746-policies.png 512w, https:\/\/www.greenpeace.org\/static\/planet4-canada-stateless\/2024\/06\/06fb9746-policies-300x300.png 300w, https:\/\/www.greenpeace.org\/static\/planet4-canada-stateless\/2024\/06\/06fb9746-policies-150x150.png 150w, https:\/\/www.greenpeace.org\/static\/planet4-canada-stateless\/2024\/06\/06fb9746-policies-340x340.png 340w\" sizes=\"auto, (max-width: 512px) 100vw, 512px\" \/><\/a><\/figure>\n\n\n\n<div style=\"height:16px\" aria-hidden=\"true\" class=\"wp-block-spacer\"><\/div>\n\n\n\n<h5 class=\"wp-block-heading has-text-align-center\" style=\"font-size:1rem\"><a href=\"https:\/\/www.greenpeace.org\/canada\/fr\/qui-sommes-nous\/nos-politiques\/\">Nos politiques<\/a><\/h5>\n<\/div>\n<\/div>\n\n\n\n<div class=\"wp-block-column is-layout-flow wp-block-column-is-layout-flow\">\n<div class=\"wp-block-group group-stretched-link is-layout-flow wp-block-group-is-layout-flow\">\n<figure class=\"wp-block-image aligncenter size-full is-resized is-style-rounded-90 force-no-lightbox force-no-caption mb-0\"><a href=\"https:\/\/www.greenpeace.org\/canada\/fr\/qui-sommes-nous\/rapport-annuel\/\"><img loading=\"lazy\" decoding=\"async\" width=\"512\" height=\"512\" src=\"https:\/\/www.greenpeace.org\/static\/planet4-canada-stateless\/2024\/06\/c91fd7f2-impact-report.png\" alt=\"\" class=\"wp-image-66270\" srcset=\"https:\/\/www.greenpeace.org\/static\/planet4-canada-stateless\/2024\/06\/c91fd7f2-impact-report.png 512w, https:\/\/www.greenpeace.org\/static\/planet4-canada-stateless\/2024\/06\/c91fd7f2-impact-report-300x300.png 300w, https:\/\/www.greenpeace.org\/static\/planet4-canada-stateless\/2024\/06\/c91fd7f2-impact-report-150x150.png 150w, https:\/\/www.greenpeace.org\/static\/planet4-canada-stateless\/2024\/06\/c91fd7f2-impact-report-340x340.png 340w\" sizes=\"auto, (max-width: 512px) 100vw, 512px\" \/><\/a><\/figure>\n\n\n\n<div style=\"height:16px\" aria-hidden=\"true\" class=\"wp-block-spacer\"><\/div>\n\n\n\n<h5 class=\"wp-block-heading has-text-align-center\" style=\"font-size:1rem\"><a href=\"https:\/\/www.greenpeace.org\/canada\/fr\/qui-sommes-nous\/rapport-annuel\/\">Rapports d&rsquo;impact<\/a><\/h5>\n<\/div>\n<\/div>\n\n\n\n<div class=\"wp-block-column is-layout-flow wp-block-column-is-layout-flow\">\n<div class=\"wp-block-group group-stretched-link is-layout-flow wp-block-group-is-layout-flow\">\n<figure class=\"wp-block-image aligncenter size-full is-resized is-style-rounded-90 force-no-lightbox force-no-caption mb-0\"><a href=\"https:\/\/www.greenpeace.org\/canada\/fr\/qui-sommes-nous\/protesting-peacefully-to-change-the-world\/\"><img loading=\"lazy\" decoding=\"async\" width=\"512\" height=\"512\" src=\"https:\/\/www.greenpeace.org\/static\/planet4-canada-stateless\/2024\/06\/80961011-protest.png\" alt=\"\" class=\"wp-image-66267\" srcset=\"https:\/\/www.greenpeace.org\/static\/planet4-canada-stateless\/2024\/06\/80961011-protest.png 512w, https:\/\/www.greenpeace.org\/static\/planet4-canada-stateless\/2024\/06\/80961011-protest-300x300.png 300w, https:\/\/www.greenpeace.org\/static\/planet4-canada-stateless\/2024\/06\/80961011-protest-150x150.png 150w, https:\/\/www.greenpeace.org\/static\/planet4-canada-stateless\/2024\/06\/80961011-protest-340x340.png 340w\" sizes=\"auto, (max-width: 512px) 100vw, 512px\" \/><\/a><\/figure>\n\n\n\n<div style=\"height:16px\" aria-hidden=\"true\" class=\"wp-block-spacer\"><\/div>\n\n\n\n<h5 class=\"wp-block-heading has-text-align-center\" style=\"font-size:1rem\"><a href=\"https:\/\/www.greenpeace.org\/canada\/fr\/qui-sommes-nous\/protesting-peacefully-to-change-the-world\/\">La d\u00e9sob\u00e9issance civile<\/a><\/h5>\n<\/div>\n<\/div>\n<\/div>\n<\/div>\n<\/div>\n\n","protected":false},"excerpt":{"rendered":"<p>Notre mission L\u2019objectif de Greenpeace est de veiller \u00e0 ce que la Terre conserve sa capacit\u00e9 \u00e0 soutenir la vie dans toute sa diversit\u00e9. Par cons\u00e9quent, Greenpeace a recours \u00e0 la confrontation non violente et cr\u00e9ative dans le but de d\u00e9noncer les probl\u00e8mes environnementaux \u00e0 l\u2019\u00e9chelle mondiale et d\u2019exercer des pressions pour la mise en [&hellip;]<\/p>\n","protected":false},"author":7,"featured_media":1338,"parent":2192,"menu_order":0,"comment_status":"closed","ping_status":"closed","template":"","meta":{"ep_exclude_from_search":false,"p4_hide_page_title_checkbox":"on","p4_title":"","p4_subtitle":"","p4_description":"","background_image_id":"","background_image":"","p4_button_title":"","p4_button_link":"","p4_button_link_checkbox":"","p4_og_title":"","p4_og_description":"","p4_og_image":"","p4_og_image_id":"","p4_seo_canonical_url":"","p4_campaign_name":"not set","p4_local_project":"","p4_basket_name":"not set","p4_department":"","footnotes":""},"categories":[20],"tags":[],"class_list":["post-2111","page","type-page","status-publish","has-post-thumbnail","hentry","category-climat"],"_links":{"self":[{"href":"https:\/\/www.greenpeace.org\/canada\/fr\/wp-json\/wp\/v2\/pages\/2111","targetHints":{"allow":["GET"]}}],"collection":[{"href":"https:\/\/www.greenpeace.org\/canada\/fr\/wp-json\/wp\/v2\/pages"}],"about":[{"href":"https:\/\/www.greenpeace.org\/canada\/fr\/wp-json\/wp\/v2\/types\/page"}],"author":[{"embeddable":true,"href":"https:\/\/www.greenpeace.org\/canada\/fr\/wp-json\/wp\/v2\/users\/7"}],"replies":[{"embeddable":true,"href":"https:\/\/www.greenpeace.org\/canada\/fr\/wp-json\/wp\/v2\/comments?post=2111"}],"version-history":[{"count":8,"href":"https:\/\/www.greenpeace.org\/canada\/fr\/wp-json\/wp\/v2\/pages\/2111\/revisions"}],"predecessor-version":[{"id":69911,"href":"https:\/\/www.greenpeace.org\/canada\/fr\/wp-json\/wp\/v2\/pages\/2111\/revisions\/69911"}],"up":[{"embeddable":true,"href":"https:\/\/www.greenpeace.org\/canada\/fr\/wp-json\/wp\/v2\/pages\/2192"}],"wp:featuredmedia":[{"embeddable":true,"href":"https:\/\/www.greenpeace.org\/canada\/fr\/wp-json\/wp\/v2\/media\/1338"}],"wp:attachment":[{"href":"https:\/\/www.greenpeace.org\/canada\/fr\/wp-json\/wp\/v2\/media?parent=2111"}],"wp:term":[{"taxonomy":"category","embeddable":true,"href":"https:\/\/www.greenpeace.org\/canada\/fr\/wp-json\/wp\/v2\/categories?post=2111"},{"taxonomy":"post_tag","embeddable":true,"href":"https:\/\/www.greenpeace.org\/canada\/fr\/wp-json\/wp\/v2\/tags?post=2111"}],"curies":[{"name":"wp","href":"https:\/\/api.w.org\/{rel}","templated":true}]}}