{"id":2119,"date":"2018-06-21T17:11:44","date_gmt":"2018-06-21T17:11:44","guid":{"rendered":"https:\/\/www.greenpeace.org\/canada\/?page_id=2119"},"modified":"2025-06-25T11:29:10","modified_gmt":"2025-06-25T15:29:10","slug":"nous-joindre","status":"publish","type":"page","link":"https:\/\/www.greenpeace.org\/canada\/fr\/nous-joindre\/","title":{"rendered":"Nous joindre"},"content":{"rendered":"\n\n<div class=\"wp-block-group alignfull is-layout-flow wp-block-group-is-layout-flow\">\n<div class=\"wp-block-group container is-layout-flow wp-block-group-is-layout-flow\">\n<div class=\"wp-block-media-text alignfull has-media-on-the-right is-stacked-on-mobile is-pattern-p4-page-header is-style-parallax\"><div class=\"wp-block-media-text__content\">\n<div class=\"wp-block-group is-layout-flow wp-block-group-is-layout-flow\">\n<h1 class=\"wp-block-heading has-white-background-color has-background\">\n                            Nous joindre\n                        <\/h1>\n<\/div>\n\n\n\n<p style=\"font-size:1.25rem\">\n                            Vous avez une question sur une campagne de Greenpeace? Besoin de mettre \u00e0 jour vos informations personnelles? Vous voulez contribuer \u00e0 notre travail? Quel que soit votre requ\u00eate, notre \u00e9quipe du Service aux adh\u00e9rent\u00b7e\u00b7s est toujours heureuse d&rsquo;avoir de vos nouvelles!\n                        <\/p>\n<\/div><figure class=\"wp-block-media-text__media\"><img loading=\"lazy\" decoding=\"async\" width=\"800\" height=\"533\" src=\"https:\/\/www.greenpeace.org\/static\/planet4-canada-stateless\/2024\/07\/c74f96f2-gp0sttngr_low-res-800px.jpg\" alt=\"\" sizes=\"auto, (min-width: 601px) 50vw, 100vw\" srcset=\"https:\/\/www.greenpeace.org\/static\/planet4-canada-stateless\/2024\/07\/c74f96f2-gp0sttngr_low-res-800px.jpg 800w, https:\/\/www.greenpeace.org\/static\/planet4-canada-stateless\/2024\/07\/c74f96f2-gp0sttngr_low-res-800px-300x200.jpg 300w, https:\/\/www.greenpeace.org\/static\/planet4-canada-stateless\/2024\/07\/c74f96f2-gp0sttngr_low-res-800px-768x512.jpg 768w, https:\/\/www.greenpeace.org\/static\/planet4-canada-stateless\/2024\/07\/c74f96f2-gp0sttngr_low-res-800px-510x340.jpg 510w\" class=\"wp-image-66477 size-full\"\/><\/figure><\/div>\n<\/div>\n<\/div>\n\n<p><strong>Heures d\u2019ouverture :<\/strong><br \/>Lundi au jeudi : de 9 h 30 \u00e0 17 h 30 (HNE)<\/p>\n<p><strong>Pour toute question d\u2019ordre g\u00e9n\u00e9ral ou concernant un don, communiquez avec nous comme suit :<\/strong><\/p>\n<p><strong>Par t\u00e9l\u00e9phone<\/strong> : 1 800 320-7183 (sans frais)<br \/><strong>Par courriel<\/strong> : adherents.ca@greenpeace.org<\/p>\n<p><strong>Toronto (bureau principal)<\/strong> : 33, rue Cecil, Toronto, ON M5T 1N1<br \/><strong>Montr\u00e9al<\/strong> : 454, av. Laurier Est, Montr\u00e9al, QC H2J 1E7<br \/><strong>Vancouver<\/strong> : 1726, rue Commercial Drive, Vancouver, C-B, V5N 4A3<\/p>\n<p><strong>Demandes provenant des m\u00e9dias<\/strong> : visitez notre <a href=\"\/canada\/fr\/espace-presse\/\">Espace presse<\/a><br \/><strong>Un probl\u00e8me avec le pr\u00e9sent site Web?<\/strong> \u00c9crivez \u00e0 notre webmestre \u00e0 : <a href=\"mailto:webmestre.ca@greenpeace.org\">webmestre.ca@greenpeace.org<\/a><br \/><strong>Vie priv\u00e9e<\/strong> : <a href=\"mailto:vieprivee.ca@greenpeace.org\" target=\"_blank\" rel=\"noopener\">vieprivee.ca@<wbr \/>greenpeace.org<\/a><\/p>\n<p>Consultez notre <a href=\"https:\/\/www.greenpeace.org\/canada\/fr\/faq-2\/\">Foire aux questions (FAQ)<\/a> pour trouver des r\u00e9ponses \u00e0 vos questions.<\/p>\n","protected":false},"excerpt":{"rendered":"<p>Heures d\u2019ouverture :Lundi au jeudi : de 9 h 30 \u00e0 17 h 30 (HNE) Pour toute question d\u2019ordre g\u00e9n\u00e9ral ou concernant un don, communiquez avec nous comme suit : Par t\u00e9l\u00e9phone : 1 800 320-7183 (sans frais)Par courriel : adherents.ca@greenpeace.org Toronto (bureau principal) : 33, rue Cecil, Toronto, ON M5T 1N1Montr\u00e9al : 454, av. [&hellip;]<\/p>\n","protected":false},"author":7,"featured_media":1344,"parent":0,"menu_order":0,"comment_status":"closed","ping_status":"closed","template":"page-templates\/evergreen.php","meta":{"ep_exclude_from_search":false,"p4_hide_page_title_checkbox":"on","p4_title":"","p4_subtitle":"","p4_description":"","background_image_id":"","background_image":"","p4_button_title":"","p4_button_link":"","p4_button_link_checkbox":"","p4_og_title":"","p4_og_description":"","p4_og_image":"","p4_og_image_id":"","p4_seo_canonical_url":"","p4_campaign_name":"not set","p4_local_project":"not set","p4_basket_name":"not set","p4_department":"","footnotes":""},"categories":[20],"tags":[],"class_list":["post-2119","page","type-page","status-publish","has-post-thumbnail","hentry","category-climat"],"_links":{"self":[{"href":"https:\/\/www.greenpeace.org\/canada\/fr\/wp-json\/wp\/v2\/pages\/2119","targetHints":{"allow":["GET"]}}],"collection":[{"href":"https:\/\/www.greenpeace.org\/canada\/fr\/wp-json\/wp\/v2\/pages"}],"about":[{"href":"https:\/\/www.greenpeace.org\/canada\/fr\/wp-json\/wp\/v2\/types\/page"}],"author":[{"embeddable":true,"href":"https:\/\/www.greenpeace.org\/canada\/fr\/wp-json\/wp\/v2\/users\/7"}],"replies":[{"embeddable":true,"href":"https:\/\/www.greenpeace.org\/canada\/fr\/wp-json\/wp\/v2\/comments?post=2119"}],"version-history":[{"count":13,"href":"https:\/\/www.greenpeace.org\/canada\/fr\/wp-json\/wp\/v2\/pages\/2119\/revisions"}],"predecessor-version":[{"id":70833,"href":"https:\/\/www.greenpeace.org\/canada\/fr\/wp-json\/wp\/v2\/pages\/2119\/revisions\/70833"}],"wp:featuredmedia":[{"embeddable":true,"href":"https:\/\/www.greenpeace.org\/canada\/fr\/wp-json\/wp\/v2\/media\/1344"}],"wp:attachment":[{"href":"https:\/\/www.greenpeace.org\/canada\/fr\/wp-json\/wp\/v2\/media?parent=2119"}],"wp:term":[{"taxonomy":"category","embeddable":true,"href":"https:\/\/www.greenpeace.org\/canada\/fr\/wp-json\/wp\/v2\/categories?post=2119"},{"taxonomy":"post_tag","embeddable":true,"href":"https:\/\/www.greenpeace.org\/canada\/fr\/wp-json\/wp\/v2\/tags?post=2119"}],"curies":[{"name":"wp","href":"https:\/\/api.w.org\/{rel}","templated":true}]}}