{"id":2163,"date":"2018-06-21T19:19:14","date_gmt":"2018-06-21T19:19:14","guid":{"rendered":"https:\/\/www.greenpeace.org\/canada\/?page_id=2163"},"modified":"2025-06-23T05:30:11","modified_gmt":"2025-06-23T09:30:11","slug":"faites-un-don","status":"publish","type":"page","link":"https:\/\/www.greenpeace.org\/canada\/fr\/agir\/faites-un-don\/","title":{"rendered":"Faites un don"},"content":{"rendered":"\n\n<div class=\"wp-block-group alignfull is-layout-flow wp-block-group-is-layout-flow\">\n<div class=\"wp-block-group container is-layout-flow wp-block-group-is-layout-flow\">\n<div class=\"wp-block-media-text alignfull has-media-on-the-right is-stacked-on-mobile is-pattern-p4-page-header is-style-parallax\"><div class=\"wp-block-media-text__content\">\n<div class=\"wp-block-group is-layout-flow wp-block-group-is-layout-flow\">\n<h1 class=\"wp-block-heading has-white-background-color has-background\">\n                            Faites un don\n                        <\/h1>\n<\/div>\n\n\n\n<p style=\"font-size:1.12rem\">Greenpeace s&rsquo;appuie sur la mobilisation citoyenne et la science. Nous ne recevons pas d&rsquo;argent des entreprises ou des gouvernements. Nous comptons sur les dons de personnes. Votre soutien finance nos campagnes et promeut le changement.<\/p>\n<\/div><figure class=\"wp-block-media-text__media\"><img loading=\"lazy\" decoding=\"async\" width=\"1200\" height=\"800\" src=\"https:\/\/www.greenpeace.org\/static\/planet4-canada-stateless\/2018\/06\/GP04IOF.jpg\" alt=\"\" sizes=\"auto, (min-width: 601px) 50vw, 100vw\" srcset=\"https:\/\/www.greenpeace.org\/static\/planet4-canada-stateless\/2018\/06\/GP04IOF.jpg 1200w, https:\/\/www.greenpeace.org\/static\/planet4-canada-stateless\/2018\/06\/GP04IOF-300x200.jpg 300w, https:\/\/www.greenpeace.org\/static\/planet4-canada-stateless\/2018\/06\/GP04IOF-768x512.jpg 768w, https:\/\/www.greenpeace.org\/static\/planet4-canada-stateless\/2018\/06\/GP04IOF-1024x683.jpg 1024w, https:\/\/www.greenpeace.org\/static\/planet4-canada-stateless\/2018\/06\/GP04IOF-510x340.jpg 510w\" class=\"wp-image-1374 size-full\"\/><\/figure><\/div>\n<\/div>\n<\/div>\n\n<div data-render=\"planet4-blocks\/columns\" data-attributes=\"{&quot;attributes&quot;:{&quot;columns_block_style&quot;:&quot;tasks&quot;,&quot;columns&quot;:[{&quot;title&quot;:&quot;Don mensuel&quot;,&quot;description&quot;:&quot;Soutenez Greenpeace en faisant un don mensuel. En plus de r\\u00e9duire les co\\u00fbts administratifs, les dons r\\u00e9guliers nous permettent de mieux planifier nos campagnes sur le long terme. Nos victoires sont aussi les v\\u00f4tres.&quot;,&quot;cta_text&quot;:&quot;Donner&quot;,&quot;cta_link&quot;:&quot;https:\\\/\\\/www.greenpeace.org\\\/canada\\\/fr\\\/faites-un-don\\\/&quot;,&quot;link_new_tab&quot;:false},{&quot;title&quot;:&quot;Don ponctuel&quot;,&quot;description&quot;:&quot;Faites un don ponctuel \\u00e0 Greenpeace. Votre don nous permettra de renforcer nos campagnes et d\\u2019ajouter une voix forte \\u00e0 notre mouvement.&quot;,&quot;cta_text&quot;:&quot;Faire un don&quot;,&quot;cta_link&quot;:&quot;https:\\\/\\\/www.greenpeace.org\\\/canada\\\/fr\\\/faites-un-don\\\/&quot;,&quot;link_new_tab&quot;:false},{&quot;title&quot;:&quot;Don par testament&quot;,&quot;description&quot;:&quot;Veillez \\u00e0 ce que vos id\\u00e9aux se perp\\u00e9tuent en faisant un legs \\u00e0 Greenpeace.&quot;,&quot;cta_text&quot;:&quot;En savoir plus&quot;,&quot;cta_link&quot;:&quot;\\\/canada\\\/fr\\\/agir\\\/faites-un-don\\\/faites-un-don-par-testament\\\/&quot;,&quot;link_new_tab&quot;:false},{&quot;title&quot;:&quot;Don \\u00e0 la m\\u00e9moire ou en l\\u2019honneur d\\u2019un proche&quot;,&quot;description&quot;:&quot;Rendez hommage \\u00e0 un proche d\\u00e9c\\u00e9d\\u00e9 ou \\u00e0 une personne qui vous est ch\\u00e8re en faisant un don en son nom.&quot;,&quot;cta_text&quot;:&quot;Faire un don&quot;,&quot;cta_link&quot;:&quot;https:\\\/\\\/greenpeace.donorportal.ca\\\/Donation\\\/Donation.aspx?F=1826u0026T=INHONu0026L=fr-CAu0026G=341u0026NFP=1u0026cscid=general_p4_link_fr_donatepage_inhonour_2019&quot;,&quot;link_new_tab&quot;:false}],&quot;className&quot;:&quot;is-style-tasks&quot;}}\"><\/div>\n<div class=\"wp-block-planet4-blocks-carousel-header\"><div data-hydrate=\"planet4-blocks\/carousel-header\" data-attributes=\"{&quot;carousel_autoplay&quot;:false,&quot;slides&quot;:[{&quot;image&quot;:67266,&quot;focal_points&quot;:{&quot;x&quot;:0.5,&quot;y&quot;:0.5},&quot;header&quot;:&quot;Donnez en l&#x27;honneur&quot;,&quot;subheader&quot;:&quot;Offrez un cadeau qui fait la diff\u00e9rence \u00e0 l\u2019occasion des f\u00eates&quot;,&quot;description&quot;:&quot;Offrez un cadeau qui fait la diff\u00e9rence \u00e0 l\u2019occasion des f\u00eates. Faites honneur \u00e0 vos proches en offrant un don \u00e0 Greenpeace en leur nom et envoyez-leur une carte \u00e9lectronique avec un message personnel.&quot;,&quot;link_text&quot;:&quot;Donnez maintenant&quot;,&quot;link_url&quot;:&quot;https:\/\/www.greenpeace.org\/canada\/fr\/faites-un-don\/&quot;,&quot;image_url&quot;:&quot;https:\/\/www.greenpeace.org\/static\/planet4-canada-stateless\/2024\/09\/2656e2d2-gp0stslku.webp&quot;,&quot;image_srcset&quot;:&quot;https:\/\/www.greenpeace.org\/static\/planet4-canada-stateless\/2024\/09\/2656e2d2-gp0stslku-150x150.webp 150w,https:\/\/www.greenpeace.org\/static\/planet4-canada-stateless\/2024\/09\/2656e2d2-gp0stslku-300x200.webp 300w,https:\/\/www.greenpeace.org\/static\/planet4-canada-stateless\/2024\/09\/2656e2d2-gp0stslku-1024x683.webp 1024w,https:\/\/www.greenpeace.org\/static\/planet4-canada-stateless\/2024\/09\/2656e2d2-gp0stslku-510x340.webp 510w,https:\/\/www.greenpeace.org\/static\/planet4-canada-stateless\/2024\/09\/2656e2d2-gp0stslku.webp 1200w&quot;},{&quot;image&quot;:27816,&quot;focal_points&quot;:{},&quot;header&quot;:&quot;Un Legs dans Votre Testament&quot;,&quot;description&quot;:&quot;Assurez-vous que votre h\u00e9ritage perdure en laissant un don dans votre testament \u00e0 Greenpeace.&quot;,&quot;link_text&quot;:&quot;Donnez maintenant&quot;,&quot;link_url&quot;:&quot;https:\/\/www.greenpeace.org\/canada\/fr\/agir\/faites-un-don-par-testament\/&quot;,&quot;link_url_new_tab&quot;:false,&quot;image_url&quot;:&quot;https:\/\/www.greenpeace.org\/static\/planet4-canada-stateless\/2019\/12\/f5c91e4d-gp0stslku_medium_res_with_credit_line.jpg&quot;,&quot;image_srcset&quot;:&quot;https:\/\/www.greenpeace.org\/static\/planet4-canada-stateless\/2019\/12\/f5c91e4d-gp0stslku_medium_res_with_credit_line-150x150.jpg 150w,https:\/\/www.greenpeace.org\/static\/planet4-canada-stateless\/2019\/12\/f5c91e4d-gp0stslku_medium_res_with_credit_line-300x200.jpg 300w,https:\/\/www.greenpeace.org\/static\/planet4-canada-stateless\/2019\/12\/f5c91e4d-gp0stslku_medium_res_with_credit_line-1024x683.jpg 1024w,https:\/\/www.greenpeace.org\/static\/planet4-canada-stateless\/2019\/12\/f5c91e4d-gp0stslku_medium_res_with_credit_line-510x340.jpg 510w,https:\/\/www.greenpeace.org\/static\/planet4-canada-stateless\/2019\/12\/f5c91e4d-gp0stslku_medium_res_with_credit_line.jpg 1200w&quot;}],&quot;currentImageIndex&quot;:1}\"><section class=\"block block-header alignfull carousel-header \"><div class=\"carousel-wrapper-header\"><div class=\"carousel-inner\" role=\"listbox\"><div class=\"carousel-item active\"><div class=\"carousel-item-mask\"><div class=\"background-holder\"><img decoding=\"async\" src=\"https:\/\/www.greenpeace.org\/static\/planet4-canada-stateless\/2024\/09\/2656e2d2-gp0stslku.webp\" style=\"object-position:50% 50%\" srcSet=\"https:\/\/www.greenpeace.org\/static\/planet4-canada-stateless\/2024\/09\/2656e2d2-gp0stslku-150x150.webp 150w,https:\/\/www.greenpeace.org\/static\/planet4-canada-stateless\/2024\/09\/2656e2d2-gp0stslku-300x200.webp 300w,https:\/\/www.greenpeace.org\/static\/planet4-canada-stateless\/2024\/09\/2656e2d2-gp0stslku-1024x683.webp 1024w,https:\/\/www.greenpeace.org\/static\/planet4-canada-stateless\/2024\/09\/2656e2d2-gp0stslku-510x340.webp 510w,https:\/\/www.greenpeace.org\/static\/planet4-canada-stateless\/2024\/09\/2656e2d2-gp0stslku.webp 1200w\"\/><\/div><div class=\"carousel-caption\"><div class=\"caption-overlay\"><\/div><div class=\"container main-header\"><div class=\"carousel-captions-wrapper\"><h2>Donnez en l&#x27;honneur<\/h2><p>Offrez un cadeau qui fait la diff\u00e9rence \u00e0 l\u2019occasion des f\u00eates. Faites honneur \u00e0 vos proches en offrant un don \u00e0 Greenpeace en leur nom et envoyez-leur une carte \u00e9lectronique avec un message personnel.<\/p><\/div><div class=\"col-xs-12 col-sm-8 col-md-4 action-button\"><a href=\"https:\/\/www.greenpeace.org\/canada\/fr\/faites-un-don\/\" class=\"btn btn-primary\" data-ga-category=\"Carousel Header\" data-ga-action=\"Call to Action\"><span>Donnez maintenant<\/span><\/a><\/div><\/div><\/div><\/div><\/div><div class=\"carousel-item \"><div class=\"carousel-item-mask\"><div class=\"background-holder\"><img decoding=\"async\" src=\"https:\/\/www.greenpeace.org\/static\/planet4-canada-stateless\/2024\/09\/2656e2d2-gp0stslku.webp\" style=\"object-position:50% 50%\" srcSet=\"https:\/\/www.greenpeace.org\/static\/planet4-canada-stateless\/2024\/09\/2656e2d2-gp0stslku-150x150.webp 150w,https:\/\/www.greenpeace.org\/static\/planet4-canada-stateless\/2024\/09\/2656e2d2-gp0stslku-300x200.webp 300w,https:\/\/www.greenpeace.org\/static\/planet4-canada-stateless\/2024\/09\/2656e2d2-gp0stslku-1024x683.webp 1024w,https:\/\/www.greenpeace.org\/static\/planet4-canada-stateless\/2024\/09\/2656e2d2-gp0stslku-510x340.webp 510w,https:\/\/www.greenpeace.org\/static\/planet4-canada-stateless\/2024\/09\/2656e2d2-gp0stslku.webp 1200w\"\/><\/div><div class=\"carousel-caption\"><div class=\"caption-overlay\"><\/div><div class=\"container main-header\"><div class=\"carousel-captions-wrapper\"><h2>Un Legs dans Votre Testament<\/h2><p>Assurez-vous que votre h\u00e9ritage perdure en laissant un don dans votre testament \u00e0 Greenpeace.<\/p><\/div><div class=\"col-xs-12 col-sm-8 col-md-4 action-button\"><a href=\"https:\/\/www.greenpeace.org\/canada\/fr\/agir\/faites-un-don-par-testament\/\" class=\"btn btn-primary\" data-ga-category=\"Carousel Header\" data-ga-action=\"Call to Action\"><span>Donnez maintenant<\/span><\/a><\/div><\/div><\/div><\/div><\/div><button class=\"carousel-control-prev\"><span class=\"carousel-control-prev-icon\" aria-hidden=\"true\"><i><\/i><\/span><span class=\"visually-hidden\">Previous<\/span><\/button><button class=\"carousel-control-next\"><span class=\"carousel-control-next-icon\" aria-hidden=\"true\"><i><\/i><\/span><span class=\"visually-hidden\">Next<\/span><\/button><div class=\"carousel-indicators-wrapper\"><div class=\"container\"><ol class=\"carousel-indicators\"><li class=\"active\" role=\"presentation\"><\/li><li class=\"\" role=\"presentation\"><\/li><\/ol><\/div><\/div><\/div><\/div><\/section><\/div><\/div>\n<p>&nbsp;<\/p>\n<h2 class=\"page-section-header\">Autres moyens de donner<\/h2>\n<p>Par courrier :<br \/>\n33 rue Cecil<br \/>\nToronto (Ontario)<br \/>\nM5T 1N1<\/p>\n<p>Par t\u00e9l\u00e9phone :<br \/>\n1-800-320-7183<br \/>\nLundi au vendredi : de 9 h 30 \u00e0 17 h 30 (HNE)<\/p>\n<p>Vous pouvez \u00e9galement communiquer avec nous par courriel, \u00e0 l\u2019adresse <a href=\"adherents.ca@greenpeace.org\">adherents.ca@greenpeace.org<\/a><\/p>\n<p>Tous les dons sont en devise canadienne.<br \/>\nPour en savoir plus sur la fa\u00e7on dont les dons sont recueillis et utilis\u00e9s, consultez notre dernier <a href=\"https:\/\/www.greenpeace.org\/canada\/fr\/qui-sommes-nous\/rapport-annuel\/\">rapport annuel<\/a>.<\/p>\n<p>&nbsp;<\/p>\n<p>&nbsp;<\/p>\n","protected":false},"excerpt":{"rendered":"<p>Greenpeace est l\u2019une des seules organisations \u00e0 ne pas accepter de financement de la part des gouvernements, d\u2019entreprises ou de partis politiques. C\u2019est ce qui garantit notre libert\u00e9 de parole et d\u2019action face aux puissants industriels et aux gouvernements.<\/p>\n","protected":false},"author":7,"featured_media":1374,"parent":2214,"menu_order":1,"comment_status":"closed","ping_status":"closed","template":"","meta":{"ep_exclude_from_search":false,"p4_hide_page_title_checkbox":"on","p4_title":"","p4_subtitle":"","p4_description":"","background_image_id":"","background_image":"","p4_button_title":"","p4_button_link":"","p4_button_link_checkbox":"","p4_og_title":"","p4_og_description":"","p4_og_image":"","p4_og_image_id":"","p4_seo_canonical_url":"","p4_campaign_name":"not set","p4_local_project":"not set","p4_basket_name":"not set","p4_department":"","footnotes":""},"categories":[],"tags":[50],"class_list":["post-2163","page","type-page","status-publish","has-post-thumbnail","hentry","tag-soutenirgreenpeace"],"_links":{"self":[{"href":"https:\/\/www.greenpeace.org\/canada\/fr\/wp-json\/wp\/v2\/pages\/2163","targetHints":{"allow":["GET"]}}],"collection":[{"href":"https:\/\/www.greenpeace.org\/canada\/fr\/wp-json\/wp\/v2\/pages"}],"about":[{"href":"https:\/\/www.greenpeace.org\/canada\/fr\/wp-json\/wp\/v2\/types\/page"}],"author":[{"embeddable":true,"href":"https:\/\/www.greenpeace.org\/canada\/fr\/wp-json\/wp\/v2\/users\/7"}],"replies":[{"embeddable":true,"href":"https:\/\/www.greenpeace.org\/canada\/fr\/wp-json\/wp\/v2\/comments?post=2163"}],"version-history":[{"count":20,"href":"https:\/\/www.greenpeace.org\/canada\/fr\/wp-json\/wp\/v2\/pages\/2163\/revisions"}],"predecessor-version":[{"id":70308,"href":"https:\/\/www.greenpeace.org\/canada\/fr\/wp-json\/wp\/v2\/pages\/2163\/revisions\/70308"}],"up":[{"embeddable":true,"href":"https:\/\/www.greenpeace.org\/canada\/fr\/wp-json\/wp\/v2\/pages\/2214"}],"wp:featuredmedia":[{"embeddable":true,"href":"https:\/\/www.greenpeace.org\/canada\/fr\/wp-json\/wp\/v2\/media\/1374"}],"wp:attachment":[{"href":"https:\/\/www.greenpeace.org\/canada\/fr\/wp-json\/wp\/v2\/media?parent=2163"}],"wp:term":[{"taxonomy":"category","embeddable":true,"href":"https:\/\/www.greenpeace.org\/canada\/fr\/wp-json\/wp\/v2\/categories?post=2163"},{"taxonomy":"post_tag","embeddable":true,"href":"https:\/\/www.greenpeace.org\/canada\/fr\/wp-json\/wp\/v2\/tags?post=2163"}],"curies":[{"name":"wp","href":"https:\/\/api.w.org\/{rel}","templated":true}]}}