{"id":2174,"date":"2018-06-21T19:46:30","date_gmt":"2018-06-21T19:46:30","guid":{"rendered":"https:\/\/www.greenpeace.org\/canada\/?page_id=2174"},"modified":"2025-07-28T05:02:11","modified_gmt":"2025-07-28T09:02:11","slug":"faites-un-don-par-testament","status":"publish","type":"page","link":"https:\/\/www.greenpeace.org\/canada\/fr\/agir\/faites-un-don-par-testament\/","title":{"rendered":"Faites un don par testament"},"content":{"rendered":"\n\n<div class=\"wp-block-group alignfull is-layout-flow wp-block-group-is-layout-flow\">\n<div class=\"wp-block-group container is-layout-flow wp-block-group-is-layout-flow\">\n<div class=\"wp-block-media-text alignfull has-media-on-the-right is-stacked-on-mobile is-pattern-p4-page-header is-style-parallax\"><div class=\"wp-block-media-text__content\">\n<div class=\"wp-block-group is-layout-flow wp-block-group-is-layout-flow\">\n<h1 class=\"wp-block-heading has-white-background-color has-background\">Votre legs : une plan\u00e8te plus verte et pacifique<\/h1>\n<\/div>\n\n\n\n<p style=\"font-size:1.12rem\">\n                            En plus d\u2019\u00eatre un symbole d\u2019espoir, l\u2019histoire de Greenpeace t\u00e9moigne du formidable impact que les gens ordinaires peuvent avoir lorsqu\u2019ils se mobilisent pour prot\u00e9ger la Terre et sa pr\u00e9cieuse biodiversit\u00e9.\n                        <\/p>\n<\/div><figure class=\"wp-block-media-text__media\"><img loading=\"lazy\" decoding=\"async\" width=\"2499\" height=\"1241\" src=\"https:\/\/www.greenpeace.org\/static\/planet4-canada-stateless\/2019\/07\/c42fdfbb-gp0strzzc_pressmedia.jpg\" alt=\"\" sizes=\"auto, (min-width: 601px) 50vw, 100vw\" srcset=\"https:\/\/www.greenpeace.org\/static\/planet4-canada-stateless\/2019\/07\/c42fdfbb-gp0strzzc_pressmedia.jpg 2499w, https:\/\/www.greenpeace.org\/static\/planet4-canada-stateless\/2019\/07\/c42fdfbb-gp0strzzc_pressmedia-300x149.jpg 300w, https:\/\/www.greenpeace.org\/static\/planet4-canada-stateless\/2019\/07\/c42fdfbb-gp0strzzc_pressmedia-768x381.jpg 768w, https:\/\/www.greenpeace.org\/static\/planet4-canada-stateless\/2019\/07\/c42fdfbb-gp0strzzc_pressmedia-1024x509.jpg 1024w, https:\/\/www.greenpeace.org\/static\/planet4-canada-stateless\/2019\/07\/c42fdfbb-gp0strzzc_pressmedia-2048x1017.jpg 2048w, https:\/\/www.greenpeace.org\/static\/planet4-canada-stateless\/2019\/07\/c42fdfbb-gp0strzzc_pressmedia-510x253.jpg 510w\" class=\"wp-image-24273 size-full\"\/><\/figure><\/div>\n<\/div>\n<\/div>\n\n\n<p><style><span data-mce-type=\"bookmark\" style=\"display: inline-block; width: 0px; overflow: hidden; line-height: 0;\" class=\"mce_SELRES_start\">\ufeff<\/span><span data-mce-type=\"bookmark\" style=\"display: inline-block; width: 0px; overflow: hidden; line-height: 0;\" class=\"mce_SELRES_start\">\ufeff<\/span><span data-mce-type=\"bookmark\" style=\"display: inline-block; width: 0px; overflow: hidden; line-height: 0;\" class=\"mce_SELRES_start\">\ufeff<\/span>.container p{font-size: 1.125rem;}<span data-mce-type=\"bookmark\" style=\"display: inline-block; width: 0px; overflow: hidden; line-height: 0;\" class=\"mce_SELRES_start\">\ufeff<\/span><\/style><\/p>\n\n<style type=\"text\/css\">\n.topic {\n  margin-top: 3em;\n}\n.topic h3 {\n  border: 1px solid lightgrey;\n  padding: .6rem .8rem;\n  border-radius: .6rem;\n  margin-bottom: 0;\n}\n.topic:target h3 {\n    border-radius: .6rem .6rem 0 0;\n    border-width: 1px 1px 0 1px;\n}\n.topic h3::before {\n  content: \"\u25b6\";\n  font-size: 50%;\n}\n.topic:target h3::before {\n    content: \"\u25bc\";\n}\n.toggle-hide, .toggle-show {\n  color: inherit;\n  text-decoration: underline;\n}\n.toggle-hide {\n  display: none;\n}\n.topic .toggle-show:hover,\n.topic .toggle-hide:hover {\n    text-decoration: none;\n}\n.topic:target .toggle-show {\n  display: none;\n}\n.topic:target .toggle-hide {\n  display: inline;\n}\n.panel {\n  opacity: 0;\n  height: 0;\n  overflow: hidden;\n  border: 1px solid lightgrey;\n  border-radius: 0 0 .6rem .6rem;\n  border-width: 0 1px 1px 1px;\n  padding: .6rem .8rem;\n}\n.topic:target .panel {\n  height: unset;\n  opacity: 1;\n}\n\n<\/style>\n\n<style>\n\n@media (max-width: 1000px) {\niframe {\nmax-width: 450px;\n}\n}\n\n\n\/* Styling for navigation links *\/\n\n.content-wrapper {\n    display: flex;\n    flex-direction: row;\n    \/* flex-wrap: wrap; *\/\n    \/* justify-content: space-between; *\/\n}\n\n.nav-wrapper {\n    display: flex;\n    justify-content: space-between;\n    list-style: none;\n    \/* width: 70%; *\/\n    flex-direction: column;\n}\n\n.nav-wrapper li a {\n    border: 2px solid black;\n    padding: 10px;\n    display: block;\n    text-align: center;\n    font-weight: bold;\n}\n\n.nav-wrapper li a:hover {text-decoration: none;}\n\n@media (max-width: 500px) {\n\n.content-wrapper {\n flex-wrap: wrap;\n}\n.nav-wrapper {\n    width: 100%;\n    padding: 0;\n   margin-top: 20px;\n}\n\n.nav-wrapper li {\n    margin-top: 10px;\n    margin-bottom: 10px;\n    \n}\n}\n\n<\/style>\n\n<div class=\"content-wrapper\">\n<iframe loading=\"lazy\" width=\"560\" height=\"315\" src=\"https:\/\/www.youtube.com\/embed\/XlkLvM72qQA\" frameborder=\"0\" allow=\"accelerometer; autoplay; clipboard-write; encrypted-media; gyroscope; picture-in-picture\" allowfullscreen=\"\"><\/iframe>\n\n\n<ul class=\"nav-wrapper\">\n<li><a href=\"#dontestamentaire\">Pourquoi faire un don testamentaire?<\/a><\/li>\n<li><a href=\"#pourquoiGreenpeace\">Pourquoi Greenpeace?<\/a><\/li>\n<li><a href=\"#legs\">Informations juridiques<\/a><\/li>\n<li><a href=\"#decouvrez\">Pourquoi j&rsquo;ai choisi de faire un don testamentaire \u00e0 Greenpeace : t\u00e9moignages<\/a><\/li>\n<li><a href=\"#form-header-section\">Formulaire de contact<\/a><\/li>\n<\/ul>\n\n<\/div>\n\n<p>Faire un legs testamentaire \u00e0 Greenpeace est une mani\u00e8re de transformer vos valeurs en actions concr\u00e8tes longtemps apr\u00e8s votre d\u00e9c\u00e8s. La somme que vous d\u00e9ciderez de verser, quelle qu\u2019elle soit, servira \u00e0 financer nos efforts dans les ann\u00e9es \u00e0 venir et contribuera \u00e0 b\u00e2tir un monde respectueux de la vie sur cette plan\u00e8te. Notez qu\u2019une campagne canadienne sur trois est financ\u00e9e gr\u00e2ce \u00e0 des legs \u00e0 l\u2019heure actuelle.<\/p>\n\n<p>La pr\u00e9paration ad\u00e9quate de votre testament permettra d\u2019assurer l\u2019avenir de votre famille. Mais lorsque vos proches auront re\u00e7u leur juste part, le versement d\u2019un legs \u00e0 Greenpeace continuera de prot\u00e9ger la vie sur Terre au b\u00e9n\u00e9fice des g\u00e9n\u00e9rations futures.<\/p>\n\n<p>Pour maintenir son ind\u00e9pendance, Greenpeace n&rsquo;accepte jamais d&rsquo;argent des gouvernements ou des entreprises. Votre legs sera mis \u00e0 profit pour demander des comptes aux entit\u00e9s et aux individus dont les politiques ou les actions constituent de graves menaces pour l&rsquo;environnement et pour plaider en faveur des solutions urgentes dont notre plan\u00e8te a besoin.<\/p>\n\n<p>Deux options s&rsquo;offrent \u00e0 vous :<\/p>\n\n<ol class=\"wp-block-list\">\n<li><strong>Faire un legs testamentaire \u00e0 Greenpeace Canada pour faire progresser l&rsquo;ensemble de nos campagnes au Canada et dans le monde, y compris nos initiatives de plaidoyer comme les actions courageuses men\u00e9es par nos activistes.<\/strong><br><br>Coordonn\u00e9es et renseignements cl\u00e9s :\n<ul class=\"wp-block-list\">\n<li>Nom officiel : Greenpeace Canada<\/li>\n\n\n\n<li>Adresse principale : 33 rue Cecil, Toronto, Ontario, M5T 1N1<\/li>\n\n\n\n<li>Greenpeace Canada est un organisme \u00e0 but non lucratif enregistr\u00e9 au Canada, et son num\u00e9ro d&rsquo;entreprise est le 124206723RP.<br><\/li>\n<\/ul>\n<\/li>\n\n\n\n<li><strong>Faire un legs testamentaire au <a href=\"https:\/\/gcef.ca\/fr\/don-testamentaire\/\">Fonds d&rsquo;\u00e9ducation Greenpeace Canada<\/a>. Le Fonds d&rsquo;\u00e9ducation Greenpeace Canada est un organisme de bienfaisance enregistr\u00e9 qui se consacre \u00e0 la recherche scientifique, \u00e0 l&rsquo;\u00e9ducation et \u00e0 d&rsquo;autres activit\u00e9s visant \u00e0 sensibiliser les gens aux enjeux environnementaux au Canada et dans le monde entier. Pour en savoir plus sur la mani\u00e8re de faire un don par testament au Fonds d&rsquo;\u00e9ducation Greenpeace Canada, veuillez consulter le <\/strong><a href=\"https:\/\/gcef.ca\/fr\/don-testamentaire\/\"><strong>www.gcef.ca<\/strong><\/a><strong>.<\/strong><br><br><\/li>\n<\/ol>\n\n<p>Si vous avez d\u00e9j\u00e0 inclus Greenpeace dans votre testament, merci de nous en aviser. Cet engagement n\u2019est aucunement contraignant et vos derni\u00e8res volont\u00e9s demeureront strictement confidentielles. Nous aimerions simplement vous remercier comme il se doit, en reconnaissant votre remarquable contribution \u00e0 l\u2019avenir de notre plan\u00e8te.<\/p>\n\n<div class=\"topic\" id=\"dontestamentaire\">\n\n<h3 class=\"wp-block-heading\"><a class=\"toggle-show\" href=\"#dontestamentaire\">Pourquoi faire un don testamentaire?<\/a><a class=\"toggle-hide\" href=\"#hide-topic\">Pourquoi faire un don testamentaire?<\/a><\/h3>\n\n<div class=\"panel\">\n\n<p><strong>Si votre h\u00e9ritage est un clich\u00e9 instantan\u00e9 de votre vie, \u00e0 quoi ressemble cette photo?<\/strong><\/p>\n\n<p>Vous pourriez y voir les personnes qui vous sont ch\u00e8res, les endroits que vous avez visit\u00e9s et les causes qui vous tiennent \u00e0 c\u0153ur. Consid\u00e9rez le legs testamentaire comme un cadre qui vous permettra de pr\u00e9server cet instantan\u00e9 et de prolonger la long\u00e9vit\u00e9 et la vitalit\u00e9 de votre existence. Une fois que vous aurez pris soin de vos proches, un legs testamentaire peut vous permettre de continuer \u00e0 soutenir les causes qui vous tiennent le plus \u00e0 c\u0153ur. Lorsque nous pensons au mot \u00ab legs \u00bb, il est facile pour notre esprit de se tourner imm\u00e9diatement vers l&rsquo;avenir. Nous pensons \u00e0 un monde futur et \u00e0 des g\u00e9n\u00e9rations \u00e0 venir. Chez Greenpeace, nous croyons que votre legs existe d\u00e9j\u00e0 et qu&rsquo;il cro\u00eet chaque jour. Ce legs est une repr\u00e9sentation de qui vous \u00eates et de ce que vous tient \u00e0 c\u0153ur.&nbsp;<\/p>\n\n<p>Parce que lorsque nous regardons ces clich\u00e9s instantan\u00e9s de dons testamentaires, nous voyons des gens comme vous.<\/p>\n\n<!-- Closing panel div -->\n<\/div> \n<!-- Closing topic div -->\n<\/div>\n\n<div class=\"topic\" id=\"pourquoiGreenpeace\">\n\n<h3 class=\"wp-block-heading\"><a href=\"#pourquoiGreenpeace\" class=\"toggle-show\">Pourquoi soutenir Greenpeace?<\/a><a href=\"#hide-topic\" class=\"toggle-hide\">Pourquoi soutenir Greenpeace?<\/a><\/h3>\n\n<div class=\"panel\">\n\n<figure class=\"wp-block-image size-large caption-style-medium caption-alignment-center\"><img loading=\"lazy\" decoding=\"async\" width=\"800\" height=\"533\" src=\"https:\/\/www.greenpeace.org\/canada\/wp-content\/uploads\/2020\/07\/6eed4d58-gp020wn_web_size_with_credit_line.jpg\" alt=\"\" class=\"wp-image-41087\" srcset=\"https:\/\/www.greenpeace.org\/static\/planet4-canada-stateless\/2020\/07\/6eed4d58-gp020wn_web_size_with_credit_line.jpg 800w, https:\/\/www.greenpeace.org\/static\/planet4-canada-stateless\/2020\/07\/6eed4d58-gp020wn_web_size_with_credit_line-300x200.jpg 300w, https:\/\/www.greenpeace.org\/static\/planet4-canada-stateless\/2020\/07\/6eed4d58-gp020wn_web_size_with_credit_line-768x512.jpg 768w, https:\/\/www.greenpeace.org\/static\/planet4-canada-stateless\/2020\/07\/6eed4d58-gp020wn_web_size_with_credit_line-510x340.jpg 510w\" sizes=\"auto, (max-width: 800px) 100vw, 800px\" \/><\/figure>\n\n<p>Nous sommes une organisation mondiale qui \u0153uvre de fa\u00e7on cr\u00e9ative en faveur d&rsquo;un monde plus vert et pacifique depuis nos d\u00e9buts \u00e0 Vancouver en 1971. Greenpeace compte aujourd&rsquo;hui 27 organisations nationales et r\u00e9gionales ind\u00e9pendantes dans plus de 55 pays d&rsquo;Am\u00e9rique, d&rsquo;Europe, d&rsquo;Afrique, d&rsquo;Asie et de la r\u00e9gion Australie-Pacifique. Nous travaillons directement avec les communaut\u00e9s de premi\u00e8re ligne pour prot\u00e9ger l&rsquo;environnement dans lequel elles vivent. Nos campagnes sont guid\u00e9es par la science et <a href=\"https:\/\/www.greenpeace.org\/canada\/fr\/qui-sommes-nous\/nos-valeurs\/\">nos valeurs<\/a>, sans agenda politique ou corporatif, et notre ind\u00e9pendance nous conf\u00e8re la capacit\u00e9 particuli\u00e8re de dire la v\u00e9rit\u00e9 au pouvoir. Nous agissons pour faire \u00e9voluer les c\u0153urs et les esprits afin de lutter contre les changements climatiques, de promouvoir les \u00e9nergies propres, de d\u00e9fendre nos oc\u00e9ans, de prot\u00e9ger les for\u00eats et de pratiquer la durabilit\u00e9.<\/p>\n\n<p>Nos \u00e9quipes de scientifiques de renomm\u00e9e mondiale, d&rsquo;organisateur\u00b7rices de terrain, de sp\u00e9cialistes politiques, de documentaristes et de strat\u00e8ges exposent les enjeux environnementaux et promeuvent des solutions par le biais de recherches et d&rsquo;enqu\u00eates r\u00e9volutionnaires, d&rsquo;analyses politiques percutantes, d\u2019efforts de mobilisation communautaire, de communications cr\u00e9atives inspirantes, d&rsquo;actions directes et d&rsquo;un travail m\u00e9diatique de grande envergure.<\/p>\n\n<p>Rejoignez-nous, accordez-nous votre soutien et aidez-nous \u00e0 cr\u00e9er un avenir plus vert et plus pacifique d\u00e8s aujourd&rsquo;hui.<\/p>\n\n<p>Lisez nos rapports les plus r\u00e9cents et d\u00e9couvrez les victoires rendues possibles gr\u00e2ce aux sympathisant\u00b7es de Greenpeace :<\/p>\n\n<p><a href=\"https:\/\/www.greenpeace.org\/static\/planet4-canada-stateless\/2023\/11\/d9c39de6-2023-gratitude-report_fr_digital.pdf\" data-type=\"URL\" data-id=\"https:\/\/www.greenpeace.org\/static\/planet4-canada-stateless\/2023\/11\/d9c39de6-2023-gratitude-report_fr_digital.pdf\" target=\"_blank\" rel=\"noreferrer noopener\">Rapport de gratitude 2023<\/a><\/p>\n\n<p><a href=\"https:\/\/www.greenpeace.org\/static\/planet4-canada-stateless\/2022\/06\/4a4cb0cb-gp_impactreport-2022_fr_final.pdf\">Rapport d\u2019impact 2022<\/a><\/p>\n\n<!-- Closing panel div -->\n<\/div> \n<!-- Closing topic div -->\n<\/div>\n\n<div class=\"topic\" id=\"legs\">\n\n<h3 class=\"wp-block-heading\"><a href=\"#legs\" class=\"toggle-show\">Informations juridiques<\/a><a href=\"#hide-topic\" class=\"toggle-hide\">Informations juridiques<\/a><\/h3>\n\n<div class=\"panel\">\n\n<figure class=\"wp-block-image size-large caption-style-medium caption-alignment-center\"><img loading=\"lazy\" decoding=\"async\" width=\"1024\" height=\"683\" src=\"https:\/\/www.greenpeace.org\/static\/planet4-canada-stateless\/2023\/10\/de06d195-gp04trb-1024x683.jpeg\" alt=\"\" class=\"wp-image-60833\" srcset=\"https:\/\/www.greenpeace.org\/static\/planet4-canada-stateless\/2023\/10\/de06d195-gp04trb-1024x683.jpeg 1024w, https:\/\/www.greenpeace.org\/static\/planet4-canada-stateless\/2023\/10\/de06d195-gp04trb-300x200.jpeg 300w, https:\/\/www.greenpeace.org\/static\/planet4-canada-stateless\/2023\/10\/de06d195-gp04trb-768x512.jpeg 768w, https:\/\/www.greenpeace.org\/static\/planet4-canada-stateless\/2023\/10\/de06d195-gp04trb-1536x1024.jpeg 1536w, https:\/\/www.greenpeace.org\/static\/planet4-canada-stateless\/2023\/10\/de06d195-gp04trb-2048x1366.jpeg 2048w, https:\/\/www.greenpeace.org\/static\/planet4-canada-stateless\/2023\/10\/de06d195-gp04trb-510x340.jpeg 510w\" sizes=\"auto, (max-width: 1024px) 100vw, 1024px\" \/><\/figure>\n\n<p><span style=\"text-decoration: underline;\">Coordonn\u00e9e et renseignements juridiques :<\/span><br><strong>Nom l\u00e9gal :<\/strong> Greenpeace Canada<br><strong>Adresse du si\u00e8ge social de Greenpeace Canada:<\/strong> 33, rue Cecil, Toronto, ON, M5T 1N1<br><strong>T\u00e9l\u00e9phone :<\/strong> 1 800 320-7183 (sans frais)<br><strong>T\u00e9l\u00e9copieur :<\/strong> 416 597-8422<br><strong>Num\u00e9ro d\u2019entreprise :<\/strong> 124206723RP<\/p>\n\n<p>Voici des <a rel=\"noreferrer noopener\" href=\"https:\/\/www.greenpeace.org\/static\/planet4-canada-stateless\/2019\/05\/5e10bb9b-legs-testamentaires-exemples-disposition.pdf\" target=\"_blank\">exemples de dispositions<\/a> permettant de faire un legs dans votre testament. Si vous mettez \u00e0 jour un testament existant, <a rel=\"noreferrer noopener\" href=\"https:\/\/www.greenpeace.org\/static\/planet4-canada-stateless\/2019\/05\/8e2eb8dd-legs-testamentaires-modele-codicille.pdf\" target=\"_blank\">t\u00e9l\u00e9chargez notre mod\u00e8le de codicille<\/a>. Nous avons \u00e9galement pr\u00e9par\u00e9 un document intitul\u00e9 <a rel=\"noreferrer noopener\" href=\"https:\/\/www.greenpeace.org\/static\/planet4-canada-stateless\/2022\/11\/af776764-gp_legacy-guide_2022_fr_rev_final.pdf\" target=\"_blank\">Les dons testamentaires<\/a>, qui r\u00e9sume l\u2019histoire, les valeurs et les r\u00e9alisations de Greenpeace, en plus de contenir des d\u00e9tails sur l\u2019impact de votre don, ainsi que des explications sur la terminologie juridique souvent utilis\u00e9e lors de la cr\u00e9ation d\u2019un testament.<\/p>\n\n<p>Les dons testamentaires au profit de Greenpeace Canada ne donnent pas droit \u00e0 un re\u00e7u fiscal. Si vous avez besoin d&rsquo;un re\u00e7u fiscal, veuillez envisager de faire un don par testament au <strong>Fonds d&rsquo;\u00e9ducation Greenpeace Canada. <\/strong>Pour en savoir plus, veuillez consulter le site Web du Fonds : <a href=\"https:\/\/gcef.ca\/fr\/\">www.gcef.ca<\/a><\/p>\n\n<p><strong>Ressources utiles<\/strong><\/p>\n\n<ul class=\"wp-block-list\">\n<li><a href=\"https:\/\/www.greenpeace.org\/static\/planet4-canada-stateless\/2019\/05\/5e10bb9b-legs-testamentaires-exemples-disposition.pdf\">Exemple de gabarit pour faire un don testamentaire.<\/a><\/li>\n\n\n\n<li>Lisez notre <a href=\"https:\/\/www.greenpeace.org\/static\/planet4-canada-stateless\/2022\/11\/af776764-gp_legacy-guide_2022_fr_rev_final.pdf\">Guide concernant les legs testamentaire<\/a>, qui contient des informations sur notre histoire, nos valeurs et nos accomplissements. Ce dernier d\u00e9crit l&rsquo;impact que votre don pourrait avoir et contient des explications sur la terminologie juridique souvent utilis\u00e9e lors de la pr\u00e9paration d&rsquo;un testament.<\/li>\n\n\n\n<li>Si vous mettez \u00e0 jour un testament existant, vous trouverez peut-\u00eatre utile de t\u00e9l\u00e9charger notre <a href=\"https:\/\/www.greenpeace.org\/static\/planet4-canada-stateless\/2019\/05\/8e2eb8dd-legs-testamentaires-modele-codicille.pdf\">mod\u00e8le de codicille<\/a>.&nbsp;<\/li>\n<\/ul>\n\n<p>*Un testament est un instrument juridique \u00e9labor\u00e9 sur mesure en fonction de votre situation personnelle. Id\u00e9alement, un ou une avocat\u00b7e devrait vous aider \u00e0 pr\u00e9parer votre testament afin de s&rsquo;assurer qu&rsquo;il est correctement r\u00e9dig\u00e9, sign\u00e9 et attest\u00e9.<\/p>\n\n<iframe loading=\"lazy\" src=\"https:\/\/www.youtube.com\/embed\/vk9ri2yPCDw\" frameborder=\"0\" allow=\"accelerometer; autoplay; encrypted-media; gyroscope; picture-in-picture\" allowfullscreen=\"\" width=\"800px\" height=\"500px\"><\/iframe><br>\n\n<p>Nous avons discut\u00e9 avec Maureen Tabuchi, une avocate en droit successoral poss\u00e9dant plus de 30 ans d\u2019exp\u00e9rience, pour vous aider \u00e0 d\u00e9mystifier la r\u00e9daction testamentaire et la planification successorale. Plusieurs personnes souhaitent avoir un impact positif \u00e0 long terme, or cet impact repose sur un testament r\u00e9dig\u00e9 dans les r\u00e8gles de l\u2019art.<\/p>\n\n<p>Voici les trois meilleurs conseils de Maureen en mati\u00e8re de r\u00e9daction testamentaire&nbsp;:<\/p>\n\n<ol class=\"wp-block-list\">\n<li>R\u00e9digez votre testament avec un avocat ou une avocate sp\u00e9cialis\u00e9e en droit<br>successoral, ce qui vous permettra de le r\u00e9ussir du premier coup. Vous b\u00e9n\u00e9ficierez d\u2019une plus grande tranquillit\u00e9 d\u2019esprit et n\u2019aurez plus d\u2019inqui\u00e9tude \u00e0 vous faire.<\/li>\n\n\n\n<li>D\u00e9signez le liquidateur ou la liquidatrice de votre succession. Cette personne de confiance devra collaborer avec vos proches pour assurer le respect de vos derni\u00e8res volont\u00e9s.<\/li>\n\n\n\n<li>D\u00e9terminez \u00e0 qui vous donnerez vos actifs. Au Canada, le don de votre patrimoine \u00e0 votre conjoint\u00b7e ou \u00e0 une personne \u00e0 charge est r\u00e9gi par la loi. Mais lorsque vos proches auront re\u00e7u leur juste part, vous pourrez l\u00e9guer le reliquat de votre succession (en totalit\u00e9 ou en pourcentage) \u00e0 une organisation qui vous tient \u00e0 c\u0153ur, comme Greenpeace.<\/li>\n<\/ol>\n\n<!-- Closing panel div -->\n<\/div> \n<!-- Closing topic div -->\n<\/div>\n\n<div class=\"topic\" id=\"decouvrez\">\n\n<h3 class=\"wp-block-heading\"><a href=\"#decouvrez\" class=\"toggle-show\">D\u00e9couvrez ce qui a motiv\u00e9 d\u2019autres personnes \u00e0 faire un legs<\/a><a href=\"#hide-topic\" class=\"toggle-hide\">D\u00e9couvrez ce qui a motiv\u00e9 d\u2019autres personnes \u00e0 faire un legs<\/a><\/h3>\n\n<div class=\"panel\">\n\n<figure class=\"wp-block-image size-large caption-style-medium caption-alignment-center\"><img loading=\"lazy\" decoding=\"async\" width=\"1024\" height=\"683\" src=\"https:\/\/www.greenpeace.org\/static\/planet4-canada-stateless\/2023\/10\/44c3e4ec-gp1t8r3r-1-1-1024x683.jpg\" alt=\"\" class=\"wp-image-60836\" srcset=\"https:\/\/www.greenpeace.org\/static\/planet4-canada-stateless\/2023\/10\/44c3e4ec-gp1t8r3r-1-1-1024x683.jpg 1024w, https:\/\/www.greenpeace.org\/static\/planet4-canada-stateless\/2023\/10\/44c3e4ec-gp1t8r3r-1-1-300x200.jpg 300w, https:\/\/www.greenpeace.org\/static\/planet4-canada-stateless\/2023\/10\/44c3e4ec-gp1t8r3r-1-1-768x512.jpg 768w, https:\/\/www.greenpeace.org\/static\/planet4-canada-stateless\/2023\/10\/44c3e4ec-gp1t8r3r-1-1-1536x1024.jpg 1536w, https:\/\/www.greenpeace.org\/static\/planet4-canada-stateless\/2023\/10\/44c3e4ec-gp1t8r3r-1-1-2048x1366.jpg 2048w, https:\/\/www.greenpeace.org\/static\/planet4-canada-stateless\/2023\/10\/44c3e4ec-gp1t8r3r-1-1-510x340.jpg 510w\" sizes=\"auto, (max-width: 1024px) 100vw, 1024px\" \/><\/figure>\n\n<p>Joignez-vous aux <a href=\"https:\/\/www.greenpeace.org\/canada\/fr\/agir\/faites-un-don-par-testament\/les-gardiens-verts\/\" target=\"_blank\" rel=\"noreferrer noopener\">Gardiens verts<\/a>, une communaut\u00e9 de gens reconnus pour leur engagement exceptionnel envers la protection de la plan\u00e8te.<\/p>\n\n<p>Cliquez ici pour lire les <a href=\"https:\/\/www.greenpeace.org\/canada\/fr\/agir\/faites-un-don-par-testament\/temoignages-legs-testamentaires\/\" target=\"_blank\" rel=\"noreferrer noopener\">t\u00e9moignages de nos donatrices et donateurs testamentaires<\/a>.<\/p>\n\n<!-- Closing panel div -->\n<\/div> \n<!-- Closing topic div -->\n<\/div>\n<div data-render=\"planet4-blocks\/columns\" data-attributes=\"{&quot;attributes&quot;:{&quot;columns_block_style&quot;:&quot;icons&quot;,&quot;columns_title&quot;:&quot;N\\u2019h\\u00e9sitez pas \\u00e0 nous contacter!&quot;,&quot;columns_description&quot;:&quot; &quot;,&quot;columns&quot;:[{&quot;title&quot;:&quot; &quot;,&quot;description&quot;:&quot;Pour plus de d\\u00e9tails au sujet des legs testamentaires, veuillez communiquer avec Sara Debrosse.&lt;br&gt;&lt;br&gt;Repr\\u00e9sentante du service aux sympathisant\\u00b7es&lt;br&gt;Greenpeace Canada&lt;br&gt;&lt;a href=\\&quot;mailto:sydney.smith@greenpeace.org\\&quot;&gt;sara.debrosse@greenpeace.org&lt;\\\/a&gt;&lt;br&gt;&lt;a href=\\&quot;tel:1 (800) 320-7183\\&quot;&gt;1 437 800 4934&lt;\\\/a&gt;&quot;,&quot;attachment&quot;:&quot;https:\\\/\\\/www.greenpeace.org\\\/static\\\/planet4-canada-stateless\\\/2025\\\/06\\\/7ed7d34f-untitled-design-1-150x150.png&quot;,&quot;link_new_tab&quot;:false,&quot;attachment_srcset&quot;:&quot;https:\\\/\\\/www.greenpeace.org\\\/static\\\/planet4-canada-stateless\\\/2025\\\/06\\\/7ed7d34f-untitled-design-1-150x150.png 150w, https:\\\/\\\/www.greenpeace.org\\\/static\\\/planet4-canada-stateless\\\/2025\\\/06\\\/7ed7d34f-untitled-design-1-300x300.png 300w, https:\\\/\\\/www.greenpeace.org\\\/static\\\/planet4-canada-stateless\\\/2025\\\/06\\\/7ed7d34f-untitled-design-1-340x340.png 340w, https:\\\/\\\/www.greenpeace.org\\\/static\\\/planet4-canada-stateless\\\/2025\\\/06\\\/7ed7d34f-untitled-design-1.png 500w&quot;}],&quot;className&quot;:&quot;is-style-icons&quot;}}\"><\/div>\n<div id=\"anchor\">&nbsp;<\/div>\n\n<h2 class=\"wp-block-heading page-section-header\" id=\"form-header-section\">Indiquez-nous comment nous pouvons vous aider en remplissant ce formulaire :<\/h2>\n\n<script charset=\"utf-8\" type=\"text\/javascript\" src=\"\/\/js.hsforms.net\/forms\/embed\/v2.js\"><\/script>\n<script>\n  hbspt.forms.create({\n    region: \"na1\",\n    portalId: \"20052921\",\n    formId: \"ec478385-7646-446e-80f1-f1e10b2fbdd9\"\n  });\n<\/script>\n","protected":false},"excerpt":{"rendered":"<p>En plus d\u2019\u00eatre un symbole d\u2019espoir, l\u2019histoire de Greenpeace t\u00e9moigne du formidable impact que les gens ordinaires peuvent avoir lorsqu\u2019ils se mobilisent pour prot\u00e9ger la Terre et sa pr\u00e9cieuse biodiversit\u00e9.<\/p>\n","protected":false},"author":7,"featured_media":24273,"parent":2214,"menu_order":4,"comment_status":"closed","ping_status":"closed","template":"","meta":{"ep_exclude_from_search":false,"p4_hide_page_title_checkbox":"on","p4_title":"","p4_subtitle":"","p4_description":"","background_image_id":"","background_image":"","p4_button_title":"","p4_button_link":"","p4_button_link_checkbox":"","p4_og_title":"","p4_og_description":"","p4_og_image":"","p4_og_image_id":"","p4_seo_canonical_url":"","p4_campaign_name":"not set","p4_local_project":"not set","p4_basket_name":"not set","p4_department":"","footnotes":""},"categories":[],"tags":[50],"class_list":["post-2174","page","type-page","status-publish","has-post-thumbnail","hentry","tag-soutenirgreenpeace"],"_links":{"self":[{"href":"https:\/\/www.greenpeace.org\/canada\/fr\/wp-json\/wp\/v2\/pages\/2174","targetHints":{"allow":["GET"]}}],"collection":[{"href":"https:\/\/www.greenpeace.org\/canada\/fr\/wp-json\/wp\/v2\/pages"}],"about":[{"href":"https:\/\/www.greenpeace.org\/canada\/fr\/wp-json\/wp\/v2\/types\/page"}],"author":[{"embeddable":true,"href":"https:\/\/www.greenpeace.org\/canada\/fr\/wp-json\/wp\/v2\/users\/7"}],"replies":[{"embeddable":true,"href":"https:\/\/www.greenpeace.org\/canada\/fr\/wp-json\/wp\/v2\/comments?post=2174"}],"version-history":[{"count":20,"href":"https:\/\/www.greenpeace.org\/canada\/fr\/wp-json\/wp\/v2\/pages\/2174\/revisions"}],"predecessor-version":[{"id":71723,"href":"https:\/\/www.greenpeace.org\/canada\/fr\/wp-json\/wp\/v2\/pages\/2174\/revisions\/71723"}],"up":[{"embeddable":true,"href":"https:\/\/www.greenpeace.org\/canada\/fr\/wp-json\/wp\/v2\/pages\/2214"}],"wp:featuredmedia":[{"embeddable":true,"href":"https:\/\/www.greenpeace.org\/canada\/fr\/wp-json\/wp\/v2\/media\/24273"}],"wp:attachment":[{"href":"https:\/\/www.greenpeace.org\/canada\/fr\/wp-json\/wp\/v2\/media?parent=2174"}],"wp:term":[{"taxonomy":"category","embeddable":true,"href":"https:\/\/www.greenpeace.org\/canada\/fr\/wp-json\/wp\/v2\/categories?post=2174"},{"taxonomy":"post_tag","embeddable":true,"href":"https:\/\/www.greenpeace.org\/canada\/fr\/wp-json\/wp\/v2\/tags?post=2174"}],"curies":[{"name":"wp","href":"https:\/\/api.w.org\/{rel}","templated":true}]}}