{"id":2196,"date":"2018-06-29T13:20:57","date_gmt":"2018-06-29T13:20:57","guid":{"rendered":"https:\/\/www.greenpeace.org\/canada\/?page_id=2196"},"modified":"2025-09-23T05:53:54","modified_gmt":"2025-09-23T09:53:54","slug":"emplois","status":"publish","type":"page","link":"https:\/\/www.greenpeace.org\/canada\/fr\/emplois\/","title":{"rendered":"Emplois"},"content":{"rendered":"\n\n<div class=\"wp-block-group alignfull is-layout-flow wp-block-group-is-layout-flow\">\n<div class=\"wp-block-group container is-layout-flow wp-block-group-is-layout-flow\">\n<div class=\"wp-block-media-text alignfull has-media-on-the-right is-stacked-on-mobile is-pattern-p4-page-header is-style-parallax\"><div class=\"wp-block-media-text__content\">\n<div class=\"wp-block-group is-layout-flow wp-block-group-is-layout-flow\">\n<h1 class=\"wp-block-heading has-white-background-color has-background\">\n                            Emplois\n                        <\/h1>\n<\/div>\n\n\n\n<p style=\"font-size:1.25rem\">\n                            Rejoignez l\u2019\u00e9quipe de Greenpeace. Notre \u00e9quipe dynamique est compos\u00e9e d\u2019individus comp\u00e9tents et passionn\u00e9s par la protection de notre plan\u00e8te. Nous vous offrons un milieu de travail agr\u00e9able et d\u2019excellents avantages.\n                        <\/p>\n<\/div><figure class=\"wp-block-media-text__media\"><img loading=\"lazy\" decoding=\"async\" width=\"800\" height=\"533\" src=\"https:\/\/www.greenpeace.org\/static\/planet4-canada-stateless\/2024\/06\/a2caa5b2-gp0sts6yv_low-res-800px.jpg\" alt=\"\" sizes=\"auto, (min-width: 601px) 50vw, 100vw\" srcset=\"https:\/\/www.greenpeace.org\/static\/planet4-canada-stateless\/2024\/06\/a2caa5b2-gp0sts6yv_low-res-800px.jpg 800w, https:\/\/www.greenpeace.org\/static\/planet4-canada-stateless\/2024\/06\/a2caa5b2-gp0sts6yv_low-res-800px-300x200.jpg 300w, https:\/\/www.greenpeace.org\/static\/planet4-canada-stateless\/2024\/06\/a2caa5b2-gp0sts6yv_low-res-800px-768x512.jpg 768w, https:\/\/www.greenpeace.org\/static\/planet4-canada-stateless\/2024\/06\/a2caa5b2-gp0sts6yv_low-res-800px-510x340.jpg 510w\" class=\"wp-image-66070 size-full\"\/><\/figure><\/div>\n<\/div>\n<\/div>\n\n\n<p>Les personnes int\u00e9ress\u00e9es doivent comprendre et soutenir la fa\u00e7on d\u2019agir de Greenpeace dans ses campagnes, notamment le recours \u00e0 la d\u00e9sob\u00e9issance civile pacifiste. Nous recherchons des personnes qui connaissent bien les probl\u00e9matiques environnementales et qui d\u00e9sirent nous aider \u00e0 trouver et \u00e0 mettre en \u0153uvre des solutions durables. Greenpeace s\u2019efforce de conserver un milieu de travail diversifi\u00e9, et c\u2019est pourquoi nous invitons particuli\u00e8rement les personnes issues de groupes sous-repr\u00e9sent\u00e9s \u00e0 poser leur candidature.<\/p>\n\n<p>Toutes les possibilit\u00e9s d\u2019emploi au Canada et certaines offres d\u2019emploi \u00e0 l\u2019\u00e9tranger sont publi\u00e9es ici. Seules les personnes retenues pour une entrevue seront contact\u00e9es.<\/p>\n\n    <div class=\"wp-block-query posts-list p4-query-loop is-custom-layout-list is-layout-flow wp-block-query-is-layout-flow\">\n        <div class=\"wp-block-group is-content-justification-space-between is-layout-flex wp-container-core-group-is-layout-3d213aab wp-block-group-is-layout-flex\"><h2 class=\"wp-block-heading\">Offres d\u2019emploi :<\/h2>\n        <li class=\" wp-block-navigation-item see-all-link wp-block-navigation-link\"><a class=\"wp-block-navigation-item__content\"  href=\"http:\/\/www.greenpeace.org\/canada\/en\/news-stories\/?post-type=job\"><span class=\"wp-block-navigation-item__label\">See all stories<\/span><\/a><\/li>\n        \n        <\/div>\n        \n\n    <p style=\"margin-top: 24px; margin-bottom: 36px;\"><\/p>\n\n    <div class=\"wp-block-query-no-results\">\n        <p >No posts found.<\/p>\n        <\/div>\n\n    \n\n    \n<div class=\"wp-block-buttons carousel-controls is-horizontal is-content-justification-space-between is-nowrap is-layout-flex wp-container-core-buttons-is-layout-044bd602 wp-block-buttons-is-layout-flex\">\n            <div class=\"wp-block-button carousel-control-prev\"><button type=\"button\" class=\"wp-block-button__link wp-element-button\">Prev<\/button><\/div>\n        \n\n            <div class=\"wp-block-button carousel-control-next\"><button type=\"button\" class=\"wp-block-button__link wp-element-button\">Next<\/button><\/div>\n        <\/div>\n\n\n    <li class=\" wp-block-navigation-item see-all-link wp-block-navigation-link\"><a class=\"wp-block-navigation-item__content\"  href=\"http:\/\/www.greenpeace.org\/canada\/en\/news-stories\/?post-type=job\"><span class=\"wp-block-navigation-item__label\">See all stories<\/span><\/a><\/li><\/div>\n    \n\n<div class=\"wp-block-group alignfull block has-beige-100-background-color has-background is-layout-flow wp-block-group-is-layout-flow\">\n<div class=\"wp-block-group container is-layout-flow wp-block-group-is-layout-flow\">\n<div style=\"height:30px\" aria-hidden=\"true\" class=\"wp-block-spacer\"><\/div>\n\n\n\n<h4 class=\"wp-block-heading\">Continuez \u00e0 vous informer sur Greenpeace<\/h4>\n\n\n\n\n<div class=\"wp-block-group alignfull block has-beige-100-background-color has-background is-layout-flow wp-block-group-is-layout-flow\">\n<div class=\"wp-block-group container is-layout-flow wp-block-group-is-layout-flow\">\n<div class=\"wp-block-columns is-style-mobile-carousel is-layout-flex wp-container-core-columns-is-layout-9d6595d7 wp-block-columns-is-layout-flex\">\n<div class=\"wp-block-column is-layout-flow wp-block-column-is-layout-flow\">\n<div class=\"wp-block-group group-stretched-link is-layout-flow wp-block-group-is-layout-flow\">\n<figure class=\"wp-block-image aligncenter size-full is-resized is-style-rounded-90 force-no-lightbox force-no-caption mb-0\"><a href=\"https:\/\/www.greenpeace.org\/canada\/fr\/qui-sommes-nous\/\"><img loading=\"lazy\" decoding=\"async\" width=\"512\" height=\"512\" src=\"https:\/\/www.greenpeace.org\/static\/planet4-canada-stateless\/2024\/06\/b60e86b1-about-us.png\" alt=\"\" class=\"wp-image-66260\" srcset=\"https:\/\/www.greenpeace.org\/static\/planet4-canada-stateless\/2024\/06\/b60e86b1-about-us.png 512w, https:\/\/www.greenpeace.org\/static\/planet4-canada-stateless\/2024\/06\/b60e86b1-about-us-300x300.png 300w, https:\/\/www.greenpeace.org\/static\/planet4-canada-stateless\/2024\/06\/b60e86b1-about-us-150x150.png 150w, https:\/\/www.greenpeace.org\/static\/planet4-canada-stateless\/2024\/06\/b60e86b1-about-us-340x340.png 340w\" sizes=\"auto, (max-width: 512px) 100vw, 512px\" \/><\/a><\/figure>\n\n\n\n<div style=\"height:16px\" aria-hidden=\"true\" class=\"wp-block-spacer\"><\/div>\n\n\n\n<h5 class=\"wp-block-heading has-text-align-center\" style=\"font-size:1rem\"><a href=\"https:\/\/www.greenpeace.org\/canada\/fr\/qui-sommes-nous\/\">\u00c0 propos<\/a><\/h5>\n<\/div>\n<\/div>\n\n\n\n<div class=\"wp-block-column is-layout-flow wp-block-column-is-layout-flow\">\n<div class=\"wp-block-group group-stretched-link is-layout-flow wp-block-group-is-layout-flow\">\n<figure class=\"wp-block-image aligncenter size-full is-resized is-style-rounded-90 force-no-lightbox force-no-caption mb-0\"><a href=\"https:\/\/www.greenpeace.org\/canada\/fr\/qui-sommes-nous\/notre-conseil-dadministration\/\"><img loading=\"lazy\" decoding=\"async\" width=\"512\" height=\"512\" src=\"https:\/\/www.greenpeace.org\/static\/planet4-canada-stateless\/2025\/02\/54afc1b0-board-black.png\" alt=\"\" class=\"wp-image-68529\" srcset=\"https:\/\/www.greenpeace.org\/static\/planet4-canada-stateless\/2025\/02\/54afc1b0-board-black.png 512w, https:\/\/www.greenpeace.org\/static\/planet4-canada-stateless\/2025\/02\/54afc1b0-board-black-300x300.png 300w, https:\/\/www.greenpeace.org\/static\/planet4-canada-stateless\/2025\/02\/54afc1b0-board-black-150x150.png 150w, https:\/\/www.greenpeace.org\/static\/planet4-canada-stateless\/2025\/02\/54afc1b0-board-black-340x340.png 340w\" sizes=\"auto, (max-width: 512px) 100vw, 512px\" \/><\/a><\/figure>\n\n\n\n<div style=\"height:16px\" aria-hidden=\"true\" class=\"wp-block-spacer\"><\/div>\n\n\n\n<h5 class=\"wp-block-heading has-text-align-center\" style=\"font-size:1rem\"><a href=\"https:\/\/www.greenpeace.org\/canada\/fr\/qui-sommes-nous\/notre-conseil-dadministration\/\">Notre conseil<\/a><\/h5>\n<\/div>\n<\/div>\n\n\n\n<div class=\"wp-block-column is-layout-flow wp-block-column-is-layout-flow\">\n<div class=\"wp-block-group group-stretched-link is-layout-flow wp-block-group-is-layout-flow\">\n<figure class=\"wp-block-image aligncenter size-full is-resized is-style-rounded-90 force-no-lightbox force-no-caption mb-0\"><a href=\"https:\/\/www.greenpeace.org\/canada\/fr\/qui-sommes-nous\/notre-histoire\/\"><img loading=\"lazy\" decoding=\"async\" width=\"512\" height=\"512\" src=\"https:\/\/www.greenpeace.org\/static\/planet4-canada-stateless\/2024\/06\/607759a3-victories.png\" alt=\"\" class=\"wp-image-66263\" srcset=\"https:\/\/www.greenpeace.org\/static\/planet4-canada-stateless\/2024\/06\/607759a3-victories.png 512w, https:\/\/www.greenpeace.org\/static\/planet4-canada-stateless\/2024\/06\/607759a3-victories-300x300.png 300w, https:\/\/www.greenpeace.org\/static\/planet4-canada-stateless\/2024\/06\/607759a3-victories-150x150.png 150w, https:\/\/www.greenpeace.org\/static\/planet4-canada-stateless\/2024\/06\/607759a3-victories-340x340.png 340w\" sizes=\"auto, (max-width: 512px) 100vw, 512px\" \/><\/a><\/figure>\n\n\n\n<div style=\"height:16px\" aria-hidden=\"true\" class=\"wp-block-spacer\"><\/div>\n\n\n\n<h5 class=\"wp-block-heading has-text-align-center\" style=\"font-size:1rem\"><a href=\"https:\/\/www.greenpeace.org\/canada\/fr\/qui-sommes-nous\/notre-histoire\/\">Nos victoires<\/a><\/h5>\n<\/div>\n<\/div>\n\n\n\n<div class=\"wp-block-column is-layout-flow wp-block-column-is-layout-flow\">\n<div class=\"wp-block-group group-stretched-link is-layout-flow wp-block-group-is-layout-flow\">\n<figure class=\"wp-block-image aligncenter size-full is-resized is-style-rounded-90 force-no-lightbox force-no-caption mb-0\"><a href=\"https:\/\/www.greenpeace.org\/canada\/fr\/qui-sommes-nous\/bateaux\/\"><img loading=\"lazy\" decoding=\"async\" width=\"512\" height=\"512\" src=\"https:\/\/www.greenpeace.org\/static\/planet4-canada-stateless\/2024\/06\/3c2df8c7-ships.png\" alt=\"\" class=\"wp-image-66288\" srcset=\"https:\/\/www.greenpeace.org\/static\/planet4-canada-stateless\/2024\/06\/3c2df8c7-ships.png 512w, https:\/\/www.greenpeace.org\/static\/planet4-canada-stateless\/2024\/06\/3c2df8c7-ships-300x300.png 300w, https:\/\/www.greenpeace.org\/static\/planet4-canada-stateless\/2024\/06\/3c2df8c7-ships-150x150.png 150w, https:\/\/www.greenpeace.org\/static\/planet4-canada-stateless\/2024\/06\/3c2df8c7-ships-340x340.png 340w\" sizes=\"auto, (max-width: 512px) 100vw, 512px\" \/><\/a><\/figure>\n\n\n\n<div style=\"height:16px\" aria-hidden=\"true\" class=\"wp-block-spacer\"><\/div>\n\n\n\n<h5 class=\"wp-block-heading has-text-align-center\" style=\"font-size:1rem\"><a href=\"https:\/\/www.greenpeace.org\/canada\/fr\/qui-sommes-nous\/bateaux\/\">Notre flotte<\/a><\/h5>\n<\/div>\n<\/div>\n\n\n\n<div class=\"wp-block-column is-layout-flow wp-block-column-is-layout-flow\">\n<div class=\"wp-block-group group-stretched-link is-layout-flow wp-block-group-is-layout-flow\">\n<figure class=\"wp-block-image aligncenter size-full is-resized is-style-rounded-90 force-no-lightbox force-no-caption mb-0\"><a href=\"https:\/\/www.greenpeace.org\/canada\/fr\/qui-sommes-nous\/nos-valeurs\/\"><img loading=\"lazy\" decoding=\"async\" width=\"512\" height=\"512\" src=\"https:\/\/www.greenpeace.org\/static\/planet4-canada-stateless\/2024\/06\/498ea947-our-values.png\" alt=\"\" class=\"wp-image-66285\" srcset=\"https:\/\/www.greenpeace.org\/static\/planet4-canada-stateless\/2024\/06\/498ea947-our-values.png 512w, https:\/\/www.greenpeace.org\/static\/planet4-canada-stateless\/2024\/06\/498ea947-our-values-300x300.png 300w, https:\/\/www.greenpeace.org\/static\/planet4-canada-stateless\/2024\/06\/498ea947-our-values-150x150.png 150w, https:\/\/www.greenpeace.org\/static\/planet4-canada-stateless\/2024\/06\/498ea947-our-values-340x340.png 340w\" sizes=\"auto, (max-width: 512px) 100vw, 512px\" \/><\/a><\/figure>\n\n\n\n<div style=\"height:16px\" aria-hidden=\"true\" class=\"wp-block-spacer\"><\/div>\n\n\n\n<h5 class=\"wp-block-heading has-text-align-center\" style=\"font-size:1rem\"><a href=\"https:\/\/www.greenpeace.org\/canada\/fr\/qui-sommes-nous\/nos-valeurs\/\">Nos valeurs<\/a><\/h5>\n<\/div>\n<\/div>\n<\/div>\n<\/div>\n<\/div>\n\n\n\n\n<div class=\"wp-block-columns is-style-mobile-carousel is-layout-flex wp-container-core-columns-is-layout-9d6595d7 wp-block-columns-is-layout-flex\">\n<div class=\"wp-block-column is-layout-flow wp-block-column-is-layout-flow\">\n<div class=\"wp-block-group group-stretched-link is-layout-flow wp-block-group-is-layout-flow\">\n<figure class=\"wp-block-image aligncenter size-full is-resized is-style-rounded-90 force-no-lightbox force-no-caption mb-0\"><a href=\"https:\/\/www.greenpeace.org\/canada\/fr\/emplois\/\"><img loading=\"lazy\" decoding=\"async\" width=\"512\" height=\"512\" src=\"https:\/\/www.greenpeace.org\/static\/planet4-canada-stateless\/2024\/06\/08eeca90-jobs.png\" alt=\"\" class=\"wp-image-66282\" srcset=\"https:\/\/www.greenpeace.org\/static\/planet4-canada-stateless\/2024\/06\/08eeca90-jobs.png 512w, https:\/\/www.greenpeace.org\/static\/planet4-canada-stateless\/2024\/06\/08eeca90-jobs-300x300.png 300w, https:\/\/www.greenpeace.org\/static\/planet4-canada-stateless\/2024\/06\/08eeca90-jobs-150x150.png 150w, https:\/\/www.greenpeace.org\/static\/planet4-canada-stateless\/2024\/06\/08eeca90-jobs-340x340.png 340w\" sizes=\"auto, (max-width: 512px) 100vw, 512px\" \/><\/a><\/figure>\n\n\n\n<div style=\"height:16px\" aria-hidden=\"true\" class=\"wp-block-spacer\"><\/div>\n\n\n\n<h5 class=\"wp-block-heading has-text-align-center\" style=\"font-size:1rem\"><a href=\"https:\/\/www.greenpeace.org\/canada\/fr\/emplois\/\" data-type=\"link\" data-id=\"https:\/\/www.greenpeace.org\/canada\/en\/jobs\/\">Carri\u00e8res<\/a><\/h5>\n<\/div>\n<\/div>\n\n\n\n<div class=\"wp-block-column is-layout-flow wp-block-column-is-layout-flow\">\n<div class=\"wp-block-group group-stretched-link is-layout-flow wp-block-group-is-layout-flow\">\n<figure class=\"wp-block-image aligncenter size-full is-resized is-style-rounded-90 force-no-lightbox force-no-caption mb-0\"><a href=\"https:\/\/www.greenpeace.org\/canada\/fr\/qui-sommes-nous\/fonds-education\/\"><img loading=\"lazy\" decoding=\"async\" width=\"512\" height=\"512\" src=\"https:\/\/www.greenpeace.org\/static\/planet4-canada-stateless\/2024\/06\/8f0ca816-gcef.png\" alt=\"\" class=\"wp-image-66276\" srcset=\"https:\/\/www.greenpeace.org\/static\/planet4-canada-stateless\/2024\/06\/8f0ca816-gcef.png 512w, https:\/\/www.greenpeace.org\/static\/planet4-canada-stateless\/2024\/06\/8f0ca816-gcef-300x300.png 300w, https:\/\/www.greenpeace.org\/static\/planet4-canada-stateless\/2024\/06\/8f0ca816-gcef-150x150.png 150w, https:\/\/www.greenpeace.org\/static\/planet4-canada-stateless\/2024\/06\/8f0ca816-gcef-340x340.png 340w\" sizes=\"auto, (max-width: 512px) 100vw, 512px\" \/><\/a><\/figure>\n\n\n\n<div style=\"height:16px\" aria-hidden=\"true\" class=\"wp-block-spacer\"><\/div>\n\n\n\n<h5 class=\"wp-block-heading has-text-align-center\" style=\"font-size:1rem\"><a href=\"https:\/\/www.greenpeace.org\/canada\/fr\/qui-sommes-nous\/fonds-education\/\">Fonds d&rsquo;\u00e9ducation Greenpeace Canada<\/a><\/h5>\n<\/div>\n<\/div>\n\n\n\n<div class=\"wp-block-column is-layout-flow wp-block-column-is-layout-flow\">\n<div class=\"wp-block-group group-stretched-link is-layout-flow wp-block-group-is-layout-flow\">\n<figure class=\"wp-block-image aligncenter size-full is-resized is-style-rounded-90 force-no-lightbox force-no-caption mb-0\"><a href=\"https:\/\/www.greenpeace.org\/canada\/fr\/qui-sommes-nous\/nos-politiques\/\"><img loading=\"lazy\" decoding=\"async\" width=\"512\" height=\"512\" src=\"https:\/\/www.greenpeace.org\/static\/planet4-canada-stateless\/2024\/06\/06fb9746-policies.png\" alt=\"\" class=\"wp-image-66273\" srcset=\"https:\/\/www.greenpeace.org\/static\/planet4-canada-stateless\/2024\/06\/06fb9746-policies.png 512w, https:\/\/www.greenpeace.org\/static\/planet4-canada-stateless\/2024\/06\/06fb9746-policies-300x300.png 300w, https:\/\/www.greenpeace.org\/static\/planet4-canada-stateless\/2024\/06\/06fb9746-policies-150x150.png 150w, https:\/\/www.greenpeace.org\/static\/planet4-canada-stateless\/2024\/06\/06fb9746-policies-340x340.png 340w\" sizes=\"auto, (max-width: 512px) 100vw, 512px\" \/><\/a><\/figure>\n\n\n\n<div style=\"height:16px\" aria-hidden=\"true\" class=\"wp-block-spacer\"><\/div>\n\n\n\n<h5 class=\"wp-block-heading has-text-align-center\" style=\"font-size:1rem\"><a href=\"https:\/\/www.greenpeace.org\/canada\/fr\/qui-sommes-nous\/nos-politiques\/\">Nos politiques<\/a><\/h5>\n<\/div>\n<\/div>\n\n\n\n<div class=\"wp-block-column is-layout-flow wp-block-column-is-layout-flow\">\n<div class=\"wp-block-group group-stretched-link is-layout-flow wp-block-group-is-layout-flow\">\n<figure class=\"wp-block-image aligncenter size-full is-resized is-style-rounded-90 force-no-lightbox force-no-caption mb-0\"><a href=\"https:\/\/www.greenpeace.org\/canada\/fr\/qui-sommes-nous\/rapport-annuel\/\"><img loading=\"lazy\" decoding=\"async\" width=\"512\" height=\"512\" src=\"https:\/\/www.greenpeace.org\/static\/planet4-canada-stateless\/2024\/06\/c91fd7f2-impact-report.png\" alt=\"\" class=\"wp-image-66270\" srcset=\"https:\/\/www.greenpeace.org\/static\/planet4-canada-stateless\/2024\/06\/c91fd7f2-impact-report.png 512w, https:\/\/www.greenpeace.org\/static\/planet4-canada-stateless\/2024\/06\/c91fd7f2-impact-report-300x300.png 300w, https:\/\/www.greenpeace.org\/static\/planet4-canada-stateless\/2024\/06\/c91fd7f2-impact-report-150x150.png 150w, https:\/\/www.greenpeace.org\/static\/planet4-canada-stateless\/2024\/06\/c91fd7f2-impact-report-340x340.png 340w\" sizes=\"auto, (max-width: 512px) 100vw, 512px\" \/><\/a><\/figure>\n\n\n\n<div style=\"height:16px\" aria-hidden=\"true\" class=\"wp-block-spacer\"><\/div>\n\n\n\n<h5 class=\"wp-block-heading has-text-align-center\" style=\"font-size:1rem\"><a href=\"https:\/\/www.greenpeace.org\/canada\/fr\/qui-sommes-nous\/rapport-annuel\/\">Rapports d&rsquo;impact<\/a><\/h5>\n<\/div>\n<\/div>\n\n\n\n<div class=\"wp-block-column is-layout-flow wp-block-column-is-layout-flow\">\n<div class=\"wp-block-group group-stretched-link is-layout-flow wp-block-group-is-layout-flow\">\n<figure class=\"wp-block-image aligncenter size-full is-resized is-style-rounded-90 force-no-lightbox force-no-caption mb-0\"><a href=\"https:\/\/www.greenpeace.org\/canada\/fr\/qui-sommes-nous\/protesting-peacefully-to-change-the-world\/\"><img loading=\"lazy\" decoding=\"async\" width=\"512\" height=\"512\" src=\"https:\/\/www.greenpeace.org\/static\/planet4-canada-stateless\/2024\/06\/80961011-protest.png\" alt=\"\" class=\"wp-image-66267\" srcset=\"https:\/\/www.greenpeace.org\/static\/planet4-canada-stateless\/2024\/06\/80961011-protest.png 512w, https:\/\/www.greenpeace.org\/static\/planet4-canada-stateless\/2024\/06\/80961011-protest-300x300.png 300w, https:\/\/www.greenpeace.org\/static\/planet4-canada-stateless\/2024\/06\/80961011-protest-150x150.png 150w, https:\/\/www.greenpeace.org\/static\/planet4-canada-stateless\/2024\/06\/80961011-protest-340x340.png 340w\" sizes=\"auto, (max-width: 512px) 100vw, 512px\" \/><\/a><\/figure>\n\n\n\n<div style=\"height:16px\" aria-hidden=\"true\" class=\"wp-block-spacer\"><\/div>\n\n\n\n<h5 class=\"wp-block-heading has-text-align-center\" style=\"font-size:1rem\"><a href=\"https:\/\/www.greenpeace.org\/canada\/fr\/qui-sommes-nous\/protesting-peacefully-to-change-the-world\/\">La d\u00e9sob\u00e9issance civile<\/a><\/h5>\n<\/div>\n<\/div>\n<\/div>\n<\/div>\n<\/div>\n\n","protected":false},"excerpt":{"rendered":"<p>Rejoignez l\u2019\u00e9quipe de Greenpeace. Notre \u00e9quipe dynamique est compos\u00e9e d\u2019individus comp\u00e9tents et passionn\u00e9s par la protection de notre plan\u00e8te. Nous vous offrons un milieu de travail agr\u00e9able et d\u2019excellents avantages. <\/p>\n","protected":false},"author":7,"featured_media":67133,"parent":0,"menu_order":0,"comment_status":"closed","ping_status":"closed","template":"page-templates\/evergreen.php","meta":{"ep_exclude_from_search":false,"p4_hide_page_title_checkbox":"on","p4_title":"","p4_subtitle":"","p4_description":"","background_image_id":"","background_image":"","p4_button_title":"","p4_button_link":"","p4_button_link_checkbox":"","p4_og_title":"Emplois","p4_og_description":"Rejoignez l\u2019\u00e9quipe de Greenpeace. Notre \u00e9quipe dynamique est compos\u00e9e d\u2019individus comp\u00e9tents et passionn\u00e9s par la protection de notre plan\u00e8te. Nous vous offrons un milieu de travail agr\u00e9able et d\u2019excellents avantages. ","p4_og_image":"","p4_og_image_id":"","p4_seo_canonical_url":"","p4_campaign_name":"","p4_local_project":"","p4_basket_name":"","p4_department":"","footnotes":""},"categories":[68],"tags":[50],"class_list":["post-2196","page","type-page","status-publish","has-post-thumbnail","hentry","category-emplois","tag-soutenirgreenpeace"],"_links":{"self":[{"href":"https:\/\/www.greenpeace.org\/canada\/fr\/wp-json\/wp\/v2\/pages\/2196","targetHints":{"allow":["GET"]}}],"collection":[{"href":"https:\/\/www.greenpeace.org\/canada\/fr\/wp-json\/wp\/v2\/pages"}],"about":[{"href":"https:\/\/www.greenpeace.org\/canada\/fr\/wp-json\/wp\/v2\/types\/page"}],"author":[{"embeddable":true,"href":"https:\/\/www.greenpeace.org\/canada\/fr\/wp-json\/wp\/v2\/users\/7"}],"replies":[{"embeddable":true,"href":"https:\/\/www.greenpeace.org\/canada\/fr\/wp-json\/wp\/v2\/comments?post=2196"}],"version-history":[{"count":20,"href":"https:\/\/www.greenpeace.org\/canada\/fr\/wp-json\/wp\/v2\/pages\/2196\/revisions"}],"predecessor-version":[{"id":72468,"href":"https:\/\/www.greenpeace.org\/canada\/fr\/wp-json\/wp\/v2\/pages\/2196\/revisions\/72468"}],"wp:featuredmedia":[{"embeddable":true,"href":"https:\/\/www.greenpeace.org\/canada\/fr\/wp-json\/wp\/v2\/media\/67133"}],"wp:attachment":[{"href":"https:\/\/www.greenpeace.org\/canada\/fr\/wp-json\/wp\/v2\/media?parent=2196"}],"wp:term":[{"taxonomy":"category","embeddable":true,"href":"https:\/\/www.greenpeace.org\/canada\/fr\/wp-json\/wp\/v2\/categories?post=2196"},{"taxonomy":"post_tag","embeddable":true,"href":"https:\/\/www.greenpeace.org\/canada\/fr\/wp-json\/wp\/v2\/tags?post=2196"}],"curies":[{"name":"wp","href":"https:\/\/api.w.org\/{rel}","templated":true}]}}