{"id":2228,"date":"2018-06-21T21:24:36","date_gmt":"2018-06-22T01:24:36","guid":{"rendered":"https:\/\/www.greenpeace.org\/canada\/?page_id=2228"},"modified":"2025-06-23T05:30:00","modified_gmt":"2025-06-23T09:30:00","slug":"sauvez-larctique","status":"publish","type":"page","link":"https:\/\/www.greenpeace.org\/canada\/fr\/sauvez-larctique\/","title":{"rendered":"Sauvez l\u2019Arctique"},"content":{"rendered":"\n                \n                <div class=\"wp-block-group alignfull is-layout-flow wp-block-group-is-layout-flow\">\n                \n                <div class=\"wp-block-group container is-layout-flow wp-block-group-is-layout-flow\">\n                \n                <div class=\"wp-block-media-text alignfull has-media-on-the-right is-stacked-on-mobile is-pattern-p4-page-header is-style-parallax\">\n\n                <div class=\"wp-block-media-text__content\">\n                    <div class=\"wp-block-group is-layout-flow wp-block-group-is-layout-flow\">\n                    \n                        <h1 class=\"wp-block-heading has-white-background-color has-background\">\n                            Sauver l\u2019Arctique\n                        <\/h1>\n                    <\/div>\n                \n\n                \n                        <p style=\"font-size:1.25rem\">\n                            Les peuples de l\u2019Arctique ont v\u00e9cu depuis toujours aux c\u00f4t\u00e9s d\u2019animaux parmi les plus incroyables et insaisissable dans un des climats les plus rudes sur Terre. Or, tout est en train de changer. L\u2019Arctique subit de plein fouet les effets des changements climatiques et se r\u00e9chauffe \u00e0 un rythme d\u00e9passant les pr\u00e9dictions. Ce qui attise la convoitise des p\u00e9troli\u00e8res qui y voient une opportunit\u00e9 d\u2019exploitation des ressources que renferme l\u2019Arctique.\r\n\r\nGreenpeace travaille depuis des ann\u00e9es \u00e0 prot\u00e9ger cette partie du monde de l\u2019avidit\u00e9 des multinationales p\u00e9troli\u00e8res. P\u00e9titions, actions en mer, soutien aux communaut\u00e9s, les terrains de mobilisation sont nombreux et nous ont men\u00e9 jusque devant la Cour supr\u00eame du Canada o\u00f9, apr\u00e8s trois ans de lutte, la communaut\u00e9 inuite de Clyde River (Nunavut) a obtenu l\u2019annulation des d\u00e9tonations sismiques qui devaient avoir lieu dans ses eaux.\r\n\r\nAujourd\u2019hui, les raisons de se mobiliser sont toujours d\u2019actualit\u00e9, de la Norv\u00e8ge \u00e0 la Russie en passant par le Canada, pour d\u00e9fendre l\u2019Arctique et les droits des peuples autochtones.\n                        <\/p>\n                    \n\n                \n                        <div class=\"wp-block-buttons is-layout-flex wp-block-buttons-is-layout-flex\">\n                            \n                        <\/div>\n                        <div class=\"wp-block-button is-style-cta\">\n                            <a class=\"wp-block-button__link wp-element-button\" href=\"https:\/\/www.savethearctic.org\/?cultureKey=fr-CA\" target=\"\" rel=\"noreferrer noopener\">\n                                Signez la p\u00e9tition\n                            <\/a>\n                        <\/div>\n                    \n\n                <\/div>\n                <figure class=\"wp-block-media-text__media\">\n                    <img loading=\"lazy\" decoding=\"async\" width=\"1200\" height=\"800\"\n                        src=\"https:\/\/www.greenpeace.org\/static\/planet4-canada-stateless\/2018\/06\/GP02I8E.jpg\"\n                        alt=\"\"\n                        sizes=\"auto, (min-width: 601px) 50vw, 100vw\" srcset=\"https:\/\/www.greenpeace.org\/static\/planet4-canada-stateless\/2018\/06\/GP02I8E.jpg 1200w, https:\/\/www.greenpeace.org\/static\/planet4-canada-stateless\/2018\/06\/GP02I8E-300x200.jpg 300w, https:\/\/www.greenpeace.org\/static\/planet4-canada-stateless\/2018\/06\/GP02I8E-768x512.jpg 768w, https:\/\/www.greenpeace.org\/static\/planet4-canada-stateless\/2018\/06\/GP02I8E-1024x683.jpg 1024w, https:\/\/www.greenpeace.org\/static\/planet4-canada-stateless\/2018\/06\/GP02I8E-510x340.jpg 510w\" class=\"wp-image-3012 size-full\"\n                    \/>\n                <\/figure>\n                <\/div>\n                \n                <\/div>\n                \n                <\/div>\n                \n                <p>                &nbsp;<\/p>\n<div data-render=\"planet4-blocks\/columns\" data-attributes=\"{&quot;attributes&quot;:{&quot;columns_block_style&quot;:&quot;tasks&quot;,&quot;columns_title&quot;:&quot;Ce que vous pouvez faire&quot;,&quot;columns&quot;:[{&quot;title&quot;:&quot;Faites vous entendre&quot;,&quot;description&quot;:&quot;Joignez-vous aux millions de d\\u00e9fenseurs de l\\u2019Arctique dans le monde afin de tenir les p\\u00e9troli\\u00e8res loin de cette r\\u00e9gion.&quot;,&quot;cta_text&quot;:&quot;SIGNEZ LA P\\u00c9TITION&quot;,&quot;cta_link&quot;:&quot;https:\\\/\\\/www.savethearctic.org\\\/?cultureKey=fr-CA&quot;},{&quot;title&quot;:&quot;Partagez la p\\u00e9tition&quot;,&quot;description&quot;:&quot;Le pouvoir citoyen s\\u2019est r\\u00e9v\\u00e9l\\u00e9 efficace \\u00e0 maintes reprises. Parlez-en \\u00e0 vos amis.&quot;,&quot;cta_text&quot;:&quot;FACEBOOK&quot;,&quot;cta_link&quot;:&quot;https:\\\/\\\/www.facebook.com\\\/sharer\\\/sharer.php?u=https%3A\\\/\\\/www.savethearctic.org\\\/?cultureKey=fr-CA&quot;},{&quot;title&quot;:&quot;Faites un don \\u00e0 Greenpeace&quot;,&quot;description&quot;:&quot;Votre don contribue au succ\\u00e8s de nombre de nos actions et campagnes, dont celles qui visent \\u00e0 emp\\u00eacher les entreprises p\\u00e9troli\\u00e8res de s\\u2019installer dans l\\u2019Arctique.&quot;,&quot;cta_text&quot;:&quot;FAITES UN DON&quot;,&quot;cta_link&quot;:&quot;https:\\\/\\\/act.greenpeace.org\\\/page\\\/11896\\\/donate\\\/1&quot;}]}}\"><\/div><p>&nbsp;<\/p>\n","protected":false},"excerpt":{"rendered":"<p>Aujourd\u2019hui, les raisons de se mobiliser sont toujours d\u2019actualit\u00e9, de la Norv\u00e8ge \u00e0 la Russie en passant par le Canada, pour d\u00e9fendre l\u2019Arctique et les droits des peuples autochtones.<\/p>\n","protected":false},"author":7,"featured_media":9154,"parent":0,"menu_order":6,"comment_status":"closed","ping_status":"closed","template":"","meta":{"ep_exclude_from_search":false,"p4_hide_page_title_checkbox":"on","p4_title":"","p4_subtitle":"","p4_description":"","background_image_id":"","background_image":"","p4_button_title":"","p4_button_link":"","p4_button_link_checkbox":"","p4_og_title":"","p4_og_description":"","p4_og_image":"","p4_og_image_id":"","p4_seo_canonical_url":"","p4_campaign_name":"not set","p4_local_project":"","p4_basket_name":"not set","p4_department":"","footnotes":""},"categories":[19],"tags":[46,39,41],"class_list":["post-2228","page","type-page","status-publish","has-post-thumbnail","hentry","category-nature-fr","tag-oceans-fr","tag-arctique","tag-climat"],"_links":{"self":[{"href":"https:\/\/www.greenpeace.org\/canada\/fr\/wp-json\/wp\/v2\/pages\/2228","targetHints":{"allow":["GET"]}}],"collection":[{"href":"https:\/\/www.greenpeace.org\/canada\/fr\/wp-json\/wp\/v2\/pages"}],"about":[{"href":"https:\/\/www.greenpeace.org\/canada\/fr\/wp-json\/wp\/v2\/types\/page"}],"author":[{"embeddable":true,"href":"https:\/\/www.greenpeace.org\/canada\/fr\/wp-json\/wp\/v2\/users\/7"}],"replies":[{"embeddable":true,"href":"https:\/\/www.greenpeace.org\/canada\/fr\/wp-json\/wp\/v2\/comments?post=2228"}],"version-history":[{"count":16,"href":"https:\/\/www.greenpeace.org\/canada\/fr\/wp-json\/wp\/v2\/pages\/2228\/revisions"}],"predecessor-version":[{"id":70304,"href":"https:\/\/www.greenpeace.org\/canada\/fr\/wp-json\/wp\/v2\/pages\/2228\/revisions\/70304"}],"wp:featuredmedia":[{"embeddable":true,"href":"https:\/\/www.greenpeace.org\/canada\/fr\/wp-json\/wp\/v2\/media\/9154"}],"wp:attachment":[{"href":"https:\/\/www.greenpeace.org\/canada\/fr\/wp-json\/wp\/v2\/media?parent=2228"}],"wp:term":[{"taxonomy":"category","embeddable":true,"href":"https:\/\/www.greenpeace.org\/canada\/fr\/wp-json\/wp\/v2\/categories?post=2228"},{"taxonomy":"post_tag","embeddable":true,"href":"https:\/\/www.greenpeace.org\/canada\/fr\/wp-json\/wp\/v2\/tags?post=2228"}],"curies":[{"name":"wp","href":"https:\/\/api.w.org\/{rel}","templated":true}]}}