{"id":23185,"date":"2019-06-18T15:28:40","date_gmt":"2019-06-18T19:28:40","guid":{"rendered":"https:\/\/www.greenpeace.org\/canada\/nuclear\/"},"modified":"2026-04-08T04:50:38","modified_gmt":"2026-04-08T08:50:38","slug":"nucleaire","status":"publish","type":"page","link":"https:\/\/www.greenpeace.org\/canada\/fr\/nucleaire\/","title":{"rendered":"#Nucl\u00e9aire"},"content":{"rendered":"\n                \n                <div class=\"wp-block-group alignfull is-layout-flow wp-block-group-is-layout-flow\">\n                \n                <div class=\"wp-block-group container is-layout-flow wp-block-group-is-layout-flow\">\n                \n                <div class=\"wp-block-media-text alignfull has-media-on-the-right is-stacked-on-mobile is-pattern-p4-page-header is-style-parallax\">\n\n                <div class=\"wp-block-media-text__content\">\n                    <div class=\"wp-block-group is-layout-flow wp-block-group-is-layout-flow\">\n                    \n                        <h1 class=\"wp-block-heading has-white-background-color has-background\">\n                            #Nucl\u00e9aire\n                        <\/h1>\n                    <\/div>\n                \n\n                \n                        <p style=\"font-size:1.25rem\">\n                            L\u2019\u00e9nergie nucl\u00e9aire repr\u00e9sente une menace s\u00e9rieuse pour l\u2019environnement et l\u2019humanit\u00e9; elle n\u2019a donc pas sa place dans un avenir \u00e9nerg\u00e9tique propre.\r\n\r\nNous devons absolument contester les all\u00e9gations de l\u2019industrie nucl\u00e9aire, d\u00e9terminer les menaces et les co\u00fbts r\u00e9els de l\u2019\u00e9nergie nucl\u00e9aire, et exhorter les politiciens et les organismes de r\u00e9glementation \u00e0 \u00eatre transparents et honn\u00eates quant aux risques consid\u00e9rables que le nucl\u00e9aire fait courir \u00e0 la population.\r\n\r\nChaque dollar d\u00e9pens\u00e9 par les gouvernements et l\u2019industrie nucl\u00e9aire pour r\u00e9parer des r\u00e9acteurs vieillissants et pour en construire de nouveaux, comme la centrale nucl\u00e9aire de Darlington en Ontario, r\u00e9duit nos possibilit\u00e9s d\u2019investir dans un avenir \u00e9nerg\u00e9tique durable au Canada.\r\n\r\nNous proposons une [R]\u00e9volution \u00e9nerg\u00e9tique afin de b\u00e2tir un avenir fond\u00e9 sur les \u00e9nergies propres et renouvelables, comme les \u00e9nergies \u00e9olienne, hydraulique et solaire, et la production d\u2019\u00e9nergie locale, des approches qui transformeront notre \u00e9conomie.\n                        <\/p>\n                    \n\n                \n\n                <\/div>\n                <figure class=\"wp-block-media-text__media\">\n                    <img loading=\"lazy\" decoding=\"async\" width=\"1200\" height=\"778\"\n                        src=\"https:\/\/www.greenpeace.org\/static\/planet4-canada-stateless\/2018\/06\/GP02D1H.jpg\"\n                        alt=\"\"\n                        sizes=\"auto, (min-width: 601px) 50vw, 100vw\" srcset=\"https:\/\/www.greenpeace.org\/static\/planet4-canada-stateless\/2018\/06\/GP02D1H.jpg 1200w, https:\/\/www.greenpeace.org\/static\/planet4-canada-stateless\/2018\/06\/GP02D1H-300x195.jpg 300w, https:\/\/www.greenpeace.org\/static\/planet4-canada-stateless\/2018\/06\/GP02D1H-768x498.jpg 768w, https:\/\/www.greenpeace.org\/static\/planet4-canada-stateless\/2018\/06\/GP02D1H-1024x664.jpg 1024w, https:\/\/www.greenpeace.org\/static\/planet4-canada-stateless\/2018\/06\/GP02D1H-510x331.jpg 510w\" class=\"wp-image-1360 size-full\"\n                    \/>\n                <\/figure>\n                <\/div>\n                \n                <\/div>\n                \n                <\/div>\n                \n                \n        <div class=\"wp-block-query actions-list p4-query-loop is-custom-layout-actions-list is-custom-layout-grid is-layout-grid wp-container-core-query-is-layout-29f43435 wp-block-query-is-layout-grid\"><h2 class=\"wp-block-heading\"><\/h2>\n        <p style=\"margin-top: 24px; margin-bottom: 32px;\"><\/p>\n        <div class=\"wp-block-query-no-results\">\n        <p >No posts found.<\/p>\n        <\/div>\n        \n        \n<div class=\"wp-block-buttons carousel-controls is-horizontal is-content-justification-space-between is-nowrap is-layout-flex wp-container-core-buttons-is-layout-044bd602 wp-block-buttons-is-layout-flex\">\n            <div class=\"wp-block-button carousel-control-prev\"><button type=\"button\" class=\"wp-block-button__link wp-element-button\">Prev<\/button><\/div>\n        \n\n            <div class=\"wp-block-button carousel-control-next\"><button type=\"button\" class=\"wp-block-button__link wp-element-button\">Next<\/button><\/div>\n        <\/div>\n\n        \n<div class=\"wp-block-buttons load-more-actions-container is-content-justification-center is-layout-flex wp-container-core-buttons-is-layout-16018d1d wp-block-buttons-is-layout-flex\">\n                <div class=\"wp-block-button is-style-secondary\"><button type=\"button\" class=\"wp-block-button__link wp-element-button\">Load more<\/button><\/div>\n            \n<\/div>\n<\/div>\n        \n    <div class=\"wp-block-query posts-list p4-query-loop is-custom-layout-list is-layout-flow wp-block-query-is-layout-flow\">\n        <div class=\"wp-block-group is-content-justification-space-between is-layout-flex wp-container-core-group-is-layout-3d213aab wp-block-group-is-layout-flex\"><h2 class=\"wp-block-heading\">Related Articles<\/h2>\n        <li class=\" wp-block-navigation-item see-all-link wp-block-navigation-link\"><a class=\"wp-block-navigation-item__content\"  href=\"http:\/\/www.greenpeace.org\/canada\/en\/news-stories\/?tag=nuclear&#038;post-type=publication\"><span class=\"wp-block-navigation-item__label\">See all stories<\/span><\/a><\/li>\n        \n        <\/div>\n        \n\n    <p style=\"margin-top: 24px; margin-bottom: 36px;\"><\/p>\n\n    \n\n    <ul class=\"wp-block-post-template is-layout-flow wp-block-post-template-is-layout-flow\"><li class=\"wp-block-post post-69183 post type-post status-publish format-standard has-post-thumbnail hentry category-climat category-notre-travail tag-navires tag-nucleaire tag-justice-raciale p4-page-type-histoire\">\n            \n<div class=\"wp-block-columns is-layout-flex wp-container-core-columns-is-layout-9d6595d7 wp-block-columns-is-layout-flex\"><figure class=\"wp-block-post-featured-image\"><a href=\"https:\/\/www.greenpeace.org\/canada\/fr\/histoire\/69183\/le-rainbow-warrior-et-loperation-exodus-de-greenpeace-aux-iles-marshall\/\" target=\"_self\"  ><img loading=\"lazy\" decoding=\"async\" width=\"1200\" height=\"800\" src=\"https:\/\/www.greenpeace.org\/static\/planet4-canada-stateless\/2025\/04\/411e9ae7-gp0su4q8e_medium-res-with-credit-line-1200px.jpg\" class=\"attachment-post-thumbnail size-post-thumbnail wp-post-image wp-stateless-item\" alt=\"Le Rainbow Warrior et l&rsquo;op\u00e9ration Exodus de Greenpeace aux \u00celes Marshall\" style=\"object-fit:cover;\" srcset=\"https:\/\/www.greenpeace.org\/static\/planet4-canada-stateless\/2025\/04\/411e9ae7-gp0su4q8e_medium-res-with-credit-line-1200px.jpg 1200w, https:\/\/www.greenpeace.org\/static\/planet4-canada-stateless\/2025\/04\/411e9ae7-gp0su4q8e_medium-res-with-credit-line-1200px-300x200.jpg 300w, https:\/\/www.greenpeace.org\/static\/planet4-canada-stateless\/2025\/04\/411e9ae7-gp0su4q8e_medium-res-with-credit-line-1200px-1024x683.jpg 1024w, https:\/\/www.greenpeace.org\/static\/planet4-canada-stateless\/2025\/04\/411e9ae7-gp0su4q8e_medium-res-with-credit-line-1200px-768x512.jpg 768w, https:\/\/www.greenpeace.org\/static\/planet4-canada-stateless\/2025\/04\/411e9ae7-gp0su4q8e_medium-res-with-credit-line-1200px-510x340.jpg 510w\" sizes=\"auto, (max-width: 1200px) 100vw, 1200px\" data-image-size=\"post-thumbnail\" data-stateless-media-bucket=\"planet4-canada-stateless\" data-stateless-media-name=\"2025\/04\/411e9ae7-gp0su4q8e_medium-res-with-credit-line-1200px.jpg\" \/><\/a><\/figure>\n\n        <div class=\"wp-block-group is-layout-flow wp-block-group-is-layout-flow\">\n                <div class=\"wp-block-group is-layout-flex wp-block-group-is-layout-flex\"><div class=\"wp-block-post-terms\"><a href=\"https:\/\/www.greenpeace.org\/canada\/fr\/category\/notre-travail\/climat\/\">Climat<\/a><\/div>\n                <div class=\"taxonomy-post_tag wp-block-post-terms\"><a href=\"https:\/\/www.greenpeace.org\/canada\/fr\/tag\/navires\/\" rel=\"tag\">Navires<\/a><span class=\"wp-block-post-terms__separator\"> <\/span><a href=\"https:\/\/www.greenpeace.org\/canada\/fr\/tag\/nucleaire\/\" rel=\"tag\">Nucl\u00e9aire<\/a><span class=\"wp-block-post-terms__separator\"> <\/span><a href=\"https:\/\/www.greenpeace.org\/canada\/fr\/tag\/justice-raciale\/\" rel=\"tag\">Justice Raciale<\/a><\/div>\n                \n                <\/div>\n                \n        <h3 class=\"wp-block-post-title\"><a href=\"https:\/\/www.greenpeace.org\/canada\/fr\/histoire\/69183\/le-rainbow-warrior-et-loperation-exodus-de-greenpeace-aux-iles-marshall\/\" target=\"_self\" >Le Rainbow Warrior et l&rsquo;op\u00e9ration Exodus de Greenpeace aux \u00celes Marshall<\/a><\/h3>\n        <div class=\"wp-block-post-excerpt\"><p class=\"wp-block-post-excerpt__excerpt\">Vous vous demandez peut-\u00eatre, avec tout ce qui se passe au Canada en ce moment, pourquoi je vous parle aujourd&rsquo;hui d&rsquo;une histoire qui se d\u00e9roule en plein oc\u00e9an Pacifique&#8230; <\/p><\/div>\n        \n        <div class=\"wp-block-group posts-list-meta is-layout-flow wp-block-group-is-layout-flow\"><span class='article-list-item-author'><a href='https:\/\/www.greenpeace.org\/canada\/fr\/author\/shulse\/'>Stephanie Hulse<\/a><\/span>\n        <div class=\"wp-block-post-date\"><time datetime=\"2025-04-02T12:33:36-04:00\">2 avril, 2025<\/time><\/div>\n        \n        <\/div>\n        <\/div>\n        <\/div>\n\n            <\/li><li class=\"wp-block-post post-60108 post type-post status-publish format-standard has-post-thumbnail hentry category-vivre-de-facon-durable tag-climat tag-nucleaire tag-plastique tag-consommation p4-page-type-histoire\">\n            \n<div class=\"wp-block-columns is-layout-flex wp-container-core-columns-is-layout-9d6595d7 wp-block-columns-is-layout-flex\"><figure class=\"wp-block-post-featured-image\"><a href=\"https:\/\/www.greenpeace.org\/canada\/fr\/histoire\/60108\/barbie-vs-oppenheimer-deux-univers-diametralement-opposes-qui-nous-rappellent-les-menaces-du-nucleaire-et-du-plastique\/\" target=\"_self\"  ><img loading=\"lazy\" decoding=\"async\" width=\"2500\" height=\"3720\" src=\"https:\/\/www.greenpeace.org\/canada\/wp-content\/uploads\/2019\/06\/f5bf394b-gndtoolkit_p4background.png\" class=\"attachment-post-thumbnail size-post-thumbnail wp-post-image\" alt=\"Barbie vs. Oppenheimer : deux univers diam\u00e9tralement oppos\u00e9s qui nous rappellent\u00a0les menaces du nucl\u00e9aire et du plastique\" style=\"object-fit:cover;\" srcset=\"https:\/\/www.greenpeace.org\/canada\/wp-content\/uploads\/2019\/06\/f5bf394b-gndtoolkit_p4background.png 2500w, https:\/\/www.greenpeace.org\/canada\/wp-content\/uploads\/2019\/06\/f5bf394b-gndtoolkit_p4background.png 202w, https:\/\/www.greenpeace.org\/canada\/wp-content\/uploads\/2019\/06\/f5bf394b-gndtoolkit_p4background.png 768w, https:\/\/www.greenpeace.org\/canada\/wp-content\/uploads\/2019\/06\/f5bf394b-gndtoolkit_p4background.png 688w, https:\/\/www.greenpeace.org\/canada\/wp-content\/uploads\/2019\/06\/f5bf394b-gndtoolkit_p4background.png 918w, https:\/\/www.greenpeace.org\/canada\/wp-content\/uploads\/2019\/06\/f5bf394b-gndtoolkit_p4background.png 228w\" sizes=\"auto, (max-width: 2500px) 100vw, 2500px\" \/><\/a><\/figure>\n\n        <div class=\"wp-block-group is-layout-flow wp-block-group-is-layout-flow\">\n                <div class=\"wp-block-group is-layout-flex wp-block-group-is-layout-flex\"><div class=\"wp-block-post-terms\"><a href=\"https:\/\/www.greenpeace.org\/canada\/fr\/category\/notre-travail\/vivre-de-facon-durable\/\">Vivre de fa\u00e7on durable<\/a><\/div>\n                <div class=\"taxonomy-post_tag wp-block-post-terms\"><a href=\"https:\/\/www.greenpeace.org\/canada\/fr\/tag\/climat\/\" rel=\"tag\">Climat<\/a><span class=\"wp-block-post-terms__separator\"> <\/span><a href=\"https:\/\/www.greenpeace.org\/canada\/fr\/tag\/nucleaire\/\" rel=\"tag\">Nucl\u00e9aire<\/a><span class=\"wp-block-post-terms__separator\"> <\/span><a href=\"https:\/\/www.greenpeace.org\/canada\/fr\/tag\/plastique\/\" rel=\"tag\">Plastique<\/a><span class=\"wp-block-post-terms__separator\"> <\/span><a href=\"https:\/\/www.greenpeace.org\/canada\/fr\/tag\/consommation\/\" rel=\"tag\">Consommation<\/a><\/div>\n                \n                <\/div>\n                \n        <h3 class=\"wp-block-post-title\"><a href=\"https:\/\/www.greenpeace.org\/canada\/fr\/histoire\/60108\/barbie-vs-oppenheimer-deux-univers-diametralement-opposes-qui-nous-rappellent-les-menaces-du-nucleaire-et-du-plastique\/\" target=\"_self\" >Barbie vs. Oppenheimer : deux univers diam\u00e9tralement oppos\u00e9s qui nous rappellent\u00a0les menaces du nucl\u00e9aire et du plastique<\/a><\/h3>\n        <div class=\"wp-block-post-excerpt\"><p class=\"wp-block-post-excerpt__excerpt\">\u00ab&nbsp;Barbenheimer&nbsp;\u00bb est sans doute l\u2019\u00e9v\u00e9nement cin\u00e9matographique de l\u2019ann\u00e9e, avec les premi\u00e8res simultan\u00e9es de deux superproductions hollywoodiennes r\u00e9alis\u00e9es par deux r\u00e9alisateurs cultes : \u00e0 notre droite,&nbsp;Barbie&nbsp;de Greta Gerwig, une com\u00e9die rose&hellip; <\/p><\/div>\n        \n        <div class=\"wp-block-group posts-list-meta is-layout-flow wp-block-group-is-layout-flow\"><span class='article-list-item-author'>Greenpeace Belgique<\/span>\n        <div class=\"wp-block-post-date\"><time datetime=\"2023-07-31T11:33:56-04:00\">31 juillet, 2023<\/time><\/div>\n        \n        <\/div>\n        <\/div>\n        <\/div>\n\n            <\/li><\/ul>\n\n    \n<div class=\"wp-block-buttons carousel-controls is-horizontal is-content-justification-space-between is-nowrap is-layout-flex wp-container-core-buttons-is-layout-044bd602 wp-block-buttons-is-layout-flex\">\n            <div class=\"wp-block-button carousel-control-prev\"><button type=\"button\" class=\"wp-block-button__link wp-element-button\">Prev<\/button><\/div>\n        \n\n            <div class=\"wp-block-button carousel-control-next\"><button type=\"button\" class=\"wp-block-button__link wp-element-button\">Next<\/button><\/div>\n        <\/div>\n\n\n    <li class=\" wp-block-navigation-item see-all-link wp-block-navigation-link\"><a class=\"wp-block-navigation-item__content\"  href=\"http:\/\/www.greenpeace.org\/canada\/en\/news-stories\/?tag=nuclear&#038;post-type=publication\"><span class=\"wp-block-navigation-item__label\">See all stories<\/span><\/a><\/li><\/div>\n    ","protected":false},"excerpt":{"rendered":"<p>L\u2019\u00e9nergie nucl\u00e9aire repr\u00e9sente une menace s\u00e9rieuse pour l\u2019environnement et l\u2019humanit\u00e9; elle n\u2019a donc pas sa place dans un avenir \u00e9nerg\u00e9tique propre.<\/p>\n","protected":false},"author":9,"featured_media":5011,"parent":0,"menu_order":0,"comment_status":"closed","ping_status":"closed","template":"","meta":{"ep_exclude_from_search":false,"p4_hide_page_title_checkbox":"on","p4_title":"","p4_subtitle":"","p4_description":"","background_image_id":"","background_image":"","p4_button_title":"","p4_button_link":"","p4_button_link_checkbox":"","p4_og_title":"","p4_og_description":"","p4_og_image":"","p4_og_image_id":"","p4_seo_canonical_url":"","p4_campaign_name":"not set","p4_local_project":"","p4_basket_name":"not set","p4_department":"","footnotes":""},"categories":[20],"tags":[],"class_list":["post-23185","page","type-page","status-publish","has-post-thumbnail","hentry","category-climat"],"_links":{"self":[{"href":"https:\/\/www.greenpeace.org\/canada\/fr\/wp-json\/wp\/v2\/pages\/23185","targetHints":{"allow":["GET"]}}],"collection":[{"href":"https:\/\/www.greenpeace.org\/canada\/fr\/wp-json\/wp\/v2\/pages"}],"about":[{"href":"https:\/\/www.greenpeace.org\/canada\/fr\/wp-json\/wp\/v2\/types\/page"}],"author":[{"embeddable":true,"href":"https:\/\/www.greenpeace.org\/canada\/fr\/wp-json\/wp\/v2\/users\/9"}],"replies":[{"embeddable":true,"href":"https:\/\/www.greenpeace.org\/canada\/fr\/wp-json\/wp\/v2\/comments?post=23185"}],"version-history":[{"count":12,"href":"https:\/\/www.greenpeace.org\/canada\/fr\/wp-json\/wp\/v2\/pages\/23185\/revisions"}],"predecessor-version":[{"id":74693,"href":"https:\/\/www.greenpeace.org\/canada\/fr\/wp-json\/wp\/v2\/pages\/23185\/revisions\/74693"}],"wp:featuredmedia":[{"embeddable":true,"href":"https:\/\/www.greenpeace.org\/canada\/fr\/wp-json\/wp\/v2\/media\/5011"}],"wp:attachment":[{"href":"https:\/\/www.greenpeace.org\/canada\/fr\/wp-json\/wp\/v2\/media?parent=23185"}],"wp:term":[{"taxonomy":"category","embeddable":true,"href":"https:\/\/www.greenpeace.org\/canada\/fr\/wp-json\/wp\/v2\/categories?post=23185"},{"taxonomy":"post_tag","embeddable":true,"href":"https:\/\/www.greenpeace.org\/canada\/fr\/wp-json\/wp\/v2\/tags?post=23185"}],"curies":[{"name":"wp","href":"https:\/\/api.w.org\/{rel}","templated":true}]}}