{"id":23215,"date":"2019-06-18T16:42:05","date_gmt":"2019-06-18T20:42:05","guid":{"rendered":"https:\/\/www.greenpeace.org\/canada\/plastic\/"},"modified":"2026-04-08T04:50:22","modified_gmt":"2026-04-08T08:50:22","slug":"plastique","status":"publish","type":"page","link":"https:\/\/www.greenpeace.org\/canada\/fr\/plastique\/","title":{"rendered":"#Plastique"},"content":{"rendered":"\n                \n                <div class=\"wp-block-group alignfull is-layout-flow wp-block-group-is-layout-flow\">\n                \n                <div class=\"wp-block-group container is-layout-flow wp-block-group-is-layout-flow\">\n                \n                <div class=\"wp-block-media-text alignfull has-media-on-the-right is-stacked-on-mobile is-pattern-p4-page-header is-style-parallax\">\n\n                <div class=\"wp-block-media-text__content\">\n                    <div class=\"wp-block-group is-layout-flow wp-block-group-is-layout-flow\">\n                    \n                        <h1 class=\"wp-block-heading has-white-background-color has-background\">\n                            #Plastique\n                        <\/h1>\n                    <\/div>\n                \n\n                \n                        <p style=\"font-size:1.25rem\">\n                            En moins d\u2019un si\u00e8cle, le plastique a r\u00e9volutionn\u00e9 nos modes de consommation et est devenu si incontournable qu\u2019on peine aujourd\u2019hui \u00e0 imaginer pouvoir s\u2019en passer. \r\n\r\nPourtant, la pollution plastique dans l\u2019environnement a atteint l\u2019\u00e9tat de crise. Tasses, sacs plastiques, pailles, emballages divers\u2026 Jusqu\u2019\u00e0 12 millions de tonnes de d\u00e9chets plastiques terminent dans les oc\u00e9ans chaque ann\u00e9e et seulement 9% de tout le plastique produit depuis les ann\u00e9es 1950 a \u00e9t\u00e9 recycl\u00e9.\r\n\r\nNous savons aujourd\u2019hui que le recyclage ne r\u00e8glera pas le probl\u00e8me, et que pour changer cette situation, il nous faut r\u00e9duire la production de plastique \u00e0 usage unique \u00e0 la source.  \r\n\r\nEn agissant ensemble partout dans le monde, nous pouvons envoyer un message fort \u00e0 l\u2019industrie et \u00e0 nos gouvernements sur la n\u00e9cessit\u00e9 de r\u00e9duire l\u2019utilisation du plastique \u00e0 usage unique.\r\n\n                        <\/p>\n                    \n\n                \n\n                <\/div>\n                <figure class=\"wp-block-media-text__media\">\n                    <img loading=\"lazy\" decoding=\"async\" width=\"1200\" height=\"800\"\n                        src=\"https:\/\/www.greenpeace.org\/static\/planet4-canada-stateless\/2018\/08\/6a30fd8a-gp0strf5f.jpg\"\n                        alt=\"\"\n                        sizes=\"auto, (min-width: 601px) 50vw, 100vw\" srcset=\"https:\/\/www.greenpeace.org\/static\/planet4-canada-stateless\/2018\/08\/6a30fd8a-gp0strf5f.jpg 1200w, https:\/\/www.greenpeace.org\/static\/planet4-canada-stateless\/2018\/08\/6a30fd8a-gp0strf5f-300x200.jpg 300w, https:\/\/www.greenpeace.org\/static\/planet4-canada-stateless\/2018\/08\/6a30fd8a-gp0strf5f-768x512.jpg 768w, https:\/\/www.greenpeace.org\/static\/planet4-canada-stateless\/2018\/08\/6a30fd8a-gp0strf5f-1024x683.jpg 1024w, https:\/\/www.greenpeace.org\/static\/planet4-canada-stateless\/2018\/08\/6a30fd8a-gp0strf5f-510x340.jpg 510w\" class=\"wp-image-4178 size-full\"\n                    \/>\n                <\/figure>\n                <\/div>\n                \n                <\/div>\n                \n                <\/div>\n                \n                \n        <div class=\"wp-block-query actions-list p4-query-loop is-custom-layout-actions-list is-custom-layout-grid is-layout-grid wp-container-core-query-is-layout-29f43435 wp-block-query-is-layout-grid\"><h2 class=\"wp-block-heading\">Ce que vous pouvez faire<\/h2>\n        <p style=\"margin-top: 24px; margin-bottom: 32px;\">Ensemble nous pouvons changer les choses. Passez \u00e0 l&rsquo;action !<\/p>\n        \n        <ul class=\"wp-block-post-template is-layout-flow wp-block-post-template-is-layout-flow\"><li class=\"wp-block-post post-58411 page type-page status-publish has-post-thumbnail hentry category-nature-fr tag-climat tag-consommation tag-alimentation tag-plastique\">\n                <figure class=\"wp-block-post-featured-image\"><img loading=\"lazy\" decoding=\"async\" width=\"800\" height=\"533\" src=\"https:\/\/www.greenpeace.org\/static\/planet4-canada-stateless\/2023\/05\/f6c5c589-gp0stsgbk_web_size.jpg\" class=\"attachment-post-thumbnail size-post-thumbnail wp-post-image wp-stateless-item\" alt=\"plastic pollution\" style=\"object-fit:cover;\" srcset=\"https:\/\/www.greenpeace.org\/static\/planet4-canada-stateless\/2023\/05\/f6c5c589-gp0stsgbk_web_size.jpg 800w, https:\/\/www.greenpeace.org\/static\/planet4-canada-stateless\/2023\/05\/f6c5c589-gp0stsgbk_web_size-300x200.jpg 300w, https:\/\/www.greenpeace.org\/static\/planet4-canada-stateless\/2023\/05\/f6c5c589-gp0stsgbk_web_size-768x512.jpg 768w, https:\/\/www.greenpeace.org\/static\/planet4-canada-stateless\/2023\/05\/f6c5c589-gp0stsgbk_web_size-510x340.jpg 510w\" sizes=\"auto, (max-width: 800px) 100vw, 800px\" data-image-size=\"post-thumbnail\" data-stateless-media-bucket=\"planet4-canada-stateless\" data-stateless-media-name=\"2023\/05\/f6c5c589-gp0stsgbk_web_size.jpg\" \/><\/figure>\n                \n                <div class=\"wp-block-group group-stretched-link is-layout-flow wp-block-group-is-layout-flow\"><div class=\"wp-block-post-terms\">Nature<\/div>\n                <h3 class=\"wp-block-post-title\"><a href=\"https:\/\/www.greenpeace.org\/canada\/fr\/agir\/dites-au-canada-delargir-linterdiction-des-plastiques-a-usage-unique\/\" target=\"_self\" >Dites au Canada d&rsquo;\u00e9largir l&rsquo;interdiction des plastiques \u00e0 usage unique<\/a><\/h3>\n                <div class=\"wp-block-post-excerpt\"><p class=\"wp-block-post-excerpt__excerpt\">L&rsquo;interdiction des plastiques \u00e0 usage unique au Canada ne couvre que 3 % des d\u00e9chets plastiques. Nous avons besoin d&rsquo;une liste d&rsquo;interdictions \u00e0 la hauteur de la crise des d\u00e9chets et de la pollution ! <\/p><\/div><\/div>\n                \n                \n        <div class=\"wp-block-group read-more-nav is-layout-flow wp-block-group-is-layout-flow\"><a href=\"https:\/\/www.greenpeace.org\/canada\/fr\/agir\/dites-au-canada-delargir-linterdiction-des-plastiques-a-usage-unique\/\" class=\"btn btn-primary btn-small\" aria-label=\"Passer \u00e0 l'action\">Passer \u00e0 l&rsquo;action<\/a>\n        \n        \n        <\/div>\n        \n                <\/li><li class=\"wp-block-post post-9392 page type-page status-publish has-post-thumbnail hentry category-vivre-de-facon-durable tag-plastique tag-consommation\">\n                <figure class=\"wp-block-post-featured-image\"><img loading=\"lazy\" decoding=\"async\" width=\"1200\" height=\"800\" src=\"https:\/\/www.greenpeace.org\/static\/planet4-canada-stateless\/2018\/09\/f428e322-gp01vda.jpg\" class=\"attachment-post-thumbnail size-post-thumbnail wp-post-image wp-stateless-item\" alt=\"Shopper in supermarket. \u00a9 Nigel Marple\" style=\"object-fit:cover;\" srcset=\"https:\/\/www.greenpeace.org\/static\/planet4-canada-stateless\/2018\/09\/f428e322-gp01vda.jpg 1200w, https:\/\/www.greenpeace.org\/static\/planet4-canada-stateless\/2018\/09\/f428e322-gp01vda-300x200.jpg 300w, https:\/\/www.greenpeace.org\/static\/planet4-canada-stateless\/2018\/09\/f428e322-gp01vda-768x512.jpg 768w, https:\/\/www.greenpeace.org\/static\/planet4-canada-stateless\/2018\/09\/f428e322-gp01vda-1024x683.jpg 1024w, https:\/\/www.greenpeace.org\/static\/planet4-canada-stateless\/2018\/09\/f428e322-gp01vda-510x340.jpg 510w\" sizes=\"auto, (max-width: 1200px) 100vw, 1200px\" data-image-size=\"post-thumbnail\" data-stateless-media-bucket=\"planet4-canada-stateless\" data-stateless-media-name=\"2018\/09\/f428e322-gp01vda.jpg\" \/><\/figure>\n                \n                <div class=\"wp-block-group group-stretched-link is-layout-flow wp-block-group-is-layout-flow\"><div class=\"wp-block-post-terms\">Vivre de fa\u00e7on durable<\/div>\n                <h3 class=\"wp-block-post-title\"><a href=\"https:\/\/www.greenpeace.org\/canada\/fr\/agir\/help-create-plastic-free-supermarkets\/\" target=\"_self\" >Pour des supermarch\u00e9s sans plastique<\/a><\/h3>\n                <div class=\"wp-block-post-excerpt\"><p class=\"wp-block-post-excerpt__excerpt\">Une grande partie des emballages en plastique et des d\u00e9chets que nous g\u00e9n\u00e9rons provient de nos visites dans les supermarch\u00e9s. <\/p><\/div><\/div>\n                \n                \n        <div class=\"wp-block-group read-more-nav is-layout-flow wp-block-group-is-layout-flow\"><a href=\"https:\/\/www.greenpeace.org\/canada\/fr\/agir\/help-create-plastic-free-supermarkets\/\" class=\"btn btn-primary btn-small\" aria-label=\"Passer \u00e0 l'action\">Passer \u00e0 l&rsquo;action<\/a>\n        \n        \n        <\/div>\n        \n                <\/li><\/ul>\n        \n<div class=\"wp-block-buttons carousel-controls is-horizontal is-content-justification-space-between is-nowrap is-layout-flex wp-container-core-buttons-is-layout-044bd602 wp-block-buttons-is-layout-flex\">\n            <div class=\"wp-block-button carousel-control-prev\"><button type=\"button\" class=\"wp-block-button__link wp-element-button\">Prev<\/button><\/div>\n        \n\n            <div class=\"wp-block-button carousel-control-next\"><button type=\"button\" class=\"wp-block-button__link wp-element-button\">Next<\/button><\/div>\n        <\/div>\n\n        \n<div class=\"wp-block-buttons load-more-actions-container is-content-justification-center is-layout-flex wp-container-core-buttons-is-layout-16018d1d wp-block-buttons-is-layout-flex\">\n                <div class=\"wp-block-button is-style-secondary\"><button type=\"button\" class=\"wp-block-button__link wp-element-button\">Load more<\/button><\/div>\n            \n<\/div>\n<\/div>\n        \n    <div class=\"wp-block-query posts-list p4-query-loop is-custom-layout-list is-layout-flow wp-block-query-is-layout-flow\">\n        <div class=\"wp-block-group is-content-justification-space-between is-layout-flex wp-container-core-group-is-layout-3d213aab wp-block-group-is-layout-flex\"><h2 class=\"wp-block-heading\">Related Articles<\/h2>\n        <li class=\" wp-block-navigation-item see-all-link wp-block-navigation-link\"><a class=\"wp-block-navigation-item__content\"  href=\"http:\/\/www.greenpeace.org\/canada\/en\/news-stories\/?tag=plastic&#038;post-type=story\"><span class=\"wp-block-navigation-item__label\">See all stories<\/span><\/a><\/li>\n        \n        <\/div>\n        \n\n    <p style=\"margin-top: 24px; margin-bottom: 36px;\"><\/p>\n\n    \n\n    <ul class=\"wp-block-post-template is-layout-flow wp-block-post-template-is-layout-flow\"><li class=\"wp-block-post post-74574 post type-post status-publish format-standard has-post-thumbnail hentry category-plastiques category-vivre-de-facon-durable tag-alimentation tag-plastique tag-consommation p4-page-type-histoire\">\n            \n<div class=\"wp-block-columns is-layout-flex wp-container-core-columns-is-layout-9d6595d7 wp-block-columns-is-layout-flex\"><figure class=\"wp-block-post-featured-image\"><a href=\"https:\/\/www.greenpeace.org\/canada\/fr\/histoire\/74574\/cinq-facons-de-deplastifier-votre-chez-soi\/\" target=\"_self\"  ><img loading=\"lazy\" decoding=\"async\" width=\"1920\" height=\"1015\" src=\"https:\/\/www.greenpeace.org\/static\/planet4-canada-stateless\/2026\/03\/c70245bd-plastics-treaty-petition-meta-images-2025-1.jpg\" class=\"attachment-post-thumbnail size-post-thumbnail wp-post-image wp-stateless-item\" alt=\"Cinq fa\u00e7ons de d\u00e9plastifier votre chez-soi\" style=\"object-fit:cover;\" srcset=\"https:\/\/www.greenpeace.org\/static\/planet4-canada-stateless\/2026\/03\/c70245bd-plastics-treaty-petition-meta-images-2025-1.jpg 1920w, https:\/\/www.greenpeace.org\/static\/planet4-canada-stateless\/2026\/03\/c70245bd-plastics-treaty-petition-meta-images-2025-1-300x159.jpg 300w, https:\/\/www.greenpeace.org\/static\/planet4-canada-stateless\/2026\/03\/c70245bd-plastics-treaty-petition-meta-images-2025-1-1024x541.jpg 1024w, https:\/\/www.greenpeace.org\/static\/planet4-canada-stateless\/2026\/03\/c70245bd-plastics-treaty-petition-meta-images-2025-1-768x406.jpg 768w, https:\/\/www.greenpeace.org\/static\/planet4-canada-stateless\/2026\/03\/c70245bd-plastics-treaty-petition-meta-images-2025-1-1536x812.jpg 1536w, https:\/\/www.greenpeace.org\/static\/planet4-canada-stateless\/2026\/03\/c70245bd-plastics-treaty-petition-meta-images-2025-1-510x270.jpg 510w\" sizes=\"auto, (max-width: 1920px) 100vw, 1920px\" data-image-size=\"post-thumbnail\" data-stateless-media-bucket=\"planet4-canada-stateless\" data-stateless-media-name=\"2026\/03\/c70245bd-plastics-treaty-petition-meta-images-2025-1.jpg\" \/><\/a><\/figure>\n\n        <div class=\"wp-block-group is-layout-flow wp-block-group-is-layout-flow\">\n                <div class=\"wp-block-group is-layout-flex wp-block-group-is-layout-flex\"><div class=\"wp-block-post-terms\"><a href=\"https:\/\/www.greenpeace.org\/canada\/fr\/category\/notre-travail\/plastiques\/\">Plastiques<\/a><\/div>\n                <div class=\"taxonomy-post_tag wp-block-post-terms\"><a href=\"https:\/\/www.greenpeace.org\/canada\/fr\/tag\/alimentation\/\" rel=\"tag\">Alimentation<\/a><span class=\"wp-block-post-terms__separator\"> <\/span><a href=\"https:\/\/www.greenpeace.org\/canada\/fr\/tag\/plastique\/\" rel=\"tag\">Plastique<\/a><span class=\"wp-block-post-terms__separator\"> <\/span><a href=\"https:\/\/www.greenpeace.org\/canada\/fr\/tag\/consommation\/\" rel=\"tag\">Consommation<\/a><\/div>\n                \n                <\/div>\n                \n        <h3 class=\"wp-block-post-title\"><a href=\"https:\/\/www.greenpeace.org\/canada\/fr\/histoire\/74574\/cinq-facons-de-deplastifier-votre-chez-soi\/\" target=\"_self\" >Cinq fa\u00e7ons de d\u00e9plastifier votre chez-soi<\/a><\/h3>\n        <div class=\"wp-block-post-excerpt\"><p class=\"wp-block-post-excerpt__excerpt\">Plastic is everywhere \u2014 in the air we breathe, the water we drink, the food we eat and the clothes we wear. Microplastics have found their way to our blood&hellip; <\/p><\/div>\n        \n        <div class=\"wp-block-group posts-list-meta is-layout-flow wp-block-group-is-layout-flow\"><span class='article-list-item-author'><a href='https:\/\/www.greenpeace.org\/canada\/fr\/author\/svdbroek\/'>Sien Van den broeke<\/a><\/span>\n        <div class=\"wp-block-post-date\"><time datetime=\"2026-03-24T10:23:06-04:00\">24 mars, 2026<\/time><\/div>\n        \n        <\/div>\n        <\/div>\n        <\/div>\n\n            <\/li><li class=\"wp-block-post post-74462 post type-post status-publish format-standard has-post-thumbnail hentry category-climat category-nature-fr category-plastiques tag-actionspacifiques tag-climat tag-forets tag-soutenirgreenpeace tag-victoires tag-plastique p4-page-type-histoire\">\n            \n<div class=\"wp-block-columns is-layout-flex wp-container-core-columns-is-layout-9d6595d7 wp-block-columns-is-layout-flex\"><figure class=\"wp-block-post-featured-image\"><a href=\"https:\/\/www.greenpeace.org\/canada\/fr\/histoire\/74462\/votre-dose-mensuelle-de-bonnes-nouvelles\/\" target=\"_self\"  ><img loading=\"lazy\" decoding=\"async\" width=\"2560\" height=\"1707\" src=\"https:\/\/www.greenpeace.org\/static\/planet4-canada-stateless\/2026\/03\/ee0ee800-gp0sts28g-scaled.jpg\" class=\"attachment-post-thumbnail size-post-thumbnail wp-post-image wp-stateless-item\" alt=\"Votre dose mensuelle de bonnes nouvelles!\" style=\"object-fit:cover;\" srcset=\"https:\/\/www.greenpeace.org\/static\/planet4-canada-stateless\/2026\/03\/ee0ee800-gp0sts28g-scaled.jpg 2560w, https:\/\/www.greenpeace.org\/static\/planet4-canada-stateless\/2026\/03\/ee0ee800-gp0sts28g-300x200.jpg 300w, https:\/\/www.greenpeace.org\/static\/planet4-canada-stateless\/2026\/03\/ee0ee800-gp0sts28g-1024x683.jpg 1024w, https:\/\/www.greenpeace.org\/static\/planet4-canada-stateless\/2026\/03\/ee0ee800-gp0sts28g-768x512.jpg 768w, https:\/\/www.greenpeace.org\/static\/planet4-canada-stateless\/2026\/03\/ee0ee800-gp0sts28g-1536x1024.jpg 1536w, https:\/\/www.greenpeace.org\/static\/planet4-canada-stateless\/2026\/03\/ee0ee800-gp0sts28g-2048x1366.jpg 2048w, https:\/\/www.greenpeace.org\/static\/planet4-canada-stateless\/2026\/03\/ee0ee800-gp0sts28g-510x340.jpg 510w\" sizes=\"auto, (max-width: 2560px) 100vw, 2560px\" data-image-size=\"post-thumbnail\" data-stateless-media-bucket=\"planet4-canada-stateless\" data-stateless-media-name=\"2026\/03\/ee0ee800-gp0sts28g-scaled.jpg\" \/><\/a><\/figure>\n\n        <div class=\"wp-block-group is-layout-flow wp-block-group-is-layout-flow\">\n                <div class=\"wp-block-group is-layout-flex wp-block-group-is-layout-flex\"><div class=\"wp-block-post-terms\"><a href=\"https:\/\/www.greenpeace.org\/canada\/fr\/category\/notre-travail\/climat\/\">Climat<\/a><\/div>\n                <div class=\"taxonomy-post_tag wp-block-post-terms\"><a href=\"https:\/\/www.greenpeace.org\/canada\/fr\/tag\/actionspacifiques\/\" rel=\"tag\">ActionsPacifiques<\/a><span class=\"wp-block-post-terms__separator\"> <\/span><a href=\"https:\/\/www.greenpeace.org\/canada\/fr\/tag\/climat\/\" rel=\"tag\">Climat<\/a><span class=\"wp-block-post-terms__separator\"> <\/span><a href=\"https:\/\/www.greenpeace.org\/canada\/fr\/tag\/forets\/\" rel=\"tag\">For\u00eats<\/a><span class=\"wp-block-post-terms__separator\"> <\/span><a href=\"https:\/\/www.greenpeace.org\/canada\/fr\/tag\/soutenirgreenpeace\/\" rel=\"tag\">Soutenir Greenpeace<\/a><span class=\"wp-block-post-terms__separator\"> <\/span><a href=\"https:\/\/www.greenpeace.org\/canada\/fr\/tag\/victoires\/\" rel=\"tag\">Victoires<\/a><span class=\"wp-block-post-terms__separator\"> <\/span><a href=\"https:\/\/www.greenpeace.org\/canada\/fr\/tag\/plastique\/\" rel=\"tag\">Plastique<\/a><\/div>\n                \n                <\/div>\n                \n        <h3 class=\"wp-block-post-title\"><a href=\"https:\/\/www.greenpeace.org\/canada\/fr\/histoire\/74462\/votre-dose-mensuelle-de-bonnes-nouvelles\/\" target=\"_self\" >Votre dose mensuelle de bonnes nouvelles!<\/a><\/h3>\n        <div class=\"wp-block-post-excerpt\"><p class=\"wp-block-post-excerpt__excerpt\">Votre dose mensuelle de bonnes nouvelles! <\/p><\/div>\n        \n        <div class=\"wp-block-group posts-list-meta is-layout-flow wp-block-group-is-layout-flow\"><span class='article-list-item-author'><a href='https:\/\/www.greenpeace.org\/canada\/fr\/author\/mnallim\/'>Maria Nallim<\/a><\/span>\n        <div class=\"wp-block-post-date\"><time datetime=\"2026-03-12T10:32:42-04:00\">12 mars, 2026<\/time><\/div>\n        \n        <\/div>\n        <\/div>\n        <\/div>\n\n            <\/li><li class=\"wp-block-post post-72299 post type-post status-publish format-standard has-post-thumbnail hentry category-plastiques tag-petrole tag-plastique p4-page-type-histoire\">\n            \n<div class=\"wp-block-columns is-layout-flex wp-container-core-columns-is-layout-9d6595d7 wp-block-columns-is-layout-flex\"><figure class=\"wp-block-post-featured-image\"><a href=\"https:\/\/www.greenpeace.org\/canada\/fr\/histoire\/72299\/les-dernieres-negociations-pour-un-traite-sur-les-plastiques-etaient-decevantes-mais-tout-comme-plastique-greenpeace-nest-pas-prete-de-disparaitre\/\" target=\"_self\"  ><img loading=\"lazy\" decoding=\"async\" width=\"2560\" height=\"1707\" src=\"https:\/\/www.greenpeace.org\/static\/planet4-canada-stateless\/2025\/09\/dc5a3053-gp0su6gy0-scaled.jpg\" class=\"attachment-post-thumbnail size-post-thumbnail wp-post-image wp-stateless-item\" alt=\"Les derni\u00e8res n\u00e9gociations pour un trait\u00e9 sur les plastiques \u00e9taient d\u00e9cevantes mais, tout comme plastique, Greenpeace n\u2019est pas pr\u00eate de dispara\u00eetre\" style=\"object-fit:cover;\" srcset=\"https:\/\/www.greenpeace.org\/static\/planet4-canada-stateless\/2025\/09\/dc5a3053-gp0su6gy0-scaled.jpg 2560w, https:\/\/www.greenpeace.org\/static\/planet4-canada-stateless\/2025\/09\/dc5a3053-gp0su6gy0-300x200.jpg 300w, https:\/\/www.greenpeace.org\/static\/planet4-canada-stateless\/2025\/09\/dc5a3053-gp0su6gy0-1024x683.jpg 1024w, https:\/\/www.greenpeace.org\/static\/planet4-canada-stateless\/2025\/09\/dc5a3053-gp0su6gy0-768x512.jpg 768w, https:\/\/www.greenpeace.org\/static\/planet4-canada-stateless\/2025\/09\/dc5a3053-gp0su6gy0-1536x1024.jpg 1536w, https:\/\/www.greenpeace.org\/static\/planet4-canada-stateless\/2025\/09\/dc5a3053-gp0su6gy0-2048x1366.jpg 2048w, https:\/\/www.greenpeace.org\/static\/planet4-canada-stateless\/2025\/09\/dc5a3053-gp0su6gy0-510x340.jpg 510w\" sizes=\"auto, (max-width: 2560px) 100vw, 2560px\" data-image-size=\"post-thumbnail\" data-stateless-media-bucket=\"planet4-canada-stateless\" data-stateless-media-name=\"2025\/09\/dc5a3053-gp0su6gy0-scaled.jpg\" \/><\/a><\/figure>\n\n        <div class=\"wp-block-group is-layout-flow wp-block-group-is-layout-flow\">\n                <div class=\"wp-block-group is-layout-flex wp-block-group-is-layout-flex\"><div class=\"wp-block-post-terms\"><a href=\"https:\/\/www.greenpeace.org\/canada\/fr\/category\/notre-travail\/plastiques\/\">Plastiques<\/a><\/div>\n                <div class=\"taxonomy-post_tag wp-block-post-terms\"><a href=\"https:\/\/www.greenpeace.org\/canada\/fr\/tag\/petrole\/\" rel=\"tag\">P\u00e9trole<\/a><span class=\"wp-block-post-terms__separator\"> <\/span><a href=\"https:\/\/www.greenpeace.org\/canada\/fr\/tag\/plastique\/\" rel=\"tag\">Plastique<\/a><\/div>\n                \n                <\/div>\n                \n        <h3 class=\"wp-block-post-title\"><a href=\"https:\/\/www.greenpeace.org\/canada\/fr\/histoire\/72299\/les-dernieres-negociations-pour-un-traite-sur-les-plastiques-etaient-decevantes-mais-tout-comme-plastique-greenpeace-nest-pas-prete-de-disparaitre\/\" target=\"_self\" >Les derni\u00e8res n\u00e9gociations pour un trait\u00e9 sur les plastiques \u00e9taient d\u00e9cevantes mais, tout comme plastique, Greenpeace n\u2019est pas pr\u00eate de dispara\u00eetre<\/a><\/h3>\n        <div class=\"wp-block-post-excerpt\"><p class=\"wp-block-post-excerpt__excerpt\">Que faites-vous lorsqu\u2019un obstacle vous emp\u00eache d\u2019avancer? <\/p><\/div>\n        \n        <div class=\"wp-block-group posts-list-meta is-layout-flow wp-block-group-is-layout-flow\"><span class='article-list-item-author'><a href='https:\/\/www.greenpeace.org\/canada\/fr\/author\/shulse\/'>Stephanie Hulse<\/a><\/span>\n        <div class=\"wp-block-post-date\"><time datetime=\"2025-09-04T10:26:55-04:00\">4 septembre, 2025<\/time><\/div>\n        \n        <\/div>\n        <\/div>\n        <\/div>\n\n            <\/li><\/ul>\n\n    \n<div class=\"wp-block-buttons carousel-controls is-horizontal is-content-justification-space-between is-nowrap is-layout-flex wp-container-core-buttons-is-layout-044bd602 wp-block-buttons-is-layout-flex\">\n            <div class=\"wp-block-button carousel-control-prev\"><button type=\"button\" class=\"wp-block-button__link wp-element-button\">Prev<\/button><\/div>\n        \n\n            <div class=\"wp-block-button carousel-control-next\"><button type=\"button\" class=\"wp-block-button__link wp-element-button\">Next<\/button><\/div>\n        <\/div>\n\n\n    <li class=\" wp-block-navigation-item see-all-link wp-block-navigation-link\"><a class=\"wp-block-navigation-item__content\"  href=\"http:\/\/www.greenpeace.org\/canada\/en\/news-stories\/?tag=plastic&#038;post-type=story\"><span class=\"wp-block-navigation-item__label\">See all stories<\/span><\/a><\/li><\/div>\n    ","protected":false},"excerpt":{"rendered":"<p>En moins d\u2019un si\u00e8cle, le plastique a r\u00e9volutionn\u00e9 nos modes de consommation et est devenu si incontournable qu\u2019on peine aujourd\u2019hui \u00e0 imaginer pouvoir s\u2019en passer. <\/p>\n","protected":false},"author":9,"featured_media":5082,"parent":0,"menu_order":0,"comment_status":"closed","ping_status":"closed","template":"","meta":{"ep_exclude_from_search":false,"p4_hide_page_title_checkbox":"on","p4_title":"","p4_subtitle":"","p4_description":"","background_image_id":"","background_image":"","p4_button_title":"","p4_button_link":"","p4_button_link_checkbox":"","p4_og_title":"","p4_og_description":"","p4_og_image":"","p4_og_image_id":"","p4_seo_canonical_url":"","p4_campaign_name":"not set","p4_local_project":"","p4_basket_name":"not set","p4_department":"","footnotes":""},"categories":[21],"tags":[72],"class_list":["post-23215","page","type-page","status-publish","has-post-thumbnail","hentry","category-vivre-de-facon-durable","tag-plastique"],"_links":{"self":[{"href":"https:\/\/www.greenpeace.org\/canada\/fr\/wp-json\/wp\/v2\/pages\/23215","targetHints":{"allow":["GET"]}}],"collection":[{"href":"https:\/\/www.greenpeace.org\/canada\/fr\/wp-json\/wp\/v2\/pages"}],"about":[{"href":"https:\/\/www.greenpeace.org\/canada\/fr\/wp-json\/wp\/v2\/types\/page"}],"author":[{"embeddable":true,"href":"https:\/\/www.greenpeace.org\/canada\/fr\/wp-json\/wp\/v2\/users\/9"}],"replies":[{"embeddable":true,"href":"https:\/\/www.greenpeace.org\/canada\/fr\/wp-json\/wp\/v2\/comments?post=23215"}],"version-history":[{"count":16,"href":"https:\/\/www.greenpeace.org\/canada\/fr\/wp-json\/wp\/v2\/pages\/23215\/revisions"}],"predecessor-version":[{"id":74685,"href":"https:\/\/www.greenpeace.org\/canada\/fr\/wp-json\/wp\/v2\/pages\/23215\/revisions\/74685"}],"wp:featuredmedia":[{"embeddable":true,"href":"https:\/\/www.greenpeace.org\/canada\/fr\/wp-json\/wp\/v2\/media\/5082"}],"wp:attachment":[{"href":"https:\/\/www.greenpeace.org\/canada\/fr\/wp-json\/wp\/v2\/media?parent=23215"}],"wp:term":[{"taxonomy":"category","embeddable":true,"href":"https:\/\/www.greenpeace.org\/canada\/fr\/wp-json\/wp\/v2\/categories?post=23215"},{"taxonomy":"post_tag","embeddable":true,"href":"https:\/\/www.greenpeace.org\/canada\/fr\/wp-json\/wp\/v2\/tags?post=23215"}],"curies":[{"name":"wp","href":"https:\/\/api.w.org\/{rel}","templated":true}]}}