{"id":23220,"date":"2019-06-18T16:53:30","date_gmt":"2019-06-18T20:53:30","guid":{"rendered":"https:\/\/www.greenpeace.org\/canada\/ships\/"},"modified":"2026-04-08T04:50:20","modified_gmt":"2026-04-08T08:50:20","slug":"navires","status":"publish","type":"page","link":"https:\/\/www.greenpeace.org\/canada\/fr\/navires\/","title":{"rendered":"#Navires"},"content":{"rendered":"\n                \n                <div class=\"wp-block-group alignfull is-layout-flow wp-block-group-is-layout-flow\">\n                \n                <div class=\"wp-block-group container is-layout-flow wp-block-group-is-layout-flow\">\n                \n                <div class=\"wp-block-media-text alignfull has-media-on-the-right is-stacked-on-mobile is-pattern-p4-page-header is-style-parallax\">\n\n                <div class=\"wp-block-media-text__content\">\n                    <div class=\"wp-block-group is-layout-flow wp-block-group-is-layout-flow\">\n                    \n                        <h1 class=\"wp-block-heading has-white-background-color has-background\">\n                            #Navires\n                        <\/h1>\n                    <\/div>\n                \n\n                \n                        <p style=\"font-size:1.25rem\">\n                            Depuis pr\u00e8s de 50 ans, Greenpeace navigue sur tous les oc\u00e9ans du monde pour prot\u00e9ger notre plan\u00e8te et promouvoir la justice environnementale. Les bateaux de Greenpeace sont en premi\u00e8re ligne des campagnes de l\u2019organisation. Ils nous ont notamment permis de faire obstacle aux essais nucl\u00e9aires dans le Pacifique; de documenter la pr\u00e9sence de plastique dans les oc\u00e9ans; de faire des recherches sur les effets des changements climatiques dans l\u2019Arctique; d\u2019intercepter des cargaisons de bois ill\u00e9gal \u00e0 l\u2019embouchure de l\u2019Amazone; d\u2019offrir une aide humanitaire \u00e0 des communaut\u00e9s ravag\u00e9es par des \u00e9v\u00e9nements climatiques extr\u00eames; et de collaborer avec les autorit\u00e9s locales pour mettre un terme \u00e0 des op\u00e9rations de p\u00eache ill\u00e9gale en Afrique de l\u2019Ouest.\r\n\r\n<a href=\"http:\/\/sailing-with-greenpeace.com\/\">Montez \u00e0 bord<\/a>\n                        <\/p>\n                    \n\n                \n\n                <\/div>\n                <figure class=\"wp-block-media-text__media\">\n                    <img loading=\"lazy\" decoding=\"async\" width=\"1200\" height=\"800\"\n                        src=\"https:\/\/www.greenpeace.org\/static\/planet4-canada-stateless\/2018\/06\/GP04K5B.jpg\"\n                        alt=\"\"\n                        sizes=\"auto, (min-width: 601px) 50vw, 100vw\" srcset=\"https:\/\/www.greenpeace.org\/static\/planet4-canada-stateless\/2018\/06\/GP04K5B.jpg 1200w, https:\/\/www.greenpeace.org\/static\/planet4-canada-stateless\/2018\/06\/GP04K5B-300x200.jpg 300w, https:\/\/www.greenpeace.org\/static\/planet4-canada-stateless\/2018\/06\/GP04K5B-768x512.jpg 768w, https:\/\/www.greenpeace.org\/static\/planet4-canada-stateless\/2018\/06\/GP04K5B-1024x683.jpg 1024w, https:\/\/www.greenpeace.org\/static\/planet4-canada-stateless\/2018\/06\/GP04K5B-510x340.jpg 510w\" class=\"wp-image-1322 size-full\"\n                    \/>\n                <\/figure>\n                <\/div>\n                \n                <\/div>\n                \n                <\/div>\n                \n                \n        <div class=\"wp-block-query actions-list p4-query-loop is-custom-layout-actions-list is-custom-layout-grid is-layout-grid wp-container-core-query-is-layout-29f43435 wp-block-query-is-layout-grid\"><h2 class=\"wp-block-heading\">Ce que vous pouvez faire<\/h2>\n        <p style=\"margin-top: 24px; margin-bottom: 32px;\">Ensemble nous pouvons changer les choses. Passez \u00e0 l&rsquo;action !<\/p>\n        <div class=\"wp-block-query-no-results\">\n        <p >No posts found.<\/p>\n        <\/div>\n        \n        \n<div class=\"wp-block-buttons carousel-controls is-horizontal is-content-justification-space-between is-nowrap is-layout-flex wp-container-core-buttons-is-layout-044bd602 wp-block-buttons-is-layout-flex\">\n            <div class=\"wp-block-button carousel-control-prev\"><button type=\"button\" class=\"wp-block-button__link wp-element-button\">Prev<\/button><\/div>\n        \n\n            <div class=\"wp-block-button carousel-control-next\"><button type=\"button\" class=\"wp-block-button__link wp-element-button\">Next<\/button><\/div>\n        <\/div>\n\n        \n<div class=\"wp-block-buttons load-more-actions-container is-content-justification-center is-layout-flex wp-container-core-buttons-is-layout-16018d1d wp-block-buttons-is-layout-flex\">\n                <div class=\"wp-block-button is-style-secondary\"><button type=\"button\" class=\"wp-block-button__link wp-element-button\">Load more<\/button><\/div>\n            \n<\/div>\n<\/div>\n        \n    <div class=\"wp-block-query posts-list p4-query-loop is-custom-layout-list is-layout-flow wp-block-query-is-layout-flow\">\n        <div class=\"wp-block-group is-content-justification-space-between is-layout-flex wp-container-core-group-is-layout-3d213aab wp-block-group-is-layout-flex\"><h2 class=\"wp-block-heading\">Related Articles<\/h2>\n        <li class=\" wp-block-navigation-item see-all-link wp-block-navigation-link\"><a class=\"wp-block-navigation-item__content\"  href=\"http:\/\/www.greenpeace.org\/canada\/en\/news-stories\/?tag=ships&#038;post-type=story\"><span class=\"wp-block-navigation-item__label\">See all stories<\/span><\/a><\/li>\n        \n        <\/div>\n        \n\n    <p style=\"margin-top: 24px; margin-bottom: 36px;\"><\/p>\n\n    \n\n    <ul class=\"wp-block-post-template is-layout-flow wp-block-post-template-is-layout-flow\"><li class=\"wp-block-post post-72386 post type-post status-publish format-standard has-post-thumbnail hentry category-climat category-notre-travail category-vivre-de-facon-durable tag-climat tag-navires tag-petrole p4-page-type-histoire\">\n            \n<div class=\"wp-block-columns is-layout-flex wp-container-core-columns-is-layout-9d6595d7 wp-block-columns-is-layout-flex\"><figure class=\"wp-block-post-featured-image\"><a href=\"https:\/\/www.greenpeace.org\/canada\/fr\/histoire\/72386\/gnl-quebec-2-0-le-megaprojet-de-marinvest-energie-ce-que-vous-devez-savoir\/\" target=\"_self\"  ><img loading=\"lazy\" decoding=\"async\" width=\"1280\" height=\"857\" src=\"https:\/\/www.greenpeace.org\/static\/planet4-canada-stateless\/2019\/08\/60797f4f-gnlquebec.jpg\" class=\"attachment-post-thumbnail size-post-thumbnail wp-post-image wp-stateless-item\" alt=\"GNL Qu\u00e9bec 2.0 &#8211; le m\u00e9gaprojet de Marinvest \u00c9nergie : ce que vous devez savoir\" style=\"object-fit:cover;\" srcset=\"https:\/\/www.greenpeace.org\/static\/planet4-canada-stateless\/2019\/08\/60797f4f-gnlquebec.jpg 1280w, https:\/\/www.greenpeace.org\/static\/planet4-canada-stateless\/2019\/08\/60797f4f-gnlquebec-300x201.jpg 300w, https:\/\/www.greenpeace.org\/static\/planet4-canada-stateless\/2019\/08\/60797f4f-gnlquebec-768x514.jpg 768w, https:\/\/www.greenpeace.org\/static\/planet4-canada-stateless\/2019\/08\/60797f4f-gnlquebec-1024x686.jpg 1024w, https:\/\/www.greenpeace.org\/static\/planet4-canada-stateless\/2019\/08\/60797f4f-gnlquebec-508x340.jpg 508w\" sizes=\"auto, (max-width: 1280px) 100vw, 1280px\" data-image-size=\"post-thumbnail\" data-stateless-media-bucket=\"planet4-canada-stateless\" data-stateless-media-name=\"2019\/08\/60797f4f-gnlquebec.jpg\" \/><\/a><\/figure>\n\n        <div class=\"wp-block-group is-layout-flow wp-block-group-is-layout-flow\">\n                <div class=\"wp-block-group is-layout-flex wp-block-group-is-layout-flex\"><div class=\"wp-block-post-terms\"><a href=\"https:\/\/www.greenpeace.org\/canada\/fr\/category\/notre-travail\/climat\/\">Climat<\/a><\/div>\n                <div class=\"taxonomy-post_tag wp-block-post-terms\"><a href=\"https:\/\/www.greenpeace.org\/canada\/fr\/tag\/climat\/\" rel=\"tag\">Climat<\/a><span class=\"wp-block-post-terms__separator\"> <\/span><a href=\"https:\/\/www.greenpeace.org\/canada\/fr\/tag\/navires\/\" rel=\"tag\">Navires<\/a><span class=\"wp-block-post-terms__separator\"> <\/span><a href=\"https:\/\/www.greenpeace.org\/canada\/fr\/tag\/petrole\/\" rel=\"tag\">P\u00e9trole<\/a><\/div>\n                \n                <\/div>\n                \n        <h3 class=\"wp-block-post-title\"><a href=\"https:\/\/www.greenpeace.org\/canada\/fr\/histoire\/72386\/gnl-quebec-2-0-le-megaprojet-de-marinvest-energie-ce-que-vous-devez-savoir\/\" target=\"_self\" >GNL Qu\u00e9bec 2.0 &#8211; le m\u00e9gaprojet de Marinvest \u00c9nergie : ce que vous devez savoir<\/a><\/h3>\n        <div class=\"wp-block-post-excerpt\"><p class=\"wp-block-post-excerpt__excerpt\">Rembobinons le fil de cette ann\u00e9e pour commencer :&nbsp; les projets de gaz naturel liqu\u00e9fi\u00e9 (GNL) ont de nouveau fait les manchettes alors qu\u2019on pensait les avoir enterr\u00e9s une fois&hellip; <\/p><\/div>\n        \n        <div class=\"wp-block-group posts-list-meta is-layout-flow wp-block-group-is-layout-flow\"><span class='article-list-item-author'><a href='https:\/\/www.greenpeace.org\/canada\/fr\/author\/poumarou\/'>Patou Oumarou<\/a><\/span>\n        <div class=\"wp-block-post-date\"><time datetime=\"2025-09-22T19:24:43-04:00\">22 septembre, 2025<\/time><\/div>\n        \n        <\/div>\n        <\/div>\n        <\/div>\n\n            <\/li><li class=\"wp-block-post post-69183 post type-post status-publish format-standard has-post-thumbnail hentry category-climate category-notre-travail category-our-work tag-navires tag-nucleaire tag-justice-raciale p4-page-type-histoire p4-page-type-story\">\n            \n<div class=\"wp-block-columns is-layout-flex wp-container-core-columns-is-layout-9d6595d7 wp-block-columns-is-layout-flex\"><figure class=\"wp-block-post-featured-image\"><a href=\"https:\/\/www.greenpeace.org\/canada\/fr\/histoire\/69183\/le-rainbow-warrior-et-loperation-exodus-de-greenpeace-aux-iles-marshall\/\" target=\"_self\"  ><img loading=\"lazy\" decoding=\"async\" width=\"1200\" height=\"800\" src=\"https:\/\/www.greenpeace.org\/static\/planet4-canada-stateless\/2025\/04\/411e9ae7-gp0su4q8e_medium-res-with-credit-line-1200px.jpg\" class=\"attachment-post-thumbnail size-post-thumbnail wp-post-image wp-stateless-item\" alt=\"Le Rainbow Warrior et l&rsquo;op\u00e9ration Exodus de Greenpeace aux \u00celes Marshall\" style=\"object-fit:cover;\" srcset=\"https:\/\/www.greenpeace.org\/static\/planet4-canada-stateless\/2025\/04\/411e9ae7-gp0su4q8e_medium-res-with-credit-line-1200px.jpg 1200w, https:\/\/www.greenpeace.org\/static\/planet4-canada-stateless\/2025\/04\/411e9ae7-gp0su4q8e_medium-res-with-credit-line-1200px-300x200.jpg 300w, https:\/\/www.greenpeace.org\/static\/planet4-canada-stateless\/2025\/04\/411e9ae7-gp0su4q8e_medium-res-with-credit-line-1200px-1024x683.jpg 1024w, https:\/\/www.greenpeace.org\/static\/planet4-canada-stateless\/2025\/04\/411e9ae7-gp0su4q8e_medium-res-with-credit-line-1200px-768x512.jpg 768w, https:\/\/www.greenpeace.org\/static\/planet4-canada-stateless\/2025\/04\/411e9ae7-gp0su4q8e_medium-res-with-credit-line-1200px-510x340.jpg 510w\" sizes=\"auto, (max-width: 1200px) 100vw, 1200px\" data-image-size=\"post-thumbnail\" data-stateless-media-bucket=\"planet4-canada-stateless\" data-stateless-media-name=\"2025\/04\/411e9ae7-gp0su4q8e_medium-res-with-credit-line-1200px.jpg\" \/><\/a><\/figure>\n\n        <div class=\"wp-block-group is-layout-flow wp-block-group-is-layout-flow\">\n                <div class=\"wp-block-group is-layout-flex wp-block-group-is-layout-flex\"><div class=\"wp-block-post-terms\"><a href=\"https:\/\/www.greenpeace.org\/canada\/en\/category\/our-work\/climate\/\">Climate<\/a><\/div>\n                <div class=\"taxonomy-post_tag wp-block-post-terms\"><a href=\"https:\/\/www.greenpeace.org\/canada\/fr\/tag\/navires\/\" rel=\"tag\">Navires<\/a><span class=\"wp-block-post-terms__separator\"> <\/span><a href=\"https:\/\/www.greenpeace.org\/canada\/fr\/tag\/nucleaire\/\" rel=\"tag\">Nucl\u00e9aire<\/a><span class=\"wp-block-post-terms__separator\"> <\/span><a href=\"https:\/\/www.greenpeace.org\/canada\/fr\/tag\/justice-raciale\/\" rel=\"tag\">Justice Raciale<\/a><\/div>\n                \n                <\/div>\n                \n        <h3 class=\"wp-block-post-title\"><a href=\"https:\/\/www.greenpeace.org\/canada\/fr\/histoire\/69183\/le-rainbow-warrior-et-loperation-exodus-de-greenpeace-aux-iles-marshall\/\" target=\"_self\" >Le Rainbow Warrior et l&rsquo;op\u00e9ration Exodus de Greenpeace aux \u00celes Marshall<\/a><\/h3>\n        <div class=\"wp-block-post-excerpt\"><p class=\"wp-block-post-excerpt__excerpt\">Vous vous demandez peut-\u00eatre, avec tout ce qui se passe au Canada en ce moment, pourquoi je vous parle aujourd&rsquo;hui d&rsquo;une histoire qui se d\u00e9roule en plein oc\u00e9an Pacifique&#8230; <\/p><\/div>\n        \n        <div class=\"wp-block-group posts-list-meta is-layout-flow wp-block-group-is-layout-flow\"><span class='article-list-item-author'><a href='https:\/\/www.greenpeace.org\/canada\/fr\/author\/shulse\/'>Stephanie Hulse<\/a><\/span>\n        <div class=\"wp-block-post-date\"><time datetime=\"2025-04-02T12:33:36-04:00\">2 avril, 2025<\/time><\/div>\n        \n        <\/div>\n        <\/div>\n        <\/div>\n\n            <\/li><li class=\"wp-block-post post-67503 post type-post status-publish format-standard has-post-thumbnail hentry category-egalite category-oceans-fr tag-navires tag-oceans-fr p4-page-type-histoire\">\n            \n<div class=\"wp-block-columns is-layout-flex wp-container-core-columns-is-layout-9d6595d7 wp-block-columns-is-layout-flex\"><figure class=\"wp-block-post-featured-image\"><a href=\"https:\/\/www.greenpeace.org\/canada\/fr\/histoire\/67503\/lenquete-de-greenpeace-en-mer-revele-des-pratiques-de-peche-destructrices-dans-le-pacifique-nord\/\" target=\"_self\"  ><img loading=\"lazy\" decoding=\"async\" width=\"2560\" height=\"1706\" src=\"https:\/\/www.greenpeace.org\/static\/planet4-canada-stateless\/2024\/10\/eee327a2-gp0su22qk-scaled.jpg\" class=\"attachment-post-thumbnail size-post-thumbnail wp-post-image wp-stateless-item\" alt=\"L&rsquo;enqu\u00eate de Greenpeace en mer r\u00e9v\u00e8le des pratiques de p\u00eache destructrices dans le Pacifique Nord\" style=\"object-fit:cover;\" srcset=\"https:\/\/www.greenpeace.org\/static\/planet4-canada-stateless\/2024\/10\/eee327a2-gp0su22qk-scaled.jpg 2560w, https:\/\/www.greenpeace.org\/static\/planet4-canada-stateless\/2024\/10\/eee327a2-gp0su22qk-300x200.jpg 300w, https:\/\/www.greenpeace.org\/static\/planet4-canada-stateless\/2024\/10\/eee327a2-gp0su22qk-1024x683.jpg 1024w, https:\/\/www.greenpeace.org\/static\/planet4-canada-stateless\/2024\/10\/eee327a2-gp0su22qk-768x512.jpg 768w, https:\/\/www.greenpeace.org\/static\/planet4-canada-stateless\/2024\/10\/eee327a2-gp0su22qk-1536x1024.jpg 1536w, https:\/\/www.greenpeace.org\/static\/planet4-canada-stateless\/2024\/10\/eee327a2-gp0su22qk-2048x1366.jpg 2048w, https:\/\/www.greenpeace.org\/static\/planet4-canada-stateless\/2024\/10\/eee327a2-gp0su22qk-510x340.jpg 510w\" sizes=\"auto, (max-width: 2560px) 100vw, 2560px\" data-image-size=\"post-thumbnail\" data-stateless-media-bucket=\"planet4-canada-stateless\" data-stateless-media-name=\"2024\/10\/eee327a2-gp0su22qk-scaled.jpg\" \/><\/a><\/figure>\n\n        <div class=\"wp-block-group is-layout-flow wp-block-group-is-layout-flow\">\n                <div class=\"wp-block-group is-layout-flex wp-block-group-is-layout-flex\"><div class=\"wp-block-post-terms\"><a href=\"https:\/\/www.greenpeace.org\/canada\/fr\/category\/notre-travail\/egalite\/\">\u00c9galit\u00e9<\/a><\/div>\n                <div class=\"taxonomy-post_tag wp-block-post-terms\"><a href=\"https:\/\/www.greenpeace.org\/canada\/fr\/tag\/navires\/\" rel=\"tag\">Navires<\/a><span class=\"wp-block-post-terms__separator\"> <\/span><a href=\"https:\/\/www.greenpeace.org\/canada\/fr\/tag\/oceans-fr\/\" rel=\"tag\">Oc\u00e9ans<\/a><\/div>\n                \n                <\/div>\n                \n        <h3 class=\"wp-block-post-title\"><a href=\"https:\/\/www.greenpeace.org\/canada\/fr\/histoire\/67503\/lenquete-de-greenpeace-en-mer-revele-des-pratiques-de-peche-destructrices-dans-le-pacifique-nord\/\" target=\"_self\" >L&rsquo;enqu\u00eate de Greenpeace en mer r\u00e9v\u00e8le des pratiques de p\u00eache destructrices dans le Pacifique Nord<\/a><\/h3>\n        <div class=\"wp-block-post-excerpt\"><p class=\"wp-block-post-excerpt__excerpt\">Nous venons de revenir au port apr\u00e8s cinq semaines d&rsquo;enqu\u00eate en haute mer, au cours desquelles nous avons d\u00e9couvert la pr\u00e9sence de pratiques de p\u00eache destructrices aux alentours des monts sous-marin de l\u2019Empereur, dans l&rsquo;oc\u00e9an Pacifique Nord. <\/p><\/div>\n        \n        <div class=\"wp-block-group posts-list-meta is-layout-flow wp-block-group-is-layout-flow\"><span class='article-list-item-author'><a href='https:\/\/www.greenpeace.org\/canada\/fr\/author\/shulse\/'>Stephanie Hulse<\/a><\/span>\n        <div class=\"wp-block-post-date\"><time datetime=\"2024-10-03T15:53:13-04:00\">3 octobre, 2024<\/time><\/div>\n        \n        <\/div>\n        <\/div>\n        <\/div>\n\n            <\/li><\/ul>\n\n    \n<div class=\"wp-block-buttons carousel-controls is-horizontal is-content-justification-space-between is-nowrap is-layout-flex wp-container-core-buttons-is-layout-044bd602 wp-block-buttons-is-layout-flex\">\n            <div class=\"wp-block-button carousel-control-prev\"><button type=\"button\" class=\"wp-block-button__link wp-element-button\">Prev<\/button><\/div>\n        \n\n            <div class=\"wp-block-button carousel-control-next\"><button type=\"button\" class=\"wp-block-button__link wp-element-button\">Next<\/button><\/div>\n        <\/div>\n\n\n    <li class=\" wp-block-navigation-item see-all-link wp-block-navigation-link\"><a class=\"wp-block-navigation-item__content\"  href=\"http:\/\/www.greenpeace.org\/canada\/en\/news-stories\/?tag=ships&#038;post-type=story\"><span class=\"wp-block-navigation-item__label\">See all stories<\/span><\/a><\/li><\/div>\n    ","protected":false},"excerpt":{"rendered":"<p>Depuis pr\u00e8s de 50 ans, Greenpeace navigue sur tous les oc\u00e9ans du monde pour prot\u00e9ger notre plan\u00e8te et promouvoir la justice environnementale. <\/p>\n","protected":false},"author":9,"featured_media":4388,"parent":0,"menu_order":0,"comment_status":"closed","ping_status":"closed","template":"","meta":{"ep_exclude_from_search":false,"p4_hide_page_title_checkbox":"on","p4_title":"","p4_subtitle":"","p4_description":"","background_image_id":"","background_image":"","p4_button_title":"","p4_button_link":"","p4_button_link_checkbox":"","p4_og_title":"","p4_og_description":"","p4_og_image":"","p4_og_image_id":"","p4_seo_canonical_url":"","p4_campaign_name":"not set","p4_local_project":"","p4_basket_name":"not set","p4_department":"","footnotes":""},"categories":[],"tags":[],"class_list":["post-23220","page","type-page","status-publish","has-post-thumbnail","hentry"],"_links":{"self":[{"href":"https:\/\/www.greenpeace.org\/canada\/fr\/wp-json\/wp\/v2\/pages\/23220","targetHints":{"allow":["GET"]}}],"collection":[{"href":"https:\/\/www.greenpeace.org\/canada\/fr\/wp-json\/wp\/v2\/pages"}],"about":[{"href":"https:\/\/www.greenpeace.org\/canada\/fr\/wp-json\/wp\/v2\/types\/page"}],"author":[{"embeddable":true,"href":"https:\/\/www.greenpeace.org\/canada\/fr\/wp-json\/wp\/v2\/users\/9"}],"replies":[{"embeddable":true,"href":"https:\/\/www.greenpeace.org\/canada\/fr\/wp-json\/wp\/v2\/comments?post=23220"}],"version-history":[{"count":13,"href":"https:\/\/www.greenpeace.org\/canada\/fr\/wp-json\/wp\/v2\/pages\/23220\/revisions"}],"predecessor-version":[{"id":74683,"href":"https:\/\/www.greenpeace.org\/canada\/fr\/wp-json\/wp\/v2\/pages\/23220\/revisions\/74683"}],"wp:featuredmedia":[{"embeddable":true,"href":"https:\/\/www.greenpeace.org\/canada\/fr\/wp-json\/wp\/v2\/media\/4388"}],"wp:attachment":[{"href":"https:\/\/www.greenpeace.org\/canada\/fr\/wp-json\/wp\/v2\/media?parent=23220"}],"wp:term":[{"taxonomy":"category","embeddable":true,"href":"https:\/\/www.greenpeace.org\/canada\/fr\/wp-json\/wp\/v2\/categories?post=23220"},{"taxonomy":"post_tag","embeddable":true,"href":"https:\/\/www.greenpeace.org\/canada\/fr\/wp-json\/wp\/v2\/tags?post=23220"}],"curies":[{"name":"wp","href":"https:\/\/api.w.org\/{rel}","templated":true}]}}