{"id":23235,"date":"2019-06-18T17:20:40","date_gmt":"2019-06-18T21:20:40","guid":{"rendered":"https:\/\/www.greenpeace.org\/canada\/victory\/"},"modified":"2026-05-05T08:17:02","modified_gmt":"2026-05-05T12:17:02","slug":"victoires","status":"publish","type":"page","link":"https:\/\/www.greenpeace.org\/canada\/fr\/victoires\/","title":{"rendered":"#Victoires"},"content":{"rendered":"\n                \n                <div class=\"wp-block-group alignfull is-layout-flow wp-block-group-is-layout-flow\">\n                \n                <div class=\"wp-block-group container is-layout-flow wp-block-group-is-layout-flow\">\n                \n                <div class=\"wp-block-media-text alignfull has-media-on-the-right is-stacked-on-mobile is-pattern-p4-page-header is-style-parallax\">\n\n                <div class=\"wp-block-media-text__content\">\n                    <div class=\"wp-block-group is-layout-flow wp-block-group-is-layout-flow\">\n                    \n                        <h1 class=\"wp-block-heading has-white-background-color has-background\">\n                            #Victoires\n                        <\/h1>\n                    <\/div>\n                \n\n                \n                        <p style=\"font-size:1.25rem\">\n                            Depuis 1971, nos campagnes ont permis de r\u00e9els changements sur le terrain au Canada et partout dans le monde. La cl\u00e9 de ce succ\u00e8s r\u00e9side dans ce que nous avons en commun : le d\u00e9sir de b\u00e2tir un monde plus juste et plus respectueux de la nature, dans toute sa diversit\u00e9.  \r\n\r\nMerci de nous avoir rejoints!\n                        <\/p>\n                    \n\n                \n\n                <\/div>\n                <figure class=\"wp-block-media-text__media\">\n                    <img loading=\"lazy\" decoding=\"async\" width=\"1200\" height=\"801\"\n                        src=\"https:\/\/www.greenpeace.org\/static\/planet4-canada-stateless\/2018\/06\/GP0STR80U.jpg\"\n                        alt=\"\"\n                        sizes=\"auto, (min-width: 601px) 50vw, 100vw\" srcset=\"https:\/\/www.greenpeace.org\/static\/planet4-canada-stateless\/2018\/06\/GP0STR80U.jpg 1200w, https:\/\/www.greenpeace.org\/static\/planet4-canada-stateless\/2018\/06\/GP0STR80U-300x200.jpg 300w, https:\/\/www.greenpeace.org\/static\/planet4-canada-stateless\/2018\/06\/GP0STR80U-768x513.jpg 768w, https:\/\/www.greenpeace.org\/static\/planet4-canada-stateless\/2018\/06\/GP0STR80U-1024x684.jpg 1024w, https:\/\/www.greenpeace.org\/static\/planet4-canada-stateless\/2018\/06\/GP0STR80U-510x340.jpg 510w\" class=\"wp-image-1364 size-full\"\n                    \/>\n                <\/figure>\n                <\/div>\n                \n                <\/div>\n                \n                <\/div>\n                \n                \n        <div class=\"wp-block-query actions-list p4-query-loop is-custom-layout-actions-list is-custom-layout-grid is-layout-grid wp-container-core-query-is-layout-29f43435 wp-block-query-is-layout-grid\"><h2 class=\"wp-block-heading\">Ce que vous pouvez faire<\/h2>\n        <p style=\"margin-top: 24px; margin-bottom: 32px;\">Ensemble nous pouvons changer les choses. Passez \u00e0 l&rsquo;action !<\/p>\n        <div class=\"wp-block-query-no-results\">\n        <p >No posts found.<\/p>\n        <\/div>\n        \n        \n        <nav class=\"wp-block-group carousel-controls is-layout-flow wp-block-group-is-layout-flow\" aria-label=\"Actions List carousel controls\">\n<div class=\"wp-block-buttons is-horizontal is-content-justification-space-between is-nowrap is-layout-flex wp-container-core-buttons-is-layout-044bd602 wp-block-buttons-is-layout-flex\">\n            <div class=\"wp-block-button carousel-control-prev\"><button type=\"button\" class=\"wp-block-button__link wp-element-button\">Prev<\/button><\/div>\n        \n\n            <div class=\"wp-block-button carousel-control-next\"><button type=\"button\" class=\"wp-block-button__link wp-element-button\">Next<\/button><\/div>\n        <\/div>\n\n        \n        \n        <\/nav>\n        \n        \n<div class=\"wp-block-buttons load-more-actions-container is-content-justification-center is-layout-flex wp-container-core-buttons-is-layout-16018d1d wp-block-buttons-is-layout-flex\">\n                <div class=\"wp-block-button is-style-secondary\"><button type=\"button\" class=\"wp-block-button__link wp-element-button\">Load more<\/button><\/div>\n            \n<\/div>\n<\/div>\n        \n    <div class=\"wp-block-query posts-list p4-query-loop is-custom-layout-list is-layout-flow wp-block-query-is-layout-flow\">\n        <div class=\"wp-block-group is-content-justification-space-between is-layout-flex wp-container-core-group-is-layout-3d213aab wp-block-group-is-layout-flex\"><h2 class=\"wp-block-heading\">Related Articles<\/h2>\n        <li class=\" wp-block-navigation-item see-all-link wp-block-navigation-link\"><a class=\"wp-block-navigation-item__content\"  href=\"http:\/\/www.greenpeace.org\/canada\/en\/news-stories\/?tag=victory&#038;post-type=publication\"><span data-ga-category=\"Posts List\" data-ga-action=\"See More Link\" data-ga-label=\"n\/a\" class=\"wp-block-navigation-item__label\">See all stories<\/span><\/a><\/li>\n        \n        <\/div>\n        \n\n    <p style=\"margin-top: 24px; margin-bottom: 36px;\"><\/p>\n\n    \n\n    <ul class=\"wp-block-post-template is-layout-flow wp-block-post-template-is-layout-flow\"><li class=\"wp-block-post post-74925 post type-post status-publish format-standard has-post-thumbnail hentry category-climat category-nature-fr category-oceans-fr tag-climat tag-actionspacifiques tag-navires tag-biodiversite tag-soutenirgreenpeace tag-victoires p4-page-type-histoire\">\n            \n<div class=\"wp-block-columns is-layout-flex wp-container-core-columns-is-layout-9d6595d7 wp-block-columns-is-layout-flex\"><figure class=\"wp-block-post-featured-image\"><a href=\"https:\/\/www.greenpeace.org\/canada\/fr\/histoire\/74925\/votre-dose-mensuelle-de-bonnes-nouvelles-2\/\" target=\"_self\"  ><img loading=\"lazy\" decoding=\"async\" data-ga-category=\"Posts List\" data-ga-action=\"Image\" data-ga-label=\"n\/a\" width=\"2560\" height=\"1707\" src=\"https:\/\/www.greenpeace.org\/static\/planet4-canada-stateless\/2026\/04\/a6f6affe-gp0su6xlz-scaled.jpg\" class=\"attachment-post-thumbnail size-post-thumbnail wp-post-image wp-stateless-item\" alt=\"Votre dose mensuelle de bonnes nouvelles!\" style=\"object-fit:cover;\" srcset=\"https:\/\/www.greenpeace.org\/static\/planet4-canada-stateless\/2026\/04\/a6f6affe-gp0su6xlz-scaled.jpg 2560w, https:\/\/www.greenpeace.org\/static\/planet4-canada-stateless\/2026\/04\/a6f6affe-gp0su6xlz-300x200.jpg 300w, https:\/\/www.greenpeace.org\/static\/planet4-canada-stateless\/2026\/04\/a6f6affe-gp0su6xlz-1024x683.jpg 1024w, https:\/\/www.greenpeace.org\/static\/planet4-canada-stateless\/2026\/04\/a6f6affe-gp0su6xlz-768x512.jpg 768w, https:\/\/www.greenpeace.org\/static\/planet4-canada-stateless\/2026\/04\/a6f6affe-gp0su6xlz-1536x1024.jpg 1536w, https:\/\/www.greenpeace.org\/static\/planet4-canada-stateless\/2026\/04\/a6f6affe-gp0su6xlz-2048x1366.jpg 2048w, https:\/\/www.greenpeace.org\/static\/planet4-canada-stateless\/2026\/04\/a6f6affe-gp0su6xlz-510x340.jpg 510w\" sizes=\"auto, (max-width: 2560px) 100vw, 2560px\" data-image-size=\"post-thumbnail\" data-stateless-media-bucket=\"planet4-canada-stateless\" data-stateless-media-name=\"2026\/04\/a6f6affe-gp0su6xlz-scaled.jpg\" \/><\/a><\/figure>\n\n        <div class=\"wp-block-group is-layout-flow wp-block-group-is-layout-flow\">\n                <div class=\"wp-block-group is-layout-flex wp-block-group-is-layout-flex\"><div class=\"wp-block-post-terms\"><a data-ga-category=\"Posts List\" data-ga-action=\"Post Type Tag\" data-ga-label=\"n\/a\" href=\"https:\/\/www.greenpeace.org\/canada\/fr\/category\/notre-travail\/climat\/\">Climat<\/a><\/div>\n                <div class=\"taxonomy-post_tag wp-block-post-terms\"><a data-ga-category=\"Posts List\" data-ga-action=\"Navigation Tag\" data-ga-label=\"n\/a\" href=\"https:\/\/www.greenpeace.org\/canada\/fr\/tag\/climat\/\" rel=\"tag\">Climat<\/a><span class=\"wp-block-post-terms__separator\"> <\/span><a data-ga-category=\"Posts List\" data-ga-action=\"Navigation Tag\" data-ga-label=\"n\/a\" href=\"https:\/\/www.greenpeace.org\/canada\/fr\/tag\/actionspacifiques\/\" rel=\"tag\">ActionsPacifiques<\/a><span class=\"wp-block-post-terms__separator\"> <\/span><a data-ga-category=\"Posts List\" data-ga-action=\"Navigation Tag\" data-ga-label=\"n\/a\" href=\"https:\/\/www.greenpeace.org\/canada\/fr\/tag\/navires\/\" rel=\"tag\">Navires<\/a><span class=\"wp-block-post-terms__separator\"> <\/span><a data-ga-category=\"Posts List\" data-ga-action=\"Navigation Tag\" data-ga-label=\"n\/a\" href=\"https:\/\/www.greenpeace.org\/canada\/fr\/tag\/biodiversite\/\" rel=\"tag\">Biodiversit\u00e9<\/a><span class=\"wp-block-post-terms__separator\"> <\/span><a data-ga-category=\"Posts List\" data-ga-action=\"Navigation Tag\" data-ga-label=\"n\/a\" href=\"https:\/\/www.greenpeace.org\/canada\/fr\/tag\/soutenirgreenpeace\/\" rel=\"tag\">Soutenir Greenpeace<\/a><span class=\"wp-block-post-terms__separator\"> <\/span><a data-ga-category=\"Posts List\" data-ga-action=\"Navigation Tag\" data-ga-label=\"n\/a\" href=\"https:\/\/www.greenpeace.org\/canada\/fr\/tag\/victoires\/\" rel=\"tag\">Victoires<\/a><\/div>\n                \n                <\/div>\n                \n        <h3 class=\"wp-block-post-title\"><a data-ga-category=\"Posts List\" data-ga-action=\"Title\" data-ga-label=\"n\/a\" href=\"https:\/\/www.greenpeace.org\/canada\/fr\/histoire\/74925\/votre-dose-mensuelle-de-bonnes-nouvelles-2\/\" target=\"_self\" >Votre dose mensuelle de bonnes nouvelles!<\/a><\/h3>\n        <div class=\"wp-block-post-excerpt\"><p class=\"wp-block-post-excerpt__excerpt\">D\u00e9couvrez les changements auxquels Greenpeace et ses partenaires ont contribu\u00e9 au cours des derni\u00e8res semaines! <\/p><\/div>\n        \n        <div class=\"wp-block-group posts-list-meta is-layout-flow wp-block-group-is-layout-flow\"><span class='article-list-item-author'><a data-ga-category=\"Posts List\" data-ga-action=\"Author\" data-ga-label=\"n\/a\" href='https:\/\/www.greenpeace.org\/canada\/fr\/author\/mnallim\/'>Maria Nallim<\/a><\/span>\n        <div class=\"wp-block-post-date\"><time datetime=\"2026-04-30T15:53:47-04:00\">30 avril, 2026<\/time><\/div>\n        \n        <\/div>\n        <\/div>\n        <\/div>\n\n            <\/li><li class=\"wp-block-post post-75011 post type-post status-publish format-standard has-post-thumbnail hentry category-actions-fr category-benevolat category-egalite category-leducation category-nature-fr category-notre-travail tag-actionspacifiques tag-soutenirgreenpeace tag-victoires tag-biodiversite tag-benevolat tag-justice-raciale tag-education p4-page-type-histoire\">\n            \n<div class=\"wp-block-columns is-layout-flex wp-container-core-columns-is-layout-9d6595d7 wp-block-columns-is-layout-flex\"><figure class=\"wp-block-post-featured-image\"><a href=\"https:\/\/www.greenpeace.org\/canada\/fr\/histoire\/75011\/un-message-de-remerciement-de-solidarite-et-de-resilience-a-lintention-de-nos-benevoles\/\" target=\"_self\"  ><img loading=\"lazy\" decoding=\"async\" data-ga-category=\"Posts List\" data-ga-action=\"Image\" data-ga-label=\"n\/a\" width=\"900\" height=\"1200\" src=\"https:\/\/www.greenpeace.org\/static\/planet4-canada-stateless\/2026\/04\/71c32372-gp0su8edg.jpg\" class=\"attachment-post-thumbnail size-post-thumbnail wp-post-image wp-stateless-item\" alt=\"Un message de remerciement, de solidarit\u00e9 et de r\u00e9silience \u00e0 l\u2019intention de nos b\u00e9n\u00e9voles.\" style=\"object-fit:cover;\" srcset=\"https:\/\/www.greenpeace.org\/static\/planet4-canada-stateless\/2026\/04\/71c32372-gp0su8edg.jpg 900w, https:\/\/www.greenpeace.org\/static\/planet4-canada-stateless\/2026\/04\/71c32372-gp0su8edg-225x300.jpg 225w, https:\/\/www.greenpeace.org\/static\/planet4-canada-stateless\/2026\/04\/71c32372-gp0su8edg-768x1024.jpg 768w, https:\/\/www.greenpeace.org\/static\/planet4-canada-stateless\/2026\/04\/71c32372-gp0su8edg-255x340.jpg 255w\" sizes=\"auto, (max-width: 900px) 100vw, 900px\" data-image-size=\"post-thumbnail\" data-stateless-media-bucket=\"planet4-canada-stateless\" data-stateless-media-name=\"2026\/04\/71c32372-gp0su8edg.jpg\" \/><\/a><\/figure>\n\n        <div class=\"wp-block-group is-layout-flow wp-block-group-is-layout-flow\">\n                <div class=\"wp-block-group is-layout-flex wp-block-group-is-layout-flex\"><div class=\"wp-block-post-terms\"><a data-ga-category=\"Posts List\" data-ga-action=\"Post Type Tag\" data-ga-label=\"n\/a\" href=\"https:\/\/www.greenpeace.org\/canada\/fr\/category\/actions-fr\/\">Actions<\/a><\/div>\n                <div class=\"taxonomy-post_tag wp-block-post-terms\"><a data-ga-category=\"Posts List\" data-ga-action=\"Navigation Tag\" data-ga-label=\"n\/a\" href=\"https:\/\/www.greenpeace.org\/canada\/fr\/tag\/actionspacifiques\/\" rel=\"tag\">ActionsPacifiques<\/a><span class=\"wp-block-post-terms__separator\"> <\/span><a data-ga-category=\"Posts List\" data-ga-action=\"Navigation Tag\" data-ga-label=\"n\/a\" href=\"https:\/\/www.greenpeace.org\/canada\/fr\/tag\/soutenirgreenpeace\/\" rel=\"tag\">Soutenir Greenpeace<\/a><span class=\"wp-block-post-terms__separator\"> <\/span><a data-ga-category=\"Posts List\" data-ga-action=\"Navigation Tag\" data-ga-label=\"n\/a\" href=\"https:\/\/www.greenpeace.org\/canada\/fr\/tag\/victoires\/\" rel=\"tag\">Victoires<\/a><span class=\"wp-block-post-terms__separator\"> <\/span><a data-ga-category=\"Posts List\" data-ga-action=\"Navigation Tag\" data-ga-label=\"n\/a\" href=\"https:\/\/www.greenpeace.org\/canada\/fr\/tag\/biodiversite\/\" rel=\"tag\">Biodiversit\u00e9<\/a><span class=\"wp-block-post-terms__separator\"> <\/span><a data-ga-category=\"Posts List\" data-ga-action=\"Navigation Tag\" data-ga-label=\"n\/a\" href=\"https:\/\/www.greenpeace.org\/canada\/fr\/tag\/benevolat\/\" rel=\"tag\">B\u00e9n\u00e9volat<\/a><span class=\"wp-block-post-terms__separator\"> <\/span><a data-ga-category=\"Posts List\" data-ga-action=\"Navigation Tag\" data-ga-label=\"n\/a\" href=\"https:\/\/www.greenpeace.org\/canada\/fr\/tag\/justice-raciale\/\" rel=\"tag\">Justice Raciale<\/a><span class=\"wp-block-post-terms__separator\"> <\/span><a data-ga-category=\"Posts List\" data-ga-action=\"Navigation Tag\" data-ga-label=\"n\/a\" href=\"https:\/\/www.greenpeace.org\/canada\/fr\/tag\/education\/\" rel=\"tag\">\u00c9ducation<\/a><\/div>\n                \n                <\/div>\n                \n        <h3 class=\"wp-block-post-title\"><a data-ga-category=\"Posts List\" data-ga-action=\"Title\" data-ga-label=\"n\/a\" href=\"https:\/\/www.greenpeace.org\/canada\/fr\/histoire\/75011\/un-message-de-remerciement-de-solidarite-et-de-resilience-a-lintention-de-nos-benevoles\/\" target=\"_self\" >Un message de remerciement, de solidarit\u00e9 et de r\u00e9silience \u00e0 l\u2019intention de nos b\u00e9n\u00e9voles.<\/a><\/h3>\n        <div class=\"wp-block-post-excerpt\"><p class=\"wp-block-post-excerpt__excerpt\">\u00c0 l\u2019ensemble des b\u00e9n\u00e9voles Greenpeace qui lisent ces lignes\u00a0: MERCI BEAUCOUP! <\/p><\/div>\n        \n        <div class=\"wp-block-group posts-list-meta is-layout-flow wp-block-group-is-layout-flow\"><span class='article-list-item-author'><a data-ga-category=\"Posts List\" data-ga-action=\"Author\" data-ga-label=\"n\/a\" href='https:\/\/www.greenpeace.org\/canada\/fr\/author\/atzaras\/'>Aspa Tzaras<\/a><\/span>\n        <div class=\"wp-block-post-date\"><time datetime=\"2026-04-28T12:15:10-04:00\">28 avril, 2026<\/time><\/div>\n        \n        <\/div>\n        <\/div>\n        <\/div>\n\n            <\/li><li class=\"wp-block-post post-74462 post type-post status-publish format-standard has-post-thumbnail hentry category-climat category-nature-fr category-plastiques tag-actionspacifiques tag-climat tag-forets tag-soutenirgreenpeace tag-victoires tag-plastique p4-page-type-histoire\">\n            \n<div class=\"wp-block-columns is-layout-flex wp-container-core-columns-is-layout-9d6595d7 wp-block-columns-is-layout-flex\"><figure class=\"wp-block-post-featured-image\"><a href=\"https:\/\/www.greenpeace.org\/canada\/fr\/histoire\/74462\/votre-dose-mensuelle-de-bonnes-nouvelles\/\" target=\"_self\"  ><img loading=\"lazy\" decoding=\"async\" data-ga-category=\"Posts List\" data-ga-action=\"Image\" data-ga-label=\"n\/a\" width=\"2560\" height=\"1707\" src=\"https:\/\/www.greenpeace.org\/static\/planet4-canada-stateless\/2026\/03\/ee0ee800-gp0sts28g-scaled.jpg\" class=\"attachment-post-thumbnail size-post-thumbnail wp-post-image wp-stateless-item\" alt=\"Votre dose mensuelle de bonnes nouvelles!\" style=\"object-fit:cover;\" srcset=\"https:\/\/www.greenpeace.org\/static\/planet4-canada-stateless\/2026\/03\/ee0ee800-gp0sts28g-scaled.jpg 2560w, https:\/\/www.greenpeace.org\/static\/planet4-canada-stateless\/2026\/03\/ee0ee800-gp0sts28g-300x200.jpg 300w, https:\/\/www.greenpeace.org\/static\/planet4-canada-stateless\/2026\/03\/ee0ee800-gp0sts28g-1024x683.jpg 1024w, https:\/\/www.greenpeace.org\/static\/planet4-canada-stateless\/2026\/03\/ee0ee800-gp0sts28g-768x512.jpg 768w, https:\/\/www.greenpeace.org\/static\/planet4-canada-stateless\/2026\/03\/ee0ee800-gp0sts28g-1536x1024.jpg 1536w, https:\/\/www.greenpeace.org\/static\/planet4-canada-stateless\/2026\/03\/ee0ee800-gp0sts28g-2048x1366.jpg 2048w, https:\/\/www.greenpeace.org\/static\/planet4-canada-stateless\/2026\/03\/ee0ee800-gp0sts28g-510x340.jpg 510w\" sizes=\"auto, (max-width: 2560px) 100vw, 2560px\" data-image-size=\"post-thumbnail\" data-stateless-media-bucket=\"planet4-canada-stateless\" data-stateless-media-name=\"2026\/03\/ee0ee800-gp0sts28g-scaled.jpg\" \/><\/a><\/figure>\n\n        <div class=\"wp-block-group is-layout-flow wp-block-group-is-layout-flow\">\n                <div class=\"wp-block-group is-layout-flex wp-block-group-is-layout-flex\"><div class=\"wp-block-post-terms\"><a data-ga-category=\"Posts List\" data-ga-action=\"Post Type Tag\" data-ga-label=\"n\/a\" href=\"https:\/\/www.greenpeace.org\/canada\/fr\/category\/notre-travail\/climat\/\">Climat<\/a><\/div>\n                <div class=\"taxonomy-post_tag wp-block-post-terms\"><a data-ga-category=\"Posts List\" data-ga-action=\"Navigation Tag\" data-ga-label=\"n\/a\" href=\"https:\/\/www.greenpeace.org\/canada\/fr\/tag\/actionspacifiques\/\" rel=\"tag\">ActionsPacifiques<\/a><span class=\"wp-block-post-terms__separator\"> <\/span><a data-ga-category=\"Posts List\" data-ga-action=\"Navigation Tag\" data-ga-label=\"n\/a\" href=\"https:\/\/www.greenpeace.org\/canada\/fr\/tag\/climat\/\" rel=\"tag\">Climat<\/a><span class=\"wp-block-post-terms__separator\"> <\/span><a data-ga-category=\"Posts List\" data-ga-action=\"Navigation Tag\" data-ga-label=\"n\/a\" href=\"https:\/\/www.greenpeace.org\/canada\/fr\/tag\/forets\/\" rel=\"tag\">For\u00eats<\/a><span class=\"wp-block-post-terms__separator\"> <\/span><a data-ga-category=\"Posts List\" data-ga-action=\"Navigation Tag\" data-ga-label=\"n\/a\" href=\"https:\/\/www.greenpeace.org\/canada\/fr\/tag\/soutenirgreenpeace\/\" rel=\"tag\">Soutenir Greenpeace<\/a><span class=\"wp-block-post-terms__separator\"> <\/span><a data-ga-category=\"Posts List\" data-ga-action=\"Navigation Tag\" data-ga-label=\"n\/a\" href=\"https:\/\/www.greenpeace.org\/canada\/fr\/tag\/victoires\/\" rel=\"tag\">Victoires<\/a><span class=\"wp-block-post-terms__separator\"> <\/span><a data-ga-category=\"Posts List\" data-ga-action=\"Navigation Tag\" data-ga-label=\"n\/a\" href=\"https:\/\/www.greenpeace.org\/canada\/fr\/tag\/plastique\/\" rel=\"tag\">Plastique<\/a><\/div>\n                \n                <\/div>\n                \n        <h3 class=\"wp-block-post-title\"><a data-ga-category=\"Posts List\" data-ga-action=\"Title\" data-ga-label=\"n\/a\" href=\"https:\/\/www.greenpeace.org\/canada\/fr\/histoire\/74462\/votre-dose-mensuelle-de-bonnes-nouvelles\/\" target=\"_self\" >Votre dose mensuelle de bonnes nouvelles!<\/a><\/h3>\n        <div class=\"wp-block-post-excerpt\"><p class=\"wp-block-post-excerpt__excerpt\">Votre dose mensuelle de bonnes nouvelles! <\/p><\/div>\n        \n        <div class=\"wp-block-group posts-list-meta is-layout-flow wp-block-group-is-layout-flow\"><span class='article-list-item-author'><a data-ga-category=\"Posts List\" data-ga-action=\"Author\" data-ga-label=\"n\/a\" href='https:\/\/www.greenpeace.org\/canada\/fr\/author\/mnallim\/'>Maria Nallim<\/a><\/span>\n        <div class=\"wp-block-post-date\"><time datetime=\"2026-03-12T10:32:42-04:00\">12 mars, 2026<\/time><\/div>\n        \n        <\/div>\n        <\/div>\n        <\/div>\n\n            <\/li><\/ul>\n\n    \n<div class=\"wp-block-buttons carousel-controls is-horizontal is-content-justification-space-between is-nowrap is-layout-flex wp-container-core-buttons-is-layout-044bd602 wp-block-buttons-is-layout-flex\">\n            <div class=\"wp-block-button carousel-control-prev\"><button type=\"button\" class=\"wp-block-button__link wp-element-button\">Prev<\/button><\/div>\n        \n\n            <div class=\"wp-block-button carousel-control-next\"><button type=\"button\" class=\"wp-block-button__link wp-element-button\">Next<\/button><\/div>\n        <\/div>\n\n\n    <li class=\" wp-block-navigation-item see-all-link wp-block-navigation-link\"><a class=\"wp-block-navigation-item__content\"  href=\"http:\/\/www.greenpeace.org\/canada\/en\/news-stories\/?tag=victory&#038;post-type=publication\"><span data-ga-category=\"Posts List\" data-ga-action=\"See More Link\" data-ga-label=\"n\/a\" class=\"wp-block-navigation-item__label\">See all stories<\/span><\/a><\/li><\/div>\n    ","protected":false},"excerpt":{"rendered":"<p>Depuis 1971, nos campagnes ont permis de r\u00e9els changements sur le terrain au Canada et partout dans le monde.<\/p>\n","protected":false},"author":9,"featured_media":5015,"parent":0,"menu_order":0,"comment_status":"closed","ping_status":"closed","template":"","meta":{"ep_exclude_from_search":false,"p4_hide_page_title_checkbox":"on","p4_title":"","p4_subtitle":"","p4_description":"","background_image_id":"","background_image":"","p4_button_title":"","p4_button_link":"","p4_button_link_checkbox":"","p4_og_title":"","p4_og_description":"","p4_og_image":"","p4_og_image_id":"","p4_seo_canonical_url":"","p4_campaign_name":"not set","p4_local_project":"","p4_basket_name":"not set","p4_department":"","footnotes":""},"categories":[],"tags":[],"class_list":["post-23235","page","type-page","status-publish","has-post-thumbnail","hentry"],"_links":{"self":[{"href":"https:\/\/www.greenpeace.org\/canada\/fr\/wp-json\/wp\/v2\/pages\/23235","targetHints":{"allow":["GET"]}}],"collection":[{"href":"https:\/\/www.greenpeace.org\/canada\/fr\/wp-json\/wp\/v2\/pages"}],"about":[{"href":"https:\/\/www.greenpeace.org\/canada\/fr\/wp-json\/wp\/v2\/types\/page"}],"author":[{"embeddable":true,"href":"https:\/\/www.greenpeace.org\/canada\/fr\/wp-json\/wp\/v2\/users\/9"}],"replies":[{"embeddable":true,"href":"https:\/\/www.greenpeace.org\/canada\/fr\/wp-json\/wp\/v2\/comments?post=23235"}],"version-history":[{"count":15,"href":"https:\/\/www.greenpeace.org\/canada\/fr\/wp-json\/wp\/v2\/pages\/23235\/revisions"}],"predecessor-version":[{"id":75098,"href":"https:\/\/www.greenpeace.org\/canada\/fr\/wp-json\/wp\/v2\/pages\/23235\/revisions\/75098"}],"wp:featuredmedia":[{"embeddable":true,"href":"https:\/\/www.greenpeace.org\/canada\/fr\/wp-json\/wp\/v2\/media\/5015"}],"wp:attachment":[{"href":"https:\/\/www.greenpeace.org\/canada\/fr\/wp-json\/wp\/v2\/media?parent=23235"}],"wp:term":[{"taxonomy":"category","embeddable":true,"href":"https:\/\/www.greenpeace.org\/canada\/fr\/wp-json\/wp\/v2\/categories?post=23235"},{"taxonomy":"post_tag","embeddable":true,"href":"https:\/\/www.greenpeace.org\/canada\/fr\/wp-json\/wp\/v2\/tags?post=23235"}],"curies":[{"name":"wp","href":"https:\/\/api.w.org\/{rel}","templated":true}]}}