{"id":23266,"date":"2019-06-19T11:39:12","date_gmt":"2019-06-19T15:39:12","guid":{"rendered":"https:\/\/www.greenpeace.org\/canada\/?page_id=23266"},"modified":"2025-07-28T04:59:24","modified_gmt":"2025-07-28T08:59:24","slug":"le-new-deal-vert","status":"publish","type":"page","link":"https:\/\/www.greenpeace.org\/canada\/fr\/le-new-deal-vert\/","title":{"rendered":"Le New Deal Vert"},"content":{"rendered":"\n                \n                <div class=\"wp-block-group alignfull is-layout-flow wp-block-group-is-layout-flow\">\n                \n                <div class=\"wp-block-group container is-layout-flow wp-block-group-is-layout-flow\">\n                \n                <div class=\"wp-block-media-text alignfull has-media-on-the-right is-stacked-on-mobile is-pattern-p4-page-header is-style-parallax\">\n\n                <div class=\"wp-block-media-text__content\">\n                    <div class=\"wp-block-group is-layout-flow wp-block-group-is-layout-flow\">\n                    \n                        <h1 class=\"wp-block-heading has-white-background-color has-background\">\n                            The Pact for a Green New Deal\n                        <\/h1>\n                    <\/div>\n                \n\n                \n                        <p style=\"font-size:1.25rem\">\n                            Greenpeace Canada is part of a network of workers, artists, Indigenous leaders, scientists, youth, and people directly impacted by climate catastrophe \u2014 from cities and towns, businesses and communities, working beyond our political differences and in solidarity with Indigenous peoples \u2014 who want to ensure a safe world for our children and all generations after that. We stand united in support of a Green New Deal \u2014 an ambitious policy platform that re-tools our economy to respond to the multiple crises we are faced with today. But winning this kind of ambitious plan will take all of us. We need your help to define what a Green New Deal will look like and to build a massive movement of people to drive our politicians to implement it. The Pact for a Green New Deal is a non-partisan initiative, and is not aligned with any particular political party. <strong>Add your name and ask your MP to endorse the Green New Deal:<\/strong>\n                        <\/p>\n                    \n\n                \n                        <div class=\"wp-block-buttons is-layout-flex wp-block-buttons-is-layout-flex\">\n                            \n                        <\/div>\n                        <div class=\"wp-block-button is-style-cta\">\n                            <a class=\"wp-block-button__link wp-element-button\" href=\"https:\/\/act.greenpeace.org\/page\/43667\/action\/1?locale=en-US\" target=\"_blank\" rel=\"noreferrer noopener\">\n                                Sign\n                            <\/a>\n                        <\/div>\n                    \n\n                <\/div>\n                <figure class=\"wp-block-media-text__media\">\n                    <img loading=\"lazy\" decoding=\"async\" width=\"1200\" height=\"998\"\n                        src=\"https:\/\/www.greenpeace.org\/static\/planet4-canada-stateless\/2019\/06\/3fe149dc-gp0stt5gf.jpg\"\n                        alt=\"\"\n                        sizes=\"auto, (min-width: 601px) 50vw, 100vw\" srcset=\"https:\/\/www.greenpeace.org\/static\/planet4-canada-stateless\/2019\/06\/3fe149dc-gp0stt5gf.jpg 1200w, https:\/\/www.greenpeace.org\/static\/planet4-canada-stateless\/2019\/06\/3fe149dc-gp0stt5gf-300x250.jpg 300w, https:\/\/www.greenpeace.org\/static\/planet4-canada-stateless\/2019\/06\/3fe149dc-gp0stt5gf-768x639.jpg 768w, https:\/\/www.greenpeace.org\/static\/planet4-canada-stateless\/2019\/06\/3fe149dc-gp0stt5gf-1024x852.jpg 1024w, https:\/\/www.greenpeace.org\/static\/planet4-canada-stateless\/2019\/06\/3fe149dc-gp0stt5gf-409x340.jpg 409w\" class=\"wp-image-23257 size-full\"\n                    \/>\n                <\/figure>\n                <\/div>\n                \n                <\/div>\n                \n                <\/div>\n                \n                <div data-render=\"planet4-blocks\/columns\" data-attributes=\"{&quot;attributes&quot;:{&quot;columns_block_style&quot;:&quot;no_image&quot;,&quot;columns&quot;:[{&quot;title&quot;:&quot;The problem&quot;,&quot;description&quot;:&quot;In May, the UN Biodiversity report reminded us that nearly one million plant and animal species worldwide are on the brink of extinction due to human activity.rnrnMeanwhile, Arctic permafrost is melting, forests, towns, and Indigenous territories are burning. Climate change, pollution and environmental destruction have exacerbated systemic injustices, and states of emergency \\u2014 declared for once-in-a-century floods \\u2014 are becoming commonplace, as millions around the world already face dislocation and starvation.rnrnTo make matters worse, this isn\\u2019t the only crisis we face in Canada. Economic inequality, precarious work, a housing crisis, and rising racism threaten our communities and social fabric. Year after year, Canada\\u2019s emissions are stuck at historic highs, people are dying or heavily affected by extreme heat, wildfires or floods, more and more people are suffering from ecoanxiety\\u2026rn&quot;,&quot;link_new_tab&quot;:false},{&quot;title&quot;:&quot;The solution&quot;,&quot;description&quot;:&quot;&lt;strong&gt;1. Unite a diverse movement&lt;\\\/strong&gt;rnIt\\u2019s going to take everyone to pull this off. We\\u2019re inviting people from all walks of life and all movements \\u2014 Indigenous communities, migrant justice activists, the labour movement, environmentalists, and everyday people \\u2014 to come together to fight for our collective future.rnrn&lt;strong&gt;2. Develop a shared vision&lt;\\\/strong&gt;rnThen we\\u2019ll gather in community centres, union halls, and living rooms across the country to develop a shared vision for what a Green New Deal could look like in Canada.rnrn&lt;strong&gt;3. Push political leaders to act&lt;\\\/strong&gt;rnWe\\u2019ll bring our shared vision for a Green New Deal to political leaders, and challenge them to adopt these visionary policies into their platforms and policies.&quot;,&quot;link_new_tab&quot;:false}]}}\"><\/div><div data-render=\"planet4-blocks\/columns\" data-attributes=\"{&quot;attributes&quot;:{&quot;columns_block_style&quot;:&quot;icons&quot;,&quot;columns_title&quot;:&quot;What you can do&quot;,&quot;columns&quot;:[{&quot;title&quot;:&quot;Sign the Pact for a Green New Deal&quot;,&quot;description&quot;:&quot;Add your name and ask your MP to endorse the Green New Deal.&quot;,&quot;cta_link&quot;:&quot;https:\\\/\\\/act.greenpeace.org\\\/page\\\/43667\\\/action\\\/1?locale=en-US&quot;,&quot;link_new_tab&quot;:false,&quot;cta_text&quot;:&quot;Sign&quot;},{&quot;title&quot;:&quot;From the Ground UP : toolkit for a Green New Deal&quot;,&quot;description&quot;:&quot;Do you want to do something about the climate crisis? Participate in the activities proposed in the toolkit.&quot;,&quot;cta_link&quot;:&quot;https:\\\/\\\/www.greenpeace.org\\\/canada\\\/en\\\/act\\\/the-pact-for-a-green-new-deal\\\/from-the-ground-up-a-toolkit-for-the-green-new-deal\\\/&quot;,&quot;link_new_tab&quot;:false,&quot;cta_text&quot;:&quot;Go to the toolkit&quot;},{&quot;title&quot;:&quot;Donate to Greenpeace&quot;,&quot;description&quot;:&quot;Your gift contributes to our work to protect the planet and tackle plastic pollution at the source.&quot;,&quot;cta_link&quot;:&quot;https:\\\/\\\/act.greenpeace.org\\\/page\\\/11241\\\/donate\\\/1?ea.profile.id=21350u0026ea_tracking_id=en_oil_climatemob_20190619_donate_link_gnd.p4actpageu0026locale=en-US&quot;,&quot;link_new_tab&quot;:false,&quot;cta_text&quot;:&quot;Donate&quot;}]}}\"><\/div><div data-render=\"planet4-blocks\/gallery\" data-attributes=\"{&quot;attributes&quot;:{&quot;gallery_block_style&quot;:2,&quot;multiple_image&quot;:&quot;23407,23414,23411&quot;,&quot;gallery_block_focus_points&quot;:&quot;{u002223407u0022:u0022100% 50%u0022,u002223411u0022:u00220% 0%u0022,u002223414u0022:u00220% 0%u0022}&quot;,&quot;image_data&quot;:[{&quot;url&quot;:&quot;https:\\\/\\\/www.greenpeace.org\\\/static\\\/planet4-canada-stateless\\\/2019\\\/06\\\/9f6017ff-gp0stqara-e1561561233234.jpg&quot;,&quot;focalPoint&quot;:{&quot;x&quot;:1,&quot;y&quot;:0.5},&quot;id&quot;:&quot;23407&quot;},{&quot;url&quot;:&quot;https:\\\/\\\/www.greenpeace.org\\\/static\\\/planet4-canada-stateless\\\/2019\\\/06\\\/eae54b9f-gp01327.jpg&quot;,&quot;focalPoint&quot;:{&quot;x&quot;:0,&quot;y&quot;:0},&quot;id&quot;:&quot;23411&quot;},{&quot;url&quot;:&quot;https:\\\/\\\/www.greenpeace.org\\\/static\\\/planet4-canada-stateless\\\/2019\\\/06\\\/7e50cb5b-gp0158i.jpg&quot;,&quot;focalPoint&quot;:{&quot;x&quot;:0,&quot;y&quot;:0},&quot;id&quot;:&quot;23414&quot;}],&quot;gallery_block_title&quot;:&quot;&quot;,&quot;gallery_block_description&quot;:&quot;&quot;,&quot;images&quot;:[{&quot;image_src&quot;:&quot;https:\\\/\\\/www.greenpeace.org\\\/static\\\/planet4-canada-stateless\\\/2019\\\/06\\\/9f6017ff-gp0stqara-768x432.jpg&quot;,&quot;image_srcset&quot;:&quot;https:\\\/\\\/www.greenpeace.org\\\/static\\\/planet4-canada-stateless\\\/2019\\\/06\\\/9f6017ff-gp0stqara-768x432.jpg 768w, https:\\\/\\\/www.greenpeace.org\\\/static\\\/planet4-canada-stateless\\\/2019\\\/06\\\/9f6017ff-gp0stqara-1024x576.jpg 1024w&quot;,&quot;image_sizes&quot;:&quot;(max-width: 768px) 100vw, 768px&quot;,&quot;alt_text&quot;:&quot;Candlelight Commemoration 3 Years after Typhoon Haiyan in the Philippines. \\u00a9 Roy Lagarde \\\/ Greenpeace&quot;,&quot;caption&quot;:&quot;On the eve of Typhoon Haiyan 3rd year anniversary, people from Tacloban light candles that spell out \\&quot;Climate Justice\\u201d, to commemorate the devastating landfall. \\nThe fossil fuel companies - a.k.a. the Big Polluters - are being investigated in the Philippines for allegations of human rights abuses resulting from climate change.&quot;,&quot;focus_image&quot;:&quot;&quot;,&quot;credits&quot;:&quot;\\u00a9 Roy Lagarde \\\/ Greenpeace&quot;},{&quot;image_src&quot;:&quot;https:\\\/\\\/www.greenpeace.org\\\/static\\\/planet4-canada-stateless\\\/2019\\\/06\\\/7e50cb5b-gp0158i-768x498.jpg&quot;,&quot;image_srcset&quot;:&quot;https:\\\/\\\/www.greenpeace.org\\\/static\\\/planet4-canada-stateless\\\/2019\\\/06\\\/7e50cb5b-gp0158i-768x498.jpg 768w, https:\\\/\\\/www.greenpeace.org\\\/static\\\/planet4-canada-stateless\\\/2019\\\/06\\\/7e50cb5b-gp0158i-300x195.jpg 300w, https:\\\/\\\/www.greenpeace.org\\\/static\\\/planet4-canada-stateless\\\/2019\\\/06\\\/7e50cb5b-gp0158i-1024x664.jpg 1024w, https:\\\/\\\/www.greenpeace.org\\\/static\\\/planet4-canada-stateless\\\/2019\\\/06\\\/7e50cb5b-gp0158i-510x331.jpg 510w, https:\\\/\\\/www.greenpeace.org\\\/static\\\/planet4-canada-stateless\\\/2019\\\/06\\\/7e50cb5b-gp0158i.jpg 1200w&quot;,&quot;image_sizes&quot;:&quot;(max-width: 768px) 100vw, 768px&quot;,&quot;alt_text&quot;:&quot;Mouth of Lockhart\\\/Gordon Creek. \\u00a9 Greenpeace \\\/ Phil Aikman&quot;,&quot;caption&quot;:&quot;View from river to lush forest with mountain in background.Fluffy clouds in  blue sky.&quot;,&quot;focus_image&quot;:&quot;&quot;,&quot;credits&quot;:&quot;\\u00a9 Greenpeace \\\/ Phil Aikman&quot;},{&quot;image_src&quot;:&quot;https:\\\/\\\/www.greenpeace.org\\\/static\\\/planet4-canada-stateless\\\/2019\\\/06\\\/eae54b9f-gp01327-768x483.jpg&quot;,&quot;image_srcset&quot;:&quot;https:\\\/\\\/www.greenpeace.org\\\/static\\\/planet4-canada-stateless\\\/2019\\\/06\\\/eae54b9f-gp01327-768x483.jpg 768w, https:\\\/\\\/www.greenpeace.org\\\/static\\\/planet4-canada-stateless\\\/2019\\\/06\\\/eae54b9f-gp01327-300x189.jpg 300w, https:\\\/\\\/www.greenpeace.org\\\/static\\\/planet4-canada-stateless\\\/2019\\\/06\\\/eae54b9f-gp01327-1024x643.jpg 1024w, https:\\\/\\\/www.greenpeace.org\\\/static\\\/planet4-canada-stateless\\\/2019\\\/06\\\/eae54b9f-gp01327-510x320.jpg 510w, https:\\\/\\\/www.greenpeace.org\\\/static\\\/planet4-canada-stateless\\\/2019\\\/06\\\/eae54b9f-gp01327.jpg 1200w&quot;,&quot;image_sizes&quot;:&quot;(max-width: 768px) 100vw, 768px&quot;,&quot;alt_text&quot;:&quot;Implementing Solar Power Indonesia. \\u00a9 Greenpeace \\\/ Hotli Simanjuntak&quot;,&quot;caption&quot;:&quot;Greenpeace donates a solar power system to a coastal village in Aceh, Indonesia, one of the worst hit areas by the tsunami in December 2004. In cooperation with UPLINK, a local development NGO, Greenpeace offered its expertise on energy efficiency and renewable energy and install renewable energy generators for one of the badly hit villages by the tsunami last year.&quot;,&quot;focus_image&quot;:&quot;&quot;,&quot;credits&quot;:&quot;\\u00a9 Greenpeace \\\/ Hotli Simanjuntak&quot;}]}}\"><\/div><p><em>Greenpeace is a non-partisan organization that is not affiliated with any political party or candidate, or platform. Greenpeace\u2019s push for a Green New Deal goes beyond the election period, however Greenpeace Canada is taking diligent steps to comply with Elections Canada requirements of reporting.<\/em><\/p>\n<p>&nbsp;<\/p>\n","protected":false},"excerpt":{"rendered":"<p>Greenpeace Canada fait partie d\u2019une coalition de travailleurs et travailleuses, d\u2019artistes, de leaders autochtones, de scientifiques, de jeunes et de gens directement touch\u00e9s par la catastrophe climatique. D\u2019o\u00f9 nous venions, et par del\u00e0 nos diff\u00e9rences politiques, nous \u0153uvrons en solidarit\u00e9 avec les Peuples autochtones pour cr\u00e9er un monde s\u00e9curitaire \u00e0 nos enfants et \u00e0 toutes les g\u00e9n\u00e9rations \u00e0 venir.<\/p>\n","protected":false},"author":9,"featured_media":23274,"parent":0,"menu_order":0,"comment_status":"closed","ping_status":"closed","template":"","meta":{"ep_exclude_from_search":false,"p4_hide_page_title_checkbox":"on","p4_title":"","p4_subtitle":"","p4_description":"","background_image_id":"","background_image":"","p4_button_title":"","p4_button_link":"","p4_button_link_checkbox":"","p4_og_title":"","p4_og_description":"","p4_og_image":"","p4_og_image_id":"","p4_seo_canonical_url":"","p4_campaign_name":"not set","p4_local_project":"not set","p4_basket_name":"not set","p4_department":"","footnotes":""},"categories":[20],"tags":[41,47,49],"class_list":["post-23266","page","type-page","status-publish","has-post-thumbnail","hentry","category-climat","tag-climat","tag-petrole","tag-solutionsenergetiques"],"_links":{"self":[{"href":"https:\/\/www.greenpeace.org\/canada\/fr\/wp-json\/wp\/v2\/pages\/23266","targetHints":{"allow":["GET"]}}],"collection":[{"href":"https:\/\/www.greenpeace.org\/canada\/fr\/wp-json\/wp\/v2\/pages"}],"about":[{"href":"https:\/\/www.greenpeace.org\/canada\/fr\/wp-json\/wp\/v2\/types\/page"}],"author":[{"embeddable":true,"href":"https:\/\/www.greenpeace.org\/canada\/fr\/wp-json\/wp\/v2\/users\/9"}],"replies":[{"embeddable":true,"href":"https:\/\/www.greenpeace.org\/canada\/fr\/wp-json\/wp\/v2\/comments?post=23266"}],"version-history":[{"count":17,"href":"https:\/\/www.greenpeace.org\/canada\/fr\/wp-json\/wp\/v2\/pages\/23266\/revisions"}],"predecessor-version":[{"id":71679,"href":"https:\/\/www.greenpeace.org\/canada\/fr\/wp-json\/wp\/v2\/pages\/23266\/revisions\/71679"}],"wp:featuredmedia":[{"embeddable":true,"href":"https:\/\/www.greenpeace.org\/canada\/fr\/wp-json\/wp\/v2\/media\/23274"}],"wp:attachment":[{"href":"https:\/\/www.greenpeace.org\/canada\/fr\/wp-json\/wp\/v2\/media?parent=23266"}],"wp:term":[{"taxonomy":"category","embeddable":true,"href":"https:\/\/www.greenpeace.org\/canada\/fr\/wp-json\/wp\/v2\/categories?post=23266"},{"taxonomy":"post_tag","embeddable":true,"href":"https:\/\/www.greenpeace.org\/canada\/fr\/wp-json\/wp\/v2\/tags?post=23266"}],"curies":[{"name":"wp","href":"https:\/\/api.w.org\/{rel}","templated":true}]}}