{"id":23647,"date":"2019-07-09T16:22:30","date_gmt":"2019-07-09T20:22:30","guid":{"rendered":"https:\/\/www.greenpeace.org\/canada\/?page_id=23647"},"modified":"2025-07-28T04:58:46","modified_gmt":"2025-07-28T08:58:46","slug":"champs-dactions-initiatives-citoyennes-pour-un-new-deal-vert","status":"publish","type":"page","link":"https:\/\/www.greenpeace.org\/canada\/fr\/le-new-deal-vert\/champs-dactions-initiatives-citoyennes-pour-un-new-deal-vert\/","title":{"rendered":"Champs d\u2019actions : initiatives citoyennes pour un New Deal Vert"},"content":{"rendered":"\n                \n                <div class=\"wp-block-group alignfull is-layout-flow wp-block-group-is-layout-flow\">\n                \n                <div class=\"wp-block-group container is-layout-flow wp-block-group-is-layout-flow\">\n                \n                <div class=\"wp-block-media-text alignfull has-media-on-the-right is-stacked-on-mobile is-pattern-p4-page-header is-style-parallax\">\n\n                <div class=\"wp-block-media-text__content\">\n                    <div class=\"wp-block-group is-layout-flow wp-block-group-is-layout-flow\">\n                    \n                        <h1 class=\"wp-block-heading has-white-background-color has-background\">\n                            From the Ground Up : a toolkit for the Green New Deal\n                        <\/h1>\n                    <\/div>\n                \n\n                \n                        <p style=\"font-size:1.25rem\">\n                            Every week we get new reports of climate breakdown and how our window to act is getting smaller by the day. Our planet is being hit by more extreme weather events like floods, heatwaves and wildfires, threatening our neighbours and communities. But this isn\u2019t the only crisis we face. Canada\u2019s commitments to Indigenous peoples still haven\u2019t been implemented and economic inequality, precarious work, the housing crisis, and rising racism threaten our communities and the social fabric.&#13;\n&#13;\nBut hope is not lost. The good news is all around the world people are rising from the ground up to demand solutions to these crises. <a href=\"https:\/\/www.greenpeace.org\/canada\/en\/story\/23761\/infographic-what-is-the-green-new-deal\/\">Thousands of people across Canada gathered in town halls to share ideas and solutions, co-creating a bold vision for a <strong>Green New Deal<\/strong><\/a>. This exciting plan will help us quickly slash carbon emissions, protect life on Earth, meet the demands of the multiple crises we face, and create over a million good jobs in the process.&#13;\n&#13;\nSupport for a Green New Deal is spreading! <strong>Together we can create an alternative path that meets the scale of the climate emergency.<\/strong>\n                        <\/p>\n                    \n\n                \n\n                <\/div>\n                <figure class=\"wp-block-media-text__media\">\n                    <img loading=\"lazy\" decoding=\"async\" width=\"4000\" height=\"6288\"\n                        src=\"https:\/\/www.greenpeace.org\/static\/planet4-canada-stateless\/2019\/06\/2592bc8f-gndtoolkit_backgroundbanner.jpg\"\n                        alt=\"\"\n                        sizes=\"auto, (min-width: 601px) 50vw, 100vw\" srcset=\"https:\/\/www.greenpeace.org\/static\/planet4-canada-stateless\/2019\/06\/2592bc8f-gndtoolkit_backgroundbanner.jpg 4000w, https:\/\/www.greenpeace.org\/static\/planet4-canada-stateless\/2019\/06\/2592bc8f-gndtoolkit_backgroundbanner-191x300.jpg 191w, https:\/\/www.greenpeace.org\/static\/planet4-canada-stateless\/2019\/06\/2592bc8f-gndtoolkit_backgroundbanner-768x1207.jpg 768w, https:\/\/www.greenpeace.org\/static\/planet4-canada-stateless\/2019\/06\/2592bc8f-gndtoolkit_backgroundbanner-651x1024.jpg 651w, https:\/\/www.greenpeace.org\/static\/planet4-canada-stateless\/2019\/06\/2592bc8f-gndtoolkit_backgroundbanner-869x1366.jpg 869w, https:\/\/www.greenpeace.org\/static\/planet4-canada-stateless\/2019\/06\/2592bc8f-gndtoolkit_backgroundbanner-216x340.jpg 216w\" class=\"wp-image-23488 size-full\"\n                    \/>\n                <\/figure>\n                <\/div>\n                \n                <\/div>\n                \n                <\/div>\n                \n                <p>                <img decoding=\"async\" class=\"aligncenter wp-image-23329 size-full\" src=\"https:\/\/www.greenpeace.org\/static\/planet4-canada-stateless\/2019\/06\/4b76a8c6-scroll.png\" alt=\"\" width=\"200\" srcset=\"https:\/\/www.greenpeace.org\/static\/planet4-canada-stateless\/2019\/06\/4b76a8c6-scroll.png 500w, https:\/\/www.greenpeace.org\/static\/planet4-canada-stateless\/2019\/06\/4b76a8c6-scroll-300x175.png 300w\" sizes=\"(max-width: 500px) 100vw, 500px\" \/><\/p>\n<div data-render=\"planet4-blocks\/columns\" data-attributes=\"{&quot;attributes&quot;:{&quot;columns_block_style&quot;:&quot;no_image&quot;,&quot;columns_title&quot;:&quot;Why take action?&quot;,&quot;columns_description&quot;:&quot;&lt;strong&gt;We don\\u2019t have any time to waste. We are the last generation that can prevent irreparable destruction to our planet and protect our communities.&lt;\\\/strong&gt;rnrnWe are at a crossroads and this is an unprecedented opportunity to build a safe, just and prosperous future for all of us. Eleven years is all we have left to take action to avert climate catastrophe.rnrnUnited under a vision for a better world, people of all ages and backgrounds are stepping up and taking action in any way they can.rnrnIt will take historic leadership and ambition to get there. It will  take a mass movement of people just like you to get us there.rnrnWe\\u2019ve created this &lt;strong&gt;action toolkit&lt;\\\/strong&gt; to equip more people like YOU to make the Green New Deal a reality. This toolkit offers various ways to help - from sharing content, to lobbying our political leaders and bringing people together through creative actions and mobilization  efforts.rnrn&lt;strong&gt;We have the tools. We have the passion.rnLet\\u2019s do this! &lt;\\\/strong&gt;&quot;,&quot;columns&quot;:[]}}\"><\/div><div data-render=\"planet4-blocks\/columns\" data-attributes=\"{&quot;attributes&quot;:{&quot;columns_block_style&quot;:&quot;no_image&quot;,&quot;columns_title&quot;:&quot;How your actions make a difference?&quot;,&quot;columns_description&quot;:&quot;&lt;strong&gt;We know that in a state of emergency, rapid transformations  can occur. We believe that every person matters and that every action counts.&lt;\\\/strong&gt;rnrnWe believe in the power of communities and we trust that when people come together with shared goals, support structures and diverse skill sets \\u2014 positive change will happen.rnrnWith your help, we will reach more people and more organizations to get behind the Green New Deal \\u2014 bringing it to life. With the election just around the corner, we have the power to collectively put our vote where it counts and to call on our future leaders for &lt;strong&gt;climate action now&lt;\\\/strong&gt;.&quot;,&quot;columns&quot;:[]}}\"><\/div><p style=\"text-align: center;\"><img decoding=\"async\" src=\"https:\/\/www.greenpeace.org\/static\/planet4-canada-stateless\/2019\/06\/5d595c52-logo_gndtoolkit_en.png\" alt=\"GND Toolkit logo\" width=\"200\" \/><\/p>\n<p><img decoding=\"async\" class=\"aligncenter wp-image-23329 size-full\" src=\"https:\/\/www.greenpeace.org\/static\/planet4-canada-stateless\/2019\/06\/4b76a8c6-scroll.png\" alt=\"\" width=\"200\" srcset=\"https:\/\/www.greenpeace.org\/static\/planet4-canada-stateless\/2019\/06\/4b76a8c6-scroll.png 500w, https:\/\/www.greenpeace.org\/static\/planet4-canada-stateless\/2019\/06\/4b76a8c6-scroll-300x175.png 300w\" sizes=\"(max-width: 500px) 100vw, 500px\" \/><\/p>\n<div data-render=\"planet4-blocks\/columns\" data-attributes=\"{&quot;attributes&quot;:{&quot;columns_block_style&quot;:&quot;icons&quot;,&quot;columns_title&quot;:&quot;Here are the actions you can do:&quot;,&quot;columns&quot;:[{&quot;title&quot;:&quot;Building the movement&quot;,&quot;description&quot;:&quot;Have those important conversations. Spread awareness to encourage more people to sign on to the Green New Deal.&quot;,&quot;attachment&quot;:&quot;https:\\\/\\\/www.greenpeace.org\\\/static\\\/planet4-canada-stateless\\\/2019\\\/06\\\/3f9865a2-gnd_icon_1-150x150.png&quot;,&quot;cta_link&quot;:&quot;https:\\\/\\\/www.greenpeace.org\\\/canada\\\/en\\\/a-green-new-deal-for-canada-get-people-onboard\\\/&quot;,&quot;link_new_tab&quot;:false,&quot;cta_text&quot;:&quot;Get people onboard&quot;,&quot;attachment_srcset&quot;:&quot;https:\\\/\\\/www.greenpeace.org\\\/static\\\/planet4-canada-stateless\\\/2019\\\/06\\\/3f9865a2-gnd_icon_1-150x150.png 150w, https:\\\/\\\/www.greenpeace.org\\\/static\\\/planet4-canada-stateless\\\/2019\\\/06\\\/3f9865a2-gnd_icon_1.png 253w&quot;},{&quot;title&quot;:&quot;Talk to your MP&quot;,&quot;description&quot;:&quot;Let\\u2019s bring our shared vision for a Green New Deal to political leaders, and challenge them to adopt these visionary policies.&quot;,&quot;attachment&quot;:&quot;https:\\\/\\\/www.greenpeace.org\\\/static\\\/planet4-canada-stateless\\\/2019\\\/06\\\/42caa61d-gnd_icon_2-150x150.png&quot;,&quot;cta_link&quot;:&quot;https:\\\/\\\/www.greenpeace.org\\\/canada\\\/en\\\/talk-to-your-your-member-of-parliament\\\/&quot;,&quot;link_new_tab&quot;:false,&quot;cta_text&quot;:&quot;LEARN HOW&quot;,&quot;attachment_srcset&quot;:&quot;https:\\\/\\\/www.greenpeace.org\\\/static\\\/planet4-canada-stateless\\\/2019\\\/06\\\/42caa61d-gnd_icon_2-150x150.png 150w, https:\\\/\\\/www.greenpeace.org\\\/static\\\/planet4-canada-stateless\\\/2019\\\/06\\\/42caa61d-gnd_icon_2.png 253w&quot;},{&quot;title&quot;:&quot;Write a letter to the editor&quot;,&quot;description&quot;:&quot;Your words are powerful. Share your story and garner more support for a Green New Deal.&quot;,&quot;attachment&quot;:&quot;https:\\\/\\\/www.greenpeace.org\\\/static\\\/planet4-canada-stateless\\\/2019\\\/06\\\/42641237-gnd_icone_3-150x150.png&quot;,&quot;cta_link&quot;:&quot;https:\\\/\\\/act.greenpeace.org\\\/page\\\/44772\\\/data\\\/1?locale=en_US&quot;,&quot;link_new_tab&quot;:false,&quot;cta_text&quot;:&quot;TELL YOUR STORY&quot;,&quot;attachment_srcset&quot;:&quot;https:\\\/\\\/www.greenpeace.org\\\/static\\\/planet4-canada-stateless\\\/2019\\\/06\\\/42641237-gnd_icone_3-150x150.png 150w, https:\\\/\\\/www.greenpeace.org\\\/static\\\/planet4-canada-stateless\\\/2019\\\/06\\\/42641237-gnd_icone_3.png 253w&quot;},{&quot;title&quot;:&quot;Organize a community street mural&quot;,&quot;description&quot;:&quot;Use art as a catalyst for action. Reclaim, co-opt and beautify public space for the common good! Get involved by organizing a public mural in your city or town.&quot;,&quot;attachment&quot;:&quot;https:\\\/\\\/www.greenpeace.org\\\/static\\\/planet4-canada-stateless\\\/2019\\\/06\\\/6779373c-gnd_icon_4-150x150.png&quot;,&quot;cta_link&quot;:&quot;https:\\\/\\\/www.greenpeace.org\\\/canada\\\/en\\\/act\\\/the-pact-for-a-green-new-deal\\\/from-the-ground-up-a-toolkit-for-the-green-new-deal\\\/organize-a-community-street-mural\\\/&quot;,&quot;link_new_tab&quot;:false,&quot;cta_text&quot;:&quot;READ MORE&quot;,&quot;attachment_srcset&quot;:&quot;https:\\\/\\\/www.greenpeace.org\\\/static\\\/planet4-canada-stateless\\\/2019\\\/06\\\/6779373c-gnd_icon_4-150x150.png 150w, https:\\\/\\\/www.greenpeace.org\\\/static\\\/planet4-canada-stateless\\\/2019\\\/06\\\/6779373c-gnd_icon_4.png 253w&quot;}]}}\"><\/div><p><!--[shortcake_columns columns_block_style=\"icons\" title_1=\"Host a t-shirt making party\" description_1=\"Mobilize your local community with a fun activity. We\u2019ll send you a silk screening kit for your event.\" attachment_1=\"23297\" title_2=\"Organize a community mural\" description_2=\"Use art as a catalyst for action! Together we can paint a network of murals across Canada to showcase the diversity of voices that support a Green New Deal. \" attachment_2=\"23295\" title_3=\"Donate\" description_3=\"Fund Greenpeace\u2019s work. We can\u2019t do it without much needed financial resources.\" attachment_3=\"23293\" \/]\n\n--><\/p>\n<div data-render=\"planet4-blocks\/gallery\" data-attributes=\"{&quot;attributes&quot;:{&quot;gallery_block_style&quot;:2,&quot;multiple_image&quot;:&quot;23390,23392,23394&quot;,&quot;gallery_block_focus_points&quot;:&quot;{u002223390u0022:u00220% 0%u0022,u002223392u0022:u0022100% 50%u0022,u002223394u0022:u00220% 0%u0022}&quot;,&quot;gallery_block_title&quot;:&quot;&quot;,&quot;gallery_block_description&quot;:&quot;&quot;,&quot;image_data&quot;:[],&quot;images&quot;:[{&quot;image_src&quot;:&quot;https:\\\/\\\/www.greenpeace.org\\\/static\\\/planet4-canada-stateless\\\/2019\\\/06\\\/51eec2cf-gp0sttbms-768x479.jpg&quot;,&quot;image_srcset&quot;:&quot;https:\\\/\\\/www.greenpeace.org\\\/static\\\/planet4-canada-stateless\\\/2019\\\/06\\\/51eec2cf-gp0sttbms-768x479.jpg 768w, https:\\\/\\\/www.greenpeace.org\\\/static\\\/planet4-canada-stateless\\\/2019\\\/06\\\/51eec2cf-gp0sttbms-300x187.jpg 300w, https:\\\/\\\/www.greenpeace.org\\\/static\\\/planet4-canada-stateless\\\/2019\\\/06\\\/51eec2cf-gp0sttbms-1024x638.jpg 1024w, https:\\\/\\\/www.greenpeace.org\\\/static\\\/planet4-canada-stateless\\\/2019\\\/06\\\/51eec2cf-gp0sttbms-510x318.jpg 510w, https:\\\/\\\/www.greenpeace.org\\\/static\\\/planet4-canada-stateless\\\/2019\\\/06\\\/51eec2cf-gp0sttbms.jpg 1200w&quot;,&quot;image_sizes&quot;:&quot;(max-width: 768px) 100vw, 768px&quot;,&quot;alt_text&quot;:&quot;Fridays for Future - Global Student Strike in Prague. \\u00a9 Petr Zewlakk Vrabec \\\/ Greenpeace&quot;,&quot;caption&quot;:&quot;Students in Prague, Czech Republic went on the street to strike on 15th March 2019, demonstrate and demand politicians to act urgently in order to prevent further global warming and climate change. It is a part of the School strike for climate movement, also known as Fridays for Future.&quot;,&quot;focus_image&quot;:&quot;&quot;,&quot;credits&quot;:&quot;\\u00a9 Petr Zewlakk Vrabec \\\/ Greenpeace&quot;},{&quot;image_src&quot;:&quot;https:\\\/\\\/www.greenpeace.org\\\/static\\\/planet4-canada-stateless\\\/2019\\\/06\\\/3b0ae9a2-gp0sttat1-768x512.jpg&quot;,&quot;image_srcset&quot;:&quot;https:\\\/\\\/www.greenpeace.org\\\/static\\\/planet4-canada-stateless\\\/2019\\\/06\\\/3b0ae9a2-gp0sttat1-768x512.jpg 768w, https:\\\/\\\/www.greenpeace.org\\\/static\\\/planet4-canada-stateless\\\/2019\\\/06\\\/3b0ae9a2-gp0sttat1-300x200.jpg 300w, https:\\\/\\\/www.greenpeace.org\\\/static\\\/planet4-canada-stateless\\\/2019\\\/06\\\/3b0ae9a2-gp0sttat1-1024x683.jpg 1024w, https:\\\/\\\/www.greenpeace.org\\\/static\\\/planet4-canada-stateless\\\/2019\\\/06\\\/3b0ae9a2-gp0sttat1-510x340.jpg 510w, https:\\\/\\\/www.greenpeace.org\\\/static\\\/planet4-canada-stateless\\\/2019\\\/06\\\/3b0ae9a2-gp0sttat1.jpg 1200w&quot;,&quot;image_sizes&quot;:&quot;(max-width: 768px) 100vw, 768px&quot;,&quot;alt_text&quot;:&quot;No Need to Panic Activity at Swedish Parliament in Stockholm. \\u00a9 Jana Eriksson \\\/ Greenpeace&quot;,&quot;caption&quot;:&quot;Inspired by a classic work by Banksy, Greenpeace activists painted \\u201dNO NEED TO PANIC\\u201d halfway below the waterline on the Swedish parliament. The action was carried out before a special Parliamentary debate prompted by a report showing that Sweden is not meeting its climate targets. Greenpeace is demanding that Swedish politicians hear the call from an increasing number of organizations and declare a state of climate emergency.&quot;,&quot;focus_image&quot;:&quot;&quot;,&quot;credits&quot;:&quot;\\u00a9 Jana Eriksson \\\/ Greenpeace&quot;},{&quot;image_src&quot;:&quot;https:\\\/\\\/www.greenpeace.org\\\/static\\\/planet4-canada-stateless\\\/2019\\\/06\\\/0f94575f-gp0stt1da-768x513.jpg&quot;,&quot;image_srcset&quot;:&quot;https:\\\/\\\/www.greenpeace.org\\\/static\\\/planet4-canada-stateless\\\/2019\\\/06\\\/0f94575f-gp0stt1da-768x513.jpg 768w, https:\\\/\\\/www.greenpeace.org\\\/static\\\/planet4-canada-stateless\\\/2019\\\/06\\\/0f94575f-gp0stt1da-300x201.jpg 300w, https:\\\/\\\/www.greenpeace.org\\\/static\\\/planet4-canada-stateless\\\/2019\\\/06\\\/0f94575f-gp0stt1da-1024x684.jpg 1024w, https:\\\/\\\/www.greenpeace.org\\\/static\\\/planet4-canada-stateless\\\/2019\\\/06\\\/0f94575f-gp0stt1da-510x340.jpg 510w, https:\\\/\\\/www.greenpeace.org\\\/static\\\/planet4-canada-stateless\\\/2019\\\/06\\\/0f94575f-gp0stt1da.jpg 1200w&quot;,&quot;image_sizes&quot;:&quot;(max-width: 768px) 100vw, 768px&quot;,&quot;alt_text&quot;:&quot;Greta Thunberg Leads Students on Seventh Climate March in Brussels. \\u00a9 Greenpeace \\\/ Eric De Mildt&quot;,&quot;caption&quot;:&quot;Swedish teenager Greta Thunberg (center) leads a march of thousands of Belgian students who, for the seventh Thursday in a row, march through Brussels in order to draw attention to climate change.&quot;,&quot;focus_image&quot;:&quot;&quot;,&quot;credits&quot;:&quot;\\u00a9 Greenpeace \\\/ Eric De Mildt&quot;}]}}\"><\/div><p><em>Greenpeace is a non-partisan organization that is not affiliated with any political party or candidate, or platform. Greenpeace\u2019s push for a Green New Deal goes beyond the election period, however Greenpeace Canada is taking diligent steps to comply with Elections Canada requirements of reporting.<\/em><\/p>\n","protected":false},"excerpt":{"rendered":"<p>Mobilisons-nous ! Nous avons besoin d&rsquo;un New Deal Vert pour toutes et tous. Et nous avons besoin que tout le monde participe \u00e0 sa construction gr\u00e2ce \u00e0 cette trousse d\u2019action.<\/p>\n","protected":false},"author":9,"featured_media":23491,"parent":23266,"menu_order":0,"comment_status":"closed","ping_status":"closed","template":"","meta":{"ep_exclude_from_search":false,"p4_hide_page_title_checkbox":"on","p4_title":"","p4_subtitle":"","p4_description":"","background_image_id":"","background_image":"","p4_button_title":"","p4_button_link":"","p4_button_link_checkbox":"","p4_og_title":"","p4_og_description":"","p4_og_image":"","p4_og_image_id":"","p4_seo_canonical_url":"","p4_campaign_name":"not set","p4_local_project":"","p4_basket_name":"not set","p4_department":"","footnotes":""},"categories":[20],"tags":[37,41,47,49],"class_list":["post-23647","page","type-page","status-publish","has-post-thumbnail","hentry","category-climat","tag-actionspacifiques","tag-climat","tag-petrole","tag-solutionsenergetiques"],"_links":{"self":[{"href":"https:\/\/www.greenpeace.org\/canada\/fr\/wp-json\/wp\/v2\/pages\/23647","targetHints":{"allow":["GET"]}}],"collection":[{"href":"https:\/\/www.greenpeace.org\/canada\/fr\/wp-json\/wp\/v2\/pages"}],"about":[{"href":"https:\/\/www.greenpeace.org\/canada\/fr\/wp-json\/wp\/v2\/types\/page"}],"author":[{"embeddable":true,"href":"https:\/\/www.greenpeace.org\/canada\/fr\/wp-json\/wp\/v2\/users\/9"}],"replies":[{"embeddable":true,"href":"https:\/\/www.greenpeace.org\/canada\/fr\/wp-json\/wp\/v2\/comments?post=23647"}],"version-history":[{"count":20,"href":"https:\/\/www.greenpeace.org\/canada\/fr\/wp-json\/wp\/v2\/pages\/23647\/revisions"}],"predecessor-version":[{"id":71667,"href":"https:\/\/www.greenpeace.org\/canada\/fr\/wp-json\/wp\/v2\/pages\/23647\/revisions\/71667"}],"up":[{"embeddable":true,"href":"https:\/\/www.greenpeace.org\/canada\/fr\/wp-json\/wp\/v2\/pages\/23266"}],"wp:featuredmedia":[{"embeddable":true,"href":"https:\/\/www.greenpeace.org\/canada\/fr\/wp-json\/wp\/v2\/media\/23491"}],"wp:attachment":[{"href":"https:\/\/www.greenpeace.org\/canada\/fr\/wp-json\/wp\/v2\/media?parent=23647"}],"wp:term":[{"taxonomy":"category","embeddable":true,"href":"https:\/\/www.greenpeace.org\/canada\/fr\/wp-json\/wp\/v2\/categories?post=23647"},{"taxonomy":"post_tag","embeddable":true,"href":"https:\/\/www.greenpeace.org\/canada\/fr\/wp-json\/wp\/v2\/tags?post=23647"}],"curies":[{"name":"wp","href":"https:\/\/api.w.org\/{rel}","templated":true}]}}