{"id":2504,"date":"2018-06-22T17:13:16","date_gmt":"2018-06-22T17:13:16","guid":{"rendered":"https:\/\/www.greenpeace.org\/canada\/?page_id=2504"},"modified":"2025-06-23T05:29:57","modified_gmt":"2025-06-23T09:29:57","slug":"rejoignez-nos-groupes-locaux","status":"publish","type":"page","link":"https:\/\/www.greenpeace.org\/canada\/fr\/agir\/impliquez-vous\/rejoignez-nos-groupes-locaux\/","title":{"rendered":"Rejoignez nos groupes locaux"},"content":{"rendered":"\n                \n                <div class=\"wp-block-group alignfull is-layout-flow wp-block-group-is-layout-flow\">\n                \n                <div class=\"wp-block-group container is-layout-flow wp-block-group-is-layout-flow\">\n                \n                <div class=\"wp-block-media-text alignfull has-media-on-the-right is-stacked-on-mobile is-pattern-p4-page-header is-style-parallax\">\n\n                <div class=\"wp-block-media-text__content\">\n                    <div class=\"wp-block-group is-layout-flow wp-block-group-is-layout-flow\">\n                    \n                        <h1 class=\"wp-block-heading has-white-background-color has-background\">\n                            Rejoignez nos groupes locaux\n                        <\/h1>\n                    <\/div>\n                \n\n                \n                        <p style=\"font-size:1.25rem\">\n                            Pas besoin d\u2019\u00eatre un\u00b7e expert\u00b7e pour passer \u00e0 l\u2019action. Nos groupes locaux sont compos\u00e9s de b\u00e9n\u00e9voles qui s\u2019organisent de fa\u00e7on autonome, assurent la formation sur nos campagnes et travaillent sur des enjeux locaux en soutien \u00e0 nos campagnes nationales ou internationales.\n                        <\/p>\n                    \n\n                \n\n                <\/div>\n                <figure class=\"wp-block-media-text__media\">\n                    <img loading=\"lazy\" decoding=\"async\" width=\"1200\" height=\"800\"\n                        src=\"https:\/\/www.greenpeace.org\/static\/planet4-canada-stateless\/2018\/06\/GP04Q4X.jpg\"\n                        alt=\"\"\n                        sizes=\"auto, (min-width: 601px) 50vw, 100vw\" srcset=\"https:\/\/www.greenpeace.org\/static\/planet4-canada-stateless\/2018\/06\/GP04Q4X.jpg 1200w, https:\/\/www.greenpeace.org\/static\/planet4-canada-stateless\/2018\/06\/GP04Q4X-300x200.jpg 300w, https:\/\/www.greenpeace.org\/static\/planet4-canada-stateless\/2018\/06\/GP04Q4X-768x512.jpg 768w, https:\/\/www.greenpeace.org\/static\/planet4-canada-stateless\/2018\/06\/GP04Q4X-1024x683.jpg 1024w, https:\/\/www.greenpeace.org\/static\/planet4-canada-stateless\/2018\/06\/GP04Q4X-510x340.jpg 510w\" class=\"wp-image-1377 size-full\"\n                    \/>\n                <\/figure>\n                <\/div>\n                \n                <\/div>\n                \n                <\/div>\n                \n                <p>                Rencontres r\u00e9guli\u00e8res, organisation d\u2019\u00e9v\u00e9nements, lancement de campagnes, les groupes locaux portent nos combats en incarnant les valeurs de Greenpeace , la non-violence et l\u2019ind\u00e9pendance politique et financi\u00e8re. Que vous souhaitiez cr\u00e9er un nouveau groupe ou rejoindre un groupe existant, vous recevrez du soutien et des ressources de Greenpeace pour devenir un leader dans votre communaut\u00e9.<\/p>\n<h4>Rejoignez un groupe local<\/h4>\n<p><span style=\"font-weight: 400;\">Vous pouvez contacter un des membres de votre groupe local ou participer \u00e0 sa prochaine rencontre.<\/span><\/p>\n<h5>Qu\u00e9bec et les Maritimes<\/h5>\n<ul>\n<li><a href=\"mailto:montrealgroupelocal@greenpeace.ca\">Montreal<\/a><\/li>\n<li><a href=\"mailto:greenpeaceludem@gmail.com\">University of Montreal<\/a><\/li>\n<li><a href=\"mailto:mcgillgroupelocal@greenpeace.ca\">McGill University<\/a><\/li>\n<li><a href=\"mailto:halifaxlocalgroup@greenpeace.ca\">Halifax<\/a> (en anglais)<\/li>\n<li><a href=\"mailto:sherbrookegroupelocal@greenpeace.ca\">Sherbrooke<\/a><\/li>\n<\/ul>\n<h5><\/h5>\n<p>Pour vous inscrire \u00e0 la liste de diffusion d\u2019un des groupes mentionn\u00e9s ci-dessus, \u00e9crivez \u00e0 <a href=\"mailto:benevole.ca@greenpeace.org\">benevole.ca@greenpeace.org<\/a><\/p>\n<h5>Ontario et les Prairies<\/h5>\n<ul>\n<li><a href=\"mailto:ottawalocalgroup@greenpeace.ca\">Ottawa<\/a> (en anglais)<\/li>\n<li><a href=\"mailto:torontolocalgroup@greenpeace.ca\">Toronto<\/a> (en anglais)<\/li>\n<li><a href=\"mailto:claringtonlocalgroup@greenpeace.ca\">Clarington<\/a> (en anglais)<\/li>\n<li><a href=\"mailto:GTAgreenspeakers@greenpeace.ca\">GTA Greenspeakers<\/a> (en anglais)<\/li>\n<li><a href=\"mailto:winnipeglocalgroup@greenpeace.ca\">Winnipeg<\/a> (en anglais)<\/li>\n<\/ul>\n<h5>Colombie-Britannique et Alberta<\/h5>\n<ul>\n<li><a href=\"mailto:vancouverlocalgroup@greenpeace.ca\">Vancouver<\/a> (en anglais)<\/li>\n<li><a href=\"mailto:vancouvergreenspeakers@greenpeace.ca\"><span style=\"font-weight: 400;\">Vancouver Greenspeakers<\/span><\/a> (en anglais)<\/li>\n<li><a href=\"mailto:victorialocalgroup@greenpeace.ca\">Victoria<\/a> (en anglais)<\/li>\n<\/ul>\n<h3>Il n\u2019y a pas de groupe local dans votre ville? D\u00e9marrez votre propre groupe!<\/h3>\n<p>Cela demande beaucoup de travail et de d\u00e9vouement. Vous \u00eates une personne bien organis\u00e9e et bonne \u00e0 motiver les autres? Vous aimez d\u00e9velopper des projets et organiser des \u00e9v\u00e9nements? Vous vous passionnez pour la cause environnementale et les campagnes de Greenpeace? Alors, vous avez toutes les comp\u00e9tences n\u00e9cessaires pour b\u00e2tir, organiser et diriger un groupe local!<\/p>\n<p>Contactez notre responsable de la mobilisation, pour cr\u00e9er votre propre groupe local : <a href=\"mailto:benevole.ca@greenpeace.org\">benevole.ca@greenpeace.org<\/a><\/p>\n","protected":false},"excerpt":{"rendered":"<p>Rencontres r\u00e9guli\u00e8res, organisation d\u2019\u00e9v\u00e9nements, lancement de campagnes, les groupes locaux portent nos combats en incarnant les valeurs de Greenpeace , la non-violence et l\u2019ind\u00e9pendance politique et financi\u00e8re. Que vous souhaitiez cr\u00e9er un nouveau groupe ou rejoindre un groupe existant, vous recevrez du soutien et des ressources de Greenpeace pour devenir un leader dans votre communaut\u00e9. [&hellip;]<\/p>\n","protected":false},"author":7,"featured_media":1377,"parent":2496,"menu_order":0,"comment_status":"closed","ping_status":"closed","template":"page-templates\/evergreen.php","meta":{"ep_exclude_from_search":false,"p4_hide_page_title_checkbox":"on","p4_title":"","p4_subtitle":"","p4_description":"","background_image_id":"","background_image":"","p4_button_title":"","p4_button_link":"","p4_button_link_checkbox":"","p4_og_title":"","p4_og_description":"","p4_og_image":"","p4_og_image_id":"","p4_seo_canonical_url":"","p4_campaign_name":"not set","p4_local_project":"","p4_basket_name":"not set","p4_department":"","footnotes":""},"categories":[],"tags":[50,50],"class_list":["post-2504","page","type-page","status-publish","has-post-thumbnail","hentry","tag-soutenirgreenpeace"],"_links":{"self":[{"href":"https:\/\/www.greenpeace.org\/canada\/fr\/wp-json\/wp\/v2\/pages\/2504","targetHints":{"allow":["GET"]}}],"collection":[{"href":"https:\/\/www.greenpeace.org\/canada\/fr\/wp-json\/wp\/v2\/pages"}],"about":[{"href":"https:\/\/www.greenpeace.org\/canada\/fr\/wp-json\/wp\/v2\/types\/page"}],"author":[{"embeddable":true,"href":"https:\/\/www.greenpeace.org\/canada\/fr\/wp-json\/wp\/v2\/users\/7"}],"replies":[{"embeddable":true,"href":"https:\/\/www.greenpeace.org\/canada\/fr\/wp-json\/wp\/v2\/comments?post=2504"}],"version-history":[{"count":12,"href":"https:\/\/www.greenpeace.org\/canada\/fr\/wp-json\/wp\/v2\/pages\/2504\/revisions"}],"predecessor-version":[{"id":70302,"href":"https:\/\/www.greenpeace.org\/canada\/fr\/wp-json\/wp\/v2\/pages\/2504\/revisions\/70302"}],"up":[{"embeddable":true,"href":"https:\/\/www.greenpeace.org\/canada\/fr\/wp-json\/wp\/v2\/pages\/2496"}],"wp:featuredmedia":[{"embeddable":true,"href":"https:\/\/www.greenpeace.org\/canada\/fr\/wp-json\/wp\/v2\/media\/1377"}],"wp:attachment":[{"href":"https:\/\/www.greenpeace.org\/canada\/fr\/wp-json\/wp\/v2\/media?parent=2504"}],"wp:term":[{"taxonomy":"category","embeddable":true,"href":"https:\/\/www.greenpeace.org\/canada\/fr\/wp-json\/wp\/v2\/categories?post=2504"},{"taxonomy":"post_tag","embeddable":true,"href":"https:\/\/www.greenpeace.org\/canada\/fr\/wp-json\/wp\/v2\/tags?post=2504"}],"curies":[{"name":"wp","href":"https:\/\/api.w.org\/{rel}","templated":true}]}}