{"id":2560,"date":"2018-06-22T20:23:27","date_gmt":"2018-06-23T00:23:27","guid":{"rendered":"https:\/\/www.greenpeace.org\/canada\/?page_id=2560"},"modified":"2025-06-23T05:29:53","modified_gmt":"2025-06-23T09:29:53","slug":"protegez-lantarctique","status":"publish","type":"page","link":"https:\/\/www.greenpeace.org\/canada\/fr\/protegez-lantarctique\/","title":{"rendered":"Prot\u00e9gez l&rsquo;Antarctique"},"content":{"rendered":"\n                \n                <div class=\"wp-block-group alignfull is-layout-flow wp-block-group-is-layout-flow\">\n                \n                <div class=\"wp-block-group container is-layout-flow wp-block-group-is-layout-flow\">\n                \n                <div class=\"wp-block-media-text alignfull has-media-on-the-right is-stacked-on-mobile is-pattern-p4-page-header is-style-parallax\">\n\n                <div class=\"wp-block-media-text__content\">\n                    <div class=\"wp-block-group is-layout-flow wp-block-group-is-layout-flow\">\n                    \n                        <h1 class=\"wp-block-heading has-white-background-color has-background\">\n                            Un sanctuaire marin dans l\u2019oc\u00e9an Antarctique\n                        <\/h1>\n                    <\/div>\n                \n\n                \n                        <p style=\"font-size:1.25rem\">\n                            En 2018, nous avons l\u2019occasion de cr\u00e9er dans l\u2019oc\u00e9an Antarctique le plus grand sanctuaire marin au monde. Nous pourrions faire de cet oc\u00e9an un refuge de biodiversit\u00e9 et en interdire l\u2019acc\u00e8s aux vaisseaux de p\u00eache industrielle qui pr\u00e9l\u00e8vent actuellement d\u2019\u00e9normes quantit\u00e9s de krill, ce crustac\u00e9 minuscule qui ressemble \u00e0 une crevette et qui se trouve \u00eatre \u00e0 la base de la cha\u00eene alimentaire de l\u2019oc\u00e9an Antarctique. On trouve dans cet oc\u00e9an une profusion de vie animale incroyable : baleines bleues, manchots empereur, phoque&#8230; Cependant, ce refuge de biodiversit\u00e9 est menac\u00e9 par les activit\u00e9s humaines ou ce qui en r\u00e9sulte : pollution, r\u00e9chauffement climatique et p\u00eache industrielle.\n                        <\/p>\n                    \n\n                \n\n                <\/div>\n                <figure class=\"wp-block-media-text__media\">\n                    <img loading=\"lazy\" decoding=\"async\" width=\"1920\" height=\"3018\"\n                        src=\"https:\/\/www.greenpeace.org\/static\/planet4-canada-stateless\/2018\/06\/antarctic_action.jpg\"\n                        alt=\"\"\n                        sizes=\"auto, (min-width: 601px) 50vw, 100vw\" srcset=\"https:\/\/www.greenpeace.org\/static\/planet4-canada-stateless\/2018\/06\/antarctic_action.jpg 1920w, https:\/\/www.greenpeace.org\/static\/planet4-canada-stateless\/2018\/06\/antarctic_action-191x300.jpg 191w, https:\/\/www.greenpeace.org\/static\/planet4-canada-stateless\/2018\/06\/antarctic_action-768x1207.jpg 768w, https:\/\/www.greenpeace.org\/static\/planet4-canada-stateless\/2018\/06\/antarctic_action-651x1024.jpg 651w, https:\/\/www.greenpeace.org\/static\/planet4-canada-stateless\/2018\/06\/antarctic_action-869x1366.jpg 869w, https:\/\/www.greenpeace.org\/static\/planet4-canada-stateless\/2018\/06\/antarctic_action-216x340.jpg 216w\" class=\"wp-image-936 size-full\"\n                    \/>\n                <\/figure>\n                <\/div>\n                \n                <\/div>\n                \n                <\/div>\n                \n                <p>&nbsp;<\/p>\n<div data-render=\"planet4-blocks\/columns\" data-attributes=\"{&quot;attributes&quot;:{&quot;columns_block_style&quot;:&quot;no_image&quot;,&quot;columns&quot;:[{&quot;title&quot;:&quot;Le probl\\u00e8me&quot;,&quot;description&quot;:&quot;Toute la vie en Antarctique, du plus grand animal vivant sur la plan\\u00e8te \\u2013 la baleine bleue \\u2013 au plus petit poisson, d\\u00e9pend d\\u2019un minuscule crustac\\u00e9 semblable \\u00e0 une crevette : le krill. Or, le krill est particuli\\u00e8rement recherch\\u00e9 car il sert \\u00e0 la fabrication d\\u2019huile, de compl\\u00e9ments alimentaires comme les g\\u00e9lules d\\u2019om\\u00e9ga 3, d\\u2019aliments pour les fermes piscicoles ou encore de nourriture pour les animaux domestiques. Il fait donc l\\u2019objet d\\u2019une p\\u00eache intensive qui pourrait nuire gravement \\u00e0 la vie en Antarctique.rn&quot;,&quot;link_new_tab&quot;:false},{&quot;title&quot;:&quot;La solution&quot;,&quot;description&quot;:&quot;Dans les ann\\u00e9es 1980, les industries p\\u00e9troli\\u00e8re et mini\\u00e8re convoitaient les ressources naturelles du continent Antarctique. La mobilisation internationale a permis d\\u2019aboutir \\u00e0 la signature, en 1991, d\\u2019un trait\\u00e9 historique d\\u00e9signant le continent Antarctique comme une \\u00ab r\\u00e9serve consacr\\u00e9e \\u00e0 la paix et \\u00e0 la science \\u00bb. Aujourd\\u2019hui, exigeons la m\\u00eame protection pour l\\u2019oc\\u00e9an Antarctique!rnrnLes sanctuaires marins sont des zones interdites aux activit\\u00e9s industrielles dommageables, comme la p\\u00eache, l\\u2019exploitation mini\\u00e8re et le forage p\\u00e9trolier. Ces zones prot\\u00e9g\\u00e9es permettent le r\\u00e9tablissement des esp\\u00e8ces sauvages et la restauration d\\u2019un \\u00e9quilibre naturel.rn&quot;,&quot;link_new_tab&quot;:false}]}}\"><\/div><div data-render=\"planet4-blocks\/columns\" data-attributes=\"{&quot;attributes&quot;:{&quot;columns_block_style&quot;:&quot;tasks&quot;,&quot;columns_title&quot;:&quot;Ce que vous pouvez faire&quot;,&quot;columns&quot;:[{&quot;title&quot;:&quot;Appuyez les sanctuaires marins&quot;,&quot;description&quot;:&quot;Dites aux dirigeants des pays membres de la Commission pour la conservation de la faune et la flore marines de l&#039;Antarctique (CCAMLR) d\\u2019appuyer la cr\\u00e9ation d\\u2019un sanctuaire marin dans l\\u2019oc\\u00e9an Antarctique.&quot;,&quot;cta_text&quot;:&quot;SIGNEZ LA P\\u00c9TITION&quot;,&quot;cta_link&quot;:&quot;https:\\\/\\\/act.greenpeace.org\\\/page\\\/18457\\\/petition\\\/1&quot;,&quot;link_new_tab&quot;:false},{&quot;title&quot;:&quot;Informez-vous&quot;,&quot;description&quot;:&quot;D\\u00e9couvrez les d\\u00e9tails et les raisons de notre exp\\u00e9dition scientifique dans l\\u2019oc\\u00e9an Antarctique.&quot;,&quot;cta_text&quot;:&quot;En savoir plus&quot;,&quot;cta_link&quot;:&quot;\\\/canada\\\/fr\\\/enjeu\\\/proteger-la-nature\\\/786\\\/expedition-cap-sur-locean-antarctique\\\/&quot;,&quot;link_new_tab&quot;:false},{&quot;title&quot;:&quot;Faites un don \\u00e0 Greenpeace&quot;,&quot;description&quot;:&quot;Faites un don pour appuyer notre travail visant la cr\\u00e9ation d\\u2019un r\\u00e9seau d\\u2019aires marines prot\\u00e9g\\u00e9es partout dans le monde.&quot;,&quot;cta_text&quot;:&quot;FAITES UN DON&quot;,&quot;cta_link&quot;:&quot;https:\\\/\\\/act.gp\\\/2MVSowc&quot;,&quot;link_new_tab&quot;:false}]}}\"><\/div><p>&nbsp;<\/p>\n","protected":false},"excerpt":{"rendered":"<p>En 2018, nous avons l\u2019occasion de cr\u00e9er dans l\u2019oc\u00e9an Antarctique le plus grand sanctuaire marin au monde.<\/p>\n","protected":false},"author":7,"featured_media":6886,"parent":0,"menu_order":5,"comment_status":"closed","ping_status":"closed","template":"","meta":{"ep_exclude_from_search":false,"p4_hide_page_title_checkbox":"on","p4_title":"","p4_subtitle":"","p4_description":"","background_image_id":"","background_image":"","p4_button_title":"","p4_button_link":"","p4_button_link_checkbox":"","p4_og_title":"","p4_og_description":"","p4_og_image":"","p4_og_image_id":"","p4_seo_canonical_url":"","p4_campaign_name":"not set","p4_local_project":"not set","p4_basket_name":"not set","p4_department":"","footnotes":""},"categories":[3],"tags":[31,41,46],"class_list":["post-2560","page","type-page","status-publish","has-post-thumbnail","hentry","category-nature","tag-oceans","tag-climat","tag-oceans-fr"],"_links":{"self":[{"href":"https:\/\/www.greenpeace.org\/canada\/fr\/wp-json\/wp\/v2\/pages\/2560","targetHints":{"allow":["GET"]}}],"collection":[{"href":"https:\/\/www.greenpeace.org\/canada\/fr\/wp-json\/wp\/v2\/pages"}],"about":[{"href":"https:\/\/www.greenpeace.org\/canada\/fr\/wp-json\/wp\/v2\/types\/page"}],"author":[{"embeddable":true,"href":"https:\/\/www.greenpeace.org\/canada\/fr\/wp-json\/wp\/v2\/users\/7"}],"replies":[{"embeddable":true,"href":"https:\/\/www.greenpeace.org\/canada\/fr\/wp-json\/wp\/v2\/comments?post=2560"}],"version-history":[{"count":16,"href":"https:\/\/www.greenpeace.org\/canada\/fr\/wp-json\/wp\/v2\/pages\/2560\/revisions"}],"predecessor-version":[{"id":70300,"href":"https:\/\/www.greenpeace.org\/canada\/fr\/wp-json\/wp\/v2\/pages\/2560\/revisions\/70300"}],"wp:featuredmedia":[{"embeddable":true,"href":"https:\/\/www.greenpeace.org\/canada\/fr\/wp-json\/wp\/v2\/media\/6886"}],"wp:attachment":[{"href":"https:\/\/www.greenpeace.org\/canada\/fr\/wp-json\/wp\/v2\/media?parent=2560"}],"wp:term":[{"taxonomy":"category","embeddable":true,"href":"https:\/\/www.greenpeace.org\/canada\/fr\/wp-json\/wp\/v2\/categories?post=2560"},{"taxonomy":"post_tag","embeddable":true,"href":"https:\/\/www.greenpeace.org\/canada\/fr\/wp-json\/wp\/v2\/tags?post=2560"}],"curies":[{"name":"wp","href":"https:\/\/api.w.org\/{rel}","templated":true}]}}