{"id":2580,"date":"2018-06-14T18:17:40","date_gmt":"2018-06-14T18:17:40","guid":{"rendered":"https:\/\/www.greenpeace.org\/canada\/agir\/say-no-to-the-pipeline-bailout\/"},"modified":"2025-06-23T05:30:23","modified_gmt":"2025-06-23T09:30:23","slug":"dites-non-au-sauvetage-du-pipeline-transmountain","status":"publish","type":"page","link":"https:\/\/www.greenpeace.org\/canada\/fr\/dites-non-au-sauvetage-du-pipeline-transmountain\/","title":{"rendered":"Dites non au sauvetage du pipeline TransMountain"},"content":{"rendered":"\n                \n                <div class=\"wp-block-group alignfull is-layout-flow wp-block-group-is-layout-flow\">\n                \n                <div class=\"wp-block-group container is-layout-flow wp-block-group-is-layout-flow\">\n                \n                <div class=\"wp-block-media-text alignfull has-media-on-the-right is-stacked-on-mobile is-pattern-p4-page-header is-style-parallax\">\n\n                <div class=\"wp-block-media-text__content\">\n                    <div class=\"wp-block-group is-layout-flow wp-block-group-is-layout-flow\">\n                    \n                        <h1 class=\"wp-block-heading has-white-background-color has-background\">\n                            Dites non au plan de sauvetage de Kinder Morgan\n                        <\/h1>\n                    <\/div>\n                \n\n                \n                        <p style=\"font-size:1.25rem\">\n                            Le projet d\u2019expansion du pipeline Trans Mountain d\u00e9signe la construction d\u2019un nouveau pipeline de 1 150 km reliant l\u2019Alberta au littoral de la Colombie-Britannique, en parall\u00e8le d\u2019un pipeline en fonction depuis 60 ans. Le nouvel ol\u00e9oduc permettrait de pratiquement tripler la quantit\u00e9 de p\u00e9trole des sables bitumineux achemin\u00e9e jusqu\u2019\u00e0 la c\u00f4te ouest, et multiplierait par sept le nombre de navires p\u00e9troliers sur la c\u00f4te Pacifique.\r\n\r\nCe projet permettrait une d\u00e9veloppement consid\u00e9rable de l\u2019extraction des sables bitumineux. Des dizaines de communaut\u00e9s autochtones s\u2019opposent au projet en raison de leurs pr\u00e9occupations concernant les risques de d\u00e9versement, les menaces \u00e0 leur \u00e9conomie et les atteintes \u00e0 leur mode de vie et \u00e0 leur culture traditionnelle. L\u2019exportation du p\u00e9trole achemin\u00e9 par ce nouvel ol\u00e9oduc n\u00e9cessiterait la pr\u00e9sence de 400 navires p\u00e9troliers par an dans les eaux c\u00f4ti\u00e8res de la Colombie-Britannique. Un d\u00e9versement de ce p\u00e9trole lourd et hautement toxique dans ces eaux causerait des d\u00e9g\u00e2ts permanents aux localit\u00e9s c\u00f4ti\u00e8res et aux esp\u00e8ces sauvages, y compris les populations d\u2019\u00e9paulards et de saumons. En terme d\u2019impacts \u00e9conomique, 98 000 emplois \u00e0 Vancouver et 320 000 emplois en C.-B. ont des activit\u00e9s li\u00e9es \u00e0 l\u2019oc\u00e9an. Un d\u00e9versement majeur compromettrait 43% pour cent de ces emplois.\n                        <\/p>\n                    \n\n                \n\n                <\/div>\n                <figure class=\"wp-block-media-text__media\">\n                    <img loading=\"lazy\" decoding=\"async\" width=\"1200\" height=\"800\"\n                        src=\"https:\/\/www.greenpeace.org\/static\/planet4-canada-stateless\/2018\/06\/GP0STRUHW.jpg\"\n                        alt=\"\"\n                        sizes=\"auto, (min-width: 601px) 50vw, 100vw\" srcset=\"https:\/\/www.greenpeace.org\/static\/planet4-canada-stateless\/2018\/06\/GP0STRUHW.jpg 1200w, https:\/\/www.greenpeace.org\/static\/planet4-canada-stateless\/2018\/06\/GP0STRUHW-300x200.jpg 300w, https:\/\/www.greenpeace.org\/static\/planet4-canada-stateless\/2018\/06\/GP0STRUHW-768x512.jpg 768w, https:\/\/www.greenpeace.org\/static\/planet4-canada-stateless\/2018\/06\/GP0STRUHW-1024x683.jpg 1024w, https:\/\/www.greenpeace.org\/static\/planet4-canada-stateless\/2018\/06\/GP0STRUHW-510x340.jpg 510w\" class=\"wp-image-1390 size-full\"\n                    \/>\n                <\/figure>\n                <\/div>\n                \n                <\/div>\n                \n                <\/div>\n                \n                <div data-render=\"planet4-blocks\/columns\" data-attributes=\"{&quot;attributes&quot;:{&quot;columns_block_style&quot;:&quot;no_image&quot;,&quot;columns&quot;:[{&quot;title&quot;:&quot;Le probl\\u00e8me&quot;,&quot;description&quot;:&quot;Le premier ministre canadien Justin Trudeau investit des milliards de dollars de fonds publics dans ce projet de pipeline vou\\u00e9 \\u00e0 l\\u2019\\u00e9chec. Il utilise l\\u2019argent public pour appuyer un projet qui bafoue ses propres engagements climatiques et pi\\u00e9tine les droits autochtones en compl\\u00e8te contradiction avec la volont\\u00e9 de r\\u00e9conciliation.&quot;},{&quot;title&quot;:&quot;La solution&quot;,&quot;description&quot;:&quot;Il faut inonder les bo\\u00eetes de courriels de M. Trudeau et des principaux d\\u00e9put\\u00e9s et ministres lib\\u00e9raux pour nous assurer qu\\u2019ils comprennent le message. Envoyez un message maintenant pour demander au gouvernement Trudeau de mettre fin \\u00e0 l\\u2019appui financier envers l\\u2019industrie p\\u00e9troli\\u00e8re et les projets de pipelines.&quot;}]}}\"><\/div><div data-render=\"planet4-blocks\/columns\" data-attributes=\"{&quot;attributes&quot;:{&quot;columns_block_style&quot;:&quot;tasks&quot;,&quot;columns_title&quot;:&quot;Ce que vous pouvez faire&quot;,&quot;columns_description&quot;:&quot;Passez \\u00e0 l\\u2019action avec nous pour mettre fin \\u00e0 ce projet de pipeline.&quot;,&quot;columns&quot;:[{&quot;title&quot;:&quot;Envoyez un courriel au gouvernement f\\u00e9d\\u00e9ral&quot;,&quot;description&quot;:&quot;Envoyez un message maintenant pour mettre fin \\u00e0 l\\u2019appui financier du gouvernement Trudeau \\u00e0 Kinder Morgan.&quot;,&quot;cta_text&quot;:&quot;Envoyez un message&quot;,&quot;cta_link&quot;:&quot;https:\\\/\\\/act.greenpeace.org\\\/page\\\/23494\\\/action\\\/1&quot;},{&quot;title&quot;:&quot;Partagez la p\\u00e9tition&quot;,&quot;description&quot;:&quot;Faites passer le mot \\u00e0 propos de cette situation pressante - partagez la p\\u00e9tition avec vos amis.&quot;,&quot;cta_text&quot;:&quot;Partagez sur Facebook&quot;,&quot;cta_link&quot;:&quot;https:\\\/\\\/www.facebook.com\\\/sharer\\\/sharer.php?u=https:\\\/\\\/act.greenpeace.org\\\/page\\\/23494\\\/action\\\/1?utm_campaign=oilu0026campaign_project=pipelineu0026utm_source=facebook.comu0026utm_medium=referralu0026utm_term=p4shareu0026utm_content=linku0026content_specific=crudeauu0026ea.tracking.id=fr_oil_pipeline_facebook.com_referral_20190102_p4share_link_crudeau&quot;},{&quot;title&quot;:&quot;Appelez le Premier Ministre&quot;,&quot;description&quot;:&quot;Appelez le Premier Ministre Justin Trudeau et demandez lui de ne pas utiliser l&#039;argent de vos imp\\u00f4ts pour financer ce projet de pipeline.&quot;,&quot;cta_text&quot;:&quot;Appelez&quot;,&quot;cta_link&quot;:&quot;https:\\\/\\\/act.greenpeace.org\\\/page\\\/24107\\\/action\\\/1&quot;},{&quot;title&quot;:&quot;Faites un don \\u00e0 Greenpeace&quot;,&quot;description&quot;:&quot;Votre don contribue au succ\\u00e8s de nos activit\\u00e9s visant \\u00e0 prot\\u00e9ger la plan\\u00e8te et \\u00e0 mettre fin aux dangereux pipelines des sables bitumineux.&quot;,&quot;cta_text&quot;:&quot;Faites un don&quot;,&quot;cta_link&quot;:&quot;https:\\\/\\\/act.gp\\\/2N1SC4N&quot;}]}}\"><\/div><p>&nbsp;<\/p>\n","protected":false},"excerpt":{"rendered":"<p>Le premier ministre canadien Justin Trudeau investit des milliards de dollars de fonds publics dans ce projet de pipeline vou\u00e9 \u00e0 l\u2019\u00e9chec. Il utilise l\u2019argent public pour appuyer un projet qui bafoue ses propres engagements climatiques et pi\u00e9tine les droits autochtones en compl\u00e8te contradiction avec la volont\u00e9 de r\u00e9conciliation.<\/p>\n","protected":false},"author":9,"featured_media":1390,"parent":0,"menu_order":3,"comment_status":"closed","ping_status":"closed","template":"","meta":{"ep_exclude_from_search":false,"p4_hide_page_title_checkbox":"on","p4_title":"","p4_subtitle":"","p4_description":"","background_image_id":"","background_image":"","p4_button_title":"","p4_button_link":"","p4_button_link_checkbox":"","p4_og_title":"","p4_og_description":"","p4_og_image":"","p4_og_image_id":"","p4_seo_canonical_url":"","p4_campaign_name":"not set","p4_local_project":"","p4_basket_name":"not set","p4_department":"","footnotes":""},"categories":[20],"tags":[40,41,47],"class_list":["post-2580","page","type-page","status-publish","has-post-thumbnail","hentry","category-climat","tag-autochtones","tag-climat","tag-petrole"],"_links":{"self":[{"href":"https:\/\/www.greenpeace.org\/canada\/fr\/wp-json\/wp\/v2\/pages\/2580","targetHints":{"allow":["GET"]}}],"collection":[{"href":"https:\/\/www.greenpeace.org\/canada\/fr\/wp-json\/wp\/v2\/pages"}],"about":[{"href":"https:\/\/www.greenpeace.org\/canada\/fr\/wp-json\/wp\/v2\/types\/page"}],"author":[{"embeddable":true,"href":"https:\/\/www.greenpeace.org\/canada\/fr\/wp-json\/wp\/v2\/users\/9"}],"replies":[{"embeddable":true,"href":"https:\/\/www.greenpeace.org\/canada\/fr\/wp-json\/wp\/v2\/comments?post=2580"}],"version-history":[{"count":20,"href":"https:\/\/www.greenpeace.org\/canada\/fr\/wp-json\/wp\/v2\/pages\/2580\/revisions"}],"predecessor-version":[{"id":70314,"href":"https:\/\/www.greenpeace.org\/canada\/fr\/wp-json\/wp\/v2\/pages\/2580\/revisions\/70314"}],"wp:featuredmedia":[{"embeddable":true,"href":"https:\/\/www.greenpeace.org\/canada\/fr\/wp-json\/wp\/v2\/media\/1390"}],"wp:attachment":[{"href":"https:\/\/www.greenpeace.org\/canada\/fr\/wp-json\/wp\/v2\/media?parent=2580"}],"wp:term":[{"taxonomy":"category","embeddable":true,"href":"https:\/\/www.greenpeace.org\/canada\/fr\/wp-json\/wp\/v2\/categories?post=2580"},{"taxonomy":"post_tag","embeddable":true,"href":"https:\/\/www.greenpeace.org\/canada\/fr\/wp-json\/wp\/v2\/tags?post=2580"}],"curies":[{"name":"wp","href":"https:\/\/api.w.org\/{rel}","templated":true}]}}