{"id":3884,"date":"2018-08-10T12:12:32","date_gmt":"2018-08-10T16:12:32","guid":{"rendered":"https:\/\/www.greenpeace.org\/canada\/?page_id=3884"},"modified":"2025-06-23T05:29:48","modified_gmt":"2025-06-23T09:29:48","slug":"protegez-les-orques","status":"publish","type":"page","link":"https:\/\/www.greenpeace.org\/canada\/fr\/protegez-les-orques\/","title":{"rendered":"Prot\u00e9gez les orques"},"content":{"rendered":"\n                \n                <div class=\"wp-block-group alignfull is-layout-flow wp-block-group-is-layout-flow\">\n                \n                <div class=\"wp-block-group container is-layout-flow wp-block-group-is-layout-flow\">\n                \n                <div class=\"wp-block-media-text alignfull has-media-on-the-right is-stacked-on-mobile is-pattern-p4-page-header is-style-parallax\">\n\n                <div class=\"wp-block-media-text__content\">\n                    <div class=\"wp-block-group is-layout-flow wp-block-group-is-layout-flow\">\n                    \n                        <h1 class=\"wp-block-heading has-white-background-color has-background\">\n                            Premier Ministre Trudeau: Prot\u00e9gez les orques.\n                        <\/h1>\n                    <\/div>\n                \n\n                \n                        <p style=\"font-size:1.25rem\">\n                            Prot\u00e9ger les esp\u00e8ces menac\u00e9es est une responsabilit\u00e9 f\u00e9d\u00e9rale.\n                        <\/p>\n                    \n\n                \n\n                <\/div>\n                <figure class=\"wp-block-media-text__media\">\n                    <img loading=\"lazy\" decoding=\"async\" width=\"1200\" height=\"960\"\n                        src=\"https:\/\/www.greenpeace.org\/static\/planet4-canada-stateless\/2018\/08\/117a0f09-gp0strzyx.jpg\"\n                        alt=\"\"\n                        sizes=\"auto, (min-width: 601px) 50vw, 100vw\" srcset=\"https:\/\/www.greenpeace.org\/static\/planet4-canada-stateless\/2018\/08\/117a0f09-gp0strzyx.jpg 1200w, https:\/\/www.greenpeace.org\/static\/planet4-canada-stateless\/2018\/08\/117a0f09-gp0strzyx-300x240.jpg 300w, https:\/\/www.greenpeace.org\/static\/planet4-canada-stateless\/2018\/08\/117a0f09-gp0strzyx-768x614.jpg 768w, https:\/\/www.greenpeace.org\/static\/planet4-canada-stateless\/2018\/08\/117a0f09-gp0strzyx-1024x819.jpg 1024w, https:\/\/www.greenpeace.org\/static\/planet4-canada-stateless\/2018\/08\/117a0f09-gp0strzyx-425x340.jpg 425w\" class=\"wp-image-3878 size-full\"\n                    \/>\n                <\/figure>\n                <\/div>\n                \n                <\/div>\n                \n                <\/div>\n                \n                <p>                Signez la p\u00e9tition demandant au Premier Ministre Trudeau d\u2019agir maintenant pour prot\u00e9ger les orques r\u00e9sidentes du sud.<\/p>\n","protected":false},"excerpt":{"rendered":"<p>Signez la p\u00e9tition demandant au Premier Ministre Trudeau d\u2019agir maintenant pour prot\u00e9ger les orques r\u00e9sidentes du sud.<\/p>\n","protected":false},"author":8,"featured_media":3878,"parent":0,"menu_order":6,"comment_status":"closed","ping_status":"closed","template":"","meta":{"ep_exclude_from_search":false,"p4_hide_page_title_checkbox":"on","p4_title":"","p4_subtitle":"","p4_description":"","background_image_id":"","background_image":"","p4_button_title":"","p4_button_link":"","p4_button_link_checkbox":"","p4_og_title":"","p4_og_description":"","p4_og_image":"","p4_og_image_id":"","p4_seo_canonical_url":"","p4_campaign_name":"not set","p4_local_project":"","p4_basket_name":"not set","p4_department":"","footnotes":""},"categories":[20],"tags":[31,47],"class_list":["post-3884","page","type-page","status-publish","has-post-thumbnail","hentry","category-climat","tag-oceans","tag-petrole"],"_links":{"self":[{"href":"https:\/\/www.greenpeace.org\/canada\/fr\/wp-json\/wp\/v2\/pages\/3884","targetHints":{"allow":["GET"]}}],"collection":[{"href":"https:\/\/www.greenpeace.org\/canada\/fr\/wp-json\/wp\/v2\/pages"}],"about":[{"href":"https:\/\/www.greenpeace.org\/canada\/fr\/wp-json\/wp\/v2\/types\/page"}],"author":[{"embeddable":true,"href":"https:\/\/www.greenpeace.org\/canada\/fr\/wp-json\/wp\/v2\/users\/8"}],"replies":[{"embeddable":true,"href":"https:\/\/www.greenpeace.org\/canada\/fr\/wp-json\/wp\/v2\/comments?post=3884"}],"version-history":[{"count":4,"href":"https:\/\/www.greenpeace.org\/canada\/fr\/wp-json\/wp\/v2\/pages\/3884\/revisions"}],"predecessor-version":[{"id":70297,"href":"https:\/\/www.greenpeace.org\/canada\/fr\/wp-json\/wp\/v2\/pages\/3884\/revisions\/70297"}],"wp:featuredmedia":[{"embeddable":true,"href":"https:\/\/www.greenpeace.org\/canada\/fr\/wp-json\/wp\/v2\/media\/3878"}],"wp:attachment":[{"href":"https:\/\/www.greenpeace.org\/canada\/fr\/wp-json\/wp\/v2\/media?parent=3884"}],"wp:term":[{"taxonomy":"category","embeddable":true,"href":"https:\/\/www.greenpeace.org\/canada\/fr\/wp-json\/wp\/v2\/categories?post=3884"},{"taxonomy":"post_tag","embeddable":true,"href":"https:\/\/www.greenpeace.org\/canada\/fr\/wp-json\/wp\/v2\/tags?post=3884"}],"curies":[{"name":"wp","href":"https:\/\/api.w.org\/{rel}","templated":true}]}}