{"id":38984,"date":"2020-06-16T11:24:47","date_gmt":"2020-06-16T15:24:47","guid":{"rendered":"https:\/\/www.greenpeace.org\/canada\/?page_id=38984"},"modified":"2025-06-23T05:28:29","modified_gmt":"2025-06-23T09:28:29","slug":"10-conseils-pour-se-proteger-contre-le-coronavirus-sans-nuire-a-la-planete","status":"publish","type":"page","link":"https:\/\/www.greenpeace.org\/canada\/fr\/agir\/10-conseils-pour-se-proteger-contre-le-coronavirus-sans-nuire-a-la-planete\/","title":{"rendered":"10 conseils pour se prot\u00e9ger contre le coronavirus, sans nuire \u00e0 la plan\u00e8te"},"content":{"rendered":"\n                \n                <div class=\"wp-block-group alignfull is-layout-flow wp-block-group-is-layout-flow\">\n                \n                <div class=\"wp-block-group container is-layout-flow wp-block-group-is-layout-flow\">\n                \n                <div class=\"wp-block-media-text alignfull has-media-on-the-right is-stacked-on-mobile is-pattern-p4-page-header is-style-parallax\">\n\n                <div class=\"wp-block-media-text__content\">\n                    <div class=\"wp-block-group is-layout-flow wp-block-group-is-layout-flow\">\n                    \n                        <h1 class=\"wp-block-heading has-white-background-color has-background\">\n                            10 conseils pour se prot\u00e9ger contre le coronavirus, sans nuire \u00e0 la plan\u00e8te\n                        <\/h1>\n                    <\/div>\n                \n\n                \n                        <p style=\"font-size:1.25rem\">\n                            Greenpeace a rassembl\u00e9 10 conseils utiles qui vous aideront, vous et vos proches, \u00e0 rester en s\u00e9curit\u00e9, en bonne sant\u00e9 et \u00e0 prot\u00e9ger la plan\u00e8te pendant la pand\u00e9mie de COVID-19 et apr\u00e8s.Votre guide GRATUIT contient:<ul><li>Des recettes simples pour fabriquer vos propres d\u00e9sinfectants maison, comme du gel pour les mains et du savon liquide aux propri\u00e9t\u00e9s antivirales.<\/li><li>Des instructions d\u00e9taill\u00e9es pour fabriquer votre propre masque en tissu recycl\u00e9 (sans couture !) avec des mat\u00e9riaux que vous avez d\u00e9j\u00e0 \u00e0 la maison.<\/li><li>Des conseils pour \u00e9viter que le virus se propage dans votre maison, y compris des conseils pour les propri\u00e9taires d&rsquo;animaux de compagnie.<\/li><li>Des recettes de plats que vous pouvez cuisiner \u00e0 la maison, qui sont \u00e0 la fois sains pour vous et pour la plan\u00e8te.<\/li><li>Et m\u00eame des \u00e9tirements pour soulager et d\u00e9tendre vos muscles des effets du stress ou du t\u00e9l\u00e9travail.<\/li><\/ul>Que vous soyez un adepte du z\u00e9ro d\u00e9chet ou que vous d\u00e9butiez votre voyage pour prot\u00e9ger la plan\u00e8te, ce guide contient des conseils utiles pour tout le monde.\n                        <\/p>\n                    \n\n                \n                        <div class=\"wp-block-buttons is-layout-flex wp-block-buttons-is-layout-flex\">\n                            \n                        <\/div>\n                        <div class=\"wp-block-button is-style-cta\">\n                            <a class=\"wp-block-button__link wp-element-button\" href=\"https:\/\/act.greenpeace.org\/page\/61614\/petition\/1?locale=fr-CA\" target=\"\" rel=\"noreferrer noopener\">\n                                Inscrivez-vous pour votre guide gratuit\n                            <\/a>\n                        <\/div>\n                    \n\n                <\/div>\n                <figure class=\"wp-block-media-text__media\">\n                    <img loading=\"lazy\" decoding=\"async\" width=\"1200\" height=\"800\"\n                        src=\"https:\/\/www.greenpeace.org\/static\/planet4-canada-stateless\/2020\/06\/43504e42-gp1stwy0.jpg\"\n                        alt=\"\"\n                        sizes=\"auto, (min-width: 601px) 50vw, 100vw\" srcset=\"https:\/\/www.greenpeace.org\/static\/planet4-canada-stateless\/2020\/06\/43504e42-gp1stwy0.jpg 1200w, https:\/\/www.greenpeace.org\/static\/planet4-canada-stateless\/2020\/06\/43504e42-gp1stwy0-300x200.jpg 300w, https:\/\/www.greenpeace.org\/static\/planet4-canada-stateless\/2020\/06\/43504e42-gp1stwy0-1024x683.jpg 1024w, https:\/\/www.greenpeace.org\/static\/planet4-canada-stateless\/2020\/06\/43504e42-gp1stwy0-768x512.jpg 768w, https:\/\/www.greenpeace.org\/static\/planet4-canada-stateless\/2020\/06\/43504e42-gp1stwy0-510x340.jpg 510w\" class=\"wp-image-38990 size-full\"\n                    \/>\n                <\/figure>\n                <\/div>\n                \n                <\/div>\n                \n                <\/div>\n                \n                ","protected":false},"excerpt":{"rendered":"<p>Covid-19: prot\u00e9gez-vous gr\u00e2ce \u00e0 ce guide \u00e9colo gratuit<\/p>\n","protected":false},"author":72,"featured_media":38985,"parent":2214,"menu_order":1000,"comment_status":"closed","ping_status":"closed","template":"","meta":{"ep_exclude_from_search":false,"p4_hide_page_title_checkbox":"on","p4_title":"","p4_subtitle":"","p4_description":"","background_image_id":"","background_image":"","p4_button_title":"","p4_button_link":"","p4_button_link_checkbox":"","p4_og_title":"10 conseils pour se prot\u00e9ger contre le coronavirus, sans nuire \u00e0 la plan\u00e8te","p4_og_description":"","p4_og_image":"","p4_og_image_id":"","p4_seo_canonical_url":"","p4_campaign_name":"Covid-19 Response","p4_local_project":"not set","p4_basket_name":"not set","p4_department":"","footnotes":""},"categories":[],"tags":[],"class_list":["post-38984","page","type-page","status-publish","has-post-thumbnail","hentry"],"_links":{"self":[{"href":"https:\/\/www.greenpeace.org\/canada\/fr\/wp-json\/wp\/v2\/pages\/38984","targetHints":{"allow":["GET"]}}],"collection":[{"href":"https:\/\/www.greenpeace.org\/canada\/fr\/wp-json\/wp\/v2\/pages"}],"about":[{"href":"https:\/\/www.greenpeace.org\/canada\/fr\/wp-json\/wp\/v2\/types\/page"}],"author":[{"embeddable":true,"href":"https:\/\/www.greenpeace.org\/canada\/fr\/wp-json\/wp\/v2\/users\/72"}],"replies":[{"embeddable":true,"href":"https:\/\/www.greenpeace.org\/canada\/fr\/wp-json\/wp\/v2\/comments?post=38984"}],"version-history":[{"count":3,"href":"https:\/\/www.greenpeace.org\/canada\/fr\/wp-json\/wp\/v2\/pages\/38984\/revisions"}],"predecessor-version":[{"id":70265,"href":"https:\/\/www.greenpeace.org\/canada\/fr\/wp-json\/wp\/v2\/pages\/38984\/revisions\/70265"}],"up":[{"embeddable":true,"href":"https:\/\/www.greenpeace.org\/canada\/fr\/wp-json\/wp\/v2\/pages\/2214"}],"wp:featuredmedia":[{"embeddable":true,"href":"https:\/\/www.greenpeace.org\/canada\/fr\/wp-json\/wp\/v2\/media\/38985"}],"wp:attachment":[{"href":"https:\/\/www.greenpeace.org\/canada\/fr\/wp-json\/wp\/v2\/media?parent=38984"}],"wp:term":[{"taxonomy":"category","embeddable":true,"href":"https:\/\/www.greenpeace.org\/canada\/fr\/wp-json\/wp\/v2\/categories?post=38984"},{"taxonomy":"post_tag","embeddable":true,"href":"https:\/\/www.greenpeace.org\/canada\/fr\/wp-json\/wp\/v2\/tags?post=38984"}],"curies":[{"name":"wp","href":"https:\/\/api.w.org\/{rel}","templated":true}]}}