{"id":4058,"date":"2018-08-20T18:53:24","date_gmt":"2018-08-20T22:53:24","guid":{"rendered":"https:\/\/www.greenpeace.org\/canada\/?page_id=4058"},"modified":"2024-10-17T06:35:32","modified_gmt":"2024-10-17T10:35:32","slug":"dites-aux-entreprises-dabandonner-lhuile-de-palme-sale","status":"publish","type":"page","link":"https:\/\/www.greenpeace.org\/canada\/fr\/dites-aux-entreprises-dabandonner-lhuile-de-palme-sale\/","title":{"rendered":"Dites aux entreprises d\u2019abandonner l\u2019huile de palme destructrice"},"content":{"rendered":"\n\n<div class=\"wp-block-group alignfull is-layout-flow wp-block-group-is-layout-flow\">\n<div class=\"wp-block-group container is-layout-flow wp-block-group-is-layout-flow\">\n<div class=\"wp-block-media-text alignfull has-media-on-the-right is-stacked-on-mobile is-pattern-p4-page-header is-style-parallax\"><div class=\"wp-block-media-text__content\">\n<div class=\"wp-block-group is-layout-flow wp-block-group-is-layout-flow\">\n<h1 class=\"wp-block-heading has-white-background-color has-background\">\n                            Dites aux entreprises d\u2019abandonner l\u2019huile de palme destructrice\n                        <\/h1>\n<\/div>\n\n\n\n<p style=\"font-size:1.12rem\">Des marques comme Kit Kat, Dove et Head &amp; Shoulders se sont engag\u00e9es \u00e0 ne pas utiliser l&rsquo;huile de palme qui d\u00e9truit la for\u00eat tropicale. Mais, elles continuent de s&rsquo;approvisionner aupr\u00e8s de Wilmar, qui d\u00e9truit la for\u00eat et bafoue les droits humains.<\/p>\n\n\n\n<div class=\"wp-block-buttons is-layout-flex wp-block-buttons-is-layout-flex\">\n                            \n\n                        <\/div>\n                        <div class=\"wp-block-button is-style-cta\">\n                            <a class=\"wp-block-button__link wp-element-button\" href=\"https:\/\/act.greenpeace.ca\/fr-ca\/petition-fermee\" target=\"\" rel=\"noreferrer noopener\">\n                                Agir maintenant\n                            <\/a>\n                        <\/div>\n<\/div><figure class=\"wp-block-media-text__media\"><img decoding=\"async\" src=\"https:\/\/www.greenpeace.org\/static\/planet4-canada-stateless\/2018\/09\/a6684377-gp0strvix.jpg\" alt=\"\" sizes=\"(min-width: 601px) 50vw, 100vw\" srcset=\"https:\/\/www.greenpeace.org\/static\/planet4-canada-stateless\/2018\/09\/a6684377-gp0strvix-e1537393700459.jpg 549w, https:\/\/www.greenpeace.org\/static\/planet4-canada-stateless\/2018\/09\/a6684377-gp0strvix-e1537393700459-207x300.jpg 207w, https:\/\/www.greenpeace.org\/static\/planet4-canada-stateless\/2018\/09\/a6684377-gp0strvix-e1537393700459-235x340.jpg 235w\" class=\"wp-image-4755 size-full\"\/><\/figure><\/div>\n<\/div>\n<\/div>\n\n<p>&nbsp;<\/p>\n<div data-render=\"planet4-blocks\/columns\" data-attributes=\"{&quot;attributes&quot;:{&quot;columns&quot;:[{&quot;title&quot;:&quot;Qu\\u2019est-ce que l\\u2019huile de palme destructrice?&quot;,&quot;description&quot;:&quot;L\\u2019huile de palme est une huile v\\u00e9g\\u00e9tale que l\\u2019on trouve dans plus de la moiti\\u00e9 des produits en supermarch\\u00e9, incluant par exemple les barres chocolat\\u00e9es, les biscuits, les savons et shampoings.rnLe probl\\u00e8me vient de la mani\\u00e8re dont sont cultiv\\u00e9s les palmiers \\u00e0 huile, qui produisent l\\u2019huile de palme. D\\u2019immenses zones de for\\u00eat pluviales sont d\\u00e9truites par les bulldozers ou br\\u00fbl\\u00e9es pour faire place aux plantations de ces palmiers. Et quand la for\\u00eat dispara\\u00eet, les communaut\\u00e9s locales se retrouvent sans foyer et des esp\\u00e8ces telles que l\\u2019orang-outan et d&#039;innombrables splendides oiseaux sont menac\\u00e9es. Nous pouvons changer ceci. L\\u2019huile de palme peut \\u00eatre produite sans d\\u00e9truire les for\\u00eats pluviales, et chacune des marques mentionn\\u00e9es ci-dessus s\\u2019est engag\\u00e9e \\u00e0 ne plus s\\u2019approvisionner en huile de palme destructrice d\\u2019ici 2020.&quot;},{&quot;title&quot;:&quot;Si les marques ont d\\u00e9j\\u00e0 fait une promesse, qu\\u2019attendez-vous de plus?&quot;,&quot;description&quot;:&quot;Les marques ainsi que les n\\u00e9gociants en huile de palme sont loin d\\u2019\\u00eatre sur la bonne voie pour atteindre leurs engagements d\\u2019ici 2020. Bien qu\\u2019ils aient promis de ne plus s\\u2019approvisionner aupr\\u00e8s de fournisseurs d\\u00e9truisant la for\\u00eat d\\u2019ici deux ans, ils ont fait bien peu de progr\\u00e8s et ne respecteront pas l\\u2019\\u00e9ch\\u00e9ance. Leur \\u00e9chec signifie que des produits tels que Kit Kat, Dove, Ritz ou encore Colgate contiennent de l\\u2019huile de palme issue de la destruction.rnIl reste encore 500 jours avant 2020, les marques ont donc encore le temps de renverser la vapeur - et c\\u2019est l\\u00e0 que vous entrez en jeu. Les consommateurs et consommatrices, tels que vous et moi, doivent accro\\u00eetre la pression sur ces marques de grande consommation, et leur dire qu\\u2019\\u00eatre impliqu\\u00e9 dans l\\u2019industrie de l\\u2019huile de palme destructrice est inacceptable.&quot;}],&quot;className&quot;:&quot;is-style-no_image&quot;,&quot;columns_block_style&quot;:&quot;no_image&quot;}}\"><\/div>\n        <div class=\"wp-block-group is-layout-flow wp-block-group-is-layout-flow\">\n        \n        \n        <figure class=\"wp-block-embed is-type-1 is-provider-youtube wp-block-embed-youtube wp-embed-aspect-16-9 wp-has-aspect-ratio\"><div class=\"wp-block-embed__wrapper\">\n        <lite-youtube style=\"background-image: url('https:\/\/i.ytimg.com\/vi\/QbguyCf9rUc\/hqdefault.jpg');\" videoid=\"QbguyCf9rUc\" params=\"rel=0\"><\/lite-youtube>\n        <\/div><\/figure><\/div>\n        <div data-render=\"planet4-blocks\/columns\" data-attributes=\"{&quot;attributes&quot;:{&quot;columns_block_style&quot;:&quot;tasks&quot;,&quot;columns_title&quot;:&quot;Ce que vous pouvez faire&quot;,&quot;columns_description&quot;:&quot;De grandes marques ont promis de mettre fin \\u00e0 la d\\u00e9forestation pour l\\u2019huile de palme d\\u2019ici 2020, soit dans moins de 500 jours! Dites \\u00e0 ces marques de tenir leur promesse et d\\u2019abandonner l\\u2019huile de palme sale avant qu\\u2019il ne soit trop tard.&quot;,&quot;columns&quot;:[{&quot;title&quot;:&quot;Augmentez la pression sur les entreprises&quot;,&quot;description&quot;:&quot;Ajoutez votre nom et dites aux multinationales d\\u2019abandonner l\\u2019huile de palme destructrice.&quot;,&quot;cta_text&quot;:&quot;Signez&quot;,&quot;cta_link&quot;:&quot;https:\\\/\\\/act.greenpeace.ca\\\/fr-ca\\\/petition-fermee&quot;,&quot;link_new_tab&quot;:true},{&quot;title&quot;:&quot;Lisez notre rapport&quot;,&quot;description&quot;:&quot;Si les marques intenationales veulent de notre client\\u00e8le, elles doivent la gagner. Si elles font des promesses importantes - prot\\u00e9ger les for\\u00eats pluviales en est une - elles doivent les tenir. Le temps des produits d\\u00e9truisant la for\\u00eat est derri\\u00e8re nous. (Rapport en anglais uniquement)&quot;,&quot;cta_text&quot;:&quot;Lisez le rapport&quot;,&quot;cta_link&quot;:&quot;https:\\\/\\\/www.greenpeace.org\\\/canada\\\/fr\\\/publications\\\/4626\\\/final-countdown-reformer-lindustrie-de-lhuile-de-palme-cest-maintenant-ou-jamais\\\/&quot;},{&quot;title&quot;:&quot;Soutenez la campagne&quot;,&quot;description&quot;:&quot;Les for\\u00eats tropicales sont essentielles pour toute vie sur notre plan\\u00e8te. Elles repr\\u00e9sentent notre plus puissante d\\u00e9fense contre les changements climatiques et offre un abri et de la nourriture \\u00e0 des millions d\\u2019esp\\u00e8ces uniques.&quot;,&quot;cta_text&quot;:&quot;Faites un don&quot;,&quot;cta_link&quot;:&quot;https:\\\/\\\/act.greenpeace.org\\\/page\\\/14720\\\/donate\\\/1?ea.profile.id=18468&quot;}],&quot;className&quot;:&quot;is-style-tasks&quot;}}\"><\/div>","protected":false},"excerpt":{"rendered":"<p>&nbsp;<\/p>\n","protected":false},"author":8,"featured_media":3947,"parent":0,"menu_order":4,"comment_status":"closed","ping_status":"closed","template":"","meta":{"ep_exclude_from_search":false,"p4_hide_page_title_checkbox":"on","p4_title":"","p4_subtitle":"","p4_description":"","background_image_id":"","background_image":"","p4_button_title":"","p4_button_link":"","p4_button_link_checkbox":"","p4_og_title":"","p4_og_description":"","p4_og_image":"","p4_og_image_id":"","p4_seo_canonical_url":"","p4_campaign_name":"not set","p4_local_project":"not set","p4_basket_name":"not set","p4_department":"","footnotes":""},"categories":[19],"tags":[43,83],"class_list":["post-4058","page","type-page","status-publish","has-post-thumbnail","hentry","category-nature-fr","tag-forets","tag-consommation"],"_links":{"self":[{"href":"https:\/\/www.greenpeace.org\/canada\/fr\/wp-json\/wp\/v2\/pages\/4058","targetHints":{"allow":["GET"]}}],"collection":[{"href":"https:\/\/www.greenpeace.org\/canada\/fr\/wp-json\/wp\/v2\/pages"}],"about":[{"href":"https:\/\/www.greenpeace.org\/canada\/fr\/wp-json\/wp\/v2\/types\/page"}],"author":[{"embeddable":true,"href":"https:\/\/www.greenpeace.org\/canada\/fr\/wp-json\/wp\/v2\/users\/8"}],"replies":[{"embeddable":true,"href":"https:\/\/www.greenpeace.org\/canada\/fr\/wp-json\/wp\/v2\/comments?post=4058"}],"version-history":[{"count":20,"href":"https:\/\/www.greenpeace.org\/canada\/fr\/wp-json\/wp\/v2\/pages\/4058\/revisions"}],"predecessor-version":[{"id":67544,"href":"https:\/\/www.greenpeace.org\/canada\/fr\/wp-json\/wp\/v2\/pages\/4058\/revisions\/67544"}],"wp:featuredmedia":[{"embeddable":true,"href":"https:\/\/www.greenpeace.org\/canada\/fr\/wp-json\/wp\/v2\/media\/3947"}],"wp:attachment":[{"href":"https:\/\/www.greenpeace.org\/canada\/fr\/wp-json\/wp\/v2\/media?parent=4058"}],"wp:term":[{"taxonomy":"category","embeddable":true,"href":"https:\/\/www.greenpeace.org\/canada\/fr\/wp-json\/wp\/v2\/categories?post=4058"},{"taxonomy":"post_tag","embeddable":true,"href":"https:\/\/www.greenpeace.org\/canada\/fr\/wp-json\/wp\/v2\/tags?post=4058"}],"curies":[{"name":"wp","href":"https:\/\/api.w.org\/{rel}","templated":true}]}}