{"id":47595,"date":"2021-05-21T13:41:15","date_gmt":"2021-05-21T17:41:15","guid":{"rendered":"https:\/\/www.greenpeace.org\/canada\/?page_id=47595"},"modified":"2025-11-13T13:32:42","modified_gmt":"2025-11-13T18:32:42","slug":"faire-du-benevolat-pour-lenvironnement-et-le-climat-greenpeace-canada","status":"publish","type":"page","link":"https:\/\/www.greenpeace.org\/canada\/fr\/agir\/faire-du-benevolat-pour-lenvironnement-et-le-climat-greenpeace-canada\/","title":{"rendered":"Faire du b\u00e9n\u00e9volat pour l&rsquo;environnement et le climat \u2014 Greenpeace Canada"},"content":{"rendered":"\n\n<div class=\"wp-block-group alignfull is-layout-flow wp-block-group-is-layout-flow\">\n<div class=\"wp-block-group container is-layout-flow wp-block-group-is-layout-flow\">\n<div class=\"wp-block-media-text alignfull has-media-on-the-right is-stacked-on-mobile is-pattern-p4-page-header is-style-parallax\"><div class=\"wp-block-media-text__content\">\n<div class=\"wp-block-group is-layout-flow wp-block-group-is-layout-flow\">\n<h1 class=\"wp-block-heading has-white-background-color has-background\">\n                            Devenez b\u00e9n\u00e9vole avec Greenpeace\n                        <\/h1>\n<\/div>\n\n\n\n<p style=\"font-size:1.12rem\">Les b\u00e9n\u00e9voles de Greenpeace renforcent notre mission dans pr\u00e8s de 200 r\u00e9gions ! Nous agissons pour prot\u00e9ger notre plan\u00e8te. Rejoignez-nous pour des actions, des \u00e9v\u00e9nements, des formations ou organisez vos propres activit\u00e9s. Ensemble, faisons la diff\u00e9rence!<\/p>\n<\/div><figure class=\"wp-block-media-text__media\"><img loading=\"lazy\" decoding=\"async\" width=\"1200\" height=\"802\" src=\"https:\/\/www.greenpeace.org\/static\/planet4-canada-stateless\/2020\/04\/afce2c47-gp0stu0rx.jpg\" alt=\"\" sizes=\"auto, (min-width: 601px) 50vw, 100vw\" srcset=\"https:\/\/www.greenpeace.org\/static\/planet4-canada-stateless\/2020\/04\/afce2c47-gp0stu0rx.jpg 1200w, https:\/\/www.greenpeace.org\/static\/planet4-canada-stateless\/2020\/04\/afce2c47-gp0stu0rx-300x201.jpg 300w, https:\/\/www.greenpeace.org\/static\/planet4-canada-stateless\/2020\/04\/afce2c47-gp0stu0rx-1024x684.jpg 1024w, https:\/\/www.greenpeace.org\/static\/planet4-canada-stateless\/2020\/04\/afce2c47-gp0stu0rx-768x513.jpg 768w, https:\/\/www.greenpeace.org\/static\/planet4-canada-stateless\/2020\/04\/afce2c47-gp0stu0rx-510x340.jpg 510w\" class=\"wp-image-30775 size-full\"\/><\/figure><\/div>\n<\/div>\n<\/div>\n\n<div data-render=\"planet4-blocks\/columns\" data-attributes=\"{&quot;attributes&quot;:{&quot;columns_block_style&quot;:&quot;image&quot;,&quot;columns_title&quot;:&quot;&quot;,&quot;columns&quot;:[{&quot;title&quot;:&quot;Inscrivez-vous \\u00e0 notre liste&quot;,&quot;description&quot;:&quot;Les b\\u00e9n\\u00e9voles sont le c\\u0153ur de Greenpeace! Abonnez-vous \\u00e0 notre liste de diffusion pour savoir quand et comment vous impliquer, peu importe votre lieu de r\\u00e9sidence.&quot;,&quot;attachment&quot;:&quot;https:\\\/\\\/www.greenpeace.org\\\/static\\\/planet4-canada-stateless\\\/f16966e9-gp0stu1nm-510x340.jpg&quot;,&quot;cta_link&quot;:&quot;https:\\\/\\\/www.greenpeace.org\\\/canada\\\/fr\\\/inscrivez-vous-et-passez-a-laction&quot;,&quot;cta_text&quot;:&quot;Inscrivez-vous&quot;,&quot;link_new_tab&quot;:true,&quot;attachment_srcset&quot;:false},{&quot;title&quot;:&quot;Faites acte de pr\\u00e9sence!&quot;,&quot;description&quot;:&quot;Participez \\u00e0 une r\\u00e9union, un \\u00e9v\\u00e9nement ou une s\\u00e9ance de formation pour parfaire vos connaissances! Nous organisons des conf\\u00e9rences, des ateliers, des projections de films, des manifestations et d\\u2019autres actions cr\\u00e9atives.&quot;,&quot;attachment&quot;:&quot;https:\\\/\\\/www.greenpeace.org\\\/static\\\/planet4-canada-stateless\\\/2021\\\/06\\\/c81c516c-gp0stu30m_web_size-510x308.jpg&quot;,&quot;cta_link&quot;:&quot;https:\\\/\\\/www.greenpeace.org\\\/canada\\\/fr\\\/decouvrez-nos-formations-actions-et-evenements-greenpeace-canada&quot;,&quot;cta_text&quot;:&quot;Trouvez un \\u00e9v\\u00e9nement local&quot;,&quot;link_new_tab&quot;:true,&quot;attachment_srcset&quot;:&quot;https:\\\/\\\/www.greenpeace.org\\\/static\\\/planet4-canada-stateless\\\/2021\\\/06\\\/c81c516c-gp0stu30m_web_size-510x308.jpg 510w, https:\\\/\\\/www.greenpeace.org\\\/static\\\/planet4-canada-stateless\\\/2021\\\/06\\\/c81c516c-gp0stu30m_web_size-300x181.jpg 300w, https:\\\/\\\/www.greenpeace.org\\\/static\\\/planet4-canada-stateless\\\/2021\\\/06\\\/c81c516c-gp0stu30m_web_size-768x464.jpg 768w, https:\\\/\\\/www.greenpeace.org\\\/static\\\/planet4-canada-stateless\\\/2021\\\/06\\\/c81c516c-gp0stu30m_web_size.jpg 799w&quot;},{&quot;title&quot;:&quot;Organisez-vous!&quot;,&quot;description&quot;:&quot;Joignez-vous \\u00e0 un groupe local de Greenpeace ou lancez un nouveau groupe! \\u00c9levez la voix et mobilisez votre communaut\\u00e9. Les activistes des groupes locaux misent sur la coop\\u00e9ration pour b\\u00e2tir un monde durable et \\u00e9quitable!&quot;,&quot;attachment&quot;:&quot;https:\\\/\\\/www.greenpeace.org\\\/static\\\/planet4-canada-stateless\\\/bd1dd5d7-gp0studf5-481x340.jpg&quot;,&quot;cta_link&quot;:&quot;https:\\\/\\\/www.greenpeace.org\\\/canada\\\/fr\\\/joignez-vous-a-un-groupe-de-benevoles-de-greenpeace-ou-lancez-le-votre&quot;,&quot;cta_text&quot;:&quot;Trouvez un groupe local&quot;,&quot;link_new_tab&quot;:true,&quot;attachment_srcset&quot;:false}],&quot;className&quot;:&quot;is-style-image&quot;}}\"><\/div><div data-render=\"planet4-blocks\/columns\" data-attributes=\"{&quot;attributes&quot;:{&quot;columns_block_style&quot;:&quot;image&quot;,&quot;columns&quot;:[{&quot;title&quot;:&quot;&quot;,&quot;description&quot;:&quot;&quot;,&quot;attachment&quot;:0,&quot;cta_link&quot;:&quot;https:\\\/\\\/www.greenpeace.org\\\/canada\\\/fr\\\/joignez-vous-a-notre-equipe-de-mobilisation-numerique&quot;,&quot;cta_text&quot;:&quot;&quot;,&quot;link_new_tab&quot;:true},{&quot;title&quot;:&quot;Passez \\u00e0 la vitesse sup\\u00e9rieure!&quot;,&quot;description&quot;:&quot;L\\u2019apprentissage et les remises en question sont une partie int\\u00e9grante du militantisme. Voici des ressources en ligne qui vous aideront \\u00e0 progresser dans vos projets! Vous y trouverez des trucs et astuces en mati\\u00e8re de cr\\u00e9ation, d\\u2019organisation, d\\u2019action directe non violente, et bien plus encore.&quot;,&quot;attachment&quot;:&quot;https:\\\/\\\/www.greenpeace.org\\\/static\\\/planet4-canada-stateless\\\/2021\\\/11\\\/168565d5-gp0stupwg_web_size_with_credit_line-510x340.jpg&quot;,&quot;cta_link&quot;:&quot;https:\\\/\\\/www.greenpeace.org\\\/canada\\\/fr\\\/developpez-vos-talents-de-militante-et-passez-a-la-vitesse-superieure&quot;,&quot;cta_text&quot;:&quot;Obtenez des ressources!&quot;,&quot;link_new_tab&quot;:true,&quot;attachment_srcset&quot;:&quot;https:\\\/\\\/www.greenpeace.org\\\/static\\\/planet4-canada-stateless\\\/2021\\\/11\\\/168565d5-gp0stupwg_web_size_with_credit_line-510x340.jpg 510w, https:\\\/\\\/www.greenpeace.org\\\/static\\\/planet4-canada-stateless\\\/2021\\\/11\\\/168565d5-gp0stupwg_web_size_with_credit_line-300x200.jpg 300w, https:\\\/\\\/www.greenpeace.org\\\/static\\\/planet4-canada-stateless\\\/2021\\\/11\\\/168565d5-gp0stupwg_web_size_with_credit_line-768x512.jpg 768w, https:\\\/\\\/www.greenpeace.org\\\/static\\\/planet4-canada-stateless\\\/2021\\\/11\\\/168565d5-gp0stupwg_web_size_with_credit_line.jpg 800w&quot;}],&quot;className&quot;:&quot;is-style-image&quot;}}\"><\/div>\n<div class=\"wp-block-query posts-list p4-query-loop is-custom-layout-list is-layout-flow wp-block-query-is-layout-flow\">\n<div class=\"wp-block-group is-content-justification-space-between is-layout-flex wp-container-core-group-is-layout-3d213aab wp-block-group-is-layout-flex\">\n<h2 class=\"wp-block-heading\">Articles des b\u00e9n\u00e9voles<\/h2>\n\n\n<li class=\" wp-block-navigation-item see-all-link wp-block-navigation-link\"><a class=\"wp-block-navigation-item__content\"  href=\"http:\/\/www.greenpeace.org\/canada\/en\/news-stories\/?post-type=volunteer-blog\"><span class=\"wp-block-navigation-item__label\">See all stories<\/span><\/a><\/li><\/div>\n\n\n\n<p style=\"margin-top:24px;margin-bottom:36px\"><\/p>\n\n\n\n\n<ul class=\"wp-block-post-template is-layout-flow wp-block-post-template-is-layout-flow\"><li class=\"wp-block-post post-60237 post type-post status-publish format-standard has-post-thumbnail hentry category-benevolat tag-soutenirgreenpeace tag-benevolat tag-climat p4-page-type-blog-des-volontaires p4-page-type-volunteer-blog\">\n\n<div class=\"wp-block-columns is-layout-flex wp-container-core-columns-is-layout-9d6595d7 wp-block-columns-is-layout-flex\"><figure class=\"wp-block-post-featured-image\"><a href=\"https:\/\/www.greenpeace.org\/canada\/fr\/blog-des-volontaires\/60237\/la-marche-a-suivre-pour-rencontrer-votre-depute%c2%b7e\/\" target=\"_self\"  ><img loading=\"lazy\" decoding=\"async\" width=\"1200\" height=\"800\" src=\"https:\/\/www.greenpeace.org\/static\/planet4-canada-stateless\/2023\/08\/e7a12808-gp1sww97.jpg\" class=\"attachment-post-thumbnail size-post-thumbnail wp-post-image wp-stateless-item\" alt=\"La marche \u00e0 suivre pour rencontrer votre d\u00e9put\u00e9\u00b7e\" style=\"object-fit:cover;\" srcset=\"https:\/\/www.greenpeace.org\/static\/planet4-canada-stateless\/2023\/08\/e7a12808-gp1sww97.jpg 1200w, https:\/\/www.greenpeace.org\/static\/planet4-canada-stateless\/2023\/08\/e7a12808-gp1sww97-300x200.jpg 300w, https:\/\/www.greenpeace.org\/static\/planet4-canada-stateless\/2023\/08\/e7a12808-gp1sww97-1024x683.jpg 1024w, https:\/\/www.greenpeace.org\/static\/planet4-canada-stateless\/2023\/08\/e7a12808-gp1sww97-768x512.jpg 768w, https:\/\/www.greenpeace.org\/static\/planet4-canada-stateless\/2023\/08\/e7a12808-gp1sww97-510x340.jpg 510w\" sizes=\"auto, (max-width: 1200px) 100vw, 1200px\" data-image-size=\"post-thumbnail\" data-stateless-media-bucket=\"planet4-canada-stateless\" data-stateless-media-name=\"2023\/08\/e7a12808-gp1sww97.jpg\" \/><\/a><\/figure>\n\n\n<div class=\"wp-block-group is-layout-flow wp-block-group-is-layout-flow\">\n<div class=\"wp-block-group is-layout-flex wp-block-group-is-layout-flex\"><div class=\"wp-block-post-terms\"><a href=\"https:\/\/www.greenpeace.org\/canada\/fr\/category\/benevolat\/\">B\u00e9n\u00e9volat<\/a><\/div>\n\n<div class=\"taxonomy-post_tag wp-block-post-terms\"><a href=\"https:\/\/www.greenpeace.org\/canada\/fr\/tag\/soutenirgreenpeace\/\" rel=\"tag\">Soutenir Greenpeace<\/a><span class=\"wp-block-post-terms__separator\"> <\/span><a href=\"https:\/\/www.greenpeace.org\/canada\/fr\/tag\/benevolat\/\" rel=\"tag\">B\u00e9n\u00e9volat<\/a><span class=\"wp-block-post-terms__separator\"> <\/span><a href=\"https:\/\/www.greenpeace.org\/canada\/fr\/tag\/climat\/\" rel=\"tag\">Climat<\/a><\/div><\/div>\n\n\n<h3 class=\"wp-block-post-title\"><a href=\"https:\/\/www.greenpeace.org\/canada\/fr\/blog-des-volontaires\/60237\/la-marche-a-suivre-pour-rencontrer-votre-depute%c2%b7e\/\" target=\"_self\" >La marche \u00e0 suivre pour rencontrer votre d\u00e9put\u00e9\u00b7e<\/a><\/h3>\n\n<div class=\"wp-block-post-excerpt\"><p class=\"wp-block-post-excerpt__excerpt\">Ce petit guide vous explique les \u00e9tapes \u00e0 suivre pour organiser une rencontre avec votre d\u00e9put\u00e9\u00b7e afin de discuter de la r\u00e9glementation sur le financement des combustibles fossiles par les banques, et faire en sorte que cette discussion soit fructueuse. <\/p><\/div>\n\n\n<div class=\"wp-block-group posts-list-meta is-layout-flow wp-block-group-is-layout-flow\"><span class='article-list-item-author'><a href='https:\/\/www.greenpeace.org\/canada\/fr\/author\/lcouilla\/'>Louis Couillard<\/a><\/span>\n\n<div class=\"wp-block-post-date\"><time datetime=\"2023-08-17T11:32:00-04:00\">17 ao\u00fbt, 2023<\/time><\/div><\/div>\n<\/div>\n<\/div>\n\n<\/li><li class=\"wp-block-post post-52164 post type-post status-publish format-standard has-post-thumbnail hentry category-actions-fr category-benevolat tag-actionspacifiques tag-autochtones tag-consommation tag-navires tag-petrole tag-solutionsenergetiques tag-soutenirgreenpeace tag-climat p4-page-type-blog-des-volontaires\">\n\n<div class=\"wp-block-columns is-layout-flex wp-container-core-columns-is-layout-9d6595d7 wp-block-columns-is-layout-flex\"><figure class=\"wp-block-post-featured-image\"><a href=\"https:\/\/www.greenpeace.org\/canada\/fr\/blog-des-volontaires\/52164\/agissez-avec-nous-parrticipez-nos-actions-daffichages-et-de-poses-dautocollants\/\" target=\"_self\"  ><img loading=\"lazy\" decoding=\"async\" width=\"900\" height=\"600\" src=\"https:\/\/www.greenpeace.org\/static\/planet4-canada-stateless\/2022\/02\/a23d6e01-greenpeace-december-7-action-2_medium_res.jpg\" class=\"attachment-post-thumbnail size-post-thumbnail wp-post-image wp-stateless-item\" alt=\"Agissez avec nous! Participez \u00e0 nos actions d&rsquo;affichages et de pose d&rsquo;autocollants sur les banques fossiles\" style=\"object-fit:cover;\" srcset=\"https:\/\/www.greenpeace.org\/static\/planet4-canada-stateless\/2022\/02\/a23d6e01-greenpeace-december-7-action-2_medium_res.jpg 900w, https:\/\/www.greenpeace.org\/static\/planet4-canada-stateless\/2022\/02\/a23d6e01-greenpeace-december-7-action-2_medium_res-300x200.jpg 300w, https:\/\/www.greenpeace.org\/static\/planet4-canada-stateless\/2022\/02\/a23d6e01-greenpeace-december-7-action-2_medium_res-768x512.jpg 768w, https:\/\/www.greenpeace.org\/static\/planet4-canada-stateless\/2022\/02\/a23d6e01-greenpeace-december-7-action-2_medium_res-510x340.jpg 510w\" sizes=\"auto, (max-width: 900px) 100vw, 900px\" data-image-size=\"post-thumbnail\" data-stateless-media-bucket=\"planet4-canada-stateless\" data-stateless-media-name=\"2022\/02\/a23d6e01-greenpeace-december-7-action-2_medium_res.jpg\" \/><\/a><\/figure>\n\n\n<div class=\"wp-block-group is-layout-flow wp-block-group-is-layout-flow\">\n<div class=\"wp-block-group is-layout-flex wp-block-group-is-layout-flex\"><div class=\"wp-block-post-terms\"><a href=\"https:\/\/www.greenpeace.org\/canada\/fr\/category\/actions-fr\/\">Actions<\/a><\/div>\n\n<div class=\"taxonomy-post_tag wp-block-post-terms\"><a href=\"https:\/\/www.greenpeace.org\/canada\/fr\/tag\/actionspacifiques\/\" rel=\"tag\">ActionsPacifiques<\/a><span class=\"wp-block-post-terms__separator\"> <\/span><a href=\"https:\/\/www.greenpeace.org\/canada\/fr\/tag\/autochtones\/\" rel=\"tag\">Autochtones<\/a><span class=\"wp-block-post-terms__separator\"> <\/span><a href=\"https:\/\/www.greenpeace.org\/canada\/fr\/tag\/consommation\/\" rel=\"tag\">Consommation<\/a><span class=\"wp-block-post-terms__separator\"> <\/span><a href=\"https:\/\/www.greenpeace.org\/canada\/fr\/tag\/navires\/\" rel=\"tag\">Navires<\/a><span class=\"wp-block-post-terms__separator\"> <\/span><a href=\"https:\/\/www.greenpeace.org\/canada\/fr\/tag\/petrole\/\" rel=\"tag\">P\u00e9trole<\/a><span class=\"wp-block-post-terms__separator\"> <\/span><a href=\"https:\/\/www.greenpeace.org\/canada\/fr\/tag\/solutionsenergetiques\/\" rel=\"tag\">Solutions\u00c9nerg\u00e9tiques<\/a><span class=\"wp-block-post-terms__separator\"> <\/span><a href=\"https:\/\/www.greenpeace.org\/canada\/fr\/tag\/soutenirgreenpeace\/\" rel=\"tag\">Soutenir Greenpeace<\/a><span class=\"wp-block-post-terms__separator\"> <\/span><a href=\"https:\/\/www.greenpeace.org\/canada\/fr\/tag\/climat\/\" rel=\"tag\">Climat<\/a><\/div><\/div>\n\n\n<h3 class=\"wp-block-post-title\"><a href=\"https:\/\/www.greenpeace.org\/canada\/fr\/blog-des-volontaires\/52164\/agissez-avec-nous-parrticipez-nos-actions-daffichages-et-de-poses-dautocollants\/\" target=\"_self\" >Agissez avec nous! Participez \u00e0 nos actions d&rsquo;affichages et de pose d&rsquo;autocollants sur les banques fossiles<\/a><\/h3>\n\n<div class=\"wp-block-post-excerpt\"><p class=\"wp-block-post-excerpt__excerpt\">Trouvez une succursale bancaire pr\u00e8s de chez vous et posez des autocollants et des affiches aux alentours pour leur demander de cesser de financer des projets destructeurs de combustibles fossiles! <\/p><\/div>\n\n\n<div class=\"wp-block-group posts-list-meta is-layout-flow wp-block-group-is-layout-flow\"><span class='article-list-item-author'><a href='https:\/\/www.greenpeace.org\/canada\/fr\/author\/lcouilla\/'>Louis Couillard<\/a><\/span>\n\n<div class=\"wp-block-post-date\"><time datetime=\"2022-02-22T17:26:52-05:00\">22 f\u00e9vrier, 2022<\/time><\/div><\/div>\n<\/div>\n<\/div>\n\n<\/li><li class=\"wp-block-post post-49894 post type-post status-publish format-standard has-post-thumbnail hentry category-nature-fr p4-page-type-blog-des-volontaires\">\n\n<div class=\"wp-block-columns is-layout-flex wp-container-core-columns-is-layout-9d6595d7 wp-block-columns-is-layout-flex\"><figure class=\"wp-block-post-featured-image\"><a href=\"https:\/\/www.greenpeace.org\/canada\/fr\/blog-des-volontaires\/49894\/un-peu-plus-de-glyphosate-dans-nos-assiettes-non-merci-lagriculture-ecologique-est-la-voie-a-suivre\/\" target=\"_self\"  ><img loading=\"lazy\" decoding=\"async\" width=\"1200\" height=\"801\" src=\"https:\/\/www.greenpeace.org\/static\/planet4-canada-stateless\/2021\/08\/21d7602b-monsanto.jpg\" class=\"attachment-post-thumbnail size-post-thumbnail wp-post-image wp-stateless-item\" alt=\"Un peu plus de glyphosate dans nos assiettes? Non merci. L\u2019agriculture \u00e9cologique est la voie \u00e0 suivre\" style=\"object-fit:cover;\" data-image-size=\"post-thumbnail\" data-stateless-media-bucket=\"planet4-canada-stateless\" data-stateless-media-name=\"2021\/08\/21d7602b-monsanto.jpg\" \/><\/a><\/figure>\n\n\n<div class=\"wp-block-group is-layout-flow wp-block-group-is-layout-flow\">\n<div class=\"wp-block-group is-layout-flex wp-block-group-is-layout-flex\"><div class=\"wp-block-post-terms\"><a href=\"https:\/\/www.greenpeace.org\/canada\/fr\/category\/notre-travail\/nature-fr\/\">Nature<\/a><\/div>\n\n<\/div>\n\n\n<h3 class=\"wp-block-post-title\"><a href=\"https:\/\/www.greenpeace.org\/canada\/fr\/blog-des-volontaires\/49894\/un-peu-plus-de-glyphosate-dans-nos-assiettes-non-merci-lagriculture-ecologique-est-la-voie-a-suivre\/\" target=\"_self\" >Un peu plus de glyphosate dans nos assiettes? Non merci. L\u2019agriculture \u00e9cologique est la voie \u00e0 suivre<\/a><\/h3>\n\n<div class=\"wp-block-post-excerpt\"><p class=\"wp-block-post-excerpt__excerpt\">Blog par Christina Thompson, membre du groupe local de Greenpeace Ottawa et activiste alimentaire <\/p><\/div>\n\n\n<div class=\"wp-block-group posts-list-meta is-layout-flow wp-block-group-is-layout-flow\"><span class='article-list-item-author'><a href='https:\/\/www.greenpeace.org\/canada\/fr\/author\/smoffatt\/'>Shane Moffatt<\/a><\/span>\n\n<div class=\"wp-block-post-date\"><time datetime=\"2021-09-01T16:30:51-04:00\">1 septembre, 2021<\/time><\/div><\/div>\n<\/div>\n<\/div>\n\n<\/li><\/ul>\n\n\n<div class=\"wp-block-buttons carousel-controls is-horizontal is-content-justification-space-between is-nowrap is-layout-flex wp-container-core-buttons-is-layout-044bd602 wp-block-buttons-is-layout-flex\">\n<div class=\"wp-block-button carousel-control-prev\"><button type=\"button\" class=\"wp-block-button__link wp-element-button\">Prev<\/button><\/div>\n\n\n\n<div class=\"wp-block-button carousel-control-next\"><button type=\"button\" class=\"wp-block-button__link wp-element-button\">Next<\/button><\/div>\n<\/div>\n\n\n<li class=\" wp-block-navigation-item see-all-link wp-block-navigation-link\"><a class=\"wp-block-navigation-item__content\"  href=\"http:\/\/www.greenpeace.org\/canada\/en\/news-stories\/?post-type=volunteer-blog\"><span class=\"wp-block-navigation-item__label\">See all stories<\/span><\/a><\/li><\/div>\n","protected":false},"excerpt":{"rendered":"<p>Devenez b\u00e9n\u00e9vole avec Greenpeace Canada pour sensibiliser le public, d\u00e9noncer les atteintes \u00e0 l\u2019environnement, et mettre fin \u00e0 la destruction de notre plan\u00e8te.<\/p>\n","protected":false},"author":72,"featured_media":47608,"parent":2214,"menu_order":0,"comment_status":"closed","ping_status":"closed","template":"","meta":{"ep_exclude_from_search":false,"p4_hide_page_title_checkbox":"on","p4_title":"","p4_subtitle":"","p4_description":"","background_image_id":"","background_image":"","p4_button_title":"","p4_button_link":"","p4_button_link_checkbox":"","p4_og_title":"Impliquez-vous pour prot\u00e9ger la plan\u00e8te!","p4_og_description":"Tout le monde peut contribuer \u00e0 b\u00e2tir un monde plus juste, \u00e9quitable et durable. Joignez-vous \u00e0 nous!","p4_og_image":"https:\/\/www.greenpeace.org\/static\/planet4-canada-stateless\/2021\/05\/453c91fa-gp0sttfcj_web_size_with_credit_line.jpg","p4_og_image_id":"47608","p4_seo_canonical_url":"","p4_campaign_name":"not set","p4_local_project":"volunteercorner","p4_basket_name":"not set","p4_department":"","footnotes":""},"categories":[131,132],"tags":[37,50],"class_list":["post-47595","page","type-page","status-publish","has-post-thumbnail","hentry","category-actions-fr","category-benevolat","tag-actionspacifiques","tag-soutenirgreenpeace"],"_links":{"self":[{"href":"https:\/\/www.greenpeace.org\/canada\/fr\/wp-json\/wp\/v2\/pages\/47595","targetHints":{"allow":["GET"]}}],"collection":[{"href":"https:\/\/www.greenpeace.org\/canada\/fr\/wp-json\/wp\/v2\/pages"}],"about":[{"href":"https:\/\/www.greenpeace.org\/canada\/fr\/wp-json\/wp\/v2\/types\/page"}],"author":[{"embeddable":true,"href":"https:\/\/www.greenpeace.org\/canada\/fr\/wp-json\/wp\/v2\/users\/72"}],"replies":[{"embeddable":true,"href":"https:\/\/www.greenpeace.org\/canada\/fr\/wp-json\/wp\/v2\/comments?post=47595"}],"version-history":[{"count":20,"href":"https:\/\/www.greenpeace.org\/canada\/fr\/wp-json\/wp\/v2\/pages\/47595\/revisions"}],"predecessor-version":[{"id":72969,"href":"https:\/\/www.greenpeace.org\/canada\/fr\/wp-json\/wp\/v2\/pages\/47595\/revisions\/72969"}],"up":[{"embeddable":true,"href":"https:\/\/www.greenpeace.org\/canada\/fr\/wp-json\/wp\/v2\/pages\/2214"}],"wp:featuredmedia":[{"embeddable":true,"href":"https:\/\/www.greenpeace.org\/canada\/fr\/wp-json\/wp\/v2\/media\/47608"}],"wp:attachment":[{"href":"https:\/\/www.greenpeace.org\/canada\/fr\/wp-json\/wp\/v2\/media?parent=47595"}],"wp:term":[{"taxonomy":"category","embeddable":true,"href":"https:\/\/www.greenpeace.org\/canada\/fr\/wp-json\/wp\/v2\/categories?post=47595"},{"taxonomy":"post_tag","embeddable":true,"href":"https:\/\/www.greenpeace.org\/canada\/fr\/wp-json\/wp\/v2\/tags?post=47595"}],"curies":[{"name":"wp","href":"https:\/\/api.w.org\/{rel}","templated":true}]}}