{"id":47611,"date":"2021-06-08T17:14:24","date_gmt":"2021-06-08T21:14:24","guid":{"rendered":"https:\/\/www.greenpeace.org\/canada\/?page_id=47611"},"modified":"2026-04-17T17:20:27","modified_gmt":"2026-04-17T21:20:27","slug":"inscrivez-vous-et-passez-a-laction","status":"publish","type":"page","link":"https:\/\/www.greenpeace.org\/canada\/fr\/inscrivez-vous-et-passez-a-laction\/","title":{"rendered":"Inscrivez-vous et faites du b\u00e9n\u00e9volat pr\u00e8s de chez vous &#8211; Greenpeace Canada"},"content":{"rendered":"\n\n<div class=\"wp-block-group alignfull is-layout-flow wp-block-group-is-layout-flow\">\n<div class=\"wp-block-group container is-layout-flow wp-block-group-is-layout-flow\">\n<div class=\"wp-block-media-text alignfull has-media-on-the-right is-stacked-on-mobile is-pattern-p4-page-header is-style-parallax\"><div class=\"wp-block-media-text__content\">\n<div class=\"wp-block-group is-layout-flow wp-block-group-is-layout-flow\">\n<h1 class=\"wp-block-heading has-white-background-color has-background\">Inscrivez-vous \u00e0 notre liste de diffusion pour b\u00e9n\u00e9voles! <\/h1>\n<\/div>\n\n\n\n<p style=\"font-size:1.12rem\">Notre climat est en crise et les industries destructrices menacent les for\u00eats, les oc\u00e9ans et la qualit\u00e9 de l&rsquo;air. Ensemble, nous pouvons relever ces d\u00e9fis. De l&rsquo;activisme en ligne aux actions directes non violentes, nous avons besoin de vous!<\/p>\n<\/div><figure class=\"wp-block-media-text__media\"><img loading=\"lazy\" decoding=\"async\" width=\"800\" height=\"459\" src=\"https:\/\/www.greenpeace.org\/static\/planet4-canada-stateless\/2021\/05\/46d87521-gp0stu1no_web_size_with_credit_line.jpg\" alt=\"\" sizes=\"auto, (min-width: 601px) 50vw, 100vw\" srcset=\"https:\/\/www.greenpeace.org\/static\/planet4-canada-stateless\/2021\/05\/46d87521-gp0stu1no_web_size_with_credit_line.jpg 800w, https:\/\/www.greenpeace.org\/static\/planet4-canada-stateless\/2021\/05\/46d87521-gp0stu1no_web_size_with_credit_line-300x172.jpg 300w, https:\/\/www.greenpeace.org\/static\/planet4-canada-stateless\/2021\/05\/46d87521-gp0stu1no_web_size_with_credit_line-768x441.jpg 768w, https:\/\/www.greenpeace.org\/static\/planet4-canada-stateless\/2021\/05\/46d87521-gp0stu1no_web_size_with_credit_line-510x293.jpg 510w\" class=\"wp-image-47614 size-full\"\/><\/figure><\/div>\n<\/div>\n<\/div>\n\n\n<script charset=\"utf-8\" type=\"text\/javascript\" src=\"\/\/js.hsforms.net\/forms\/v2.js\"><\/script>\n<script>\n  hbspt.forms.create({\n    region: \"na1\",\n    portalId: \"20052921\",\n    formId: \"60a09a7c-dff8-4bef-bea0-25e45edfc06e\"\n  });\n<\/script>\n","protected":false},"excerpt":{"rendered":"<p>Inscrivez-vous \u00e0 l&rsquo;infolettre des b\u00e9n\u00e9voles de Greenpeace Canada et participez aux activit\u00e9s de b\u00e9n\u00e9volat pr\u00e8s de chez vous.<\/p>\n","protected":false},"author":72,"featured_media":47612,"parent":0,"menu_order":0,"comment_status":"closed","ping_status":"closed","template":"","meta":{"ep_exclude_from_search":false,"p4_hide_page_title_checkbox":"on","p4_title":"","p4_subtitle":"","p4_description":"","background_image_id":"","background_image":"","p4_button_title":"","p4_button_link":"","p4_button_link_checkbox":"","p4_og_title":"Impliquez-vous pour prot\u00e9ger la plan\u00e8te!","p4_og_description":"Abonnez-vous pour savoir comment b\u00e2tir un monde plus juste, \u00e9quitable et durable.","p4_og_image":"https:\/\/www.greenpeace.org\/static\/planet4-canada-stateless\/2021\/05\/214a51e4-gp0sttxmx_web_size_with_credit_line-1.jpg","p4_og_image_id":"47612","p4_seo_canonical_url":"","p4_campaign_name":"not set","p4_local_project":"volunteercorner","p4_basket_name":"not set","p4_department":"","footnotes":""},"categories":[131,132],"tags":[37,50],"class_list":["post-47611","page","type-page","status-publish","has-post-thumbnail","hentry","category-actions-fr","category-benevolat","tag-actionspacifiques","tag-soutenirgreenpeace"],"_links":{"self":[{"href":"https:\/\/www.greenpeace.org\/canada\/fr\/wp-json\/wp\/v2\/pages\/47611","targetHints":{"allow":["GET"]}}],"collection":[{"href":"https:\/\/www.greenpeace.org\/canada\/fr\/wp-json\/wp\/v2\/pages"}],"about":[{"href":"https:\/\/www.greenpeace.org\/canada\/fr\/wp-json\/wp\/v2\/types\/page"}],"author":[{"embeddable":true,"href":"https:\/\/www.greenpeace.org\/canada\/fr\/wp-json\/wp\/v2\/users\/72"}],"replies":[{"embeddable":true,"href":"https:\/\/www.greenpeace.org\/canada\/fr\/wp-json\/wp\/v2\/comments?post=47611"}],"version-history":[{"count":10,"href":"https:\/\/www.greenpeace.org\/canada\/fr\/wp-json\/wp\/v2\/pages\/47611\/revisions"}],"predecessor-version":[{"id":74838,"href":"https:\/\/www.greenpeace.org\/canada\/fr\/wp-json\/wp\/v2\/pages\/47611\/revisions\/74838"}],"wp:featuredmedia":[{"embeddable":true,"href":"https:\/\/www.greenpeace.org\/canada\/fr\/wp-json\/wp\/v2\/media\/47612"}],"wp:attachment":[{"href":"https:\/\/www.greenpeace.org\/canada\/fr\/wp-json\/wp\/v2\/media?parent=47611"}],"wp:term":[{"taxonomy":"category","embeddable":true,"href":"https:\/\/www.greenpeace.org\/canada\/fr\/wp-json\/wp\/v2\/categories?post=47611"},{"taxonomy":"post_tag","embeddable":true,"href":"https:\/\/www.greenpeace.org\/canada\/fr\/wp-json\/wp\/v2\/tags?post=47611"}],"curies":[{"name":"wp","href":"https:\/\/api.w.org\/{rel}","templated":true}]}}