{"id":47617,"date":"2021-06-08T17:14:02","date_gmt":"2021-06-08T21:14:02","guid":{"rendered":"https:\/\/www.greenpeace.org\/canada\/?page_id=47617"},"modified":"2025-11-27T15:52:49","modified_gmt":"2025-11-27T20:52:49","slug":"decouvrez-nos-formations-actions-et-evenements-greenpeace-canada","status":"publish","type":"page","link":"https:\/\/www.greenpeace.org\/canada\/fr\/decouvrez-nos-formations-actions-et-evenements-greenpeace-canada\/","title":{"rendered":"D\u00e9couvrez nos formations, actions et \u00e9v\u00e9nements &#8211; Greenpeace Canada"},"content":{"rendered":"\n\n<div class=\"wp-block-group alignfull is-layout-flow wp-block-group-is-layout-flow\">\n<div class=\"wp-block-group container is-layout-flow wp-block-group-is-layout-flow\">\n<div class=\"wp-block-media-text alignfull has-media-on-the-right is-stacked-on-mobile is-pattern-p4-page-header is-style-parallax\"><div class=\"wp-block-media-text__content\">\n<div class=\"wp-block-group is-layout-flow wp-block-group-is-layout-flow\">\n<h1 class=\"wp-block-heading has-white-background-color has-background\">\n                            Assistez \u00e0 une r\u00e9union, une s\u00e9ance de formation ou un \u00e9v\u00e9nement!\n                        <\/h1>\n\n\n\n<p style=\"font-size:1.25rem\"><\/p>\n<\/div>\n<\/div><figure class=\"wp-block-media-text__media\"><img loading=\"lazy\" decoding=\"async\" width=\"800\" height=\"533\" src=\"https:\/\/www.greenpeace.org\/static\/planet4-canada-stateless\/2021\/05\/f995d297-gp0stu2zr_web_size_with_credit_line.jpg\" alt=\"\" sizes=\"auto, (min-width: 601px) 50vw, 100vw\" srcset=\"https:\/\/www.greenpeace.org\/static\/planet4-canada-stateless\/2021\/05\/f995d297-gp0stu2zr_web_size_with_credit_line.jpg 800w, https:\/\/www.greenpeace.org\/static\/planet4-canada-stateless\/2021\/05\/f995d297-gp0stu2zr_web_size_with_credit_line-300x200.jpg 300w, https:\/\/www.greenpeace.org\/static\/planet4-canada-stateless\/2021\/05\/f995d297-gp0stu2zr_web_size_with_credit_line-768x512.jpg 768w, https:\/\/www.greenpeace.org\/static\/planet4-canada-stateless\/2021\/05\/f995d297-gp0stu2zr_web_size_with_credit_line-510x340.jpg 510w\" class=\"wp-image-47621 size-full\"\/><\/figure><\/div>\n\n\n\n<p><br>Rencontrez des gens, faites-leur part de vos r\u00eaves, partagez des valeurs communes, et prenez de l\u2019exp\u00e9rience en cours de route! Ces activit\u00e9s de groupe forment la base des mouvements sociaux et du pouvoir citoyen. La r\u00e9volution est faite de gens d\u2019exception et nous avons h\u00e2te de faire votre connaissance! Cette page sera mise \u00e0 jour de temps \u00e0 autre, alors assurez-vous de la consulter r\u00e9guli\u00e8rement pour en savoir plus sur les r\u00e9unions, les s\u00e9ances de formation, les actions et les \u00e9v\u00e9nements sp\u00e9ciaux de Greenpeace ou de ses partenaires.<\/p>\n<\/div>\n<\/div>\n\n\n<div class=\"wp-block-cards-block-list\"><div class=\"cards-list-search is-visible\"><span class=\"data-hidden show-search\">true<\/span><div class=\"cards-list-search-controls\"><span class=\"icon\" role=\"img\" aria-label=\"Search\"><\/span> <input type=\"text\"\/><\/div><ol class=\"cards-list-search-results\"><\/ol><\/div><div class=\"cards-list-map is-hidden\"><span class=\"data-hidden show-map\">false<\/span><span class=\"data-hidden map-api-key\"><\/span><span class=\"data-hidden map-style\">mapbox:\/\/styles\/mapbox\/streets-v11<\/span><div id=\"cards-list-map-element\"><\/div><\/div>\n<div class=\"wp-block-cards-block-category\"><span class=\"data-hidden starts-closed\">false<\/span><h2 class=\"category-title opened\"><a id=\"formations-ateliers-et-webinaires\" href=\"#formations-ateliers-et-webinaires\" title=\"Formations, ateliers et webinaires\">Formations, ateliers et webinaires<\/a><\/h2><div class=\"cards-list-category-contents\">\n<div class=\"wp-block-cards-block-card\"><div class=\"a-card\"><div class=\"card-image\" data-imgsrc=\"lib\"><img decoding=\"async\" src=\"https:\/\/www.greenpeace.org\/static\/planet4-canada-stateless\/2025\/11\/ac4c93e4-screenprintingworkshop_mtl_2025-3.png\" alt=\"<strong&gt;Atelier: S\u00e9rigraphie 101<\/strong&gt;\"\/><\/div><strong class=\"card-title\"><a href=\"https:\/\/www.eventbrite.ca\/e\/atelier-de-serigraphie-101-screenprinting-workshop-101-tickets-1974946361732?aff=oddtdtcreator\" target=\"_blank\" rel=\"noopener noreferrer\"><strong>Atelier: S\u00e9rigraphie 101<\/strong><\/a><\/strong><em class=\"card-event-date\">08 d\u00e9cembre 2025 de 18h \u00e0 20h<\/em><p class=\"card-desc\">Greenpeace Montr\u00e9al organise un atelier de s\u00e9rigraphie ouvert aux b\u00e9n\u00e9voles et \u00e0 celles.ceux qui souhaitent s\u2019impliquer \u00e0 titre de b\u00e9n\u00e9voles. Ne manquez pas cette occasion de perfectionner vos comp\u00e9tences!<\/p><span class=\"card-event-location\"><a href=\"https:\/\/maps.app.goo.gl\/rGmi2ZoDN3LAvtSK6\">\ud83d\udccd Tiers Lieu Montreal<\/a><\/span><\/div><\/div>\n<\/div><\/div>\n\n\n\n<div class=\"wp-block-cards-block-category\"><span class=\"data-hidden starts-closed\">false<\/span><h2 class=\"category-title opened\"><a id=\"rencontres\" href=\"#rencontres\" title=\"Rencontres\">Rencontres<\/a><\/h2><div class=\"cards-list-category-contents\"><\/div><\/div>\n\n\n\n<div class=\"wp-block-cards-block-category\"><span class=\"data-hidden starts-closed\">false<\/span><h2 class=\"category-title opened\"><a id=\"actions-marches-et-evenements\" href=\"#actions-marches-et-evenements\" title=\"Actions, marches et \u00e9v\u00e9nements\">Actions, marches et \u00e9v\u00e9nements<\/a><\/h2><div class=\"cards-list-category-contents\"><\/div><\/div>\n<\/div>\n\n<p><\/p>\n","protected":false},"excerpt":{"rendered":"<p>Tenez-vous au courant des r\u00e9unions locales de Greenpeace Canada ou de nos alli\u00e9s, des formations, des actions et des \u00e9v\u00e9nements sp\u00e9ciaux.<\/p>\n","protected":false},"author":72,"featured_media":47619,"parent":0,"menu_order":0,"comment_status":"closed","ping_status":"closed","template":"","meta":{"ep_exclude_from_search":false,"p4_hide_page_title_checkbox":"on","p4_title":"","p4_subtitle":"","p4_description":"","background_image_id":"","background_image":"","p4_button_title":"","p4_button_link":"","p4_button_link_checkbox":"","p4_og_title":"Impliquez-vous pour prot\u00e9ger la plan\u00e8te!","p4_og_description":"Ne manquez aucune occasion d'apprendre! Soyez au courant de nos prochaines activit\u00e9s, r\u00e9unions et s\u00e9ances de formation.","p4_og_image":"https:\/\/www.greenpeace.org\/static\/planet4-canada-stateless\/2021\/05\/fc54d33f-gp0stussw_web_size_with_credit_line.jpg","p4_og_image_id":"47619","p4_seo_canonical_url":"","p4_campaign_name":"not set","p4_local_project":"volunteercorner","p4_basket_name":"not set","p4_department":"","footnotes":""},"categories":[131,132],"tags":[37,50],"class_list":["post-47617","page","type-page","status-publish","has-post-thumbnail","hentry","category-actions-fr","category-benevolat","tag-actionspacifiques","tag-soutenirgreenpeace"],"_links":{"self":[{"href":"https:\/\/www.greenpeace.org\/canada\/fr\/wp-json\/wp\/v2\/pages\/47617","targetHints":{"allow":["GET"]}}],"collection":[{"href":"https:\/\/www.greenpeace.org\/canada\/fr\/wp-json\/wp\/v2\/pages"}],"about":[{"href":"https:\/\/www.greenpeace.org\/canada\/fr\/wp-json\/wp\/v2\/types\/page"}],"author":[{"embeddable":true,"href":"https:\/\/www.greenpeace.org\/canada\/fr\/wp-json\/wp\/v2\/users\/72"}],"replies":[{"embeddable":true,"href":"https:\/\/www.greenpeace.org\/canada\/fr\/wp-json\/wp\/v2\/comments?post=47617"}],"version-history":[{"count":19,"href":"https:\/\/www.greenpeace.org\/canada\/fr\/wp-json\/wp\/v2\/pages\/47617\/revisions"}],"predecessor-version":[{"id":73084,"href":"https:\/\/www.greenpeace.org\/canada\/fr\/wp-json\/wp\/v2\/pages\/47617\/revisions\/73084"}],"wp:featuredmedia":[{"embeddable":true,"href":"https:\/\/www.greenpeace.org\/canada\/fr\/wp-json\/wp\/v2\/media\/47619"}],"wp:attachment":[{"href":"https:\/\/www.greenpeace.org\/canada\/fr\/wp-json\/wp\/v2\/media?parent=47617"}],"wp:term":[{"taxonomy":"category","embeddable":true,"href":"https:\/\/www.greenpeace.org\/canada\/fr\/wp-json\/wp\/v2\/categories?post=47617"},{"taxonomy":"post_tag","embeddable":true,"href":"https:\/\/www.greenpeace.org\/canada\/fr\/wp-json\/wp\/v2\/tags?post=47617"}],"curies":[{"name":"wp","href":"https:\/\/api.w.org\/{rel}","templated":true}]}}